{"id":989349,"date":"2024-01-27T11:38:13","date_gmt":"2024-01-27T11:38:13","guid":{"rendered":"https:\/\/matildoslituanistinemokykla.co.uk\/?post_type=product&#038;p=989349"},"modified":"2025-03-14T09:59:23","modified_gmt":"2025-03-14T09:59:23","slug":"aviu-vilnos-kojines-vaikams","status":"publish","type":"product","link":"https:\/\/matildoslituanistinemokykla.co.uk\/en\/product\/aviu-vilnos-kojines-vaikams\/","title":{"rendered":"Sheep wool socks (for children)"},"content":{"rendered":"<div class=\"vgblk-rw-wrapper limit-wrapper\">IMPORTANT. Orders consisting of multiple items are PACKED IN ONE BOX, if you need each item to be packed separately - PLEASE NOTE this in the comment section at the time of purchase.<\/p>\n<p>Your order will be ready for dispatch or collection within 2-5 working days. You will receive all the information about the progress of your order by email.<\/p>\n<p>IMPORTANT. The product is handmade, so you won't find two exactly identical pieces (slight differences in size, angle of cut, etc. may occur).<\/p>\n<p>Colours and shades may vary in real life and in photos on your device. This depends on the image settings of the monitor on each device (phone, tablet, computer).<\/p><\/div>\n<p><!-- .vgblk-rw-wrapper --><\/p>","protected":false},"excerpt":{"rendered":"<p>100% Sheep wool socks for children. <\/p>\n<p>The benefits of natural wool probably don't need much telling.  And for tiny newborn feet, it's a must-have. <\/p>\n<p>Our socks are soft, warm, slightly \"biting\" to stimulate circulation in little feet and are knitted in a longer length to prevent slipping and protect little feet.<\/p>\n<p>The products are packaged in a gift box with a ribbon. You don't have to worry about wrapping. <\/p>","protected":false},"featured_media":989362,"comment_status":"open","ping_status":"closed","template":"","meta":[],"product_brand":[],"product_cat":[54,70],"product_tag":[],"class_list":{"0":"post-989349","1":"product","2":"type-product","3":"status-publish","4":"has-post-thumbnail","6":"product_cat-aksesuarai","7":"product_cat-visos-prekes","9":"first","10":"outofstock","11":"shipping-taxable","12":"purchasable","13":"product-type-simple"},"yoast_head":"<!-- This site is optimized with the Yoast SEO plugin v25.8 - https:\/\/yoast.com\/wordpress\/plugins\/seo\/ -->\n<title>Avi\u0173 vilnos kojin\u0117s (vaikams) - Matildoslituanistinemokykla<\/title>\n<meta name=\"robots\" content=\"index, follow, max-snippet:-1, max-image-preview:large, max-video-preview:-1\" \/>\n<link rel=\"canonical\" href=\"https:\/\/matildoslituanistinemokykla.co.uk\/en\/product\/aviu-vilnos-kojines-vaikams\/\" \/>\n<meta property=\"og:locale\" content=\"en_GB\" \/>\n<meta property=\"og:type\" content=\"article\" \/>\n<meta property=\"og:title\" content=\"Avi\u0173 vilnos kojin\u0117s (vaikams) - Matildoslituanistinemokykla\" \/>\n<meta property=\"og:description\" content=\"100% avies vilnos kojin\u0117s vaikams.   Apie nat\u016bralios vilnos privalumus pasakoti turb\u016bt daug nereikia. O ma\u017eoms naujagimi\u0173 p\u0117dut\u0117ms tai b\u016btinas dalykas.   M\u016bs\u0173 kojinyt\u0117s mink\u0161tos, \u0161iltos, truput\u012f &quot;kandan\u010dios&quot;, kad stimuliuot\u0173 ma\u017e\u0173 p\u0117du\u010di\u0173 kraujotak\u0105, mezgamos prailgintos, kad ma\u017eyliams nesmukt\u0173 ir saugot\u0173 j\u0173 kojytes.  Gaminiai supakuoti \u012f dovan\u0173 d\u0117\u017eut\u0119, perri\u0161t\u0105 juostele. Jums nebereik\u0117s r\u016bpintis \u012fpakavimu.\" \/>\n<meta property=\"og:url\" content=\"https:\/\/matildoslituanistinemokykla.co.uk\/en\/product\/aviu-vilnos-kojines-vaikams\/\" \/>\n<meta property=\"og:site_name\" content=\"Matildoslituanistinemokykla\" \/>\n<meta property=\"article:modified_time\" content=\"2025-03-14T09:59:23+00:00\" \/>\n<meta property=\"og:image\" content=\"https:\/\/matildoslituanistinemokykla.co.uk\/wp-content\/uploads\/2024\/01\/Aviu-vilnos-kojines-vaikams2.jpeg\" \/>\n\t<meta property=\"og:image:width\" content=\"480\" \/>\n\t<meta property=\"og:image:height\" content=\"640\" \/>\n\t<meta property=\"og:image:type\" content=\"image\/jpeg\" \/>\n<meta name=\"twitter:card\" content=\"summary_large_image\" \/>\n<meta name=\"twitter:label1\" content=\"Estimated reading time\" \/>\n\t<meta name=\"twitter:data1\" content=\"1 minute\" \/>\n<script type=\"application\/ld+json\" class=\"yoast-schema-graph\">{\"@context\":\"https:\/\/schema.org\",\"@graph\":[{\"@type\":\"WebPage\",\"@id\":\"https:\/\/matildoslituanistinemokykla.co.uk\/product\/aviu-vilnos-kojines-vaikams\/\",\"url\":\"https:\/\/matildoslituanistinemokykla.co.uk\/product\/aviu-vilnos-kojines-vaikams\/\",\"name\":\"Avi\u0173 vilnos kojin\u0117s (vaikams) - Matildoslituanistinemokykla\",\"isPartOf\":{\"@id\":\"https:\/\/matildoslituanistinemokykla.co.uk\/#website\"},\"primaryImageOfPage\":{\"@id\":\"https:\/\/matildoslituanistinemokykla.co.uk\/product\/aviu-vilnos-kojines-vaikams\/#primaryimage\"},\"image\":{\"@id\":\"https:\/\/matildoslituanistinemokykla.co.uk\/product\/aviu-vilnos-kojines-vaikams\/#primaryimage\"},\"thumbnailUrl\":\"https:\/\/matildoslituanistinemokykla.co.uk\/wp-content\/uploads\/2024\/01\/Aviu-vilnos-kojines-vaikams2.jpeg\",\"datePublished\":\"2024-01-27T11:38:13+00:00\",\"dateModified\":\"2025-03-14T09:59:23+00:00\",\"breadcrumb\":{\"@id\":\"https:\/\/matildoslituanistinemokykla.co.uk\/product\/aviu-vilnos-kojines-vaikams\/#breadcrumb\"},\"inLanguage\":\"en-GB\",\"potentialAction\":[{\"@type\":\"ReadAction\",\"target\":[\"https:\/\/matildoslituanistinemokykla.co.uk\/product\/aviu-vilnos-kojines-vaikams\/\"]}]},{\"@type\":\"ImageObject\",\"inLanguage\":\"en-GB\",\"@id\":\"https:\/\/matildoslituanistinemokykla.co.uk\/product\/aviu-vilnos-kojines-vaikams\/#primaryimage\",\"url\":\"https:\/\/matildoslituanistinemokykla.co.uk\/wp-content\/uploads\/2024\/01\/Aviu-vilnos-kojines-vaikams2.jpeg\",\"contentUrl\":\"https:\/\/matildoslituanistinemokykla.co.uk\/wp-content\/uploads\/2024\/01\/Aviu-vilnos-kojines-vaikams2.jpeg\",\"width\":480,\"height\":640},{\"@type\":\"BreadcrumbList\",\"@id\":\"https:\/\/matildoslituanistinemokykla.co.uk\/product\/aviu-vilnos-kojines-vaikams\/#breadcrumb\",\"itemListElement\":[{\"@type\":\"ListItem\",\"position\":1,\"name\":\"Home\",\"item\":\"https:\/\/matildoslituanistinemokykla.co.uk\/\"},{\"@type\":\"ListItem\",\"position\":2,\"name\":\"Parduotuv\u0117\",\"item\":\"https:\/\/matildoslituanistinemokykla.co.uk\/parduotuve\/\"},{\"@type\":\"ListItem\",\"position\":3,\"name\":\"Avi\u0173 vilnos kojin\u0117s (vaikams)\"}]},{\"@type\":\"WebSite\",\"@id\":\"https:\/\/matildoslituanistinemokykla.co.uk\/#website\",\"url\":\"https:\/\/matildoslituanistinemokykla.co.uk\/\",\"name\":\"Matildoslituanistinemokykla\",\"description\":\"\",\"publisher\":{\"@id\":\"https:\/\/matildoslituanistinemokykla.co.uk\/#organization\"},\"potentialAction\":[{\"@type\":\"SearchAction\",\"target\":{\"@type\":\"EntryPoint\",\"urlTemplate\":\"https:\/\/matildoslituanistinemokykla.co.uk\/?s={search_term_string}\"},\"query-input\":{\"@type\":\"PropertyValueSpecification\",\"valueRequired\":true,\"valueName\":\"search_term_string\"}}],\"inLanguage\":\"en-GB\"},{\"@type\":\"Organization\",\"@id\":\"https:\/\/matildoslituanistinemokykla.co.uk\/#organization\",\"name\":\"Matildoslituanistinemokykla\",\"url\":\"https:\/\/matildoslituanistinemokykla.co.uk\/\",\"logo\":{\"@type\":\"ImageObject\",\"inLanguage\":\"en-GB\",\"@id\":\"https:\/\/matildoslituanistinemokykla.co.uk\/#\/schema\/logo\/image\/\",\"url\":\"https:\/\/matildoslituanistinemokykla.co.uk\/wp-content\/uploads\/2023\/08\/Matildos-Lituanistine-mokykla_logo_final.png\",\"contentUrl\":\"https:\/\/matildoslituanistinemokykla.co.uk\/wp-content\/uploads\/2023\/08\/Matildos-Lituanistine-mokykla_logo_final.png\",\"width\":1203,\"height\":947,\"caption\":\"Matildoslituanistinemokykla\"},\"image\":{\"@id\":\"https:\/\/matildoslituanistinemokykla.co.uk\/#\/schema\/logo\/image\/\"}}]}<\/script>\n<!-- \/ Yoast SEO plugin. -->","yoast_head_json":{"title":"Avi\u0173 vilnos kojin\u0117s (vaikams) - Matildoslituanistinemokykla","robots":{"index":"index","follow":"follow","max-snippet":"max-snippet:-1","max-image-preview":"max-image-preview:large","max-video-preview":"max-video-preview:-1"},"canonical":"https:\/\/matildoslituanistinemokykla.co.uk\/en\/product\/aviu-vilnos-kojines-vaikams\/","og_locale":"en_GB","og_type":"article","og_title":"Avi\u0173 vilnos kojin\u0117s (vaikams) - Matildoslituanistinemokykla","og_description":"100% avies vilnos kojin\u0117s vaikams.   Apie nat\u016bralios vilnos privalumus pasakoti turb\u016bt daug nereikia. O ma\u017eoms naujagimi\u0173 p\u0117dut\u0117ms tai b\u016btinas dalykas.   M\u016bs\u0173 kojinyt\u0117s mink\u0161tos, \u0161iltos, truput\u012f \"kandan\u010dios\", kad stimuliuot\u0173 ma\u017e\u0173 p\u0117du\u010di\u0173 kraujotak\u0105, mezgamos prailgintos, kad ma\u017eyliams nesmukt\u0173 ir saugot\u0173 j\u0173 kojytes.  Gaminiai supakuoti \u012f dovan\u0173 d\u0117\u017eut\u0119, perri\u0161t\u0105 juostele. Jums nebereik\u0117s r\u016bpintis \u012fpakavimu.","og_url":"https:\/\/matildoslituanistinemokykla.co.uk\/en\/product\/aviu-vilnos-kojines-vaikams\/","og_site_name":"Matildoslituanistinemokykla","article_modified_time":"2025-03-14T09:59:23+00:00","og_image":[{"width":480,"height":640,"url":"https:\/\/matildoslituanistinemokykla.co.uk\/wp-content\/uploads\/2024\/01\/Aviu-vilnos-kojines-vaikams2.jpeg","type":"image\/jpeg"}],"twitter_card":"summary_large_image","twitter_misc":{"Estimated reading time":"1 minute"},"schema":{"@context":"https:\/\/schema.org","@graph":[{"@type":"WebPage","@id":"https:\/\/matildoslituanistinemokykla.co.uk\/product\/aviu-vilnos-kojines-vaikams\/","url":"https:\/\/matildoslituanistinemokykla.co.uk\/product\/aviu-vilnos-kojines-vaikams\/","name":"Avi\u0173 vilnos kojin\u0117s (vaikams) - Matildoslituanistinemokykla","isPartOf":{"@id":"https:\/\/matildoslituanistinemokykla.co.uk\/#website"},"primaryImageOfPage":{"@id":"https:\/\/matildoslituanistinemokykla.co.uk\/product\/aviu-vilnos-kojines-vaikams\/#primaryimage"},"image":{"@id":"https:\/\/matildoslituanistinemokykla.co.uk\/product\/aviu-vilnos-kojines-vaikams\/#primaryimage"},"thumbnailUrl":"https:\/\/matildoslituanistinemokykla.co.uk\/wp-content\/uploads\/2024\/01\/Aviu-vilnos-kojines-vaikams2.jpeg","datePublished":"2024-01-27T11:38:13+00:00","dateModified":"2025-03-14T09:59:23+00:00","breadcrumb":{"@id":"https:\/\/matildoslituanistinemokykla.co.uk\/product\/aviu-vilnos-kojines-vaikams\/#breadcrumb"},"inLanguage":"en-GB","potentialAction":[{"@type":"ReadAction","target":["https:\/\/matildoslituanistinemokykla.co.uk\/product\/aviu-vilnos-kojines-vaikams\/"]}]},{"@type":"ImageObject","inLanguage":"en-GB","@id":"https:\/\/matildoslituanistinemokykla.co.uk\/product\/aviu-vilnos-kojines-vaikams\/#primaryimage","url":"https:\/\/matildoslituanistinemokykla.co.uk\/wp-content\/uploads\/2024\/01\/Aviu-vilnos-kojines-vaikams2.jpeg","contentUrl":"https:\/\/matildoslituanistinemokykla.co.uk\/wp-content\/uploads\/2024\/01\/Aviu-vilnos-kojines-vaikams2.jpeg","width":480,"height":640},{"@type":"BreadcrumbList","@id":"https:\/\/matildoslituanistinemokykla.co.uk\/product\/aviu-vilnos-kojines-vaikams\/#breadcrumb","itemListElement":[{"@type":"ListItem","position":1,"name":"Home","item":"https:\/\/matildoslituanistinemokykla.co.uk\/"},{"@type":"ListItem","position":2,"name":"Parduotuv\u0117","item":"https:\/\/matildoslituanistinemokykla.co.uk\/parduotuve\/"},{"@type":"ListItem","position":3,"name":"Avi\u0173 vilnos kojin\u0117s (vaikams)"}]},{"@type":"WebSite","@id":"https:\/\/matildoslituanistinemokykla.co.uk\/#website","url":"https:\/\/matildoslituanistinemokykla.co.uk\/","name":"Matildoslituanistinemokykla","description":"","publisher":{"@id":"https:\/\/matildoslituanistinemokykla.co.uk\/#organization"},"potentialAction":[{"@type":"SearchAction","target":{"@type":"EntryPoint","urlTemplate":"https:\/\/matildoslituanistinemokykla.co.uk\/?s={search_term_string}"},"query-input":{"@type":"PropertyValueSpecification","valueRequired":true,"valueName":"search_term_string"}}],"inLanguage":"en-GB"},{"@type":"Organization","@id":"https:\/\/matildoslituanistinemokykla.co.uk\/#organization","name":"Matildoslituanistinemokykla","url":"https:\/\/matildoslituanistinemokykla.co.uk\/","logo":{"@type":"ImageObject","inLanguage":"en-GB","@id":"https:\/\/matildoslituanistinemokykla.co.uk\/#\/schema\/logo\/image\/","url":"https:\/\/matildoslituanistinemokykla.co.uk\/wp-content\/uploads\/2023\/08\/Matildos-Lituanistine-mokykla_logo_final.png","contentUrl":"https:\/\/matildoslituanistinemokykla.co.uk\/wp-content\/uploads\/2023\/08\/Matildos-Lituanistine-mokykla_logo_final.png","width":1203,"height":947,"caption":"Matildoslituanistinemokykla"},"image":{"@id":"https:\/\/matildoslituanistinemokykla.co.uk\/#\/schema\/logo\/image\/"}}]}},"_links":{"self":[{"href":"https:\/\/matildoslituanistinemokykla.co.uk\/en\/wp-json\/wp\/v2\/product\/989349","targetHints":{"allow":["GET"]}}],"collection":[{"href":"https:\/\/matildoslituanistinemokykla.co.uk\/en\/wp-json\/wp\/v2\/product"}],"about":[{"href":"https:\/\/matildoslituanistinemokykla.co.uk\/en\/wp-json\/wp\/v2\/types\/product"}],"replies":[{"embeddable":true,"href":"https:\/\/matildoslituanistinemokykla.co.uk\/en\/wp-json\/wp\/v2\/comments?post=989349"}],"wp:featuredmedia":[{"embeddable":true,"href":"https:\/\/matildoslituanistinemokykla.co.uk\/en\/wp-json\/wp\/v2\/media\/989362"}],"wp:attachment":[{"href":"https:\/\/matildoslituanistinemokykla.co.uk\/en\/wp-json\/wp\/v2\/media?parent=989349"}],"wp:term":[{"taxonomy":"product_brand","embeddable":true,"href":"https:\/\/matildoslituanistinemokykla.co.uk\/en\/wp-json\/wp\/v2\/product_brand?post=989349"},{"taxonomy":"product_cat","embeddable":true,"href":"https:\/\/matildoslituanistinemokykla.co.uk\/en\/wp-json\/wp\/v2\/product_cat?post=989349"},{"taxonomy":"product_tag","embeddable":true,"href":"https:\/\/matildoslituanistinemokykla.co.uk\/en\/wp-json\/wp\/v2\/product_tag?post=989349"}],"curies":[{"name":"wp","href":"https:\/\/api.w.org\/{rel}","templated":true}]}}