{"id":989367,"date":"2024-01-30T21:40:09","date_gmt":"2024-01-30T21:40:09","guid":{"rendered":"https:\/\/matildoslituanistinemokykla.co.uk\/?post_type=product&#038;p=989367"},"modified":"2025-03-14T09:52:49","modified_gmt":"2025-03-14T09:52:49","slug":"margarita-kake-make-zemuogiu-kvapo-sampunas-be-asaru-250-ml","status":"publish","type":"product","link":"https:\/\/matildoslituanistinemokykla.co.uk\/en\/product\/margarita-kake-make-zemuogiu-kvapo-sampunas-be-asaru-250-ml\/","title":{"rendered":"MARGARITA KAKE MAKE Strawberry scented shampoo without tears 250 ml"},"content":{"rendered":"<div class=\"vgblk-rw-wrapper limit-wrapper\">Aqua, Chamomilla Recutita (Matricaria) Flower Extract, Coco Glucoside, Sodium Cocoyl Glutamate, Glycerin, Glyceryl Oleate, Hydrolyzed Wheat Protein, Citric Acid, Sodium Benzoate, Potassium Sorbate, Aloe Barbadensis (Aloe Vera) Extract, Xanthan Gum, Polyquaternium-10, Parfum.<\/div>\n<p><!-- .vgblk-rw-wrapper --><\/p>","protected":false},"excerpt":{"rendered":"<p>What smells so good about strawberries? Now all the little ones love to take care of their hair, because Katya Maki's shampoo protects their eyes and smells like real summer. The baby shampoo with chamomile and wheat proteins is as soft as dandelion fluff. The strawberry-scented shampoo is enriched with chamomile and aloe vera<\/p>","protected":false},"featured_media":989596,"comment_status":"open","ping_status":"closed","template":"","meta":[],"product_brand":[],"product_cat":[67,71,70],"product_tag":[],"class_list":{"0":"post-989367","1":"product","2":"type-product","3":"status-publish","4":"has-post-thumbnail","6":"product_cat-kakes-makes-produkcija","7":"product_cat-kosmetika-ir-higiena","8":"product_cat-visos-prekes","10":"first","11":"instock","12":"shipping-taxable","13":"purchasable","14":"product-type-simple"},"yoast_head":"<!-- This site is optimized with the Yoast SEO plugin v25.8 - https:\/\/yoast.com\/wordpress\/plugins\/seo\/ -->\n<title>MARGARITA KAK\u0116 MAK\u0116 \u017demuogi\u0173 kvapo \u0161amp\u016bnas be a\u0161ar\u0173 250 ml - Matildoslituanistinemokykla<\/title>\n<meta name=\"robots\" content=\"index, follow, max-snippet:-1, max-image-preview:large, max-video-preview:-1\" \/>\n<link rel=\"canonical\" href=\"https:\/\/matildoslituanistinemokykla.co.uk\/en\/product\/margarita-kake-make-zemuogiu-kvapo-sampunas-be-asaru-250-ml\/\" \/>\n<meta property=\"og:locale\" content=\"en_GB\" \/>\n<meta property=\"og:type\" content=\"article\" \/>\n<meta property=\"og:title\" content=\"MARGARITA KAK\u0116 MAK\u0116 \u017demuogi\u0173 kvapo \u0161amp\u016bnas be a\u0161ar\u0173 250 ml - Matildoslituanistinemokykla\" \/>\n<meta property=\"og:description\" content=\"Kas \u010dia taip skaniai kvepia \u017eemuog\u0117mis? Dabar visiems ma\u017eyliams patinka pri\u017ei\u016br\u0117ti plaukus, nes Kak\u0117s Mak\u0117s \u0161amp\u016bnas saugo j\u0173 akytes ir kvepia tikra vasara. Vaiki\u0161kas \u0161amp\u016bnas su ramun\u0117li\u0173 ir kvie\u010di\u0173 proteinais yra \u0161velnus tarsi pien\u0117s p\u016bkas. \u017demuog\u0117mis kvepian\u010dio \u0161amp\u016bno sud\u0117tis papildyta ramun\u0117li\u0173 ir alavij\u0173\" \/>\n<meta property=\"og:url\" content=\"https:\/\/matildoslituanistinemokykla.co.uk\/en\/product\/margarita-kake-make-zemuogiu-kvapo-sampunas-be-asaru-250-ml\/\" \/>\n<meta property=\"og:site_name\" content=\"Matildoslituanistinemokykla\" \/>\n<meta property=\"article:modified_time\" content=\"2025-03-14T09:52:49+00:00\" \/>\n<meta property=\"og:image\" content=\"https:\/\/matildoslituanistinemokykla.co.uk\/wp-content\/uploads\/2024\/01\/1.19.jpg\" \/>\n\t<meta property=\"og:image:width\" content=\"900\" \/>\n\t<meta property=\"og:image:height\" content=\"1881\" \/>\n\t<meta property=\"og:image:type\" content=\"image\/jpeg\" \/>\n<meta name=\"twitter:card\" content=\"summary_large_image\" \/>\n<meta name=\"twitter:label1\" content=\"Estimated reading time\" \/>\n\t<meta name=\"twitter:data1\" content=\"1 minute\" \/>\n<script type=\"application\/ld+json\" class=\"yoast-schema-graph\">{\"@context\":\"https:\/\/schema.org\",\"@graph\":[{\"@type\":\"WebPage\",\"@id\":\"https:\/\/matildoslituanistinemokykla.co.uk\/product\/margarita-kake-make-zemuogiu-kvapo-sampunas-be-asaru-250-ml\/\",\"url\":\"https:\/\/matildoslituanistinemokykla.co.uk\/product\/margarita-kake-make-zemuogiu-kvapo-sampunas-be-asaru-250-ml\/\",\"name\":\"MARGARITA KAK\u0116 MAK\u0116 \u017demuogi\u0173 kvapo \u0161amp\u016bnas be a\u0161ar\u0173 250 ml - Matildoslituanistinemokykla\",\"isPartOf\":{\"@id\":\"https:\/\/matildoslituanistinemokykla.co.uk\/#website\"},\"primaryImageOfPage\":{\"@id\":\"https:\/\/matildoslituanistinemokykla.co.uk\/product\/margarita-kake-make-zemuogiu-kvapo-sampunas-be-asaru-250-ml\/#primaryimage\"},\"image\":{\"@id\":\"https:\/\/matildoslituanistinemokykla.co.uk\/product\/margarita-kake-make-zemuogiu-kvapo-sampunas-be-asaru-250-ml\/#primaryimage\"},\"thumbnailUrl\":\"https:\/\/matildoslituanistinemokykla.co.uk\/wp-content\/uploads\/2024\/01\/1.19.jpg\",\"datePublished\":\"2024-01-30T21:40:09+00:00\",\"dateModified\":\"2025-03-14T09:52:49+00:00\",\"breadcrumb\":{\"@id\":\"https:\/\/matildoslituanistinemokykla.co.uk\/product\/margarita-kake-make-zemuogiu-kvapo-sampunas-be-asaru-250-ml\/#breadcrumb\"},\"inLanguage\":\"en-GB\",\"potentialAction\":[{\"@type\":\"ReadAction\",\"target\":[\"https:\/\/matildoslituanistinemokykla.co.uk\/product\/margarita-kake-make-zemuogiu-kvapo-sampunas-be-asaru-250-ml\/\"]}]},{\"@type\":\"ImageObject\",\"inLanguage\":\"en-GB\",\"@id\":\"https:\/\/matildoslituanistinemokykla.co.uk\/product\/margarita-kake-make-zemuogiu-kvapo-sampunas-be-asaru-250-ml\/#primaryimage\",\"url\":\"https:\/\/matildoslituanistinemokykla.co.uk\/wp-content\/uploads\/2024\/01\/1.19.jpg\",\"contentUrl\":\"https:\/\/matildoslituanistinemokykla.co.uk\/wp-content\/uploads\/2024\/01\/1.19.jpg\",\"width\":900,\"height\":1881},{\"@type\":\"BreadcrumbList\",\"@id\":\"https:\/\/matildoslituanistinemokykla.co.uk\/product\/margarita-kake-make-zemuogiu-kvapo-sampunas-be-asaru-250-ml\/#breadcrumb\",\"itemListElement\":[{\"@type\":\"ListItem\",\"position\":1,\"name\":\"Home\",\"item\":\"https:\/\/matildoslituanistinemokykla.co.uk\/\"},{\"@type\":\"ListItem\",\"position\":2,\"name\":\"Parduotuv\u0117\",\"item\":\"https:\/\/matildoslituanistinemokykla.co.uk\/parduotuve\/\"},{\"@type\":\"ListItem\",\"position\":3,\"name\":\"MARGARITA KAK\u0116 MAK\u0116 \u017demuogi\u0173 kvapo \u0161amp\u016bnas be a\u0161ar\u0173 250 ml\"}]},{\"@type\":\"WebSite\",\"@id\":\"https:\/\/matildoslituanistinemokykla.co.uk\/#website\",\"url\":\"https:\/\/matildoslituanistinemokykla.co.uk\/\",\"name\":\"Matildoslituanistinemokykla\",\"description\":\"\",\"publisher\":{\"@id\":\"https:\/\/matildoslituanistinemokykla.co.uk\/#organization\"},\"potentialAction\":[{\"@type\":\"SearchAction\",\"target\":{\"@type\":\"EntryPoint\",\"urlTemplate\":\"https:\/\/matildoslituanistinemokykla.co.uk\/?s={search_term_string}\"},\"query-input\":{\"@type\":\"PropertyValueSpecification\",\"valueRequired\":true,\"valueName\":\"search_term_string\"}}],\"inLanguage\":\"en-GB\"},{\"@type\":\"Organization\",\"@id\":\"https:\/\/matildoslituanistinemokykla.co.uk\/#organization\",\"name\":\"Matildoslituanistinemokykla\",\"url\":\"https:\/\/matildoslituanistinemokykla.co.uk\/\",\"logo\":{\"@type\":\"ImageObject\",\"inLanguage\":\"en-GB\",\"@id\":\"https:\/\/matildoslituanistinemokykla.co.uk\/#\/schema\/logo\/image\/\",\"url\":\"https:\/\/matildoslituanistinemokykla.co.uk\/wp-content\/uploads\/2023\/08\/Matildos-Lituanistine-mokykla_logo_final.png\",\"contentUrl\":\"https:\/\/matildoslituanistinemokykla.co.uk\/wp-content\/uploads\/2023\/08\/Matildos-Lituanistine-mokykla_logo_final.png\",\"width\":1203,\"height\":947,\"caption\":\"Matildoslituanistinemokykla\"},\"image\":{\"@id\":\"https:\/\/matildoslituanistinemokykla.co.uk\/#\/schema\/logo\/image\/\"}}]}<\/script>\n<!-- \/ Yoast SEO plugin. -->","yoast_head_json":{"title":"MARGARITA KAK\u0116 MAK\u0116 \u017demuogi\u0173 kvapo \u0161amp\u016bnas be a\u0161ar\u0173 250 ml - Matildoslituanistinemokykla","robots":{"index":"index","follow":"follow","max-snippet":"max-snippet:-1","max-image-preview":"max-image-preview:large","max-video-preview":"max-video-preview:-1"},"canonical":"https:\/\/matildoslituanistinemokykla.co.uk\/en\/product\/margarita-kake-make-zemuogiu-kvapo-sampunas-be-asaru-250-ml\/","og_locale":"en_GB","og_type":"article","og_title":"MARGARITA KAK\u0116 MAK\u0116 \u017demuogi\u0173 kvapo \u0161amp\u016bnas be a\u0161ar\u0173 250 ml - Matildoslituanistinemokykla","og_description":"Kas \u010dia taip skaniai kvepia \u017eemuog\u0117mis? Dabar visiems ma\u017eyliams patinka pri\u017ei\u016br\u0117ti plaukus, nes Kak\u0117s Mak\u0117s \u0161amp\u016bnas saugo j\u0173 akytes ir kvepia tikra vasara. Vaiki\u0161kas \u0161amp\u016bnas su ramun\u0117li\u0173 ir kvie\u010di\u0173 proteinais yra \u0161velnus tarsi pien\u0117s p\u016bkas. \u017demuog\u0117mis kvepian\u010dio \u0161amp\u016bno sud\u0117tis papildyta ramun\u0117li\u0173 ir alavij\u0173","og_url":"https:\/\/matildoslituanistinemokykla.co.uk\/en\/product\/margarita-kake-make-zemuogiu-kvapo-sampunas-be-asaru-250-ml\/","og_site_name":"Matildoslituanistinemokykla","article_modified_time":"2025-03-14T09:52:49+00:00","og_image":[{"width":900,"height":1881,"url":"https:\/\/matildoslituanistinemokykla.co.uk\/wp-content\/uploads\/2024\/01\/1.19.jpg","type":"image\/jpeg"}],"twitter_card":"summary_large_image","twitter_misc":{"Estimated reading time":"1 minute"},"schema":{"@context":"https:\/\/schema.org","@graph":[{"@type":"WebPage","@id":"https:\/\/matildoslituanistinemokykla.co.uk\/product\/margarita-kake-make-zemuogiu-kvapo-sampunas-be-asaru-250-ml\/","url":"https:\/\/matildoslituanistinemokykla.co.uk\/product\/margarita-kake-make-zemuogiu-kvapo-sampunas-be-asaru-250-ml\/","name":"MARGARITA KAK\u0116 MAK\u0116 \u017demuogi\u0173 kvapo \u0161amp\u016bnas be a\u0161ar\u0173 250 ml - Matildoslituanistinemokykla","isPartOf":{"@id":"https:\/\/matildoslituanistinemokykla.co.uk\/#website"},"primaryImageOfPage":{"@id":"https:\/\/matildoslituanistinemokykla.co.uk\/product\/margarita-kake-make-zemuogiu-kvapo-sampunas-be-asaru-250-ml\/#primaryimage"},"image":{"@id":"https:\/\/matildoslituanistinemokykla.co.uk\/product\/margarita-kake-make-zemuogiu-kvapo-sampunas-be-asaru-250-ml\/#primaryimage"},"thumbnailUrl":"https:\/\/matildoslituanistinemokykla.co.uk\/wp-content\/uploads\/2024\/01\/1.19.jpg","datePublished":"2024-01-30T21:40:09+00:00","dateModified":"2025-03-14T09:52:49+00:00","breadcrumb":{"@id":"https:\/\/matildoslituanistinemokykla.co.uk\/product\/margarita-kake-make-zemuogiu-kvapo-sampunas-be-asaru-250-ml\/#breadcrumb"},"inLanguage":"en-GB","potentialAction":[{"@type":"ReadAction","target":["https:\/\/matildoslituanistinemokykla.co.uk\/product\/margarita-kake-make-zemuogiu-kvapo-sampunas-be-asaru-250-ml\/"]}]},{"@type":"ImageObject","inLanguage":"en-GB","@id":"https:\/\/matildoslituanistinemokykla.co.uk\/product\/margarita-kake-make-zemuogiu-kvapo-sampunas-be-asaru-250-ml\/#primaryimage","url":"https:\/\/matildoslituanistinemokykla.co.uk\/wp-content\/uploads\/2024\/01\/1.19.jpg","contentUrl":"https:\/\/matildoslituanistinemokykla.co.uk\/wp-content\/uploads\/2024\/01\/1.19.jpg","width":900,"height":1881},{"@type":"BreadcrumbList","@id":"https:\/\/matildoslituanistinemokykla.co.uk\/product\/margarita-kake-make-zemuogiu-kvapo-sampunas-be-asaru-250-ml\/#breadcrumb","itemListElement":[{"@type":"ListItem","position":1,"name":"Home","item":"https:\/\/matildoslituanistinemokykla.co.uk\/"},{"@type":"ListItem","position":2,"name":"Parduotuv\u0117","item":"https:\/\/matildoslituanistinemokykla.co.uk\/parduotuve\/"},{"@type":"ListItem","position":3,"name":"MARGARITA KAK\u0116 MAK\u0116 \u017demuogi\u0173 kvapo \u0161amp\u016bnas be a\u0161ar\u0173 250 ml"}]},{"@type":"WebSite","@id":"https:\/\/matildoslituanistinemokykla.co.uk\/#website","url":"https:\/\/matildoslituanistinemokykla.co.uk\/","name":"Matildoslituanistinemokykla","description":"","publisher":{"@id":"https:\/\/matildoslituanistinemokykla.co.uk\/#organization"},"potentialAction":[{"@type":"SearchAction","target":{"@type":"EntryPoint","urlTemplate":"https:\/\/matildoslituanistinemokykla.co.uk\/?s={search_term_string}"},"query-input":{"@type":"PropertyValueSpecification","valueRequired":true,"valueName":"search_term_string"}}],"inLanguage":"en-GB"},{"@type":"Organization","@id":"https:\/\/matildoslituanistinemokykla.co.uk\/#organization","name":"Matildoslituanistinemokykla","url":"https:\/\/matildoslituanistinemokykla.co.uk\/","logo":{"@type":"ImageObject","inLanguage":"en-GB","@id":"https:\/\/matildoslituanistinemokykla.co.uk\/#\/schema\/logo\/image\/","url":"https:\/\/matildoslituanistinemokykla.co.uk\/wp-content\/uploads\/2023\/08\/Matildos-Lituanistine-mokykla_logo_final.png","contentUrl":"https:\/\/matildoslituanistinemokykla.co.uk\/wp-content\/uploads\/2023\/08\/Matildos-Lituanistine-mokykla_logo_final.png","width":1203,"height":947,"caption":"Matildoslituanistinemokykla"},"image":{"@id":"https:\/\/matildoslituanistinemokykla.co.uk\/#\/schema\/logo\/image\/"}}]}},"_links":{"self":[{"href":"https:\/\/matildoslituanistinemokykla.co.uk\/en\/wp-json\/wp\/v2\/product\/989367","targetHints":{"allow":["GET"]}}],"collection":[{"href":"https:\/\/matildoslituanistinemokykla.co.uk\/en\/wp-json\/wp\/v2\/product"}],"about":[{"href":"https:\/\/matildoslituanistinemokykla.co.uk\/en\/wp-json\/wp\/v2\/types\/product"}],"replies":[{"embeddable":true,"href":"https:\/\/matildoslituanistinemokykla.co.uk\/en\/wp-json\/wp\/v2\/comments?post=989367"}],"wp:featuredmedia":[{"embeddable":true,"href":"https:\/\/matildoslituanistinemokykla.co.uk\/en\/wp-json\/wp\/v2\/media\/989596"}],"wp:attachment":[{"href":"https:\/\/matildoslituanistinemokykla.co.uk\/en\/wp-json\/wp\/v2\/media?parent=989367"}],"wp:term":[{"taxonomy":"product_brand","embeddable":true,"href":"https:\/\/matildoslituanistinemokykla.co.uk\/en\/wp-json\/wp\/v2\/product_brand?post=989367"},{"taxonomy":"product_cat","embeddable":true,"href":"https:\/\/matildoslituanistinemokykla.co.uk\/en\/wp-json\/wp\/v2\/product_cat?post=989367"},{"taxonomy":"product_tag","embeddable":true,"href":"https:\/\/matildoslituanistinemokykla.co.uk\/en\/wp-json\/wp\/v2\/product_tag?post=989367"}],"curies":[{"name":"wp","href":"https:\/\/api.w.org\/{rel}","templated":true}]}}