{"id":989369,"date":"2024-01-30T21:42:45","date_gmt":"2024-01-30T21:42:45","guid":{"rendered":"https:\/\/matildoslituanistinemokykla.co.uk\/?post_type=product&#038;p=989369"},"modified":"2025-03-14T09:53:16","modified_gmt":"2025-03-14T09:53:16","slug":"margarita-kake-make-misko-uogu-kvapo-vonios-putos-250-ml","status":"publish","type":"product","link":"https:\/\/matildoslituanistinemokykla.co.uk\/en\/product\/margarita-kake-make-misko-uogu-kvapo-vonios-putos-250-ml\/","title":{"rendered":"MARGARITA KAKE MAKE Forest berry scented bath foam 250 ml"},"content":{"rendered":"<div class=\"vgblk-rw-wrapper limit-wrapper\">Aqua, Sodium Laureth Sulfate, Glycerin, Cocamidopropyl Betaine, Disodium Cocoamphodiacetate, Parfum, Sodium Benzoate, Potassium Sorbate, Vaccinium Myrtillus (Blueberry) Extract, Rubus Idaeus (Raspberry) Extract, Sodium Chloride, Citric Acid, Disodium EDTA, CI 16255.<\/div>\n<p><!-- .vgblk-rw-wrapper --><\/p>","protected":false},"excerpt":{"rendered":"<p>Bathing in a bubble bath is the most fun for Messy Dwarf: you can blow bubbles or build foam castles smelling of wild berries. If you want to make as many bubbles as possible, pour the soap suds directly under a strong stream of warm water and stir well.<\/p>","protected":false},"featured_media":989370,"comment_status":"open","ping_status":"closed","template":"","meta":[],"product_brand":[],"product_cat":[67,71,70],"product_tag":[],"class_list":{"0":"post-989369","1":"product","2":"type-product","3":"status-publish","4":"has-post-thumbnail","6":"product_cat-kakes-makes-produkcija","7":"product_cat-kosmetika-ir-higiena","8":"product_cat-visos-prekes","10":"first","11":"instock","12":"shipping-taxable","13":"purchasable","14":"product-type-simple"},"yoast_head":"<!-- This site is optimized with the Yoast SEO plugin v25.8 - https:\/\/yoast.com\/wordpress\/plugins\/seo\/ -->\n<title>MARGARITA KAK\u0116 MAK\u0116 Mi\u0161ko uog\u0173 kvapo vonios putos 250 ml - Matildoslituanistinemokykla<\/title>\n<meta name=\"robots\" content=\"index, follow, max-snippet:-1, max-image-preview:large, max-video-preview:-1\" \/>\n<link rel=\"canonical\" href=\"https:\/\/matildoslituanistinemokykla.co.uk\/en\/product\/margarita-kake-make-misko-uogu-kvapo-vonios-putos-250-ml\/\" \/>\n<meta property=\"og:locale\" content=\"en_GB\" \/>\n<meta property=\"og:type\" content=\"article\" \/>\n<meta property=\"og:title\" content=\"MARGARITA KAK\u0116 MAK\u0116 Mi\u0161ko uog\u0173 kvapo vonios putos 250 ml - Matildoslituanistinemokykla\" \/>\n<meta property=\"og:description\" content=\"Maudytis put\u0173 pilnoje vonioje Netvarkos Nyk\u0161tukui pats smagiausias dalykas: galima p\u016bsti burbulus arba statyti mi\u0161ko uogomis kvepian\u010dias put\u0173 pilis. Jeigu nori pagaminti kuo daugiau burbul\u0173, pilk muilo putas tiesiai po stipria \u0161ilto vandens srove ir gerai i\u0161mai\u0161yk.\" \/>\n<meta property=\"og:url\" content=\"https:\/\/matildoslituanistinemokykla.co.uk\/en\/product\/margarita-kake-make-misko-uogu-kvapo-vonios-putos-250-ml\/\" \/>\n<meta property=\"og:site_name\" content=\"Matildoslituanistinemokykla\" \/>\n<meta property=\"article:modified_time\" content=\"2025-03-14T09:53:16+00:00\" \/>\n<meta property=\"og:image\" content=\"https:\/\/matildoslituanistinemokykla.co.uk\/wp-content\/uploads\/2024\/01\/3.jpeg\" \/>\n\t<meta property=\"og:image:width\" content=\"480\" \/>\n\t<meta property=\"og:image:height\" content=\"480\" \/>\n\t<meta property=\"og:image:type\" content=\"image\/jpeg\" \/>\n<meta name=\"twitter:card\" content=\"summary_large_image\" \/>\n<meta name=\"twitter:label1\" content=\"Estimated reading time\" \/>\n\t<meta name=\"twitter:data1\" content=\"1 minute\" \/>\n<script type=\"application\/ld+json\" class=\"yoast-schema-graph\">{\"@context\":\"https:\/\/schema.org\",\"@graph\":[{\"@type\":\"WebPage\",\"@id\":\"https:\/\/matildoslituanistinemokykla.co.uk\/product\/margarita-kake-make-misko-uogu-kvapo-vonios-putos-250-ml\/\",\"url\":\"https:\/\/matildoslituanistinemokykla.co.uk\/product\/margarita-kake-make-misko-uogu-kvapo-vonios-putos-250-ml\/\",\"name\":\"MARGARITA KAK\u0116 MAK\u0116 Mi\u0161ko uog\u0173 kvapo vonios putos 250 ml - Matildoslituanistinemokykla\",\"isPartOf\":{\"@id\":\"https:\/\/matildoslituanistinemokykla.co.uk\/#website\"},\"primaryImageOfPage\":{\"@id\":\"https:\/\/matildoslituanistinemokykla.co.uk\/product\/margarita-kake-make-misko-uogu-kvapo-vonios-putos-250-ml\/#primaryimage\"},\"image\":{\"@id\":\"https:\/\/matildoslituanistinemokykla.co.uk\/product\/margarita-kake-make-misko-uogu-kvapo-vonios-putos-250-ml\/#primaryimage\"},\"thumbnailUrl\":\"https:\/\/matildoslituanistinemokykla.co.uk\/wp-content\/uploads\/2024\/01\/3.jpeg\",\"datePublished\":\"2024-01-30T21:42:45+00:00\",\"dateModified\":\"2025-03-14T09:53:16+00:00\",\"breadcrumb\":{\"@id\":\"https:\/\/matildoslituanistinemokykla.co.uk\/product\/margarita-kake-make-misko-uogu-kvapo-vonios-putos-250-ml\/#breadcrumb\"},\"inLanguage\":\"en-GB\",\"potentialAction\":[{\"@type\":\"ReadAction\",\"target\":[\"https:\/\/matildoslituanistinemokykla.co.uk\/product\/margarita-kake-make-misko-uogu-kvapo-vonios-putos-250-ml\/\"]}]},{\"@type\":\"ImageObject\",\"inLanguage\":\"en-GB\",\"@id\":\"https:\/\/matildoslituanistinemokykla.co.uk\/product\/margarita-kake-make-misko-uogu-kvapo-vonios-putos-250-ml\/#primaryimage\",\"url\":\"https:\/\/matildoslituanistinemokykla.co.uk\/wp-content\/uploads\/2024\/01\/3.jpeg\",\"contentUrl\":\"https:\/\/matildoslituanistinemokykla.co.uk\/wp-content\/uploads\/2024\/01\/3.jpeg\",\"width\":480,\"height\":480},{\"@type\":\"BreadcrumbList\",\"@id\":\"https:\/\/matildoslituanistinemokykla.co.uk\/product\/margarita-kake-make-misko-uogu-kvapo-vonios-putos-250-ml\/#breadcrumb\",\"itemListElement\":[{\"@type\":\"ListItem\",\"position\":1,\"name\":\"Home\",\"item\":\"https:\/\/matildoslituanistinemokykla.co.uk\/\"},{\"@type\":\"ListItem\",\"position\":2,\"name\":\"Parduotuv\u0117\",\"item\":\"https:\/\/matildoslituanistinemokykla.co.uk\/parduotuve\/\"},{\"@type\":\"ListItem\",\"position\":3,\"name\":\"MARGARITA KAK\u0116 MAK\u0116 Mi\u0161ko uog\u0173 kvapo vonios putos 250 ml\"}]},{\"@type\":\"WebSite\",\"@id\":\"https:\/\/matildoslituanistinemokykla.co.uk\/#website\",\"url\":\"https:\/\/matildoslituanistinemokykla.co.uk\/\",\"name\":\"Matildoslituanistinemokykla\",\"description\":\"\",\"publisher\":{\"@id\":\"https:\/\/matildoslituanistinemokykla.co.uk\/#organization\"},\"potentialAction\":[{\"@type\":\"SearchAction\",\"target\":{\"@type\":\"EntryPoint\",\"urlTemplate\":\"https:\/\/matildoslituanistinemokykla.co.uk\/?s={search_term_string}\"},\"query-input\":{\"@type\":\"PropertyValueSpecification\",\"valueRequired\":true,\"valueName\":\"search_term_string\"}}],\"inLanguage\":\"en-GB\"},{\"@type\":\"Organization\",\"@id\":\"https:\/\/matildoslituanistinemokykla.co.uk\/#organization\",\"name\":\"Matildoslituanistinemokykla\",\"url\":\"https:\/\/matildoslituanistinemokykla.co.uk\/\",\"logo\":{\"@type\":\"ImageObject\",\"inLanguage\":\"en-GB\",\"@id\":\"https:\/\/matildoslituanistinemokykla.co.uk\/#\/schema\/logo\/image\/\",\"url\":\"https:\/\/matildoslituanistinemokykla.co.uk\/wp-content\/uploads\/2023\/08\/Matildos-Lituanistine-mokykla_logo_final.png\",\"contentUrl\":\"https:\/\/matildoslituanistinemokykla.co.uk\/wp-content\/uploads\/2023\/08\/Matildos-Lituanistine-mokykla_logo_final.png\",\"width\":1203,\"height\":947,\"caption\":\"Matildoslituanistinemokykla\"},\"image\":{\"@id\":\"https:\/\/matildoslituanistinemokykla.co.uk\/#\/schema\/logo\/image\/\"}}]}<\/script>\n<!-- \/ Yoast SEO plugin. -->","yoast_head_json":{"title":"MARGARITA KAK\u0116 MAK\u0116 Mi\u0161ko uog\u0173 kvapo vonios putos 250 ml - Matildoslituanistinemokykla","robots":{"index":"index","follow":"follow","max-snippet":"max-snippet:-1","max-image-preview":"max-image-preview:large","max-video-preview":"max-video-preview:-1"},"canonical":"https:\/\/matildoslituanistinemokykla.co.uk\/en\/product\/margarita-kake-make-misko-uogu-kvapo-vonios-putos-250-ml\/","og_locale":"en_GB","og_type":"article","og_title":"MARGARITA KAK\u0116 MAK\u0116 Mi\u0161ko uog\u0173 kvapo vonios putos 250 ml - Matildoslituanistinemokykla","og_description":"Maudytis put\u0173 pilnoje vonioje Netvarkos Nyk\u0161tukui pats smagiausias dalykas: galima p\u016bsti burbulus arba statyti mi\u0161ko uogomis kvepian\u010dias put\u0173 pilis. Jeigu nori pagaminti kuo daugiau burbul\u0173, pilk muilo putas tiesiai po stipria \u0161ilto vandens srove ir gerai i\u0161mai\u0161yk.","og_url":"https:\/\/matildoslituanistinemokykla.co.uk\/en\/product\/margarita-kake-make-misko-uogu-kvapo-vonios-putos-250-ml\/","og_site_name":"Matildoslituanistinemokykla","article_modified_time":"2025-03-14T09:53:16+00:00","og_image":[{"width":480,"height":480,"url":"https:\/\/matildoslituanistinemokykla.co.uk\/wp-content\/uploads\/2024\/01\/3.jpeg","type":"image\/jpeg"}],"twitter_card":"summary_large_image","twitter_misc":{"Estimated reading time":"1 minute"},"schema":{"@context":"https:\/\/schema.org","@graph":[{"@type":"WebPage","@id":"https:\/\/matildoslituanistinemokykla.co.uk\/product\/margarita-kake-make-misko-uogu-kvapo-vonios-putos-250-ml\/","url":"https:\/\/matildoslituanistinemokykla.co.uk\/product\/margarita-kake-make-misko-uogu-kvapo-vonios-putos-250-ml\/","name":"MARGARITA KAK\u0116 MAK\u0116 Mi\u0161ko uog\u0173 kvapo vonios putos 250 ml - Matildoslituanistinemokykla","isPartOf":{"@id":"https:\/\/matildoslituanistinemokykla.co.uk\/#website"},"primaryImageOfPage":{"@id":"https:\/\/matildoslituanistinemokykla.co.uk\/product\/margarita-kake-make-misko-uogu-kvapo-vonios-putos-250-ml\/#primaryimage"},"image":{"@id":"https:\/\/matildoslituanistinemokykla.co.uk\/product\/margarita-kake-make-misko-uogu-kvapo-vonios-putos-250-ml\/#primaryimage"},"thumbnailUrl":"https:\/\/matildoslituanistinemokykla.co.uk\/wp-content\/uploads\/2024\/01\/3.jpeg","datePublished":"2024-01-30T21:42:45+00:00","dateModified":"2025-03-14T09:53:16+00:00","breadcrumb":{"@id":"https:\/\/matildoslituanistinemokykla.co.uk\/product\/margarita-kake-make-misko-uogu-kvapo-vonios-putos-250-ml\/#breadcrumb"},"inLanguage":"en-GB","potentialAction":[{"@type":"ReadAction","target":["https:\/\/matildoslituanistinemokykla.co.uk\/product\/margarita-kake-make-misko-uogu-kvapo-vonios-putos-250-ml\/"]}]},{"@type":"ImageObject","inLanguage":"en-GB","@id":"https:\/\/matildoslituanistinemokykla.co.uk\/product\/margarita-kake-make-misko-uogu-kvapo-vonios-putos-250-ml\/#primaryimage","url":"https:\/\/matildoslituanistinemokykla.co.uk\/wp-content\/uploads\/2024\/01\/3.jpeg","contentUrl":"https:\/\/matildoslituanistinemokykla.co.uk\/wp-content\/uploads\/2024\/01\/3.jpeg","width":480,"height":480},{"@type":"BreadcrumbList","@id":"https:\/\/matildoslituanistinemokykla.co.uk\/product\/margarita-kake-make-misko-uogu-kvapo-vonios-putos-250-ml\/#breadcrumb","itemListElement":[{"@type":"ListItem","position":1,"name":"Home","item":"https:\/\/matildoslituanistinemokykla.co.uk\/"},{"@type":"ListItem","position":2,"name":"Parduotuv\u0117","item":"https:\/\/matildoslituanistinemokykla.co.uk\/parduotuve\/"},{"@type":"ListItem","position":3,"name":"MARGARITA KAK\u0116 MAK\u0116 Mi\u0161ko uog\u0173 kvapo vonios putos 250 ml"}]},{"@type":"WebSite","@id":"https:\/\/matildoslituanistinemokykla.co.uk\/#website","url":"https:\/\/matildoslituanistinemokykla.co.uk\/","name":"Matildoslituanistinemokykla","description":"","publisher":{"@id":"https:\/\/matildoslituanistinemokykla.co.uk\/#organization"},"potentialAction":[{"@type":"SearchAction","target":{"@type":"EntryPoint","urlTemplate":"https:\/\/matildoslituanistinemokykla.co.uk\/?s={search_term_string}"},"query-input":{"@type":"PropertyValueSpecification","valueRequired":true,"valueName":"search_term_string"}}],"inLanguage":"en-GB"},{"@type":"Organization","@id":"https:\/\/matildoslituanistinemokykla.co.uk\/#organization","name":"Matildoslituanistinemokykla","url":"https:\/\/matildoslituanistinemokykla.co.uk\/","logo":{"@type":"ImageObject","inLanguage":"en-GB","@id":"https:\/\/matildoslituanistinemokykla.co.uk\/#\/schema\/logo\/image\/","url":"https:\/\/matildoslituanistinemokykla.co.uk\/wp-content\/uploads\/2023\/08\/Matildos-Lituanistine-mokykla_logo_final.png","contentUrl":"https:\/\/matildoslituanistinemokykla.co.uk\/wp-content\/uploads\/2023\/08\/Matildos-Lituanistine-mokykla_logo_final.png","width":1203,"height":947,"caption":"Matildoslituanistinemokykla"},"image":{"@id":"https:\/\/matildoslituanistinemokykla.co.uk\/#\/schema\/logo\/image\/"}}]}},"_links":{"self":[{"href":"https:\/\/matildoslituanistinemokykla.co.uk\/en\/wp-json\/wp\/v2\/product\/989369","targetHints":{"allow":["GET"]}}],"collection":[{"href":"https:\/\/matildoslituanistinemokykla.co.uk\/en\/wp-json\/wp\/v2\/product"}],"about":[{"href":"https:\/\/matildoslituanistinemokykla.co.uk\/en\/wp-json\/wp\/v2\/types\/product"}],"replies":[{"embeddable":true,"href":"https:\/\/matildoslituanistinemokykla.co.uk\/en\/wp-json\/wp\/v2\/comments?post=989369"}],"wp:featuredmedia":[{"embeddable":true,"href":"https:\/\/matildoslituanistinemokykla.co.uk\/en\/wp-json\/wp\/v2\/media\/989370"}],"wp:attachment":[{"href":"https:\/\/matildoslituanistinemokykla.co.uk\/en\/wp-json\/wp\/v2\/media?parent=989369"}],"wp:term":[{"taxonomy":"product_brand","embeddable":true,"href":"https:\/\/matildoslituanistinemokykla.co.uk\/en\/wp-json\/wp\/v2\/product_brand?post=989369"},{"taxonomy":"product_cat","embeddable":true,"href":"https:\/\/matildoslituanistinemokykla.co.uk\/en\/wp-json\/wp\/v2\/product_cat?post=989369"},{"taxonomy":"product_tag","embeddable":true,"href":"https:\/\/matildoslituanistinemokykla.co.uk\/en\/wp-json\/wp\/v2\/product_tag?post=989369"}],"curies":[{"name":"wp","href":"https:\/\/api.w.org\/{rel}","templated":true}]}}