{"id":989371,"date":"2024-01-30T21:44:35","date_gmt":"2024-01-30T21:44:35","guid":{"rendered":"https:\/\/matildoslituanistinemokykla.co.uk\/?post_type=product&#038;p=989371"},"modified":"2024-02-10T10:45:21","modified_gmt":"2024-02-10T10:45:21","slug":"ecodenta-kakes-makes-avieciu-skonio-dantu-pasta-75ml-3-m","status":"publish","type":"product","link":"https:\/\/matildoslituanistinemokykla.co.uk\/en\/product\/ecodenta-kakes-makes-avieciu-skonio-dantu-pasta-75ml-3-m\/","title":{"rendered":"ECODENTA KAK\u0116S MAK\u0116S Raspberry toothpaste 75ml (3+ years)"},"content":{"rendered":"<div class=\"vgblk-rw-wrapper limit-wrapper\">Aqua*, Glycerin*, Hydrated Silica*, Hydroxyapatite*, Xanthan Gum*, Vaccinium Myrtillus (Blueberry) Extract*, Rubus Idaeus (Raspberry) Extract*, Cellulose Gum*, Aroma*, Sodium Cocoyl Glutamate*, Sodium Fluoride*, Sodium Saccharin, Citric Acid, Sodium Benzoate, Potassium Sorbate, CI 16255.<\/div>\n<p><!-- .vgblk-rw-wrapper --><\/p>","protected":false},"excerpt":{"rendered":"<p>Swipe left, swipe right, down and up - your white teeth shine from afar! This toothpaste protects your children's teeth against decay and prevents tartar formation. The pleasant raspberry flavour effectively removes plaque and protects the teeth comprehensively. Contains sodium fluoride. For children under 6 years of age, use pea<\/p>","protected":false},"featured_media":989372,"comment_status":"open","ping_status":"closed","template":"","meta":[],"product_brand":[],"product_cat":[67,71,70],"product_tag":[],"class_list":{"0":"post-989371","1":"product","2":"type-product","3":"status-publish","4":"has-post-thumbnail","6":"product_cat-kakes-makes-produkcija","7":"product_cat-kosmetika-ir-higiena","8":"product_cat-visos-prekes","10":"first","11":"instock","12":"shipping-taxable","13":"purchasable","14":"product-type-simple"},"yoast_head":"<!-- This site is optimized with the Yoast SEO plugin v25.8 - https:\/\/yoast.com\/wordpress\/plugins\/seo\/ -->\n<title>ECODENTA KAK\u0116S MAK\u0116S Avie\u010di\u0173 skonio dant\u0173 pasta 75ml (3+ m.) - Matildoslituanistinemokykla<\/title>\n<meta name=\"robots\" content=\"index, follow, max-snippet:-1, max-image-preview:large, max-video-preview:-1\" \/>\n<link rel=\"canonical\" href=\"https:\/\/matildoslituanistinemokykla.co.uk\/en\/product\/ecodenta-kakes-makes-avieciu-skonio-dantu-pasta-75ml-3-m\/\" \/>\n<meta property=\"og:locale\" content=\"en_GB\" \/>\n<meta property=\"og:type\" content=\"article\" \/>\n<meta property=\"og:title\" content=\"ECODENTA KAK\u0116S MAK\u0116S Avie\u010di\u0173 skonio dant\u0173 pasta 75ml (3+ m.) - Matildoslituanistinemokykla\" \/>\n<meta property=\"og:description\" content=\"Br\u016bk\u0161t \u012f kair\u0119, br\u016bk\u0161t \u012f de\u0161in\u0119, ir \u017eemyn, ir auk\u0161tyn \u2013 tavo balti dantukai spindi i\u0161 toli! \u0160i dant\u0173 pasta j\u016bs\u0173 vaik\u0173 dantis apsaugo nuo \u0117duonies ir neleid\u017eia formuotis akmenims. Malonaus avie\u010di\u0173 skonio pasta efektyviai pa\u0161alina apna\u0161as ir visapusi\u0161kai apsaugo dantis. Sud\u0117tyje yra natrio fluorido. Vaikams iki 6 m. naudokite \u017eirnio\" \/>\n<meta property=\"og:url\" content=\"https:\/\/matildoslituanistinemokykla.co.uk\/en\/product\/ecodenta-kakes-makes-avieciu-skonio-dantu-pasta-75ml-3-m\/\" \/>\n<meta property=\"og:site_name\" content=\"Matildoslituanistinemokykla\" \/>\n<meta property=\"article:modified_time\" content=\"2024-02-10T10:45:21+00:00\" \/>\n<meta property=\"og:image\" content=\"https:\/\/matildoslituanistinemokykla.co.uk\/wp-content\/uploads\/2024\/01\/4.jpeg\" \/>\n\t<meta property=\"og:image:width\" content=\"480\" \/>\n\t<meta property=\"og:image:height\" content=\"480\" \/>\n\t<meta property=\"og:image:type\" content=\"image\/jpeg\" \/>\n<meta name=\"twitter:card\" content=\"summary_large_image\" \/>\n<meta name=\"twitter:label1\" content=\"Estimated reading time\" \/>\n\t<meta name=\"twitter:data1\" content=\"1 minute\" \/>\n<script type=\"application\/ld+json\" class=\"yoast-schema-graph\">{\"@context\":\"https:\/\/schema.org\",\"@graph\":[{\"@type\":\"WebPage\",\"@id\":\"https:\/\/matildoslituanistinemokykla.co.uk\/product\/ecodenta-kakes-makes-avieciu-skonio-dantu-pasta-75ml-3-m\/\",\"url\":\"https:\/\/matildoslituanistinemokykla.co.uk\/product\/ecodenta-kakes-makes-avieciu-skonio-dantu-pasta-75ml-3-m\/\",\"name\":\"ECODENTA KAK\u0116S MAK\u0116S Avie\u010di\u0173 skonio dant\u0173 pasta 75ml (3+ m.) - Matildoslituanistinemokykla\",\"isPartOf\":{\"@id\":\"https:\/\/matildoslituanistinemokykla.co.uk\/#website\"},\"primaryImageOfPage\":{\"@id\":\"https:\/\/matildoslituanistinemokykla.co.uk\/product\/ecodenta-kakes-makes-avieciu-skonio-dantu-pasta-75ml-3-m\/#primaryimage\"},\"image\":{\"@id\":\"https:\/\/matildoslituanistinemokykla.co.uk\/product\/ecodenta-kakes-makes-avieciu-skonio-dantu-pasta-75ml-3-m\/#primaryimage\"},\"thumbnailUrl\":\"https:\/\/matildoslituanistinemokykla.co.uk\/wp-content\/uploads\/2024\/01\/4.jpeg\",\"datePublished\":\"2024-01-30T21:44:35+00:00\",\"dateModified\":\"2024-02-10T10:45:21+00:00\",\"breadcrumb\":{\"@id\":\"https:\/\/matildoslituanistinemokykla.co.uk\/product\/ecodenta-kakes-makes-avieciu-skonio-dantu-pasta-75ml-3-m\/#breadcrumb\"},\"inLanguage\":\"en-GB\",\"potentialAction\":[{\"@type\":\"ReadAction\",\"target\":[\"https:\/\/matildoslituanistinemokykla.co.uk\/product\/ecodenta-kakes-makes-avieciu-skonio-dantu-pasta-75ml-3-m\/\"]}]},{\"@type\":\"ImageObject\",\"inLanguage\":\"en-GB\",\"@id\":\"https:\/\/matildoslituanistinemokykla.co.uk\/product\/ecodenta-kakes-makes-avieciu-skonio-dantu-pasta-75ml-3-m\/#primaryimage\",\"url\":\"https:\/\/matildoslituanistinemokykla.co.uk\/wp-content\/uploads\/2024\/01\/4.jpeg\",\"contentUrl\":\"https:\/\/matildoslituanistinemokykla.co.uk\/wp-content\/uploads\/2024\/01\/4.jpeg\",\"width\":480,\"height\":480},{\"@type\":\"BreadcrumbList\",\"@id\":\"https:\/\/matildoslituanistinemokykla.co.uk\/product\/ecodenta-kakes-makes-avieciu-skonio-dantu-pasta-75ml-3-m\/#breadcrumb\",\"itemListElement\":[{\"@type\":\"ListItem\",\"position\":1,\"name\":\"Home\",\"item\":\"https:\/\/matildoslituanistinemokykla.co.uk\/\"},{\"@type\":\"ListItem\",\"position\":2,\"name\":\"Parduotuv\u0117\",\"item\":\"https:\/\/matildoslituanistinemokykla.co.uk\/parduotuve\/\"},{\"@type\":\"ListItem\",\"position\":3,\"name\":\"ECODENTA KAK\u0116S MAK\u0116S Avie\u010di\u0173 skonio dant\u0173 pasta 75ml (3+ m.)\"}]},{\"@type\":\"WebSite\",\"@id\":\"https:\/\/matildoslituanistinemokykla.co.uk\/#website\",\"url\":\"https:\/\/matildoslituanistinemokykla.co.uk\/\",\"name\":\"Matildoslituanistinemokykla\",\"description\":\"\",\"publisher\":{\"@id\":\"https:\/\/matildoslituanistinemokykla.co.uk\/#organization\"},\"potentialAction\":[{\"@type\":\"SearchAction\",\"target\":{\"@type\":\"EntryPoint\",\"urlTemplate\":\"https:\/\/matildoslituanistinemokykla.co.uk\/?s={search_term_string}\"},\"query-input\":{\"@type\":\"PropertyValueSpecification\",\"valueRequired\":true,\"valueName\":\"search_term_string\"}}],\"inLanguage\":\"en-GB\"},{\"@type\":\"Organization\",\"@id\":\"https:\/\/matildoslituanistinemokykla.co.uk\/#organization\",\"name\":\"Matildoslituanistinemokykla\",\"url\":\"https:\/\/matildoslituanistinemokykla.co.uk\/\",\"logo\":{\"@type\":\"ImageObject\",\"inLanguage\":\"en-GB\",\"@id\":\"https:\/\/matildoslituanistinemokykla.co.uk\/#\/schema\/logo\/image\/\",\"url\":\"https:\/\/matildoslituanistinemokykla.co.uk\/wp-content\/uploads\/2023\/08\/Matildos-Lituanistine-mokykla_logo_final.png\",\"contentUrl\":\"https:\/\/matildoslituanistinemokykla.co.uk\/wp-content\/uploads\/2023\/08\/Matildos-Lituanistine-mokykla_logo_final.png\",\"width\":1203,\"height\":947,\"caption\":\"Matildoslituanistinemokykla\"},\"image\":{\"@id\":\"https:\/\/matildoslituanistinemokykla.co.uk\/#\/schema\/logo\/image\/\"}}]}<\/script>\n<!-- \/ Yoast SEO plugin. -->","yoast_head_json":{"title":"ECODENTA KAK\u0116S MAK\u0116S Avie\u010di\u0173 skonio dant\u0173 pasta 75ml (3+ m.) - Matildoslituanistinemokykla","robots":{"index":"index","follow":"follow","max-snippet":"max-snippet:-1","max-image-preview":"max-image-preview:large","max-video-preview":"max-video-preview:-1"},"canonical":"https:\/\/matildoslituanistinemokykla.co.uk\/en\/product\/ecodenta-kakes-makes-avieciu-skonio-dantu-pasta-75ml-3-m\/","og_locale":"en_GB","og_type":"article","og_title":"ECODENTA KAK\u0116S MAK\u0116S Avie\u010di\u0173 skonio dant\u0173 pasta 75ml (3+ m.) - Matildoslituanistinemokykla","og_description":"Br\u016bk\u0161t \u012f kair\u0119, br\u016bk\u0161t \u012f de\u0161in\u0119, ir \u017eemyn, ir auk\u0161tyn \u2013 tavo balti dantukai spindi i\u0161 toli! \u0160i dant\u0173 pasta j\u016bs\u0173 vaik\u0173 dantis apsaugo nuo \u0117duonies ir neleid\u017eia formuotis akmenims. Malonaus avie\u010di\u0173 skonio pasta efektyviai pa\u0161alina apna\u0161as ir visapusi\u0161kai apsaugo dantis. Sud\u0117tyje yra natrio fluorido. Vaikams iki 6 m. naudokite \u017eirnio","og_url":"https:\/\/matildoslituanistinemokykla.co.uk\/en\/product\/ecodenta-kakes-makes-avieciu-skonio-dantu-pasta-75ml-3-m\/","og_site_name":"Matildoslituanistinemokykla","article_modified_time":"2024-02-10T10:45:21+00:00","og_image":[{"width":480,"height":480,"url":"https:\/\/matildoslituanistinemokykla.co.uk\/wp-content\/uploads\/2024\/01\/4.jpeg","type":"image\/jpeg"}],"twitter_card":"summary_large_image","twitter_misc":{"Estimated reading time":"1 minute"},"schema":{"@context":"https:\/\/schema.org","@graph":[{"@type":"WebPage","@id":"https:\/\/matildoslituanistinemokykla.co.uk\/product\/ecodenta-kakes-makes-avieciu-skonio-dantu-pasta-75ml-3-m\/","url":"https:\/\/matildoslituanistinemokykla.co.uk\/product\/ecodenta-kakes-makes-avieciu-skonio-dantu-pasta-75ml-3-m\/","name":"ECODENTA KAK\u0116S MAK\u0116S Avie\u010di\u0173 skonio dant\u0173 pasta 75ml (3+ m.) - Matildoslituanistinemokykla","isPartOf":{"@id":"https:\/\/matildoslituanistinemokykla.co.uk\/#website"},"primaryImageOfPage":{"@id":"https:\/\/matildoslituanistinemokykla.co.uk\/product\/ecodenta-kakes-makes-avieciu-skonio-dantu-pasta-75ml-3-m\/#primaryimage"},"image":{"@id":"https:\/\/matildoslituanistinemokykla.co.uk\/product\/ecodenta-kakes-makes-avieciu-skonio-dantu-pasta-75ml-3-m\/#primaryimage"},"thumbnailUrl":"https:\/\/matildoslituanistinemokykla.co.uk\/wp-content\/uploads\/2024\/01\/4.jpeg","datePublished":"2024-01-30T21:44:35+00:00","dateModified":"2024-02-10T10:45:21+00:00","breadcrumb":{"@id":"https:\/\/matildoslituanistinemokykla.co.uk\/product\/ecodenta-kakes-makes-avieciu-skonio-dantu-pasta-75ml-3-m\/#breadcrumb"},"inLanguage":"en-GB","potentialAction":[{"@type":"ReadAction","target":["https:\/\/matildoslituanistinemokykla.co.uk\/product\/ecodenta-kakes-makes-avieciu-skonio-dantu-pasta-75ml-3-m\/"]}]},{"@type":"ImageObject","inLanguage":"en-GB","@id":"https:\/\/matildoslituanistinemokykla.co.uk\/product\/ecodenta-kakes-makes-avieciu-skonio-dantu-pasta-75ml-3-m\/#primaryimage","url":"https:\/\/matildoslituanistinemokykla.co.uk\/wp-content\/uploads\/2024\/01\/4.jpeg","contentUrl":"https:\/\/matildoslituanistinemokykla.co.uk\/wp-content\/uploads\/2024\/01\/4.jpeg","width":480,"height":480},{"@type":"BreadcrumbList","@id":"https:\/\/matildoslituanistinemokykla.co.uk\/product\/ecodenta-kakes-makes-avieciu-skonio-dantu-pasta-75ml-3-m\/#breadcrumb","itemListElement":[{"@type":"ListItem","position":1,"name":"Home","item":"https:\/\/matildoslituanistinemokykla.co.uk\/"},{"@type":"ListItem","position":2,"name":"Parduotuv\u0117","item":"https:\/\/matildoslituanistinemokykla.co.uk\/parduotuve\/"},{"@type":"ListItem","position":3,"name":"ECODENTA KAK\u0116S MAK\u0116S Avie\u010di\u0173 skonio dant\u0173 pasta 75ml (3+ m.)"}]},{"@type":"WebSite","@id":"https:\/\/matildoslituanistinemokykla.co.uk\/#website","url":"https:\/\/matildoslituanistinemokykla.co.uk\/","name":"Matildoslituanistinemokykla","description":"","publisher":{"@id":"https:\/\/matildoslituanistinemokykla.co.uk\/#organization"},"potentialAction":[{"@type":"SearchAction","target":{"@type":"EntryPoint","urlTemplate":"https:\/\/matildoslituanistinemokykla.co.uk\/?s={search_term_string}"},"query-input":{"@type":"PropertyValueSpecification","valueRequired":true,"valueName":"search_term_string"}}],"inLanguage":"en-GB"},{"@type":"Organization","@id":"https:\/\/matildoslituanistinemokykla.co.uk\/#organization","name":"Matildoslituanistinemokykla","url":"https:\/\/matildoslituanistinemokykla.co.uk\/","logo":{"@type":"ImageObject","inLanguage":"en-GB","@id":"https:\/\/matildoslituanistinemokykla.co.uk\/#\/schema\/logo\/image\/","url":"https:\/\/matildoslituanistinemokykla.co.uk\/wp-content\/uploads\/2023\/08\/Matildos-Lituanistine-mokykla_logo_final.png","contentUrl":"https:\/\/matildoslituanistinemokykla.co.uk\/wp-content\/uploads\/2023\/08\/Matildos-Lituanistine-mokykla_logo_final.png","width":1203,"height":947,"caption":"Matildoslituanistinemokykla"},"image":{"@id":"https:\/\/matildoslituanistinemokykla.co.uk\/#\/schema\/logo\/image\/"}}]}},"_links":{"self":[{"href":"https:\/\/matildoslituanistinemokykla.co.uk\/en\/wp-json\/wp\/v2\/product\/989371","targetHints":{"allow":["GET"]}}],"collection":[{"href":"https:\/\/matildoslituanistinemokykla.co.uk\/en\/wp-json\/wp\/v2\/product"}],"about":[{"href":"https:\/\/matildoslituanistinemokykla.co.uk\/en\/wp-json\/wp\/v2\/types\/product"}],"replies":[{"embeddable":true,"href":"https:\/\/matildoslituanistinemokykla.co.uk\/en\/wp-json\/wp\/v2\/comments?post=989371"}],"wp:featuredmedia":[{"embeddable":true,"href":"https:\/\/matildoslituanistinemokykla.co.uk\/en\/wp-json\/wp\/v2\/media\/989372"}],"wp:attachment":[{"href":"https:\/\/matildoslituanistinemokykla.co.uk\/en\/wp-json\/wp\/v2\/media?parent=989371"}],"wp:term":[{"taxonomy":"product_brand","embeddable":true,"href":"https:\/\/matildoslituanistinemokykla.co.uk\/en\/wp-json\/wp\/v2\/product_brand?post=989371"},{"taxonomy":"product_cat","embeddable":true,"href":"https:\/\/matildoslituanistinemokykla.co.uk\/en\/wp-json\/wp\/v2\/product_cat?post=989371"},{"taxonomy":"product_tag","embeddable":true,"href":"https:\/\/matildoslituanistinemokykla.co.uk\/en\/wp-json\/wp\/v2\/product_tag?post=989371"}],"curies":[{"name":"wp","href":"https:\/\/api.w.org\/{rel}","templated":true}]}}