{"id":989373,"date":"2024-01-30T21:46:53","date_gmt":"2024-01-30T21:46:53","guid":{"rendered":"https:\/\/matildoslituanistinemokykla.co.uk\/?post_type=product&#038;p=989373"},"modified":"2025-03-14T09:51:18","modified_gmt":"2025-03-14T09:51:18","slug":"margarita-kake-make-zemuogiu-kvapo-purskiamas-plauku-kondicionierius-150-ml","status":"publish","type":"product","link":"https:\/\/matildoslituanistinemokykla.co.uk\/en\/product\/margarita-kake-make-zemuogiu-kvapo-purskiamas-plauku-kondicionierius-150-ml\/","title":{"rendered":"MARGARITA KAKE MAKE Strawberry scented hair spray conditioner 150 ml"},"content":{"rendered":"<div class=\"vgblk-rw-wrapper limit-wrapper\">Aqua, Behenamidopropyl Dimethylamine, Hydrolyzed Wheat Protein, Glycerin, Chamomilla Recutita (Matricaria) Flower Extract, Lactic Acid, Polysorbate 20, Phenoxyethanol, Ethylhexylglycerin, Parfum.<\/div>\n<p><!-- .vgblk-rw-wrapper --><\/p>","protected":false},"excerpt":{"rendered":"<p>Poppy now knows the secret to soft hair: spray on clean, dry or freshly washed hair and no combs will harm you! A swipe and your hair is soft, shiny and less frizzy. You can run out into the yard to play with your friends. And what smells so good about strawberries?<\/p>","protected":false},"featured_media":989374,"comment_status":"open","ping_status":"closed","template":"","meta":[],"product_brand":[],"product_cat":[67,71,70],"product_tag":[],"class_list":{"0":"post-989373","1":"product","2":"type-product","3":"status-publish","4":"has-post-thumbnail","6":"product_cat-kakes-makes-produkcija","7":"product_cat-kosmetika-ir-higiena","8":"product_cat-visos-prekes","10":"first","11":"instock","12":"shipping-taxable","13":"purchasable","14":"product-type-simple"},"yoast_head":"<!-- This site is optimized with the Yoast SEO plugin v25.8 - https:\/\/yoast.com\/wordpress\/plugins\/seo\/ -->\n<title>MARGARITA KAK\u0116 MAK\u0116 \u017demuogi\u0173 kvapo pur\u0161kiamas plauk\u0173 kondicionierius 150 ml - Matildoslituanistinemokykla<\/title>\n<meta name=\"robots\" content=\"index, follow, max-snippet:-1, max-image-preview:large, max-video-preview:-1\" \/>\n<link rel=\"canonical\" href=\"https:\/\/matildoslituanistinemokykla.co.uk\/en\/product\/margarita-kake-make-zemuogiu-kvapo-purskiamas-plauku-kondicionierius-150-ml\/\" \/>\n<meta property=\"og:locale\" content=\"en_GB\" \/>\n<meta property=\"og:type\" content=\"article\" \/>\n<meta property=\"og:title\" content=\"MARGARITA KAK\u0116 MAK\u0116 \u017demuogi\u0173 kvapo pur\u0161kiamas plauk\u0173 kondicionierius 150 ml - Matildoslituanistinemokykla\" \/>\n<meta property=\"og:description\" content=\"Kak\u0117 Mak\u0117 dabar \u017eino \u0161velni\u0173 plauk\u0173 paslapt\u012f: purk\u0161t purk\u0161t ant \u0161vari\u0173 saus\u0173 arba k\u0105 tik i\u0161plaut\u0173 plauk\u0173 ir jokios \u0161ukos nebaisios! Br\u016bk\u0161t br\u016bk\u0161t ir plaukai tampa \u0161veln\u016bs, blizg\u016bs ir ma\u017eiau elektrinasi. Gali b\u0117gti \u012f kiem\u0105 \u017eaisti su draugais. Ir kas \u010dia taip skaniai kvepia \u017eemuog\u0117mis?\" \/>\n<meta property=\"og:url\" content=\"https:\/\/matildoslituanistinemokykla.co.uk\/en\/product\/margarita-kake-make-zemuogiu-kvapo-purskiamas-plauku-kondicionierius-150-ml\/\" \/>\n<meta property=\"og:site_name\" content=\"Matildoslituanistinemokykla\" \/>\n<meta property=\"article:modified_time\" content=\"2025-03-14T09:51:18+00:00\" \/>\n<meta property=\"og:image\" content=\"https:\/\/matildoslituanistinemokykla.co.uk\/wp-content\/uploads\/2024\/01\/5-1.jpeg\" \/>\n\t<meta property=\"og:image:width\" content=\"280\" \/>\n\t<meta property=\"og:image:height\" content=\"640\" \/>\n\t<meta property=\"og:image:type\" content=\"image\/jpeg\" \/>\n<meta name=\"twitter:card\" content=\"summary_large_image\" \/>\n<meta name=\"twitter:label1\" content=\"Estimated reading time\" \/>\n\t<meta name=\"twitter:data1\" content=\"1 minute\" \/>\n<script type=\"application\/ld+json\" class=\"yoast-schema-graph\">{\"@context\":\"https:\/\/schema.org\",\"@graph\":[{\"@type\":\"WebPage\",\"@id\":\"https:\/\/matildoslituanistinemokykla.co.uk\/product\/margarita-kake-make-zemuogiu-kvapo-purskiamas-plauku-kondicionierius-150-ml\/\",\"url\":\"https:\/\/matildoslituanistinemokykla.co.uk\/product\/margarita-kake-make-zemuogiu-kvapo-purskiamas-plauku-kondicionierius-150-ml\/\",\"name\":\"MARGARITA KAK\u0116 MAK\u0116 \u017demuogi\u0173 kvapo pur\u0161kiamas plauk\u0173 kondicionierius 150 ml - Matildoslituanistinemokykla\",\"isPartOf\":{\"@id\":\"https:\/\/matildoslituanistinemokykla.co.uk\/#website\"},\"primaryImageOfPage\":{\"@id\":\"https:\/\/matildoslituanistinemokykla.co.uk\/product\/margarita-kake-make-zemuogiu-kvapo-purskiamas-plauku-kondicionierius-150-ml\/#primaryimage\"},\"image\":{\"@id\":\"https:\/\/matildoslituanistinemokykla.co.uk\/product\/margarita-kake-make-zemuogiu-kvapo-purskiamas-plauku-kondicionierius-150-ml\/#primaryimage\"},\"thumbnailUrl\":\"https:\/\/matildoslituanistinemokykla.co.uk\/wp-content\/uploads\/2024\/01\/5-1.jpeg\",\"datePublished\":\"2024-01-30T21:46:53+00:00\",\"dateModified\":\"2025-03-14T09:51:18+00:00\",\"breadcrumb\":{\"@id\":\"https:\/\/matildoslituanistinemokykla.co.uk\/product\/margarita-kake-make-zemuogiu-kvapo-purskiamas-plauku-kondicionierius-150-ml\/#breadcrumb\"},\"inLanguage\":\"en-GB\",\"potentialAction\":[{\"@type\":\"ReadAction\",\"target\":[\"https:\/\/matildoslituanistinemokykla.co.uk\/product\/margarita-kake-make-zemuogiu-kvapo-purskiamas-plauku-kondicionierius-150-ml\/\"]}]},{\"@type\":\"ImageObject\",\"inLanguage\":\"en-GB\",\"@id\":\"https:\/\/matildoslituanistinemokykla.co.uk\/product\/margarita-kake-make-zemuogiu-kvapo-purskiamas-plauku-kondicionierius-150-ml\/#primaryimage\",\"url\":\"https:\/\/matildoslituanistinemokykla.co.uk\/wp-content\/uploads\/2024\/01\/5-1.jpeg\",\"contentUrl\":\"https:\/\/matildoslituanistinemokykla.co.uk\/wp-content\/uploads\/2024\/01\/5-1.jpeg\",\"width\":280,\"height\":640},{\"@type\":\"BreadcrumbList\",\"@id\":\"https:\/\/matildoslituanistinemokykla.co.uk\/product\/margarita-kake-make-zemuogiu-kvapo-purskiamas-plauku-kondicionierius-150-ml\/#breadcrumb\",\"itemListElement\":[{\"@type\":\"ListItem\",\"position\":1,\"name\":\"Home\",\"item\":\"https:\/\/matildoslituanistinemokykla.co.uk\/\"},{\"@type\":\"ListItem\",\"position\":2,\"name\":\"Parduotuv\u0117\",\"item\":\"https:\/\/matildoslituanistinemokykla.co.uk\/parduotuve\/\"},{\"@type\":\"ListItem\",\"position\":3,\"name\":\"MARGARITA KAK\u0116 MAK\u0116 \u017demuogi\u0173 kvapo pur\u0161kiamas plauk\u0173 kondicionierius 150 ml\"}]},{\"@type\":\"WebSite\",\"@id\":\"https:\/\/matildoslituanistinemokykla.co.uk\/#website\",\"url\":\"https:\/\/matildoslituanistinemokykla.co.uk\/\",\"name\":\"Matildoslituanistinemokykla\",\"description\":\"\",\"publisher\":{\"@id\":\"https:\/\/matildoslituanistinemokykla.co.uk\/#organization\"},\"potentialAction\":[{\"@type\":\"SearchAction\",\"target\":{\"@type\":\"EntryPoint\",\"urlTemplate\":\"https:\/\/matildoslituanistinemokykla.co.uk\/?s={search_term_string}\"},\"query-input\":{\"@type\":\"PropertyValueSpecification\",\"valueRequired\":true,\"valueName\":\"search_term_string\"}}],\"inLanguage\":\"en-GB\"},{\"@type\":\"Organization\",\"@id\":\"https:\/\/matildoslituanistinemokykla.co.uk\/#organization\",\"name\":\"Matildoslituanistinemokykla\",\"url\":\"https:\/\/matildoslituanistinemokykla.co.uk\/\",\"logo\":{\"@type\":\"ImageObject\",\"inLanguage\":\"en-GB\",\"@id\":\"https:\/\/matildoslituanistinemokykla.co.uk\/#\/schema\/logo\/image\/\",\"url\":\"https:\/\/matildoslituanistinemokykla.co.uk\/wp-content\/uploads\/2023\/08\/Matildos-Lituanistine-mokykla_logo_final.png\",\"contentUrl\":\"https:\/\/matildoslituanistinemokykla.co.uk\/wp-content\/uploads\/2023\/08\/Matildos-Lituanistine-mokykla_logo_final.png\",\"width\":1203,\"height\":947,\"caption\":\"Matildoslituanistinemokykla\"},\"image\":{\"@id\":\"https:\/\/matildoslituanistinemokykla.co.uk\/#\/schema\/logo\/image\/\"}}]}<\/script>\n<!-- \/ Yoast SEO plugin. -->","yoast_head_json":{"title":"MARGARITA KAK\u0116 MAK\u0116 \u017demuogi\u0173 kvapo pur\u0161kiamas plauk\u0173 kondicionierius 150 ml - Matildoslituanistinemokykla","robots":{"index":"index","follow":"follow","max-snippet":"max-snippet:-1","max-image-preview":"max-image-preview:large","max-video-preview":"max-video-preview:-1"},"canonical":"https:\/\/matildoslituanistinemokykla.co.uk\/en\/product\/margarita-kake-make-zemuogiu-kvapo-purskiamas-plauku-kondicionierius-150-ml\/","og_locale":"en_GB","og_type":"article","og_title":"MARGARITA KAK\u0116 MAK\u0116 \u017demuogi\u0173 kvapo pur\u0161kiamas plauk\u0173 kondicionierius 150 ml - Matildoslituanistinemokykla","og_description":"Kak\u0117 Mak\u0117 dabar \u017eino \u0161velni\u0173 plauk\u0173 paslapt\u012f: purk\u0161t purk\u0161t ant \u0161vari\u0173 saus\u0173 arba k\u0105 tik i\u0161plaut\u0173 plauk\u0173 ir jokios \u0161ukos nebaisios! Br\u016bk\u0161t br\u016bk\u0161t ir plaukai tampa \u0161veln\u016bs, blizg\u016bs ir ma\u017eiau elektrinasi. Gali b\u0117gti \u012f kiem\u0105 \u017eaisti su draugais. Ir kas \u010dia taip skaniai kvepia \u017eemuog\u0117mis?","og_url":"https:\/\/matildoslituanistinemokykla.co.uk\/en\/product\/margarita-kake-make-zemuogiu-kvapo-purskiamas-plauku-kondicionierius-150-ml\/","og_site_name":"Matildoslituanistinemokykla","article_modified_time":"2025-03-14T09:51:18+00:00","og_image":[{"width":280,"height":640,"url":"https:\/\/matildoslituanistinemokykla.co.uk\/wp-content\/uploads\/2024\/01\/5-1.jpeg","type":"image\/jpeg"}],"twitter_card":"summary_large_image","twitter_misc":{"Estimated reading time":"1 minute"},"schema":{"@context":"https:\/\/schema.org","@graph":[{"@type":"WebPage","@id":"https:\/\/matildoslituanistinemokykla.co.uk\/product\/margarita-kake-make-zemuogiu-kvapo-purskiamas-plauku-kondicionierius-150-ml\/","url":"https:\/\/matildoslituanistinemokykla.co.uk\/product\/margarita-kake-make-zemuogiu-kvapo-purskiamas-plauku-kondicionierius-150-ml\/","name":"MARGARITA KAK\u0116 MAK\u0116 \u017demuogi\u0173 kvapo pur\u0161kiamas plauk\u0173 kondicionierius 150 ml - Matildoslituanistinemokykla","isPartOf":{"@id":"https:\/\/matildoslituanistinemokykla.co.uk\/#website"},"primaryImageOfPage":{"@id":"https:\/\/matildoslituanistinemokykla.co.uk\/product\/margarita-kake-make-zemuogiu-kvapo-purskiamas-plauku-kondicionierius-150-ml\/#primaryimage"},"image":{"@id":"https:\/\/matildoslituanistinemokykla.co.uk\/product\/margarita-kake-make-zemuogiu-kvapo-purskiamas-plauku-kondicionierius-150-ml\/#primaryimage"},"thumbnailUrl":"https:\/\/matildoslituanistinemokykla.co.uk\/wp-content\/uploads\/2024\/01\/5-1.jpeg","datePublished":"2024-01-30T21:46:53+00:00","dateModified":"2025-03-14T09:51:18+00:00","breadcrumb":{"@id":"https:\/\/matildoslituanistinemokykla.co.uk\/product\/margarita-kake-make-zemuogiu-kvapo-purskiamas-plauku-kondicionierius-150-ml\/#breadcrumb"},"inLanguage":"en-GB","potentialAction":[{"@type":"ReadAction","target":["https:\/\/matildoslituanistinemokykla.co.uk\/product\/margarita-kake-make-zemuogiu-kvapo-purskiamas-plauku-kondicionierius-150-ml\/"]}]},{"@type":"ImageObject","inLanguage":"en-GB","@id":"https:\/\/matildoslituanistinemokykla.co.uk\/product\/margarita-kake-make-zemuogiu-kvapo-purskiamas-plauku-kondicionierius-150-ml\/#primaryimage","url":"https:\/\/matildoslituanistinemokykla.co.uk\/wp-content\/uploads\/2024\/01\/5-1.jpeg","contentUrl":"https:\/\/matildoslituanistinemokykla.co.uk\/wp-content\/uploads\/2024\/01\/5-1.jpeg","width":280,"height":640},{"@type":"BreadcrumbList","@id":"https:\/\/matildoslituanistinemokykla.co.uk\/product\/margarita-kake-make-zemuogiu-kvapo-purskiamas-plauku-kondicionierius-150-ml\/#breadcrumb","itemListElement":[{"@type":"ListItem","position":1,"name":"Home","item":"https:\/\/matildoslituanistinemokykla.co.uk\/"},{"@type":"ListItem","position":2,"name":"Parduotuv\u0117","item":"https:\/\/matildoslituanistinemokykla.co.uk\/parduotuve\/"},{"@type":"ListItem","position":3,"name":"MARGARITA KAK\u0116 MAK\u0116 \u017demuogi\u0173 kvapo pur\u0161kiamas plauk\u0173 kondicionierius 150 ml"}]},{"@type":"WebSite","@id":"https:\/\/matildoslituanistinemokykla.co.uk\/#website","url":"https:\/\/matildoslituanistinemokykla.co.uk\/","name":"Matildoslituanistinemokykla","description":"","publisher":{"@id":"https:\/\/matildoslituanistinemokykla.co.uk\/#organization"},"potentialAction":[{"@type":"SearchAction","target":{"@type":"EntryPoint","urlTemplate":"https:\/\/matildoslituanistinemokykla.co.uk\/?s={search_term_string}"},"query-input":{"@type":"PropertyValueSpecification","valueRequired":true,"valueName":"search_term_string"}}],"inLanguage":"en-GB"},{"@type":"Organization","@id":"https:\/\/matildoslituanistinemokykla.co.uk\/#organization","name":"Matildoslituanistinemokykla","url":"https:\/\/matildoslituanistinemokykla.co.uk\/","logo":{"@type":"ImageObject","inLanguage":"en-GB","@id":"https:\/\/matildoslituanistinemokykla.co.uk\/#\/schema\/logo\/image\/","url":"https:\/\/matildoslituanistinemokykla.co.uk\/wp-content\/uploads\/2023\/08\/Matildos-Lituanistine-mokykla_logo_final.png","contentUrl":"https:\/\/matildoslituanistinemokykla.co.uk\/wp-content\/uploads\/2023\/08\/Matildos-Lituanistine-mokykla_logo_final.png","width":1203,"height":947,"caption":"Matildoslituanistinemokykla"},"image":{"@id":"https:\/\/matildoslituanistinemokykla.co.uk\/#\/schema\/logo\/image\/"}}]}},"_links":{"self":[{"href":"https:\/\/matildoslituanistinemokykla.co.uk\/en\/wp-json\/wp\/v2\/product\/989373","targetHints":{"allow":["GET"]}}],"collection":[{"href":"https:\/\/matildoslituanistinemokykla.co.uk\/en\/wp-json\/wp\/v2\/product"}],"about":[{"href":"https:\/\/matildoslituanistinemokykla.co.uk\/en\/wp-json\/wp\/v2\/types\/product"}],"replies":[{"embeddable":true,"href":"https:\/\/matildoslituanistinemokykla.co.uk\/en\/wp-json\/wp\/v2\/comments?post=989373"}],"wp:featuredmedia":[{"embeddable":true,"href":"https:\/\/matildoslituanistinemokykla.co.uk\/en\/wp-json\/wp\/v2\/media\/989374"}],"wp:attachment":[{"href":"https:\/\/matildoslituanistinemokykla.co.uk\/en\/wp-json\/wp\/v2\/media?parent=989373"}],"wp:term":[{"taxonomy":"product_brand","embeddable":true,"href":"https:\/\/matildoslituanistinemokykla.co.uk\/en\/wp-json\/wp\/v2\/product_brand?post=989373"},{"taxonomy":"product_cat","embeddable":true,"href":"https:\/\/matildoslituanistinemokykla.co.uk\/en\/wp-json\/wp\/v2\/product_cat?post=989373"},{"taxonomy":"product_tag","embeddable":true,"href":"https:\/\/matildoslituanistinemokykla.co.uk\/en\/wp-json\/wp\/v2\/product_tag?post=989373"}],"curies":[{"name":"wp","href":"https:\/\/api.w.org\/{rel}","templated":true}]}}