{"id":989375,"date":"2024-01-30T21:53:54","date_gmt":"2024-01-30T21:53:54","guid":{"rendered":"https:\/\/matildoslituanistinemokykla.co.uk\/?post_type=product&#038;p=989375"},"modified":"2025-03-14T09:54:31","modified_gmt":"2025-03-14T09:54:31","slug":"margarita-kakes-makes-apsauginis-lupu-piestukas-4g","status":"publish","type":"product","link":"https:\/\/matildoslituanistinemokykla.co.uk\/en\/product\/margarita-kakes-makes-apsauginis-lupu-piestukas-4g\/","title":{"rendered":"MARGARITA CAKE MACE Protective Lip Pencil 4g"},"content":{"rendered":"<div class=\"vgblk-rw-wrapper limit-wrapper\">PARAFFINUM LIQUIDUM, CERA ALBA, PARAFFIN, CERA MICROCRISTALLINA, COPERNICIA CERIFERA CERA, BUTYROSPERMUM PARKII BUTTER, SIMMONDSIA CHINENSIS SEED OIL, TOCOPHEROL ACETATE, PARFUM, CAPRYLYL GLYCOL, CAPRYLYL HYDROXAMIC ACID, GLYCERINE<\/div>\n<p><!-- .vgblk-rw-wrapper --><\/p>","protected":false},"excerpt":{"rendered":"<p>Vanilla scented lip protective hypoallergenic colourless lip pencil.<\/p>\n<p>Fairytale: Poppy the Pooh dabs her lips with a colourless, sweet vanilla-scented pencil and rushes into the yard. This magical protective lip pencil not only smells like ice cream, cupcakes or milkshake, but also protects your lips from the wind and cold! Suitable for children from 3 years.<\/p>","protected":false},"featured_media":989377,"comment_status":"open","ping_status":"closed","template":"","meta":[],"product_brand":[],"product_cat":[67,71,70],"product_tag":[],"class_list":{"0":"post-989375","1":"product","2":"type-product","3":"status-publish","4":"has-post-thumbnail","6":"product_cat-kakes-makes-produkcija","7":"product_cat-kosmetika-ir-higiena","8":"product_cat-visos-prekes","10":"first","11":"instock","12":"shipping-taxable","13":"purchasable","14":"product-type-simple"},"yoast_head":"<!-- This site is optimized with the Yoast SEO plugin v25.8 - https:\/\/yoast.com\/wordpress\/plugins\/seo\/ -->\n<title>MARGARITA KAK\u0116S MAK\u0116S Apsauginis l\u016bp\u0173 pie\u0161tukas 4g - Matildoslituanistinemokykla<\/title>\n<meta name=\"robots\" content=\"index, follow, max-snippet:-1, max-image-preview:large, max-video-preview:-1\" \/>\n<link rel=\"canonical\" href=\"https:\/\/matildoslituanistinemokykla.co.uk\/en\/product\/margarita-kakes-makes-apsauginis-lupu-piestukas-4g\/\" \/>\n<meta property=\"og:locale\" content=\"en_GB\" \/>\n<meta property=\"og:type\" content=\"article\" \/>\n<meta property=\"og:title\" content=\"MARGARITA KAK\u0116S MAK\u0116S Apsauginis l\u016bp\u0173 pie\u0161tukas 4g - Matildoslituanistinemokykla\" \/>\n<meta property=\"og:description\" content=\"Vanil\u0117s aromato su apsaugine l\u016bp\u0173 funkcija, hipoalerginis bespalvis l\u016bp\u0173 pie\u0161tukas.  Pasaka: Kak\u0117 Mak\u0117 pasitepa l\u016bpas bespalviu, sald\u017eia vanile kvepian\u010diu pie\u0161tuku ir skuba \u012f kiem\u0105. \u0160is stebuklingas apsauginis l\u016bp\u0173 pie\u0161tukas ne tik maloniai kvepia ledais, keksiukais ar pieni\u0161ku kokteiliu, bet ir saugo l\u016bpas nuo v\u0117jo ir \u0161al\u010dio! Tinka vaikams nuo 3 met\u0173.\" \/>\n<meta property=\"og:url\" content=\"https:\/\/matildoslituanistinemokykla.co.uk\/en\/product\/margarita-kakes-makes-apsauginis-lupu-piestukas-4g\/\" \/>\n<meta property=\"og:site_name\" content=\"Matildoslituanistinemokykla\" \/>\n<meta property=\"article:modified_time\" content=\"2025-03-14T09:54:31+00:00\" \/>\n<meta property=\"og:image\" content=\"https:\/\/matildoslituanistinemokykla.co.uk\/wp-content\/uploads\/2024\/01\/7.jpeg\" \/>\n\t<meta property=\"og:image:width\" content=\"480\" \/>\n\t<meta property=\"og:image:height\" content=\"480\" \/>\n\t<meta property=\"og:image:type\" content=\"image\/jpeg\" \/>\n<meta name=\"twitter:card\" content=\"summary_large_image\" \/>\n<meta name=\"twitter:label1\" content=\"Estimated reading time\" \/>\n\t<meta name=\"twitter:data1\" content=\"1 minute\" \/>\n<script type=\"application\/ld+json\" class=\"yoast-schema-graph\">{\"@context\":\"https:\/\/schema.org\",\"@graph\":[{\"@type\":\"WebPage\",\"@id\":\"https:\/\/matildoslituanistinemokykla.co.uk\/product\/margarita-kakes-makes-apsauginis-lupu-piestukas-4g\/\",\"url\":\"https:\/\/matildoslituanistinemokykla.co.uk\/product\/margarita-kakes-makes-apsauginis-lupu-piestukas-4g\/\",\"name\":\"MARGARITA KAK\u0116S MAK\u0116S Apsauginis l\u016bp\u0173 pie\u0161tukas 4g - Matildoslituanistinemokykla\",\"isPartOf\":{\"@id\":\"https:\/\/matildoslituanistinemokykla.co.uk\/#website\"},\"primaryImageOfPage\":{\"@id\":\"https:\/\/matildoslituanistinemokykla.co.uk\/product\/margarita-kakes-makes-apsauginis-lupu-piestukas-4g\/#primaryimage\"},\"image\":{\"@id\":\"https:\/\/matildoslituanistinemokykla.co.uk\/product\/margarita-kakes-makes-apsauginis-lupu-piestukas-4g\/#primaryimage\"},\"thumbnailUrl\":\"https:\/\/matildoslituanistinemokykla.co.uk\/wp-content\/uploads\/2024\/01\/7.jpeg\",\"datePublished\":\"2024-01-30T21:53:54+00:00\",\"dateModified\":\"2025-03-14T09:54:31+00:00\",\"breadcrumb\":{\"@id\":\"https:\/\/matildoslituanistinemokykla.co.uk\/product\/margarita-kakes-makes-apsauginis-lupu-piestukas-4g\/#breadcrumb\"},\"inLanguage\":\"en-GB\",\"potentialAction\":[{\"@type\":\"ReadAction\",\"target\":[\"https:\/\/matildoslituanistinemokykla.co.uk\/product\/margarita-kakes-makes-apsauginis-lupu-piestukas-4g\/\"]}]},{\"@type\":\"ImageObject\",\"inLanguage\":\"en-GB\",\"@id\":\"https:\/\/matildoslituanistinemokykla.co.uk\/product\/margarita-kakes-makes-apsauginis-lupu-piestukas-4g\/#primaryimage\",\"url\":\"https:\/\/matildoslituanistinemokykla.co.uk\/wp-content\/uploads\/2024\/01\/7.jpeg\",\"contentUrl\":\"https:\/\/matildoslituanistinemokykla.co.uk\/wp-content\/uploads\/2024\/01\/7.jpeg\",\"width\":480,\"height\":480},{\"@type\":\"BreadcrumbList\",\"@id\":\"https:\/\/matildoslituanistinemokykla.co.uk\/product\/margarita-kakes-makes-apsauginis-lupu-piestukas-4g\/#breadcrumb\",\"itemListElement\":[{\"@type\":\"ListItem\",\"position\":1,\"name\":\"Home\",\"item\":\"https:\/\/matildoslituanistinemokykla.co.uk\/\"},{\"@type\":\"ListItem\",\"position\":2,\"name\":\"Parduotuv\u0117\",\"item\":\"https:\/\/matildoslituanistinemokykla.co.uk\/parduotuve\/\"},{\"@type\":\"ListItem\",\"position\":3,\"name\":\"MARGARITA KAK\u0116S MAK\u0116S Apsauginis l\u016bp\u0173 pie\u0161tukas 4g\"}]},{\"@type\":\"WebSite\",\"@id\":\"https:\/\/matildoslituanistinemokykla.co.uk\/#website\",\"url\":\"https:\/\/matildoslituanistinemokykla.co.uk\/\",\"name\":\"Matildoslituanistinemokykla\",\"description\":\"\",\"publisher\":{\"@id\":\"https:\/\/matildoslituanistinemokykla.co.uk\/#organization\"},\"potentialAction\":[{\"@type\":\"SearchAction\",\"target\":{\"@type\":\"EntryPoint\",\"urlTemplate\":\"https:\/\/matildoslituanistinemokykla.co.uk\/?s={search_term_string}\"},\"query-input\":{\"@type\":\"PropertyValueSpecification\",\"valueRequired\":true,\"valueName\":\"search_term_string\"}}],\"inLanguage\":\"en-GB\"},{\"@type\":\"Organization\",\"@id\":\"https:\/\/matildoslituanistinemokykla.co.uk\/#organization\",\"name\":\"Matildoslituanistinemokykla\",\"url\":\"https:\/\/matildoslituanistinemokykla.co.uk\/\",\"logo\":{\"@type\":\"ImageObject\",\"inLanguage\":\"en-GB\",\"@id\":\"https:\/\/matildoslituanistinemokykla.co.uk\/#\/schema\/logo\/image\/\",\"url\":\"https:\/\/matildoslituanistinemokykla.co.uk\/wp-content\/uploads\/2023\/08\/Matildos-Lituanistine-mokykla_logo_final.png\",\"contentUrl\":\"https:\/\/matildoslituanistinemokykla.co.uk\/wp-content\/uploads\/2023\/08\/Matildos-Lituanistine-mokykla_logo_final.png\",\"width\":1203,\"height\":947,\"caption\":\"Matildoslituanistinemokykla\"},\"image\":{\"@id\":\"https:\/\/matildoslituanistinemokykla.co.uk\/#\/schema\/logo\/image\/\"}}]}<\/script>\n<!-- \/ Yoast SEO plugin. -->","yoast_head_json":{"title":"MARGARITA KAK\u0116S MAK\u0116S Apsauginis l\u016bp\u0173 pie\u0161tukas 4g - Matildoslituanistinemokykla","robots":{"index":"index","follow":"follow","max-snippet":"max-snippet:-1","max-image-preview":"max-image-preview:large","max-video-preview":"max-video-preview:-1"},"canonical":"https:\/\/matildoslituanistinemokykla.co.uk\/en\/product\/margarita-kakes-makes-apsauginis-lupu-piestukas-4g\/","og_locale":"en_GB","og_type":"article","og_title":"MARGARITA KAK\u0116S MAK\u0116S Apsauginis l\u016bp\u0173 pie\u0161tukas 4g - Matildoslituanistinemokykla","og_description":"Vanil\u0117s aromato su apsaugine l\u016bp\u0173 funkcija, hipoalerginis bespalvis l\u016bp\u0173 pie\u0161tukas.  Pasaka: Kak\u0117 Mak\u0117 pasitepa l\u016bpas bespalviu, sald\u017eia vanile kvepian\u010diu pie\u0161tuku ir skuba \u012f kiem\u0105. \u0160is stebuklingas apsauginis l\u016bp\u0173 pie\u0161tukas ne tik maloniai kvepia ledais, keksiukais ar pieni\u0161ku kokteiliu, bet ir saugo l\u016bpas nuo v\u0117jo ir \u0161al\u010dio! Tinka vaikams nuo 3 met\u0173.","og_url":"https:\/\/matildoslituanistinemokykla.co.uk\/en\/product\/margarita-kakes-makes-apsauginis-lupu-piestukas-4g\/","og_site_name":"Matildoslituanistinemokykla","article_modified_time":"2025-03-14T09:54:31+00:00","og_image":[{"width":480,"height":480,"url":"https:\/\/matildoslituanistinemokykla.co.uk\/wp-content\/uploads\/2024\/01\/7.jpeg","type":"image\/jpeg"}],"twitter_card":"summary_large_image","twitter_misc":{"Estimated reading time":"1 minute"},"schema":{"@context":"https:\/\/schema.org","@graph":[{"@type":"WebPage","@id":"https:\/\/matildoslituanistinemokykla.co.uk\/product\/margarita-kakes-makes-apsauginis-lupu-piestukas-4g\/","url":"https:\/\/matildoslituanistinemokykla.co.uk\/product\/margarita-kakes-makes-apsauginis-lupu-piestukas-4g\/","name":"MARGARITA KAK\u0116S MAK\u0116S Apsauginis l\u016bp\u0173 pie\u0161tukas 4g - Matildoslituanistinemokykla","isPartOf":{"@id":"https:\/\/matildoslituanistinemokykla.co.uk\/#website"},"primaryImageOfPage":{"@id":"https:\/\/matildoslituanistinemokykla.co.uk\/product\/margarita-kakes-makes-apsauginis-lupu-piestukas-4g\/#primaryimage"},"image":{"@id":"https:\/\/matildoslituanistinemokykla.co.uk\/product\/margarita-kakes-makes-apsauginis-lupu-piestukas-4g\/#primaryimage"},"thumbnailUrl":"https:\/\/matildoslituanistinemokykla.co.uk\/wp-content\/uploads\/2024\/01\/7.jpeg","datePublished":"2024-01-30T21:53:54+00:00","dateModified":"2025-03-14T09:54:31+00:00","breadcrumb":{"@id":"https:\/\/matildoslituanistinemokykla.co.uk\/product\/margarita-kakes-makes-apsauginis-lupu-piestukas-4g\/#breadcrumb"},"inLanguage":"en-GB","potentialAction":[{"@type":"ReadAction","target":["https:\/\/matildoslituanistinemokykla.co.uk\/product\/margarita-kakes-makes-apsauginis-lupu-piestukas-4g\/"]}]},{"@type":"ImageObject","inLanguage":"en-GB","@id":"https:\/\/matildoslituanistinemokykla.co.uk\/product\/margarita-kakes-makes-apsauginis-lupu-piestukas-4g\/#primaryimage","url":"https:\/\/matildoslituanistinemokykla.co.uk\/wp-content\/uploads\/2024\/01\/7.jpeg","contentUrl":"https:\/\/matildoslituanistinemokykla.co.uk\/wp-content\/uploads\/2024\/01\/7.jpeg","width":480,"height":480},{"@type":"BreadcrumbList","@id":"https:\/\/matildoslituanistinemokykla.co.uk\/product\/margarita-kakes-makes-apsauginis-lupu-piestukas-4g\/#breadcrumb","itemListElement":[{"@type":"ListItem","position":1,"name":"Home","item":"https:\/\/matildoslituanistinemokykla.co.uk\/"},{"@type":"ListItem","position":2,"name":"Parduotuv\u0117","item":"https:\/\/matildoslituanistinemokykla.co.uk\/parduotuve\/"},{"@type":"ListItem","position":3,"name":"MARGARITA KAK\u0116S MAK\u0116S Apsauginis l\u016bp\u0173 pie\u0161tukas 4g"}]},{"@type":"WebSite","@id":"https:\/\/matildoslituanistinemokykla.co.uk\/#website","url":"https:\/\/matildoslituanistinemokykla.co.uk\/","name":"Matildoslituanistinemokykla","description":"","publisher":{"@id":"https:\/\/matildoslituanistinemokykla.co.uk\/#organization"},"potentialAction":[{"@type":"SearchAction","target":{"@type":"EntryPoint","urlTemplate":"https:\/\/matildoslituanistinemokykla.co.uk\/?s={search_term_string}"},"query-input":{"@type":"PropertyValueSpecification","valueRequired":true,"valueName":"search_term_string"}}],"inLanguage":"en-GB"},{"@type":"Organization","@id":"https:\/\/matildoslituanistinemokykla.co.uk\/#organization","name":"Matildoslituanistinemokykla","url":"https:\/\/matildoslituanistinemokykla.co.uk\/","logo":{"@type":"ImageObject","inLanguage":"en-GB","@id":"https:\/\/matildoslituanistinemokykla.co.uk\/#\/schema\/logo\/image\/","url":"https:\/\/matildoslituanistinemokykla.co.uk\/wp-content\/uploads\/2023\/08\/Matildos-Lituanistine-mokykla_logo_final.png","contentUrl":"https:\/\/matildoslituanistinemokykla.co.uk\/wp-content\/uploads\/2023\/08\/Matildos-Lituanistine-mokykla_logo_final.png","width":1203,"height":947,"caption":"Matildoslituanistinemokykla"},"image":{"@id":"https:\/\/matildoslituanistinemokykla.co.uk\/#\/schema\/logo\/image\/"}}]}},"_links":{"self":[{"href":"https:\/\/matildoslituanistinemokykla.co.uk\/en\/wp-json\/wp\/v2\/product\/989375","targetHints":{"allow":["GET"]}}],"collection":[{"href":"https:\/\/matildoslituanistinemokykla.co.uk\/en\/wp-json\/wp\/v2\/product"}],"about":[{"href":"https:\/\/matildoslituanistinemokykla.co.uk\/en\/wp-json\/wp\/v2\/types\/product"}],"replies":[{"embeddable":true,"href":"https:\/\/matildoslituanistinemokykla.co.uk\/en\/wp-json\/wp\/v2\/comments?post=989375"}],"wp:featuredmedia":[{"embeddable":true,"href":"https:\/\/matildoslituanistinemokykla.co.uk\/en\/wp-json\/wp\/v2\/media\/989377"}],"wp:attachment":[{"href":"https:\/\/matildoslituanistinemokykla.co.uk\/en\/wp-json\/wp\/v2\/media?parent=989375"}],"wp:term":[{"taxonomy":"product_brand","embeddable":true,"href":"https:\/\/matildoslituanistinemokykla.co.uk\/en\/wp-json\/wp\/v2\/product_brand?post=989375"},{"taxonomy":"product_cat","embeddable":true,"href":"https:\/\/matildoslituanistinemokykla.co.uk\/en\/wp-json\/wp\/v2\/product_cat?post=989375"},{"taxonomy":"product_tag","embeddable":true,"href":"https:\/\/matildoslituanistinemokykla.co.uk\/en\/wp-json\/wp\/v2\/product_tag?post=989375"}],"curies":[{"name":"wp","href":"https:\/\/api.w.org\/{rel}","templated":true}]}}