{"id":989392,"date":"2024-02-05T20:00:14","date_gmt":"2024-02-05T20:00:14","guid":{"rendered":"https:\/\/matildoslituanistinemokykla.co.uk\/?post_type=product&#038;p=989392"},"modified":"2025-03-14T09:49:28","modified_gmt":"2025-03-14T09:49:28","slug":"kake-make-ir-draugystes-sluota","status":"publish","type":"product","link":"https:\/\/matildoslituanistinemokykla.co.uk\/en\/product\/kake-make-ir-draugystes-sluota\/","title":{"rendered":"KAKE MAKI AND THE FRIENDSHIP BROOM"},"content":{"rendered":"<div class=\"vgblk-rw-wrapper limit-wrapper\">\"Winnie the Pooh and the Friendship Broom\":<\/p>\n<p>- enrich vocabulary;<\/p>\n<p>- develops emotional intelligence and imagination;<\/p>\n<p>- teaches you to share;<\/p>\n<p>- Encourages children to play less competitive games and more bonding games that require joint effort;<\/p>\n<p>- Encourages playing with friends in the open air.<\/p>\n<p>Lina \u017dutaut\u0117 is an artist and writer, a favourite among children, born and still living in \u0160iauliai. Her first book \"Kak\u0117 Mak\u0117 ir Netvarkos nyk\u0161tukas\" (Poppy and the Dwarf of Disorder) was published in 2010 and was recognised as the best book for young readers by the International Children's and Young People's Literature Association (IBBY).In 2013 Lina \u017dutaute was awarded the Children's Literature Prize for her work for children, for the combination of image and word. Her work has been translated into Latvian, Estonian, Russian, Danish, Italian, Korean and many other languages. Having created one of the most famous Lithuanian literary characters - Kaka Mak\u0117 - the author never stops surprising little readers with new stories!<\/p>\n<p>If your little ones love Winnie-the-Pooh and her friends, we invite you to continue the educational journey by watching the Winnie-the-Pooh videos on Youtube:<\/p>\n<p>https:\/\/www.youtube.com\/channel\/UCFWLVZ8cVCyqvKmkEqUdK4w<\/p>\n<div><\/div>\n<div>\n<div>What do parents say about the book?<\/div>\n<div>\"Friendship is a very topical issue at the moment. This is what the new booklet is about. I am happy with the children because there is another new character! Winnie the Pooh has become a ritual at bedtime and in our parenting routine. Who better to learn from than our best friend Cornelia?\"<\/div>\n<div>Mama Ugne<\/div>\n<div><\/div>\n<div>The Kaki Mak\u0117 picture books are a hugely popular series of books about a five-year-old girl enjoying her childhood and trying to explore the world around her! And as she explores it, she faces different situations and challenges - fear, jealousy, anger, laziness. The unexpected stories, told through a wealth of unique illustrations, do not moralise, but help to spark a child's imagination and encourage her to find the right answer.<\/div>\n<div><\/div>\n<\/div>\n<\/div>\n<p><!-- .vgblk-rw-wrapper --><\/p>","protected":false},"excerpt":{"rendered":"<p><a class=\"link--big\" href=\"https:\/\/almalittera.lt\/collections\/lina-zutaute\">Lina \u017dutaut\u0117<\/a><\/p>\n<h2 class=\"product-full-width__description-title h1\">ABOUT THE KNIGHTS<\/h2>\n<div class=\"product-full-width__description-text\">\n<p>Recommended for children aged 3-6 years<\/p>\n<p>Hurry up! Poppy is already playing with her friends in the park and is waiting for you. An unexpected adventure awaits you, and a challenge that will require you to join forces to overcome!<\/p>\n<p>Winnie-the-Pooh loves to visit the city park. Her friends Agn\u0117 and Jonas are waiting for her there and, of course, the most exciting game in the world, \"Who's on first?\". After all, there's nothing more fun than being the first to get up, the highest and the fastest! But... really?<\/p>\n<p>Once, while playing, friends get lost. Kake Mak\u0117, Agn\u0117 and Jonas are about to meet a mysterious resident of the park, but also a true test of FRIENDSHIP. Will friendship win?<\/p>\n<p>\"This is a story about the inherent human desire to compete and compete, often without even thinking about where it leads. This urge is familiar to children and adults alike and leads to strange sensations reminiscent of roller coasters, where you feel the badness in your stomach along with the fun adrenaline rush. Competition divides more than it unites, and you lose more than you make,\" says psychologist Asta Bland\u0117.<\/p>\n<\/div>","protected":false},"featured_media":989393,"comment_status":"open","ping_status":"closed","template":"","meta":[],"product_brand":[],"product_cat":[68,70],"product_tag":[],"class_list":{"0":"post-989392","1":"product","2":"type-product","3":"status-publish","4":"has-post-thumbnail","6":"product_cat-knygos","7":"product_cat-visos-prekes","9":"first","10":"outofstock","11":"shipping-taxable","12":"purchasable","13":"product-type-simple"},"yoast_head":"<!-- This site is optimized with the Yoast SEO plugin v25.8 - https:\/\/yoast.com\/wordpress\/plugins\/seo\/ -->\n<title>KAK\u0116 MAK\u0116 IR DRAUGYST\u0116S \u0160LUOTA - Matildoslituanistinemokykla<\/title>\n<meta name=\"robots\" content=\"index, follow, max-snippet:-1, max-image-preview:large, max-video-preview:-1\" \/>\n<link rel=\"canonical\" href=\"https:\/\/matildoslituanistinemokykla.co.uk\/en\/product\/kake-make-ir-draugystes-sluota\/\" \/>\n<meta property=\"og:locale\" content=\"en_GB\" \/>\n<meta property=\"og:type\" content=\"article\" \/>\n<meta property=\"og:title\" content=\"KAK\u0116 MAK\u0116 IR DRAUGYST\u0116S \u0160LUOTA - Matildoslituanistinemokykla\" \/>\n<meta property=\"og:description\" content=\"Lina \u017dutaut\u0117 APIE KNYG\u0104   Rekomenduojama 3\u20136 met\u0173 vaikams  Paskub\u0117k! Kak\u0117 Mak\u0117 jau \u017eaid\u017eia su draugais parke ir laukia tav\u0119s. J\u016bs\u0173 laukia netik\u0117tas nuotykis ir u\u017eduotis, kuri\u0105 norint \u012fveikti reik\u0117s suvienyti j\u0117gas!  Kak\u0117 Mak\u0117 labai m\u0117gsta lankytis miesto parke. Ten jos laukia draugai Agn\u0117 su Jonu ir, \u017einoma, pats \u012fdomiausias \u017eaidimas pasaulyje \u201eKuris pirmas?\u201c. Juk nieko n\u0117ra smagiau, kaip pirmai pasisupti, kilti auk\u0161\u010diausiai, o b\u0117gti grei\u010diausiai! Bet... ar tikrai?  Kart\u0105 \u017eaisdami draugai pasiklysta. Kak\u0117s Mak\u0117s, Agn\u0117s ir Jono laukia ne tik pa\u017eintis su paslaptinga parko gyventoja, bet ir tikras DRAUGYST\u0116S i\u0161bandymas. Ar draugyst\u0117 laim\u0117s?  \u201eTai istorija apie \u017emogui b\u016bding\u0105 nor\u0105 rungtyniauti ir var\u017eytis, da\u017enai net nesusim\u0105stant, kur tai veda. \u0160is poreikis pa\u017e\u012fstamas tiek vaikams, tiek suaugusiesiems ir lemia keistus poj\u016b\u010dius, primenan\u010dius amerikieti\u0161kus kalnelius, kur kartu su smagiu adrenalinu pajunti skrandyje blogum\u0105. Var\u017eybos labiau skaldo, nei jungia, rungtyniaujant da\u017eniau prarandi, nei sukuri\u201c, \u2013 teigia psicholog\u0117 Asta Bland\u0117.\" \/>\n<meta property=\"og:url\" content=\"https:\/\/matildoslituanistinemokykla.co.uk\/en\/product\/kake-make-ir-draugystes-sluota\/\" \/>\n<meta property=\"og:site_name\" content=\"Matildoslituanistinemokykla\" \/>\n<meta property=\"article:modified_time\" content=\"2025-03-14T09:49:28+00:00\" \/>\n<meta property=\"og:image\" content=\"https:\/\/matildoslituanistinemokykla.co.uk\/wp-content\/uploads\/2024\/02\/31.webp\" \/>\n\t<meta property=\"og:image:width\" content=\"540\" \/>\n\t<meta property=\"og:image:height\" content=\"548\" \/>\n\t<meta property=\"og:image:type\" content=\"image\/webp\" \/>\n<meta name=\"twitter:card\" content=\"summary_large_image\" \/>\n<meta name=\"twitter:label1\" content=\"Estimated reading time\" \/>\n\t<meta name=\"twitter:data1\" content=\"2 minutes\" \/>\n<script type=\"application\/ld+json\" class=\"yoast-schema-graph\">{\"@context\":\"https:\/\/schema.org\",\"@graph\":[{\"@type\":\"WebPage\",\"@id\":\"https:\/\/matildoslituanistinemokykla.co.uk\/product\/kake-make-ir-draugystes-sluota\/\",\"url\":\"https:\/\/matildoslituanistinemokykla.co.uk\/product\/kake-make-ir-draugystes-sluota\/\",\"name\":\"KAK\u0116 MAK\u0116 IR DRAUGYST\u0116S \u0160LUOTA - Matildoslituanistinemokykla\",\"isPartOf\":{\"@id\":\"https:\/\/matildoslituanistinemokykla.co.uk\/#website\"},\"primaryImageOfPage\":{\"@id\":\"https:\/\/matildoslituanistinemokykla.co.uk\/product\/kake-make-ir-draugystes-sluota\/#primaryimage\"},\"image\":{\"@id\":\"https:\/\/matildoslituanistinemokykla.co.uk\/product\/kake-make-ir-draugystes-sluota\/#primaryimage\"},\"thumbnailUrl\":\"https:\/\/matildoslituanistinemokykla.co.uk\/wp-content\/uploads\/2024\/02\/31.webp\",\"datePublished\":\"2024-02-05T20:00:14+00:00\",\"dateModified\":\"2025-03-14T09:49:28+00:00\",\"breadcrumb\":{\"@id\":\"https:\/\/matildoslituanistinemokykla.co.uk\/product\/kake-make-ir-draugystes-sluota\/#breadcrumb\"},\"inLanguage\":\"en-GB\",\"potentialAction\":[{\"@type\":\"ReadAction\",\"target\":[\"https:\/\/matildoslituanistinemokykla.co.uk\/product\/kake-make-ir-draugystes-sluota\/\"]}]},{\"@type\":\"ImageObject\",\"inLanguage\":\"en-GB\",\"@id\":\"https:\/\/matildoslituanistinemokykla.co.uk\/product\/kake-make-ir-draugystes-sluota\/#primaryimage\",\"url\":\"https:\/\/matildoslituanistinemokykla.co.uk\/wp-content\/uploads\/2024\/02\/31.webp\",\"contentUrl\":\"https:\/\/matildoslituanistinemokykla.co.uk\/wp-content\/uploads\/2024\/02\/31.webp\",\"width\":540,\"height\":548},{\"@type\":\"BreadcrumbList\",\"@id\":\"https:\/\/matildoslituanistinemokykla.co.uk\/product\/kake-make-ir-draugystes-sluota\/#breadcrumb\",\"itemListElement\":[{\"@type\":\"ListItem\",\"position\":1,\"name\":\"Home\",\"item\":\"https:\/\/matildoslituanistinemokykla.co.uk\/\"},{\"@type\":\"ListItem\",\"position\":2,\"name\":\"Parduotuv\u0117\",\"item\":\"https:\/\/matildoslituanistinemokykla.co.uk\/parduotuve\/\"},{\"@type\":\"ListItem\",\"position\":3,\"name\":\"KAK\u0116 MAK\u0116 IR DRAUGYST\u0116S \u0160LUOTA\"}]},{\"@type\":\"WebSite\",\"@id\":\"https:\/\/matildoslituanistinemokykla.co.uk\/#website\",\"url\":\"https:\/\/matildoslituanistinemokykla.co.uk\/\",\"name\":\"Matildoslituanistinemokykla\",\"description\":\"\",\"publisher\":{\"@id\":\"https:\/\/matildoslituanistinemokykla.co.uk\/#organization\"},\"potentialAction\":[{\"@type\":\"SearchAction\",\"target\":{\"@type\":\"EntryPoint\",\"urlTemplate\":\"https:\/\/matildoslituanistinemokykla.co.uk\/?s={search_term_string}\"},\"query-input\":{\"@type\":\"PropertyValueSpecification\",\"valueRequired\":true,\"valueName\":\"search_term_string\"}}],\"inLanguage\":\"en-GB\"},{\"@type\":\"Organization\",\"@id\":\"https:\/\/matildoslituanistinemokykla.co.uk\/#organization\",\"name\":\"Matildoslituanistinemokykla\",\"url\":\"https:\/\/matildoslituanistinemokykla.co.uk\/\",\"logo\":{\"@type\":\"ImageObject\",\"inLanguage\":\"en-GB\",\"@id\":\"https:\/\/matildoslituanistinemokykla.co.uk\/#\/schema\/logo\/image\/\",\"url\":\"https:\/\/matildoslituanistinemokykla.co.uk\/wp-content\/uploads\/2023\/08\/Matildos-Lituanistine-mokykla_logo_final.png\",\"contentUrl\":\"https:\/\/matildoslituanistinemokykla.co.uk\/wp-content\/uploads\/2023\/08\/Matildos-Lituanistine-mokykla_logo_final.png\",\"width\":1203,\"height\":947,\"caption\":\"Matildoslituanistinemokykla\"},\"image\":{\"@id\":\"https:\/\/matildoslituanistinemokykla.co.uk\/#\/schema\/logo\/image\/\"}}]}<\/script>\n<!-- \/ Yoast SEO plugin. -->","yoast_head_json":{"title":"KAK\u0116 MAK\u0116 IR DRAUGYST\u0116S \u0160LUOTA - Matildoslituanistinemokykla","robots":{"index":"index","follow":"follow","max-snippet":"max-snippet:-1","max-image-preview":"max-image-preview:large","max-video-preview":"max-video-preview:-1"},"canonical":"https:\/\/matildoslituanistinemokykla.co.uk\/en\/product\/kake-make-ir-draugystes-sluota\/","og_locale":"en_GB","og_type":"article","og_title":"KAK\u0116 MAK\u0116 IR DRAUGYST\u0116S \u0160LUOTA - Matildoslituanistinemokykla","og_description":"Lina \u017dutaut\u0117 APIE KNYG\u0104   Rekomenduojama 3\u20136 met\u0173 vaikams  Paskub\u0117k! Kak\u0117 Mak\u0117 jau \u017eaid\u017eia su draugais parke ir laukia tav\u0119s. J\u016bs\u0173 laukia netik\u0117tas nuotykis ir u\u017eduotis, kuri\u0105 norint \u012fveikti reik\u0117s suvienyti j\u0117gas!  Kak\u0117 Mak\u0117 labai m\u0117gsta lankytis miesto parke. Ten jos laukia draugai Agn\u0117 su Jonu ir, \u017einoma, pats \u012fdomiausias \u017eaidimas pasaulyje \u201eKuris pirmas?\u201c. Juk nieko n\u0117ra smagiau, kaip pirmai pasisupti, kilti auk\u0161\u010diausiai, o b\u0117gti grei\u010diausiai! Bet... ar tikrai?  Kart\u0105 \u017eaisdami draugai pasiklysta. Kak\u0117s Mak\u0117s, Agn\u0117s ir Jono laukia ne tik pa\u017eintis su paslaptinga parko gyventoja, bet ir tikras DRAUGYST\u0116S i\u0161bandymas. Ar draugyst\u0117 laim\u0117s?  \u201eTai istorija apie \u017emogui b\u016bding\u0105 nor\u0105 rungtyniauti ir var\u017eytis, da\u017enai net nesusim\u0105stant, kur tai veda. \u0160is poreikis pa\u017e\u012fstamas tiek vaikams, tiek suaugusiesiems ir lemia keistus poj\u016b\u010dius, primenan\u010dius amerikieti\u0161kus kalnelius, kur kartu su smagiu adrenalinu pajunti skrandyje blogum\u0105. Var\u017eybos labiau skaldo, nei jungia, rungtyniaujant da\u017eniau prarandi, nei sukuri\u201c, \u2013 teigia psicholog\u0117 Asta Bland\u0117.","og_url":"https:\/\/matildoslituanistinemokykla.co.uk\/en\/product\/kake-make-ir-draugystes-sluota\/","og_site_name":"Matildoslituanistinemokykla","article_modified_time":"2025-03-14T09:49:28+00:00","og_image":[{"width":540,"height":548,"url":"https:\/\/matildoslituanistinemokykla.co.uk\/wp-content\/uploads\/2024\/02\/31.webp","type":"image\/webp"}],"twitter_card":"summary_large_image","twitter_misc":{"Estimated reading time":"2 minutes"},"schema":{"@context":"https:\/\/schema.org","@graph":[{"@type":"WebPage","@id":"https:\/\/matildoslituanistinemokykla.co.uk\/product\/kake-make-ir-draugystes-sluota\/","url":"https:\/\/matildoslituanistinemokykla.co.uk\/product\/kake-make-ir-draugystes-sluota\/","name":"KAK\u0116 MAK\u0116 IR DRAUGYST\u0116S \u0160LUOTA - Matildoslituanistinemokykla","isPartOf":{"@id":"https:\/\/matildoslituanistinemokykla.co.uk\/#website"},"primaryImageOfPage":{"@id":"https:\/\/matildoslituanistinemokykla.co.uk\/product\/kake-make-ir-draugystes-sluota\/#primaryimage"},"image":{"@id":"https:\/\/matildoslituanistinemokykla.co.uk\/product\/kake-make-ir-draugystes-sluota\/#primaryimage"},"thumbnailUrl":"https:\/\/matildoslituanistinemokykla.co.uk\/wp-content\/uploads\/2024\/02\/31.webp","datePublished":"2024-02-05T20:00:14+00:00","dateModified":"2025-03-14T09:49:28+00:00","breadcrumb":{"@id":"https:\/\/matildoslituanistinemokykla.co.uk\/product\/kake-make-ir-draugystes-sluota\/#breadcrumb"},"inLanguage":"en-GB","potentialAction":[{"@type":"ReadAction","target":["https:\/\/matildoslituanistinemokykla.co.uk\/product\/kake-make-ir-draugystes-sluota\/"]}]},{"@type":"ImageObject","inLanguage":"en-GB","@id":"https:\/\/matildoslituanistinemokykla.co.uk\/product\/kake-make-ir-draugystes-sluota\/#primaryimage","url":"https:\/\/matildoslituanistinemokykla.co.uk\/wp-content\/uploads\/2024\/02\/31.webp","contentUrl":"https:\/\/matildoslituanistinemokykla.co.uk\/wp-content\/uploads\/2024\/02\/31.webp","width":540,"height":548},{"@type":"BreadcrumbList","@id":"https:\/\/matildoslituanistinemokykla.co.uk\/product\/kake-make-ir-draugystes-sluota\/#breadcrumb","itemListElement":[{"@type":"ListItem","position":1,"name":"Home","item":"https:\/\/matildoslituanistinemokykla.co.uk\/"},{"@type":"ListItem","position":2,"name":"Parduotuv\u0117","item":"https:\/\/matildoslituanistinemokykla.co.uk\/parduotuve\/"},{"@type":"ListItem","position":3,"name":"KAK\u0116 MAK\u0116 IR DRAUGYST\u0116S \u0160LUOTA"}]},{"@type":"WebSite","@id":"https:\/\/matildoslituanistinemokykla.co.uk\/#website","url":"https:\/\/matildoslituanistinemokykla.co.uk\/","name":"Matildoslituanistinemokykla","description":"","publisher":{"@id":"https:\/\/matildoslituanistinemokykla.co.uk\/#organization"},"potentialAction":[{"@type":"SearchAction","target":{"@type":"EntryPoint","urlTemplate":"https:\/\/matildoslituanistinemokykla.co.uk\/?s={search_term_string}"},"query-input":{"@type":"PropertyValueSpecification","valueRequired":true,"valueName":"search_term_string"}}],"inLanguage":"en-GB"},{"@type":"Organization","@id":"https:\/\/matildoslituanistinemokykla.co.uk\/#organization","name":"Matildoslituanistinemokykla","url":"https:\/\/matildoslituanistinemokykla.co.uk\/","logo":{"@type":"ImageObject","inLanguage":"en-GB","@id":"https:\/\/matildoslituanistinemokykla.co.uk\/#\/schema\/logo\/image\/","url":"https:\/\/matildoslituanistinemokykla.co.uk\/wp-content\/uploads\/2023\/08\/Matildos-Lituanistine-mokykla_logo_final.png","contentUrl":"https:\/\/matildoslituanistinemokykla.co.uk\/wp-content\/uploads\/2023\/08\/Matildos-Lituanistine-mokykla_logo_final.png","width":1203,"height":947,"caption":"Matildoslituanistinemokykla"},"image":{"@id":"https:\/\/matildoslituanistinemokykla.co.uk\/#\/schema\/logo\/image\/"}}]}},"_links":{"self":[{"href":"https:\/\/matildoslituanistinemokykla.co.uk\/en\/wp-json\/wp\/v2\/product\/989392","targetHints":{"allow":["GET"]}}],"collection":[{"href":"https:\/\/matildoslituanistinemokykla.co.uk\/en\/wp-json\/wp\/v2\/product"}],"about":[{"href":"https:\/\/matildoslituanistinemokykla.co.uk\/en\/wp-json\/wp\/v2\/types\/product"}],"replies":[{"embeddable":true,"href":"https:\/\/matildoslituanistinemokykla.co.uk\/en\/wp-json\/wp\/v2\/comments?post=989392"}],"wp:featuredmedia":[{"embeddable":true,"href":"https:\/\/matildoslituanistinemokykla.co.uk\/en\/wp-json\/wp\/v2\/media\/989393"}],"wp:attachment":[{"href":"https:\/\/matildoslituanistinemokykla.co.uk\/en\/wp-json\/wp\/v2\/media?parent=989392"}],"wp:term":[{"taxonomy":"product_brand","embeddable":true,"href":"https:\/\/matildoslituanistinemokykla.co.uk\/en\/wp-json\/wp\/v2\/product_brand?post=989392"},{"taxonomy":"product_cat","embeddable":true,"href":"https:\/\/matildoslituanistinemokykla.co.uk\/en\/wp-json\/wp\/v2\/product_cat?post=989392"},{"taxonomy":"product_tag","embeddable":true,"href":"https:\/\/matildoslituanistinemokykla.co.uk\/en\/wp-json\/wp\/v2\/product_tag?post=989392"}],"curies":[{"name":"wp","href":"https:\/\/api.w.org\/{rel}","templated":true}]}}