{"id":989396,"date":"2024-02-05T20:04:06","date_gmt":"2024-02-05T20:04:06","guid":{"rendered":"https:\/\/matildoslituanistinemokykla.co.uk\/?post_type=product&#038;p=989396"},"modified":"2025-03-14T09:49:16","modified_gmt":"2025-03-14T09:49:16","slug":"kake-make-ir-katinas-vienai-savaitei","status":"publish","type":"product","link":"https:\/\/matildoslituanistinemokykla.co.uk\/en\/product\/kake-make-ir-katinas-vienai-savaitei\/","title":{"rendered":"A FEMALE CAT AND A MALE CAT FOR ONE WEEK"},"content":{"rendered":"<div class=\"vgblk-rw-wrapper limit-wrapper\">Recommended for children aged 3-6 years<\/p>\n<p>If your little ones love Winnie-the-Pooh and her friends, we invite you to continue the educational journey by watching the Winnie-the-Pooh videos on YOUTUBE:<\/p>\n<p><a href=\"https:\/\/www.youtube.com\/channel\/UCFWLVZ8cVCyqvKmkEqUdK4w\">https:\/\/www.youtube.com\/channel\/UCFWLVZ8cVCyqvKmkEqUdK4w<\/a><\/p>\n<p>For more adventures of Katya Mak\u0117, click here:<\/p>\n<p>- Winnie-the-Pooh and the Gnome of Disorder<\/p>\n<p>- Winnie the Pooh and the Runaway Ears<\/p>\n<p>- Winnie the Pooh and the Big Dark<\/p>\n<p>- Winnie the Pooh and the Dream Birthday<\/p>\n<p>- Winnie the Pooh and Stolen Time<\/p>\n<p>- Winnie-the-Pooh and the Tooth Fairy Feast<\/p>\n<p>- Winnie the Pooh and Superdad's Day<\/p>\n<p>- Winnie the Pooh and the Friendship Broom<\/p>\n<p>- Winnie the Pooh and a terrible injustice<\/p>\n<p>- Winnie the Pooh and a magical journey<\/p><\/div>\n<p><!-- .vgblk-rw-wrapper --><\/p>","protected":false},"excerpt":{"rendered":"<h2><a class=\"link--big\" href=\"https:\/\/almalittera.lt\/collections\/lina-zutaute\">Lina \u017dutaut\u0117<\/a><\/h2>\n<h2 style=\"font-weight: 400;\">ABOUT THE KNIGHTS<\/h2>\n<p>K\u00e5ke Mak\u0117 and her family left the cat show delighted! What neat, clean and cultured cats! As if on cue, a stray one-eyed cat wanders into their path on the way home. Maki wants to take him in, but her parents only agree to take him in for a week... The mischievous cat immediately chews up her grandmother's flowers, throws her hair everywhere and tears up the furniture. But it's so much fun and good to be with him! Even Chiuccia the dog likes him very much. Could it be that the cat has already found his home?<\/p>\n<p><i>It is an incredibly warm and funny story about responsibility for pets, children's great love for animals and how disability is not a barrier to living a full life.<\/i><\/p>\n<p>Children's Literature Specialist<\/p>\n<p>Egl\u0117 Baliutavi\u010di\u016bt\u0117<\/p>\n<p>&nbsp;<\/p>\n<p>&nbsp;<\/p>\n<p><i>It is a story about an important childhood topic - pets - and an experience that almost all of us have lived through. By entering the world of Katya Maki, we have the opportunity to see the power of compassion, care and help. It makes a difference in the lives of both pets and people. I invite you and your children to see and experience this.\u00a0<\/i><\/p>\n<p>Psychologist Asta Bland\u0117<\/p>\n<p>&nbsp;<\/p>\n<p>The book \"Winnie the Pooh and the Cat for a Week\":<\/p>\n<ul>\n<li>Develops emotional intelligence<\/li>\n<li>Develops the imagination<\/li>\n<li>Enriching vocabulary<\/li>\n<\/ul>","protected":false},"featured_media":989397,"comment_status":"open","ping_status":"closed","template":"","meta":[],"product_brand":[],"product_cat":[68,70],"product_tag":[],"class_list":{"0":"post-989396","1":"product","2":"type-product","3":"status-publish","4":"has-post-thumbnail","6":"product_cat-knygos","7":"product_cat-visos-prekes","9":"first","10":"outofstock","11":"shipping-taxable","12":"purchasable","13":"product-type-simple"},"yoast_head":"<!-- This site is optimized with the Yoast SEO plugin v25.8 - https:\/\/yoast.com\/wordpress\/plugins\/seo\/ -->\n<title>KAK\u0116 MAK\u0116 IR KATINAS VIENAI SAVAITEI - Matildoslituanistinemokykla<\/title>\n<meta name=\"robots\" content=\"index, follow, max-snippet:-1, max-image-preview:large, max-video-preview:-1\" \/>\n<link rel=\"canonical\" href=\"https:\/\/matildoslituanistinemokykla.co.uk\/en\/product\/kake-make-ir-katinas-vienai-savaitei\/\" \/>\n<meta property=\"og:locale\" content=\"en_GB\" \/>\n<meta property=\"og:type\" content=\"article\" \/>\n<meta property=\"og:title\" content=\"KAK\u0116 MAK\u0116 IR KATINAS VIENAI SAVAITEI - Matildoslituanistinemokykla\" \/>\n<meta property=\"og:description\" content=\"Lina \u017dutaut\u0117 APIE KNYG\u0104 I\u0161 ka\u010di\u0173 parodos Kak\u0117 Mak\u0117 su visa \u0161eima i\u0161\u0117jo su\u017eav\u0117ti! Kokios kat\u0117s tvarkingos, \u0161varios ir kult\u016bringos! Kaip ty\u010dia, einant namo j\u0173 kelyje i\u0161dygsta benamis vienaakis katinas. Kak\u0117 Mak\u0117 u\u017esigeid\u017eia j\u012f pasiimti, ta\u010diau t\u0117vai sutinka priglausti tik savaitei\u2026 Pad\u016bk\u0117lis katinas tuojau nugrau\u017eia mo\u010diut\u0117s g\u0117les, visur m\u0117to plaukus ir drasko baldus. Bet kaip su juo smagu ir gera! Net \u0161uneliui \u010ci\u016b\u010diai jis labai patinka. Ar gali b\u016bti, kad katinas jau rado savo namus?  Tai nepaprastai \u0161ilta ir kupina juoking\u0173 situacij\u0173 istorija apie atsakomyb\u0119 u\u017e augintinius, didel\u0119 vaik\u0173 meil\u0119 gyv\u016bnams ir tai, kad negalia n\u0117ra kli\u016btis gyventi visavert\u012f gyvenim\u0105.  Vaik\u0173 literat\u016bros specialist\u0117  Egl\u0117 Baliutavi\u010di\u016bt\u0117  &nbsp;  &nbsp;  Tai pasakojimas apie svarbi\u0105 vaikyst\u0117s tem\u0105 \u2013 augintinius \u2013 ir patirt\u012f, kuri\u0105 beveik kiekvienas esame i\u0161gyven\u0119. Nusikeldami \u012f Kak\u0117s Mak\u0117s pasaul\u012f, turime galimyb\u0119 pamatyti, kokia galinga yra atjautos, r\u016bpes\u010dio ir pagalbos j\u0117ga. Ji atne\u0161a poky\u010di\u0173 tiek \u012f augintini\u0173, tiek \u012f \u017emoni\u0173 gyvenim\u0105. Kvie\u010diu tai pasteb\u0117ti ir patirti tiek jums, tiek j\u016bs\u0173 vaikams.\u00a0  Psicholog\u0117 Asta Bland\u0117  &nbsp;  Knyga \u201eKak\u0117 Mak\u0117 ir katinas vienai savaitei\u201c:   Lavina emocin\u012f intelekt\u0105  Ugdo vaizduot\u0119  Turtina \u017eodyn\u0105\" \/>\n<meta property=\"og:url\" content=\"https:\/\/matildoslituanistinemokykla.co.uk\/en\/product\/kake-make-ir-katinas-vienai-savaitei\/\" \/>\n<meta property=\"og:site_name\" content=\"Matildoslituanistinemokykla\" \/>\n<meta property=\"article:modified_time\" content=\"2025-03-14T09:49:16+00:00\" \/>\n<meta property=\"og:image\" content=\"https:\/\/matildoslituanistinemokykla.co.uk\/wp-content\/uploads\/2024\/02\/41.webp\" \/>\n\t<meta property=\"og:image:width\" content=\"540\" \/>\n\t<meta property=\"og:image:height\" content=\"545\" \/>\n\t<meta property=\"og:image:type\" content=\"image\/webp\" \/>\n<meta name=\"twitter:card\" content=\"summary_large_image\" \/>\n<meta name=\"twitter:label1\" content=\"Estimated reading time\" \/>\n\t<meta name=\"twitter:data1\" content=\"1 minute\" \/>\n<script type=\"application\/ld+json\" class=\"yoast-schema-graph\">{\"@context\":\"https:\/\/schema.org\",\"@graph\":[{\"@type\":\"WebPage\",\"@id\":\"https:\/\/matildoslituanistinemokykla.co.uk\/product\/kake-make-ir-katinas-vienai-savaitei\/\",\"url\":\"https:\/\/matildoslituanistinemokykla.co.uk\/product\/kake-make-ir-katinas-vienai-savaitei\/\",\"name\":\"KAK\u0116 MAK\u0116 IR KATINAS VIENAI SAVAITEI - Matildoslituanistinemokykla\",\"isPartOf\":{\"@id\":\"https:\/\/matildoslituanistinemokykla.co.uk\/#website\"},\"primaryImageOfPage\":{\"@id\":\"https:\/\/matildoslituanistinemokykla.co.uk\/product\/kake-make-ir-katinas-vienai-savaitei\/#primaryimage\"},\"image\":{\"@id\":\"https:\/\/matildoslituanistinemokykla.co.uk\/product\/kake-make-ir-katinas-vienai-savaitei\/#primaryimage\"},\"thumbnailUrl\":\"https:\/\/matildoslituanistinemokykla.co.uk\/wp-content\/uploads\/2024\/02\/41.webp\",\"datePublished\":\"2024-02-05T20:04:06+00:00\",\"dateModified\":\"2025-03-14T09:49:16+00:00\",\"breadcrumb\":{\"@id\":\"https:\/\/matildoslituanistinemokykla.co.uk\/product\/kake-make-ir-katinas-vienai-savaitei\/#breadcrumb\"},\"inLanguage\":\"en-GB\",\"potentialAction\":[{\"@type\":\"ReadAction\",\"target\":[\"https:\/\/matildoslituanistinemokykla.co.uk\/product\/kake-make-ir-katinas-vienai-savaitei\/\"]}]},{\"@type\":\"ImageObject\",\"inLanguage\":\"en-GB\",\"@id\":\"https:\/\/matildoslituanistinemokykla.co.uk\/product\/kake-make-ir-katinas-vienai-savaitei\/#primaryimage\",\"url\":\"https:\/\/matildoslituanistinemokykla.co.uk\/wp-content\/uploads\/2024\/02\/41.webp\",\"contentUrl\":\"https:\/\/matildoslituanistinemokykla.co.uk\/wp-content\/uploads\/2024\/02\/41.webp\",\"width\":540,\"height\":545},{\"@type\":\"BreadcrumbList\",\"@id\":\"https:\/\/matildoslituanistinemokykla.co.uk\/product\/kake-make-ir-katinas-vienai-savaitei\/#breadcrumb\",\"itemListElement\":[{\"@type\":\"ListItem\",\"position\":1,\"name\":\"Home\",\"item\":\"https:\/\/matildoslituanistinemokykla.co.uk\/\"},{\"@type\":\"ListItem\",\"position\":2,\"name\":\"Parduotuv\u0117\",\"item\":\"https:\/\/matildoslituanistinemokykla.co.uk\/parduotuve\/\"},{\"@type\":\"ListItem\",\"position\":3,\"name\":\"KAK\u0116 MAK\u0116 IR KATINAS VIENAI SAVAITEI\"}]},{\"@type\":\"WebSite\",\"@id\":\"https:\/\/matildoslituanistinemokykla.co.uk\/#website\",\"url\":\"https:\/\/matildoslituanistinemokykla.co.uk\/\",\"name\":\"Matildoslituanistinemokykla\",\"description\":\"\",\"publisher\":{\"@id\":\"https:\/\/matildoslituanistinemokykla.co.uk\/#organization\"},\"potentialAction\":[{\"@type\":\"SearchAction\",\"target\":{\"@type\":\"EntryPoint\",\"urlTemplate\":\"https:\/\/matildoslituanistinemokykla.co.uk\/?s={search_term_string}\"},\"query-input\":{\"@type\":\"PropertyValueSpecification\",\"valueRequired\":true,\"valueName\":\"search_term_string\"}}],\"inLanguage\":\"en-GB\"},{\"@type\":\"Organization\",\"@id\":\"https:\/\/matildoslituanistinemokykla.co.uk\/#organization\",\"name\":\"Matildoslituanistinemokykla\",\"url\":\"https:\/\/matildoslituanistinemokykla.co.uk\/\",\"logo\":{\"@type\":\"ImageObject\",\"inLanguage\":\"en-GB\",\"@id\":\"https:\/\/matildoslituanistinemokykla.co.uk\/#\/schema\/logo\/image\/\",\"url\":\"https:\/\/matildoslituanistinemokykla.co.uk\/wp-content\/uploads\/2023\/08\/Matildos-Lituanistine-mokykla_logo_final.png\",\"contentUrl\":\"https:\/\/matildoslituanistinemokykla.co.uk\/wp-content\/uploads\/2023\/08\/Matildos-Lituanistine-mokykla_logo_final.png\",\"width\":1203,\"height\":947,\"caption\":\"Matildoslituanistinemokykla\"},\"image\":{\"@id\":\"https:\/\/matildoslituanistinemokykla.co.uk\/#\/schema\/logo\/image\/\"}}]}<\/script>\n<!-- \/ Yoast SEO plugin. -->","yoast_head_json":{"title":"KAK\u0116 MAK\u0116 IR KATINAS VIENAI SAVAITEI - Matildoslituanistinemokykla","robots":{"index":"index","follow":"follow","max-snippet":"max-snippet:-1","max-image-preview":"max-image-preview:large","max-video-preview":"max-video-preview:-1"},"canonical":"https:\/\/matildoslituanistinemokykla.co.uk\/en\/product\/kake-make-ir-katinas-vienai-savaitei\/","og_locale":"en_GB","og_type":"article","og_title":"KAK\u0116 MAK\u0116 IR KATINAS VIENAI SAVAITEI - Matildoslituanistinemokykla","og_description":"Lina \u017dutaut\u0117 APIE KNYG\u0104 I\u0161 ka\u010di\u0173 parodos Kak\u0117 Mak\u0117 su visa \u0161eima i\u0161\u0117jo su\u017eav\u0117ti! Kokios kat\u0117s tvarkingos, \u0161varios ir kult\u016bringos! Kaip ty\u010dia, einant namo j\u0173 kelyje i\u0161dygsta benamis vienaakis katinas. Kak\u0117 Mak\u0117 u\u017esigeid\u017eia j\u012f pasiimti, ta\u010diau t\u0117vai sutinka priglausti tik savaitei\u2026 Pad\u016bk\u0117lis katinas tuojau nugrau\u017eia mo\u010diut\u0117s g\u0117les, visur m\u0117to plaukus ir drasko baldus. Bet kaip su juo smagu ir gera! Net \u0161uneliui \u010ci\u016b\u010diai jis labai patinka. Ar gali b\u016bti, kad katinas jau rado savo namus?  Tai nepaprastai \u0161ilta ir kupina juoking\u0173 situacij\u0173 istorija apie atsakomyb\u0119 u\u017e augintinius, didel\u0119 vaik\u0173 meil\u0119 gyv\u016bnams ir tai, kad negalia n\u0117ra kli\u016btis gyventi visavert\u012f gyvenim\u0105.  Vaik\u0173 literat\u016bros specialist\u0117  Egl\u0117 Baliutavi\u010di\u016bt\u0117  &nbsp;  &nbsp;  Tai pasakojimas apie svarbi\u0105 vaikyst\u0117s tem\u0105 \u2013 augintinius \u2013 ir patirt\u012f, kuri\u0105 beveik kiekvienas esame i\u0161gyven\u0119. Nusikeldami \u012f Kak\u0117s Mak\u0117s pasaul\u012f, turime galimyb\u0119 pamatyti, kokia galinga yra atjautos, r\u016bpes\u010dio ir pagalbos j\u0117ga. Ji atne\u0161a poky\u010di\u0173 tiek \u012f augintini\u0173, tiek \u012f \u017emoni\u0173 gyvenim\u0105. Kvie\u010diu tai pasteb\u0117ti ir patirti tiek jums, tiek j\u016bs\u0173 vaikams.\u00a0  Psicholog\u0117 Asta Bland\u0117  &nbsp;  Knyga \u201eKak\u0117 Mak\u0117 ir katinas vienai savaitei\u201c:   Lavina emocin\u012f intelekt\u0105  Ugdo vaizduot\u0119  Turtina \u017eodyn\u0105","og_url":"https:\/\/matildoslituanistinemokykla.co.uk\/en\/product\/kake-make-ir-katinas-vienai-savaitei\/","og_site_name":"Matildoslituanistinemokykla","article_modified_time":"2025-03-14T09:49:16+00:00","og_image":[{"width":540,"height":545,"url":"https:\/\/matildoslituanistinemokykla.co.uk\/wp-content\/uploads\/2024\/02\/41.webp","type":"image\/webp"}],"twitter_card":"summary_large_image","twitter_misc":{"Estimated reading time":"1 minute"},"schema":{"@context":"https:\/\/schema.org","@graph":[{"@type":"WebPage","@id":"https:\/\/matildoslituanistinemokykla.co.uk\/product\/kake-make-ir-katinas-vienai-savaitei\/","url":"https:\/\/matildoslituanistinemokykla.co.uk\/product\/kake-make-ir-katinas-vienai-savaitei\/","name":"KAK\u0116 MAK\u0116 IR KATINAS VIENAI SAVAITEI - Matildoslituanistinemokykla","isPartOf":{"@id":"https:\/\/matildoslituanistinemokykla.co.uk\/#website"},"primaryImageOfPage":{"@id":"https:\/\/matildoslituanistinemokykla.co.uk\/product\/kake-make-ir-katinas-vienai-savaitei\/#primaryimage"},"image":{"@id":"https:\/\/matildoslituanistinemokykla.co.uk\/product\/kake-make-ir-katinas-vienai-savaitei\/#primaryimage"},"thumbnailUrl":"https:\/\/matildoslituanistinemokykla.co.uk\/wp-content\/uploads\/2024\/02\/41.webp","datePublished":"2024-02-05T20:04:06+00:00","dateModified":"2025-03-14T09:49:16+00:00","breadcrumb":{"@id":"https:\/\/matildoslituanistinemokykla.co.uk\/product\/kake-make-ir-katinas-vienai-savaitei\/#breadcrumb"},"inLanguage":"en-GB","potentialAction":[{"@type":"ReadAction","target":["https:\/\/matildoslituanistinemokykla.co.uk\/product\/kake-make-ir-katinas-vienai-savaitei\/"]}]},{"@type":"ImageObject","inLanguage":"en-GB","@id":"https:\/\/matildoslituanistinemokykla.co.uk\/product\/kake-make-ir-katinas-vienai-savaitei\/#primaryimage","url":"https:\/\/matildoslituanistinemokykla.co.uk\/wp-content\/uploads\/2024\/02\/41.webp","contentUrl":"https:\/\/matildoslituanistinemokykla.co.uk\/wp-content\/uploads\/2024\/02\/41.webp","width":540,"height":545},{"@type":"BreadcrumbList","@id":"https:\/\/matildoslituanistinemokykla.co.uk\/product\/kake-make-ir-katinas-vienai-savaitei\/#breadcrumb","itemListElement":[{"@type":"ListItem","position":1,"name":"Home","item":"https:\/\/matildoslituanistinemokykla.co.uk\/"},{"@type":"ListItem","position":2,"name":"Parduotuv\u0117","item":"https:\/\/matildoslituanistinemokykla.co.uk\/parduotuve\/"},{"@type":"ListItem","position":3,"name":"KAK\u0116 MAK\u0116 IR KATINAS VIENAI SAVAITEI"}]},{"@type":"WebSite","@id":"https:\/\/matildoslituanistinemokykla.co.uk\/#website","url":"https:\/\/matildoslituanistinemokykla.co.uk\/","name":"Matildoslituanistinemokykla","description":"","publisher":{"@id":"https:\/\/matildoslituanistinemokykla.co.uk\/#organization"},"potentialAction":[{"@type":"SearchAction","target":{"@type":"EntryPoint","urlTemplate":"https:\/\/matildoslituanistinemokykla.co.uk\/?s={search_term_string}"},"query-input":{"@type":"PropertyValueSpecification","valueRequired":true,"valueName":"search_term_string"}}],"inLanguage":"en-GB"},{"@type":"Organization","@id":"https:\/\/matildoslituanistinemokykla.co.uk\/#organization","name":"Matildoslituanistinemokykla","url":"https:\/\/matildoslituanistinemokykla.co.uk\/","logo":{"@type":"ImageObject","inLanguage":"en-GB","@id":"https:\/\/matildoslituanistinemokykla.co.uk\/#\/schema\/logo\/image\/","url":"https:\/\/matildoslituanistinemokykla.co.uk\/wp-content\/uploads\/2023\/08\/Matildos-Lituanistine-mokykla_logo_final.png","contentUrl":"https:\/\/matildoslituanistinemokykla.co.uk\/wp-content\/uploads\/2023\/08\/Matildos-Lituanistine-mokykla_logo_final.png","width":1203,"height":947,"caption":"Matildoslituanistinemokykla"},"image":{"@id":"https:\/\/matildoslituanistinemokykla.co.uk\/#\/schema\/logo\/image\/"}}]}},"_links":{"self":[{"href":"https:\/\/matildoslituanistinemokykla.co.uk\/en\/wp-json\/wp\/v2\/product\/989396","targetHints":{"allow":["GET"]}}],"collection":[{"href":"https:\/\/matildoslituanistinemokykla.co.uk\/en\/wp-json\/wp\/v2\/product"}],"about":[{"href":"https:\/\/matildoslituanistinemokykla.co.uk\/en\/wp-json\/wp\/v2\/types\/product"}],"replies":[{"embeddable":true,"href":"https:\/\/matildoslituanistinemokykla.co.uk\/en\/wp-json\/wp\/v2\/comments?post=989396"}],"wp:featuredmedia":[{"embeddable":true,"href":"https:\/\/matildoslituanistinemokykla.co.uk\/en\/wp-json\/wp\/v2\/media\/989397"}],"wp:attachment":[{"href":"https:\/\/matildoslituanistinemokykla.co.uk\/en\/wp-json\/wp\/v2\/media?parent=989396"}],"wp:term":[{"taxonomy":"product_brand","embeddable":true,"href":"https:\/\/matildoslituanistinemokykla.co.uk\/en\/wp-json\/wp\/v2\/product_brand?post=989396"},{"taxonomy":"product_cat","embeddable":true,"href":"https:\/\/matildoslituanistinemokykla.co.uk\/en\/wp-json\/wp\/v2\/product_cat?post=989396"},{"taxonomy":"product_tag","embeddable":true,"href":"https:\/\/matildoslituanistinemokykla.co.uk\/en\/wp-json\/wp\/v2\/product_tag?post=989396"}],"curies":[{"name":"wp","href":"https:\/\/api.w.org\/{rel}","templated":true}]}}