{"id":989406,"date":"2024-02-05T20:11:28","date_gmt":"2024-02-05T20:11:28","guid":{"rendered":"https:\/\/matildoslituanistinemokykla.co.uk\/?post_type=product&#038;p=989406"},"modified":"2025-03-14T09:49:04","modified_gmt":"2025-03-14T09:49:04","slug":"kake-make-ir-koncerto-diena","status":"publish","type":"product","link":"https:\/\/matildoslituanistinemokykla.co.uk\/en\/product\/kake-make-ir-koncerto-diena\/","title":{"rendered":"KAKE MACHE AND CONCERT DAY"},"content":{"rendered":"<div class=\"vgblk-rw-wrapper limit-wrapper\">More adventures of Katya Maki<\/p>\n<p>Winnie-the-Pooh and the Gnome of Disorder<\/p>\n<p>Winnie the Pooh and the Runaway Ears<\/p>\n<p>Winnie the Pooh and the Big Dark<\/p>\n<p>Winnie the Pooh and the Dream Birthday<\/p>\n<p>Winnie the Pooh and Stolen Time<\/p>\n<p>Winnie-the-Pooh and the Tooth Fairy Feast<\/p>\n<p>Winnie the Pooh and Superdad's Day<\/p>\n<p>Winnie the Pooh and the Friendship Broom<\/p>\n<p>Winnie the Pooh and a terrible injustice<\/p>\n<p>Winnie-the-Pooh and a cat for one week<\/p>\n<p>Winnie the Pooh and a magical journey<\/p><\/div>\n<p><!-- .vgblk-rw-wrapper --><\/p>","protected":false},"excerpt":{"rendered":"<p><a class=\"link--big\" href=\"https:\/\/almalittera.lt\/collections\/lina-zutaute\">Lina \u017dutaut\u0117<\/a><\/p>\n<h2 class=\"product-full-width__description-title h1\">ABOUT THE KNIGHTS<\/h2>\n<div class=\"product-full-width__description-text\">\n<p>Kake Mak\u0117 attended many concerts and enjoyed them all so much that she wanted to become a MUSICIAN herself. First she picked an instrument, rehearsed a lot and then started preparing for her FIRST WORKSHOP.<\/p>\n<p>When it's BIG CONCERT DAY, Katya Maki and her new friends from music school are getting ready to take to the stage and do their best. IT'S GOING TO BE AWESOME! But suddenly, Katya Maki is filled with GREAT FEAR. Will she dare to overcome it?<\/p>\n<p>\"Winnie the Pooh and Concert Day\":<\/p>\n<p>- recommended for children aged 3-6 years;<\/p>\n<p>- enriching vocabulary and developing imagination;<\/p>\n<p>- The main theme is the fear of making mistakes and why it's worth overcoming;<\/p>\n<p>- teaches that mistakes can be corrected, it's just a matter of never stopping trying and striving for your dreams;<\/p>\n<p>- Kake Make is easy for young readers to identify with and learn from.<\/p>\n<p>If your little ones love Winnie-the-Pooh and her friends, we invite you to continue your educational journey by watching the Winnie-the-Pooh videos on YOUTUBE: https:\/\/www.youtube.com\/channel\/UCFWLVZ8cVCyqvKmkEqUdK4w<\/p>\n<\/div>","protected":false},"featured_media":989407,"comment_status":"open","ping_status":"closed","template":"","meta":[],"product_brand":[],"product_cat":[68,70],"product_tag":[],"class_list":{"0":"post-989406","1":"product","2":"type-product","3":"status-publish","4":"has-post-thumbnail","6":"product_cat-knygos","7":"product_cat-visos-prekes","9":"first","10":"outofstock","11":"shipping-taxable","12":"purchasable","13":"product-type-simple"},"yoast_head":"<!-- This site is optimized with the Yoast SEO plugin v25.8 - https:\/\/yoast.com\/wordpress\/plugins\/seo\/ -->\n<title>KAK\u0116 MAK\u0116 IR KONCERTO DIENA - Matildoslituanistinemokykla<\/title>\n<meta name=\"robots\" content=\"index, follow, max-snippet:-1, max-image-preview:large, max-video-preview:-1\" \/>\n<link rel=\"canonical\" href=\"https:\/\/matildoslituanistinemokykla.co.uk\/en\/product\/kake-make-ir-koncerto-diena\/\" \/>\n<meta property=\"og:locale\" content=\"en_GB\" \/>\n<meta property=\"og:type\" content=\"article\" \/>\n<meta property=\"og:title\" content=\"KAK\u0116 MAK\u0116 IR KONCERTO DIENA - Matildoslituanistinemokykla\" \/>\n<meta property=\"og:description\" content=\"Lina \u017dutaut\u0117 APIE KNYG\u0104   Kak\u0117 Mak\u0117 lank\u0117si daugyb\u0117je koncert\u0173 ir visuose jai taip patiko, kad pati u\u017esinor\u0117jo tapti MUZIKANTE. Pirmiausia ji i\u0161sirinko instrument\u0105, daug repetavo, o tada \u0117m\u0117 ruo\u0161tis savo PIRMAM PASIRODYMUI.  Kai ateina DID\u017dIOJI KONCERTO DIENA, Kak\u0117 Mak\u0117 ir jos naujieji draugai i\u0161 muzikos mokyklos ruo\u0161iasi lipti ant scenos ir parodyti visk\u0105, k\u0105 sugeba. BUS NUOSTABU! Bet staiga Kak\u0119 Mak\u0119 apima DIDEL\u0116 BAIM\u0116. Ar i\u0161dr\u012fs j\u0105 \u012fveikti?  \u201eKak\u0117 Mak\u0117 ir koncerto diena\u201c:  \u2022 rekomenduojama 3\u20136 met\u0173 vaikams;  \u2022 turtina \u017eodyn\u0105 ir ugdo vaizduot\u0119;  \u2022 pagrindin\u0117 tema \u2013 baim\u0117 suklysti ir kod\u0117l j\u0105 verta \u012fveikti;  \u2022 moko, kad klaidas galima i\u0161taisyti, svarbu nenustoti stengtis ir siekti svajon\u0117s;  \u2022 su Kake Make ma\u017eiesiems skaitytojams lengva tapatintis ir i\u0161 jos pasimokyti.  Jei j\u016bs\u0173 ma\u017eiesiems patinka Kak\u0117 Mak\u0117 ir jos draugai, kvie\u010diame prat\u0119sti pa\u017eintines keliones vaizdo formatu \u017ei\u016brint Kak\u0117s Mak\u0117s laideles YOUTUBE kanale: https:\/\/www.youtube.com\/channel\/UCFWLVZ8cVCyqvKmkEqUdK4w\" \/>\n<meta property=\"og:url\" content=\"https:\/\/matildoslituanistinemokykla.co.uk\/en\/product\/kake-make-ir-koncerto-diena\/\" \/>\n<meta property=\"og:site_name\" content=\"Matildoslituanistinemokykla\" \/>\n<meta property=\"article:modified_time\" content=\"2025-03-14T09:49:04+00:00\" \/>\n<meta property=\"og:image\" content=\"https:\/\/matildoslituanistinemokykla.co.uk\/wp-content\/uploads\/2024\/02\/61.webp\" \/>\n\t<meta property=\"og:image:width\" content=\"540\" \/>\n\t<meta property=\"og:image:height\" content=\"548\" \/>\n\t<meta property=\"og:image:type\" content=\"image\/webp\" \/>\n<meta name=\"twitter:card\" content=\"summary_large_image\" \/>\n<meta name=\"twitter:label1\" content=\"Estimated reading time\" \/>\n\t<meta name=\"twitter:data1\" content=\"1 minute\" \/>\n<script type=\"application\/ld+json\" class=\"yoast-schema-graph\">{\"@context\":\"https:\/\/schema.org\",\"@graph\":[{\"@type\":\"WebPage\",\"@id\":\"https:\/\/matildoslituanistinemokykla.co.uk\/product\/kake-make-ir-koncerto-diena\/\",\"url\":\"https:\/\/matildoslituanistinemokykla.co.uk\/product\/kake-make-ir-koncerto-diena\/\",\"name\":\"KAK\u0116 MAK\u0116 IR KONCERTO DIENA - Matildoslituanistinemokykla\",\"isPartOf\":{\"@id\":\"https:\/\/matildoslituanistinemokykla.co.uk\/#website\"},\"primaryImageOfPage\":{\"@id\":\"https:\/\/matildoslituanistinemokykla.co.uk\/product\/kake-make-ir-koncerto-diena\/#primaryimage\"},\"image\":{\"@id\":\"https:\/\/matildoslituanistinemokykla.co.uk\/product\/kake-make-ir-koncerto-diena\/#primaryimage\"},\"thumbnailUrl\":\"https:\/\/matildoslituanistinemokykla.co.uk\/wp-content\/uploads\/2024\/02\/61.webp\",\"datePublished\":\"2024-02-05T20:11:28+00:00\",\"dateModified\":\"2025-03-14T09:49:04+00:00\",\"breadcrumb\":{\"@id\":\"https:\/\/matildoslituanistinemokykla.co.uk\/product\/kake-make-ir-koncerto-diena\/#breadcrumb\"},\"inLanguage\":\"en-GB\",\"potentialAction\":[{\"@type\":\"ReadAction\",\"target\":[\"https:\/\/matildoslituanistinemokykla.co.uk\/product\/kake-make-ir-koncerto-diena\/\"]}]},{\"@type\":\"ImageObject\",\"inLanguage\":\"en-GB\",\"@id\":\"https:\/\/matildoslituanistinemokykla.co.uk\/product\/kake-make-ir-koncerto-diena\/#primaryimage\",\"url\":\"https:\/\/matildoslituanistinemokykla.co.uk\/wp-content\/uploads\/2024\/02\/61.webp\",\"contentUrl\":\"https:\/\/matildoslituanistinemokykla.co.uk\/wp-content\/uploads\/2024\/02\/61.webp\",\"width\":540,\"height\":548},{\"@type\":\"BreadcrumbList\",\"@id\":\"https:\/\/matildoslituanistinemokykla.co.uk\/product\/kake-make-ir-koncerto-diena\/#breadcrumb\",\"itemListElement\":[{\"@type\":\"ListItem\",\"position\":1,\"name\":\"Home\",\"item\":\"https:\/\/matildoslituanistinemokykla.co.uk\/\"},{\"@type\":\"ListItem\",\"position\":2,\"name\":\"Parduotuv\u0117\",\"item\":\"https:\/\/matildoslituanistinemokykla.co.uk\/parduotuve\/\"},{\"@type\":\"ListItem\",\"position\":3,\"name\":\"KAK\u0116 MAK\u0116 IR KONCERTO DIENA\"}]},{\"@type\":\"WebSite\",\"@id\":\"https:\/\/matildoslituanistinemokykla.co.uk\/#website\",\"url\":\"https:\/\/matildoslituanistinemokykla.co.uk\/\",\"name\":\"Matildoslituanistinemokykla\",\"description\":\"\",\"publisher\":{\"@id\":\"https:\/\/matildoslituanistinemokykla.co.uk\/#organization\"},\"potentialAction\":[{\"@type\":\"SearchAction\",\"target\":{\"@type\":\"EntryPoint\",\"urlTemplate\":\"https:\/\/matildoslituanistinemokykla.co.uk\/?s={search_term_string}\"},\"query-input\":{\"@type\":\"PropertyValueSpecification\",\"valueRequired\":true,\"valueName\":\"search_term_string\"}}],\"inLanguage\":\"en-GB\"},{\"@type\":\"Organization\",\"@id\":\"https:\/\/matildoslituanistinemokykla.co.uk\/#organization\",\"name\":\"Matildoslituanistinemokykla\",\"url\":\"https:\/\/matildoslituanistinemokykla.co.uk\/\",\"logo\":{\"@type\":\"ImageObject\",\"inLanguage\":\"en-GB\",\"@id\":\"https:\/\/matildoslituanistinemokykla.co.uk\/#\/schema\/logo\/image\/\",\"url\":\"https:\/\/matildoslituanistinemokykla.co.uk\/wp-content\/uploads\/2023\/08\/Matildos-Lituanistine-mokykla_logo_final.png\",\"contentUrl\":\"https:\/\/matildoslituanistinemokykla.co.uk\/wp-content\/uploads\/2023\/08\/Matildos-Lituanistine-mokykla_logo_final.png\",\"width\":1203,\"height\":947,\"caption\":\"Matildoslituanistinemokykla\"},\"image\":{\"@id\":\"https:\/\/matildoslituanistinemokykla.co.uk\/#\/schema\/logo\/image\/\"}}]}<\/script>\n<!-- \/ Yoast SEO plugin. -->","yoast_head_json":{"title":"KAK\u0116 MAK\u0116 IR KONCERTO DIENA - Matildoslituanistinemokykla","robots":{"index":"index","follow":"follow","max-snippet":"max-snippet:-1","max-image-preview":"max-image-preview:large","max-video-preview":"max-video-preview:-1"},"canonical":"https:\/\/matildoslituanistinemokykla.co.uk\/en\/product\/kake-make-ir-koncerto-diena\/","og_locale":"en_GB","og_type":"article","og_title":"KAK\u0116 MAK\u0116 IR KONCERTO DIENA - Matildoslituanistinemokykla","og_description":"Lina \u017dutaut\u0117 APIE KNYG\u0104   Kak\u0117 Mak\u0117 lank\u0117si daugyb\u0117je koncert\u0173 ir visuose jai taip patiko, kad pati u\u017esinor\u0117jo tapti MUZIKANTE. Pirmiausia ji i\u0161sirinko instrument\u0105, daug repetavo, o tada \u0117m\u0117 ruo\u0161tis savo PIRMAM PASIRODYMUI.  Kai ateina DID\u017dIOJI KONCERTO DIENA, Kak\u0117 Mak\u0117 ir jos naujieji draugai i\u0161 muzikos mokyklos ruo\u0161iasi lipti ant scenos ir parodyti visk\u0105, k\u0105 sugeba. BUS NUOSTABU! Bet staiga Kak\u0119 Mak\u0119 apima DIDEL\u0116 BAIM\u0116. Ar i\u0161dr\u012fs j\u0105 \u012fveikti?  \u201eKak\u0117 Mak\u0117 ir koncerto diena\u201c:  \u2022 rekomenduojama 3\u20136 met\u0173 vaikams;  \u2022 turtina \u017eodyn\u0105 ir ugdo vaizduot\u0119;  \u2022 pagrindin\u0117 tema \u2013 baim\u0117 suklysti ir kod\u0117l j\u0105 verta \u012fveikti;  \u2022 moko, kad klaidas galima i\u0161taisyti, svarbu nenustoti stengtis ir siekti svajon\u0117s;  \u2022 su Kake Make ma\u017eiesiems skaitytojams lengva tapatintis ir i\u0161 jos pasimokyti.  Jei j\u016bs\u0173 ma\u017eiesiems patinka Kak\u0117 Mak\u0117 ir jos draugai, kvie\u010diame prat\u0119sti pa\u017eintines keliones vaizdo formatu \u017ei\u016brint Kak\u0117s Mak\u0117s laideles YOUTUBE kanale: https:\/\/www.youtube.com\/channel\/UCFWLVZ8cVCyqvKmkEqUdK4w","og_url":"https:\/\/matildoslituanistinemokykla.co.uk\/en\/product\/kake-make-ir-koncerto-diena\/","og_site_name":"Matildoslituanistinemokykla","article_modified_time":"2025-03-14T09:49:04+00:00","og_image":[{"width":540,"height":548,"url":"https:\/\/matildoslituanistinemokykla.co.uk\/wp-content\/uploads\/2024\/02\/61.webp","type":"image\/webp"}],"twitter_card":"summary_large_image","twitter_misc":{"Estimated reading time":"1 minute"},"schema":{"@context":"https:\/\/schema.org","@graph":[{"@type":"WebPage","@id":"https:\/\/matildoslituanistinemokykla.co.uk\/product\/kake-make-ir-koncerto-diena\/","url":"https:\/\/matildoslituanistinemokykla.co.uk\/product\/kake-make-ir-koncerto-diena\/","name":"KAK\u0116 MAK\u0116 IR KONCERTO DIENA - Matildoslituanistinemokykla","isPartOf":{"@id":"https:\/\/matildoslituanistinemokykla.co.uk\/#website"},"primaryImageOfPage":{"@id":"https:\/\/matildoslituanistinemokykla.co.uk\/product\/kake-make-ir-koncerto-diena\/#primaryimage"},"image":{"@id":"https:\/\/matildoslituanistinemokykla.co.uk\/product\/kake-make-ir-koncerto-diena\/#primaryimage"},"thumbnailUrl":"https:\/\/matildoslituanistinemokykla.co.uk\/wp-content\/uploads\/2024\/02\/61.webp","datePublished":"2024-02-05T20:11:28+00:00","dateModified":"2025-03-14T09:49:04+00:00","breadcrumb":{"@id":"https:\/\/matildoslituanistinemokykla.co.uk\/product\/kake-make-ir-koncerto-diena\/#breadcrumb"},"inLanguage":"en-GB","potentialAction":[{"@type":"ReadAction","target":["https:\/\/matildoslituanistinemokykla.co.uk\/product\/kake-make-ir-koncerto-diena\/"]}]},{"@type":"ImageObject","inLanguage":"en-GB","@id":"https:\/\/matildoslituanistinemokykla.co.uk\/product\/kake-make-ir-koncerto-diena\/#primaryimage","url":"https:\/\/matildoslituanistinemokykla.co.uk\/wp-content\/uploads\/2024\/02\/61.webp","contentUrl":"https:\/\/matildoslituanistinemokykla.co.uk\/wp-content\/uploads\/2024\/02\/61.webp","width":540,"height":548},{"@type":"BreadcrumbList","@id":"https:\/\/matildoslituanistinemokykla.co.uk\/product\/kake-make-ir-koncerto-diena\/#breadcrumb","itemListElement":[{"@type":"ListItem","position":1,"name":"Home","item":"https:\/\/matildoslituanistinemokykla.co.uk\/"},{"@type":"ListItem","position":2,"name":"Parduotuv\u0117","item":"https:\/\/matildoslituanistinemokykla.co.uk\/parduotuve\/"},{"@type":"ListItem","position":3,"name":"KAK\u0116 MAK\u0116 IR KONCERTO DIENA"}]},{"@type":"WebSite","@id":"https:\/\/matildoslituanistinemokykla.co.uk\/#website","url":"https:\/\/matildoslituanistinemokykla.co.uk\/","name":"Matildoslituanistinemokykla","description":"","publisher":{"@id":"https:\/\/matildoslituanistinemokykla.co.uk\/#organization"},"potentialAction":[{"@type":"SearchAction","target":{"@type":"EntryPoint","urlTemplate":"https:\/\/matildoslituanistinemokykla.co.uk\/?s={search_term_string}"},"query-input":{"@type":"PropertyValueSpecification","valueRequired":true,"valueName":"search_term_string"}}],"inLanguage":"en-GB"},{"@type":"Organization","@id":"https:\/\/matildoslituanistinemokykla.co.uk\/#organization","name":"Matildoslituanistinemokykla","url":"https:\/\/matildoslituanistinemokykla.co.uk\/","logo":{"@type":"ImageObject","inLanguage":"en-GB","@id":"https:\/\/matildoslituanistinemokykla.co.uk\/#\/schema\/logo\/image\/","url":"https:\/\/matildoslituanistinemokykla.co.uk\/wp-content\/uploads\/2023\/08\/Matildos-Lituanistine-mokykla_logo_final.png","contentUrl":"https:\/\/matildoslituanistinemokykla.co.uk\/wp-content\/uploads\/2023\/08\/Matildos-Lituanistine-mokykla_logo_final.png","width":1203,"height":947,"caption":"Matildoslituanistinemokykla"},"image":{"@id":"https:\/\/matildoslituanistinemokykla.co.uk\/#\/schema\/logo\/image\/"}}]}},"_links":{"self":[{"href":"https:\/\/matildoslituanistinemokykla.co.uk\/en\/wp-json\/wp\/v2\/product\/989406","targetHints":{"allow":["GET"]}}],"collection":[{"href":"https:\/\/matildoslituanistinemokykla.co.uk\/en\/wp-json\/wp\/v2\/product"}],"about":[{"href":"https:\/\/matildoslituanistinemokykla.co.uk\/en\/wp-json\/wp\/v2\/types\/product"}],"replies":[{"embeddable":true,"href":"https:\/\/matildoslituanistinemokykla.co.uk\/en\/wp-json\/wp\/v2\/comments?post=989406"}],"wp:featuredmedia":[{"embeddable":true,"href":"https:\/\/matildoslituanistinemokykla.co.uk\/en\/wp-json\/wp\/v2\/media\/989407"}],"wp:attachment":[{"href":"https:\/\/matildoslituanistinemokykla.co.uk\/en\/wp-json\/wp\/v2\/media?parent=989406"}],"wp:term":[{"taxonomy":"product_brand","embeddable":true,"href":"https:\/\/matildoslituanistinemokykla.co.uk\/en\/wp-json\/wp\/v2\/product_brand?post=989406"},{"taxonomy":"product_cat","embeddable":true,"href":"https:\/\/matildoslituanistinemokykla.co.uk\/en\/wp-json\/wp\/v2\/product_cat?post=989406"},{"taxonomy":"product_tag","embeddable":true,"href":"https:\/\/matildoslituanistinemokykla.co.uk\/en\/wp-json\/wp\/v2\/product_tag?post=989406"}],"curies":[{"name":"wp","href":"https:\/\/api.w.org\/{rel}","templated":true}]}}