{"id":989420,"date":"2024-02-05T20:38:23","date_gmt":"2024-02-05T20:38:23","guid":{"rendered":"https:\/\/matildoslituanistinemokykla.co.uk\/?post_type=product&#038;p=989420"},"modified":"2025-03-14T09:48:52","modified_gmt":"2025-03-14T09:48:52","slug":"kake-make-ir-netvarkos-nykstukas","status":"publish","type":"product","link":"https:\/\/matildoslituanistinemokykla.co.uk\/en\/product\/kake-make-ir-netvarkos-nykstukas\/","title":{"rendered":"POO POO AND THE DWARF OF DISORDER"},"content":{"rendered":"<div class=\"vgblk-rw-wrapper limit-wrapper\">What do parents say about the book?<\/p>\n<p>\"A wonderful character, the Dwarf of Disorder, my daughters love it. It's an interesting book, we bought the very first one and we were not disappointed. The character Clutter Dwarf helps us to overcome clutter in our home. It's great that the story makes sense.\"<\/p>\n<p>Mama Austeja<\/p>\n<p>The Kaki Mak\u0117 picture books are a hugely popular series of books about a five-year-old girl enjoying her childhood and trying to explore the world around her! And as she learns about it, she faces different situations and challenges: fear, jealousy, anger, laziness. The unexpected stories, told through a wealth of unique illustrations, do not moralise, but help to spark the child's imagination and encourage her to find the right answer.<\/p>\n<p>Lina \u017dutaut\u0117 is an artist and writer, a favourite among children, born and still living in \u0160iauliai. Her first book \"Kak\u0117 Mak\u0117 ir Netvarkos nyk\u0161tukas\" (Poppy and the Dwarf of Disorder) was published in 2010 and was recognised as the best book for young readers by the International Children's and Young People's Literature Association (IBBY).In 2013 Lina \u017dutaute was awarded the Children's Literature Prize for her work for children, for the combination of image and word. Her work has been translated into Latvian, Estonian, Russian, Danish, Italian, Korean and many other languages. Having created one of the most famous Lithuanian literary characters - Kaka Mak\u0117 - the author never stops surprising her little readers with new stories!<\/p>\n<p>If your little ones love Winnie-the-Pooh and her friends, we invite you to continue your educational journey by watching the Winnie-the-Pooh videos on Youtube: https:\/\/www.youtube.com\/channel\/UCFWLVZ8cVCyqvKmkEqUdK4w<\/p><\/div>\n<p><!-- .vgblk-rw-wrapper --><\/p>","protected":false},"excerpt":{"rendered":"<p><a class=\"link--big\" href=\"https:\/\/almalittera.lt\/collections\/lina-zutaute\">Lina \u017dutaut\u0117<\/a><\/p>\n<h2 class=\"product-full-width__description-title h1\">ABOUT THE KNIGHTS<\/h2>\n<div class=\"product-full-width__description-text\">\n<p>Recommended for children aged 2-6 years<\/p>\n<p>Poppy is not a big fan of tidying up, but even the most boring activities are fun when accompanied by games and fun challenges!<\/p>\n<p>Poppy is brave and inventive. Every day she comes up with new activities and new dreams. She wants to be an architect, a sculptor, a cyclist and, when it rains, a librarian. But every time she plays, there's a pile of stuff left behind, because she has no desire to be... a toy manager.<\/p>\n<p>Winnie the Pooh will meet the Clutter Dwarf, who will give her some fun challenges to help her understand why tidying up is important. And will you help Makeka solve the gnome's challenges?<\/p>\n<p>\"A child's environment is full of interesting activities. It's even more fun to switch from one activity to another and avoid boredom. Isn't it strange that adults, instead of enjoying so many activities, say with a straight face: 'Time to tidy up!' How can we make sure that they don't spoil all the joy with a word or a snap of the finger? Remember: when tedious work becomes a challenge, true adventure is born. That's what the Dwarf of Disorder reminds us all in this story.\"<\/p>\n<p>Psychologist Asta Bland\u0117<\/p>\n<p>\"Winnie-the-Pooh and the Dwarf of Disorder\":<\/p>\n<p>- enrich vocabulary;<\/p>\n<p>- develops emotional intelligence and imagination;<\/p>\n<p>- encourages you to dream big and try as many different activities as possible;<\/p>\n<p>- teaches that life is not just about games and fun activities - sometimes you need to do things that are less enjoyable, like tidying up;<\/p>\n<p>- encourages you to see tidying up as a game;<\/p>\n<p>- There are fun activities for your child to do with Kake Make;<\/p>\n<p>- The book is complemented by a psychologist's comments for parents to help them better understand their little ones and cope with everyday challenges.<\/p>\n<\/div>","protected":false},"featured_media":989421,"comment_status":"open","ping_status":"closed","template":"","meta":[],"product_brand":[],"product_cat":[67,68,70],"product_tag":[],"class_list":{"0":"post-989420","1":"product","2":"type-product","3":"status-publish","4":"has-post-thumbnail","6":"product_cat-kakes-makes-produkcija","7":"product_cat-knygos","8":"product_cat-visos-prekes","10":"first","11":"outofstock","12":"sale","13":"shipping-taxable","14":"purchasable","15":"product-type-simple"},"yoast_head":"<!-- This site is optimized with the Yoast SEO plugin v25.8 - https:\/\/yoast.com\/wordpress\/plugins\/seo\/ -->\n<title>KAK\u0116 MAK\u0116 IR NETVARKOS NYK\u0160TUKAS - Matildoslituanistinemokykla<\/title>\n<meta name=\"robots\" content=\"index, follow, max-snippet:-1, max-image-preview:large, max-video-preview:-1\" \/>\n<link rel=\"canonical\" href=\"https:\/\/matildoslituanistinemokykla.co.uk\/en\/product\/kake-make-ir-netvarkos-nykstukas\/\" \/>\n<meta property=\"og:locale\" content=\"en_GB\" \/>\n<meta property=\"og:type\" content=\"article\" \/>\n<meta property=\"og:title\" content=\"KAK\u0116 MAK\u0116 IR NETVARKOS NYK\u0160TUKAS - Matildoslituanistinemokykla\" \/>\n<meta property=\"og:description\" content=\"Lina \u017dutaut\u0117 APIE KNYG\u0104   Rekomenduojama 2\u20136 met\u0173 vaikams  Kak\u0117 Mak\u0117 nelabai m\u0117gsta tvarkytis, bet juk net nuobod\u017eiausia veikla tampa \u012fdomi, jei j\u0105 lydi \u017eaidimai ir smag\u016bs i\u0161bandymai!  Kak\u0117 Mak\u0117 dr\u0105si ir i\u0161radinga. Ji kasdien susigalvoja vis nauj\u0173 veikl\u0173 ir atranda nauj\u0173 svajoni\u0173. Ji nori b\u016bti architekte, skulptore, dviratininke, o kai lyja \u2013 bibliotekininke. Bet po kiekvieno jos \u017eaidimo lieka kr\u016bva daikt\u0173, nes ji visai netrok\u0161ta tapti... \u017eaisl\u0173 tvarkytoja.  Kak\u0117 Mak\u0117 susipa\u017eins su Netvarkos nyk\u0161tuku ir \u0161is surengs jai net kelis \u012fdomius i\u0161bandymus, pad\u0117sian\u010dius suprasti, kod\u0117l tvarkytis svarbu. O tu ar pad\u0117si Kakei Makei i\u0161spr\u0119sti nyk\u0161tuko u\u017eduotis?  \u201eVaiko aplinkoje gausu \u012fdomi\u0173 u\u017esi\u0117mim\u0173. Dar smagiau vien\u0105 veikl\u0105 keisti kita ir i\u0161vengti nuobodulio. Argi ne keista, kad suaugusieji, u\u017euot d\u017eiaug\u0119si tokia gausybe nuveikt\u0173 veikl\u0173, rimtu veidu i\u0161taria: \u201eLaikas tvarkytis!\u201c Kaip elgtis, kad jie vienu \u017eod\u017eiu ar pir\u0161to krustel\u0117jimu nesugadint\u0173 viso d\u017eiaugsmo? Prisiminkite: kai varginantis darbas tampa i\u0161\u0161\u016bkiu, gimsta tikri nuotykiai. B\u016btent tai \u0161ioje istorijoje primena mums visiems Netvarkos nyk\u0161tukas.\u201c  Psicholog\u0117 Asta Bland\u0117  \u201eKak\u0117 Mak\u0117 ir Netvarkos nyk\u0161tukas\u201c:  \u2022 turtina \u017eodyn\u0105;  \u2022 lavina emocin\u012f intelekt\u0105 ir ugdo vaizduot\u0119;  \u2022 skatina svajoti ir i\u0161bandyti kuo daugiau \u012fvairesni\u0173 veikl\u0173;  \u2022 moko, kad gyvenime ne tik \u017eaidimai ir malonios veiklos \u2013 kartais reikia u\u017esiimti ir ma\u017eiau d\u017eiaugsmo teikian\u010diais dalykais, pavyzd\u017eiui, tvarkytis;  \u2022 skatina \u012f tvarkym\u0105si pa\u017ei\u016br\u0117ti kaip \u012f \u017eaidim\u0105;  \u2022 yra smagi\u0173 u\u017eduot\u0117li\u0173, kurias vaikas gali atlikti su Kake Make;  \u2022 knyga papildyta t\u0117vams skirtais psicholog\u0117s komentarais, kurie geriau pad\u0117s suprasti ma\u017eylius ir \u012fveikti kasdienius i\u0161\u0161\u016bkius.\" \/>\n<meta property=\"og:url\" content=\"https:\/\/matildoslituanistinemokykla.co.uk\/en\/product\/kake-make-ir-netvarkos-nykstukas\/\" \/>\n<meta property=\"og:site_name\" content=\"Matildoslituanistinemokykla\" \/>\n<meta property=\"article:modified_time\" content=\"2025-03-14T09:48:52+00:00\" \/>\n<meta property=\"og:image\" content=\"https:\/\/matildoslituanistinemokykla.co.uk\/wp-content\/uploads\/2024\/02\/91.webp\" \/>\n\t<meta property=\"og:image:width\" content=\"540\" \/>\n\t<meta property=\"og:image:height\" content=\"548\" \/>\n\t<meta property=\"og:image:type\" content=\"image\/webp\" \/>\n<meta name=\"twitter:card\" content=\"summary_large_image\" \/>\n<meta name=\"twitter:label1\" content=\"Estimated reading time\" \/>\n\t<meta name=\"twitter:data1\" content=\"2 minutes\" \/>\n<script type=\"application\/ld+json\" class=\"yoast-schema-graph\">{\"@context\":\"https:\/\/schema.org\",\"@graph\":[{\"@type\":\"WebPage\",\"@id\":\"https:\/\/matildoslituanistinemokykla.co.uk\/product\/kake-make-ir-netvarkos-nykstukas\/\",\"url\":\"https:\/\/matildoslituanistinemokykla.co.uk\/product\/kake-make-ir-netvarkos-nykstukas\/\",\"name\":\"KAK\u0116 MAK\u0116 IR NETVARKOS NYK\u0160TUKAS - Matildoslituanistinemokykla\",\"isPartOf\":{\"@id\":\"https:\/\/matildoslituanistinemokykla.co.uk\/#website\"},\"primaryImageOfPage\":{\"@id\":\"https:\/\/matildoslituanistinemokykla.co.uk\/product\/kake-make-ir-netvarkos-nykstukas\/#primaryimage\"},\"image\":{\"@id\":\"https:\/\/matildoslituanistinemokykla.co.uk\/product\/kake-make-ir-netvarkos-nykstukas\/#primaryimage\"},\"thumbnailUrl\":\"https:\/\/matildoslituanistinemokykla.co.uk\/wp-content\/uploads\/2024\/02\/91.webp\",\"datePublished\":\"2024-02-05T20:38:23+00:00\",\"dateModified\":\"2025-03-14T09:48:52+00:00\",\"breadcrumb\":{\"@id\":\"https:\/\/matildoslituanistinemokykla.co.uk\/product\/kake-make-ir-netvarkos-nykstukas\/#breadcrumb\"},\"inLanguage\":\"en-GB\",\"potentialAction\":[{\"@type\":\"ReadAction\",\"target\":[\"https:\/\/matildoslituanistinemokykla.co.uk\/product\/kake-make-ir-netvarkos-nykstukas\/\"]}]},{\"@type\":\"ImageObject\",\"inLanguage\":\"en-GB\",\"@id\":\"https:\/\/matildoslituanistinemokykla.co.uk\/product\/kake-make-ir-netvarkos-nykstukas\/#primaryimage\",\"url\":\"https:\/\/matildoslituanistinemokykla.co.uk\/wp-content\/uploads\/2024\/02\/91.webp\",\"contentUrl\":\"https:\/\/matildoslituanistinemokykla.co.uk\/wp-content\/uploads\/2024\/02\/91.webp\",\"width\":540,\"height\":548},{\"@type\":\"BreadcrumbList\",\"@id\":\"https:\/\/matildoslituanistinemokykla.co.uk\/product\/kake-make-ir-netvarkos-nykstukas\/#breadcrumb\",\"itemListElement\":[{\"@type\":\"ListItem\",\"position\":1,\"name\":\"Home\",\"item\":\"https:\/\/matildoslituanistinemokykla.co.uk\/\"},{\"@type\":\"ListItem\",\"position\":2,\"name\":\"Parduotuv\u0117\",\"item\":\"https:\/\/matildoslituanistinemokykla.co.uk\/parduotuve\/\"},{\"@type\":\"ListItem\",\"position\":3,\"name\":\"KAK\u0116 MAK\u0116 IR NETVARKOS NYK\u0160TUKAS\"}]},{\"@type\":\"WebSite\",\"@id\":\"https:\/\/matildoslituanistinemokykla.co.uk\/#website\",\"url\":\"https:\/\/matildoslituanistinemokykla.co.uk\/\",\"name\":\"Matildoslituanistinemokykla\",\"description\":\"\",\"publisher\":{\"@id\":\"https:\/\/matildoslituanistinemokykla.co.uk\/#organization\"},\"potentialAction\":[{\"@type\":\"SearchAction\",\"target\":{\"@type\":\"EntryPoint\",\"urlTemplate\":\"https:\/\/matildoslituanistinemokykla.co.uk\/?s={search_term_string}\"},\"query-input\":{\"@type\":\"PropertyValueSpecification\",\"valueRequired\":true,\"valueName\":\"search_term_string\"}}],\"inLanguage\":\"en-GB\"},{\"@type\":\"Organization\",\"@id\":\"https:\/\/matildoslituanistinemokykla.co.uk\/#organization\",\"name\":\"Matildoslituanistinemokykla\",\"url\":\"https:\/\/matildoslituanistinemokykla.co.uk\/\",\"logo\":{\"@type\":\"ImageObject\",\"inLanguage\":\"en-GB\",\"@id\":\"https:\/\/matildoslituanistinemokykla.co.uk\/#\/schema\/logo\/image\/\",\"url\":\"https:\/\/matildoslituanistinemokykla.co.uk\/wp-content\/uploads\/2023\/08\/Matildos-Lituanistine-mokykla_logo_final.png\",\"contentUrl\":\"https:\/\/matildoslituanistinemokykla.co.uk\/wp-content\/uploads\/2023\/08\/Matildos-Lituanistine-mokykla_logo_final.png\",\"width\":1203,\"height\":947,\"caption\":\"Matildoslituanistinemokykla\"},\"image\":{\"@id\":\"https:\/\/matildoslituanistinemokykla.co.uk\/#\/schema\/logo\/image\/\"}}]}<\/script>\n<!-- \/ Yoast SEO plugin. -->","yoast_head_json":{"title":"KAK\u0116 MAK\u0116 IR NETVARKOS NYK\u0160TUKAS - Matildoslituanistinemokykla","robots":{"index":"index","follow":"follow","max-snippet":"max-snippet:-1","max-image-preview":"max-image-preview:large","max-video-preview":"max-video-preview:-1"},"canonical":"https:\/\/matildoslituanistinemokykla.co.uk\/en\/product\/kake-make-ir-netvarkos-nykstukas\/","og_locale":"en_GB","og_type":"article","og_title":"KAK\u0116 MAK\u0116 IR NETVARKOS NYK\u0160TUKAS - Matildoslituanistinemokykla","og_description":"Lina \u017dutaut\u0117 APIE KNYG\u0104   Rekomenduojama 2\u20136 met\u0173 vaikams  Kak\u0117 Mak\u0117 nelabai m\u0117gsta tvarkytis, bet juk net nuobod\u017eiausia veikla tampa \u012fdomi, jei j\u0105 lydi \u017eaidimai ir smag\u016bs i\u0161bandymai!  Kak\u0117 Mak\u0117 dr\u0105si ir i\u0161radinga. Ji kasdien susigalvoja vis nauj\u0173 veikl\u0173 ir atranda nauj\u0173 svajoni\u0173. Ji nori b\u016bti architekte, skulptore, dviratininke, o kai lyja \u2013 bibliotekininke. Bet po kiekvieno jos \u017eaidimo lieka kr\u016bva daikt\u0173, nes ji visai netrok\u0161ta tapti... \u017eaisl\u0173 tvarkytoja.  Kak\u0117 Mak\u0117 susipa\u017eins su Netvarkos nyk\u0161tuku ir \u0161is surengs jai net kelis \u012fdomius i\u0161bandymus, pad\u0117sian\u010dius suprasti, kod\u0117l tvarkytis svarbu. O tu ar pad\u0117si Kakei Makei i\u0161spr\u0119sti nyk\u0161tuko u\u017eduotis?  \u201eVaiko aplinkoje gausu \u012fdomi\u0173 u\u017esi\u0117mim\u0173. Dar smagiau vien\u0105 veikl\u0105 keisti kita ir i\u0161vengti nuobodulio. Argi ne keista, kad suaugusieji, u\u017euot d\u017eiaug\u0119si tokia gausybe nuveikt\u0173 veikl\u0173, rimtu veidu i\u0161taria: \u201eLaikas tvarkytis!\u201c Kaip elgtis, kad jie vienu \u017eod\u017eiu ar pir\u0161to krustel\u0117jimu nesugadint\u0173 viso d\u017eiaugsmo? Prisiminkite: kai varginantis darbas tampa i\u0161\u0161\u016bkiu, gimsta tikri nuotykiai. B\u016btent tai \u0161ioje istorijoje primena mums visiems Netvarkos nyk\u0161tukas.\u201c  Psicholog\u0117 Asta Bland\u0117  \u201eKak\u0117 Mak\u0117 ir Netvarkos nyk\u0161tukas\u201c:  \u2022 turtina \u017eodyn\u0105;  \u2022 lavina emocin\u012f intelekt\u0105 ir ugdo vaizduot\u0119;  \u2022 skatina svajoti ir i\u0161bandyti kuo daugiau \u012fvairesni\u0173 veikl\u0173;  \u2022 moko, kad gyvenime ne tik \u017eaidimai ir malonios veiklos \u2013 kartais reikia u\u017esiimti ir ma\u017eiau d\u017eiaugsmo teikian\u010diais dalykais, pavyzd\u017eiui, tvarkytis;  \u2022 skatina \u012f tvarkym\u0105si pa\u017ei\u016br\u0117ti kaip \u012f \u017eaidim\u0105;  \u2022 yra smagi\u0173 u\u017eduot\u0117li\u0173, kurias vaikas gali atlikti su Kake Make;  \u2022 knyga papildyta t\u0117vams skirtais psicholog\u0117s komentarais, kurie geriau pad\u0117s suprasti ma\u017eylius ir \u012fveikti kasdienius i\u0161\u0161\u016bkius.","og_url":"https:\/\/matildoslituanistinemokykla.co.uk\/en\/product\/kake-make-ir-netvarkos-nykstukas\/","og_site_name":"Matildoslituanistinemokykla","article_modified_time":"2025-03-14T09:48:52+00:00","og_image":[{"width":540,"height":548,"url":"https:\/\/matildoslituanistinemokykla.co.uk\/wp-content\/uploads\/2024\/02\/91.webp","type":"image\/webp"}],"twitter_card":"summary_large_image","twitter_misc":{"Estimated reading time":"2 minutes"},"schema":{"@context":"https:\/\/schema.org","@graph":[{"@type":"WebPage","@id":"https:\/\/matildoslituanistinemokykla.co.uk\/product\/kake-make-ir-netvarkos-nykstukas\/","url":"https:\/\/matildoslituanistinemokykla.co.uk\/product\/kake-make-ir-netvarkos-nykstukas\/","name":"KAK\u0116 MAK\u0116 IR NETVARKOS NYK\u0160TUKAS - Matildoslituanistinemokykla","isPartOf":{"@id":"https:\/\/matildoslituanistinemokykla.co.uk\/#website"},"primaryImageOfPage":{"@id":"https:\/\/matildoslituanistinemokykla.co.uk\/product\/kake-make-ir-netvarkos-nykstukas\/#primaryimage"},"image":{"@id":"https:\/\/matildoslituanistinemokykla.co.uk\/product\/kake-make-ir-netvarkos-nykstukas\/#primaryimage"},"thumbnailUrl":"https:\/\/matildoslituanistinemokykla.co.uk\/wp-content\/uploads\/2024\/02\/91.webp","datePublished":"2024-02-05T20:38:23+00:00","dateModified":"2025-03-14T09:48:52+00:00","breadcrumb":{"@id":"https:\/\/matildoslituanistinemokykla.co.uk\/product\/kake-make-ir-netvarkos-nykstukas\/#breadcrumb"},"inLanguage":"en-GB","potentialAction":[{"@type":"ReadAction","target":["https:\/\/matildoslituanistinemokykla.co.uk\/product\/kake-make-ir-netvarkos-nykstukas\/"]}]},{"@type":"ImageObject","inLanguage":"en-GB","@id":"https:\/\/matildoslituanistinemokykla.co.uk\/product\/kake-make-ir-netvarkos-nykstukas\/#primaryimage","url":"https:\/\/matildoslituanistinemokykla.co.uk\/wp-content\/uploads\/2024\/02\/91.webp","contentUrl":"https:\/\/matildoslituanistinemokykla.co.uk\/wp-content\/uploads\/2024\/02\/91.webp","width":540,"height":548},{"@type":"BreadcrumbList","@id":"https:\/\/matildoslituanistinemokykla.co.uk\/product\/kake-make-ir-netvarkos-nykstukas\/#breadcrumb","itemListElement":[{"@type":"ListItem","position":1,"name":"Home","item":"https:\/\/matildoslituanistinemokykla.co.uk\/"},{"@type":"ListItem","position":2,"name":"Parduotuv\u0117","item":"https:\/\/matildoslituanistinemokykla.co.uk\/parduotuve\/"},{"@type":"ListItem","position":3,"name":"KAK\u0116 MAK\u0116 IR NETVARKOS NYK\u0160TUKAS"}]},{"@type":"WebSite","@id":"https:\/\/matildoslituanistinemokykla.co.uk\/#website","url":"https:\/\/matildoslituanistinemokykla.co.uk\/","name":"Matildoslituanistinemokykla","description":"","publisher":{"@id":"https:\/\/matildoslituanistinemokykla.co.uk\/#organization"},"potentialAction":[{"@type":"SearchAction","target":{"@type":"EntryPoint","urlTemplate":"https:\/\/matildoslituanistinemokykla.co.uk\/?s={search_term_string}"},"query-input":{"@type":"PropertyValueSpecification","valueRequired":true,"valueName":"search_term_string"}}],"inLanguage":"en-GB"},{"@type":"Organization","@id":"https:\/\/matildoslituanistinemokykla.co.uk\/#organization","name":"Matildoslituanistinemokykla","url":"https:\/\/matildoslituanistinemokykla.co.uk\/","logo":{"@type":"ImageObject","inLanguage":"en-GB","@id":"https:\/\/matildoslituanistinemokykla.co.uk\/#\/schema\/logo\/image\/","url":"https:\/\/matildoslituanistinemokykla.co.uk\/wp-content\/uploads\/2023\/08\/Matildos-Lituanistine-mokykla_logo_final.png","contentUrl":"https:\/\/matildoslituanistinemokykla.co.uk\/wp-content\/uploads\/2023\/08\/Matildos-Lituanistine-mokykla_logo_final.png","width":1203,"height":947,"caption":"Matildoslituanistinemokykla"},"image":{"@id":"https:\/\/matildoslituanistinemokykla.co.uk\/#\/schema\/logo\/image\/"}}]}},"_links":{"self":[{"href":"https:\/\/matildoslituanistinemokykla.co.uk\/en\/wp-json\/wp\/v2\/product\/989420","targetHints":{"allow":["GET"]}}],"collection":[{"href":"https:\/\/matildoslituanistinemokykla.co.uk\/en\/wp-json\/wp\/v2\/product"}],"about":[{"href":"https:\/\/matildoslituanistinemokykla.co.uk\/en\/wp-json\/wp\/v2\/types\/product"}],"replies":[{"embeddable":true,"href":"https:\/\/matildoslituanistinemokykla.co.uk\/en\/wp-json\/wp\/v2\/comments?post=989420"}],"wp:featuredmedia":[{"embeddable":true,"href":"https:\/\/matildoslituanistinemokykla.co.uk\/en\/wp-json\/wp\/v2\/media\/989421"}],"wp:attachment":[{"href":"https:\/\/matildoslituanistinemokykla.co.uk\/en\/wp-json\/wp\/v2\/media?parent=989420"}],"wp:term":[{"taxonomy":"product_brand","embeddable":true,"href":"https:\/\/matildoslituanistinemokykla.co.uk\/en\/wp-json\/wp\/v2\/product_brand?post=989420"},{"taxonomy":"product_cat","embeddable":true,"href":"https:\/\/matildoslituanistinemokykla.co.uk\/en\/wp-json\/wp\/v2\/product_cat?post=989420"},{"taxonomy":"product_tag","embeddable":true,"href":"https:\/\/matildoslituanistinemokykla.co.uk\/en\/wp-json\/wp\/v2\/product_tag?post=989420"}],"curies":[{"name":"wp","href":"https:\/\/api.w.org\/{rel}","templated":true}]}}