{"id":989424,"date":"2024-02-05T20:40:46","date_gmt":"2024-02-05T20:40:46","guid":{"rendered":"https:\/\/matildoslituanistinemokykla.co.uk\/?post_type=product&#038;p=989424"},"modified":"2025-03-14T09:48:41","modified_gmt":"2025-03-14T09:48:41","slug":"kake-make-ir-pabegusios-ausys","status":"publish","type":"product","link":"https:\/\/matildoslituanistinemokykla.co.uk\/en\/product\/kake-make-ir-pabegusios-ausys\/","title":{"rendered":"POO POO AND ESCAPED EARS"},"content":{"rendered":"<div class=\"vgblk-rw-wrapper limit-wrapper\">What do parents say about the book?<\/p>\n<p>\"We have read this book and The Dwarf of Disorder many times with the children. Even though we have read it so many times, the author's illustrations continue to amaze us. It is only now, after about six months, that I have found those escaped ears, well hidden by the author. Well done Lina!\"<\/p>\n<p>Mama Skaiste<\/p>\n<p>The Kaki Mak\u0117 picture books are a hugely popular series of books about a five-year-old girl enjoying her childhood and trying to explore the world around her! And in the process, she finds herself in all kinds of situations, experiencing fear, jealousy, anger and laziness. The unexpected stories, told through a wealth of unique illustrations, do not moralise, but help to spark the child's imagination and encourage her to find the right answer herself.<\/p>\n<p>Lina \u017dutaut\u0117 is an artist and writer, a favourite among children, born and still living in \u0160iauliai. Her first book \"Kak\u0117 Mak\u0117 ir Netvarkos nyk\u0161tukas\" (Poppy and the Dwarf of Disorder) was published in 2010 and was recognised as the best book for young readers by the International Children's and Young People's Literature Association (IBBY).In 2013 Lina \u017dutaute was awarded the Children's Literature Prize for her work for children, for the combination of image and word. Her work has been translated into Latvian, Estonian, Russian, Danish, Italian, Korean and many other languages. Having created one of the most famous Lithuanian literary characters - Kaka Mak\u0117 - the author never stops surprising her little readers with new stories!<\/p>\n<p>If your little ones love Winnie-the-Pooh and her friends, we invite you to continue their educational journeys by watching Winnie-the-Pooh videos on YouTube: https:\/\/www.youtube.com\/channel\/UCFWLVZ8cVCyqvKmkEqUdK4w<\/p>\n<p>For more adventures of Katya Mak\u0117, click here:<\/p>\n<p>- Winnie-the-Pooh and the Gnome of Disorder<\/p>\n<p>- Winnie the Pooh and the Big Dark<\/p>\n<p>- Winnie the Pooh and the Dream Birthday<\/p>\n<p>- Maki and stolen time<\/p>\n<p>- Poppy and the Tooth Fairy Feast<\/p>\n<p>- Poppy and the Day of the Superdad<\/p>\n<p>- Poppy and the Friendship Broom<\/p>\n<p>- Maki and a terrible injustice<\/p>\n<p>- Winnie-the-Pooh and a cat for one week<\/p>\n<p>- Makea and the magical journey<\/p><\/div>\n<p><!-- .vgblk-rw-wrapper --><\/p>","protected":false},"excerpt":{"rendered":"<p><a class=\"link--big\" href=\"https:\/\/almalittera.lt\/collections\/lina-zutaute\">Lina \u017dutaut\u0117<\/a><\/p>\n<h2 class=\"product-full-width__description-title h1\">ABOUT THE KNIGHTS<\/h2>\n<div class=\"product-full-width__description-text\">\n<p>Lina \u017dutaut\u0117 \"Poppy and the Runaway Ears\"<\/p>\n<p>Recommended for children aged 3-6 years<\/p>\n<p>Oh, that Poppy! Sometimes she gets so absorbed in her games that she can't hear what her mother is saying. And what Grandma says. And Daddy, what he says, she doesn't listen to at all. One day, she couldn't hear anything so much that her ears felt useless and she ran away. They just flopped on the floor, ran through the kitchen, bent down in the corridor and dived out the front door without even turning around!<\/p>\n<p>What to do now? What does she look like without ears? Poppy the Pooh rushes to catch the refugees, but will she be found?<\/p>\n<p>Go on an adventure with Kake Make and find out what to do to make sure your ears never leave your side.<\/p>\n<p>At the end of the book, you will find the psychologist's advice for parents and a fun game for the whole family.<\/p>\n<p>\"What to do when your ears escape? Where to look and how to get them back? This book describes one of the more interesting abilities of both the young and the grown-up: people can be attentive to the information they find interesting, valuable and necessary, but imposing messages or unpleasant tasks often fly past their ears like two distant planets.\"<\/p>\n<p>Psychologist Asta Bland\u0117<\/p>\n<p>\"Winnie the Pooh and the Runaway Ears\"<\/p>\n<p>- enrich vocabulary;<\/p>\n<p>- develops emotional intelligence and imagination;<\/p>\n<p>- helps you understand why listening to what others say is so important, and teaches you to listen to others;<\/p>\n<p>- engages children in a fun adventure - you can search for escaped ears together.<\/p>\n<\/div>","protected":false},"featured_media":989425,"comment_status":"open","ping_status":"closed","template":"","meta":[],"product_brand":[],"product_cat":[67,68,70],"product_tag":[],"class_list":{"0":"post-989424","1":"product","2":"type-product","3":"status-publish","4":"has-post-thumbnail","6":"product_cat-kakes-makes-produkcija","7":"product_cat-knygos","8":"product_cat-visos-prekes","10":"first","11":"outofstock","12":"sale","13":"shipping-taxable","14":"purchasable","15":"product-type-simple"},"yoast_head":"<!-- This site is optimized with the Yoast SEO plugin v25.8 - https:\/\/yoast.com\/wordpress\/plugins\/seo\/ -->\n<title>KAK\u0116 MAK\u0116 IR PAB\u0116GUSIOS AUSYS - Matildoslituanistinemokykla<\/title>\n<meta name=\"robots\" content=\"index, follow, max-snippet:-1, max-image-preview:large, max-video-preview:-1\" \/>\n<link rel=\"canonical\" href=\"https:\/\/matildoslituanistinemokykla.co.uk\/en\/product\/kake-make-ir-pabegusios-ausys\/\" \/>\n<meta property=\"og:locale\" content=\"en_GB\" \/>\n<meta property=\"og:type\" content=\"article\" \/>\n<meta property=\"og:title\" content=\"KAK\u0116 MAK\u0116 IR PAB\u0116GUSIOS AUSYS - Matildoslituanistinemokykla\" \/>\n<meta property=\"og:description\" content=\"Lina \u017dutaut\u0117 APIE KNYG\u0104   Lina \u017dutaut\u0117 \u201eKak\u0117 Mak\u0117 ir pab\u0117gusios ausys\u201c  Rekomenduojama 3\u20136 met\u0173 vaikams  Ak, ta Kak\u0117 Mak\u0117! Kartais taip \u012fninka \u012f \u017eaidimus, kad visai negirdi, k\u0105 sako mama. Ir k\u0105 sako mo\u010diut\u0117. Ir t\u0117tis, k\u0105 sako, ji visai nesiklauso. Vien\u0105 dien\u0105 Kak\u0117 Mak\u0117 taip smarkiai nieko negird\u0117jo, kad ausys pasijuto nereikalingos \u2013 \u0117m\u0117 ir pab\u0117go. Tiesiog liuoktel\u0117jo ant grind\u0173, nustraks\u0117jo per virtuv\u0119, koridoriuje palenktyniavo ir n\u0117r\u0117 pro laukujes duris n\u0117 neatsisukdamos!  K\u0105 dabar daryti? Kaip ji atrodo be aus\u0173? Kak\u0117 Mak\u0117 skuba gaudyti pab\u0117g\u0117li\u0173, bet ar pavyks surasti?  Leiskis \u012f nuotyk\u012f su Kake Make ir su\u017einosi, k\u0105 daryti, kad tavo ausys niekada nuo tav\u0119s nepab\u0117gt\u0173.  Knygos pabaigoje rasite psicholog\u0117s\u00a0patarim\u0173 t\u0117vams ir smag\u0173 \u017eaidim\u0105 visai \u0161eimai.  \u201eK\u0105 daryti, kai pab\u0117ga ausys? Kur j\u0173 ie\u0161koti ir kaip jas susigr\u0105\u017einti? \u0160ioje knygel\u0117je apra\u0161omas vienas \u012fdomesni\u0173 tiek ma\u017eo, tiek gerokai \u016bgtel\u0117jusio \u017emogaus geb\u0117jim\u0173: \u017emogus gali b\u016bti atidus tai informacijai, kuri jam \u012fdomi, vertinga ir reikalinga, ta\u010diau \u012fpareigojan\u010dios \u017einut\u0117s ar nemalonios u\u017eduotys neretai praskrieja pro ausis tarsi dvi tolimos planetos.\u201c  Psicholog\u0117 Asta Bland\u0117  \u201eKak\u0117 Mak\u0117 ir pab\u0117gusios ausys\u201c  \u2022 turtina \u017eodyn\u0105;  \u2022 lavina emocin\u012f intelekt\u0105 ir ugdo vaizduot\u0119;  \u2022 padeda suprasti, kod\u0117l klausytis, k\u0105 sako kiti, taip svarbu, moko i\u0161girsti kitus;  \u2022 \u012ftraukia vaikus \u012f smag\u0173 nuotyk\u012f \u2013 galima kartu ie\u0161koti pab\u0117gusi\u0173 aus\u0173.\" \/>\n<meta property=\"og:url\" content=\"https:\/\/matildoslituanistinemokykla.co.uk\/en\/product\/kake-make-ir-pabegusios-ausys\/\" \/>\n<meta property=\"og:site_name\" content=\"Matildoslituanistinemokykla\" \/>\n<meta property=\"article:modified_time\" content=\"2025-03-14T09:48:41+00:00\" \/>\n<meta property=\"og:image\" content=\"https:\/\/matildoslituanistinemokykla.co.uk\/wp-content\/uploads\/2024\/02\/101.webp\" \/>\n\t<meta property=\"og:image:width\" content=\"540\" \/>\n\t<meta property=\"og:image:height\" content=\"548\" \/>\n\t<meta property=\"og:image:type\" content=\"image\/webp\" \/>\n<meta name=\"twitter:card\" content=\"summary_large_image\" \/>\n<meta name=\"twitter:label1\" content=\"Estimated reading time\" \/>\n\t<meta name=\"twitter:data1\" content=\"2 minutes\" \/>\n<script type=\"application\/ld+json\" class=\"yoast-schema-graph\">{\"@context\":\"https:\/\/schema.org\",\"@graph\":[{\"@type\":\"WebPage\",\"@id\":\"https:\/\/matildoslituanistinemokykla.co.uk\/product\/kake-make-ir-pabegusios-ausys\/\",\"url\":\"https:\/\/matildoslituanistinemokykla.co.uk\/product\/kake-make-ir-pabegusios-ausys\/\",\"name\":\"KAK\u0116 MAK\u0116 IR PAB\u0116GUSIOS AUSYS - Matildoslituanistinemokykla\",\"isPartOf\":{\"@id\":\"https:\/\/matildoslituanistinemokykla.co.uk\/#website\"},\"primaryImageOfPage\":{\"@id\":\"https:\/\/matildoslituanistinemokykla.co.uk\/product\/kake-make-ir-pabegusios-ausys\/#primaryimage\"},\"image\":{\"@id\":\"https:\/\/matildoslituanistinemokykla.co.uk\/product\/kake-make-ir-pabegusios-ausys\/#primaryimage\"},\"thumbnailUrl\":\"https:\/\/matildoslituanistinemokykla.co.uk\/wp-content\/uploads\/2024\/02\/101.webp\",\"datePublished\":\"2024-02-05T20:40:46+00:00\",\"dateModified\":\"2025-03-14T09:48:41+00:00\",\"breadcrumb\":{\"@id\":\"https:\/\/matildoslituanistinemokykla.co.uk\/product\/kake-make-ir-pabegusios-ausys\/#breadcrumb\"},\"inLanguage\":\"en-GB\",\"potentialAction\":[{\"@type\":\"ReadAction\",\"target\":[\"https:\/\/matildoslituanistinemokykla.co.uk\/product\/kake-make-ir-pabegusios-ausys\/\"]}]},{\"@type\":\"ImageObject\",\"inLanguage\":\"en-GB\",\"@id\":\"https:\/\/matildoslituanistinemokykla.co.uk\/product\/kake-make-ir-pabegusios-ausys\/#primaryimage\",\"url\":\"https:\/\/matildoslituanistinemokykla.co.uk\/wp-content\/uploads\/2024\/02\/101.webp\",\"contentUrl\":\"https:\/\/matildoslituanistinemokykla.co.uk\/wp-content\/uploads\/2024\/02\/101.webp\",\"width\":540,\"height\":548},{\"@type\":\"BreadcrumbList\",\"@id\":\"https:\/\/matildoslituanistinemokykla.co.uk\/product\/kake-make-ir-pabegusios-ausys\/#breadcrumb\",\"itemListElement\":[{\"@type\":\"ListItem\",\"position\":1,\"name\":\"Home\",\"item\":\"https:\/\/matildoslituanistinemokykla.co.uk\/\"},{\"@type\":\"ListItem\",\"position\":2,\"name\":\"Parduotuv\u0117\",\"item\":\"https:\/\/matildoslituanistinemokykla.co.uk\/parduotuve\/\"},{\"@type\":\"ListItem\",\"position\":3,\"name\":\"KAK\u0116 MAK\u0116 IR PAB\u0116GUSIOS AUSYS\"}]},{\"@type\":\"WebSite\",\"@id\":\"https:\/\/matildoslituanistinemokykla.co.uk\/#website\",\"url\":\"https:\/\/matildoslituanistinemokykla.co.uk\/\",\"name\":\"Matildoslituanistinemokykla\",\"description\":\"\",\"publisher\":{\"@id\":\"https:\/\/matildoslituanistinemokykla.co.uk\/#organization\"},\"potentialAction\":[{\"@type\":\"SearchAction\",\"target\":{\"@type\":\"EntryPoint\",\"urlTemplate\":\"https:\/\/matildoslituanistinemokykla.co.uk\/?s={search_term_string}\"},\"query-input\":{\"@type\":\"PropertyValueSpecification\",\"valueRequired\":true,\"valueName\":\"search_term_string\"}}],\"inLanguage\":\"en-GB\"},{\"@type\":\"Organization\",\"@id\":\"https:\/\/matildoslituanistinemokykla.co.uk\/#organization\",\"name\":\"Matildoslituanistinemokykla\",\"url\":\"https:\/\/matildoslituanistinemokykla.co.uk\/\",\"logo\":{\"@type\":\"ImageObject\",\"inLanguage\":\"en-GB\",\"@id\":\"https:\/\/matildoslituanistinemokykla.co.uk\/#\/schema\/logo\/image\/\",\"url\":\"https:\/\/matildoslituanistinemokykla.co.uk\/wp-content\/uploads\/2023\/08\/Matildos-Lituanistine-mokykla_logo_final.png\",\"contentUrl\":\"https:\/\/matildoslituanistinemokykla.co.uk\/wp-content\/uploads\/2023\/08\/Matildos-Lituanistine-mokykla_logo_final.png\",\"width\":1203,\"height\":947,\"caption\":\"Matildoslituanistinemokykla\"},\"image\":{\"@id\":\"https:\/\/matildoslituanistinemokykla.co.uk\/#\/schema\/logo\/image\/\"}}]}<\/script>\n<!-- \/ Yoast SEO plugin. -->","yoast_head_json":{"title":"KAK\u0116 MAK\u0116 IR PAB\u0116GUSIOS AUSYS - Matildoslituanistinemokykla","robots":{"index":"index","follow":"follow","max-snippet":"max-snippet:-1","max-image-preview":"max-image-preview:large","max-video-preview":"max-video-preview:-1"},"canonical":"https:\/\/matildoslituanistinemokykla.co.uk\/en\/product\/kake-make-ir-pabegusios-ausys\/","og_locale":"en_GB","og_type":"article","og_title":"KAK\u0116 MAK\u0116 IR PAB\u0116GUSIOS AUSYS - Matildoslituanistinemokykla","og_description":"Lina \u017dutaut\u0117 APIE KNYG\u0104   Lina \u017dutaut\u0117 \u201eKak\u0117 Mak\u0117 ir pab\u0117gusios ausys\u201c  Rekomenduojama 3\u20136 met\u0173 vaikams  Ak, ta Kak\u0117 Mak\u0117! Kartais taip \u012fninka \u012f \u017eaidimus, kad visai negirdi, k\u0105 sako mama. Ir k\u0105 sako mo\u010diut\u0117. Ir t\u0117tis, k\u0105 sako, ji visai nesiklauso. Vien\u0105 dien\u0105 Kak\u0117 Mak\u0117 taip smarkiai nieko negird\u0117jo, kad ausys pasijuto nereikalingos \u2013 \u0117m\u0117 ir pab\u0117go. Tiesiog liuoktel\u0117jo ant grind\u0173, nustraks\u0117jo per virtuv\u0119, koridoriuje palenktyniavo ir n\u0117r\u0117 pro laukujes duris n\u0117 neatsisukdamos!  K\u0105 dabar daryti? Kaip ji atrodo be aus\u0173? Kak\u0117 Mak\u0117 skuba gaudyti pab\u0117g\u0117li\u0173, bet ar pavyks surasti?  Leiskis \u012f nuotyk\u012f su Kake Make ir su\u017einosi, k\u0105 daryti, kad tavo ausys niekada nuo tav\u0119s nepab\u0117gt\u0173.  Knygos pabaigoje rasite psicholog\u0117s\u00a0patarim\u0173 t\u0117vams ir smag\u0173 \u017eaidim\u0105 visai \u0161eimai.  \u201eK\u0105 daryti, kai pab\u0117ga ausys? Kur j\u0173 ie\u0161koti ir kaip jas susigr\u0105\u017einti? \u0160ioje knygel\u0117je apra\u0161omas vienas \u012fdomesni\u0173 tiek ma\u017eo, tiek gerokai \u016bgtel\u0117jusio \u017emogaus geb\u0117jim\u0173: \u017emogus gali b\u016bti atidus tai informacijai, kuri jam \u012fdomi, vertinga ir reikalinga, ta\u010diau \u012fpareigojan\u010dios \u017einut\u0117s ar nemalonios u\u017eduotys neretai praskrieja pro ausis tarsi dvi tolimos planetos.\u201c  Psicholog\u0117 Asta Bland\u0117  \u201eKak\u0117 Mak\u0117 ir pab\u0117gusios ausys\u201c  \u2022 turtina \u017eodyn\u0105;  \u2022 lavina emocin\u012f intelekt\u0105 ir ugdo vaizduot\u0119;  \u2022 padeda suprasti, kod\u0117l klausytis, k\u0105 sako kiti, taip svarbu, moko i\u0161girsti kitus;  \u2022 \u012ftraukia vaikus \u012f smag\u0173 nuotyk\u012f \u2013 galima kartu ie\u0161koti pab\u0117gusi\u0173 aus\u0173.","og_url":"https:\/\/matildoslituanistinemokykla.co.uk\/en\/product\/kake-make-ir-pabegusios-ausys\/","og_site_name":"Matildoslituanistinemokykla","article_modified_time":"2025-03-14T09:48:41+00:00","og_image":[{"width":540,"height":548,"url":"https:\/\/matildoslituanistinemokykla.co.uk\/wp-content\/uploads\/2024\/02\/101.webp","type":"image\/webp"}],"twitter_card":"summary_large_image","twitter_misc":{"Estimated reading time":"2 minutes"},"schema":{"@context":"https:\/\/schema.org","@graph":[{"@type":"WebPage","@id":"https:\/\/matildoslituanistinemokykla.co.uk\/product\/kake-make-ir-pabegusios-ausys\/","url":"https:\/\/matildoslituanistinemokykla.co.uk\/product\/kake-make-ir-pabegusios-ausys\/","name":"KAK\u0116 MAK\u0116 IR PAB\u0116GUSIOS AUSYS - Matildoslituanistinemokykla","isPartOf":{"@id":"https:\/\/matildoslituanistinemokykla.co.uk\/#website"},"primaryImageOfPage":{"@id":"https:\/\/matildoslituanistinemokykla.co.uk\/product\/kake-make-ir-pabegusios-ausys\/#primaryimage"},"image":{"@id":"https:\/\/matildoslituanistinemokykla.co.uk\/product\/kake-make-ir-pabegusios-ausys\/#primaryimage"},"thumbnailUrl":"https:\/\/matildoslituanistinemokykla.co.uk\/wp-content\/uploads\/2024\/02\/101.webp","datePublished":"2024-02-05T20:40:46+00:00","dateModified":"2025-03-14T09:48:41+00:00","breadcrumb":{"@id":"https:\/\/matildoslituanistinemokykla.co.uk\/product\/kake-make-ir-pabegusios-ausys\/#breadcrumb"},"inLanguage":"en-GB","potentialAction":[{"@type":"ReadAction","target":["https:\/\/matildoslituanistinemokykla.co.uk\/product\/kake-make-ir-pabegusios-ausys\/"]}]},{"@type":"ImageObject","inLanguage":"en-GB","@id":"https:\/\/matildoslituanistinemokykla.co.uk\/product\/kake-make-ir-pabegusios-ausys\/#primaryimage","url":"https:\/\/matildoslituanistinemokykla.co.uk\/wp-content\/uploads\/2024\/02\/101.webp","contentUrl":"https:\/\/matildoslituanistinemokykla.co.uk\/wp-content\/uploads\/2024\/02\/101.webp","width":540,"height":548},{"@type":"BreadcrumbList","@id":"https:\/\/matildoslituanistinemokykla.co.uk\/product\/kake-make-ir-pabegusios-ausys\/#breadcrumb","itemListElement":[{"@type":"ListItem","position":1,"name":"Home","item":"https:\/\/matildoslituanistinemokykla.co.uk\/"},{"@type":"ListItem","position":2,"name":"Parduotuv\u0117","item":"https:\/\/matildoslituanistinemokykla.co.uk\/parduotuve\/"},{"@type":"ListItem","position":3,"name":"KAK\u0116 MAK\u0116 IR PAB\u0116GUSIOS AUSYS"}]},{"@type":"WebSite","@id":"https:\/\/matildoslituanistinemokykla.co.uk\/#website","url":"https:\/\/matildoslituanistinemokykla.co.uk\/","name":"Matildoslituanistinemokykla","description":"","publisher":{"@id":"https:\/\/matildoslituanistinemokykla.co.uk\/#organization"},"potentialAction":[{"@type":"SearchAction","target":{"@type":"EntryPoint","urlTemplate":"https:\/\/matildoslituanistinemokykla.co.uk\/?s={search_term_string}"},"query-input":{"@type":"PropertyValueSpecification","valueRequired":true,"valueName":"search_term_string"}}],"inLanguage":"en-GB"},{"@type":"Organization","@id":"https:\/\/matildoslituanistinemokykla.co.uk\/#organization","name":"Matildoslituanistinemokykla","url":"https:\/\/matildoslituanistinemokykla.co.uk\/","logo":{"@type":"ImageObject","inLanguage":"en-GB","@id":"https:\/\/matildoslituanistinemokykla.co.uk\/#\/schema\/logo\/image\/","url":"https:\/\/matildoslituanistinemokykla.co.uk\/wp-content\/uploads\/2023\/08\/Matildos-Lituanistine-mokykla_logo_final.png","contentUrl":"https:\/\/matildoslituanistinemokykla.co.uk\/wp-content\/uploads\/2023\/08\/Matildos-Lituanistine-mokykla_logo_final.png","width":1203,"height":947,"caption":"Matildoslituanistinemokykla"},"image":{"@id":"https:\/\/matildoslituanistinemokykla.co.uk\/#\/schema\/logo\/image\/"}}]}},"_links":{"self":[{"href":"https:\/\/matildoslituanistinemokykla.co.uk\/en\/wp-json\/wp\/v2\/product\/989424","targetHints":{"allow":["GET"]}}],"collection":[{"href":"https:\/\/matildoslituanistinemokykla.co.uk\/en\/wp-json\/wp\/v2\/product"}],"about":[{"href":"https:\/\/matildoslituanistinemokykla.co.uk\/en\/wp-json\/wp\/v2\/types\/product"}],"replies":[{"embeddable":true,"href":"https:\/\/matildoslituanistinemokykla.co.uk\/en\/wp-json\/wp\/v2\/comments?post=989424"}],"wp:featuredmedia":[{"embeddable":true,"href":"https:\/\/matildoslituanistinemokykla.co.uk\/en\/wp-json\/wp\/v2\/media\/989425"}],"wp:attachment":[{"href":"https:\/\/matildoslituanistinemokykla.co.uk\/en\/wp-json\/wp\/v2\/media?parent=989424"}],"wp:term":[{"taxonomy":"product_brand","embeddable":true,"href":"https:\/\/matildoslituanistinemokykla.co.uk\/en\/wp-json\/wp\/v2\/product_brand?post=989424"},{"taxonomy":"product_cat","embeddable":true,"href":"https:\/\/matildoslituanistinemokykla.co.uk\/en\/wp-json\/wp\/v2\/product_cat?post=989424"},{"taxonomy":"product_tag","embeddable":true,"href":"https:\/\/matildoslituanistinemokykla.co.uk\/en\/wp-json\/wp\/v2\/product_tag?post=989424"}],"curies":[{"name":"wp","href":"https:\/\/api.w.org\/{rel}","templated":true}]}}