{"id":989431,"date":"2024-02-06T21:12:51","date_gmt":"2024-02-06T21:12:51","guid":{"rendered":"https:\/\/matildoslituanistinemokykla.co.uk\/?post_type=product&#038;p=989431"},"modified":"2025-05-09T12:44:02","modified_gmt":"2025-05-09T12:44:02","slug":"kake-make-ir-svajoniu-gimtadienis","status":"publish","type":"product","link":"https:\/\/matildoslituanistinemokykla.co.uk\/en\/product\/kake-make-ir-svajoniu-gimtadienis\/","title":{"rendered":"Winnie the Pooh and the Dream Birthday"},"content":{"rendered":"<div class=\"vgblk-rw-wrapper limit-wrapper\">What do parents say about the book?<\/p>\n<p>\"A great book about birthday celebrations and the bond between parents and their children, I really enjoyed it. After reading the book, my husband and I sat down together and told the children about our childhood dreams. Moments like these are magical times in the family, thank you Kakei Makei.\"<\/p>\n<p>Mama Renata<\/p>\n<p>The Kaki Mak\u0117 picture books are a hugely popular series of books about a five-year-old girl enjoying her childhood and trying to explore the world around her! And as she learns about it, she faces different situations and challenges - fear, jealousy, anger, laziness. The unexpected stories, told through a wealth of unique illustrations, do not moralise, but help to spark a child's imagination and encourage her to find the right answer.<\/p>\n<p>Lina \u017dutaut\u0117 is an artist and writer, a favourite among children, born and still living in \u0160iauliai. Her first book \"Kak\u0117 Mak\u0117 ir Netvarkos nyk\u0161tukas\" (Poppy and the Dwarf of Disorder) was published in 2010 and was recognised as the best book for young readers by the International Children's and Young People's Literature Association (IBBY).In 2013 Lina \u017dutaute was awarded the Children's Literature Prize for her work for children, for the combination of image and word. Her work has been translated into Latvian, Estonian, Russian, Danish, Italian, Korean and many other languages. Having created one of the most famous Lithuanian literary characters - Kaka Mak\u0117 - the author never stops surprising her little readers with new stories!<\/p>\n<p>If your little ones love Winnie-the-Pooh and her friends, we invite you to continue your educational journey by watching the Winnie-the-Pooh videos on Youtube: https:\/\/www.youtube.com\/channel\/UCFWLVZ8cVCyqvKmkEqUdK4w<\/p>\n<div><\/div>\n<\/div>\n<p><!-- .vgblk-rw-wrapper --><\/p>","protected":false},"excerpt":{"rendered":"<p><a class=\"link--big\" href=\"https:\/\/almalittera.lt\/collections\/lina-zutaute\">Lina \u017dutaut\u0117<\/a><\/p>\n<h2 class=\"product-full-width__description-title h1\">ABOUT THE KNIGHTS<\/h2>\n<div class=\"product-full-width__description-text\">\n<p>Recommended for children aged 2-6 years<\/p>\n<p>K\u0117ke Mak\u0117's birthday is the best birthday of all, because it makes not only her dreams come true, but also the dreams of others!<\/p>\n<p>Poppy the Pooh getting ready for her birthday. This one will be really special, because it will be a SUNDAY birthday. All your friends, even the most unexpected ones, will come together for a dance party, a roaring competition, a hide-and-seek and the most delicious cake. Maybe even two!<\/p>\n<p>As she sees her mum, dad and grandma making sure her birthday is a wonderful one, she decides to surprise them by inviting... very special guests. Well, her parents will be surprised!<\/p>\n<p>\"The Birthday of K\u0117ke Mak\u0117\" is a story that fits the birthdays of all young readers. The author captures the magic of the special day: wishes come true, small and big miracles happen in front of your eyes, and everyone involved feels rewarded.\" Psychologist Asta Blande<\/p>\n<p>\"Winnie the Pooh and the Dream Birthday\":<\/p>\n<p>- enrich vocabulary;<\/p>\n<p>- develops emotional intelligence;<\/p>\n<p>- develops the imagination and shows how much fun it can bring;<\/p>\n<p>- encourages people to share the joy and celebrate their birthday in a way that is fun for others;<\/p>\n<p>- Encourages children to think not only about their own dreams, but also to hear what their relatives have dreamt or are still dreaming about;<\/p>\n<p>- The book is complemented by a psychologist's commentary for parents to help them better understand their toddlers and cope with everyday challenges.<\/p>\n<\/div>","protected":false},"featured_media":989432,"comment_status":"open","ping_status":"closed","template":"","meta":[],"product_brand":[],"product_cat":[68,70],"product_tag":[],"class_list":{"0":"post-989431","1":"product","2":"type-product","3":"status-publish","4":"has-post-thumbnail","6":"product_cat-knygos","7":"product_cat-visos-prekes","9":"first","10":"outofstock","11":"sale","12":"shipping-taxable","13":"purchasable","14":"product-type-simple"},"yoast_head":"<!-- This site is optimized with the Yoast SEO plugin v25.8 - https:\/\/yoast.com\/wordpress\/plugins\/seo\/ -->\n<title>Kak\u0117 Mak\u0117 ir svajoni\u0173 gimtadienis - Matildoslituanistinemokykla<\/title>\n<meta name=\"robots\" content=\"index, follow, max-snippet:-1, max-image-preview:large, max-video-preview:-1\" \/>\n<link rel=\"canonical\" href=\"https:\/\/matildoslituanistinemokykla.co.uk\/en\/product\/kake-make-ir-svajoniu-gimtadienis\/\" \/>\n<meta property=\"og:locale\" content=\"en_GB\" \/>\n<meta property=\"og:type\" content=\"article\" \/>\n<meta property=\"og:title\" content=\"Kak\u0117 Mak\u0117 ir svajoni\u0173 gimtadienis - Matildoslituanistinemokykla\" \/>\n<meta property=\"og:description\" content=\"Lina \u017dutaut\u0117 APIE KNYG\u0104   Rekomenduojama 2\u20136 met\u0173 vaikams  Kak\u0117s Mak\u0117s gimtadienis pats geriausias, nes per j\u012f pildosi ne tik jos, bet ir kit\u0173 svajon\u0117s!  Kak\u0117 Mak\u0117 ruo\u0161iasi gimtadieniui. \u0160is bus tikrai ypatingas, nes bus SVAJONI\u0172 gimtadienis. Susirinks visi draugai, net netik\u0117\u010diausi, ir visi kaip reikiant pa\u0161\u0117lios: surengs \u0161oki\u0173 vakar\u0117l\u012f, riaumojimo var\u017eybas, \u017eais sl\u0117pyni\u0173 ir valgys skaniausi\u0105 tort\u0105. Gal net du!  Kak\u0117 Mak\u0117 mato, kaip mama, t\u0117tis ir senel\u0117 r\u016bpinasi, kad jos gimtadienis b\u016bt\u0173 nuostabus, tad ji nusprend\u017eia paruo\u0161ti jiems staigmen\u0105 ir pakviesti... labai ypatingus sve\u010dius. Na ir nustebs t\u0117vai!  \u201eKak\u0117s Mak\u0117s gimtadienis \u2013 istorija, kurioje telpa vis\u0173 ma\u017e\u0173j\u0173 skaitytoj\u0173 gimtadieniai. Autor\u0117 puikiai atskleid\u017eia ypatingos dienos magij\u0105: tada pildosi norai, prie\u0161 akis vyksta ma\u017ei ir dideli stebuklai, o kiekvienas dalyvis jau\u010diasi apdovanotas.\u201c Psicholog\u0117 Asta Bland\u0117  \u201eKak\u0117 Mak\u0117 ir svajoni\u0173 gimtadienis\u201c:  \u2022 turtina \u017eodyn\u0105;  \u2022 lavina emocin\u012f intelekt\u0105;  \u2022 ugdo vaizduot\u0119 ir parodo, kiek daug d\u017eiaugsmo ji gali suteikti;  \u2022 skatina dalytis d\u017eiaugsmu ir gimtadien\u012f \u0161v\u0119sti taip, kad ir kitiems b\u016bt\u0173 be galo smagu;  \u2022 skatina vaikus galvoti ne tik apie savo svajones, bet ir i\u0161girsti, apie k\u0105 svajojo ar tebesvajoja artimieji;  \u2022 knyga papildyta t\u0117vams skirtais psicholog\u0117s komentarais, kurie pad\u0117s geriau suprasti ma\u017eylius ir \u012fveikti kasdienius i\u0161\u0161\u016bkius.\" \/>\n<meta property=\"og:url\" content=\"https:\/\/matildoslituanistinemokykla.co.uk\/en\/product\/kake-make-ir-svajoniu-gimtadienis\/\" \/>\n<meta property=\"og:site_name\" content=\"Matildoslituanistinemokykla\" \/>\n<meta property=\"article:modified_time\" content=\"2025-05-09T12:44:02+00:00\" \/>\n<meta property=\"og:image\" content=\"https:\/\/matildoslituanistinemokykla.co.uk\/wp-content\/uploads\/2024\/02\/11.1.webp\" \/>\n\t<meta property=\"og:image:width\" content=\"540\" \/>\n\t<meta property=\"og:image:height\" content=\"548\" \/>\n\t<meta property=\"og:image:type\" content=\"image\/webp\" \/>\n<meta name=\"twitter:card\" content=\"summary_large_image\" \/>\n<meta name=\"twitter:label1\" content=\"Estimated reading time\" \/>\n\t<meta name=\"twitter:data1\" content=\"2 minutes\" \/>\n<script type=\"application\/ld+json\" class=\"yoast-schema-graph\">{\"@context\":\"https:\/\/schema.org\",\"@graph\":[{\"@type\":\"WebPage\",\"@id\":\"https:\/\/matildoslituanistinemokykla.co.uk\/product\/kake-make-ir-svajoniu-gimtadienis\/\",\"url\":\"https:\/\/matildoslituanistinemokykla.co.uk\/product\/kake-make-ir-svajoniu-gimtadienis\/\",\"name\":\"Kak\u0117 Mak\u0117 ir svajoni\u0173 gimtadienis - Matildoslituanistinemokykla\",\"isPartOf\":{\"@id\":\"https:\/\/matildoslituanistinemokykla.co.uk\/#website\"},\"primaryImageOfPage\":{\"@id\":\"https:\/\/matildoslituanistinemokykla.co.uk\/product\/kake-make-ir-svajoniu-gimtadienis\/#primaryimage\"},\"image\":{\"@id\":\"https:\/\/matildoslituanistinemokykla.co.uk\/product\/kake-make-ir-svajoniu-gimtadienis\/#primaryimage\"},\"thumbnailUrl\":\"https:\/\/matildoslituanistinemokykla.co.uk\/wp-content\/uploads\/2024\/02\/11.1.webp\",\"datePublished\":\"2024-02-06T21:12:51+00:00\",\"dateModified\":\"2025-05-09T12:44:02+00:00\",\"breadcrumb\":{\"@id\":\"https:\/\/matildoslituanistinemokykla.co.uk\/product\/kake-make-ir-svajoniu-gimtadienis\/#breadcrumb\"},\"inLanguage\":\"en-GB\",\"potentialAction\":[{\"@type\":\"ReadAction\",\"target\":[\"https:\/\/matildoslituanistinemokykla.co.uk\/product\/kake-make-ir-svajoniu-gimtadienis\/\"]}]},{\"@type\":\"ImageObject\",\"inLanguage\":\"en-GB\",\"@id\":\"https:\/\/matildoslituanistinemokykla.co.uk\/product\/kake-make-ir-svajoniu-gimtadienis\/#primaryimage\",\"url\":\"https:\/\/matildoslituanistinemokykla.co.uk\/wp-content\/uploads\/2024\/02\/11.1.webp\",\"contentUrl\":\"https:\/\/matildoslituanistinemokykla.co.uk\/wp-content\/uploads\/2024\/02\/11.1.webp\",\"width\":540,\"height\":548},{\"@type\":\"BreadcrumbList\",\"@id\":\"https:\/\/matildoslituanistinemokykla.co.uk\/product\/kake-make-ir-svajoniu-gimtadienis\/#breadcrumb\",\"itemListElement\":[{\"@type\":\"ListItem\",\"position\":1,\"name\":\"Home\",\"item\":\"https:\/\/matildoslituanistinemokykla.co.uk\/\"},{\"@type\":\"ListItem\",\"position\":2,\"name\":\"Parduotuv\u0117\",\"item\":\"https:\/\/matildoslituanistinemokykla.co.uk\/parduotuve\/\"},{\"@type\":\"ListItem\",\"position\":3,\"name\":\"Kak\u0117 Mak\u0117 ir svajoni\u0173 gimtadienis\"}]},{\"@type\":\"WebSite\",\"@id\":\"https:\/\/matildoslituanistinemokykla.co.uk\/#website\",\"url\":\"https:\/\/matildoslituanistinemokykla.co.uk\/\",\"name\":\"Matildoslituanistinemokykla\",\"description\":\"\",\"publisher\":{\"@id\":\"https:\/\/matildoslituanistinemokykla.co.uk\/#organization\"},\"potentialAction\":[{\"@type\":\"SearchAction\",\"target\":{\"@type\":\"EntryPoint\",\"urlTemplate\":\"https:\/\/matildoslituanistinemokykla.co.uk\/?s={search_term_string}\"},\"query-input\":{\"@type\":\"PropertyValueSpecification\",\"valueRequired\":true,\"valueName\":\"search_term_string\"}}],\"inLanguage\":\"en-GB\"},{\"@type\":\"Organization\",\"@id\":\"https:\/\/matildoslituanistinemokykla.co.uk\/#organization\",\"name\":\"Matildoslituanistinemokykla\",\"url\":\"https:\/\/matildoslituanistinemokykla.co.uk\/\",\"logo\":{\"@type\":\"ImageObject\",\"inLanguage\":\"en-GB\",\"@id\":\"https:\/\/matildoslituanistinemokykla.co.uk\/#\/schema\/logo\/image\/\",\"url\":\"https:\/\/matildoslituanistinemokykla.co.uk\/wp-content\/uploads\/2023\/08\/Matildos-Lituanistine-mokykla_logo_final.png\",\"contentUrl\":\"https:\/\/matildoslituanistinemokykla.co.uk\/wp-content\/uploads\/2023\/08\/Matildos-Lituanistine-mokykla_logo_final.png\",\"width\":1203,\"height\":947,\"caption\":\"Matildoslituanistinemokykla\"},\"image\":{\"@id\":\"https:\/\/matildoslituanistinemokykla.co.uk\/#\/schema\/logo\/image\/\"}}]}<\/script>\n<!-- \/ Yoast SEO plugin. -->","yoast_head_json":{"title":"Kak\u0117 Mak\u0117 ir svajoni\u0173 gimtadienis - Matildoslituanistinemokykla","robots":{"index":"index","follow":"follow","max-snippet":"max-snippet:-1","max-image-preview":"max-image-preview:large","max-video-preview":"max-video-preview:-1"},"canonical":"https:\/\/matildoslituanistinemokykla.co.uk\/en\/product\/kake-make-ir-svajoniu-gimtadienis\/","og_locale":"en_GB","og_type":"article","og_title":"Kak\u0117 Mak\u0117 ir svajoni\u0173 gimtadienis - Matildoslituanistinemokykla","og_description":"Lina \u017dutaut\u0117 APIE KNYG\u0104   Rekomenduojama 2\u20136 met\u0173 vaikams  Kak\u0117s Mak\u0117s gimtadienis pats geriausias, nes per j\u012f pildosi ne tik jos, bet ir kit\u0173 svajon\u0117s!  Kak\u0117 Mak\u0117 ruo\u0161iasi gimtadieniui. \u0160is bus tikrai ypatingas, nes bus SVAJONI\u0172 gimtadienis. Susirinks visi draugai, net netik\u0117\u010diausi, ir visi kaip reikiant pa\u0161\u0117lios: surengs \u0161oki\u0173 vakar\u0117l\u012f, riaumojimo var\u017eybas, \u017eais sl\u0117pyni\u0173 ir valgys skaniausi\u0105 tort\u0105. Gal net du!  Kak\u0117 Mak\u0117 mato, kaip mama, t\u0117tis ir senel\u0117 r\u016bpinasi, kad jos gimtadienis b\u016bt\u0173 nuostabus, tad ji nusprend\u017eia paruo\u0161ti jiems staigmen\u0105 ir pakviesti... labai ypatingus sve\u010dius. Na ir nustebs t\u0117vai!  \u201eKak\u0117s Mak\u0117s gimtadienis \u2013 istorija, kurioje telpa vis\u0173 ma\u017e\u0173j\u0173 skaitytoj\u0173 gimtadieniai. Autor\u0117 puikiai atskleid\u017eia ypatingos dienos magij\u0105: tada pildosi norai, prie\u0161 akis vyksta ma\u017ei ir dideli stebuklai, o kiekvienas dalyvis jau\u010diasi apdovanotas.\u201c Psicholog\u0117 Asta Bland\u0117  \u201eKak\u0117 Mak\u0117 ir svajoni\u0173 gimtadienis\u201c:  \u2022 turtina \u017eodyn\u0105;  \u2022 lavina emocin\u012f intelekt\u0105;  \u2022 ugdo vaizduot\u0119 ir parodo, kiek daug d\u017eiaugsmo ji gali suteikti;  \u2022 skatina dalytis d\u017eiaugsmu ir gimtadien\u012f \u0161v\u0119sti taip, kad ir kitiems b\u016bt\u0173 be galo smagu;  \u2022 skatina vaikus galvoti ne tik apie savo svajones, bet ir i\u0161girsti, apie k\u0105 svajojo ar tebesvajoja artimieji;  \u2022 knyga papildyta t\u0117vams skirtais psicholog\u0117s komentarais, kurie pad\u0117s geriau suprasti ma\u017eylius ir \u012fveikti kasdienius i\u0161\u0161\u016bkius.","og_url":"https:\/\/matildoslituanistinemokykla.co.uk\/en\/product\/kake-make-ir-svajoniu-gimtadienis\/","og_site_name":"Matildoslituanistinemokykla","article_modified_time":"2025-05-09T12:44:02+00:00","og_image":[{"width":540,"height":548,"url":"https:\/\/matildoslituanistinemokykla.co.uk\/wp-content\/uploads\/2024\/02\/11.1.webp","type":"image\/webp"}],"twitter_card":"summary_large_image","twitter_misc":{"Estimated reading time":"2 minutes"},"schema":{"@context":"https:\/\/schema.org","@graph":[{"@type":"WebPage","@id":"https:\/\/matildoslituanistinemokykla.co.uk\/product\/kake-make-ir-svajoniu-gimtadienis\/","url":"https:\/\/matildoslituanistinemokykla.co.uk\/product\/kake-make-ir-svajoniu-gimtadienis\/","name":"Kak\u0117 Mak\u0117 ir svajoni\u0173 gimtadienis - Matildoslituanistinemokykla","isPartOf":{"@id":"https:\/\/matildoslituanistinemokykla.co.uk\/#website"},"primaryImageOfPage":{"@id":"https:\/\/matildoslituanistinemokykla.co.uk\/product\/kake-make-ir-svajoniu-gimtadienis\/#primaryimage"},"image":{"@id":"https:\/\/matildoslituanistinemokykla.co.uk\/product\/kake-make-ir-svajoniu-gimtadienis\/#primaryimage"},"thumbnailUrl":"https:\/\/matildoslituanistinemokykla.co.uk\/wp-content\/uploads\/2024\/02\/11.1.webp","datePublished":"2024-02-06T21:12:51+00:00","dateModified":"2025-05-09T12:44:02+00:00","breadcrumb":{"@id":"https:\/\/matildoslituanistinemokykla.co.uk\/product\/kake-make-ir-svajoniu-gimtadienis\/#breadcrumb"},"inLanguage":"en-GB","potentialAction":[{"@type":"ReadAction","target":["https:\/\/matildoslituanistinemokykla.co.uk\/product\/kake-make-ir-svajoniu-gimtadienis\/"]}]},{"@type":"ImageObject","inLanguage":"en-GB","@id":"https:\/\/matildoslituanistinemokykla.co.uk\/product\/kake-make-ir-svajoniu-gimtadienis\/#primaryimage","url":"https:\/\/matildoslituanistinemokykla.co.uk\/wp-content\/uploads\/2024\/02\/11.1.webp","contentUrl":"https:\/\/matildoslituanistinemokykla.co.uk\/wp-content\/uploads\/2024\/02\/11.1.webp","width":540,"height":548},{"@type":"BreadcrumbList","@id":"https:\/\/matildoslituanistinemokykla.co.uk\/product\/kake-make-ir-svajoniu-gimtadienis\/#breadcrumb","itemListElement":[{"@type":"ListItem","position":1,"name":"Home","item":"https:\/\/matildoslituanistinemokykla.co.uk\/"},{"@type":"ListItem","position":2,"name":"Parduotuv\u0117","item":"https:\/\/matildoslituanistinemokykla.co.uk\/parduotuve\/"},{"@type":"ListItem","position":3,"name":"Kak\u0117 Mak\u0117 ir svajoni\u0173 gimtadienis"}]},{"@type":"WebSite","@id":"https:\/\/matildoslituanistinemokykla.co.uk\/#website","url":"https:\/\/matildoslituanistinemokykla.co.uk\/","name":"Matildoslituanistinemokykla","description":"","publisher":{"@id":"https:\/\/matildoslituanistinemokykla.co.uk\/#organization"},"potentialAction":[{"@type":"SearchAction","target":{"@type":"EntryPoint","urlTemplate":"https:\/\/matildoslituanistinemokykla.co.uk\/?s={search_term_string}"},"query-input":{"@type":"PropertyValueSpecification","valueRequired":true,"valueName":"search_term_string"}}],"inLanguage":"en-GB"},{"@type":"Organization","@id":"https:\/\/matildoslituanistinemokykla.co.uk\/#organization","name":"Matildoslituanistinemokykla","url":"https:\/\/matildoslituanistinemokykla.co.uk\/","logo":{"@type":"ImageObject","inLanguage":"en-GB","@id":"https:\/\/matildoslituanistinemokykla.co.uk\/#\/schema\/logo\/image\/","url":"https:\/\/matildoslituanistinemokykla.co.uk\/wp-content\/uploads\/2023\/08\/Matildos-Lituanistine-mokykla_logo_final.png","contentUrl":"https:\/\/matildoslituanistinemokykla.co.uk\/wp-content\/uploads\/2023\/08\/Matildos-Lituanistine-mokykla_logo_final.png","width":1203,"height":947,"caption":"Matildoslituanistinemokykla"},"image":{"@id":"https:\/\/matildoslituanistinemokykla.co.uk\/#\/schema\/logo\/image\/"}}]}},"_links":{"self":[{"href":"https:\/\/matildoslituanistinemokykla.co.uk\/en\/wp-json\/wp\/v2\/product\/989431","targetHints":{"allow":["GET"]}}],"collection":[{"href":"https:\/\/matildoslituanistinemokykla.co.uk\/en\/wp-json\/wp\/v2\/product"}],"about":[{"href":"https:\/\/matildoslituanistinemokykla.co.uk\/en\/wp-json\/wp\/v2\/types\/product"}],"replies":[{"embeddable":true,"href":"https:\/\/matildoslituanistinemokykla.co.uk\/en\/wp-json\/wp\/v2\/comments?post=989431"}],"wp:featuredmedia":[{"embeddable":true,"href":"https:\/\/matildoslituanistinemokykla.co.uk\/en\/wp-json\/wp\/v2\/media\/989432"}],"wp:attachment":[{"href":"https:\/\/matildoslituanistinemokykla.co.uk\/en\/wp-json\/wp\/v2\/media?parent=989431"}],"wp:term":[{"taxonomy":"product_brand","embeddable":true,"href":"https:\/\/matildoslituanistinemokykla.co.uk\/en\/wp-json\/wp\/v2\/product_brand?post=989431"},{"taxonomy":"product_cat","embeddable":true,"href":"https:\/\/matildoslituanistinemokykla.co.uk\/en\/wp-json\/wp\/v2\/product_cat?post=989431"},{"taxonomy":"product_tag","embeddable":true,"href":"https:\/\/matildoslituanistinemokykla.co.uk\/en\/wp-json\/wp\/v2\/product_tag?post=989431"}],"curies":[{"name":"wp","href":"https:\/\/api.w.org\/{rel}","templated":true}]}}