{"id":989441,"date":"2024-02-06T21:36:58","date_gmt":"2024-02-06T21:36:58","guid":{"rendered":"https:\/\/matildoslituanistinemokykla.co.uk\/?post_type=product&#038;p=989441"},"modified":"2025-03-14T09:47:46","modified_gmt":"2025-03-14T09:47:46","slug":"kake-make-abecele-lavinamasis-rinkinys","status":"publish","type":"product","link":"https:\/\/matildoslituanistinemokykla.co.uk\/en\/product\/kake-make-abecele-lavinamasis-rinkinys\/","title":{"rendered":"KAKE MAKE. BOTTLE. EDUCATIONAL KIT"},"content":{"rendered":"","protected":false},"excerpt":{"rendered":"<p><a title=\"Egl\u0117 Labukien\u0117\" href=\"https:\/\/almalittera.lt\/collections\/vendors?q=Egl%C4%97%20Labukien%C4%97\">Egl\u0117 Labukien\u0117<\/a><\/p>\n<h2 class=\"product-full-width__description-title h1\">ABOUT THE KNIGHTS<\/h2>\n<div class=\"product-full-width__description-text\">\n<div>Recommended for children aged 5 and over<\/div>\n<div><\/div>\n<div><\/div>\n<div>Learn to read in fun and inventive ways with Kake Make!<\/div>\n<div><\/div>\n<div><\/div>\n<div>This set will help children learn about letters and how to read. They will use their fingers to follow the LETTER TRAIL to learn the letters, the READING PATTERNS to learn how to pronounce sounds and combine letters into syllables, and the ELEMENTORIAL tasks to consolidate their knowledge and start reading simple words and sentences.<\/div>\n<div><\/div>\n<div><\/div>\n<div>In the kit:<\/div>\n<ul>\n<li>The \"Poppy Mouse\" activity book. Elementary\",<\/li>\n<li>2 games \"Alphabet Trail\", \"Reading Feet\",<\/li>\n<li>Alphabet poster.<\/li>\n<\/ul>\n<div><\/div>\n<div><\/div>\n<div>\"Winnie the Pooh. Alphabet. Educational kit\":<\/div>\n<ul>\n<li>develops reading skills;<\/li>\n<li>develops writing skills;<\/li>\n<li>teaches you to focus;<\/li>\n<li>enrich vocabulary;<\/li>\n<li>develops logical thinking;<\/li>\n<li>develops imagination.<\/li>\n<\/ul>\n<div><\/div>\n<div><\/div>\n<div>We wish you the courage to enter the wonderful world of letters!<\/div>\n<\/div>","protected":false},"featured_media":989442,"comment_status":"open","ping_status":"closed","template":"","meta":[],"product_brand":[],"product_cat":[68,70],"product_tag":[],"class_list":{"0":"post-989441","1":"product","2":"type-product","3":"status-publish","4":"has-post-thumbnail","6":"product_cat-knygos","7":"product_cat-visos-prekes","9":"first","10":"outofstock","11":"sale","12":"shipping-taxable","13":"purchasable","14":"product-type-simple"},"yoast_head":"<!-- This site is optimized with the Yoast SEO plugin v25.8 - https:\/\/yoast.com\/wordpress\/plugins\/seo\/ -->\n<title>KAK\u0116 MAK\u0116. AB\u0116C\u0116L\u0116. LAVINAMASIS RINKINYS - Matildoslituanistinemokykla<\/title>\n<meta name=\"robots\" content=\"index, follow, max-snippet:-1, max-image-preview:large, max-video-preview:-1\" \/>\n<link rel=\"canonical\" href=\"https:\/\/matildoslituanistinemokykla.co.uk\/en\/product\/kake-make-abecele-lavinamasis-rinkinys\/\" \/>\n<meta property=\"og:locale\" content=\"en_GB\" \/>\n<meta property=\"og:type\" content=\"article\" \/>\n<meta property=\"og:title\" content=\"KAK\u0116 MAK\u0116. AB\u0116C\u0116L\u0116. LAVINAMASIS RINKINYS - Matildoslituanistinemokykla\" \/>\n<meta property=\"og:description\" content=\"Egl\u0117 Labukien\u0117 APIE KNYG\u0104  Rekomenduojama vaikams nuo 5 met\u0173   Kartu su Kake Make mokykis skaityti linksmai ir i\u0161radingai!   \u0160is rinkinys pad\u0117s vaikams pa\u017einti raides ir i\u0161mokti skaityti. Pir\u0161tukais keliaudami AB\u0116C\u0116L\u0116S TAKELIU lengviau pa\u017eins raides, \u017eengdami SKAITYMO P\u0116DUT\u0116MIS i\u0161moks tarti garsus ir jungti raides \u012f skiemenis, o atlikdami ELEMENTORIAUS u\u017eduotis u\u017etvirtins \u012fgytas \u017einias ir prad\u0117s skaityti nesud\u0117tingus \u017eod\u017eius bei sakinius.   Rinkinyje:   u\u017eduo\u010di\u0173 knygel\u0117 \u201eKak\u0117 Mak\u0117. Elementorius\u201c,  2 \u017eaidimai \u201eAb\u0117c\u0117l\u0117s takeliu\u201c, \u201eSkaitymo p\u0117dut\u0117s\u201c,  plakatas \u201eAb\u0117c\u0117l\u0117\u201c.    \u201eKak\u0117 Mak\u0117. Ab\u0117c\u0117l\u0117. Lavinamasis rinkinys\u201c:   lavina skaitymo \u012fg\u016bd\u017eius;  lavina ra\u0161ymo \u012fg\u016bd\u017eius;  moko sutelkti d\u0117mes\u012f;  turtina \u017eodyn\u0105;  ugdo login\u012f m\u0105stym\u0105;  ugdo vaizduot\u0119.    Linkime dr\u0105siai \u017eengti \u012f nuostab\u0173 raid\u017ei\u0173 pasaul\u012f!\" \/>\n<meta property=\"og:url\" content=\"https:\/\/matildoslituanistinemokykla.co.uk\/en\/product\/kake-make-abecele-lavinamasis-rinkinys\/\" \/>\n<meta property=\"og:site_name\" content=\"Matildoslituanistinemokykla\" \/>\n<meta property=\"article:modified_time\" content=\"2025-03-14T09:47:46+00:00\" \/>\n<meta property=\"og:image\" content=\"https:\/\/matildoslituanistinemokykla.co.uk\/wp-content\/uploads\/2024\/02\/14.1.webp\" \/>\n\t<meta property=\"og:image:width\" content=\"540\" \/>\n\t<meta property=\"og:image:height\" content=\"360\" \/>\n\t<meta property=\"og:image:type\" content=\"image\/webp\" \/>\n<meta name=\"twitter:card\" content=\"summary_large_image\" \/>\n<meta name=\"twitter:label1\" content=\"Estimated reading time\" \/>\n\t<meta name=\"twitter:data1\" content=\"1 minute\" \/>\n<script type=\"application\/ld+json\" class=\"yoast-schema-graph\">{\"@context\":\"https:\/\/schema.org\",\"@graph\":[{\"@type\":\"WebPage\",\"@id\":\"https:\/\/matildoslituanistinemokykla.co.uk\/product\/kake-make-abecele-lavinamasis-rinkinys\/\",\"url\":\"https:\/\/matildoslituanistinemokykla.co.uk\/product\/kake-make-abecele-lavinamasis-rinkinys\/\",\"name\":\"KAK\u0116 MAK\u0116. AB\u0116C\u0116L\u0116. LAVINAMASIS RINKINYS - Matildoslituanistinemokykla\",\"isPartOf\":{\"@id\":\"https:\/\/matildoslituanistinemokykla.co.uk\/#website\"},\"primaryImageOfPage\":{\"@id\":\"https:\/\/matildoslituanistinemokykla.co.uk\/product\/kake-make-abecele-lavinamasis-rinkinys\/#primaryimage\"},\"image\":{\"@id\":\"https:\/\/matildoslituanistinemokykla.co.uk\/product\/kake-make-abecele-lavinamasis-rinkinys\/#primaryimage\"},\"thumbnailUrl\":\"https:\/\/matildoslituanistinemokykla.co.uk\/wp-content\/uploads\/2024\/02\/14.1.webp\",\"datePublished\":\"2024-02-06T21:36:58+00:00\",\"dateModified\":\"2025-03-14T09:47:46+00:00\",\"breadcrumb\":{\"@id\":\"https:\/\/matildoslituanistinemokykla.co.uk\/product\/kake-make-abecele-lavinamasis-rinkinys\/#breadcrumb\"},\"inLanguage\":\"en-GB\",\"potentialAction\":[{\"@type\":\"ReadAction\",\"target\":[\"https:\/\/matildoslituanistinemokykla.co.uk\/product\/kake-make-abecele-lavinamasis-rinkinys\/\"]}]},{\"@type\":\"ImageObject\",\"inLanguage\":\"en-GB\",\"@id\":\"https:\/\/matildoslituanistinemokykla.co.uk\/product\/kake-make-abecele-lavinamasis-rinkinys\/#primaryimage\",\"url\":\"https:\/\/matildoslituanistinemokykla.co.uk\/wp-content\/uploads\/2024\/02\/14.1.webp\",\"contentUrl\":\"https:\/\/matildoslituanistinemokykla.co.uk\/wp-content\/uploads\/2024\/02\/14.1.webp\",\"width\":540,\"height\":360},{\"@type\":\"BreadcrumbList\",\"@id\":\"https:\/\/matildoslituanistinemokykla.co.uk\/product\/kake-make-abecele-lavinamasis-rinkinys\/#breadcrumb\",\"itemListElement\":[{\"@type\":\"ListItem\",\"position\":1,\"name\":\"Home\",\"item\":\"https:\/\/matildoslituanistinemokykla.co.uk\/\"},{\"@type\":\"ListItem\",\"position\":2,\"name\":\"Parduotuv\u0117\",\"item\":\"https:\/\/matildoslituanistinemokykla.co.uk\/parduotuve\/\"},{\"@type\":\"ListItem\",\"position\":3,\"name\":\"KAK\u0116 MAK\u0116. AB\u0116C\u0116L\u0116. LAVINAMASIS RINKINYS\"}]},{\"@type\":\"WebSite\",\"@id\":\"https:\/\/matildoslituanistinemokykla.co.uk\/#website\",\"url\":\"https:\/\/matildoslituanistinemokykla.co.uk\/\",\"name\":\"Matildoslituanistinemokykla\",\"description\":\"\",\"publisher\":{\"@id\":\"https:\/\/matildoslituanistinemokykla.co.uk\/#organization\"},\"potentialAction\":[{\"@type\":\"SearchAction\",\"target\":{\"@type\":\"EntryPoint\",\"urlTemplate\":\"https:\/\/matildoslituanistinemokykla.co.uk\/?s={search_term_string}\"},\"query-input\":{\"@type\":\"PropertyValueSpecification\",\"valueRequired\":true,\"valueName\":\"search_term_string\"}}],\"inLanguage\":\"en-GB\"},{\"@type\":\"Organization\",\"@id\":\"https:\/\/matildoslituanistinemokykla.co.uk\/#organization\",\"name\":\"Matildoslituanistinemokykla\",\"url\":\"https:\/\/matildoslituanistinemokykla.co.uk\/\",\"logo\":{\"@type\":\"ImageObject\",\"inLanguage\":\"en-GB\",\"@id\":\"https:\/\/matildoslituanistinemokykla.co.uk\/#\/schema\/logo\/image\/\",\"url\":\"https:\/\/matildoslituanistinemokykla.co.uk\/wp-content\/uploads\/2023\/08\/Matildos-Lituanistine-mokykla_logo_final.png\",\"contentUrl\":\"https:\/\/matildoslituanistinemokykla.co.uk\/wp-content\/uploads\/2023\/08\/Matildos-Lituanistine-mokykla_logo_final.png\",\"width\":1203,\"height\":947,\"caption\":\"Matildoslituanistinemokykla\"},\"image\":{\"@id\":\"https:\/\/matildoslituanistinemokykla.co.uk\/#\/schema\/logo\/image\/\"}}]}<\/script>\n<!-- \/ Yoast SEO plugin. -->","yoast_head_json":{"title":"KAK\u0116 MAK\u0116. AB\u0116C\u0116L\u0116. LAVINAMASIS RINKINYS - Matildoslituanistinemokykla","robots":{"index":"index","follow":"follow","max-snippet":"max-snippet:-1","max-image-preview":"max-image-preview:large","max-video-preview":"max-video-preview:-1"},"canonical":"https:\/\/matildoslituanistinemokykla.co.uk\/en\/product\/kake-make-abecele-lavinamasis-rinkinys\/","og_locale":"en_GB","og_type":"article","og_title":"KAK\u0116 MAK\u0116. AB\u0116C\u0116L\u0116. LAVINAMASIS RINKINYS - Matildoslituanistinemokykla","og_description":"Egl\u0117 Labukien\u0117 APIE KNYG\u0104  Rekomenduojama vaikams nuo 5 met\u0173   Kartu su Kake Make mokykis skaityti linksmai ir i\u0161radingai!   \u0160is rinkinys pad\u0117s vaikams pa\u017einti raides ir i\u0161mokti skaityti. Pir\u0161tukais keliaudami AB\u0116C\u0116L\u0116S TAKELIU lengviau pa\u017eins raides, \u017eengdami SKAITYMO P\u0116DUT\u0116MIS i\u0161moks tarti garsus ir jungti raides \u012f skiemenis, o atlikdami ELEMENTORIAUS u\u017eduotis u\u017etvirtins \u012fgytas \u017einias ir prad\u0117s skaityti nesud\u0117tingus \u017eod\u017eius bei sakinius.   Rinkinyje:   u\u017eduo\u010di\u0173 knygel\u0117 \u201eKak\u0117 Mak\u0117. Elementorius\u201c,  2 \u017eaidimai \u201eAb\u0117c\u0117l\u0117s takeliu\u201c, \u201eSkaitymo p\u0117dut\u0117s\u201c,  plakatas \u201eAb\u0117c\u0117l\u0117\u201c.    \u201eKak\u0117 Mak\u0117. Ab\u0117c\u0117l\u0117. Lavinamasis rinkinys\u201c:   lavina skaitymo \u012fg\u016bd\u017eius;  lavina ra\u0161ymo \u012fg\u016bd\u017eius;  moko sutelkti d\u0117mes\u012f;  turtina \u017eodyn\u0105;  ugdo login\u012f m\u0105stym\u0105;  ugdo vaizduot\u0119.    Linkime dr\u0105siai \u017eengti \u012f nuostab\u0173 raid\u017ei\u0173 pasaul\u012f!","og_url":"https:\/\/matildoslituanistinemokykla.co.uk\/en\/product\/kake-make-abecele-lavinamasis-rinkinys\/","og_site_name":"Matildoslituanistinemokykla","article_modified_time":"2025-03-14T09:47:46+00:00","og_image":[{"width":540,"height":360,"url":"https:\/\/matildoslituanistinemokykla.co.uk\/wp-content\/uploads\/2024\/02\/14.1.webp","type":"image\/webp"}],"twitter_card":"summary_large_image","twitter_misc":{"Estimated reading time":"1 minute"},"schema":{"@context":"https:\/\/schema.org","@graph":[{"@type":"WebPage","@id":"https:\/\/matildoslituanistinemokykla.co.uk\/product\/kake-make-abecele-lavinamasis-rinkinys\/","url":"https:\/\/matildoslituanistinemokykla.co.uk\/product\/kake-make-abecele-lavinamasis-rinkinys\/","name":"KAK\u0116 MAK\u0116. AB\u0116C\u0116L\u0116. LAVINAMASIS RINKINYS - Matildoslituanistinemokykla","isPartOf":{"@id":"https:\/\/matildoslituanistinemokykla.co.uk\/#website"},"primaryImageOfPage":{"@id":"https:\/\/matildoslituanistinemokykla.co.uk\/product\/kake-make-abecele-lavinamasis-rinkinys\/#primaryimage"},"image":{"@id":"https:\/\/matildoslituanistinemokykla.co.uk\/product\/kake-make-abecele-lavinamasis-rinkinys\/#primaryimage"},"thumbnailUrl":"https:\/\/matildoslituanistinemokykla.co.uk\/wp-content\/uploads\/2024\/02\/14.1.webp","datePublished":"2024-02-06T21:36:58+00:00","dateModified":"2025-03-14T09:47:46+00:00","breadcrumb":{"@id":"https:\/\/matildoslituanistinemokykla.co.uk\/product\/kake-make-abecele-lavinamasis-rinkinys\/#breadcrumb"},"inLanguage":"en-GB","potentialAction":[{"@type":"ReadAction","target":["https:\/\/matildoslituanistinemokykla.co.uk\/product\/kake-make-abecele-lavinamasis-rinkinys\/"]}]},{"@type":"ImageObject","inLanguage":"en-GB","@id":"https:\/\/matildoslituanistinemokykla.co.uk\/product\/kake-make-abecele-lavinamasis-rinkinys\/#primaryimage","url":"https:\/\/matildoslituanistinemokykla.co.uk\/wp-content\/uploads\/2024\/02\/14.1.webp","contentUrl":"https:\/\/matildoslituanistinemokykla.co.uk\/wp-content\/uploads\/2024\/02\/14.1.webp","width":540,"height":360},{"@type":"BreadcrumbList","@id":"https:\/\/matildoslituanistinemokykla.co.uk\/product\/kake-make-abecele-lavinamasis-rinkinys\/#breadcrumb","itemListElement":[{"@type":"ListItem","position":1,"name":"Home","item":"https:\/\/matildoslituanistinemokykla.co.uk\/"},{"@type":"ListItem","position":2,"name":"Parduotuv\u0117","item":"https:\/\/matildoslituanistinemokykla.co.uk\/parduotuve\/"},{"@type":"ListItem","position":3,"name":"KAK\u0116 MAK\u0116. AB\u0116C\u0116L\u0116. LAVINAMASIS RINKINYS"}]},{"@type":"WebSite","@id":"https:\/\/matildoslituanistinemokykla.co.uk\/#website","url":"https:\/\/matildoslituanistinemokykla.co.uk\/","name":"Matildoslituanistinemokykla","description":"","publisher":{"@id":"https:\/\/matildoslituanistinemokykla.co.uk\/#organization"},"potentialAction":[{"@type":"SearchAction","target":{"@type":"EntryPoint","urlTemplate":"https:\/\/matildoslituanistinemokykla.co.uk\/?s={search_term_string}"},"query-input":{"@type":"PropertyValueSpecification","valueRequired":true,"valueName":"search_term_string"}}],"inLanguage":"en-GB"},{"@type":"Organization","@id":"https:\/\/matildoslituanistinemokykla.co.uk\/#organization","name":"Matildoslituanistinemokykla","url":"https:\/\/matildoslituanistinemokykla.co.uk\/","logo":{"@type":"ImageObject","inLanguage":"en-GB","@id":"https:\/\/matildoslituanistinemokykla.co.uk\/#\/schema\/logo\/image\/","url":"https:\/\/matildoslituanistinemokykla.co.uk\/wp-content\/uploads\/2023\/08\/Matildos-Lituanistine-mokykla_logo_final.png","contentUrl":"https:\/\/matildoslituanistinemokykla.co.uk\/wp-content\/uploads\/2023\/08\/Matildos-Lituanistine-mokykla_logo_final.png","width":1203,"height":947,"caption":"Matildoslituanistinemokykla"},"image":{"@id":"https:\/\/matildoslituanistinemokykla.co.uk\/#\/schema\/logo\/image\/"}}]}},"_links":{"self":[{"href":"https:\/\/matildoslituanistinemokykla.co.uk\/en\/wp-json\/wp\/v2\/product\/989441","targetHints":{"allow":["GET"]}}],"collection":[{"href":"https:\/\/matildoslituanistinemokykla.co.uk\/en\/wp-json\/wp\/v2\/product"}],"about":[{"href":"https:\/\/matildoslituanistinemokykla.co.uk\/en\/wp-json\/wp\/v2\/types\/product"}],"replies":[{"embeddable":true,"href":"https:\/\/matildoslituanistinemokykla.co.uk\/en\/wp-json\/wp\/v2\/comments?post=989441"}],"wp:featuredmedia":[{"embeddable":true,"href":"https:\/\/matildoslituanistinemokykla.co.uk\/en\/wp-json\/wp\/v2\/media\/989442"}],"wp:attachment":[{"href":"https:\/\/matildoslituanistinemokykla.co.uk\/en\/wp-json\/wp\/v2\/media?parent=989441"}],"wp:term":[{"taxonomy":"product_brand","embeddable":true,"href":"https:\/\/matildoslituanistinemokykla.co.uk\/en\/wp-json\/wp\/v2\/product_brand?post=989441"},{"taxonomy":"product_cat","embeddable":true,"href":"https:\/\/matildoslituanistinemokykla.co.uk\/en\/wp-json\/wp\/v2\/product_cat?post=989441"},{"taxonomy":"product_tag","embeddable":true,"href":"https:\/\/matildoslituanistinemokykla.co.uk\/en\/wp-json\/wp\/v2\/product_tag?post=989441"}],"curies":[{"name":"wp","href":"https:\/\/api.w.org\/{rel}","templated":true}]}}