{"id":989496,"date":"2024-02-06T22:05:15","date_gmt":"2024-02-06T22:05:15","guid":{"rendered":"https:\/\/matildoslituanistinemokykla.co.uk\/?post_type=product&#038;p=989496"},"modified":"2025-05-09T12:44:02","modified_gmt":"2025-05-09T12:44:02","slug":"kake-make-sodo-detektyvas","status":"publish","type":"product","link":"https:\/\/matildoslituanistinemokykla.co.uk\/en\/product\/kake-make-sodo-detektyvas\/","title":{"rendered":"KAKE MAKE. GARDEN DETECTIVE"},"content":{"rendered":"","protected":false},"excerpt":{"rendered":"<p><a title=\"Yellow Wheelbarrow, Lina Liubertait\u0117\" href=\"https:\/\/almalittera.lt\/collections\/vendors?q=Geltonas%20Karutis%2C%20Lina%20Liubertait%C4%97\">Yellow Wheelbarrow, Lina Liubertait\u0117<\/a><\/p>\n<h2 class=\"product-full-width__description-title h1\">ABOUT THE KNIGHTS<\/h2>\n<div class=\"product-full-width__description-text\">\n<p>A few coloured beans suddenly disappeared from Katya Makes' pocket, sparking a real garden detective!<\/p>\n<p>When you feel like experimenting, growing spices or having fun with the whole family, pick up a copy of \"Kake Mak\u00e9. The Garden Detective\". Not only mums, dads and kids, but also cats, dogs and even hamsters will find ideas for things to do here.<\/p>\n<p>The garden crafter Yellow Wheelbarrow, together with Kake Make, invites you to search for the missing beans and explore the world of plants together. Sticking our heads in the bed, we'll discover how seeds germinate and vegetables grow. Who lives underground and helps and who hinders the plants? Why do flowers smell and how do we grow happy spices?<\/p>\n<p>In the book \"Winnie the Pooh. The Garden Detective\" is full of ideas and activities for all seasons:<\/p>\n<p>Find out:<\/p>\n<p>Interesting seeds and what to do with them in winter?<\/p>\n<p>The ABC of happy greens<\/p>\n<p>How to grow peas mint and watermelon<\/p>\n<p>Try it:<\/p>\n<p>Spring soil experiments<\/p>\n<p>Fun activities on the windowsill and in the garden<\/p>\n<p>Election of the tastiest autumn delicacies<\/p>\n<p>While we're exploring the soil, blowing dandelion fluff and measuring the height of sprouting vegetables, Pirate the cat won't be napping, but you'll find out what he'll be up to in the garden when you read this.<\/p>\n<p>Attention only! Almost everyone who reads this has a strong desire to have their own kitchen garden, so prepare for it in advance!<\/p>\n<p>Lina Liubertait\u0117 is the author of the garden blog \"Yellow Wheelbarrow\", the creator of the Youtube channel and the organiser of the modern landscaping courses. It's hard to believe, but she knew very little about plants as a child! But she searched, she was curious and she experimented. This is how Lina became not only an expert in gardening and flower gardens, but also the best friend of all plants. Growing plants can be an adventure, and some discoveries can be very beautiful or... very tasty. Maybe a little coloured bean will awaken your curiosity too...<\/p>\n<\/div>","protected":false},"featured_media":989498,"comment_status":"open","ping_status":"closed","template":"","meta":[],"product_brand":[],"product_cat":[68,70],"product_tag":[],"class_list":{"0":"post-989496","1":"product","2":"type-product","3":"status-publish","4":"has-post-thumbnail","6":"product_cat-knygos","7":"product_cat-visos-prekes","9":"first","10":"outofstock","11":"sale","12":"shipping-taxable","13":"purchasable","14":"product-type-simple"},"yoast_head":"<!-- This site is optimized with the Yoast SEO plugin v25.8 - https:\/\/yoast.com\/wordpress\/plugins\/seo\/ -->\n<title>KAK\u0116 MAK\u0116. SODO DETEKTYVAS - Matildoslituanistinemokykla<\/title>\n<meta name=\"robots\" content=\"index, follow, max-snippet:-1, max-image-preview:large, max-video-preview:-1\" \/>\n<link rel=\"canonical\" href=\"https:\/\/matildoslituanistinemokykla.co.uk\/en\/product\/kake-make-sodo-detektyvas\/\" \/>\n<meta property=\"og:locale\" content=\"en_GB\" \/>\n<meta property=\"og:type\" content=\"article\" \/>\n<meta property=\"og:title\" content=\"KAK\u0116 MAK\u0116. SODO DETEKTYVAS - Matildoslituanistinemokykla\" \/>\n<meta property=\"og:description\" content=\"Geltonas Karutis, Lina Liubertait\u0117 APIE KNYG\u0104   Kelios spalvotos pupel\u0117s, netik\u0117tai pradingusios i\u0161 Kak\u0117s Mak\u0117s ki\u0161en\u0117s, u\u017ek\u016br\u0117 tikr\u0105 sodo detektyv\u0105!  Kai kyla noras eksperimentuoti, u\u017esiauginti prieskoni\u0173 ar smagiai praleisti laik\u0105 su visa \u0161eima, \u010diupkite knyg\u0105 \u201eKak\u0117 Mak\u0117. Sodo detektyvas\u201c. Id\u0117j\u0173, k\u0105 veikti \u010dia suras ne tik mamos, t\u0117\u010diai ir vaikai, bet ir katinai, \u0161unys ar net \u017eiurk\u0117nai.  Sodo gudruolis Geltonas karutis kartu su Kake Make kvie\u010dia ie\u0161koti dingusi\u0173 pup\u0173 ir drauge patyrin\u0117ti augal\u0173 pasaulio. Suki\u0161\u0119 galvas \u012f lysv\u0119, ai\u0161kinsim\u0117s, kaip sudygsta s\u0117klos ir u\u017eauga dar\u017eov\u0117s. Kas gyvena po \u017eeme ir padeda augalams, o kas jiems kliudo? Kod\u0117l g\u0117l\u0117s kvepia ir kaip u\u017esiauginti laiming\u0173 prieskoni\u0173?  Knygoje \u201eKak\u0117 Mak\u0117. Sodo detektyvas\u201c\u00a0 \u2013 daug id\u0117j\u0173 ir veikl\u0173 visiems met\u0173 laikams:  Su\u017einokite:  \u012edomios s\u0117klos ir k\u0105 su jomis veikti \u017eiem\u0105?  Laiming\u0173 \u017ealumyn\u0173 ABC  Kaip auga \u017eirneliai m\u0117tos ir arb\u016bzai  I\u0161bandykite:  Pavasari\u0161ki dirvo\u017eemio eksperimentai  Smagios veiklos ant palang\u0117s ir dar\u017ee  Skaniausi\u0173 rudens g\u0117rybi\u0173 rinkimai  Kol tyrin\u0117sime dirvo\u017eem\u012f, p\u016bsime pieni\u0173 p\u016bkus ir matuosime dygstan\u010di\u0173 dar\u017eovi\u0173 \u016bg\u012f, nesnaus ir katinas Piratas, bet k\u0105 jis veiks sode, su\u017einosite paskait\u0119.  Tik d\u0117mesio!\u00a0Beveik visiems perskai\u010diusiems kyla didelis noras tur\u0117ti savo \u017ealumyn\u0173 dar\u017eel\u012f, tod\u0117l pasiruo\u0161kite tam i\u0161 anksto!  Lina Liubertait\u0117\u00a0\u2013 sodo tinklara\u0161\u010dio \u201eGeltonas karutis\u201c autor\u0117, \u201eYoutube\u201c kanalo k\u016br\u0117ja ir moderni\u0173 ap\u017eeldinimo kurs\u0173 organizator\u0117. Sunku patik\u0117ti, bet b\u016bdama dar vaikas apie augalus \u017einojo labai nedaug! Ta\u010diau ji ie\u0161kojo, smalsavo ir eksperimentavo. Taip Lina tapo ne tik sodo, dar\u017eo bei g\u0117lyno reikal\u0173 \u017einove, bet ir geriausia vis\u0173 augal\u0173 drauge. Auginant galima patirti \u012fvairi\u0173 nuotyki\u0173, o kai kurie atradimai gali b\u016bti itin gra\u017e\u016bs arba... labai skan\u016bs. Gal ma\u017ea spalvota pupel\u0117 pa\u017eadins ir Tavo smalsum\u0105?..\" \/>\n<meta property=\"og:url\" content=\"https:\/\/matildoslituanistinemokykla.co.uk\/en\/product\/kake-make-sodo-detektyvas\/\" \/>\n<meta property=\"og:site_name\" content=\"Matildoslituanistinemokykla\" \/>\n<meta property=\"article:modified_time\" content=\"2025-05-09T12:44:02+00:00\" \/>\n<meta property=\"og:image\" content=\"https:\/\/matildoslituanistinemokykla.co.uk\/wp-content\/uploads\/2024\/02\/25.1.webp\" \/>\n\t<meta property=\"og:image:width\" content=\"490\" \/>\n\t<meta property=\"og:image:height\" content=\"600\" \/>\n\t<meta property=\"og:image:type\" content=\"image\/webp\" \/>\n<meta name=\"twitter:card\" content=\"summary_large_image\" \/>\n<meta name=\"twitter:label1\" content=\"Estimated reading time\" \/>\n\t<meta name=\"twitter:data1\" content=\"1 minute\" \/>\n<script type=\"application\/ld+json\" class=\"yoast-schema-graph\">{\"@context\":\"https:\/\/schema.org\",\"@graph\":[{\"@type\":\"WebPage\",\"@id\":\"https:\/\/matildoslituanistinemokykla.co.uk\/product\/kake-make-sodo-detektyvas\/\",\"url\":\"https:\/\/matildoslituanistinemokykla.co.uk\/product\/kake-make-sodo-detektyvas\/\",\"name\":\"KAK\u0116 MAK\u0116. SODO DETEKTYVAS - Matildoslituanistinemokykla\",\"isPartOf\":{\"@id\":\"https:\/\/matildoslituanistinemokykla.co.uk\/#website\"},\"primaryImageOfPage\":{\"@id\":\"https:\/\/matildoslituanistinemokykla.co.uk\/product\/kake-make-sodo-detektyvas\/#primaryimage\"},\"image\":{\"@id\":\"https:\/\/matildoslituanistinemokykla.co.uk\/product\/kake-make-sodo-detektyvas\/#primaryimage\"},\"thumbnailUrl\":\"https:\/\/matildoslituanistinemokykla.co.uk\/wp-content\/uploads\/2024\/02\/25.1.webp\",\"datePublished\":\"2024-02-06T22:05:15+00:00\",\"dateModified\":\"2025-05-09T12:44:02+00:00\",\"breadcrumb\":{\"@id\":\"https:\/\/matildoslituanistinemokykla.co.uk\/product\/kake-make-sodo-detektyvas\/#breadcrumb\"},\"inLanguage\":\"en-GB\",\"potentialAction\":[{\"@type\":\"ReadAction\",\"target\":[\"https:\/\/matildoslituanistinemokykla.co.uk\/product\/kake-make-sodo-detektyvas\/\"]}]},{\"@type\":\"ImageObject\",\"inLanguage\":\"en-GB\",\"@id\":\"https:\/\/matildoslituanistinemokykla.co.uk\/product\/kake-make-sodo-detektyvas\/#primaryimage\",\"url\":\"https:\/\/matildoslituanistinemokykla.co.uk\/wp-content\/uploads\/2024\/02\/25.1.webp\",\"contentUrl\":\"https:\/\/matildoslituanistinemokykla.co.uk\/wp-content\/uploads\/2024\/02\/25.1.webp\",\"width\":490,\"height\":600},{\"@type\":\"BreadcrumbList\",\"@id\":\"https:\/\/matildoslituanistinemokykla.co.uk\/product\/kake-make-sodo-detektyvas\/#breadcrumb\",\"itemListElement\":[{\"@type\":\"ListItem\",\"position\":1,\"name\":\"Home\",\"item\":\"https:\/\/matildoslituanistinemokykla.co.uk\/\"},{\"@type\":\"ListItem\",\"position\":2,\"name\":\"Parduotuv\u0117\",\"item\":\"https:\/\/matildoslituanistinemokykla.co.uk\/parduotuve\/\"},{\"@type\":\"ListItem\",\"position\":3,\"name\":\"KAK\u0116 MAK\u0116. SODO DETEKTYVAS\"}]},{\"@type\":\"WebSite\",\"@id\":\"https:\/\/matildoslituanistinemokykla.co.uk\/#website\",\"url\":\"https:\/\/matildoslituanistinemokykla.co.uk\/\",\"name\":\"Matildoslituanistinemokykla\",\"description\":\"\",\"publisher\":{\"@id\":\"https:\/\/matildoslituanistinemokykla.co.uk\/#organization\"},\"potentialAction\":[{\"@type\":\"SearchAction\",\"target\":{\"@type\":\"EntryPoint\",\"urlTemplate\":\"https:\/\/matildoslituanistinemokykla.co.uk\/?s={search_term_string}\"},\"query-input\":{\"@type\":\"PropertyValueSpecification\",\"valueRequired\":true,\"valueName\":\"search_term_string\"}}],\"inLanguage\":\"en-GB\"},{\"@type\":\"Organization\",\"@id\":\"https:\/\/matildoslituanistinemokykla.co.uk\/#organization\",\"name\":\"Matildoslituanistinemokykla\",\"url\":\"https:\/\/matildoslituanistinemokykla.co.uk\/\",\"logo\":{\"@type\":\"ImageObject\",\"inLanguage\":\"en-GB\",\"@id\":\"https:\/\/matildoslituanistinemokykla.co.uk\/#\/schema\/logo\/image\/\",\"url\":\"https:\/\/matildoslituanistinemokykla.co.uk\/wp-content\/uploads\/2023\/08\/Matildos-Lituanistine-mokykla_logo_final.png\",\"contentUrl\":\"https:\/\/matildoslituanistinemokykla.co.uk\/wp-content\/uploads\/2023\/08\/Matildos-Lituanistine-mokykla_logo_final.png\",\"width\":1203,\"height\":947,\"caption\":\"Matildoslituanistinemokykla\"},\"image\":{\"@id\":\"https:\/\/matildoslituanistinemokykla.co.uk\/#\/schema\/logo\/image\/\"}}]}<\/script>\n<!-- \/ Yoast SEO plugin. -->","yoast_head_json":{"title":"KAK\u0116 MAK\u0116. SODO DETEKTYVAS - Matildoslituanistinemokykla","robots":{"index":"index","follow":"follow","max-snippet":"max-snippet:-1","max-image-preview":"max-image-preview:large","max-video-preview":"max-video-preview:-1"},"canonical":"https:\/\/matildoslituanistinemokykla.co.uk\/en\/product\/kake-make-sodo-detektyvas\/","og_locale":"en_GB","og_type":"article","og_title":"KAK\u0116 MAK\u0116. SODO DETEKTYVAS - Matildoslituanistinemokykla","og_description":"Geltonas Karutis, Lina Liubertait\u0117 APIE KNYG\u0104   Kelios spalvotos pupel\u0117s, netik\u0117tai pradingusios i\u0161 Kak\u0117s Mak\u0117s ki\u0161en\u0117s, u\u017ek\u016br\u0117 tikr\u0105 sodo detektyv\u0105!  Kai kyla noras eksperimentuoti, u\u017esiauginti prieskoni\u0173 ar smagiai praleisti laik\u0105 su visa \u0161eima, \u010diupkite knyg\u0105 \u201eKak\u0117 Mak\u0117. Sodo detektyvas\u201c. Id\u0117j\u0173, k\u0105 veikti \u010dia suras ne tik mamos, t\u0117\u010diai ir vaikai, bet ir katinai, \u0161unys ar net \u017eiurk\u0117nai.  Sodo gudruolis Geltonas karutis kartu su Kake Make kvie\u010dia ie\u0161koti dingusi\u0173 pup\u0173 ir drauge patyrin\u0117ti augal\u0173 pasaulio. Suki\u0161\u0119 galvas \u012f lysv\u0119, ai\u0161kinsim\u0117s, kaip sudygsta s\u0117klos ir u\u017eauga dar\u017eov\u0117s. Kas gyvena po \u017eeme ir padeda augalams, o kas jiems kliudo? Kod\u0117l g\u0117l\u0117s kvepia ir kaip u\u017esiauginti laiming\u0173 prieskoni\u0173?  Knygoje \u201eKak\u0117 Mak\u0117. Sodo detektyvas\u201c\u00a0 \u2013 daug id\u0117j\u0173 ir veikl\u0173 visiems met\u0173 laikams:  Su\u017einokite:  \u012edomios s\u0117klos ir k\u0105 su jomis veikti \u017eiem\u0105?  Laiming\u0173 \u017ealumyn\u0173 ABC  Kaip auga \u017eirneliai m\u0117tos ir arb\u016bzai  I\u0161bandykite:  Pavasari\u0161ki dirvo\u017eemio eksperimentai  Smagios veiklos ant palang\u0117s ir dar\u017ee  Skaniausi\u0173 rudens g\u0117rybi\u0173 rinkimai  Kol tyrin\u0117sime dirvo\u017eem\u012f, p\u016bsime pieni\u0173 p\u016bkus ir matuosime dygstan\u010di\u0173 dar\u017eovi\u0173 \u016bg\u012f, nesnaus ir katinas Piratas, bet k\u0105 jis veiks sode, su\u017einosite paskait\u0119.  Tik d\u0117mesio!\u00a0Beveik visiems perskai\u010diusiems kyla didelis noras tur\u0117ti savo \u017ealumyn\u0173 dar\u017eel\u012f, tod\u0117l pasiruo\u0161kite tam i\u0161 anksto!  Lina Liubertait\u0117\u00a0\u2013 sodo tinklara\u0161\u010dio \u201eGeltonas karutis\u201c autor\u0117, \u201eYoutube\u201c kanalo k\u016br\u0117ja ir moderni\u0173 ap\u017eeldinimo kurs\u0173 organizator\u0117. Sunku patik\u0117ti, bet b\u016bdama dar vaikas apie augalus \u017einojo labai nedaug! Ta\u010diau ji ie\u0161kojo, smalsavo ir eksperimentavo. Taip Lina tapo ne tik sodo, dar\u017eo bei g\u0117lyno reikal\u0173 \u017einove, bet ir geriausia vis\u0173 augal\u0173 drauge. Auginant galima patirti \u012fvairi\u0173 nuotyki\u0173, o kai kurie atradimai gali b\u016bti itin gra\u017e\u016bs arba... labai skan\u016bs. Gal ma\u017ea spalvota pupel\u0117 pa\u017eadins ir Tavo smalsum\u0105?..","og_url":"https:\/\/matildoslituanistinemokykla.co.uk\/en\/product\/kake-make-sodo-detektyvas\/","og_site_name":"Matildoslituanistinemokykla","article_modified_time":"2025-05-09T12:44:02+00:00","og_image":[{"width":490,"height":600,"url":"https:\/\/matildoslituanistinemokykla.co.uk\/wp-content\/uploads\/2024\/02\/25.1.webp","type":"image\/webp"}],"twitter_card":"summary_large_image","twitter_misc":{"Estimated reading time":"1 minute"},"schema":{"@context":"https:\/\/schema.org","@graph":[{"@type":"WebPage","@id":"https:\/\/matildoslituanistinemokykla.co.uk\/product\/kake-make-sodo-detektyvas\/","url":"https:\/\/matildoslituanistinemokykla.co.uk\/product\/kake-make-sodo-detektyvas\/","name":"KAK\u0116 MAK\u0116. SODO DETEKTYVAS - Matildoslituanistinemokykla","isPartOf":{"@id":"https:\/\/matildoslituanistinemokykla.co.uk\/#website"},"primaryImageOfPage":{"@id":"https:\/\/matildoslituanistinemokykla.co.uk\/product\/kake-make-sodo-detektyvas\/#primaryimage"},"image":{"@id":"https:\/\/matildoslituanistinemokykla.co.uk\/product\/kake-make-sodo-detektyvas\/#primaryimage"},"thumbnailUrl":"https:\/\/matildoslituanistinemokykla.co.uk\/wp-content\/uploads\/2024\/02\/25.1.webp","datePublished":"2024-02-06T22:05:15+00:00","dateModified":"2025-05-09T12:44:02+00:00","breadcrumb":{"@id":"https:\/\/matildoslituanistinemokykla.co.uk\/product\/kake-make-sodo-detektyvas\/#breadcrumb"},"inLanguage":"en-GB","potentialAction":[{"@type":"ReadAction","target":["https:\/\/matildoslituanistinemokykla.co.uk\/product\/kake-make-sodo-detektyvas\/"]}]},{"@type":"ImageObject","inLanguage":"en-GB","@id":"https:\/\/matildoslituanistinemokykla.co.uk\/product\/kake-make-sodo-detektyvas\/#primaryimage","url":"https:\/\/matildoslituanistinemokykla.co.uk\/wp-content\/uploads\/2024\/02\/25.1.webp","contentUrl":"https:\/\/matildoslituanistinemokykla.co.uk\/wp-content\/uploads\/2024\/02\/25.1.webp","width":490,"height":600},{"@type":"BreadcrumbList","@id":"https:\/\/matildoslituanistinemokykla.co.uk\/product\/kake-make-sodo-detektyvas\/#breadcrumb","itemListElement":[{"@type":"ListItem","position":1,"name":"Home","item":"https:\/\/matildoslituanistinemokykla.co.uk\/"},{"@type":"ListItem","position":2,"name":"Parduotuv\u0117","item":"https:\/\/matildoslituanistinemokykla.co.uk\/parduotuve\/"},{"@type":"ListItem","position":3,"name":"KAK\u0116 MAK\u0116. SODO DETEKTYVAS"}]},{"@type":"WebSite","@id":"https:\/\/matildoslituanistinemokykla.co.uk\/#website","url":"https:\/\/matildoslituanistinemokykla.co.uk\/","name":"Matildoslituanistinemokykla","description":"","publisher":{"@id":"https:\/\/matildoslituanistinemokykla.co.uk\/#organization"},"potentialAction":[{"@type":"SearchAction","target":{"@type":"EntryPoint","urlTemplate":"https:\/\/matildoslituanistinemokykla.co.uk\/?s={search_term_string}"},"query-input":{"@type":"PropertyValueSpecification","valueRequired":true,"valueName":"search_term_string"}}],"inLanguage":"en-GB"},{"@type":"Organization","@id":"https:\/\/matildoslituanistinemokykla.co.uk\/#organization","name":"Matildoslituanistinemokykla","url":"https:\/\/matildoslituanistinemokykla.co.uk\/","logo":{"@type":"ImageObject","inLanguage":"en-GB","@id":"https:\/\/matildoslituanistinemokykla.co.uk\/#\/schema\/logo\/image\/","url":"https:\/\/matildoslituanistinemokykla.co.uk\/wp-content\/uploads\/2023\/08\/Matildos-Lituanistine-mokykla_logo_final.png","contentUrl":"https:\/\/matildoslituanistinemokykla.co.uk\/wp-content\/uploads\/2023\/08\/Matildos-Lituanistine-mokykla_logo_final.png","width":1203,"height":947,"caption":"Matildoslituanistinemokykla"},"image":{"@id":"https:\/\/matildoslituanistinemokykla.co.uk\/#\/schema\/logo\/image\/"}}]}},"_links":{"self":[{"href":"https:\/\/matildoslituanistinemokykla.co.uk\/en\/wp-json\/wp\/v2\/product\/989496","targetHints":{"allow":["GET"]}}],"collection":[{"href":"https:\/\/matildoslituanistinemokykla.co.uk\/en\/wp-json\/wp\/v2\/product"}],"about":[{"href":"https:\/\/matildoslituanistinemokykla.co.uk\/en\/wp-json\/wp\/v2\/types\/product"}],"replies":[{"embeddable":true,"href":"https:\/\/matildoslituanistinemokykla.co.uk\/en\/wp-json\/wp\/v2\/comments?post=989496"}],"wp:featuredmedia":[{"embeddable":true,"href":"https:\/\/matildoslituanistinemokykla.co.uk\/en\/wp-json\/wp\/v2\/media\/989498"}],"wp:attachment":[{"href":"https:\/\/matildoslituanistinemokykla.co.uk\/en\/wp-json\/wp\/v2\/media?parent=989496"}],"wp:term":[{"taxonomy":"product_brand","embeddable":true,"href":"https:\/\/matildoslituanistinemokykla.co.uk\/en\/wp-json\/wp\/v2\/product_brand?post=989496"},{"taxonomy":"product_cat","embeddable":true,"href":"https:\/\/matildoslituanistinemokykla.co.uk\/en\/wp-json\/wp\/v2\/product_cat?post=989496"},{"taxonomy":"product_tag","embeddable":true,"href":"https:\/\/matildoslituanistinemokykla.co.uk\/en\/wp-json\/wp\/v2\/product_tag?post=989496"}],"curies":[{"name":"wp","href":"https:\/\/api.w.org\/{rel}","templated":true}]}}