{"id":989508,"date":"2024-02-06T22:10:33","date_gmt":"2024-02-06T22:10:33","guid":{"rendered":"https:\/\/matildoslituanistinemokykla.co.uk\/?post_type=product&#038;p=989508"},"modified":"2025-04-12T20:06:57","modified_gmt":"2025-04-12T20:06:57","slug":"kake-make-receptai","status":"publish","type":"product","link":"https:\/\/matildoslituanistinemokykla.co.uk\/en\/product\/kake-make-receptai\/","title":{"rendered":"KAKE MAKE. RECIPES"},"content":{"rendered":"","protected":false},"excerpt":{"rendered":"<h2 style=\"font-weight: 400;\">ABOUT THE KNIGHTS<\/h2>\n<p>What happened to the fact that Poppy Kake started sleeping in a kitchen apron instead of pyjamas, Daddy walked around with powdered eyebrows and Mummy and Grandma kept filling in shopping lists? They have discovered the fabulous pleasure of cooking!<\/p>\n<p>&nbsp;<\/p>\n<p>This time, Kake Mak\u0117 met a connoisseur of healthy food spells<b>\u00a0Indre Trusove<\/b>\u00a0and creator of inventive recipes\u00a0<b>Kristina Pi\u0161niukaite-\u0160imkiene<\/b>.<\/p>\n<p>The new friends of Kak\u0117 Mak\u0117 told you not only how to make a delicious dinner, but also how to behave politely at the table and why electric kitchen appliances are not friends with water. And the most important part of the book is the 30 recipes!<\/p>\n<p>Nutritious BREAKFAST for the heroes of the day, hearty SOUTH and DINNER for those who never lose their energy, healthy EATS for the true health-conscious and probably the world's most delicious DESSERTS with lots of fruit and berries for the fun-loving gourmets.<\/p>\n<p>&nbsp;<\/p>\n<p>Cooking with children is not only possible but highly recommended!<\/p>\n<p>&nbsp;<\/p>\n<p>UNDERSTAND:<\/p>\n<ul>\n<li>What treats do animals like?<\/li>\n<li>What are these legumes?<\/li>\n<li>What monster lives in the kitchen?<\/li>\n<li>How to decorate food to make everyone lose their minds?<\/li>\n<\/ul>\n<p>DEMAND:<\/p>\n<ul>\n<li>Sandwich \"Sweet potato pretending to be a bar\"<\/li>\n<li>Domestic fish fingerlings \"Grasp by the fin\"<\/li>\n<li>Cupcake \"Banana Holiday\"<\/li>\n<li>A very unexpected dish \"Beef and courgette date at the kebab shop\"<\/li>\n<\/ul>\n<p>&nbsp;<\/p>\n<p>...and many more! So get your sticky fingers not only on the banana pancakes, but also on the pages of this book!<\/p>","protected":false},"featured_media":989509,"comment_status":"open","ping_status":"closed","template":"","meta":[],"product_brand":[],"product_cat":[68,70],"product_tag":[],"class_list":{"0":"post-989508","1":"product","2":"type-product","3":"status-publish","4":"has-post-thumbnail","6":"product_cat-knygos","7":"product_cat-visos-prekes","9":"first","10":"outofstock","11":"sale","12":"shipping-taxable","13":"purchasable","14":"product-type-simple"},"yoast_head":"<!-- This site is optimized with the Yoast SEO plugin v25.8 - https:\/\/yoast.com\/wordpress\/plugins\/seo\/ -->\n<title>KAK\u0116 MAK\u0116. RECEPTAI - Matildoslituanistinemokykla<\/title>\n<meta name=\"robots\" content=\"index, follow, max-snippet:-1, max-image-preview:large, max-video-preview:-1\" \/>\n<link rel=\"canonical\" href=\"https:\/\/matildoslituanistinemokykla.co.uk\/en\/product\/kake-make-receptai\/\" \/>\n<meta property=\"og:locale\" content=\"en_GB\" \/>\n<meta property=\"og:type\" content=\"article\" \/>\n<meta property=\"og:title\" content=\"KAK\u0116 MAK\u0116. RECEPTAI - Matildoslituanistinemokykla\" \/>\n<meta property=\"og:description\" content=\"APIE KNYG\u0104 Kas nutiko, kad Kak\u0117 Mak\u0117 \u0117m\u0117 miegoti su virtuv\u0117s prijuoste, o ne su pi\u017eama, t\u0117tis vaik\u0161\u010dioti miltuotais antakiais, o mama su senele vis pildyti pirkini\u0173 s\u0105ra\u0161us? Jie atrado pasaki\u0161k\u0105 maisto gaminimo malonum\u0105!  &nbsp;  \u0160\u012fkart Kak\u0117 Mak\u0117 susipa\u017eino su sveiko maisto burt\u0173 \u017einove\u00a0Indre Trusove\u00a0ir i\u0161rading\u0173 recept\u0173 k\u016br\u0117ja\u00a0Kristina Pi\u0161niukaite-\u0160imkiene.  Naujos Kak\u0117s Mak\u0117s draug\u0117s papasakojo\u00a0ne tik kaip gard\u017eiai pasigaminti vakarien\u0119, bet ir kaip mandagu elgtis prie stalo ir kod\u0117l elektriniai virtuv\u0117s prietaisai nedraugauja su vandeniu.\u00a0O svarbiausia knygos dalis \u2013 net 30 patiekal\u0173 recept\u0173!  Maistingi PUSRY\u010cIAI dienos herojams, sot\u016bs PIET\u016aS ir VAKARIEN\u0116 j\u0117g\u0173 niekada neprarandantiems\u00a0galvo\u010diams, sveiki U\u017dKAND\u017dIAI\u00a0tikriems sveikuoliams\u00a0ir bene gard\u017eiausi pasaulyje DESERTAI su daug vaisi\u0173 ir uog\u0173 linksmiesiems smali\u017eiams.  &nbsp;  Gaminti ne tik galima, bet ir labai rekomenduojama kartu su vaikais!  &nbsp;  SU\u017dINOK:   Kokius skan\u0117stus m\u0117gsta gyv\u016bnai?  Kas tie ank\u0161tiniai?  Koks monstras gyvena virtuv\u0117je?  Kaip papuo\u0161ti maist\u0105, kad visi netekt\u0173 amo?  PARAGAUK:   Sumu\u0161tinio\u00a0\u201eBatatas apsimeta batonu\u201c  Namini\u0173 \u017euv\u0173 pir\u0161teli\u0173\u00a0\u201e\u010ciupk u\u017e peleko\u201c  Keksiuk\u0173\u00a0\u201eBanano atostogos\u201c  Labai netik\u0117to patiekalo \u201eJautienos ir cukinij\u0173 pasimatymas\u00a0kebabin\u0117je\u201c  &nbsp;  ...ir daug kit\u0173! Tad grei\u010diau lipniais pir\u0161tais sutepkite\u00a0ne tik banan\u0173 blynus, bet ir \u0161ios knygos puslapius!\" \/>\n<meta property=\"og:url\" content=\"https:\/\/matildoslituanistinemokykla.co.uk\/en\/product\/kake-make-receptai\/\" \/>\n<meta property=\"og:site_name\" content=\"Matildoslituanistinemokykla\" \/>\n<meta property=\"article:modified_time\" content=\"2025-04-12T20:06:57+00:00\" \/>\n<meta property=\"og:image\" content=\"https:\/\/matildoslituanistinemokykla.co.uk\/wp-content\/uploads\/2024\/02\/27.1.webp\" \/>\n\t<meta property=\"og:image:width\" content=\"490\" \/>\n\t<meta property=\"og:image:height\" content=\"600\" \/>\n\t<meta property=\"og:image:type\" content=\"image\/webp\" \/>\n<meta name=\"twitter:card\" content=\"summary_large_image\" \/>\n<meta name=\"twitter:label1\" content=\"Estimated reading time\" \/>\n\t<meta name=\"twitter:data1\" content=\"1 minute\" \/>\n<script type=\"application\/ld+json\" class=\"yoast-schema-graph\">{\"@context\":\"https:\/\/schema.org\",\"@graph\":[{\"@type\":\"WebPage\",\"@id\":\"https:\/\/matildoslituanistinemokykla.co.uk\/product\/kake-make-receptai\/\",\"url\":\"https:\/\/matildoslituanistinemokykla.co.uk\/product\/kake-make-receptai\/\",\"name\":\"KAK\u0116 MAK\u0116. RECEPTAI - Matildoslituanistinemokykla\",\"isPartOf\":{\"@id\":\"https:\/\/matildoslituanistinemokykla.co.uk\/#website\"},\"primaryImageOfPage\":{\"@id\":\"https:\/\/matildoslituanistinemokykla.co.uk\/product\/kake-make-receptai\/#primaryimage\"},\"image\":{\"@id\":\"https:\/\/matildoslituanistinemokykla.co.uk\/product\/kake-make-receptai\/#primaryimage\"},\"thumbnailUrl\":\"https:\/\/matildoslituanistinemokykla.co.uk\/wp-content\/uploads\/2024\/02\/27.1.webp\",\"datePublished\":\"2024-02-06T22:10:33+00:00\",\"dateModified\":\"2025-04-12T20:06:57+00:00\",\"breadcrumb\":{\"@id\":\"https:\/\/matildoslituanistinemokykla.co.uk\/product\/kake-make-receptai\/#breadcrumb\"},\"inLanguage\":\"en-GB\",\"potentialAction\":[{\"@type\":\"ReadAction\",\"target\":[\"https:\/\/matildoslituanistinemokykla.co.uk\/product\/kake-make-receptai\/\"]}]},{\"@type\":\"ImageObject\",\"inLanguage\":\"en-GB\",\"@id\":\"https:\/\/matildoslituanistinemokykla.co.uk\/product\/kake-make-receptai\/#primaryimage\",\"url\":\"https:\/\/matildoslituanistinemokykla.co.uk\/wp-content\/uploads\/2024\/02\/27.1.webp\",\"contentUrl\":\"https:\/\/matildoslituanistinemokykla.co.uk\/wp-content\/uploads\/2024\/02\/27.1.webp\",\"width\":490,\"height\":600},{\"@type\":\"BreadcrumbList\",\"@id\":\"https:\/\/matildoslituanistinemokykla.co.uk\/product\/kake-make-receptai\/#breadcrumb\",\"itemListElement\":[{\"@type\":\"ListItem\",\"position\":1,\"name\":\"Home\",\"item\":\"https:\/\/matildoslituanistinemokykla.co.uk\/\"},{\"@type\":\"ListItem\",\"position\":2,\"name\":\"Parduotuv\u0117\",\"item\":\"https:\/\/matildoslituanistinemokykla.co.uk\/parduotuve\/\"},{\"@type\":\"ListItem\",\"position\":3,\"name\":\"KAK\u0116 MAK\u0116. RECEPTAI\"}]},{\"@type\":\"WebSite\",\"@id\":\"https:\/\/matildoslituanistinemokykla.co.uk\/#website\",\"url\":\"https:\/\/matildoslituanistinemokykla.co.uk\/\",\"name\":\"Matildoslituanistinemokykla\",\"description\":\"\",\"publisher\":{\"@id\":\"https:\/\/matildoslituanistinemokykla.co.uk\/#organization\"},\"potentialAction\":[{\"@type\":\"SearchAction\",\"target\":{\"@type\":\"EntryPoint\",\"urlTemplate\":\"https:\/\/matildoslituanistinemokykla.co.uk\/?s={search_term_string}\"},\"query-input\":{\"@type\":\"PropertyValueSpecification\",\"valueRequired\":true,\"valueName\":\"search_term_string\"}}],\"inLanguage\":\"en-GB\"},{\"@type\":\"Organization\",\"@id\":\"https:\/\/matildoslituanistinemokykla.co.uk\/#organization\",\"name\":\"Matildoslituanistinemokykla\",\"url\":\"https:\/\/matildoslituanistinemokykla.co.uk\/\",\"logo\":{\"@type\":\"ImageObject\",\"inLanguage\":\"en-GB\",\"@id\":\"https:\/\/matildoslituanistinemokykla.co.uk\/#\/schema\/logo\/image\/\",\"url\":\"https:\/\/matildoslituanistinemokykla.co.uk\/wp-content\/uploads\/2023\/08\/Matildos-Lituanistine-mokykla_logo_final.png\",\"contentUrl\":\"https:\/\/matildoslituanistinemokykla.co.uk\/wp-content\/uploads\/2023\/08\/Matildos-Lituanistine-mokykla_logo_final.png\",\"width\":1203,\"height\":947,\"caption\":\"Matildoslituanistinemokykla\"},\"image\":{\"@id\":\"https:\/\/matildoslituanistinemokykla.co.uk\/#\/schema\/logo\/image\/\"}}]}<\/script>\n<!-- \/ Yoast SEO plugin. -->","yoast_head_json":{"title":"KAK\u0116 MAK\u0116. RECEPTAI - Matildoslituanistinemokykla","robots":{"index":"index","follow":"follow","max-snippet":"max-snippet:-1","max-image-preview":"max-image-preview:large","max-video-preview":"max-video-preview:-1"},"canonical":"https:\/\/matildoslituanistinemokykla.co.uk\/en\/product\/kake-make-receptai\/","og_locale":"en_GB","og_type":"article","og_title":"KAK\u0116 MAK\u0116. RECEPTAI - Matildoslituanistinemokykla","og_description":"APIE KNYG\u0104 Kas nutiko, kad Kak\u0117 Mak\u0117 \u0117m\u0117 miegoti su virtuv\u0117s prijuoste, o ne su pi\u017eama, t\u0117tis vaik\u0161\u010dioti miltuotais antakiais, o mama su senele vis pildyti pirkini\u0173 s\u0105ra\u0161us? Jie atrado pasaki\u0161k\u0105 maisto gaminimo malonum\u0105!  &nbsp;  \u0160\u012fkart Kak\u0117 Mak\u0117 susipa\u017eino su sveiko maisto burt\u0173 \u017einove\u00a0Indre Trusove\u00a0ir i\u0161rading\u0173 recept\u0173 k\u016br\u0117ja\u00a0Kristina Pi\u0161niukaite-\u0160imkiene.  Naujos Kak\u0117s Mak\u0117s draug\u0117s papasakojo\u00a0ne tik kaip gard\u017eiai pasigaminti vakarien\u0119, bet ir kaip mandagu elgtis prie stalo ir kod\u0117l elektriniai virtuv\u0117s prietaisai nedraugauja su vandeniu.\u00a0O svarbiausia knygos dalis \u2013 net 30 patiekal\u0173 recept\u0173!  Maistingi PUSRY\u010cIAI dienos herojams, sot\u016bs PIET\u016aS ir VAKARIEN\u0116 j\u0117g\u0173 niekada neprarandantiems\u00a0galvo\u010diams, sveiki U\u017dKAND\u017dIAI\u00a0tikriems sveikuoliams\u00a0ir bene gard\u017eiausi pasaulyje DESERTAI su daug vaisi\u0173 ir uog\u0173 linksmiesiems smali\u017eiams.  &nbsp;  Gaminti ne tik galima, bet ir labai rekomenduojama kartu su vaikais!  &nbsp;  SU\u017dINOK:   Kokius skan\u0117stus m\u0117gsta gyv\u016bnai?  Kas tie ank\u0161tiniai?  Koks monstras gyvena virtuv\u0117je?  Kaip papuo\u0161ti maist\u0105, kad visi netekt\u0173 amo?  PARAGAUK:   Sumu\u0161tinio\u00a0\u201eBatatas apsimeta batonu\u201c  Namini\u0173 \u017euv\u0173 pir\u0161teli\u0173\u00a0\u201e\u010ciupk u\u017e peleko\u201c  Keksiuk\u0173\u00a0\u201eBanano atostogos\u201c  Labai netik\u0117to patiekalo \u201eJautienos ir cukinij\u0173 pasimatymas\u00a0kebabin\u0117je\u201c  &nbsp;  ...ir daug kit\u0173! Tad grei\u010diau lipniais pir\u0161tais sutepkite\u00a0ne tik banan\u0173 blynus, bet ir \u0161ios knygos puslapius!","og_url":"https:\/\/matildoslituanistinemokykla.co.uk\/en\/product\/kake-make-receptai\/","og_site_name":"Matildoslituanistinemokykla","article_modified_time":"2025-04-12T20:06:57+00:00","og_image":[{"width":490,"height":600,"url":"https:\/\/matildoslituanistinemokykla.co.uk\/wp-content\/uploads\/2024\/02\/27.1.webp","type":"image\/webp"}],"twitter_card":"summary_large_image","twitter_misc":{"Estimated reading time":"1 minute"},"schema":{"@context":"https:\/\/schema.org","@graph":[{"@type":"WebPage","@id":"https:\/\/matildoslituanistinemokykla.co.uk\/product\/kake-make-receptai\/","url":"https:\/\/matildoslituanistinemokykla.co.uk\/product\/kake-make-receptai\/","name":"KAK\u0116 MAK\u0116. RECEPTAI - Matildoslituanistinemokykla","isPartOf":{"@id":"https:\/\/matildoslituanistinemokykla.co.uk\/#website"},"primaryImageOfPage":{"@id":"https:\/\/matildoslituanistinemokykla.co.uk\/product\/kake-make-receptai\/#primaryimage"},"image":{"@id":"https:\/\/matildoslituanistinemokykla.co.uk\/product\/kake-make-receptai\/#primaryimage"},"thumbnailUrl":"https:\/\/matildoslituanistinemokykla.co.uk\/wp-content\/uploads\/2024\/02\/27.1.webp","datePublished":"2024-02-06T22:10:33+00:00","dateModified":"2025-04-12T20:06:57+00:00","breadcrumb":{"@id":"https:\/\/matildoslituanistinemokykla.co.uk\/product\/kake-make-receptai\/#breadcrumb"},"inLanguage":"en-GB","potentialAction":[{"@type":"ReadAction","target":["https:\/\/matildoslituanistinemokykla.co.uk\/product\/kake-make-receptai\/"]}]},{"@type":"ImageObject","inLanguage":"en-GB","@id":"https:\/\/matildoslituanistinemokykla.co.uk\/product\/kake-make-receptai\/#primaryimage","url":"https:\/\/matildoslituanistinemokykla.co.uk\/wp-content\/uploads\/2024\/02\/27.1.webp","contentUrl":"https:\/\/matildoslituanistinemokykla.co.uk\/wp-content\/uploads\/2024\/02\/27.1.webp","width":490,"height":600},{"@type":"BreadcrumbList","@id":"https:\/\/matildoslituanistinemokykla.co.uk\/product\/kake-make-receptai\/#breadcrumb","itemListElement":[{"@type":"ListItem","position":1,"name":"Home","item":"https:\/\/matildoslituanistinemokykla.co.uk\/"},{"@type":"ListItem","position":2,"name":"Parduotuv\u0117","item":"https:\/\/matildoslituanistinemokykla.co.uk\/parduotuve\/"},{"@type":"ListItem","position":3,"name":"KAK\u0116 MAK\u0116. RECEPTAI"}]},{"@type":"WebSite","@id":"https:\/\/matildoslituanistinemokykla.co.uk\/#website","url":"https:\/\/matildoslituanistinemokykla.co.uk\/","name":"Matildoslituanistinemokykla","description":"","publisher":{"@id":"https:\/\/matildoslituanistinemokykla.co.uk\/#organization"},"potentialAction":[{"@type":"SearchAction","target":{"@type":"EntryPoint","urlTemplate":"https:\/\/matildoslituanistinemokykla.co.uk\/?s={search_term_string}"},"query-input":{"@type":"PropertyValueSpecification","valueRequired":true,"valueName":"search_term_string"}}],"inLanguage":"en-GB"},{"@type":"Organization","@id":"https:\/\/matildoslituanistinemokykla.co.uk\/#organization","name":"Matildoslituanistinemokykla","url":"https:\/\/matildoslituanistinemokykla.co.uk\/","logo":{"@type":"ImageObject","inLanguage":"en-GB","@id":"https:\/\/matildoslituanistinemokykla.co.uk\/#\/schema\/logo\/image\/","url":"https:\/\/matildoslituanistinemokykla.co.uk\/wp-content\/uploads\/2023\/08\/Matildos-Lituanistine-mokykla_logo_final.png","contentUrl":"https:\/\/matildoslituanistinemokykla.co.uk\/wp-content\/uploads\/2023\/08\/Matildos-Lituanistine-mokykla_logo_final.png","width":1203,"height":947,"caption":"Matildoslituanistinemokykla"},"image":{"@id":"https:\/\/matildoslituanistinemokykla.co.uk\/#\/schema\/logo\/image\/"}}]}},"_links":{"self":[{"href":"https:\/\/matildoslituanistinemokykla.co.uk\/en\/wp-json\/wp\/v2\/product\/989508","targetHints":{"allow":["GET"]}}],"collection":[{"href":"https:\/\/matildoslituanistinemokykla.co.uk\/en\/wp-json\/wp\/v2\/product"}],"about":[{"href":"https:\/\/matildoslituanistinemokykla.co.uk\/en\/wp-json\/wp\/v2\/types\/product"}],"replies":[{"embeddable":true,"href":"https:\/\/matildoslituanistinemokykla.co.uk\/en\/wp-json\/wp\/v2\/comments?post=989508"}],"wp:featuredmedia":[{"embeddable":true,"href":"https:\/\/matildoslituanistinemokykla.co.uk\/en\/wp-json\/wp\/v2\/media\/989509"}],"wp:attachment":[{"href":"https:\/\/matildoslituanistinemokykla.co.uk\/en\/wp-json\/wp\/v2\/media?parent=989508"}],"wp:term":[{"taxonomy":"product_brand","embeddable":true,"href":"https:\/\/matildoslituanistinemokykla.co.uk\/en\/wp-json\/wp\/v2\/product_brand?post=989508"},{"taxonomy":"product_cat","embeddable":true,"href":"https:\/\/matildoslituanistinemokykla.co.uk\/en\/wp-json\/wp\/v2\/product_cat?post=989508"},{"taxonomy":"product_tag","embeddable":true,"href":"https:\/\/matildoslituanistinemokykla.co.uk\/en\/wp-json\/wp\/v2\/product_tag?post=989508"}],"curies":[{"name":"wp","href":"https:\/\/api.w.org\/{rel}","templated":true}]}}