{"id":989513,"date":"2024-02-06T22:20:40","date_gmt":"2024-02-06T22:20:40","guid":{"rendered":"https:\/\/matildoslituanistinemokykla.co.uk\/?post_type=product&#038;p=989513"},"modified":"2025-03-14T09:45:34","modified_gmt":"2025-03-14T09:45:34","slug":"kake-make-mazyliams-keliauju-i-darzeli","status":"publish","type":"product","link":"https:\/\/matildoslituanistinemokykla.co.uk\/en\/product\/kake-make-mazyliams-keliauju-i-darzeli\/","title":{"rendered":"KAKE MAKE. FOR YOUNG PEOPLE. GOING TO KINDERGARTEN"},"content":{"rendered":"","protected":false},"excerpt":{"rendered":"<h2 class=\"product-full-width__description-title h1\">ABOUT THE KNIGHTS<\/h2>\n<div class=\"product-full-width__description-text\">\n<p>The Poppy Mouse Activity Book. I'm on my way to kindergarten\" is designed for the youngest fans of Kak\u0117 Mak\u0117 - children aged 2-3 years.<\/p>\n<p>Winnie the Pooh and her friends will help children prepare for kindergarten and step boldly through the door.<\/p>\n<p>As they make their way through the pages of the book, they will not only get to know the kindergarten and its daily routine, but will also find a wealth of activities that will help them to develop their hand skills, recognise and distinguish between colours, group objects, find pairs, and sort them.<\/p>\n<p>The book is full of colourful stickers that children will learn to stick and find their place.<\/p>\n<p>The tasks were prepared by creative and experienced teachers \u017divil\u0117 Kalasauskait\u0117 and Laimut\u0117 Pu\u017eauskien\u0117.<\/p>\n<p>\u017divil\u0117: Kindergarten is a great place where you'll meet lots of friends, be hugged by a caring teacher's hands every morning, and have colourful toys and fun activities to do. Smile every morning and open the doors of your kindergarten with courage. I invite you on a journey of fun and challenges.<\/p>\n<p>Laimut\u0117: Dear friend, only here in kindergarten will you start to believe in fairy tales even more strongly. Only here, in kindergarten, will you be able to laugh at your friend's white kefir moustache. Open and love these activities. They are made for you.<\/p>\n<p>Solve the problems in the book \"Winnie the Pooh. I'm on my way to kindergarten\" puzzles, the little ones:<\/p>\n<p>- enrich your vocabulary;<\/p>\n<p>- develop fine motor skills;<\/p>\n<p>- learn about the world around them;<\/p>\n<p>- learn to focus;<\/p>\n<p>- develop emotional intelligence.<\/p>\n<\/div>","protected":false},"featured_media":989528,"comment_status":"open","ping_status":"closed","template":"","meta":[],"product_brand":[],"product_cat":[68,70],"product_tag":[],"class_list":{"0":"post-989513","1":"product","2":"type-product","3":"status-publish","4":"has-post-thumbnail","6":"product_cat-knygos","7":"product_cat-visos-prekes","9":"first","10":"outofstock","11":"shipping-taxable","12":"purchasable","13":"product-type-simple"},"yoast_head":"<!-- This site is optimized with the Yoast SEO plugin v25.8 - https:\/\/yoast.com\/wordpress\/plugins\/seo\/ -->\n<title>KAK\u0116 MAK\u0116. MA\u017dYLIAMS. KELIAUJU \u012e DAR\u017dEL\u012e - Matildoslituanistinemokykla<\/title>\n<meta name=\"robots\" content=\"index, follow, max-snippet:-1, max-image-preview:large, max-video-preview:-1\" \/>\n<link rel=\"canonical\" href=\"https:\/\/matildoslituanistinemokykla.co.uk\/en\/product\/kake-make-mazyliams-keliauju-i-darzeli\/\" \/>\n<meta property=\"og:locale\" content=\"en_GB\" \/>\n<meta property=\"og:type\" content=\"article\" \/>\n<meta property=\"og:title\" content=\"KAK\u0116 MAK\u0116. MA\u017dYLIAMS. KELIAUJU \u012e DAR\u017dEL\u012e - Matildoslituanistinemokykla\" \/>\n<meta property=\"og:description\" content=\"APIE KNYG\u0104   U\u017eduo\u010di\u0173 knygel\u0117 \u201eKak\u0117 Mak\u0117. Keliauju \u012f dar\u017eel\u012f\u201c skirta patiems ma\u017eiausiems Kak\u0117s Mak\u0117s gerb\u0117jams \u2013 2\u20133 met\u0173 vaikams.  Kak\u0117 Mak\u0117 ir jos draugai pad\u0117s vaikams pasiruo\u0161ti dar\u017eeliui ir dr\u0105siai \u012f\u017eengti pro jo duris.  Keliaudami knygel\u0117s puslapiais ma\u017eyliai ne tik susipa\u017eins su vaik\u0173 dar\u017eeliu bei jo dienotvarke, bet ir ras gausyb\u0119 u\u017eduot\u0117li\u0173, kurios pad\u0117s lavinti rank\u0105, pa\u017einti ir skirti spalvas, grupuoti daiktus, rasti poras, r\u016b\u0161iuoti.  Knygel\u0117je gausu spalvot\u0173 lipduk\u0173, kuriuos vaikai mokysis klijuoti ir surasti j\u0173 viet\u0105.  U\u017eduot\u0117les pareng\u0117 k\u016brybingos ir patyrusios pedagog\u0117s \u017divil\u0117 Kalasauskait\u0117 ir Laimut\u0117 Pu\u017eauskien\u0117.  \u017divil\u0117: Dar\u017eelis yra puiki vieta, kurioje sutiksi daug draug\u0173, tave kasryt apkabins r\u016bpestingos aukl\u0117tojos rankos, tav\u0119s lauks spalvoti \u017eaislai ir linksmos u\u017eduotys. Kasryt nusi\u0161ypsok ir dr\u0105siai atverk savo dar\u017eelio duris. A\u0161 tave kvie\u010diu \u012f u\u017eduot\u0117li\u0173 kelion\u0119, kurioje atrasi smagi\u0173 u\u017edavini\u0173.  Laimut\u0117: Mielas drauge, tik \u010dia, dar\u017eelyje, tu dar stipriau imsi tik\u0117ti pasakomis. Tik \u010dia, dar\u017eelyje, gal\u0117si smagiai juoktis i\u0161 draugo balt\u0173 kefyro \u016bs\u0173. Atsiversk ir pamilk \u0161ias u\u017eduot\u0117les. Jos sukurtos tau.  Spr\u0119sdami knygel\u0117s \u201eKak\u0117 Mak\u0117. Keliauju \u012f dar\u017eel\u012f\u201c u\u017eduot\u0117les ma\u017eyliai:  \u2022 turtins \u017eodyn\u0105;  \u2022 lavins smulki\u0105j\u0105 motorik\u0105;  \u2022 pa\u017eins juos supant\u012f pasaul\u012f;  \u2022 mokinsis sutelkti d\u0117mes\u012f;  \u2022 lavins emocin\u012f intelekt\u0105.\" \/>\n<meta property=\"og:url\" content=\"https:\/\/matildoslituanistinemokykla.co.uk\/en\/product\/kake-make-mazyliams-keliauju-i-darzeli\/\" \/>\n<meta property=\"og:site_name\" content=\"Matildoslituanistinemokykla\" \/>\n<meta property=\"article:modified_time\" content=\"2025-03-14T09:45:34+00:00\" \/>\n<meta property=\"og:image\" content=\"https:\/\/matildoslituanistinemokykla.co.uk\/wp-content\/uploads\/2024\/02\/32-1.webp\" \/>\n\t<meta property=\"og:image:width\" content=\"437\" \/>\n\t<meta property=\"og:image:height\" content=\"600\" \/>\n\t<meta property=\"og:image:type\" content=\"image\/webp\" \/>\n<meta name=\"twitter:card\" content=\"summary_large_image\" \/>\n<script type=\"application\/ld+json\" class=\"yoast-schema-graph\">{\"@context\":\"https:\/\/schema.org\",\"@graph\":[{\"@type\":\"WebPage\",\"@id\":\"https:\/\/matildoslituanistinemokykla.co.uk\/product\/kake-make-mazyliams-keliauju-i-darzeli\/\",\"url\":\"https:\/\/matildoslituanistinemokykla.co.uk\/product\/kake-make-mazyliams-keliauju-i-darzeli\/\",\"name\":\"KAK\u0116 MAK\u0116. MA\u017dYLIAMS. KELIAUJU \u012e DAR\u017dEL\u012e - Matildoslituanistinemokykla\",\"isPartOf\":{\"@id\":\"https:\/\/matildoslituanistinemokykla.co.uk\/#website\"},\"primaryImageOfPage\":{\"@id\":\"https:\/\/matildoslituanistinemokykla.co.uk\/product\/kake-make-mazyliams-keliauju-i-darzeli\/#primaryimage\"},\"image\":{\"@id\":\"https:\/\/matildoslituanistinemokykla.co.uk\/product\/kake-make-mazyliams-keliauju-i-darzeli\/#primaryimage\"},\"thumbnailUrl\":\"https:\/\/matildoslituanistinemokykla.co.uk\/wp-content\/uploads\/2024\/02\/32-1.webp\",\"datePublished\":\"2024-02-06T22:20:40+00:00\",\"dateModified\":\"2025-03-14T09:45:34+00:00\",\"breadcrumb\":{\"@id\":\"https:\/\/matildoslituanistinemokykla.co.uk\/product\/kake-make-mazyliams-keliauju-i-darzeli\/#breadcrumb\"},\"inLanguage\":\"en-GB\",\"potentialAction\":[{\"@type\":\"ReadAction\",\"target\":[\"https:\/\/matildoslituanistinemokykla.co.uk\/product\/kake-make-mazyliams-keliauju-i-darzeli\/\"]}]},{\"@type\":\"ImageObject\",\"inLanguage\":\"en-GB\",\"@id\":\"https:\/\/matildoslituanistinemokykla.co.uk\/product\/kake-make-mazyliams-keliauju-i-darzeli\/#primaryimage\",\"url\":\"https:\/\/matildoslituanistinemokykla.co.uk\/wp-content\/uploads\/2024\/02\/32-1.webp\",\"contentUrl\":\"https:\/\/matildoslituanistinemokykla.co.uk\/wp-content\/uploads\/2024\/02\/32-1.webp\",\"width\":437,\"height\":600},{\"@type\":\"BreadcrumbList\",\"@id\":\"https:\/\/matildoslituanistinemokykla.co.uk\/product\/kake-make-mazyliams-keliauju-i-darzeli\/#breadcrumb\",\"itemListElement\":[{\"@type\":\"ListItem\",\"position\":1,\"name\":\"Home\",\"item\":\"https:\/\/matildoslituanistinemokykla.co.uk\/\"},{\"@type\":\"ListItem\",\"position\":2,\"name\":\"Parduotuv\u0117\",\"item\":\"https:\/\/matildoslituanistinemokykla.co.uk\/parduotuve\/\"},{\"@type\":\"ListItem\",\"position\":3,\"name\":\"KAK\u0116 MAK\u0116. MA\u017dYLIAMS. KELIAUJU \u012e DAR\u017dEL\u012e\"}]},{\"@type\":\"WebSite\",\"@id\":\"https:\/\/matildoslituanistinemokykla.co.uk\/#website\",\"url\":\"https:\/\/matildoslituanistinemokykla.co.uk\/\",\"name\":\"Matildoslituanistinemokykla\",\"description\":\"\",\"publisher\":{\"@id\":\"https:\/\/matildoslituanistinemokykla.co.uk\/#organization\"},\"potentialAction\":[{\"@type\":\"SearchAction\",\"target\":{\"@type\":\"EntryPoint\",\"urlTemplate\":\"https:\/\/matildoslituanistinemokykla.co.uk\/?s={search_term_string}\"},\"query-input\":{\"@type\":\"PropertyValueSpecification\",\"valueRequired\":true,\"valueName\":\"search_term_string\"}}],\"inLanguage\":\"en-GB\"},{\"@type\":\"Organization\",\"@id\":\"https:\/\/matildoslituanistinemokykla.co.uk\/#organization\",\"name\":\"Matildoslituanistinemokykla\",\"url\":\"https:\/\/matildoslituanistinemokykla.co.uk\/\",\"logo\":{\"@type\":\"ImageObject\",\"inLanguage\":\"en-GB\",\"@id\":\"https:\/\/matildoslituanistinemokykla.co.uk\/#\/schema\/logo\/image\/\",\"url\":\"https:\/\/matildoslituanistinemokykla.co.uk\/wp-content\/uploads\/2023\/08\/Matildos-Lituanistine-mokykla_logo_final.png\",\"contentUrl\":\"https:\/\/matildoslituanistinemokykla.co.uk\/wp-content\/uploads\/2023\/08\/Matildos-Lituanistine-mokykla_logo_final.png\",\"width\":1203,\"height\":947,\"caption\":\"Matildoslituanistinemokykla\"},\"image\":{\"@id\":\"https:\/\/matildoslituanistinemokykla.co.uk\/#\/schema\/logo\/image\/\"}}]}<\/script>\n<!-- \/ Yoast SEO plugin. -->","yoast_head_json":{"title":"KAK\u0116 MAK\u0116. MA\u017dYLIAMS. KELIAUJU \u012e DAR\u017dEL\u012e - Matildoslituanistinemokykla","robots":{"index":"index","follow":"follow","max-snippet":"max-snippet:-1","max-image-preview":"max-image-preview:large","max-video-preview":"max-video-preview:-1"},"canonical":"https:\/\/matildoslituanistinemokykla.co.uk\/en\/product\/kake-make-mazyliams-keliauju-i-darzeli\/","og_locale":"en_GB","og_type":"article","og_title":"KAK\u0116 MAK\u0116. MA\u017dYLIAMS. KELIAUJU \u012e DAR\u017dEL\u012e - Matildoslituanistinemokykla","og_description":"APIE KNYG\u0104   U\u017eduo\u010di\u0173 knygel\u0117 \u201eKak\u0117 Mak\u0117. Keliauju \u012f dar\u017eel\u012f\u201c skirta patiems ma\u017eiausiems Kak\u0117s Mak\u0117s gerb\u0117jams \u2013 2\u20133 met\u0173 vaikams.  Kak\u0117 Mak\u0117 ir jos draugai pad\u0117s vaikams pasiruo\u0161ti dar\u017eeliui ir dr\u0105siai \u012f\u017eengti pro jo duris.  Keliaudami knygel\u0117s puslapiais ma\u017eyliai ne tik susipa\u017eins su vaik\u0173 dar\u017eeliu bei jo dienotvarke, bet ir ras gausyb\u0119 u\u017eduot\u0117li\u0173, kurios pad\u0117s lavinti rank\u0105, pa\u017einti ir skirti spalvas, grupuoti daiktus, rasti poras, r\u016b\u0161iuoti.  Knygel\u0117je gausu spalvot\u0173 lipduk\u0173, kuriuos vaikai mokysis klijuoti ir surasti j\u0173 viet\u0105.  U\u017eduot\u0117les pareng\u0117 k\u016brybingos ir patyrusios pedagog\u0117s \u017divil\u0117 Kalasauskait\u0117 ir Laimut\u0117 Pu\u017eauskien\u0117.  \u017divil\u0117: Dar\u017eelis yra puiki vieta, kurioje sutiksi daug draug\u0173, tave kasryt apkabins r\u016bpestingos aukl\u0117tojos rankos, tav\u0119s lauks spalvoti \u017eaislai ir linksmos u\u017eduotys. Kasryt nusi\u0161ypsok ir dr\u0105siai atverk savo dar\u017eelio duris. A\u0161 tave kvie\u010diu \u012f u\u017eduot\u0117li\u0173 kelion\u0119, kurioje atrasi smagi\u0173 u\u017edavini\u0173.  Laimut\u0117: Mielas drauge, tik \u010dia, dar\u017eelyje, tu dar stipriau imsi tik\u0117ti pasakomis. Tik \u010dia, dar\u017eelyje, gal\u0117si smagiai juoktis i\u0161 draugo balt\u0173 kefyro \u016bs\u0173. Atsiversk ir pamilk \u0161ias u\u017eduot\u0117les. Jos sukurtos tau.  Spr\u0119sdami knygel\u0117s \u201eKak\u0117 Mak\u0117. Keliauju \u012f dar\u017eel\u012f\u201c u\u017eduot\u0117les ma\u017eyliai:  \u2022 turtins \u017eodyn\u0105;  \u2022 lavins smulki\u0105j\u0105 motorik\u0105;  \u2022 pa\u017eins juos supant\u012f pasaul\u012f;  \u2022 mokinsis sutelkti d\u0117mes\u012f;  \u2022 lavins emocin\u012f intelekt\u0105.","og_url":"https:\/\/matildoslituanistinemokykla.co.uk\/en\/product\/kake-make-mazyliams-keliauju-i-darzeli\/","og_site_name":"Matildoslituanistinemokykla","article_modified_time":"2025-03-14T09:45:34+00:00","og_image":[{"width":437,"height":600,"url":"https:\/\/matildoslituanistinemokykla.co.uk\/wp-content\/uploads\/2024\/02\/32-1.webp","type":"image\/webp"}],"twitter_card":"summary_large_image","schema":{"@context":"https:\/\/schema.org","@graph":[{"@type":"WebPage","@id":"https:\/\/matildoslituanistinemokykla.co.uk\/product\/kake-make-mazyliams-keliauju-i-darzeli\/","url":"https:\/\/matildoslituanistinemokykla.co.uk\/product\/kake-make-mazyliams-keliauju-i-darzeli\/","name":"KAK\u0116 MAK\u0116. MA\u017dYLIAMS. KELIAUJU \u012e DAR\u017dEL\u012e - Matildoslituanistinemokykla","isPartOf":{"@id":"https:\/\/matildoslituanistinemokykla.co.uk\/#website"},"primaryImageOfPage":{"@id":"https:\/\/matildoslituanistinemokykla.co.uk\/product\/kake-make-mazyliams-keliauju-i-darzeli\/#primaryimage"},"image":{"@id":"https:\/\/matildoslituanistinemokykla.co.uk\/product\/kake-make-mazyliams-keliauju-i-darzeli\/#primaryimage"},"thumbnailUrl":"https:\/\/matildoslituanistinemokykla.co.uk\/wp-content\/uploads\/2024\/02\/32-1.webp","datePublished":"2024-02-06T22:20:40+00:00","dateModified":"2025-03-14T09:45:34+00:00","breadcrumb":{"@id":"https:\/\/matildoslituanistinemokykla.co.uk\/product\/kake-make-mazyliams-keliauju-i-darzeli\/#breadcrumb"},"inLanguage":"en-GB","potentialAction":[{"@type":"ReadAction","target":["https:\/\/matildoslituanistinemokykla.co.uk\/product\/kake-make-mazyliams-keliauju-i-darzeli\/"]}]},{"@type":"ImageObject","inLanguage":"en-GB","@id":"https:\/\/matildoslituanistinemokykla.co.uk\/product\/kake-make-mazyliams-keliauju-i-darzeli\/#primaryimage","url":"https:\/\/matildoslituanistinemokykla.co.uk\/wp-content\/uploads\/2024\/02\/32-1.webp","contentUrl":"https:\/\/matildoslituanistinemokykla.co.uk\/wp-content\/uploads\/2024\/02\/32-1.webp","width":437,"height":600},{"@type":"BreadcrumbList","@id":"https:\/\/matildoslituanistinemokykla.co.uk\/product\/kake-make-mazyliams-keliauju-i-darzeli\/#breadcrumb","itemListElement":[{"@type":"ListItem","position":1,"name":"Home","item":"https:\/\/matildoslituanistinemokykla.co.uk\/"},{"@type":"ListItem","position":2,"name":"Parduotuv\u0117","item":"https:\/\/matildoslituanistinemokykla.co.uk\/parduotuve\/"},{"@type":"ListItem","position":3,"name":"KAK\u0116 MAK\u0116. MA\u017dYLIAMS. KELIAUJU \u012e DAR\u017dEL\u012e"}]},{"@type":"WebSite","@id":"https:\/\/matildoslituanistinemokykla.co.uk\/#website","url":"https:\/\/matildoslituanistinemokykla.co.uk\/","name":"Matildoslituanistinemokykla","description":"","publisher":{"@id":"https:\/\/matildoslituanistinemokykla.co.uk\/#organization"},"potentialAction":[{"@type":"SearchAction","target":{"@type":"EntryPoint","urlTemplate":"https:\/\/matildoslituanistinemokykla.co.uk\/?s={search_term_string}"},"query-input":{"@type":"PropertyValueSpecification","valueRequired":true,"valueName":"search_term_string"}}],"inLanguage":"en-GB"},{"@type":"Organization","@id":"https:\/\/matildoslituanistinemokykla.co.uk\/#organization","name":"Matildoslituanistinemokykla","url":"https:\/\/matildoslituanistinemokykla.co.uk\/","logo":{"@type":"ImageObject","inLanguage":"en-GB","@id":"https:\/\/matildoslituanistinemokykla.co.uk\/#\/schema\/logo\/image\/","url":"https:\/\/matildoslituanistinemokykla.co.uk\/wp-content\/uploads\/2023\/08\/Matildos-Lituanistine-mokykla_logo_final.png","contentUrl":"https:\/\/matildoslituanistinemokykla.co.uk\/wp-content\/uploads\/2023\/08\/Matildos-Lituanistine-mokykla_logo_final.png","width":1203,"height":947,"caption":"Matildoslituanistinemokykla"},"image":{"@id":"https:\/\/matildoslituanistinemokykla.co.uk\/#\/schema\/logo\/image\/"}}]}},"_links":{"self":[{"href":"https:\/\/matildoslituanistinemokykla.co.uk\/en\/wp-json\/wp\/v2\/product\/989513","targetHints":{"allow":["GET"]}}],"collection":[{"href":"https:\/\/matildoslituanistinemokykla.co.uk\/en\/wp-json\/wp\/v2\/product"}],"about":[{"href":"https:\/\/matildoslituanistinemokykla.co.uk\/en\/wp-json\/wp\/v2\/types\/product"}],"replies":[{"embeddable":true,"href":"https:\/\/matildoslituanistinemokykla.co.uk\/en\/wp-json\/wp\/v2\/comments?post=989513"}],"wp:featuredmedia":[{"embeddable":true,"href":"https:\/\/matildoslituanistinemokykla.co.uk\/en\/wp-json\/wp\/v2\/media\/989528"}],"wp:attachment":[{"href":"https:\/\/matildoslituanistinemokykla.co.uk\/en\/wp-json\/wp\/v2\/media?parent=989513"}],"wp:term":[{"taxonomy":"product_brand","embeddable":true,"href":"https:\/\/matildoslituanistinemokykla.co.uk\/en\/wp-json\/wp\/v2\/product_brand?post=989513"},{"taxonomy":"product_cat","embeddable":true,"href":"https:\/\/matildoslituanistinemokykla.co.uk\/en\/wp-json\/wp\/v2\/product_cat?post=989513"},{"taxonomy":"product_tag","embeddable":true,"href":"https:\/\/matildoslituanistinemokykla.co.uk\/en\/wp-json\/wp\/v2\/product_tag?post=989513"}],"curies":[{"name":"wp","href":"https:\/\/api.w.org\/{rel}","templated":true}]}}