{"id":989515,"date":"2024-02-06T22:13:35","date_gmt":"2024-02-06T22:13:35","guid":{"rendered":"https:\/\/matildoslituanistinemokykla.co.uk\/?post_type=product&#038;p=989515"},"modified":"2025-03-14T09:46:53","modified_gmt":"2025-03-14T09:46:53","slug":"kake-make-kake-make-groja-dudele","status":"publish","type":"product","link":"https:\/\/matildoslituanistinemokykla.co.uk\/en\/product\/kake-make-kake-make-groja-dudele\/","title":{"rendered":"KAKE MAKE. KAKE MAKE PLAYS THE BAGPIPE"},"content":{"rendered":"","protected":false},"excerpt":{"rendered":"<h2><a class=\"link--big\" href=\"https:\/\/almalittera.lt\/collections\/lina-zutaute\">Lina \u017dutaut\u0117<\/a><\/h2>\n<h2 style=\"font-weight: 400;\">ABOUT THE KNIGHTS<\/h2>\n<p>Go on a musical journey through forests and meadows with Kake Make and her bagpipe!<\/p>\n<p>&nbsp;<\/p>\n<p>&nbsp;<\/p>\n<ul>\n<li>Up to 10 different animal and musical instrument sounds.<\/li>\n<li>An interactive book that engages children in a reading ritual.<\/li>\n<li>The book is in a convenient format for even the smallest children to flip through.<\/li>\n<li>The book's illustrative story teaches us not to give up and to do what our heart desires!<\/li>\n<\/ul>\n<p>&nbsp;<\/p>\n<p>&nbsp;<\/p>\n<p>The first book of Katya Makes Sounds - for all her little ones and best friends! There are 10 different animal or musical instrument sounds in the book. All the sounds are of the highest quality to ensure that the music brings pleasure and joy to the ears of little ones and parents alike.<\/p>\n<p>&nbsp;<\/p>\n<p>&nbsp;<\/p>\n<p>This interactive and engaging book features illustrations embedded in the text that show which button the child needs to press at which time to hear the sound.<\/p>\n<p>&nbsp;<\/p>\n<p>&nbsp;<\/p>\n<p>The book is large in size and the cover and pages are made of thick cardboard, making it easy for little ones to flip through it themselves. There is a button on the back of the book to turn the sounds on and off when needed.<\/p>\n<p>&nbsp;<\/p>\n<p>&nbsp;<\/p>\n<p>Recommended for children from 3 years of age.<\/p>","protected":false},"featured_media":989516,"comment_status":"open","ping_status":"closed","template":"","meta":[],"product_brand":[],"product_cat":[68,70],"product_tag":[],"class_list":{"0":"post-989515","1":"product","2":"type-product","3":"status-publish","4":"has-post-thumbnail","6":"product_cat-knygos","7":"product_cat-visos-prekes","9":"first","10":"outofstock","11":"sale","12":"shipping-taxable","13":"purchasable","14":"product-type-simple"},"yoast_head":"<!-- This site is optimized with the Yoast SEO plugin v25.8 - https:\/\/yoast.com\/wordpress\/plugins\/seo\/ -->\n<title>KAK\u0116 MAK\u0116. KAK\u0116 MAK\u0116 GROJA D\u016aDELE - Matildoslituanistinemokykla<\/title>\n<meta name=\"robots\" content=\"index, follow, max-snippet:-1, max-image-preview:large, max-video-preview:-1\" \/>\n<link rel=\"canonical\" href=\"https:\/\/matildoslituanistinemokykla.co.uk\/en\/product\/kake-make-kake-make-groja-dudele\/\" \/>\n<meta property=\"og:locale\" content=\"en_GB\" \/>\n<meta property=\"og:type\" content=\"article\" \/>\n<meta property=\"og:title\" content=\"KAK\u0116 MAK\u0116. KAK\u0116 MAK\u0116 GROJA D\u016aDELE - Matildoslituanistinemokykla\" \/>\n<meta property=\"og:description\" content=\"Lina \u017dutaut\u0117 APIE KNYG\u0104 Pirmyn \u012f muzikin\u0119 kelion\u0119 po mi\u0161kus ir pievas su Kake Make ir jos d\u016bdele!  &nbsp;  &nbsp;   Net 10 skirting\u0173 gyv\u016bn\u0117li\u0173 ir muzikos instrument\u0173 gars\u0173.  Interaktyvi, vaikus \u012f skaitymo ritual\u0105 \u012ftraukianti knyga.  Patogus knygel\u0117s formatas, pritaikytas vartyti net patiems ma\u017eiausiems.  Iliustratyvi knygos istorija moko nepasiduoti ir daryti tai, ko \u0161irdis geid\u017eia!  &nbsp;  &nbsp;  Pirma Kak\u0117s Mak\u0117s gars\u0173 knyga \u2013 visiems ma\u017eiausiems ir geriausiems jos draugams! I\u0161 viso knygel\u0117je yra 10 skirting\u0173 gyv\u016bn\u0117li\u0173 arba muzikos instrument\u0173 gars\u0173. Visi garso \u012fra\u0161ai \u2013 auk\u0161\u010diausios kokyb\u0117s, kad muzika teikt\u0173 malonum\u0105 ir d\u017eiaugsm\u0105 tiek ma\u017e\u0173j\u0173, tiek t\u0117veli\u0173 ausyt\u0117ms.  &nbsp;  &nbsp;  Tai interaktyvi ir vaikus \u012ftraukianti knyga su tekste \u012fterptomis iliustracijomis, nurodan\u010diomis, kok\u012f mygtuk\u0105 kuriuo metu vaikui reikia paspausti, kad i\u0161girst\u0173 gars\u0105.  &nbsp;  &nbsp;  Knygel\u0117 didelio formato, o\u00a0 vir\u0161elis ir puslapiai pagaminti i\u0161 storo kartono, tad ma\u017eiesiems patogu patiems j\u0105 vartyti. Knygel\u0117s nugar\u0117l\u0117je yra mygtukas, kuriuo prireikus gal\u0117site \u012fjungti ir i\u0161jungti garsus.  &nbsp;  &nbsp;  Rekomenduojama vaikams nuo 3 met\u0173.\" \/>\n<meta property=\"og:url\" content=\"https:\/\/matildoslituanistinemokykla.co.uk\/en\/product\/kake-make-kake-make-groja-dudele\/\" \/>\n<meta property=\"og:site_name\" content=\"Matildoslituanistinemokykla\" \/>\n<meta property=\"article:modified_time\" content=\"2025-03-14T09:46:53+00:00\" \/>\n<meta property=\"og:image\" content=\"https:\/\/matildoslituanistinemokykla.co.uk\/wp-content\/uploads\/2024\/02\/29.webp\" \/>\n\t<meta property=\"og:image:width\" content=\"578\" \/>\n\t<meta property=\"og:image:height\" content=\"600\" \/>\n\t<meta property=\"og:image:type\" content=\"image\/webp\" \/>\n<meta name=\"twitter:card\" content=\"summary_large_image\" \/>\n<meta name=\"twitter:label1\" content=\"Estimated reading time\" \/>\n\t<meta name=\"twitter:data1\" content=\"1 minute\" \/>\n<script type=\"application\/ld+json\" class=\"yoast-schema-graph\">{\"@context\":\"https:\/\/schema.org\",\"@graph\":[{\"@type\":\"WebPage\",\"@id\":\"https:\/\/matildoslituanistinemokykla.co.uk\/product\/kake-make-kake-make-groja-dudele\/\",\"url\":\"https:\/\/matildoslituanistinemokykla.co.uk\/product\/kake-make-kake-make-groja-dudele\/\",\"name\":\"KAK\u0116 MAK\u0116. KAK\u0116 MAK\u0116 GROJA D\u016aDELE - Matildoslituanistinemokykla\",\"isPartOf\":{\"@id\":\"https:\/\/matildoslituanistinemokykla.co.uk\/#website\"},\"primaryImageOfPage\":{\"@id\":\"https:\/\/matildoslituanistinemokykla.co.uk\/product\/kake-make-kake-make-groja-dudele\/#primaryimage\"},\"image\":{\"@id\":\"https:\/\/matildoslituanistinemokykla.co.uk\/product\/kake-make-kake-make-groja-dudele\/#primaryimage\"},\"thumbnailUrl\":\"https:\/\/matildoslituanistinemokykla.co.uk\/wp-content\/uploads\/2024\/02\/29.webp\",\"datePublished\":\"2024-02-06T22:13:35+00:00\",\"dateModified\":\"2025-03-14T09:46:53+00:00\",\"breadcrumb\":{\"@id\":\"https:\/\/matildoslituanistinemokykla.co.uk\/product\/kake-make-kake-make-groja-dudele\/#breadcrumb\"},\"inLanguage\":\"en-GB\",\"potentialAction\":[{\"@type\":\"ReadAction\",\"target\":[\"https:\/\/matildoslituanistinemokykla.co.uk\/product\/kake-make-kake-make-groja-dudele\/\"]}]},{\"@type\":\"ImageObject\",\"inLanguage\":\"en-GB\",\"@id\":\"https:\/\/matildoslituanistinemokykla.co.uk\/product\/kake-make-kake-make-groja-dudele\/#primaryimage\",\"url\":\"https:\/\/matildoslituanistinemokykla.co.uk\/wp-content\/uploads\/2024\/02\/29.webp\",\"contentUrl\":\"https:\/\/matildoslituanistinemokykla.co.uk\/wp-content\/uploads\/2024\/02\/29.webp\",\"width\":578,\"height\":600},{\"@type\":\"BreadcrumbList\",\"@id\":\"https:\/\/matildoslituanistinemokykla.co.uk\/product\/kake-make-kake-make-groja-dudele\/#breadcrumb\",\"itemListElement\":[{\"@type\":\"ListItem\",\"position\":1,\"name\":\"Home\",\"item\":\"https:\/\/matildoslituanistinemokykla.co.uk\/\"},{\"@type\":\"ListItem\",\"position\":2,\"name\":\"Parduotuv\u0117\",\"item\":\"https:\/\/matildoslituanistinemokykla.co.uk\/parduotuve\/\"},{\"@type\":\"ListItem\",\"position\":3,\"name\":\"KAK\u0116 MAK\u0116. KAK\u0116 MAK\u0116 GROJA D\u016aDELE\"}]},{\"@type\":\"WebSite\",\"@id\":\"https:\/\/matildoslituanistinemokykla.co.uk\/#website\",\"url\":\"https:\/\/matildoslituanistinemokykla.co.uk\/\",\"name\":\"Matildoslituanistinemokykla\",\"description\":\"\",\"publisher\":{\"@id\":\"https:\/\/matildoslituanistinemokykla.co.uk\/#organization\"},\"potentialAction\":[{\"@type\":\"SearchAction\",\"target\":{\"@type\":\"EntryPoint\",\"urlTemplate\":\"https:\/\/matildoslituanistinemokykla.co.uk\/?s={search_term_string}\"},\"query-input\":{\"@type\":\"PropertyValueSpecification\",\"valueRequired\":true,\"valueName\":\"search_term_string\"}}],\"inLanguage\":\"en-GB\"},{\"@type\":\"Organization\",\"@id\":\"https:\/\/matildoslituanistinemokykla.co.uk\/#organization\",\"name\":\"Matildoslituanistinemokykla\",\"url\":\"https:\/\/matildoslituanistinemokykla.co.uk\/\",\"logo\":{\"@type\":\"ImageObject\",\"inLanguage\":\"en-GB\",\"@id\":\"https:\/\/matildoslituanistinemokykla.co.uk\/#\/schema\/logo\/image\/\",\"url\":\"https:\/\/matildoslituanistinemokykla.co.uk\/wp-content\/uploads\/2023\/08\/Matildos-Lituanistine-mokykla_logo_final.png\",\"contentUrl\":\"https:\/\/matildoslituanistinemokykla.co.uk\/wp-content\/uploads\/2023\/08\/Matildos-Lituanistine-mokykla_logo_final.png\",\"width\":1203,\"height\":947,\"caption\":\"Matildoslituanistinemokykla\"},\"image\":{\"@id\":\"https:\/\/matildoslituanistinemokykla.co.uk\/#\/schema\/logo\/image\/\"}}]}<\/script>\n<!-- \/ Yoast SEO plugin. -->","yoast_head_json":{"title":"KAK\u0116 MAK\u0116. KAK\u0116 MAK\u0116 GROJA D\u016aDELE - Matildoslituanistinemokykla","robots":{"index":"index","follow":"follow","max-snippet":"max-snippet:-1","max-image-preview":"max-image-preview:large","max-video-preview":"max-video-preview:-1"},"canonical":"https:\/\/matildoslituanistinemokykla.co.uk\/en\/product\/kake-make-kake-make-groja-dudele\/","og_locale":"en_GB","og_type":"article","og_title":"KAK\u0116 MAK\u0116. KAK\u0116 MAK\u0116 GROJA D\u016aDELE - Matildoslituanistinemokykla","og_description":"Lina \u017dutaut\u0117 APIE KNYG\u0104 Pirmyn \u012f muzikin\u0119 kelion\u0119 po mi\u0161kus ir pievas su Kake Make ir jos d\u016bdele!  &nbsp;  &nbsp;   Net 10 skirting\u0173 gyv\u016bn\u0117li\u0173 ir muzikos instrument\u0173 gars\u0173.  Interaktyvi, vaikus \u012f skaitymo ritual\u0105 \u012ftraukianti knyga.  Patogus knygel\u0117s formatas, pritaikytas vartyti net patiems ma\u017eiausiems.  Iliustratyvi knygos istorija moko nepasiduoti ir daryti tai, ko \u0161irdis geid\u017eia!  &nbsp;  &nbsp;  Pirma Kak\u0117s Mak\u0117s gars\u0173 knyga \u2013 visiems ma\u017eiausiems ir geriausiems jos draugams! I\u0161 viso knygel\u0117je yra 10 skirting\u0173 gyv\u016bn\u0117li\u0173 arba muzikos instrument\u0173 gars\u0173. Visi garso \u012fra\u0161ai \u2013 auk\u0161\u010diausios kokyb\u0117s, kad muzika teikt\u0173 malonum\u0105 ir d\u017eiaugsm\u0105 tiek ma\u017e\u0173j\u0173, tiek t\u0117veli\u0173 ausyt\u0117ms.  &nbsp;  &nbsp;  Tai interaktyvi ir vaikus \u012ftraukianti knyga su tekste \u012fterptomis iliustracijomis, nurodan\u010diomis, kok\u012f mygtuk\u0105 kuriuo metu vaikui reikia paspausti, kad i\u0161girst\u0173 gars\u0105.  &nbsp;  &nbsp;  Knygel\u0117 didelio formato, o\u00a0 vir\u0161elis ir puslapiai pagaminti i\u0161 storo kartono, tad ma\u017eiesiems patogu patiems j\u0105 vartyti. Knygel\u0117s nugar\u0117l\u0117je yra mygtukas, kuriuo prireikus gal\u0117site \u012fjungti ir i\u0161jungti garsus.  &nbsp;  &nbsp;  Rekomenduojama vaikams nuo 3 met\u0173.","og_url":"https:\/\/matildoslituanistinemokykla.co.uk\/en\/product\/kake-make-kake-make-groja-dudele\/","og_site_name":"Matildoslituanistinemokykla","article_modified_time":"2025-03-14T09:46:53+00:00","og_image":[{"width":578,"height":600,"url":"https:\/\/matildoslituanistinemokykla.co.uk\/wp-content\/uploads\/2024\/02\/29.webp","type":"image\/webp"}],"twitter_card":"summary_large_image","twitter_misc":{"Estimated reading time":"1 minute"},"schema":{"@context":"https:\/\/schema.org","@graph":[{"@type":"WebPage","@id":"https:\/\/matildoslituanistinemokykla.co.uk\/product\/kake-make-kake-make-groja-dudele\/","url":"https:\/\/matildoslituanistinemokykla.co.uk\/product\/kake-make-kake-make-groja-dudele\/","name":"KAK\u0116 MAK\u0116. KAK\u0116 MAK\u0116 GROJA D\u016aDELE - Matildoslituanistinemokykla","isPartOf":{"@id":"https:\/\/matildoslituanistinemokykla.co.uk\/#website"},"primaryImageOfPage":{"@id":"https:\/\/matildoslituanistinemokykla.co.uk\/product\/kake-make-kake-make-groja-dudele\/#primaryimage"},"image":{"@id":"https:\/\/matildoslituanistinemokykla.co.uk\/product\/kake-make-kake-make-groja-dudele\/#primaryimage"},"thumbnailUrl":"https:\/\/matildoslituanistinemokykla.co.uk\/wp-content\/uploads\/2024\/02\/29.webp","datePublished":"2024-02-06T22:13:35+00:00","dateModified":"2025-03-14T09:46:53+00:00","breadcrumb":{"@id":"https:\/\/matildoslituanistinemokykla.co.uk\/product\/kake-make-kake-make-groja-dudele\/#breadcrumb"},"inLanguage":"en-GB","potentialAction":[{"@type":"ReadAction","target":["https:\/\/matildoslituanistinemokykla.co.uk\/product\/kake-make-kake-make-groja-dudele\/"]}]},{"@type":"ImageObject","inLanguage":"en-GB","@id":"https:\/\/matildoslituanistinemokykla.co.uk\/product\/kake-make-kake-make-groja-dudele\/#primaryimage","url":"https:\/\/matildoslituanistinemokykla.co.uk\/wp-content\/uploads\/2024\/02\/29.webp","contentUrl":"https:\/\/matildoslituanistinemokykla.co.uk\/wp-content\/uploads\/2024\/02\/29.webp","width":578,"height":600},{"@type":"BreadcrumbList","@id":"https:\/\/matildoslituanistinemokykla.co.uk\/product\/kake-make-kake-make-groja-dudele\/#breadcrumb","itemListElement":[{"@type":"ListItem","position":1,"name":"Home","item":"https:\/\/matildoslituanistinemokykla.co.uk\/"},{"@type":"ListItem","position":2,"name":"Parduotuv\u0117","item":"https:\/\/matildoslituanistinemokykla.co.uk\/parduotuve\/"},{"@type":"ListItem","position":3,"name":"KAK\u0116 MAK\u0116. KAK\u0116 MAK\u0116 GROJA D\u016aDELE"}]},{"@type":"WebSite","@id":"https:\/\/matildoslituanistinemokykla.co.uk\/#website","url":"https:\/\/matildoslituanistinemokykla.co.uk\/","name":"Matildoslituanistinemokykla","description":"","publisher":{"@id":"https:\/\/matildoslituanistinemokykla.co.uk\/#organization"},"potentialAction":[{"@type":"SearchAction","target":{"@type":"EntryPoint","urlTemplate":"https:\/\/matildoslituanistinemokykla.co.uk\/?s={search_term_string}"},"query-input":{"@type":"PropertyValueSpecification","valueRequired":true,"valueName":"search_term_string"}}],"inLanguage":"en-GB"},{"@type":"Organization","@id":"https:\/\/matildoslituanistinemokykla.co.uk\/#organization","name":"Matildoslituanistinemokykla","url":"https:\/\/matildoslituanistinemokykla.co.uk\/","logo":{"@type":"ImageObject","inLanguage":"en-GB","@id":"https:\/\/matildoslituanistinemokykla.co.uk\/#\/schema\/logo\/image\/","url":"https:\/\/matildoslituanistinemokykla.co.uk\/wp-content\/uploads\/2023\/08\/Matildos-Lituanistine-mokykla_logo_final.png","contentUrl":"https:\/\/matildoslituanistinemokykla.co.uk\/wp-content\/uploads\/2023\/08\/Matildos-Lituanistine-mokykla_logo_final.png","width":1203,"height":947,"caption":"Matildoslituanistinemokykla"},"image":{"@id":"https:\/\/matildoslituanistinemokykla.co.uk\/#\/schema\/logo\/image\/"}}]}},"_links":{"self":[{"href":"https:\/\/matildoslituanistinemokykla.co.uk\/en\/wp-json\/wp\/v2\/product\/989515","targetHints":{"allow":["GET"]}}],"collection":[{"href":"https:\/\/matildoslituanistinemokykla.co.uk\/en\/wp-json\/wp\/v2\/product"}],"about":[{"href":"https:\/\/matildoslituanistinemokykla.co.uk\/en\/wp-json\/wp\/v2\/types\/product"}],"replies":[{"embeddable":true,"href":"https:\/\/matildoslituanistinemokykla.co.uk\/en\/wp-json\/wp\/v2\/comments?post=989515"}],"wp:featuredmedia":[{"embeddable":true,"href":"https:\/\/matildoslituanistinemokykla.co.uk\/en\/wp-json\/wp\/v2\/media\/989516"}],"wp:attachment":[{"href":"https:\/\/matildoslituanistinemokykla.co.uk\/en\/wp-json\/wp\/v2\/media?parent=989515"}],"wp:term":[{"taxonomy":"product_brand","embeddable":true,"href":"https:\/\/matildoslituanistinemokykla.co.uk\/en\/wp-json\/wp\/v2\/product_brand?post=989515"},{"taxonomy":"product_cat","embeddable":true,"href":"https:\/\/matildoslituanistinemokykla.co.uk\/en\/wp-json\/wp\/v2\/product_cat?post=989515"},{"taxonomy":"product_tag","embeddable":true,"href":"https:\/\/matildoslituanistinemokykla.co.uk\/en\/wp-json\/wp\/v2\/product_tag?post=989515"}],"curies":[{"name":"wp","href":"https:\/\/api.w.org\/{rel}","templated":true}]}}