{"id":989519,"date":"2024-02-06T22:16:20","date_gmt":"2024-02-06T22:16:20","guid":{"rendered":"https:\/\/matildoslituanistinemokykla.co.uk\/?post_type=product&#038;p=989519"},"modified":"2025-03-14T09:45:49","modified_gmt":"2025-03-14T09:45:49","slug":"kake-make-emociju-ir-jausmu-pazinimo-korteles","status":"publish","type":"product","link":"https:\/\/matildoslituanistinemokykla.co.uk\/en\/product\/kake-make-emociju-ir-jausmu-pazinimo-korteles\/","title":{"rendered":"KAKE MAKE. EMOTIONS AND FEELINGS COGNITION CARDS"},"content":{"rendered":"","protected":false},"excerpt":{"rendered":"<h2 class=\"product-full-width__description-title h1\">ABOUT THE KNIGHTS<\/h2>\n<div class=\"product-full-width__description-text\">\n<p>For children from 4 years and the whole family<\/p>\n<p>- Learn the names of feelings.<\/p>\n<p>- Find out how to express it properly.<\/p>\n<p>- Play and interact.<\/p>\n<p>Here are \"Poppy's Poppy\" emotion and feeling cards for the whole family. With these cards, you will be more courageous on your journey of discovering your inner world. The cards will help you to find the right ways to express what you feel, to share your thoughts, feelings and experiences and to strengthen your relationships.<\/p>\n<p>In the set you will find:<\/p>\n<p>- 20 feeling and emotion cards. Short, child-friendly descriptions of feelings and emotions will help you understand emotions.<\/p>\n<p>- 20 question cards. They will help you to start a conversation with your child and together find answers to questions that are not always easy or comfortable.<\/p>\n<p>- 10 activity cards. They will offer fun ways to playfully express pleasant and unpleasant emotions and feelings.<\/p>\n<p>\"These cards are important signposts pointing the way in the interesting and sometimes confusing world of feelings and emotions. They will help you understand what is happening to you and find the best ways to express it.\"<\/p>\n<p>Psychologist Asta Bland\u0117<\/p>\n<\/div>","protected":false},"featured_media":989520,"comment_status":"open","ping_status":"closed","template":"","meta":[],"product_brand":[],"product_cat":[69,68,70],"product_tag":[],"class_list":{"0":"post-989519","1":"product","2":"type-product","3":"status-publish","4":"has-post-thumbnail","6":"product_cat-kakes-makes-zaidimai","7":"product_cat-knygos","8":"product_cat-visos-prekes","10":"first","11":"outofstock","12":"sale","13":"shipping-taxable","14":"purchasable","15":"product-type-simple"},"yoast_head":"<!-- This site is optimized with the Yoast SEO plugin v25.8 - https:\/\/yoast.com\/wordpress\/plugins\/seo\/ -->\n<title>KAK\u0116 MAK\u0116. EMOCIJ\u0172 IR JAUSM\u0172 PA\u017dINIMO KORTEL\u0116S - Matildoslituanistinemokykla<\/title>\n<meta name=\"robots\" content=\"index, follow, max-snippet:-1, max-image-preview:large, max-video-preview:-1\" \/>\n<link rel=\"canonical\" href=\"https:\/\/matildoslituanistinemokykla.co.uk\/en\/product\/kake-make-emociju-ir-jausmu-pazinimo-korteles\/\" \/>\n<meta property=\"og:locale\" content=\"en_GB\" \/>\n<meta property=\"og:type\" content=\"article\" \/>\n<meta property=\"og:title\" content=\"KAK\u0116 MAK\u0116. EMOCIJ\u0172 IR JAUSM\u0172 PA\u017dINIMO KORTEL\u0116S - Matildoslituanistinemokykla\" \/>\n<meta property=\"og:description\" content=\"APIE KNYG\u0104   Vaikams nuo 4 met\u0173 ir visai \u0161eimai  \u2022 I\u0161mok jausm\u0173 pavadinimus.  \u2022 Su\u017einok, kaip tinkamai juo i\u0161reik\u0161ti.  \u2022 \u017daisk ir bendrauk.  Tavo rankose \u201eKak\u0117s Mak\u0117s\u201c emocij\u0173 ir jausm\u0173 kortel\u0117s visai \u0161eimai. Su \u0161iomis kortel\u0117mis bus dr\u0105siau keliauti savo vidinio pasaulio pa\u017einimo kelion\u0117je. Kortel\u0117s pad\u0117s atrasti tinkamus b\u016bdus i\u0161reik\u0161ti tai, k\u0105 jauti, dalintis mintimis, jausmais bei i\u0161gyvenimais ir sustiprinti tarpusavio santykius.  Rinkinyje rasi:  \u2022\u00a020 jausm\u0173 ir emocij\u0173 korteli\u0173.\u00a0Trumpi, vaikui suprantami jausm\u0173 ir emocij\u0173 apib\u016bdinimai pad\u0117s suprasti emocijas.  \u2022\u00a020 klausim\u0173 korteli\u0173.\u00a0Jos pad\u0117s prad\u0117ti pokalb\u012f su savo vaiku ir kartu ie\u0161koti atsakym\u0173 \u012f ne visada paprastus ir patogius klausimus.  \u2022\u00a010 veiklos korteli\u0173. Jos pasi\u016blys \u012fdomi\u0173 b\u016bd\u0173, kaip \u017eaismingai i\u0161reik\u0161ti malonias ir nemalonias emocijas bei jausmus.  \u201e\u0160ios kortel\u0117s \u2013 tai svarb\u016bs kelio \u017eenklai, rodantys krypt\u012f \u012fdomiame ir kartais painiame jausm\u0173 ir emocij\u0173 pasaulyje. Jos pad\u0117s suprasti, kas su tavimi vyksta, ir surasti geriausius b\u016bdus tai i\u0161reik\u0161ti.\u201c  Psicholog\u0117 Asta Bland\u0117\" \/>\n<meta property=\"og:url\" content=\"https:\/\/matildoslituanistinemokykla.co.uk\/en\/product\/kake-make-emociju-ir-jausmu-pazinimo-korteles\/\" \/>\n<meta property=\"og:site_name\" content=\"Matildoslituanistinemokykla\" \/>\n<meta property=\"article:modified_time\" content=\"2025-03-14T09:45:49+00:00\" \/>\n<meta property=\"og:image\" content=\"https:\/\/matildoslituanistinemokykla.co.uk\/wp-content\/uploads\/2024\/02\/30.1.webp\" \/>\n\t<meta property=\"og:image:width\" content=\"450\" \/>\n\t<meta property=\"og:image:height\" content=\"600\" \/>\n\t<meta property=\"og:image:type\" content=\"image\/webp\" \/>\n<meta name=\"twitter:card\" content=\"summary_large_image\" \/>\n<meta name=\"twitter:label1\" content=\"Estimated reading time\" \/>\n\t<meta name=\"twitter:data1\" content=\"1 minute\" \/>\n<script type=\"application\/ld+json\" class=\"yoast-schema-graph\">{\"@context\":\"https:\/\/schema.org\",\"@graph\":[{\"@type\":\"WebPage\",\"@id\":\"https:\/\/matildoslituanistinemokykla.co.uk\/product\/kake-make-emociju-ir-jausmu-pazinimo-korteles\/\",\"url\":\"https:\/\/matildoslituanistinemokykla.co.uk\/product\/kake-make-emociju-ir-jausmu-pazinimo-korteles\/\",\"name\":\"KAK\u0116 MAK\u0116. EMOCIJ\u0172 IR JAUSM\u0172 PA\u017dINIMO KORTEL\u0116S - Matildoslituanistinemokykla\",\"isPartOf\":{\"@id\":\"https:\/\/matildoslituanistinemokykla.co.uk\/#website\"},\"primaryImageOfPage\":{\"@id\":\"https:\/\/matildoslituanistinemokykla.co.uk\/product\/kake-make-emociju-ir-jausmu-pazinimo-korteles\/#primaryimage\"},\"image\":{\"@id\":\"https:\/\/matildoslituanistinemokykla.co.uk\/product\/kake-make-emociju-ir-jausmu-pazinimo-korteles\/#primaryimage\"},\"thumbnailUrl\":\"https:\/\/matildoslituanistinemokykla.co.uk\/wp-content\/uploads\/2024\/02\/30.1.webp\",\"datePublished\":\"2024-02-06T22:16:20+00:00\",\"dateModified\":\"2025-03-14T09:45:49+00:00\",\"breadcrumb\":{\"@id\":\"https:\/\/matildoslituanistinemokykla.co.uk\/product\/kake-make-emociju-ir-jausmu-pazinimo-korteles\/#breadcrumb\"},\"inLanguage\":\"en-GB\",\"potentialAction\":[{\"@type\":\"ReadAction\",\"target\":[\"https:\/\/matildoslituanistinemokykla.co.uk\/product\/kake-make-emociju-ir-jausmu-pazinimo-korteles\/\"]}]},{\"@type\":\"ImageObject\",\"inLanguage\":\"en-GB\",\"@id\":\"https:\/\/matildoslituanistinemokykla.co.uk\/product\/kake-make-emociju-ir-jausmu-pazinimo-korteles\/#primaryimage\",\"url\":\"https:\/\/matildoslituanistinemokykla.co.uk\/wp-content\/uploads\/2024\/02\/30.1.webp\",\"contentUrl\":\"https:\/\/matildoslituanistinemokykla.co.uk\/wp-content\/uploads\/2024\/02\/30.1.webp\",\"width\":450,\"height\":600},{\"@type\":\"BreadcrumbList\",\"@id\":\"https:\/\/matildoslituanistinemokykla.co.uk\/product\/kake-make-emociju-ir-jausmu-pazinimo-korteles\/#breadcrumb\",\"itemListElement\":[{\"@type\":\"ListItem\",\"position\":1,\"name\":\"Home\",\"item\":\"https:\/\/matildoslituanistinemokykla.co.uk\/\"},{\"@type\":\"ListItem\",\"position\":2,\"name\":\"Parduotuv\u0117\",\"item\":\"https:\/\/matildoslituanistinemokykla.co.uk\/parduotuve\/\"},{\"@type\":\"ListItem\",\"position\":3,\"name\":\"KAK\u0116 MAK\u0116. EMOCIJ\u0172 IR JAUSM\u0172 PA\u017dINIMO KORTEL\u0116S\"}]},{\"@type\":\"WebSite\",\"@id\":\"https:\/\/matildoslituanistinemokykla.co.uk\/#website\",\"url\":\"https:\/\/matildoslituanistinemokykla.co.uk\/\",\"name\":\"Matildoslituanistinemokykla\",\"description\":\"\",\"publisher\":{\"@id\":\"https:\/\/matildoslituanistinemokykla.co.uk\/#organization\"},\"potentialAction\":[{\"@type\":\"SearchAction\",\"target\":{\"@type\":\"EntryPoint\",\"urlTemplate\":\"https:\/\/matildoslituanistinemokykla.co.uk\/?s={search_term_string}\"},\"query-input\":{\"@type\":\"PropertyValueSpecification\",\"valueRequired\":true,\"valueName\":\"search_term_string\"}}],\"inLanguage\":\"en-GB\"},{\"@type\":\"Organization\",\"@id\":\"https:\/\/matildoslituanistinemokykla.co.uk\/#organization\",\"name\":\"Matildoslituanistinemokykla\",\"url\":\"https:\/\/matildoslituanistinemokykla.co.uk\/\",\"logo\":{\"@type\":\"ImageObject\",\"inLanguage\":\"en-GB\",\"@id\":\"https:\/\/matildoslituanistinemokykla.co.uk\/#\/schema\/logo\/image\/\",\"url\":\"https:\/\/matildoslituanistinemokykla.co.uk\/wp-content\/uploads\/2023\/08\/Matildos-Lituanistine-mokykla_logo_final.png\",\"contentUrl\":\"https:\/\/matildoslituanistinemokykla.co.uk\/wp-content\/uploads\/2023\/08\/Matildos-Lituanistine-mokykla_logo_final.png\",\"width\":1203,\"height\":947,\"caption\":\"Matildoslituanistinemokykla\"},\"image\":{\"@id\":\"https:\/\/matildoslituanistinemokykla.co.uk\/#\/schema\/logo\/image\/\"}}]}<\/script>\n<!-- \/ Yoast SEO plugin. -->","yoast_head_json":{"title":"KAK\u0116 MAK\u0116. EMOCIJ\u0172 IR JAUSM\u0172 PA\u017dINIMO KORTEL\u0116S - Matildoslituanistinemokykla","robots":{"index":"index","follow":"follow","max-snippet":"max-snippet:-1","max-image-preview":"max-image-preview:large","max-video-preview":"max-video-preview:-1"},"canonical":"https:\/\/matildoslituanistinemokykla.co.uk\/en\/product\/kake-make-emociju-ir-jausmu-pazinimo-korteles\/","og_locale":"en_GB","og_type":"article","og_title":"KAK\u0116 MAK\u0116. EMOCIJ\u0172 IR JAUSM\u0172 PA\u017dINIMO KORTEL\u0116S - Matildoslituanistinemokykla","og_description":"APIE KNYG\u0104   Vaikams nuo 4 met\u0173 ir visai \u0161eimai  \u2022 I\u0161mok jausm\u0173 pavadinimus.  \u2022 Su\u017einok, kaip tinkamai juo i\u0161reik\u0161ti.  \u2022 \u017daisk ir bendrauk.  Tavo rankose \u201eKak\u0117s Mak\u0117s\u201c emocij\u0173 ir jausm\u0173 kortel\u0117s visai \u0161eimai. Su \u0161iomis kortel\u0117mis bus dr\u0105siau keliauti savo vidinio pasaulio pa\u017einimo kelion\u0117je. Kortel\u0117s pad\u0117s atrasti tinkamus b\u016bdus i\u0161reik\u0161ti tai, k\u0105 jauti, dalintis mintimis, jausmais bei i\u0161gyvenimais ir sustiprinti tarpusavio santykius.  Rinkinyje rasi:  \u2022\u00a020 jausm\u0173 ir emocij\u0173 korteli\u0173.\u00a0Trumpi, vaikui suprantami jausm\u0173 ir emocij\u0173 apib\u016bdinimai pad\u0117s suprasti emocijas.  \u2022\u00a020 klausim\u0173 korteli\u0173.\u00a0Jos pad\u0117s prad\u0117ti pokalb\u012f su savo vaiku ir kartu ie\u0161koti atsakym\u0173 \u012f ne visada paprastus ir patogius klausimus.  \u2022\u00a010 veiklos korteli\u0173. Jos pasi\u016blys \u012fdomi\u0173 b\u016bd\u0173, kaip \u017eaismingai i\u0161reik\u0161ti malonias ir nemalonias emocijas bei jausmus.  \u201e\u0160ios kortel\u0117s \u2013 tai svarb\u016bs kelio \u017eenklai, rodantys krypt\u012f \u012fdomiame ir kartais painiame jausm\u0173 ir emocij\u0173 pasaulyje. Jos pad\u0117s suprasti, kas su tavimi vyksta, ir surasti geriausius b\u016bdus tai i\u0161reik\u0161ti.\u201c  Psicholog\u0117 Asta Bland\u0117","og_url":"https:\/\/matildoslituanistinemokykla.co.uk\/en\/product\/kake-make-emociju-ir-jausmu-pazinimo-korteles\/","og_site_name":"Matildoslituanistinemokykla","article_modified_time":"2025-03-14T09:45:49+00:00","og_image":[{"width":450,"height":600,"url":"https:\/\/matildoslituanistinemokykla.co.uk\/wp-content\/uploads\/2024\/02\/30.1.webp","type":"image\/webp"}],"twitter_card":"summary_large_image","twitter_misc":{"Estimated reading time":"1 minute"},"schema":{"@context":"https:\/\/schema.org","@graph":[{"@type":"WebPage","@id":"https:\/\/matildoslituanistinemokykla.co.uk\/product\/kake-make-emociju-ir-jausmu-pazinimo-korteles\/","url":"https:\/\/matildoslituanistinemokykla.co.uk\/product\/kake-make-emociju-ir-jausmu-pazinimo-korteles\/","name":"KAK\u0116 MAK\u0116. EMOCIJ\u0172 IR JAUSM\u0172 PA\u017dINIMO KORTEL\u0116S - Matildoslituanistinemokykla","isPartOf":{"@id":"https:\/\/matildoslituanistinemokykla.co.uk\/#website"},"primaryImageOfPage":{"@id":"https:\/\/matildoslituanistinemokykla.co.uk\/product\/kake-make-emociju-ir-jausmu-pazinimo-korteles\/#primaryimage"},"image":{"@id":"https:\/\/matildoslituanistinemokykla.co.uk\/product\/kake-make-emociju-ir-jausmu-pazinimo-korteles\/#primaryimage"},"thumbnailUrl":"https:\/\/matildoslituanistinemokykla.co.uk\/wp-content\/uploads\/2024\/02\/30.1.webp","datePublished":"2024-02-06T22:16:20+00:00","dateModified":"2025-03-14T09:45:49+00:00","breadcrumb":{"@id":"https:\/\/matildoslituanistinemokykla.co.uk\/product\/kake-make-emociju-ir-jausmu-pazinimo-korteles\/#breadcrumb"},"inLanguage":"en-GB","potentialAction":[{"@type":"ReadAction","target":["https:\/\/matildoslituanistinemokykla.co.uk\/product\/kake-make-emociju-ir-jausmu-pazinimo-korteles\/"]}]},{"@type":"ImageObject","inLanguage":"en-GB","@id":"https:\/\/matildoslituanistinemokykla.co.uk\/product\/kake-make-emociju-ir-jausmu-pazinimo-korteles\/#primaryimage","url":"https:\/\/matildoslituanistinemokykla.co.uk\/wp-content\/uploads\/2024\/02\/30.1.webp","contentUrl":"https:\/\/matildoslituanistinemokykla.co.uk\/wp-content\/uploads\/2024\/02\/30.1.webp","width":450,"height":600},{"@type":"BreadcrumbList","@id":"https:\/\/matildoslituanistinemokykla.co.uk\/product\/kake-make-emociju-ir-jausmu-pazinimo-korteles\/#breadcrumb","itemListElement":[{"@type":"ListItem","position":1,"name":"Home","item":"https:\/\/matildoslituanistinemokykla.co.uk\/"},{"@type":"ListItem","position":2,"name":"Parduotuv\u0117","item":"https:\/\/matildoslituanistinemokykla.co.uk\/parduotuve\/"},{"@type":"ListItem","position":3,"name":"KAK\u0116 MAK\u0116. EMOCIJ\u0172 IR JAUSM\u0172 PA\u017dINIMO KORTEL\u0116S"}]},{"@type":"WebSite","@id":"https:\/\/matildoslituanistinemokykla.co.uk\/#website","url":"https:\/\/matildoslituanistinemokykla.co.uk\/","name":"Matildoslituanistinemokykla","description":"","publisher":{"@id":"https:\/\/matildoslituanistinemokykla.co.uk\/#organization"},"potentialAction":[{"@type":"SearchAction","target":{"@type":"EntryPoint","urlTemplate":"https:\/\/matildoslituanistinemokykla.co.uk\/?s={search_term_string}"},"query-input":{"@type":"PropertyValueSpecification","valueRequired":true,"valueName":"search_term_string"}}],"inLanguage":"en-GB"},{"@type":"Organization","@id":"https:\/\/matildoslituanistinemokykla.co.uk\/#organization","name":"Matildoslituanistinemokykla","url":"https:\/\/matildoslituanistinemokykla.co.uk\/","logo":{"@type":"ImageObject","inLanguage":"en-GB","@id":"https:\/\/matildoslituanistinemokykla.co.uk\/#\/schema\/logo\/image\/","url":"https:\/\/matildoslituanistinemokykla.co.uk\/wp-content\/uploads\/2023\/08\/Matildos-Lituanistine-mokykla_logo_final.png","contentUrl":"https:\/\/matildoslituanistinemokykla.co.uk\/wp-content\/uploads\/2023\/08\/Matildos-Lituanistine-mokykla_logo_final.png","width":1203,"height":947,"caption":"Matildoslituanistinemokykla"},"image":{"@id":"https:\/\/matildoslituanistinemokykla.co.uk\/#\/schema\/logo\/image\/"}}]}},"_links":{"self":[{"href":"https:\/\/matildoslituanistinemokykla.co.uk\/en\/wp-json\/wp\/v2\/product\/989519","targetHints":{"allow":["GET"]}}],"collection":[{"href":"https:\/\/matildoslituanistinemokykla.co.uk\/en\/wp-json\/wp\/v2\/product"}],"about":[{"href":"https:\/\/matildoslituanistinemokykla.co.uk\/en\/wp-json\/wp\/v2\/types\/product"}],"replies":[{"embeddable":true,"href":"https:\/\/matildoslituanistinemokykla.co.uk\/en\/wp-json\/wp\/v2\/comments?post=989519"}],"wp:featuredmedia":[{"embeddable":true,"href":"https:\/\/matildoslituanistinemokykla.co.uk\/en\/wp-json\/wp\/v2\/media\/989520"}],"wp:attachment":[{"href":"https:\/\/matildoslituanistinemokykla.co.uk\/en\/wp-json\/wp\/v2\/media?parent=989519"}],"wp:term":[{"taxonomy":"product_brand","embeddable":true,"href":"https:\/\/matildoslituanistinemokykla.co.uk\/en\/wp-json\/wp\/v2\/product_brand?post=989519"},{"taxonomy":"product_cat","embeddable":true,"href":"https:\/\/matildoslituanistinemokykla.co.uk\/en\/wp-json\/wp\/v2\/product_cat?post=989519"},{"taxonomy":"product_tag","embeddable":true,"href":"https:\/\/matildoslituanistinemokykla.co.uk\/en\/wp-json\/wp\/v2\/product_tag?post=989519"}],"curies":[{"name":"wp","href":"https:\/\/api.w.org\/{rel}","templated":true}]}}