{"id":989523,"date":"2024-02-06T22:18:47","date_gmt":"2024-02-06T22:18:47","guid":{"rendered":"https:\/\/matildoslituanistinemokykla.co.uk\/?post_type=product&#038;p=989523"},"modified":"2025-05-09T10:17:02","modified_gmt":"2025-05-09T10:17:02","slug":"kake-make-daugiau-nei-25-kurybines-idejos-is-panaudotu-daiktu","status":"publish","type":"product","link":"https:\/\/matildoslituanistinemokykla.co.uk\/en\/product\/kake-make-daugiau-nei-25-kurybines-idejos-is-panaudotu-daiktu\/","title":{"rendered":"KAKE MAKE. MORE THAN 25 CREATIVE IDEAS FROM SECOND-HAND OBJECTS"},"content":{"rendered":"","protected":false},"excerpt":{"rendered":"<h2 style=\"font-weight: 400;\">ABOUT THE KNIGHTS<\/h2>\n<p>Garbage for some, treasure for Kakei Makei! In this book, Winnie-the-Pooh and her friends show you how to make lots of fun things out of second-hand things<b>\u00a0toys, games and decorations!<\/b><\/p>\n<p>&nbsp;<\/p>\n<p>&nbsp;<\/p>\n<p>Make an inflatable rocket or dancing aliens, a luxurious insect hotel, funny \"hairstyle\" nurseries, a hungry saver and even a portable pirate ship!<\/p>\n<p>&nbsp;<\/p>\n<p>&nbsp;<\/p>\n<p>Why buy a new toy with lots of plastic packaging when you can make better ones yourself? In this book, Winnie the Pooh offers\u00a0<b>more than 25 fun creative ideas<\/b>how to make new from old and be more environmentally friendly. We invite you to have fun and make something:<\/p>\n<ul>\n<li>Katya Maki toys and games<\/li>\n<li>Eco-monster creations<\/li>\n<li>Clutter Dwarf decorations<\/li>\n<li>Quick things to do in a hurry<\/li>\n<li>Great things for the patient<\/li>\n<\/ul>\n<p>&nbsp;<\/p>\n<p>&nbsp;<\/p>\n<p><b>\"Winnie the Pooh. More than 25 creative ideas from second-hand objects\":<\/b><\/p>\n<ul>\n<li>Develops fine motor skills<\/li>\n<li>Teaches you to focus<\/li>\n<li>Develops the imagination<\/li>\n<li>Teaching nature conservation<\/li>\n<\/ul>\n<p>&nbsp;<\/p>\n<p>Recommended for children aged 5-8<\/p>","protected":false},"featured_media":989524,"comment_status":"open","ping_status":"closed","template":"","meta":[],"product_brand":[],"product_cat":[68,70],"product_tag":[],"class_list":{"0":"post-989523","1":"product","2":"type-product","3":"status-publish","4":"has-post-thumbnail","6":"product_cat-knygos","7":"product_cat-visos-prekes","9":"first","10":"outofstock","11":"sale","12":"shipping-taxable","13":"purchasable","14":"product-type-simple"},"yoast_head":"<!-- This site is optimized with the Yoast SEO plugin v25.8 - https:\/\/yoast.com\/wordpress\/plugins\/seo\/ -->\n<title>KAK\u0116 MAK\u0116. DAUGIAU NEI 25 K\u016aRYBIN\u0116S ID\u0116JOS I\u0160 PANAUDOT\u0172 DAIKT\u0172 - Matildoslituanistinemokykla<\/title>\n<meta name=\"robots\" content=\"index, follow, max-snippet:-1, max-image-preview:large, max-video-preview:-1\" \/>\n<link rel=\"canonical\" href=\"https:\/\/matildoslituanistinemokykla.co.uk\/en\/product\/kake-make-daugiau-nei-25-kurybines-idejos-is-panaudotu-daiktu\/\" \/>\n<meta property=\"og:locale\" content=\"en_GB\" \/>\n<meta property=\"og:type\" content=\"article\" \/>\n<meta property=\"og:title\" content=\"KAK\u0116 MAK\u0116. DAUGIAU NEI 25 K\u016aRYBIN\u0116S ID\u0116JOS I\u0160 PANAUDOT\u0172 DAIKT\u0172 - Matildoslituanistinemokykla\" \/>\n<meta property=\"og:description\" content=\"APIE KNYG\u0104 Vieniems\u00a0\u2013 \u0161iuk\u0161l\u0117s, o Kakei Makei\u00a0\u2013 lobis! \u0160ioje knygoje Kak\u0117 Mak\u0117 ir jos draugai parodys, kaip i\u0161 panaudot\u0173 daikt\u0173 pasidaryti daugyb\u0119 \u012fdomi\u0173\u00a0\u017eaisl\u0173, \u017eaidim\u0173 ir dekoracij\u0173!  &nbsp;  &nbsp;  Pasigaminkite pripu\u010diam\u0105 raket\u0105 ar \u0161okan\u010dius ateivius, prabang\u0173 vabzd\u017ei\u0173 vie\u0161but\u012f, juokingas \u201e\u0161ukuosen\u0173\u201c daigykles, alkan\u0105 taupykl\u0119 ir net ne\u0161iojam\u0105j\u012f pirat\u0173 laiv\u0105!  &nbsp;  &nbsp;  Kam pirkti nauj\u0105 \u017eaisl\u0105 su daugybe plastikini\u0173 pakuo\u010di\u0173, jei patiems galima pasigaminti geresni\u0173?\u00a0\u0160ioje knygoje Kak\u0117 Mak\u0117 si\u016blo\u00a0daugiau nei 25 smagias k\u016brybines id\u0117jas, kaip susikurti nauj\u0105 i\u0161 seno ir taip b\u016bti draugi\u0161kesniems aplinkai. Kvie\u010diame smagiai praleisti laik\u0105 ir pasigaminti:   Kak\u0117s Mak\u0117s \u017eaisl\u0173 ir \u017eaidim\u0173  Ekologi\u0161k\u0173 monstr\u0173 darbeli\u0173  Netvarkos nyk\u0161tuko dekoracij\u0173  Greit\u0173 darbeli\u0173 skubantiems  Dideli\u0173 darbeli\u0173 kantriems  &nbsp;  &nbsp;  \u201eKak\u0117 Mak\u0117. Daugiau nei 25 k\u016brybin\u0117s id\u0117jos i\u0161 panaudot\u0173 daikt\u0173\u201c:   Lavina smulki\u0105j\u0105 motorik\u0105  Moko sutelkti d\u0117mes\u012f  Ugdo vaizduot\u0119  Moko tausoti gamt\u0105  &nbsp;  Rekomenduojama 5\u20138 met\u0173 vaikams\" \/>\n<meta property=\"og:url\" content=\"https:\/\/matildoslituanistinemokykla.co.uk\/en\/product\/kake-make-daugiau-nei-25-kurybines-idejos-is-panaudotu-daiktu\/\" \/>\n<meta property=\"og:site_name\" content=\"Matildoslituanistinemokykla\" \/>\n<meta property=\"article:modified_time\" content=\"2025-05-09T10:17:02+00:00\" \/>\n<meta property=\"og:image\" content=\"https:\/\/matildoslituanistinemokykla.co.uk\/wp-content\/uploads\/2024\/02\/31.1.webp\" \/>\n\t<meta property=\"og:image:width\" content=\"478\" \/>\n\t<meta property=\"og:image:height\" content=\"600\" \/>\n\t<meta property=\"og:image:type\" content=\"image\/webp\" \/>\n<meta name=\"twitter:card\" content=\"summary_large_image\" \/>\n<meta name=\"twitter:label1\" content=\"Estimated reading time\" \/>\n\t<meta name=\"twitter:data1\" content=\"1 minute\" \/>\n<script type=\"application\/ld+json\" class=\"yoast-schema-graph\">{\"@context\":\"https:\/\/schema.org\",\"@graph\":[{\"@type\":\"WebPage\",\"@id\":\"https:\/\/matildoslituanistinemokykla.co.uk\/product\/kake-make-daugiau-nei-25-kurybines-idejos-is-panaudotu-daiktu\/\",\"url\":\"https:\/\/matildoslituanistinemokykla.co.uk\/product\/kake-make-daugiau-nei-25-kurybines-idejos-is-panaudotu-daiktu\/\",\"name\":\"KAK\u0116 MAK\u0116. DAUGIAU NEI 25 K\u016aRYBIN\u0116S ID\u0116JOS I\u0160 PANAUDOT\u0172 DAIKT\u0172 - Matildoslituanistinemokykla\",\"isPartOf\":{\"@id\":\"https:\/\/matildoslituanistinemokykla.co.uk\/#website\"},\"primaryImageOfPage\":{\"@id\":\"https:\/\/matildoslituanistinemokykla.co.uk\/product\/kake-make-daugiau-nei-25-kurybines-idejos-is-panaudotu-daiktu\/#primaryimage\"},\"image\":{\"@id\":\"https:\/\/matildoslituanistinemokykla.co.uk\/product\/kake-make-daugiau-nei-25-kurybines-idejos-is-panaudotu-daiktu\/#primaryimage\"},\"thumbnailUrl\":\"https:\/\/matildoslituanistinemokykla.co.uk\/wp-content\/uploads\/2024\/02\/31.1.webp\",\"datePublished\":\"2024-02-06T22:18:47+00:00\",\"dateModified\":\"2025-05-09T10:17:02+00:00\",\"breadcrumb\":{\"@id\":\"https:\/\/matildoslituanistinemokykla.co.uk\/product\/kake-make-daugiau-nei-25-kurybines-idejos-is-panaudotu-daiktu\/#breadcrumb\"},\"inLanguage\":\"en-GB\",\"potentialAction\":[{\"@type\":\"ReadAction\",\"target\":[\"https:\/\/matildoslituanistinemokykla.co.uk\/product\/kake-make-daugiau-nei-25-kurybines-idejos-is-panaudotu-daiktu\/\"]}]},{\"@type\":\"ImageObject\",\"inLanguage\":\"en-GB\",\"@id\":\"https:\/\/matildoslituanistinemokykla.co.uk\/product\/kake-make-daugiau-nei-25-kurybines-idejos-is-panaudotu-daiktu\/#primaryimage\",\"url\":\"https:\/\/matildoslituanistinemokykla.co.uk\/wp-content\/uploads\/2024\/02\/31.1.webp\",\"contentUrl\":\"https:\/\/matildoslituanistinemokykla.co.uk\/wp-content\/uploads\/2024\/02\/31.1.webp\",\"width\":478,\"height\":600},{\"@type\":\"BreadcrumbList\",\"@id\":\"https:\/\/matildoslituanistinemokykla.co.uk\/product\/kake-make-daugiau-nei-25-kurybines-idejos-is-panaudotu-daiktu\/#breadcrumb\",\"itemListElement\":[{\"@type\":\"ListItem\",\"position\":1,\"name\":\"Home\",\"item\":\"https:\/\/matildoslituanistinemokykla.co.uk\/\"},{\"@type\":\"ListItem\",\"position\":2,\"name\":\"Parduotuv\u0117\",\"item\":\"https:\/\/matildoslituanistinemokykla.co.uk\/parduotuve\/\"},{\"@type\":\"ListItem\",\"position\":3,\"name\":\"KAK\u0116 MAK\u0116. DAUGIAU NEI 25 K\u016aRYBIN\u0116S ID\u0116JOS I\u0160 PANAUDOT\u0172 DAIKT\u0172\"}]},{\"@type\":\"WebSite\",\"@id\":\"https:\/\/matildoslituanistinemokykla.co.uk\/#website\",\"url\":\"https:\/\/matildoslituanistinemokykla.co.uk\/\",\"name\":\"Matildoslituanistinemokykla\",\"description\":\"\",\"publisher\":{\"@id\":\"https:\/\/matildoslituanistinemokykla.co.uk\/#organization\"},\"potentialAction\":[{\"@type\":\"SearchAction\",\"target\":{\"@type\":\"EntryPoint\",\"urlTemplate\":\"https:\/\/matildoslituanistinemokykla.co.uk\/?s={search_term_string}\"},\"query-input\":{\"@type\":\"PropertyValueSpecification\",\"valueRequired\":true,\"valueName\":\"search_term_string\"}}],\"inLanguage\":\"en-GB\"},{\"@type\":\"Organization\",\"@id\":\"https:\/\/matildoslituanistinemokykla.co.uk\/#organization\",\"name\":\"Matildoslituanistinemokykla\",\"url\":\"https:\/\/matildoslituanistinemokykla.co.uk\/\",\"logo\":{\"@type\":\"ImageObject\",\"inLanguage\":\"en-GB\",\"@id\":\"https:\/\/matildoslituanistinemokykla.co.uk\/#\/schema\/logo\/image\/\",\"url\":\"https:\/\/matildoslituanistinemokykla.co.uk\/wp-content\/uploads\/2023\/08\/Matildos-Lituanistine-mokykla_logo_final.png\",\"contentUrl\":\"https:\/\/matildoslituanistinemokykla.co.uk\/wp-content\/uploads\/2023\/08\/Matildos-Lituanistine-mokykla_logo_final.png\",\"width\":1203,\"height\":947,\"caption\":\"Matildoslituanistinemokykla\"},\"image\":{\"@id\":\"https:\/\/matildoslituanistinemokykla.co.uk\/#\/schema\/logo\/image\/\"}}]}<\/script>\n<!-- \/ Yoast SEO plugin. -->","yoast_head_json":{"title":"KAK\u0116 MAK\u0116. DAUGIAU NEI 25 K\u016aRYBIN\u0116S ID\u0116JOS I\u0160 PANAUDOT\u0172 DAIKT\u0172 - Matildoslituanistinemokykla","robots":{"index":"index","follow":"follow","max-snippet":"max-snippet:-1","max-image-preview":"max-image-preview:large","max-video-preview":"max-video-preview:-1"},"canonical":"https:\/\/matildoslituanistinemokykla.co.uk\/en\/product\/kake-make-daugiau-nei-25-kurybines-idejos-is-panaudotu-daiktu\/","og_locale":"en_GB","og_type":"article","og_title":"KAK\u0116 MAK\u0116. DAUGIAU NEI 25 K\u016aRYBIN\u0116S ID\u0116JOS I\u0160 PANAUDOT\u0172 DAIKT\u0172 - Matildoslituanistinemokykla","og_description":"APIE KNYG\u0104 Vieniems\u00a0\u2013 \u0161iuk\u0161l\u0117s, o Kakei Makei\u00a0\u2013 lobis! \u0160ioje knygoje Kak\u0117 Mak\u0117 ir jos draugai parodys, kaip i\u0161 panaudot\u0173 daikt\u0173 pasidaryti daugyb\u0119 \u012fdomi\u0173\u00a0\u017eaisl\u0173, \u017eaidim\u0173 ir dekoracij\u0173!  &nbsp;  &nbsp;  Pasigaminkite pripu\u010diam\u0105 raket\u0105 ar \u0161okan\u010dius ateivius, prabang\u0173 vabzd\u017ei\u0173 vie\u0161but\u012f, juokingas \u201e\u0161ukuosen\u0173\u201c daigykles, alkan\u0105 taupykl\u0119 ir net ne\u0161iojam\u0105j\u012f pirat\u0173 laiv\u0105!  &nbsp;  &nbsp;  Kam pirkti nauj\u0105 \u017eaisl\u0105 su daugybe plastikini\u0173 pakuo\u010di\u0173, jei patiems galima pasigaminti geresni\u0173?\u00a0\u0160ioje knygoje Kak\u0117 Mak\u0117 si\u016blo\u00a0daugiau nei 25 smagias k\u016brybines id\u0117jas, kaip susikurti nauj\u0105 i\u0161 seno ir taip b\u016bti draugi\u0161kesniems aplinkai. Kvie\u010diame smagiai praleisti laik\u0105 ir pasigaminti:   Kak\u0117s Mak\u0117s \u017eaisl\u0173 ir \u017eaidim\u0173  Ekologi\u0161k\u0173 monstr\u0173 darbeli\u0173  Netvarkos nyk\u0161tuko dekoracij\u0173  Greit\u0173 darbeli\u0173 skubantiems  Dideli\u0173 darbeli\u0173 kantriems  &nbsp;  &nbsp;  \u201eKak\u0117 Mak\u0117. Daugiau nei 25 k\u016brybin\u0117s id\u0117jos i\u0161 panaudot\u0173 daikt\u0173\u201c:   Lavina smulki\u0105j\u0105 motorik\u0105  Moko sutelkti d\u0117mes\u012f  Ugdo vaizduot\u0119  Moko tausoti gamt\u0105  &nbsp;  Rekomenduojama 5\u20138 met\u0173 vaikams","og_url":"https:\/\/matildoslituanistinemokykla.co.uk\/en\/product\/kake-make-daugiau-nei-25-kurybines-idejos-is-panaudotu-daiktu\/","og_site_name":"Matildoslituanistinemokykla","article_modified_time":"2025-05-09T10:17:02+00:00","og_image":[{"width":478,"height":600,"url":"https:\/\/matildoslituanistinemokykla.co.uk\/wp-content\/uploads\/2024\/02\/31.1.webp","type":"image\/webp"}],"twitter_card":"summary_large_image","twitter_misc":{"Estimated reading time":"1 minute"},"schema":{"@context":"https:\/\/schema.org","@graph":[{"@type":"WebPage","@id":"https:\/\/matildoslituanistinemokykla.co.uk\/product\/kake-make-daugiau-nei-25-kurybines-idejos-is-panaudotu-daiktu\/","url":"https:\/\/matildoslituanistinemokykla.co.uk\/product\/kake-make-daugiau-nei-25-kurybines-idejos-is-panaudotu-daiktu\/","name":"KAK\u0116 MAK\u0116. DAUGIAU NEI 25 K\u016aRYBIN\u0116S ID\u0116JOS I\u0160 PANAUDOT\u0172 DAIKT\u0172 - Matildoslituanistinemokykla","isPartOf":{"@id":"https:\/\/matildoslituanistinemokykla.co.uk\/#website"},"primaryImageOfPage":{"@id":"https:\/\/matildoslituanistinemokykla.co.uk\/product\/kake-make-daugiau-nei-25-kurybines-idejos-is-panaudotu-daiktu\/#primaryimage"},"image":{"@id":"https:\/\/matildoslituanistinemokykla.co.uk\/product\/kake-make-daugiau-nei-25-kurybines-idejos-is-panaudotu-daiktu\/#primaryimage"},"thumbnailUrl":"https:\/\/matildoslituanistinemokykla.co.uk\/wp-content\/uploads\/2024\/02\/31.1.webp","datePublished":"2024-02-06T22:18:47+00:00","dateModified":"2025-05-09T10:17:02+00:00","breadcrumb":{"@id":"https:\/\/matildoslituanistinemokykla.co.uk\/product\/kake-make-daugiau-nei-25-kurybines-idejos-is-panaudotu-daiktu\/#breadcrumb"},"inLanguage":"en-GB","potentialAction":[{"@type":"ReadAction","target":["https:\/\/matildoslituanistinemokykla.co.uk\/product\/kake-make-daugiau-nei-25-kurybines-idejos-is-panaudotu-daiktu\/"]}]},{"@type":"ImageObject","inLanguage":"en-GB","@id":"https:\/\/matildoslituanistinemokykla.co.uk\/product\/kake-make-daugiau-nei-25-kurybines-idejos-is-panaudotu-daiktu\/#primaryimage","url":"https:\/\/matildoslituanistinemokykla.co.uk\/wp-content\/uploads\/2024\/02\/31.1.webp","contentUrl":"https:\/\/matildoslituanistinemokykla.co.uk\/wp-content\/uploads\/2024\/02\/31.1.webp","width":478,"height":600},{"@type":"BreadcrumbList","@id":"https:\/\/matildoslituanistinemokykla.co.uk\/product\/kake-make-daugiau-nei-25-kurybines-idejos-is-panaudotu-daiktu\/#breadcrumb","itemListElement":[{"@type":"ListItem","position":1,"name":"Home","item":"https:\/\/matildoslituanistinemokykla.co.uk\/"},{"@type":"ListItem","position":2,"name":"Parduotuv\u0117","item":"https:\/\/matildoslituanistinemokykla.co.uk\/parduotuve\/"},{"@type":"ListItem","position":3,"name":"KAK\u0116 MAK\u0116. DAUGIAU NEI 25 K\u016aRYBIN\u0116S ID\u0116JOS I\u0160 PANAUDOT\u0172 DAIKT\u0172"}]},{"@type":"WebSite","@id":"https:\/\/matildoslituanistinemokykla.co.uk\/#website","url":"https:\/\/matildoslituanistinemokykla.co.uk\/","name":"Matildoslituanistinemokykla","description":"","publisher":{"@id":"https:\/\/matildoslituanistinemokykla.co.uk\/#organization"},"potentialAction":[{"@type":"SearchAction","target":{"@type":"EntryPoint","urlTemplate":"https:\/\/matildoslituanistinemokykla.co.uk\/?s={search_term_string}"},"query-input":{"@type":"PropertyValueSpecification","valueRequired":true,"valueName":"search_term_string"}}],"inLanguage":"en-GB"},{"@type":"Organization","@id":"https:\/\/matildoslituanistinemokykla.co.uk\/#organization","name":"Matildoslituanistinemokykla","url":"https:\/\/matildoslituanistinemokykla.co.uk\/","logo":{"@type":"ImageObject","inLanguage":"en-GB","@id":"https:\/\/matildoslituanistinemokykla.co.uk\/#\/schema\/logo\/image\/","url":"https:\/\/matildoslituanistinemokykla.co.uk\/wp-content\/uploads\/2023\/08\/Matildos-Lituanistine-mokykla_logo_final.png","contentUrl":"https:\/\/matildoslituanistinemokykla.co.uk\/wp-content\/uploads\/2023\/08\/Matildos-Lituanistine-mokykla_logo_final.png","width":1203,"height":947,"caption":"Matildoslituanistinemokykla"},"image":{"@id":"https:\/\/matildoslituanistinemokykla.co.uk\/#\/schema\/logo\/image\/"}}]}},"_links":{"self":[{"href":"https:\/\/matildoslituanistinemokykla.co.uk\/en\/wp-json\/wp\/v2\/product\/989523","targetHints":{"allow":["GET"]}}],"collection":[{"href":"https:\/\/matildoslituanistinemokykla.co.uk\/en\/wp-json\/wp\/v2\/product"}],"about":[{"href":"https:\/\/matildoslituanistinemokykla.co.uk\/en\/wp-json\/wp\/v2\/types\/product"}],"replies":[{"embeddable":true,"href":"https:\/\/matildoslituanistinemokykla.co.uk\/en\/wp-json\/wp\/v2\/comments?post=989523"}],"wp:featuredmedia":[{"embeddable":true,"href":"https:\/\/matildoslituanistinemokykla.co.uk\/en\/wp-json\/wp\/v2\/media\/989524"}],"wp:attachment":[{"href":"https:\/\/matildoslituanistinemokykla.co.uk\/en\/wp-json\/wp\/v2\/media?parent=989523"}],"wp:term":[{"taxonomy":"product_brand","embeddable":true,"href":"https:\/\/matildoslituanistinemokykla.co.uk\/en\/wp-json\/wp\/v2\/product_brand?post=989523"},{"taxonomy":"product_cat","embeddable":true,"href":"https:\/\/matildoslituanistinemokykla.co.uk\/en\/wp-json\/wp\/v2\/product_cat?post=989523"},{"taxonomy":"product_tag","embeddable":true,"href":"https:\/\/matildoslituanistinemokykla.co.uk\/en\/wp-json\/wp\/v2\/product_tag?post=989523"}],"curies":[{"name":"wp","href":"https:\/\/api.w.org\/{rel}","templated":true}]}}