{"id":989571,"date":"2024-02-09T20:36:03","date_gmt":"2024-02-09T20:36:03","guid":{"rendered":"https:\/\/matildoslituanistinemokykla.co.uk\/?post_type=product&#038;p=989571"},"modified":"2024-02-10T10:35:06","modified_gmt":"2024-02-10T10:35:06","slug":"dobble-kake-make-lt-lv-ee-lv-ru","status":"publish","type":"product","link":"https:\/\/matildoslituanistinemokykla.co.uk\/en\/product\/dobble-kake-make-lt-lv-ee-lv-ru\/","title":{"rendered":"Dobble: Poppy (LT\/LV\/EE\/LV\/RU)"},"content":{"rendered":"","protected":false},"excerpt":{"rendered":"<p>This is a new version of the classic action and mindfulness game, using the familiar, playful and unique illustrations from the world of \"Katya Makes\". Like the original, this version has educational value. Dobble is not just about having fun. For younger children, Dobble develops attention, reflexes, hand-eye coordination and hand-eye coordination. Five different game variations add even more variety and ensure that a new and fun adventure awaits you every time you open the game box.<\/p>","protected":false},"featured_media":989572,"comment_status":"open","ping_status":"closed","template":"","meta":[],"product_brand":[],"product_cat":[69,70],"product_tag":[],"class_list":{"0":"post-989571","1":"product","2":"type-product","3":"status-publish","4":"has-post-thumbnail","6":"product_cat-kakes-makes-zaidimai","7":"product_cat-visos-prekes","9":"first","10":"instock","11":"shipping-taxable","12":"purchasable","13":"product-type-simple"},"yoast_head":"<!-- This site is optimized with the Yoast SEO plugin v25.8 - https:\/\/yoast.com\/wordpress\/plugins\/seo\/ -->\n<title>Dobble: Kak\u0117 Mak\u0117 (LT\/LV\/EE\/LV\/RU) - Matildoslituanistinemokykla<\/title>\n<meta name=\"robots\" content=\"index, follow, max-snippet:-1, max-image-preview:large, max-video-preview:-1\" \/>\n<link rel=\"canonical\" href=\"https:\/\/matildoslituanistinemokykla.co.uk\/en\/product\/dobble-kake-make-lt-lv-ee-lv-ru\/\" \/>\n<meta property=\"og:locale\" content=\"en_GB\" \/>\n<meta property=\"og:type\" content=\"article\" \/>\n<meta property=\"og:title\" content=\"Dobble: Kak\u0117 Mak\u0117 (LT\/LV\/EE\/LV\/RU) - Matildoslituanistinemokykla\" \/>\n<meta property=\"og:description\" content=\"Tai nauja klasika tapusio veiksmo ir pastabumo \u017eaidimo versija, naudojanti visiems gerai pa\u017e\u012fstamas, \u017eaismingas ir unikalias \u201eKak\u0117s Mak\u0117s\u201c pasaulio iliustracijas. Kaip ir originalas, \u0161i versija pasi\u017eymi edukacine verte. \u017daid\u017eiant \u201eDobble\u201c galima ne tik smagiai praleisti laik\u0105. Jaunesnio am\u017eiaus vaikai ugdo pastabum\u0105, lavina refleksus, aki\u0173 ir rank\u0173 koordinacij\u0105. Penki skirtingi \u017eaidimo variantai suteikia dar daugiau \u012fvairov\u0117s ir u\u017etikrina, kad kiekvien\u0105 kart\u0105 atsidarius \u017eaidimo d\u0117\u017eut\u0119 laukt\u0173 naujas ir smagus nuotykis.\" \/>\n<meta property=\"og:url\" content=\"https:\/\/matildoslituanistinemokykla.co.uk\/en\/product\/dobble-kake-make-lt-lv-ee-lv-ru\/\" \/>\n<meta property=\"og:site_name\" content=\"Matildoslituanistinemokykla\" \/>\n<meta property=\"article:modified_time\" content=\"2024-02-10T10:35:06+00:00\" \/>\n<meta property=\"og:image\" content=\"https:\/\/matildoslituanistinemokykla.co.uk\/wp-content\/uploads\/2024\/02\/1.jpg\" \/>\n\t<meta property=\"og:image:width\" content=\"1709\" \/>\n\t<meta property=\"og:image:height\" content=\"1772\" \/>\n\t<meta property=\"og:image:type\" content=\"image\/jpeg\" \/>\n<meta name=\"twitter:card\" content=\"summary_large_image\" \/>\n<script type=\"application\/ld+json\" class=\"yoast-schema-graph\">{\"@context\":\"https:\/\/schema.org\",\"@graph\":[{\"@type\":\"WebPage\",\"@id\":\"https:\/\/matildoslituanistinemokykla.co.uk\/product\/dobble-kake-make-lt-lv-ee-lv-ru\/\",\"url\":\"https:\/\/matildoslituanistinemokykla.co.uk\/product\/dobble-kake-make-lt-lv-ee-lv-ru\/\",\"name\":\"Dobble: Kak\u0117 Mak\u0117 (LT\/LV\/EE\/LV\/RU) - Matildoslituanistinemokykla\",\"isPartOf\":{\"@id\":\"https:\/\/matildoslituanistinemokykla.co.uk\/#website\"},\"primaryImageOfPage\":{\"@id\":\"https:\/\/matildoslituanistinemokykla.co.uk\/product\/dobble-kake-make-lt-lv-ee-lv-ru\/#primaryimage\"},\"image\":{\"@id\":\"https:\/\/matildoslituanistinemokykla.co.uk\/product\/dobble-kake-make-lt-lv-ee-lv-ru\/#primaryimage\"},\"thumbnailUrl\":\"https:\/\/matildoslituanistinemokykla.co.uk\/wp-content\/uploads\/2024\/02\/1.jpg\",\"datePublished\":\"2024-02-09T20:36:03+00:00\",\"dateModified\":\"2024-02-10T10:35:06+00:00\",\"breadcrumb\":{\"@id\":\"https:\/\/matildoslituanistinemokykla.co.uk\/product\/dobble-kake-make-lt-lv-ee-lv-ru\/#breadcrumb\"},\"inLanguage\":\"en-GB\",\"potentialAction\":[{\"@type\":\"ReadAction\",\"target\":[\"https:\/\/matildoslituanistinemokykla.co.uk\/product\/dobble-kake-make-lt-lv-ee-lv-ru\/\"]}]},{\"@type\":\"ImageObject\",\"inLanguage\":\"en-GB\",\"@id\":\"https:\/\/matildoslituanistinemokykla.co.uk\/product\/dobble-kake-make-lt-lv-ee-lv-ru\/#primaryimage\",\"url\":\"https:\/\/matildoslituanistinemokykla.co.uk\/wp-content\/uploads\/2024\/02\/1.jpg\",\"contentUrl\":\"https:\/\/matildoslituanistinemokykla.co.uk\/wp-content\/uploads\/2024\/02\/1.jpg\",\"width\":1709,\"height\":1772},{\"@type\":\"BreadcrumbList\",\"@id\":\"https:\/\/matildoslituanistinemokykla.co.uk\/product\/dobble-kake-make-lt-lv-ee-lv-ru\/#breadcrumb\",\"itemListElement\":[{\"@type\":\"ListItem\",\"position\":1,\"name\":\"Home\",\"item\":\"https:\/\/matildoslituanistinemokykla.co.uk\/\"},{\"@type\":\"ListItem\",\"position\":2,\"name\":\"Parduotuv\u0117\",\"item\":\"https:\/\/matildoslituanistinemokykla.co.uk\/parduotuve\/\"},{\"@type\":\"ListItem\",\"position\":3,\"name\":\"Dobble: Kak\u0117 Mak\u0117 (LT\/LV\/EE\/LV\/RU)\"}]},{\"@type\":\"WebSite\",\"@id\":\"https:\/\/matildoslituanistinemokykla.co.uk\/#website\",\"url\":\"https:\/\/matildoslituanistinemokykla.co.uk\/\",\"name\":\"Matildoslituanistinemokykla\",\"description\":\"\",\"publisher\":{\"@id\":\"https:\/\/matildoslituanistinemokykla.co.uk\/#organization\"},\"potentialAction\":[{\"@type\":\"SearchAction\",\"target\":{\"@type\":\"EntryPoint\",\"urlTemplate\":\"https:\/\/matildoslituanistinemokykla.co.uk\/?s={search_term_string}\"},\"query-input\":{\"@type\":\"PropertyValueSpecification\",\"valueRequired\":true,\"valueName\":\"search_term_string\"}}],\"inLanguage\":\"en-GB\"},{\"@type\":\"Organization\",\"@id\":\"https:\/\/matildoslituanistinemokykla.co.uk\/#organization\",\"name\":\"Matildoslituanistinemokykla\",\"url\":\"https:\/\/matildoslituanistinemokykla.co.uk\/\",\"logo\":{\"@type\":\"ImageObject\",\"inLanguage\":\"en-GB\",\"@id\":\"https:\/\/matildoslituanistinemokykla.co.uk\/#\/schema\/logo\/image\/\",\"url\":\"https:\/\/matildoslituanistinemokykla.co.uk\/wp-content\/uploads\/2023\/08\/Matildos-Lituanistine-mokykla_logo_final.png\",\"contentUrl\":\"https:\/\/matildoslituanistinemokykla.co.uk\/wp-content\/uploads\/2023\/08\/Matildos-Lituanistine-mokykla_logo_final.png\",\"width\":1203,\"height\":947,\"caption\":\"Matildoslituanistinemokykla\"},\"image\":{\"@id\":\"https:\/\/matildoslituanistinemokykla.co.uk\/#\/schema\/logo\/image\/\"}}]}<\/script>\n<!-- \/ Yoast SEO plugin. -->","yoast_head_json":{"title":"Dobble: Kak\u0117 Mak\u0117 (LT\/LV\/EE\/LV\/RU) - Matildoslituanistinemokykla","robots":{"index":"index","follow":"follow","max-snippet":"max-snippet:-1","max-image-preview":"max-image-preview:large","max-video-preview":"max-video-preview:-1"},"canonical":"https:\/\/matildoslituanistinemokykla.co.uk\/en\/product\/dobble-kake-make-lt-lv-ee-lv-ru\/","og_locale":"en_GB","og_type":"article","og_title":"Dobble: Kak\u0117 Mak\u0117 (LT\/LV\/EE\/LV\/RU) - Matildoslituanistinemokykla","og_description":"Tai nauja klasika tapusio veiksmo ir pastabumo \u017eaidimo versija, naudojanti visiems gerai pa\u017e\u012fstamas, \u017eaismingas ir unikalias \u201eKak\u0117s Mak\u0117s\u201c pasaulio iliustracijas. Kaip ir originalas, \u0161i versija pasi\u017eymi edukacine verte. \u017daid\u017eiant \u201eDobble\u201c galima ne tik smagiai praleisti laik\u0105. Jaunesnio am\u017eiaus vaikai ugdo pastabum\u0105, lavina refleksus, aki\u0173 ir rank\u0173 koordinacij\u0105. Penki skirtingi \u017eaidimo variantai suteikia dar daugiau \u012fvairov\u0117s ir u\u017etikrina, kad kiekvien\u0105 kart\u0105 atsidarius \u017eaidimo d\u0117\u017eut\u0119 laukt\u0173 naujas ir smagus nuotykis.","og_url":"https:\/\/matildoslituanistinemokykla.co.uk\/en\/product\/dobble-kake-make-lt-lv-ee-lv-ru\/","og_site_name":"Matildoslituanistinemokykla","article_modified_time":"2024-02-10T10:35:06+00:00","og_image":[{"width":1709,"height":1772,"url":"https:\/\/matildoslituanistinemokykla.co.uk\/wp-content\/uploads\/2024\/02\/1.jpg","type":"image\/jpeg"}],"twitter_card":"summary_large_image","schema":{"@context":"https:\/\/schema.org","@graph":[{"@type":"WebPage","@id":"https:\/\/matildoslituanistinemokykla.co.uk\/product\/dobble-kake-make-lt-lv-ee-lv-ru\/","url":"https:\/\/matildoslituanistinemokykla.co.uk\/product\/dobble-kake-make-lt-lv-ee-lv-ru\/","name":"Dobble: Kak\u0117 Mak\u0117 (LT\/LV\/EE\/LV\/RU) - Matildoslituanistinemokykla","isPartOf":{"@id":"https:\/\/matildoslituanistinemokykla.co.uk\/#website"},"primaryImageOfPage":{"@id":"https:\/\/matildoslituanistinemokykla.co.uk\/product\/dobble-kake-make-lt-lv-ee-lv-ru\/#primaryimage"},"image":{"@id":"https:\/\/matildoslituanistinemokykla.co.uk\/product\/dobble-kake-make-lt-lv-ee-lv-ru\/#primaryimage"},"thumbnailUrl":"https:\/\/matildoslituanistinemokykla.co.uk\/wp-content\/uploads\/2024\/02\/1.jpg","datePublished":"2024-02-09T20:36:03+00:00","dateModified":"2024-02-10T10:35:06+00:00","breadcrumb":{"@id":"https:\/\/matildoslituanistinemokykla.co.uk\/product\/dobble-kake-make-lt-lv-ee-lv-ru\/#breadcrumb"},"inLanguage":"en-GB","potentialAction":[{"@type":"ReadAction","target":["https:\/\/matildoslituanistinemokykla.co.uk\/product\/dobble-kake-make-lt-lv-ee-lv-ru\/"]}]},{"@type":"ImageObject","inLanguage":"en-GB","@id":"https:\/\/matildoslituanistinemokykla.co.uk\/product\/dobble-kake-make-lt-lv-ee-lv-ru\/#primaryimage","url":"https:\/\/matildoslituanistinemokykla.co.uk\/wp-content\/uploads\/2024\/02\/1.jpg","contentUrl":"https:\/\/matildoslituanistinemokykla.co.uk\/wp-content\/uploads\/2024\/02\/1.jpg","width":1709,"height":1772},{"@type":"BreadcrumbList","@id":"https:\/\/matildoslituanistinemokykla.co.uk\/product\/dobble-kake-make-lt-lv-ee-lv-ru\/#breadcrumb","itemListElement":[{"@type":"ListItem","position":1,"name":"Home","item":"https:\/\/matildoslituanistinemokykla.co.uk\/"},{"@type":"ListItem","position":2,"name":"Parduotuv\u0117","item":"https:\/\/matildoslituanistinemokykla.co.uk\/parduotuve\/"},{"@type":"ListItem","position":3,"name":"Dobble: Kak\u0117 Mak\u0117 (LT\/LV\/EE\/LV\/RU)"}]},{"@type":"WebSite","@id":"https:\/\/matildoslituanistinemokykla.co.uk\/#website","url":"https:\/\/matildoslituanistinemokykla.co.uk\/","name":"Matildoslituanistinemokykla","description":"","publisher":{"@id":"https:\/\/matildoslituanistinemokykla.co.uk\/#organization"},"potentialAction":[{"@type":"SearchAction","target":{"@type":"EntryPoint","urlTemplate":"https:\/\/matildoslituanistinemokykla.co.uk\/?s={search_term_string}"},"query-input":{"@type":"PropertyValueSpecification","valueRequired":true,"valueName":"search_term_string"}}],"inLanguage":"en-GB"},{"@type":"Organization","@id":"https:\/\/matildoslituanistinemokykla.co.uk\/#organization","name":"Matildoslituanistinemokykla","url":"https:\/\/matildoslituanistinemokykla.co.uk\/","logo":{"@type":"ImageObject","inLanguage":"en-GB","@id":"https:\/\/matildoslituanistinemokykla.co.uk\/#\/schema\/logo\/image\/","url":"https:\/\/matildoslituanistinemokykla.co.uk\/wp-content\/uploads\/2023\/08\/Matildos-Lituanistine-mokykla_logo_final.png","contentUrl":"https:\/\/matildoslituanistinemokykla.co.uk\/wp-content\/uploads\/2023\/08\/Matildos-Lituanistine-mokykla_logo_final.png","width":1203,"height":947,"caption":"Matildoslituanistinemokykla"},"image":{"@id":"https:\/\/matildoslituanistinemokykla.co.uk\/#\/schema\/logo\/image\/"}}]}},"_links":{"self":[{"href":"https:\/\/matildoslituanistinemokykla.co.uk\/en\/wp-json\/wp\/v2\/product\/989571","targetHints":{"allow":["GET"]}}],"collection":[{"href":"https:\/\/matildoslituanistinemokykla.co.uk\/en\/wp-json\/wp\/v2\/product"}],"about":[{"href":"https:\/\/matildoslituanistinemokykla.co.uk\/en\/wp-json\/wp\/v2\/types\/product"}],"replies":[{"embeddable":true,"href":"https:\/\/matildoslituanistinemokykla.co.uk\/en\/wp-json\/wp\/v2\/comments?post=989571"}],"wp:featuredmedia":[{"embeddable":true,"href":"https:\/\/matildoslituanistinemokykla.co.uk\/en\/wp-json\/wp\/v2\/media\/989572"}],"wp:attachment":[{"href":"https:\/\/matildoslituanistinemokykla.co.uk\/en\/wp-json\/wp\/v2\/media?parent=989571"}],"wp:term":[{"taxonomy":"product_brand","embeddable":true,"href":"https:\/\/matildoslituanistinemokykla.co.uk\/en\/wp-json\/wp\/v2\/product_brand?post=989571"},{"taxonomy":"product_cat","embeddable":true,"href":"https:\/\/matildoslituanistinemokykla.co.uk\/en\/wp-json\/wp\/v2\/product_cat?post=989571"},{"taxonomy":"product_tag","embeddable":true,"href":"https:\/\/matildoslituanistinemokykla.co.uk\/en\/wp-json\/wp\/v2\/product_tag?post=989571"}],"curies":[{"name":"wp","href":"https:\/\/api.w.org\/{rel}","templated":true}]}}