{"id":989578,"date":"2024-02-09T20:46:35","date_gmt":"2024-02-09T20:46:35","guid":{"rendered":"https:\/\/matildoslituanistinemokykla.co.uk\/?post_type=product&#038;p=989578"},"modified":"2025-11-03T10:17:38","modified_gmt":"2025-11-03T10:17:38","slug":"kake-make-memory","status":"publish","type":"product","link":"https:\/\/matildoslituanistinemokykla.co.uk\/en\/product\/kake-make-memory\/","title":{"rendered":"PUZZLE \"KAKE MAKI AND THE MAGICAL JOURNEY\" (160 PIECES)"},"content":{"rendered":"","protected":false},"excerpt":{"rendered":"<p>The fourth licensed Katya Mak\u0117 puzzle. 160 pieces. Made in Europe. Every new day is like a wonderful journey where we discover something new. We prepare for it, we plan for it, but in the end it is only when we learn to deviate from the plan that the journey is complete. One journey ends and then we look forward to the next. Winnie-the-Pooh calls her journey magical. Is it because it has always had only good things happen to it? The puzzle \"KAKE MAKE AND THE MAGIC JOURNEY\" sparks curiosity. You want to know what day it was for Katya Mak\u00e9 when she finally set off.<\/p>","protected":false},"featured_media":989579,"comment_status":"open","ping_status":"closed","template":"","meta":[],"product_brand":[],"product_cat":[69,70],"product_tag":[],"class_list":{"0":"post-989578","1":"product","2":"type-product","3":"status-publish","4":"has-post-thumbnail","6":"product_cat-kakes-makes-zaidimai","7":"product_cat-visos-prekes","9":"first","10":"outofstock","11":"shipping-taxable","12":"purchasable","13":"product-type-simple"},"yoast_head":"<!-- This site is optimized with the Yoast SEO plugin v25.8 - https:\/\/yoast.com\/wordpress\/plugins\/seo\/ -->\n<title>D\u0116LION\u0116 &quot;KAK\u0116 MAK\u0116 IR MAGI\u0160KA KELION\u0116&quot; (160 DALI\u0172) - Matildoslituanistinemokykla<\/title>\n<meta name=\"robots\" content=\"index, follow, max-snippet:-1, max-image-preview:large, max-video-preview:-1\" \/>\n<link rel=\"canonical\" href=\"https:\/\/matildoslituanistinemokykla.co.uk\/en\/product\/kake-make-memory\/\" \/>\n<meta property=\"og:locale\" content=\"en_GB\" \/>\n<meta property=\"og:type\" content=\"article\" \/>\n<meta property=\"og:title\" content=\"D\u0116LION\u0116 &quot;KAK\u0116 MAK\u0116 IR MAGI\u0160KA KELION\u0116&quot; (160 DALI\u0172) - Matildoslituanistinemokykla\" \/>\n<meta property=\"og:description\" content=\"Ketvirtoji licencijuota Kak\u0117s Mak\u0117s d\u0117lion\u0117. 160 dali\u0173. Pagaminta Europoje. Kiekviena nauja diena yra kaip nuostabi kelion\u0117, kurioje atrandame ka\u017ek\u0105 naujo. Ruo\u0161iam\u0117s jai, planuojame, ta\u010diau galiausiai kelion\u0119 baigiame tik tada, kai i\u0161mokstame\u00a0ramiai nukrypti nuo plano. Viena kelion\u0117 pasibaigia, o tuomet laukiame kitos. Kak\u0117 Mak\u0117 savo kelion\u0119 vadina magi\u0161ka. Ar tod\u0117l, kad joje visuomet vyko tik geri nutikimai? D\u0117lion\u0117 \u201eKAK\u0116 MAK\u0116 IR MAGI\u0160KA KELION\u0116\u201c su\u017eadina smalsum\u0105. Norisi su\u017einoti, kokia gi buvo Kak\u0117s Mak\u0117s diena, kai jinai pagaliau keliavo.\" \/>\n<meta property=\"og:url\" content=\"https:\/\/matildoslituanistinemokykla.co.uk\/en\/product\/kake-make-memory\/\" \/>\n<meta property=\"og:site_name\" content=\"Matildoslituanistinemokykla\" \/>\n<meta property=\"article:modified_time\" content=\"2025-11-03T10:17:38+00:00\" \/>\n<meta property=\"og:image\" content=\"https:\/\/matildoslituanistinemokykla.co.uk\/wp-content\/uploads\/2024\/02\/3.1.jpg\" \/>\n\t<meta property=\"og:image:width\" content=\"2560\" \/>\n\t<meta property=\"og:image:height\" content=\"1853\" \/>\n\t<meta property=\"og:image:type\" content=\"image\/jpeg\" \/>\n<meta name=\"twitter:card\" content=\"summary_large_image\" \/>\n<script type=\"application\/ld+json\" class=\"yoast-schema-graph\">{\"@context\":\"https:\/\/schema.org\",\"@graph\":[{\"@type\":\"WebPage\",\"@id\":\"https:\/\/matildoslituanistinemokykla.co.uk\/product\/kake-make-memory\/\",\"url\":\"https:\/\/matildoslituanistinemokykla.co.uk\/product\/kake-make-memory\/\",\"name\":\"D\u0116LION\u0116 \\\"KAK\u0116 MAK\u0116 IR MAGI\u0160KA KELION\u0116\\\" (160 DALI\u0172) - Matildoslituanistinemokykla\",\"isPartOf\":{\"@id\":\"https:\/\/matildoslituanistinemokykla.co.uk\/#website\"},\"primaryImageOfPage\":{\"@id\":\"https:\/\/matildoslituanistinemokykla.co.uk\/product\/kake-make-memory\/#primaryimage\"},\"image\":{\"@id\":\"https:\/\/matildoslituanistinemokykla.co.uk\/product\/kake-make-memory\/#primaryimage\"},\"thumbnailUrl\":\"https:\/\/matildoslituanistinemokykla.co.uk\/wp-content\/uploads\/2024\/02\/3.1.jpg\",\"datePublished\":\"2024-02-09T20:46:35+00:00\",\"dateModified\":\"2025-11-03T10:17:38+00:00\",\"breadcrumb\":{\"@id\":\"https:\/\/matildoslituanistinemokykla.co.uk\/product\/kake-make-memory\/#breadcrumb\"},\"inLanguage\":\"en-GB\",\"potentialAction\":[{\"@type\":\"ReadAction\",\"target\":[\"https:\/\/matildoslituanistinemokykla.co.uk\/product\/kake-make-memory\/\"]}]},{\"@type\":\"ImageObject\",\"inLanguage\":\"en-GB\",\"@id\":\"https:\/\/matildoslituanistinemokykla.co.uk\/product\/kake-make-memory\/#primaryimage\",\"url\":\"https:\/\/matildoslituanistinemokykla.co.uk\/wp-content\/uploads\/2024\/02\/3.1.jpg\",\"contentUrl\":\"https:\/\/matildoslituanistinemokykla.co.uk\/wp-content\/uploads\/2024\/02\/3.1.jpg\",\"width\":2560,\"height\":1853},{\"@type\":\"BreadcrumbList\",\"@id\":\"https:\/\/matildoslituanistinemokykla.co.uk\/product\/kake-make-memory\/#breadcrumb\",\"itemListElement\":[{\"@type\":\"ListItem\",\"position\":1,\"name\":\"Home\",\"item\":\"https:\/\/matildoslituanistinemokykla.co.uk\/\"},{\"@type\":\"ListItem\",\"position\":2,\"name\":\"Parduotuv\u0117\",\"item\":\"https:\/\/matildoslituanistinemokykla.co.uk\/parduotuve\/\"},{\"@type\":\"ListItem\",\"position\":3,\"name\":\"D\u0116LION\u0116 &#8220;KAK\u0116 MAK\u0116 IR MAGI\u0160KA KELION\u0116&#8221; (160 DALI\u0172)\"}]},{\"@type\":\"WebSite\",\"@id\":\"https:\/\/matildoslituanistinemokykla.co.uk\/#website\",\"url\":\"https:\/\/matildoslituanistinemokykla.co.uk\/\",\"name\":\"Matildoslituanistinemokykla\",\"description\":\"\",\"publisher\":{\"@id\":\"https:\/\/matildoslituanistinemokykla.co.uk\/#organization\"},\"potentialAction\":[{\"@type\":\"SearchAction\",\"target\":{\"@type\":\"EntryPoint\",\"urlTemplate\":\"https:\/\/matildoslituanistinemokykla.co.uk\/?s={search_term_string}\"},\"query-input\":{\"@type\":\"PropertyValueSpecification\",\"valueRequired\":true,\"valueName\":\"search_term_string\"}}],\"inLanguage\":\"en-GB\"},{\"@type\":\"Organization\",\"@id\":\"https:\/\/matildoslituanistinemokykla.co.uk\/#organization\",\"name\":\"Matildoslituanistinemokykla\",\"url\":\"https:\/\/matildoslituanistinemokykla.co.uk\/\",\"logo\":{\"@type\":\"ImageObject\",\"inLanguage\":\"en-GB\",\"@id\":\"https:\/\/matildoslituanistinemokykla.co.uk\/#\/schema\/logo\/image\/\",\"url\":\"https:\/\/matildoslituanistinemokykla.co.uk\/wp-content\/uploads\/2023\/08\/Matildos-Lituanistine-mokykla_logo_final.png\",\"contentUrl\":\"https:\/\/matildoslituanistinemokykla.co.uk\/wp-content\/uploads\/2023\/08\/Matildos-Lituanistine-mokykla_logo_final.png\",\"width\":1203,\"height\":947,\"caption\":\"Matildoslituanistinemokykla\"},\"image\":{\"@id\":\"https:\/\/matildoslituanistinemokykla.co.uk\/#\/schema\/logo\/image\/\"}}]}<\/script>\n<!-- \/ Yoast SEO plugin. -->","yoast_head_json":{"title":"D\u0116LION\u0116 \"KAK\u0116 MAK\u0116 IR MAGI\u0160KA KELION\u0116\" (160 DALI\u0172) - Matildoslituanistinemokykla","robots":{"index":"index","follow":"follow","max-snippet":"max-snippet:-1","max-image-preview":"max-image-preview:large","max-video-preview":"max-video-preview:-1"},"canonical":"https:\/\/matildoslituanistinemokykla.co.uk\/en\/product\/kake-make-memory\/","og_locale":"en_GB","og_type":"article","og_title":"D\u0116LION\u0116 \"KAK\u0116 MAK\u0116 IR MAGI\u0160KA KELION\u0116\" (160 DALI\u0172) - Matildoslituanistinemokykla","og_description":"Ketvirtoji licencijuota Kak\u0117s Mak\u0117s d\u0117lion\u0117. 160 dali\u0173. Pagaminta Europoje. Kiekviena nauja diena yra kaip nuostabi kelion\u0117, kurioje atrandame ka\u017ek\u0105 naujo. Ruo\u0161iam\u0117s jai, planuojame, ta\u010diau galiausiai kelion\u0119 baigiame tik tada, kai i\u0161mokstame\u00a0ramiai nukrypti nuo plano. Viena kelion\u0117 pasibaigia, o tuomet laukiame kitos. Kak\u0117 Mak\u0117 savo kelion\u0119 vadina magi\u0161ka. Ar tod\u0117l, kad joje visuomet vyko tik geri nutikimai? D\u0117lion\u0117 \u201eKAK\u0116 MAK\u0116 IR MAGI\u0160KA KELION\u0116\u201c su\u017eadina smalsum\u0105. Norisi su\u017einoti, kokia gi buvo Kak\u0117s Mak\u0117s diena, kai jinai pagaliau keliavo.","og_url":"https:\/\/matildoslituanistinemokykla.co.uk\/en\/product\/kake-make-memory\/","og_site_name":"Matildoslituanistinemokykla","article_modified_time":"2025-11-03T10:17:38+00:00","og_image":[{"width":2560,"height":1853,"url":"https:\/\/matildoslituanistinemokykla.co.uk\/wp-content\/uploads\/2024\/02\/3.1.jpg","type":"image\/jpeg"}],"twitter_card":"summary_large_image","schema":{"@context":"https:\/\/schema.org","@graph":[{"@type":"WebPage","@id":"https:\/\/matildoslituanistinemokykla.co.uk\/product\/kake-make-memory\/","url":"https:\/\/matildoslituanistinemokykla.co.uk\/product\/kake-make-memory\/","name":"D\u0116LION\u0116 \"KAK\u0116 MAK\u0116 IR MAGI\u0160KA KELION\u0116\" (160 DALI\u0172) - Matildoslituanistinemokykla","isPartOf":{"@id":"https:\/\/matildoslituanistinemokykla.co.uk\/#website"},"primaryImageOfPage":{"@id":"https:\/\/matildoslituanistinemokykla.co.uk\/product\/kake-make-memory\/#primaryimage"},"image":{"@id":"https:\/\/matildoslituanistinemokykla.co.uk\/product\/kake-make-memory\/#primaryimage"},"thumbnailUrl":"https:\/\/matildoslituanistinemokykla.co.uk\/wp-content\/uploads\/2024\/02\/3.1.jpg","datePublished":"2024-02-09T20:46:35+00:00","dateModified":"2025-11-03T10:17:38+00:00","breadcrumb":{"@id":"https:\/\/matildoslituanistinemokykla.co.uk\/product\/kake-make-memory\/#breadcrumb"},"inLanguage":"en-GB","potentialAction":[{"@type":"ReadAction","target":["https:\/\/matildoslituanistinemokykla.co.uk\/product\/kake-make-memory\/"]}]},{"@type":"ImageObject","inLanguage":"en-GB","@id":"https:\/\/matildoslituanistinemokykla.co.uk\/product\/kake-make-memory\/#primaryimage","url":"https:\/\/matildoslituanistinemokykla.co.uk\/wp-content\/uploads\/2024\/02\/3.1.jpg","contentUrl":"https:\/\/matildoslituanistinemokykla.co.uk\/wp-content\/uploads\/2024\/02\/3.1.jpg","width":2560,"height":1853},{"@type":"BreadcrumbList","@id":"https:\/\/matildoslituanistinemokykla.co.uk\/product\/kake-make-memory\/#breadcrumb","itemListElement":[{"@type":"ListItem","position":1,"name":"Home","item":"https:\/\/matildoslituanistinemokykla.co.uk\/"},{"@type":"ListItem","position":2,"name":"Parduotuv\u0117","item":"https:\/\/matildoslituanistinemokykla.co.uk\/parduotuve\/"},{"@type":"ListItem","position":3,"name":"D\u0116LION\u0116 &#8220;KAK\u0116 MAK\u0116 IR MAGI\u0160KA KELION\u0116&#8221; (160 DALI\u0172)"}]},{"@type":"WebSite","@id":"https:\/\/matildoslituanistinemokykla.co.uk\/#website","url":"https:\/\/matildoslituanistinemokykla.co.uk\/","name":"Matildoslituanistinemokykla","description":"","publisher":{"@id":"https:\/\/matildoslituanistinemokykla.co.uk\/#organization"},"potentialAction":[{"@type":"SearchAction","target":{"@type":"EntryPoint","urlTemplate":"https:\/\/matildoslituanistinemokykla.co.uk\/?s={search_term_string}"},"query-input":{"@type":"PropertyValueSpecification","valueRequired":true,"valueName":"search_term_string"}}],"inLanguage":"en-GB"},{"@type":"Organization","@id":"https:\/\/matildoslituanistinemokykla.co.uk\/#organization","name":"Matildoslituanistinemokykla","url":"https:\/\/matildoslituanistinemokykla.co.uk\/","logo":{"@type":"ImageObject","inLanguage":"en-GB","@id":"https:\/\/matildoslituanistinemokykla.co.uk\/#\/schema\/logo\/image\/","url":"https:\/\/matildoslituanistinemokykla.co.uk\/wp-content\/uploads\/2023\/08\/Matildos-Lituanistine-mokykla_logo_final.png","contentUrl":"https:\/\/matildoslituanistinemokykla.co.uk\/wp-content\/uploads\/2023\/08\/Matildos-Lituanistine-mokykla_logo_final.png","width":1203,"height":947,"caption":"Matildoslituanistinemokykla"},"image":{"@id":"https:\/\/matildoslituanistinemokykla.co.uk\/#\/schema\/logo\/image\/"}}]}},"_links":{"self":[{"href":"https:\/\/matildoslituanistinemokykla.co.uk\/en\/wp-json\/wp\/v2\/product\/989578","targetHints":{"allow":["GET"]}}],"collection":[{"href":"https:\/\/matildoslituanistinemokykla.co.uk\/en\/wp-json\/wp\/v2\/product"}],"about":[{"href":"https:\/\/matildoslituanistinemokykla.co.uk\/en\/wp-json\/wp\/v2\/types\/product"}],"replies":[{"embeddable":true,"href":"https:\/\/matildoslituanistinemokykla.co.uk\/en\/wp-json\/wp\/v2\/comments?post=989578"}],"wp:featuredmedia":[{"embeddable":true,"href":"https:\/\/matildoslituanistinemokykla.co.uk\/en\/wp-json\/wp\/v2\/media\/989579"}],"wp:attachment":[{"href":"https:\/\/matildoslituanistinemokykla.co.uk\/en\/wp-json\/wp\/v2\/media?parent=989578"}],"wp:term":[{"taxonomy":"product_brand","embeddable":true,"href":"https:\/\/matildoslituanistinemokykla.co.uk\/en\/wp-json\/wp\/v2\/product_brand?post=989578"},{"taxonomy":"product_cat","embeddable":true,"href":"https:\/\/matildoslituanistinemokykla.co.uk\/en\/wp-json\/wp\/v2\/product_cat?post=989578"},{"taxonomy":"product_tag","embeddable":true,"href":"https:\/\/matildoslituanistinemokykla.co.uk\/en\/wp-json\/wp\/v2\/product_tag?post=989578"}],"curies":[{"name":"wp","href":"https:\/\/api.w.org\/{rel}","templated":true}]}}