{"id":989580,"date":"2024-02-09T20:50:57","date_gmt":"2024-02-09T20:50:57","guid":{"rendered":"https:\/\/matildoslituanistinemokykla.co.uk\/?post_type=product&#038;p=989580"},"modified":"2025-03-14T09:45:03","modified_gmt":"2025-03-14T09:45:03","slug":"kake-make-memory-2","status":"publish","type":"product","link":"https:\/\/matildoslituanistinemokykla.co.uk\/en\/product\/kake-make-memory-2\/","title":{"rendered":"Poppy Mouse Memory"},"content":{"rendered":"","protected":false},"excerpt":{"rendered":"<p>Memory games, although they have many different variations, are easy to play and are therefore the perfect first choice to start introducing young players to board games. Probably all of us have played some kind of memory game. We've searched for the 5 differences in two seemingly identical pictures; sorted colourful and beautiful animal cards into pairs; or delved into the labyrinths of memory by doing a crossword over a cup of tea. All of these pastimes require memory to complete. And when we develop our memory, we also develop other skills.<\/p>","protected":false},"featured_media":989581,"comment_status":"open","ping_status":"closed","template":"","meta":[],"product_brand":[],"product_cat":[69,70],"product_tag":[],"class_list":{"0":"post-989580","1":"product","2":"type-product","3":"status-publish","4":"has-post-thumbnail","6":"product_cat-kakes-makes-zaidimai","7":"product_cat-visos-prekes","9":"first","10":"outofstock","11":"shipping-taxable","12":"purchasable","13":"product-type-simple"},"yoast_head":"<!-- This site is optimized with the Yoast SEO plugin v25.8 - https:\/\/yoast.com\/wordpress\/plugins\/seo\/ -->\n<title>Kak\u0117 Mak\u0117 Memory - Matildoslituanistinemokykla<\/title>\n<meta name=\"robots\" content=\"index, follow, max-snippet:-1, max-image-preview:large, max-video-preview:-1\" \/>\n<link rel=\"canonical\" href=\"https:\/\/matildoslituanistinemokykla.co.uk\/en\/product\/kake-make-memory-2\/\" \/>\n<meta property=\"og:locale\" content=\"en_GB\" \/>\n<meta property=\"og:type\" content=\"article\" \/>\n<meta property=\"og:title\" content=\"Kak\u0117 Mak\u0117 Memory - Matildoslituanistinemokykla\" \/>\n<meta property=\"og:description\" content=\"Atminties \u017eaidimai, nors ir turintys daug skirting\u0173 variant\u0173, yra nesud\u0117tingi, tad puikiai\u00a0tinka b\u016bti\u00a0\u00a0pirmuoju pasirinkimu, nuo ko galima prad\u0117ti jaun\u0173j\u0173 \u017eaid\u0117j\u0173 ir stalo \u017eaidim\u0173 pa\u017eint\u012f. Turb\u016bt kiekvienas i\u0161 m\u016bs\u0173 esame \u017eaid\u0119 kurios nors r\u016b\u0161ies atminties \u017eaidim\u0105. Ie\u0161koj\u0119 5 skirtum\u0173 dviejuose i\u0161 pirmo \u017evilgsnio identi\u0161kuose\u00a0\u00a0paveiksl\u0117liuose; r\u016b\u0161iav\u0119 spalvotas ir gra\u017eias gyv\u016bn\u0173 korteles poromis; ar kapst\u0119si atminties labirintuose, spr\u0119sdami kry\u017eia\u017eod\u012f prie arbatos puodelio. Visi \u0161ie laisvalaikio praleidimo b\u016bdai reikalauja atminties norint juos iki galo u\u017ebaigti. O lavindami atmint\u012f, taip pat pl\u0117tojame ir kitus geb\u0117jimus.\" \/>\n<meta property=\"og:url\" content=\"https:\/\/matildoslituanistinemokykla.co.uk\/en\/product\/kake-make-memory-2\/\" \/>\n<meta property=\"og:site_name\" content=\"Matildoslituanistinemokykla\" \/>\n<meta property=\"article:modified_time\" content=\"2025-03-14T09:45:03+00:00\" \/>\n<meta property=\"og:image\" content=\"https:\/\/matildoslituanistinemokykla.co.uk\/wp-content\/uploads\/2024\/02\/4.1-1.jpg\" \/>\n\t<meta property=\"og:image:width\" content=\"2560\" \/>\n\t<meta property=\"og:image:height\" content=\"2560\" \/>\n\t<meta property=\"og:image:type\" content=\"image\/jpeg\" \/>\n<meta name=\"twitter:card\" content=\"summary_large_image\" \/>\n<meta name=\"twitter:label1\" content=\"Estimated reading time\" \/>\n\t<meta name=\"twitter:data1\" content=\"1 minute\" \/>\n<script type=\"application\/ld+json\" class=\"yoast-schema-graph\">{\"@context\":\"https:\/\/schema.org\",\"@graph\":[{\"@type\":\"WebPage\",\"@id\":\"https:\/\/matildoslituanistinemokykla.co.uk\/product\/kake-make-memory-2\/\",\"url\":\"https:\/\/matildoslituanistinemokykla.co.uk\/product\/kake-make-memory-2\/\",\"name\":\"Kak\u0117 Mak\u0117 Memory - Matildoslituanistinemokykla\",\"isPartOf\":{\"@id\":\"https:\/\/matildoslituanistinemokykla.co.uk\/#website\"},\"primaryImageOfPage\":{\"@id\":\"https:\/\/matildoslituanistinemokykla.co.uk\/product\/kake-make-memory-2\/#primaryimage\"},\"image\":{\"@id\":\"https:\/\/matildoslituanistinemokykla.co.uk\/product\/kake-make-memory-2\/#primaryimage\"},\"thumbnailUrl\":\"https:\/\/matildoslituanistinemokykla.co.uk\/wp-content\/uploads\/2024\/02\/4.1-1.jpg\",\"datePublished\":\"2024-02-09T20:50:57+00:00\",\"dateModified\":\"2025-03-14T09:45:03+00:00\",\"breadcrumb\":{\"@id\":\"https:\/\/matildoslituanistinemokykla.co.uk\/product\/kake-make-memory-2\/#breadcrumb\"},\"inLanguage\":\"en-GB\",\"potentialAction\":[{\"@type\":\"ReadAction\",\"target\":[\"https:\/\/matildoslituanistinemokykla.co.uk\/product\/kake-make-memory-2\/\"]}]},{\"@type\":\"ImageObject\",\"inLanguage\":\"en-GB\",\"@id\":\"https:\/\/matildoslituanistinemokykla.co.uk\/product\/kake-make-memory-2\/#primaryimage\",\"url\":\"https:\/\/matildoslituanistinemokykla.co.uk\/wp-content\/uploads\/2024\/02\/4.1-1.jpg\",\"contentUrl\":\"https:\/\/matildoslituanistinemokykla.co.uk\/wp-content\/uploads\/2024\/02\/4.1-1.jpg\",\"width\":2560,\"height\":2560},{\"@type\":\"BreadcrumbList\",\"@id\":\"https:\/\/matildoslituanistinemokykla.co.uk\/product\/kake-make-memory-2\/#breadcrumb\",\"itemListElement\":[{\"@type\":\"ListItem\",\"position\":1,\"name\":\"Home\",\"item\":\"https:\/\/matildoslituanistinemokykla.co.uk\/\"},{\"@type\":\"ListItem\",\"position\":2,\"name\":\"Parduotuv\u0117\",\"item\":\"https:\/\/matildoslituanistinemokykla.co.uk\/parduotuve\/\"},{\"@type\":\"ListItem\",\"position\":3,\"name\":\"Kak\u0117 Mak\u0117 Memory\"}]},{\"@type\":\"WebSite\",\"@id\":\"https:\/\/matildoslituanistinemokykla.co.uk\/#website\",\"url\":\"https:\/\/matildoslituanistinemokykla.co.uk\/\",\"name\":\"Matildoslituanistinemokykla\",\"description\":\"\",\"publisher\":{\"@id\":\"https:\/\/matildoslituanistinemokykla.co.uk\/#organization\"},\"potentialAction\":[{\"@type\":\"SearchAction\",\"target\":{\"@type\":\"EntryPoint\",\"urlTemplate\":\"https:\/\/matildoslituanistinemokykla.co.uk\/?s={search_term_string}\"},\"query-input\":{\"@type\":\"PropertyValueSpecification\",\"valueRequired\":true,\"valueName\":\"search_term_string\"}}],\"inLanguage\":\"en-GB\"},{\"@type\":\"Organization\",\"@id\":\"https:\/\/matildoslituanistinemokykla.co.uk\/#organization\",\"name\":\"Matildoslituanistinemokykla\",\"url\":\"https:\/\/matildoslituanistinemokykla.co.uk\/\",\"logo\":{\"@type\":\"ImageObject\",\"inLanguage\":\"en-GB\",\"@id\":\"https:\/\/matildoslituanistinemokykla.co.uk\/#\/schema\/logo\/image\/\",\"url\":\"https:\/\/matildoslituanistinemokykla.co.uk\/wp-content\/uploads\/2023\/08\/Matildos-Lituanistine-mokykla_logo_final.png\",\"contentUrl\":\"https:\/\/matildoslituanistinemokykla.co.uk\/wp-content\/uploads\/2023\/08\/Matildos-Lituanistine-mokykla_logo_final.png\",\"width\":1203,\"height\":947,\"caption\":\"Matildoslituanistinemokykla\"},\"image\":{\"@id\":\"https:\/\/matildoslituanistinemokykla.co.uk\/#\/schema\/logo\/image\/\"}}]}<\/script>\n<!-- \/ Yoast SEO plugin. -->","yoast_head_json":{"title":"Kak\u0117 Mak\u0117 Memory - Matildoslituanistinemokykla","robots":{"index":"index","follow":"follow","max-snippet":"max-snippet:-1","max-image-preview":"max-image-preview:large","max-video-preview":"max-video-preview:-1"},"canonical":"https:\/\/matildoslituanistinemokykla.co.uk\/en\/product\/kake-make-memory-2\/","og_locale":"en_GB","og_type":"article","og_title":"Kak\u0117 Mak\u0117 Memory - Matildoslituanistinemokykla","og_description":"Atminties \u017eaidimai, nors ir turintys daug skirting\u0173 variant\u0173, yra nesud\u0117tingi, tad puikiai\u00a0tinka b\u016bti\u00a0\u00a0pirmuoju pasirinkimu, nuo ko galima prad\u0117ti jaun\u0173j\u0173 \u017eaid\u0117j\u0173 ir stalo \u017eaidim\u0173 pa\u017eint\u012f. Turb\u016bt kiekvienas i\u0161 m\u016bs\u0173 esame \u017eaid\u0119 kurios nors r\u016b\u0161ies atminties \u017eaidim\u0105. Ie\u0161koj\u0119 5 skirtum\u0173 dviejuose i\u0161 pirmo \u017evilgsnio identi\u0161kuose\u00a0\u00a0paveiksl\u0117liuose; r\u016b\u0161iav\u0119 spalvotas ir gra\u017eias gyv\u016bn\u0173 korteles poromis; ar kapst\u0119si atminties labirintuose, spr\u0119sdami kry\u017eia\u017eod\u012f prie arbatos puodelio. Visi \u0161ie laisvalaikio praleidimo b\u016bdai reikalauja atminties norint juos iki galo u\u017ebaigti. O lavindami atmint\u012f, taip pat pl\u0117tojame ir kitus geb\u0117jimus.","og_url":"https:\/\/matildoslituanistinemokykla.co.uk\/en\/product\/kake-make-memory-2\/","og_site_name":"Matildoslituanistinemokykla","article_modified_time":"2025-03-14T09:45:03+00:00","og_image":[{"width":2560,"height":2560,"url":"https:\/\/matildoslituanistinemokykla.co.uk\/wp-content\/uploads\/2024\/02\/4.1-1.jpg","type":"image\/jpeg"}],"twitter_card":"summary_large_image","twitter_misc":{"Estimated reading time":"1 minute"},"schema":{"@context":"https:\/\/schema.org","@graph":[{"@type":"WebPage","@id":"https:\/\/matildoslituanistinemokykla.co.uk\/product\/kake-make-memory-2\/","url":"https:\/\/matildoslituanistinemokykla.co.uk\/product\/kake-make-memory-2\/","name":"Kak\u0117 Mak\u0117 Memory - Matildoslituanistinemokykla","isPartOf":{"@id":"https:\/\/matildoslituanistinemokykla.co.uk\/#website"},"primaryImageOfPage":{"@id":"https:\/\/matildoslituanistinemokykla.co.uk\/product\/kake-make-memory-2\/#primaryimage"},"image":{"@id":"https:\/\/matildoslituanistinemokykla.co.uk\/product\/kake-make-memory-2\/#primaryimage"},"thumbnailUrl":"https:\/\/matildoslituanistinemokykla.co.uk\/wp-content\/uploads\/2024\/02\/4.1-1.jpg","datePublished":"2024-02-09T20:50:57+00:00","dateModified":"2025-03-14T09:45:03+00:00","breadcrumb":{"@id":"https:\/\/matildoslituanistinemokykla.co.uk\/product\/kake-make-memory-2\/#breadcrumb"},"inLanguage":"en-GB","potentialAction":[{"@type":"ReadAction","target":["https:\/\/matildoslituanistinemokykla.co.uk\/product\/kake-make-memory-2\/"]}]},{"@type":"ImageObject","inLanguage":"en-GB","@id":"https:\/\/matildoslituanistinemokykla.co.uk\/product\/kake-make-memory-2\/#primaryimage","url":"https:\/\/matildoslituanistinemokykla.co.uk\/wp-content\/uploads\/2024\/02\/4.1-1.jpg","contentUrl":"https:\/\/matildoslituanistinemokykla.co.uk\/wp-content\/uploads\/2024\/02\/4.1-1.jpg","width":2560,"height":2560},{"@type":"BreadcrumbList","@id":"https:\/\/matildoslituanistinemokykla.co.uk\/product\/kake-make-memory-2\/#breadcrumb","itemListElement":[{"@type":"ListItem","position":1,"name":"Home","item":"https:\/\/matildoslituanistinemokykla.co.uk\/"},{"@type":"ListItem","position":2,"name":"Parduotuv\u0117","item":"https:\/\/matildoslituanistinemokykla.co.uk\/parduotuve\/"},{"@type":"ListItem","position":3,"name":"Kak\u0117 Mak\u0117 Memory"}]},{"@type":"WebSite","@id":"https:\/\/matildoslituanistinemokykla.co.uk\/#website","url":"https:\/\/matildoslituanistinemokykla.co.uk\/","name":"Matildoslituanistinemokykla","description":"","publisher":{"@id":"https:\/\/matildoslituanistinemokykla.co.uk\/#organization"},"potentialAction":[{"@type":"SearchAction","target":{"@type":"EntryPoint","urlTemplate":"https:\/\/matildoslituanistinemokykla.co.uk\/?s={search_term_string}"},"query-input":{"@type":"PropertyValueSpecification","valueRequired":true,"valueName":"search_term_string"}}],"inLanguage":"en-GB"},{"@type":"Organization","@id":"https:\/\/matildoslituanistinemokykla.co.uk\/#organization","name":"Matildoslituanistinemokykla","url":"https:\/\/matildoslituanistinemokykla.co.uk\/","logo":{"@type":"ImageObject","inLanguage":"en-GB","@id":"https:\/\/matildoslituanistinemokykla.co.uk\/#\/schema\/logo\/image\/","url":"https:\/\/matildoslituanistinemokykla.co.uk\/wp-content\/uploads\/2023\/08\/Matildos-Lituanistine-mokykla_logo_final.png","contentUrl":"https:\/\/matildoslituanistinemokykla.co.uk\/wp-content\/uploads\/2023\/08\/Matildos-Lituanistine-mokykla_logo_final.png","width":1203,"height":947,"caption":"Matildoslituanistinemokykla"},"image":{"@id":"https:\/\/matildoslituanistinemokykla.co.uk\/#\/schema\/logo\/image\/"}}]}},"_links":{"self":[{"href":"https:\/\/matildoslituanistinemokykla.co.uk\/en\/wp-json\/wp\/v2\/product\/989580","targetHints":{"allow":["GET"]}}],"collection":[{"href":"https:\/\/matildoslituanistinemokykla.co.uk\/en\/wp-json\/wp\/v2\/product"}],"about":[{"href":"https:\/\/matildoslituanistinemokykla.co.uk\/en\/wp-json\/wp\/v2\/types\/product"}],"replies":[{"embeddable":true,"href":"https:\/\/matildoslituanistinemokykla.co.uk\/en\/wp-json\/wp\/v2\/comments?post=989580"}],"wp:featuredmedia":[{"embeddable":true,"href":"https:\/\/matildoslituanistinemokykla.co.uk\/en\/wp-json\/wp\/v2\/media\/989581"}],"wp:attachment":[{"href":"https:\/\/matildoslituanistinemokykla.co.uk\/en\/wp-json\/wp\/v2\/media?parent=989580"}],"wp:term":[{"taxonomy":"product_brand","embeddable":true,"href":"https:\/\/matildoslituanistinemokykla.co.uk\/en\/wp-json\/wp\/v2\/product_brand?post=989580"},{"taxonomy":"product_cat","embeddable":true,"href":"https:\/\/matildoslituanistinemokykla.co.uk\/en\/wp-json\/wp\/v2\/product_cat?post=989580"},{"taxonomy":"product_tag","embeddable":true,"href":"https:\/\/matildoslituanistinemokykla.co.uk\/en\/wp-json\/wp\/v2\/product_tag?post=989580"}],"curies":[{"name":"wp","href":"https:\/\/api.w.org\/{rel}","templated":true}]}}