{"id":989668,"date":"2024-02-25T14:36:00","date_gmt":"2024-02-25T14:36:00","guid":{"rendered":"https:\/\/matildoslituanistinemokykla.co.uk\/?post_type=product&#038;p=989668"},"modified":"2024-03-18T16:59:17","modified_gmt":"2024-03-18T16:59:17","slug":"zvarbuko-tepaliukas-nuo-salcio","status":"publish","type":"product","link":"https:\/\/matildoslituanistinemokykla.co.uk\/en\/product\/zvarbuko-tepaliukas-nuo-salcio\/","title":{"rendered":"FISHER'S FLOAT against the cold"},"content":{"rendered":"<div class=\"vgblk-rw-wrapper limit-wrapper\">\n<h3 class=\"product-information-heading\">PRODUCT INFORMATION<\/h3>\n<div class=\"row\">\n<div class=\"col-xs-12 col-md-6\">\n<div class=\"rte\">\n<p><strong>100% Natural Nile Shea Oil<\/strong><\/p>\n<p>The Starling, nestled in a handy metal box, will help you safely enjoy winter fun. A must-have in every baby's kit from birth. Natural shea butter oil will help protect children's skin from harsh weather, moisturise the face and nasal mucous membranes in dry weather at home, and help unclog blocked noses.<\/p>\n<p>Suitable for both small and large cheeks!<\/p>\n<p><strong>USE<\/strong>: apply to the skin of the face or the whole body and to the mucous membranes of the nose as often as you like.<\/p>\n<\/div>\n<\/div>\n<\/div>\n<p>&nbsp;<\/p>\n<div class=\"data-sheet entry\">\n<table>\n<tbody>\n<tr>\n<td>Quantity<\/td>\n<td>30 ml<\/td>\n<\/tr>\n<tr>\n<td>Main active ingredients<\/td>\n<td>Shea butter oil<\/td>\n<\/tr>\n<tr>\n<td>By age group<\/td>\n<td>For babies<\/td>\n<\/tr>\n<\/tbody>\n<\/table>\n<\/div>\n<div class=\"rte structure-description\">\n<p><strong>INGREDIENTS<\/strong>: Butyrospermum parkii Butter<\/p>\n<\/div>\n<\/div>\n<p><!-- .vgblk-rw-wrapper --><\/p>","protected":false},"excerpt":{"rendered":"<p>Essential in every baby's kit from birth. Natural shea butter oil will help protect children's skin from harsh weather and cold, moisturise the face and nasal mucous membranes in dry weather at home, and help unclog blocked noses.<\/p>","protected":false},"featured_media":989670,"comment_status":"open","ping_status":"closed","template":"","meta":[],"product_brand":[],"product_cat":[72,71,70],"product_tag":[],"class_list":{"0":"post-989668","1":"product","2":"type-product","3":"status-publish","4":"has-post-thumbnail","6":"product_cat-biocos-prekes","7":"product_cat-kosmetika-ir-higiena","8":"product_cat-visos-prekes","10":"first","11":"instock","12":"shipping-taxable","13":"purchasable","14":"product-type-simple"},"yoast_head":"<!-- This site is optimized with the Yoast SEO plugin v25.8 - https:\/\/yoast.com\/wordpress\/plugins\/seo\/ -->\n<title>\u017dVARBUKO TEPALIUKAS nuo \u0161al\u010dio - Matildoslituanistinemokykla<\/title>\n<meta name=\"robots\" content=\"index, follow, max-snippet:-1, max-image-preview:large, max-video-preview:-1\" \/>\n<link rel=\"canonical\" href=\"https:\/\/matildoslituanistinemokykla.co.uk\/en\/product\/zvarbuko-tepaliukas-nuo-salcio\/\" \/>\n<meta property=\"og:locale\" content=\"en_GB\" \/>\n<meta property=\"og:type\" content=\"article\" \/>\n<meta property=\"og:title\" content=\"\u017dVARBUKO TEPALIUKAS nuo \u0161al\u010dio - Matildoslituanistinemokykla\" \/>\n<meta property=\"og:description\" content=\"B\u016btinas kiekvieno k\u016bdikio rinkinyje nuo gimimo. Nat\u016bralus sviestmed\u017ei\u0173 aliejus pad\u0117s apsaugoti vaik\u0173 odel\u0119 nuo \u017evarbaus oro, \u0161al\u010dio, dr\u0117kins veiduk\u0105 bei nosies gleivin\u0119 esant sausam orui namuose, pad\u0117s atlaisvinti u\u017esikim\u0161usi\u0105 nosyt\u0119.\" \/>\n<meta property=\"og:url\" content=\"https:\/\/matildoslituanistinemokykla.co.uk\/en\/product\/zvarbuko-tepaliukas-nuo-salcio\/\" \/>\n<meta property=\"og:site_name\" content=\"Matildoslituanistinemokykla\" \/>\n<meta property=\"article:modified_time\" content=\"2024-03-18T16:59:17+00:00\" \/>\n<meta property=\"og:image\" content=\"https:\/\/matildoslituanistinemokykla.co.uk\/wp-content\/uploads\/2024\/02\/zvarbuko-tepaliukas.png\" \/>\n\t<meta property=\"og:image:width\" content=\"600\" \/>\n\t<meta property=\"og:image:height\" content=\"600\" \/>\n\t<meta property=\"og:image:type\" content=\"image\/png\" \/>\n<meta name=\"twitter:card\" content=\"summary_large_image\" \/>\n<meta name=\"twitter:label1\" content=\"Estimated reading time\" \/>\n\t<meta name=\"twitter:data1\" content=\"1 minute\" \/>\n<script type=\"application\/ld+json\" class=\"yoast-schema-graph\">{\"@context\":\"https:\/\/schema.org\",\"@graph\":[{\"@type\":\"WebPage\",\"@id\":\"https:\/\/matildoslituanistinemokykla.co.uk\/product\/zvarbuko-tepaliukas-nuo-salcio\/\",\"url\":\"https:\/\/matildoslituanistinemokykla.co.uk\/product\/zvarbuko-tepaliukas-nuo-salcio\/\",\"name\":\"\u017dVARBUKO TEPALIUKAS nuo \u0161al\u010dio - Matildoslituanistinemokykla\",\"isPartOf\":{\"@id\":\"https:\/\/matildoslituanistinemokykla.co.uk\/#website\"},\"primaryImageOfPage\":{\"@id\":\"https:\/\/matildoslituanistinemokykla.co.uk\/product\/zvarbuko-tepaliukas-nuo-salcio\/#primaryimage\"},\"image\":{\"@id\":\"https:\/\/matildoslituanistinemokykla.co.uk\/product\/zvarbuko-tepaliukas-nuo-salcio\/#primaryimage\"},\"thumbnailUrl\":\"https:\/\/matildoslituanistinemokykla.co.uk\/wp-content\/uploads\/2024\/02\/zvarbuko-tepaliukas.png\",\"datePublished\":\"2024-02-25T14:36:00+00:00\",\"dateModified\":\"2024-03-18T16:59:17+00:00\",\"breadcrumb\":{\"@id\":\"https:\/\/matildoslituanistinemokykla.co.uk\/product\/zvarbuko-tepaliukas-nuo-salcio\/#breadcrumb\"},\"inLanguage\":\"en-GB\",\"potentialAction\":[{\"@type\":\"ReadAction\",\"target\":[\"https:\/\/matildoslituanistinemokykla.co.uk\/product\/zvarbuko-tepaliukas-nuo-salcio\/\"]}]},{\"@type\":\"ImageObject\",\"inLanguage\":\"en-GB\",\"@id\":\"https:\/\/matildoslituanistinemokykla.co.uk\/product\/zvarbuko-tepaliukas-nuo-salcio\/#primaryimage\",\"url\":\"https:\/\/matildoslituanistinemokykla.co.uk\/wp-content\/uploads\/2024\/02\/zvarbuko-tepaliukas.png\",\"contentUrl\":\"https:\/\/matildoslituanistinemokykla.co.uk\/wp-content\/uploads\/2024\/02\/zvarbuko-tepaliukas.png\",\"width\":600,\"height\":600},{\"@type\":\"BreadcrumbList\",\"@id\":\"https:\/\/matildoslituanistinemokykla.co.uk\/product\/zvarbuko-tepaliukas-nuo-salcio\/#breadcrumb\",\"itemListElement\":[{\"@type\":\"ListItem\",\"position\":1,\"name\":\"Home\",\"item\":\"https:\/\/matildoslituanistinemokykla.co.uk\/\"},{\"@type\":\"ListItem\",\"position\":2,\"name\":\"Parduotuv\u0117\",\"item\":\"https:\/\/matildoslituanistinemokykla.co.uk\/parduotuve\/\"},{\"@type\":\"ListItem\",\"position\":3,\"name\":\"\u017dVARBUKO TEPALIUKAS nuo \u0161al\u010dio\"}]},{\"@type\":\"WebSite\",\"@id\":\"https:\/\/matildoslituanistinemokykla.co.uk\/#website\",\"url\":\"https:\/\/matildoslituanistinemokykla.co.uk\/\",\"name\":\"Matildoslituanistinemokykla\",\"description\":\"\",\"publisher\":{\"@id\":\"https:\/\/matildoslituanistinemokykla.co.uk\/#organization\"},\"potentialAction\":[{\"@type\":\"SearchAction\",\"target\":{\"@type\":\"EntryPoint\",\"urlTemplate\":\"https:\/\/matildoslituanistinemokykla.co.uk\/?s={search_term_string}\"},\"query-input\":{\"@type\":\"PropertyValueSpecification\",\"valueRequired\":true,\"valueName\":\"search_term_string\"}}],\"inLanguage\":\"en-GB\"},{\"@type\":\"Organization\",\"@id\":\"https:\/\/matildoslituanistinemokykla.co.uk\/#organization\",\"name\":\"Matildoslituanistinemokykla\",\"url\":\"https:\/\/matildoslituanistinemokykla.co.uk\/\",\"logo\":{\"@type\":\"ImageObject\",\"inLanguage\":\"en-GB\",\"@id\":\"https:\/\/matildoslituanistinemokykla.co.uk\/#\/schema\/logo\/image\/\",\"url\":\"https:\/\/matildoslituanistinemokykla.co.uk\/wp-content\/uploads\/2023\/08\/Matildos-Lituanistine-mokykla_logo_final.png\",\"contentUrl\":\"https:\/\/matildoslituanistinemokykla.co.uk\/wp-content\/uploads\/2023\/08\/Matildos-Lituanistine-mokykla_logo_final.png\",\"width\":1203,\"height\":947,\"caption\":\"Matildoslituanistinemokykla\"},\"image\":{\"@id\":\"https:\/\/matildoslituanistinemokykla.co.uk\/#\/schema\/logo\/image\/\"}}]}<\/script>\n<!-- \/ Yoast SEO plugin. -->","yoast_head_json":{"title":"\u017dVARBUKO TEPALIUKAS nuo \u0161al\u010dio - Matildoslituanistinemokykla","robots":{"index":"index","follow":"follow","max-snippet":"max-snippet:-1","max-image-preview":"max-image-preview:large","max-video-preview":"max-video-preview:-1"},"canonical":"https:\/\/matildoslituanistinemokykla.co.uk\/en\/product\/zvarbuko-tepaliukas-nuo-salcio\/","og_locale":"en_GB","og_type":"article","og_title":"\u017dVARBUKO TEPALIUKAS nuo \u0161al\u010dio - Matildoslituanistinemokykla","og_description":"B\u016btinas kiekvieno k\u016bdikio rinkinyje nuo gimimo. Nat\u016bralus sviestmed\u017ei\u0173 aliejus pad\u0117s apsaugoti vaik\u0173 odel\u0119 nuo \u017evarbaus oro, \u0161al\u010dio, dr\u0117kins veiduk\u0105 bei nosies gleivin\u0119 esant sausam orui namuose, pad\u0117s atlaisvinti u\u017esikim\u0161usi\u0105 nosyt\u0119.","og_url":"https:\/\/matildoslituanistinemokykla.co.uk\/en\/product\/zvarbuko-tepaliukas-nuo-salcio\/","og_site_name":"Matildoslituanistinemokykla","article_modified_time":"2024-03-18T16:59:17+00:00","og_image":[{"width":600,"height":600,"url":"https:\/\/matildoslituanistinemokykla.co.uk\/wp-content\/uploads\/2024\/02\/zvarbuko-tepaliukas.png","type":"image\/png"}],"twitter_card":"summary_large_image","twitter_misc":{"Estimated reading time":"1 minute"},"schema":{"@context":"https:\/\/schema.org","@graph":[{"@type":"WebPage","@id":"https:\/\/matildoslituanistinemokykla.co.uk\/product\/zvarbuko-tepaliukas-nuo-salcio\/","url":"https:\/\/matildoslituanistinemokykla.co.uk\/product\/zvarbuko-tepaliukas-nuo-salcio\/","name":"\u017dVARBUKO TEPALIUKAS nuo \u0161al\u010dio - Matildoslituanistinemokykla","isPartOf":{"@id":"https:\/\/matildoslituanistinemokykla.co.uk\/#website"},"primaryImageOfPage":{"@id":"https:\/\/matildoslituanistinemokykla.co.uk\/product\/zvarbuko-tepaliukas-nuo-salcio\/#primaryimage"},"image":{"@id":"https:\/\/matildoslituanistinemokykla.co.uk\/product\/zvarbuko-tepaliukas-nuo-salcio\/#primaryimage"},"thumbnailUrl":"https:\/\/matildoslituanistinemokykla.co.uk\/wp-content\/uploads\/2024\/02\/zvarbuko-tepaliukas.png","datePublished":"2024-02-25T14:36:00+00:00","dateModified":"2024-03-18T16:59:17+00:00","breadcrumb":{"@id":"https:\/\/matildoslituanistinemokykla.co.uk\/product\/zvarbuko-tepaliukas-nuo-salcio\/#breadcrumb"},"inLanguage":"en-GB","potentialAction":[{"@type":"ReadAction","target":["https:\/\/matildoslituanistinemokykla.co.uk\/product\/zvarbuko-tepaliukas-nuo-salcio\/"]}]},{"@type":"ImageObject","inLanguage":"en-GB","@id":"https:\/\/matildoslituanistinemokykla.co.uk\/product\/zvarbuko-tepaliukas-nuo-salcio\/#primaryimage","url":"https:\/\/matildoslituanistinemokykla.co.uk\/wp-content\/uploads\/2024\/02\/zvarbuko-tepaliukas.png","contentUrl":"https:\/\/matildoslituanistinemokykla.co.uk\/wp-content\/uploads\/2024\/02\/zvarbuko-tepaliukas.png","width":600,"height":600},{"@type":"BreadcrumbList","@id":"https:\/\/matildoslituanistinemokykla.co.uk\/product\/zvarbuko-tepaliukas-nuo-salcio\/#breadcrumb","itemListElement":[{"@type":"ListItem","position":1,"name":"Home","item":"https:\/\/matildoslituanistinemokykla.co.uk\/"},{"@type":"ListItem","position":2,"name":"Parduotuv\u0117","item":"https:\/\/matildoslituanistinemokykla.co.uk\/parduotuve\/"},{"@type":"ListItem","position":3,"name":"\u017dVARBUKO TEPALIUKAS nuo \u0161al\u010dio"}]},{"@type":"WebSite","@id":"https:\/\/matildoslituanistinemokykla.co.uk\/#website","url":"https:\/\/matildoslituanistinemokykla.co.uk\/","name":"Matildoslituanistinemokykla","description":"","publisher":{"@id":"https:\/\/matildoslituanistinemokykla.co.uk\/#organization"},"potentialAction":[{"@type":"SearchAction","target":{"@type":"EntryPoint","urlTemplate":"https:\/\/matildoslituanistinemokykla.co.uk\/?s={search_term_string}"},"query-input":{"@type":"PropertyValueSpecification","valueRequired":true,"valueName":"search_term_string"}}],"inLanguage":"en-GB"},{"@type":"Organization","@id":"https:\/\/matildoslituanistinemokykla.co.uk\/#organization","name":"Matildoslituanistinemokykla","url":"https:\/\/matildoslituanistinemokykla.co.uk\/","logo":{"@type":"ImageObject","inLanguage":"en-GB","@id":"https:\/\/matildoslituanistinemokykla.co.uk\/#\/schema\/logo\/image\/","url":"https:\/\/matildoslituanistinemokykla.co.uk\/wp-content\/uploads\/2023\/08\/Matildos-Lituanistine-mokykla_logo_final.png","contentUrl":"https:\/\/matildoslituanistinemokykla.co.uk\/wp-content\/uploads\/2023\/08\/Matildos-Lituanistine-mokykla_logo_final.png","width":1203,"height":947,"caption":"Matildoslituanistinemokykla"},"image":{"@id":"https:\/\/matildoslituanistinemokykla.co.uk\/#\/schema\/logo\/image\/"}}]}},"_links":{"self":[{"href":"https:\/\/matildoslituanistinemokykla.co.uk\/en\/wp-json\/wp\/v2\/product\/989668","targetHints":{"allow":["GET"]}}],"collection":[{"href":"https:\/\/matildoslituanistinemokykla.co.uk\/en\/wp-json\/wp\/v2\/product"}],"about":[{"href":"https:\/\/matildoslituanistinemokykla.co.uk\/en\/wp-json\/wp\/v2\/types\/product"}],"replies":[{"embeddable":true,"href":"https:\/\/matildoslituanistinemokykla.co.uk\/en\/wp-json\/wp\/v2\/comments?post=989668"}],"wp:featuredmedia":[{"embeddable":true,"href":"https:\/\/matildoslituanistinemokykla.co.uk\/en\/wp-json\/wp\/v2\/media\/989670"}],"wp:attachment":[{"href":"https:\/\/matildoslituanistinemokykla.co.uk\/en\/wp-json\/wp\/v2\/media?parent=989668"}],"wp:term":[{"taxonomy":"product_brand","embeddable":true,"href":"https:\/\/matildoslituanistinemokykla.co.uk\/en\/wp-json\/wp\/v2\/product_brand?post=989668"},{"taxonomy":"product_cat","embeddable":true,"href":"https:\/\/matildoslituanistinemokykla.co.uk\/en\/wp-json\/wp\/v2\/product_cat?post=989668"},{"taxonomy":"product_tag","embeddable":true,"href":"https:\/\/matildoslituanistinemokykla.co.uk\/en\/wp-json\/wp\/v2\/product_tag?post=989668"}],"curies":[{"name":"wp","href":"https:\/\/api.w.org\/{rel}","templated":true}]}}