{"id":989673,"date":"2024-02-25T14:38:55","date_gmt":"2024-02-25T14:38:55","guid":{"rendered":"https:\/\/matildoslituanistinemokykla.co.uk\/?post_type=product&#038;p=989673"},"modified":"2025-11-03T10:17:22","modified_gmt":"2025-11-03T10:17:22","slug":"rami-mama-aromaterapinis-balzamas","status":"publish","type":"product","link":"https:\/\/matildoslituanistinemokykla.co.uk\/en\/product\/rami-mama-aromaterapinis-balzamas\/","title":{"rendered":"RAMI MAMA aromatherapy balm"},"content":{"rendered":"<div class=\"vgblk-rw-wrapper limit-wrapper\">\n<h3 class=\"product-information-heading\">PRODUCT INFORMATION<\/h3>\n<div class=\"row\">\n<div class=\"col-xs-12 col-md-6\">\n<div class=\"rte\">\n<p><strong><span lang=\"en-gb\" xml:lang=\"en-gb\">Aromatherapy balm is 100% nat<\/span><\/strong><strong><span lang=\"lt\" xml:lang=\"lt\">A natural blend of plant and essential oils to improve emotions and well-being. The balms are based on the properties of essential oils and the long experience of aromatherapists. The balms are applied directly to the skin. The balm has a pleasant scent, but it is not a perfume, so the scent is short-lived and is only noticeable to the person applying it. For the best effect, we recommend applying the balm to the wrists and inhaling deeply its natural aroma.<\/span><\/strong><\/p>\n<p><strong><span lang=\"lt\" xml:lang=\"lt\"><b><span lang=\"en-gb\" xml:lang=\"en-gb\">ACTIVE INGREDIENTS<\/span><\/b><span lang=\"en-gb\" xml:lang=\"en-gb\">:<\/span><\/span><\/strong><\/p>\n<ul>\n<li><strong><span lang=\"en-gb\" xml:lang=\"en-gb\">Ylang ylang essential oil<\/span><\/strong><span lang=\"en-gb\" xml:lang=\"en-gb\">\u00a0- harmonises the mind, calms the nervous system, helps reduce anxiety and improves sleep. Ylang ylang oil has long been considered an aphrodisiac and can help unlock sexuality.<\/span><\/li>\n<li><span lang=\"en-gb\" xml:lang=\"en-gb\"><strong>Chamomile essential oil<\/strong>\u00a0- helps you to relieve tension and stress, to feel bliss and enjoy the moment, to let go of overly high expectations and to accept help from those who can provide it.<\/span><\/li>\n<li><span lang=\"en-gb\" xml:lang=\"en-gb\"><strong>Santal essential oil<\/strong>\u00a0- helps restore unity of mind and soul, calms the emotions and tones the nervous system.<\/span><\/li>\n<li><span lang=\"en-gb\" xml:lang=\"en-gb\"><strong>Bergamot essential oil<\/strong>\u00a0- refreshes, relaxes, creates a good mood, gives optimism, balances the Qui-energy flow in the body.<\/span><\/li>\n<\/ul>\n<p><strong><span lang=\"en-gb\" xml:lang=\"en-gb\">USE<\/span><\/strong><span lang=\"en-gb\" xml:lang=\"en-gb\">: apply to your wrists several times a day and inhale deeply, letting the scent fill the deepest recesses of your body. Use as many times a day as you feel the need.<\/span><\/p>\n<div class=\"data-sheet entry\">\n<table>\n<tbody>\n<tr>\n<td>Quantity<\/td>\n<td>10 ml<\/td>\n<\/tr>\n<tr>\n<td>Effects on emotions<\/td>\n<td>Balancing\/Harmonising, Calming\/Relaxing, Mood, Stress Management<\/td>\n<\/tr>\n<\/tbody>\n<\/table>\n<\/div>\n<div class=\"rte structure-description\">\n<p><strong>INGREDIENTS<\/strong>Capryl triglyceride, Cananga odorata flower oil, Anthemis nobilis (Roman chamomile) oil, Cpaifera Officinalis (Balsam Copaiba) Resin, Citrus Aurantium Bergamia (Bergamot) Peel oil, Santalum spicatum seed oil<\/p>\n<\/div>\n<\/div>\n<\/div>\n<\/div>\n<\/div>\n<p><!-- .vgblk-rw-wrapper --><\/p>","protected":false},"excerpt":{"rendered":"<p>100% natural aromatherapy product with ball applicator for use on the skin. The gentle, non-intense exotic floral fragrance with essential oils of ylang ylang, chamomile, bergamot, sandalwood and copal will not only calm and soothe the mind, but also brighten the mood, encourage optimism and help your mother to overcome difficulties. The scent has a positive effect not only on the mother, but also on the baby around her.<\/p>","protected":false},"featured_media":989674,"comment_status":"open","ping_status":"closed","template":"","meta":[],"product_brand":[],"product_cat":[72,71,70],"product_tag":[],"class_list":{"0":"post-989673","1":"product","2":"type-product","3":"status-publish","4":"has-post-thumbnail","6":"product_cat-biocos-prekes","7":"product_cat-kosmetika-ir-higiena","8":"product_cat-visos-prekes","10":"first","11":"outofstock","12":"shipping-taxable","13":"purchasable","14":"product-type-simple"},"yoast_head":"<!-- This site is optimized with the Yoast SEO plugin v25.8 - https:\/\/yoast.com\/wordpress\/plugins\/seo\/ -->\n<title>RAMI MAMA aromaterapinis balzamas - Matildoslituanistinemokykla<\/title>\n<meta name=\"robots\" content=\"index, follow, max-snippet:-1, max-image-preview:large, max-video-preview:-1\" \/>\n<link rel=\"canonical\" href=\"https:\/\/matildoslituanistinemokykla.co.uk\/en\/product\/rami-mama-aromaterapinis-balzamas\/\" \/>\n<meta property=\"og:locale\" content=\"en_GB\" \/>\n<meta property=\"og:type\" content=\"article\" \/>\n<meta property=\"og:title\" content=\"RAMI MAMA aromaterapinis balzamas - Matildoslituanistinemokykla\" \/>\n<meta property=\"og:description\" content=\"100% nat\u016brali aromaterapin\u0117 priemon\u0117 su rutuliniu aplikatoriumi skirta naudoti ant odos. \u0160velnus, neintensyvus egzotini\u0173 g\u0117li\u0173 aromatas su ylang ylang, ramun\u0117li\u0173, bergamot\u0117s, santalo ir kopali\u0173 eteriniais aliejais ne tik ramins, bet ir nuskaidrins mintis, skatins ger\u0105 nuotaik\u0105, suteiks optimizmo, pad\u0117s mamai \u012fveikti sunkumus. Kvapas teigiamai veikia ne tik mam\u0105, bet ir \u0161alia jos esant\u012f ma\u017eyl\u012f.\" \/>\n<meta property=\"og:url\" content=\"https:\/\/matildoslituanistinemokykla.co.uk\/en\/product\/rami-mama-aromaterapinis-balzamas\/\" \/>\n<meta property=\"og:site_name\" content=\"Matildoslituanistinemokykla\" \/>\n<meta property=\"article:modified_time\" content=\"2025-11-03T10:17:22+00:00\" \/>\n<meta property=\"og:image\" content=\"https:\/\/matildoslituanistinemokykla.co.uk\/wp-content\/uploads\/2024\/02\/rami-mama-aromaterapinis-tepamas-misinys-roleteje-10-ml.png\" \/>\n\t<meta property=\"og:image:width\" content=\"600\" \/>\n\t<meta property=\"og:image:height\" content=\"600\" \/>\n\t<meta property=\"og:image:type\" content=\"image\/png\" \/>\n<meta name=\"twitter:card\" content=\"summary_large_image\" \/>\n<meta name=\"twitter:label1\" content=\"Estimated reading time\" \/>\n\t<meta name=\"twitter:data1\" content=\"2 minutes\" \/>\n<script type=\"application\/ld+json\" class=\"yoast-schema-graph\">{\"@context\":\"https:\/\/schema.org\",\"@graph\":[{\"@type\":\"WebPage\",\"@id\":\"https:\/\/matildoslituanistinemokykla.co.uk\/product\/rami-mama-aromaterapinis-balzamas\/\",\"url\":\"https:\/\/matildoslituanistinemokykla.co.uk\/product\/rami-mama-aromaterapinis-balzamas\/\",\"name\":\"RAMI MAMA aromaterapinis balzamas - Matildoslituanistinemokykla\",\"isPartOf\":{\"@id\":\"https:\/\/matildoslituanistinemokykla.co.uk\/#website\"},\"primaryImageOfPage\":{\"@id\":\"https:\/\/matildoslituanistinemokykla.co.uk\/product\/rami-mama-aromaterapinis-balzamas\/#primaryimage\"},\"image\":{\"@id\":\"https:\/\/matildoslituanistinemokykla.co.uk\/product\/rami-mama-aromaterapinis-balzamas\/#primaryimage\"},\"thumbnailUrl\":\"https:\/\/matildoslituanistinemokykla.co.uk\/wp-content\/uploads\/2024\/02\/rami-mama-aromaterapinis-tepamas-misinys-roleteje-10-ml.png\",\"datePublished\":\"2024-02-25T14:38:55+00:00\",\"dateModified\":\"2025-11-03T10:17:22+00:00\",\"breadcrumb\":{\"@id\":\"https:\/\/matildoslituanistinemokykla.co.uk\/product\/rami-mama-aromaterapinis-balzamas\/#breadcrumb\"},\"inLanguage\":\"en-GB\",\"potentialAction\":[{\"@type\":\"ReadAction\",\"target\":[\"https:\/\/matildoslituanistinemokykla.co.uk\/product\/rami-mama-aromaterapinis-balzamas\/\"]}]},{\"@type\":\"ImageObject\",\"inLanguage\":\"en-GB\",\"@id\":\"https:\/\/matildoslituanistinemokykla.co.uk\/product\/rami-mama-aromaterapinis-balzamas\/#primaryimage\",\"url\":\"https:\/\/matildoslituanistinemokykla.co.uk\/wp-content\/uploads\/2024\/02\/rami-mama-aromaterapinis-tepamas-misinys-roleteje-10-ml.png\",\"contentUrl\":\"https:\/\/matildoslituanistinemokykla.co.uk\/wp-content\/uploads\/2024\/02\/rami-mama-aromaterapinis-tepamas-misinys-roleteje-10-ml.png\",\"width\":600,\"height\":600},{\"@type\":\"BreadcrumbList\",\"@id\":\"https:\/\/matildoslituanistinemokykla.co.uk\/product\/rami-mama-aromaterapinis-balzamas\/#breadcrumb\",\"itemListElement\":[{\"@type\":\"ListItem\",\"position\":1,\"name\":\"Home\",\"item\":\"https:\/\/matildoslituanistinemokykla.co.uk\/\"},{\"@type\":\"ListItem\",\"position\":2,\"name\":\"Parduotuv\u0117\",\"item\":\"https:\/\/matildoslituanistinemokykla.co.uk\/parduotuve\/\"},{\"@type\":\"ListItem\",\"position\":3,\"name\":\"RAMI MAMA aromaterapinis balzamas\"}]},{\"@type\":\"WebSite\",\"@id\":\"https:\/\/matildoslituanistinemokykla.co.uk\/#website\",\"url\":\"https:\/\/matildoslituanistinemokykla.co.uk\/\",\"name\":\"Matildoslituanistinemokykla\",\"description\":\"\",\"publisher\":{\"@id\":\"https:\/\/matildoslituanistinemokykla.co.uk\/#organization\"},\"potentialAction\":[{\"@type\":\"SearchAction\",\"target\":{\"@type\":\"EntryPoint\",\"urlTemplate\":\"https:\/\/matildoslituanistinemokykla.co.uk\/?s={search_term_string}\"},\"query-input\":{\"@type\":\"PropertyValueSpecification\",\"valueRequired\":true,\"valueName\":\"search_term_string\"}}],\"inLanguage\":\"en-GB\"},{\"@type\":\"Organization\",\"@id\":\"https:\/\/matildoslituanistinemokykla.co.uk\/#organization\",\"name\":\"Matildoslituanistinemokykla\",\"url\":\"https:\/\/matildoslituanistinemokykla.co.uk\/\",\"logo\":{\"@type\":\"ImageObject\",\"inLanguage\":\"en-GB\",\"@id\":\"https:\/\/matildoslituanistinemokykla.co.uk\/#\/schema\/logo\/image\/\",\"url\":\"https:\/\/matildoslituanistinemokykla.co.uk\/wp-content\/uploads\/2023\/08\/Matildos-Lituanistine-mokykla_logo_final.png\",\"contentUrl\":\"https:\/\/matildoslituanistinemokykla.co.uk\/wp-content\/uploads\/2023\/08\/Matildos-Lituanistine-mokykla_logo_final.png\",\"width\":1203,\"height\":947,\"caption\":\"Matildoslituanistinemokykla\"},\"image\":{\"@id\":\"https:\/\/matildoslituanistinemokykla.co.uk\/#\/schema\/logo\/image\/\"}}]}<\/script>\n<!-- \/ Yoast SEO plugin. -->","yoast_head_json":{"title":"RAMI MAMA aromaterapinis balzamas - Matildoslituanistinemokykla","robots":{"index":"index","follow":"follow","max-snippet":"max-snippet:-1","max-image-preview":"max-image-preview:large","max-video-preview":"max-video-preview:-1"},"canonical":"https:\/\/matildoslituanistinemokykla.co.uk\/en\/product\/rami-mama-aromaterapinis-balzamas\/","og_locale":"en_GB","og_type":"article","og_title":"RAMI MAMA aromaterapinis balzamas - Matildoslituanistinemokykla","og_description":"100% nat\u016brali aromaterapin\u0117 priemon\u0117 su rutuliniu aplikatoriumi skirta naudoti ant odos. \u0160velnus, neintensyvus egzotini\u0173 g\u0117li\u0173 aromatas su ylang ylang, ramun\u0117li\u0173, bergamot\u0117s, santalo ir kopali\u0173 eteriniais aliejais ne tik ramins, bet ir nuskaidrins mintis, skatins ger\u0105 nuotaik\u0105, suteiks optimizmo, pad\u0117s mamai \u012fveikti sunkumus. Kvapas teigiamai veikia ne tik mam\u0105, bet ir \u0161alia jos esant\u012f ma\u017eyl\u012f.","og_url":"https:\/\/matildoslituanistinemokykla.co.uk\/en\/product\/rami-mama-aromaterapinis-balzamas\/","og_site_name":"Matildoslituanistinemokykla","article_modified_time":"2025-11-03T10:17:22+00:00","og_image":[{"width":600,"height":600,"url":"https:\/\/matildoslituanistinemokykla.co.uk\/wp-content\/uploads\/2024\/02\/rami-mama-aromaterapinis-tepamas-misinys-roleteje-10-ml.png","type":"image\/png"}],"twitter_card":"summary_large_image","twitter_misc":{"Estimated reading time":"2 minutes"},"schema":{"@context":"https:\/\/schema.org","@graph":[{"@type":"WebPage","@id":"https:\/\/matildoslituanistinemokykla.co.uk\/product\/rami-mama-aromaterapinis-balzamas\/","url":"https:\/\/matildoslituanistinemokykla.co.uk\/product\/rami-mama-aromaterapinis-balzamas\/","name":"RAMI MAMA aromaterapinis balzamas - Matildoslituanistinemokykla","isPartOf":{"@id":"https:\/\/matildoslituanistinemokykla.co.uk\/#website"},"primaryImageOfPage":{"@id":"https:\/\/matildoslituanistinemokykla.co.uk\/product\/rami-mama-aromaterapinis-balzamas\/#primaryimage"},"image":{"@id":"https:\/\/matildoslituanistinemokykla.co.uk\/product\/rami-mama-aromaterapinis-balzamas\/#primaryimage"},"thumbnailUrl":"https:\/\/matildoslituanistinemokykla.co.uk\/wp-content\/uploads\/2024\/02\/rami-mama-aromaterapinis-tepamas-misinys-roleteje-10-ml.png","datePublished":"2024-02-25T14:38:55+00:00","dateModified":"2025-11-03T10:17:22+00:00","breadcrumb":{"@id":"https:\/\/matildoslituanistinemokykla.co.uk\/product\/rami-mama-aromaterapinis-balzamas\/#breadcrumb"},"inLanguage":"en-GB","potentialAction":[{"@type":"ReadAction","target":["https:\/\/matildoslituanistinemokykla.co.uk\/product\/rami-mama-aromaterapinis-balzamas\/"]}]},{"@type":"ImageObject","inLanguage":"en-GB","@id":"https:\/\/matildoslituanistinemokykla.co.uk\/product\/rami-mama-aromaterapinis-balzamas\/#primaryimage","url":"https:\/\/matildoslituanistinemokykla.co.uk\/wp-content\/uploads\/2024\/02\/rami-mama-aromaterapinis-tepamas-misinys-roleteje-10-ml.png","contentUrl":"https:\/\/matildoslituanistinemokykla.co.uk\/wp-content\/uploads\/2024\/02\/rami-mama-aromaterapinis-tepamas-misinys-roleteje-10-ml.png","width":600,"height":600},{"@type":"BreadcrumbList","@id":"https:\/\/matildoslituanistinemokykla.co.uk\/product\/rami-mama-aromaterapinis-balzamas\/#breadcrumb","itemListElement":[{"@type":"ListItem","position":1,"name":"Home","item":"https:\/\/matildoslituanistinemokykla.co.uk\/"},{"@type":"ListItem","position":2,"name":"Parduotuv\u0117","item":"https:\/\/matildoslituanistinemokykla.co.uk\/parduotuve\/"},{"@type":"ListItem","position":3,"name":"RAMI MAMA aromaterapinis balzamas"}]},{"@type":"WebSite","@id":"https:\/\/matildoslituanistinemokykla.co.uk\/#website","url":"https:\/\/matildoslituanistinemokykla.co.uk\/","name":"Matildoslituanistinemokykla","description":"","publisher":{"@id":"https:\/\/matildoslituanistinemokykla.co.uk\/#organization"},"potentialAction":[{"@type":"SearchAction","target":{"@type":"EntryPoint","urlTemplate":"https:\/\/matildoslituanistinemokykla.co.uk\/?s={search_term_string}"},"query-input":{"@type":"PropertyValueSpecification","valueRequired":true,"valueName":"search_term_string"}}],"inLanguage":"en-GB"},{"@type":"Organization","@id":"https:\/\/matildoslituanistinemokykla.co.uk\/#organization","name":"Matildoslituanistinemokykla","url":"https:\/\/matildoslituanistinemokykla.co.uk\/","logo":{"@type":"ImageObject","inLanguage":"en-GB","@id":"https:\/\/matildoslituanistinemokykla.co.uk\/#\/schema\/logo\/image\/","url":"https:\/\/matildoslituanistinemokykla.co.uk\/wp-content\/uploads\/2023\/08\/Matildos-Lituanistine-mokykla_logo_final.png","contentUrl":"https:\/\/matildoslituanistinemokykla.co.uk\/wp-content\/uploads\/2023\/08\/Matildos-Lituanistine-mokykla_logo_final.png","width":1203,"height":947,"caption":"Matildoslituanistinemokykla"},"image":{"@id":"https:\/\/matildoslituanistinemokykla.co.uk\/#\/schema\/logo\/image\/"}}]}},"_links":{"self":[{"href":"https:\/\/matildoslituanistinemokykla.co.uk\/en\/wp-json\/wp\/v2\/product\/989673","targetHints":{"allow":["GET"]}}],"collection":[{"href":"https:\/\/matildoslituanistinemokykla.co.uk\/en\/wp-json\/wp\/v2\/product"}],"about":[{"href":"https:\/\/matildoslituanistinemokykla.co.uk\/en\/wp-json\/wp\/v2\/types\/product"}],"replies":[{"embeddable":true,"href":"https:\/\/matildoslituanistinemokykla.co.uk\/en\/wp-json\/wp\/v2\/comments?post=989673"}],"wp:featuredmedia":[{"embeddable":true,"href":"https:\/\/matildoslituanistinemokykla.co.uk\/en\/wp-json\/wp\/v2\/media\/989674"}],"wp:attachment":[{"href":"https:\/\/matildoslituanistinemokykla.co.uk\/en\/wp-json\/wp\/v2\/media?parent=989673"}],"wp:term":[{"taxonomy":"product_brand","embeddable":true,"href":"https:\/\/matildoslituanistinemokykla.co.uk\/en\/wp-json\/wp\/v2\/product_brand?post=989673"},{"taxonomy":"product_cat","embeddable":true,"href":"https:\/\/matildoslituanistinemokykla.co.uk\/en\/wp-json\/wp\/v2\/product_cat?post=989673"},{"taxonomy":"product_tag","embeddable":true,"href":"https:\/\/matildoslituanistinemokykla.co.uk\/en\/wp-json\/wp\/v2\/product_tag?post=989673"}],"curies":[{"name":"wp","href":"https:\/\/api.w.org\/{rel}","templated":true}]}}