{"id":989686,"date":"2024-03-02T19:55:18","date_gmt":"2024-03-02T19:55:18","guid":{"rendered":"https:\/\/matildoslituanistinemokykla.co.uk\/?post_type=product&#038;p=989686"},"modified":"2025-03-14T09:43:37","modified_gmt":"2025-03-14T09:43:37","slug":"kake-make-ir-pavogtas-laikas","status":"publish","type":"product","link":"https:\/\/matildoslituanistinemokykla.co.uk\/en\/product\/kake-make-ir-pavogtas-laikas\/","title":{"rendered":"KAKE MACHE AND STOLEN TIME"},"content":{"rendered":"<div class=\"vgblk-rw-wrapper limit-wrapper\">Mum is in the kitchen, Dad is on the computer, Grandma is chatting with her friends. All of them don't have time for Kake Makei, so what can she do? After all, she is bored. And anyway... where does family time go? Maybe they have been bewitched by an evil wizard? Maybe time was swallowed by a terribly hungry dragon? Or maybe robbers came to the house and bagged up all the time?<\/p>\n<p>Winnie-the-Pooh is determined to get back the time stolen from her parents and grandmother. She knows what to do, after all - she has read a lot of books, taken wisdom and imagination from them.<\/p>\n<p>Kakei Makei will succeed, and there's never a dull moment when you have a task like this!<\/p>\n<p>\"This book is a snapshot of the scarcity of time through the eyes of a child. It is a wonderful illustration of what goes on in a child's mind when adults are caught up in their own work, trying to concentrate and free themselves from it.\"<\/p>\n<p>Psychologist Asta Bland\u0117<\/p>\n<p>\"Winnie the Pooh and Stolen Time\":<\/p>\n<p>- enrich vocabulary;<\/p>\n<p>- develops emotional intelligence and imagination;<\/p>\n<p>- highlights the benefits of reading books;<\/p>\n<p>- teaches you to look at what adults are doing, where and why time disappears;<\/p>\n<p>- teaches you to use your creativity to solve a variety of tasks;<\/p>\n<p>- encourages them to understand that household and other adult chores are important and necessary, but that there is also time for play and to be together.<\/p>\n<p>What do parents say about the book?<\/p>\n<p>\"This book, I think, is not so much for the child as for the parents to understand where that time disappears to. Nowadays we are in a hurry, doing everything quickly or leaving everything for 'after'. Adults are used to putting things off: not now, but later, when I have done this and that. Children behave differently: if they want to eat, they want to eat now; if they want to play, they play now; if they want to go out, they want to go out now. I think we need to be children more often and spend more time with children.\"<\/p>\n<p>Mama Ugne<\/p>\n<p>The Kaki Mak\u0117 picture books are a hugely popular series of books about a five-year-old girl enjoying her childhood and trying to explore the world around her! And as she explores it, she finds herself in all kinds of situations and experiences fear, jealousy, anger and laziness. The unexpected stories, told through a wealth of unique illustrations, do not moralise, but help to spark the child's imagination and encourage her to find the right answer.<\/p>\n<p>Lina \u017dutaut\u0117 is an artist and writer, a favourite among children, born and still living in \u0160iauliai. Her first book \"Kak\u0117 Mak\u0117 ir Netvarkos nyk\u0161tukas\" (Poppy and the Dwarf of Disorder) was published in 2010 and was recognised as the best book for young readers by the International Children's and Young People's Literature Association (IBBY).In 2013 Lina \u017dutaute was awarded the Children's Literature Prize for her work for children, for the combination of image and word. Her work has been translated into Latvian, Estonian, Russian, Danish, Italian, Korean and many other languages. Having created one of the most famous Lithuanian literary characters - Kaka Mak\u0117 - the author never stops surprising her little readers with new stories!<\/p>\n<p>If your little ones love Winnie-the-Pooh and her friends, we invite you to continue their educational journeys by watching Winnie-the-Pooh videos on YouTube: https:\/\/www.youtube.com\/channel\/UCFWLVZ8cVCyqvKmkEqUdK4w<\/p><\/div>\n<p><!-- .vgblk-rw-wrapper --><\/p>","protected":false},"excerpt":{"rendered":"<h2 class=\"product-full-width__description-title h1\">ABOUT THE KNIGHTS<\/h2>\n<div class=\"product-full-width__description-text\">\n<p>Lina \u017dutaut\u0117 \"Poppy and Stolen Time\"<\/p>\n<p>Recommended for children aged 3-6 years<\/p>\n<\/div>","protected":false},"featured_media":989687,"comment_status":"open","ping_status":"closed","template":"","meta":[],"product_brand":[],"product_cat":[67,68,70],"product_tag":[],"class_list":{"0":"post-989686","1":"product","2":"type-product","3":"status-publish","4":"has-post-thumbnail","6":"product_cat-kakes-makes-produkcija","7":"product_cat-knygos","8":"product_cat-visos-prekes","10":"first","11":"outofstock","12":"sale","13":"shipping-taxable","14":"purchasable","15":"product-type-simple"},"yoast_head":"<!-- This site is optimized with the Yoast SEO plugin v25.8 - https:\/\/yoast.com\/wordpress\/plugins\/seo\/ -->\n<title>KAK\u0116 MAK\u0116 IR PAVOGTAS LAIKAS - Matildoslituanistinemokykla<\/title>\n<meta name=\"robots\" content=\"index, follow, max-snippet:-1, max-image-preview:large, max-video-preview:-1\" \/>\n<link rel=\"canonical\" href=\"https:\/\/matildoslituanistinemokykla.co.uk\/en\/product\/kake-make-ir-pavogtas-laikas\/\" \/>\n<meta property=\"og:locale\" content=\"en_GB\" \/>\n<meta property=\"og:type\" content=\"article\" \/>\n<meta property=\"og:title\" content=\"KAK\u0116 MAK\u0116 IR PAVOGTAS LAIKAS - Matildoslituanistinemokykla\" \/>\n<meta property=\"og:description\" content=\"APIE KNYG\u0104   Lina \u017dutaut\u0117 \u201eKak\u0117 Mak\u0117 ir pavogtas laikas\u201c  Rekomenduojama 3\u20136 met\u0173 vaikams\" \/>\n<meta property=\"og:url\" content=\"https:\/\/matildoslituanistinemokykla.co.uk\/en\/product\/kake-make-ir-pavogtas-laikas\/\" \/>\n<meta property=\"og:site_name\" content=\"Matildoslituanistinemokykla\" \/>\n<meta property=\"article:modified_time\" content=\"2025-03-14T09:43:37+00:00\" \/>\n<meta property=\"og:image\" content=\"https:\/\/matildoslituanistinemokykla.co.uk\/wp-content\/uploads\/2024\/03\/1-laikas.jpg\" \/>\n\t<meta property=\"og:image:width\" content=\"481\" \/>\n\t<meta property=\"og:image:height\" content=\"488\" \/>\n\t<meta property=\"og:image:type\" content=\"image\/jpeg\" \/>\n<meta name=\"twitter:card\" content=\"summary_large_image\" \/>\n<meta name=\"twitter:label1\" content=\"Estimated reading time\" \/>\n\t<meta name=\"twitter:data1\" content=\"3 minutes\" \/>\n<script type=\"application\/ld+json\" class=\"yoast-schema-graph\">{\"@context\":\"https:\/\/schema.org\",\"@graph\":[{\"@type\":\"WebPage\",\"@id\":\"https:\/\/matildoslituanistinemokykla.co.uk\/product\/kake-make-ir-pavogtas-laikas\/\",\"url\":\"https:\/\/matildoslituanistinemokykla.co.uk\/product\/kake-make-ir-pavogtas-laikas\/\",\"name\":\"KAK\u0116 MAK\u0116 IR PAVOGTAS LAIKAS - Matildoslituanistinemokykla\",\"isPartOf\":{\"@id\":\"https:\/\/matildoslituanistinemokykla.co.uk\/#website\"},\"primaryImageOfPage\":{\"@id\":\"https:\/\/matildoslituanistinemokykla.co.uk\/product\/kake-make-ir-pavogtas-laikas\/#primaryimage\"},\"image\":{\"@id\":\"https:\/\/matildoslituanistinemokykla.co.uk\/product\/kake-make-ir-pavogtas-laikas\/#primaryimage\"},\"thumbnailUrl\":\"https:\/\/matildoslituanistinemokykla.co.uk\/wp-content\/uploads\/2024\/03\/1-laikas.jpg\",\"datePublished\":\"2024-03-02T19:55:18+00:00\",\"dateModified\":\"2025-03-14T09:43:37+00:00\",\"breadcrumb\":{\"@id\":\"https:\/\/matildoslituanistinemokykla.co.uk\/product\/kake-make-ir-pavogtas-laikas\/#breadcrumb\"},\"inLanguage\":\"en-GB\",\"potentialAction\":[{\"@type\":\"ReadAction\",\"target\":[\"https:\/\/matildoslituanistinemokykla.co.uk\/product\/kake-make-ir-pavogtas-laikas\/\"]}]},{\"@type\":\"ImageObject\",\"inLanguage\":\"en-GB\",\"@id\":\"https:\/\/matildoslituanistinemokykla.co.uk\/product\/kake-make-ir-pavogtas-laikas\/#primaryimage\",\"url\":\"https:\/\/matildoslituanistinemokykla.co.uk\/wp-content\/uploads\/2024\/03\/1-laikas.jpg\",\"contentUrl\":\"https:\/\/matildoslituanistinemokykla.co.uk\/wp-content\/uploads\/2024\/03\/1-laikas.jpg\",\"width\":481,\"height\":488},{\"@type\":\"BreadcrumbList\",\"@id\":\"https:\/\/matildoslituanistinemokykla.co.uk\/product\/kake-make-ir-pavogtas-laikas\/#breadcrumb\",\"itemListElement\":[{\"@type\":\"ListItem\",\"position\":1,\"name\":\"Home\",\"item\":\"https:\/\/matildoslituanistinemokykla.co.uk\/\"},{\"@type\":\"ListItem\",\"position\":2,\"name\":\"Parduotuv\u0117\",\"item\":\"https:\/\/matildoslituanistinemokykla.co.uk\/parduotuve\/\"},{\"@type\":\"ListItem\",\"position\":3,\"name\":\"KAK\u0116 MAK\u0116 IR PAVOGTAS LAIKAS\"}]},{\"@type\":\"WebSite\",\"@id\":\"https:\/\/matildoslituanistinemokykla.co.uk\/#website\",\"url\":\"https:\/\/matildoslituanistinemokykla.co.uk\/\",\"name\":\"Matildoslituanistinemokykla\",\"description\":\"\",\"publisher\":{\"@id\":\"https:\/\/matildoslituanistinemokykla.co.uk\/#organization\"},\"potentialAction\":[{\"@type\":\"SearchAction\",\"target\":{\"@type\":\"EntryPoint\",\"urlTemplate\":\"https:\/\/matildoslituanistinemokykla.co.uk\/?s={search_term_string}\"},\"query-input\":{\"@type\":\"PropertyValueSpecification\",\"valueRequired\":true,\"valueName\":\"search_term_string\"}}],\"inLanguage\":\"en-GB\"},{\"@type\":\"Organization\",\"@id\":\"https:\/\/matildoslituanistinemokykla.co.uk\/#organization\",\"name\":\"Matildoslituanistinemokykla\",\"url\":\"https:\/\/matildoslituanistinemokykla.co.uk\/\",\"logo\":{\"@type\":\"ImageObject\",\"inLanguage\":\"en-GB\",\"@id\":\"https:\/\/matildoslituanistinemokykla.co.uk\/#\/schema\/logo\/image\/\",\"url\":\"https:\/\/matildoslituanistinemokykla.co.uk\/wp-content\/uploads\/2023\/08\/Matildos-Lituanistine-mokykla_logo_final.png\",\"contentUrl\":\"https:\/\/matildoslituanistinemokykla.co.uk\/wp-content\/uploads\/2023\/08\/Matildos-Lituanistine-mokykla_logo_final.png\",\"width\":1203,\"height\":947,\"caption\":\"Matildoslituanistinemokykla\"},\"image\":{\"@id\":\"https:\/\/matildoslituanistinemokykla.co.uk\/#\/schema\/logo\/image\/\"}}]}<\/script>\n<!-- \/ Yoast SEO plugin. -->","yoast_head_json":{"title":"KAK\u0116 MAK\u0116 IR PAVOGTAS LAIKAS - Matildoslituanistinemokykla","robots":{"index":"index","follow":"follow","max-snippet":"max-snippet:-1","max-image-preview":"max-image-preview:large","max-video-preview":"max-video-preview:-1"},"canonical":"https:\/\/matildoslituanistinemokykla.co.uk\/en\/product\/kake-make-ir-pavogtas-laikas\/","og_locale":"en_GB","og_type":"article","og_title":"KAK\u0116 MAK\u0116 IR PAVOGTAS LAIKAS - Matildoslituanistinemokykla","og_description":"APIE KNYG\u0104   Lina \u017dutaut\u0117 \u201eKak\u0117 Mak\u0117 ir pavogtas laikas\u201c  Rekomenduojama 3\u20136 met\u0173 vaikams","og_url":"https:\/\/matildoslituanistinemokykla.co.uk\/en\/product\/kake-make-ir-pavogtas-laikas\/","og_site_name":"Matildoslituanistinemokykla","article_modified_time":"2025-03-14T09:43:37+00:00","og_image":[{"width":481,"height":488,"url":"https:\/\/matildoslituanistinemokykla.co.uk\/wp-content\/uploads\/2024\/03\/1-laikas.jpg","type":"image\/jpeg"}],"twitter_card":"summary_large_image","twitter_misc":{"Estimated reading time":"3 minutes"},"schema":{"@context":"https:\/\/schema.org","@graph":[{"@type":"WebPage","@id":"https:\/\/matildoslituanistinemokykla.co.uk\/product\/kake-make-ir-pavogtas-laikas\/","url":"https:\/\/matildoslituanistinemokykla.co.uk\/product\/kake-make-ir-pavogtas-laikas\/","name":"KAK\u0116 MAK\u0116 IR PAVOGTAS LAIKAS - Matildoslituanistinemokykla","isPartOf":{"@id":"https:\/\/matildoslituanistinemokykla.co.uk\/#website"},"primaryImageOfPage":{"@id":"https:\/\/matildoslituanistinemokykla.co.uk\/product\/kake-make-ir-pavogtas-laikas\/#primaryimage"},"image":{"@id":"https:\/\/matildoslituanistinemokykla.co.uk\/product\/kake-make-ir-pavogtas-laikas\/#primaryimage"},"thumbnailUrl":"https:\/\/matildoslituanistinemokykla.co.uk\/wp-content\/uploads\/2024\/03\/1-laikas.jpg","datePublished":"2024-03-02T19:55:18+00:00","dateModified":"2025-03-14T09:43:37+00:00","breadcrumb":{"@id":"https:\/\/matildoslituanistinemokykla.co.uk\/product\/kake-make-ir-pavogtas-laikas\/#breadcrumb"},"inLanguage":"en-GB","potentialAction":[{"@type":"ReadAction","target":["https:\/\/matildoslituanistinemokykla.co.uk\/product\/kake-make-ir-pavogtas-laikas\/"]}]},{"@type":"ImageObject","inLanguage":"en-GB","@id":"https:\/\/matildoslituanistinemokykla.co.uk\/product\/kake-make-ir-pavogtas-laikas\/#primaryimage","url":"https:\/\/matildoslituanistinemokykla.co.uk\/wp-content\/uploads\/2024\/03\/1-laikas.jpg","contentUrl":"https:\/\/matildoslituanistinemokykla.co.uk\/wp-content\/uploads\/2024\/03\/1-laikas.jpg","width":481,"height":488},{"@type":"BreadcrumbList","@id":"https:\/\/matildoslituanistinemokykla.co.uk\/product\/kake-make-ir-pavogtas-laikas\/#breadcrumb","itemListElement":[{"@type":"ListItem","position":1,"name":"Home","item":"https:\/\/matildoslituanistinemokykla.co.uk\/"},{"@type":"ListItem","position":2,"name":"Parduotuv\u0117","item":"https:\/\/matildoslituanistinemokykla.co.uk\/parduotuve\/"},{"@type":"ListItem","position":3,"name":"KAK\u0116 MAK\u0116 IR PAVOGTAS LAIKAS"}]},{"@type":"WebSite","@id":"https:\/\/matildoslituanistinemokykla.co.uk\/#website","url":"https:\/\/matildoslituanistinemokykla.co.uk\/","name":"Matildoslituanistinemokykla","description":"","publisher":{"@id":"https:\/\/matildoslituanistinemokykla.co.uk\/#organization"},"potentialAction":[{"@type":"SearchAction","target":{"@type":"EntryPoint","urlTemplate":"https:\/\/matildoslituanistinemokykla.co.uk\/?s={search_term_string}"},"query-input":{"@type":"PropertyValueSpecification","valueRequired":true,"valueName":"search_term_string"}}],"inLanguage":"en-GB"},{"@type":"Organization","@id":"https:\/\/matildoslituanistinemokykla.co.uk\/#organization","name":"Matildoslituanistinemokykla","url":"https:\/\/matildoslituanistinemokykla.co.uk\/","logo":{"@type":"ImageObject","inLanguage":"en-GB","@id":"https:\/\/matildoslituanistinemokykla.co.uk\/#\/schema\/logo\/image\/","url":"https:\/\/matildoslituanistinemokykla.co.uk\/wp-content\/uploads\/2023\/08\/Matildos-Lituanistine-mokykla_logo_final.png","contentUrl":"https:\/\/matildoslituanistinemokykla.co.uk\/wp-content\/uploads\/2023\/08\/Matildos-Lituanistine-mokykla_logo_final.png","width":1203,"height":947,"caption":"Matildoslituanistinemokykla"},"image":{"@id":"https:\/\/matildoslituanistinemokykla.co.uk\/#\/schema\/logo\/image\/"}}]}},"_links":{"self":[{"href":"https:\/\/matildoslituanistinemokykla.co.uk\/en\/wp-json\/wp\/v2\/product\/989686","targetHints":{"allow":["GET"]}}],"collection":[{"href":"https:\/\/matildoslituanistinemokykla.co.uk\/en\/wp-json\/wp\/v2\/product"}],"about":[{"href":"https:\/\/matildoslituanistinemokykla.co.uk\/en\/wp-json\/wp\/v2\/types\/product"}],"replies":[{"embeddable":true,"href":"https:\/\/matildoslituanistinemokykla.co.uk\/en\/wp-json\/wp\/v2\/comments?post=989686"}],"wp:featuredmedia":[{"embeddable":true,"href":"https:\/\/matildoslituanistinemokykla.co.uk\/en\/wp-json\/wp\/v2\/media\/989687"}],"wp:attachment":[{"href":"https:\/\/matildoslituanistinemokykla.co.uk\/en\/wp-json\/wp\/v2\/media?parent=989686"}],"wp:term":[{"taxonomy":"product_brand","embeddable":true,"href":"https:\/\/matildoslituanistinemokykla.co.uk\/en\/wp-json\/wp\/v2\/product_brand?post=989686"},{"taxonomy":"product_cat","embeddable":true,"href":"https:\/\/matildoslituanistinemokykla.co.uk\/en\/wp-json\/wp\/v2\/product_cat?post=989686"},{"taxonomy":"product_tag","embeddable":true,"href":"https:\/\/matildoslituanistinemokykla.co.uk\/en\/wp-json\/wp\/v2\/product_tag?post=989686"}],"curies":[{"name":"wp","href":"https:\/\/api.w.org\/{rel}","templated":true}]}}