{"id":989690,"date":"2024-03-02T19:59:00","date_gmt":"2024-03-02T19:59:00","guid":{"rendered":"https:\/\/matildoslituanistinemokykla.co.uk\/?post_type=product&#038;p=989690"},"modified":"2025-03-14T09:43:21","modified_gmt":"2025-03-14T09:43:21","slug":"kake-make-ir-supertecio-diena","status":"publish","type":"product","link":"https:\/\/matildoslituanistinemokykla.co.uk\/en\/product\/kake-make-ir-supertecio-diena\/","title":{"rendered":"POO POO AND SUPERDAD'S DAY"},"content":{"rendered":"<div class=\"vgblk-rw-wrapper limit-wrapper\">\"Mum and dad mean the world to a child. Being together gives security and completeness, while time spent alone with mum or dad allows the child to explore different sides of the family world. This book is about the relationship between a child and a dad, full of activity, new and unexpected experiences, speed and strong emotions. I wish dads readers to have the courage to become superheroes in their children's world.\"<\/p>\n<p>Psychologist Asta Bland\u0117<\/p>\n<p>\"Winnie the Pooh and Superdad's Day\":<\/p>\n<p>- enrich vocabulary;<\/p>\n<p>- develops emotional intelligence and imagination;<\/p>\n<p>- encourages children not only to want to spend time with the whole family, but also to get to know each family member individually;<\/p>\n<p>- Encourages you to enjoy every moment with the people you love, and to solve problems together without worrying too much about them;<\/p>\n<p>- The book is complemented by a psychologist's commentary for parents to help them better understand their toddlers and cope with everyday challenges.<\/p>\n<p>What do parents say about the book?<\/p>\n<p>\"A very funny book about a child's day with his dad, and my son laughed to his heart's content. It's amazing how beautifully the child's relationship with his dad is captured.\"<\/p>\n<p>Mama Orinta<\/p>\n<p>The Kaki Mak\u0117 picture books are a hugely popular series of books about a five-year-old girl enjoying her childhood and trying to explore the world around her! And as she learns about it, she faces different situations and challenges - fear, jealousy, anger, laziness. The unexpected stories, told through a wealth of unique illustrations, do not moralise, but help to spark a child's imagination and encourage her to find the right answer.<\/p>\n<p>Lina \u017dutaut\u0117 is an artist and writer, a favourite among children, born and still living in \u0160iauliai. Her first book \"Kak\u0117 Mak\u0117 ir Netvarkos nyk\u0161tukas\" (Poppy and the Dwarf of Disorder) was published in 2010 and was recognised as the best book for young readers by the International Children's and Young People's Literature Association (IBBY).In 2013 Lina \u017dutaute was awarded the Children's Literature Prize for her work for children, for the combination of image and word. Her work has been translated into Latvian, Estonian, Russian, Danish, Italian, Korean and many other languages. Having created one of the most famous Lithuanian literary characters - Kaka Mak\u0117 - the author never stops surprising her little readers with new stories!<\/p>\n<p>If your little ones love Winnie-the-Pooh and her friends, we invite you to continue your educational journey by watching the Winnie-the-Pooh videos on Youtube: https:\/\/www.youtube.com\/channel\/UCFWLVZ8cVCyqvKmkEqUdK4w<\/p><\/div>\n<p><!-- .vgblk-rw-wrapper --><\/p>","protected":false},"excerpt":{"rendered":"<p>Recommended for children aged 2-6 years<\/p>\n<p>Kaka Mak\u0117 knows that no matter what you do with the people you love, it will be good and fun, because the most important thing is time together.<\/p>\n<p>When Poppy's mother and grandmother leave, Dad announces: today is SUPER DADDY'S DAY. They will spend the whole day together - learning to fix a bike, climbing a tree, visiting a beauty salon and many more fun adventures. A cut finger, a kite stuck in a tree, or things lying around won't spoil the day, because SUPERSTAR will be able to deal with all problems and surprises.<\/p>","protected":false},"featured_media":989691,"comment_status":"open","ping_status":"closed","template":"","meta":[],"product_brand":[],"product_cat":[67,68,70],"product_tag":[],"class_list":{"0":"post-989690","1":"product","2":"type-product","3":"status-publish","4":"has-post-thumbnail","6":"product_cat-kakes-makes-produkcija","7":"product_cat-knygos","8":"product_cat-visos-prekes","10":"first","11":"outofstock","12":"sale","13":"shipping-taxable","14":"purchasable","15":"product-type-simple"},"yoast_head":"<!-- This site is optimized with the Yoast SEO plugin v25.8 - https:\/\/yoast.com\/wordpress\/plugins\/seo\/ -->\n<title>KAK\u0116 MAK\u0116 IR SUPERT\u0116\u010cIO DIENA - Matildoslituanistinemokykla<\/title>\n<meta name=\"robots\" content=\"index, follow, max-snippet:-1, max-image-preview:large, max-video-preview:-1\" \/>\n<link rel=\"canonical\" href=\"https:\/\/matildoslituanistinemokykla.co.uk\/en\/product\/kake-make-ir-supertecio-diena\/\" \/>\n<meta property=\"og:locale\" content=\"en_GB\" \/>\n<meta property=\"og:type\" content=\"article\" \/>\n<meta property=\"og:title\" content=\"KAK\u0116 MAK\u0116 IR SUPERT\u0116\u010cIO DIENA - Matildoslituanistinemokykla\" \/>\n<meta property=\"og:description\" content=\"Rekomenduojama 2\u20136 met\u0173 vaikams  Kak\u0117 Mak\u0117 \u017eino: kad ir k\u0105 veiktum su mylimais \u017emon\u0117mis, bus gera ir smagu, nes svarbiausia \u2013 laikas kartu.  Kai Kak\u0117s Mak\u0117s mama su senele i\u0161vyksta, t\u0117tis paskelbia: \u0161iandien bus SUPERT\u0116\u010cIO DIENA. Vis\u0105 dien\u0105 jie praleis kartu \u2013 mokysis taisyti dvirat\u012f, lips \u012f med\u012f, apsilankys gro\u017eio salone ir dar daug smagi\u0173 nuotyki\u0173 patirs. \u0160ios dienos nesugadins nei \u012fpjautas pir\u0161tas, nei medyje \u012fstrig\u0119s aitvaras, nei visur pa\u017eir\u0119 daiktai, nes SUPERT\u0116TIS sugeb\u0117s i\u0161spr\u0119sti visas problemas ir netik\u0117tumus.\" \/>\n<meta property=\"og:url\" content=\"https:\/\/matildoslituanistinemokykla.co.uk\/en\/product\/kake-make-ir-supertecio-diena\/\" \/>\n<meta property=\"og:site_name\" content=\"Matildoslituanistinemokykla\" \/>\n<meta property=\"article:modified_time\" content=\"2025-03-14T09:43:21+00:00\" \/>\n<meta property=\"og:image\" content=\"https:\/\/matildoslituanistinemokykla.co.uk\/wp-content\/uploads\/2024\/03\/b4733298ea09fc865ea9caf72696b3c4_1800x1800.webp\" \/>\n\t<meta property=\"og:image:width\" content=\"591\" \/>\n\t<meta property=\"og:image:height\" content=\"600\" \/>\n\t<meta property=\"og:image:type\" content=\"image\/webp\" \/>\n<meta name=\"twitter:card\" content=\"summary_large_image\" \/>\n<meta name=\"twitter:label1\" content=\"Estimated reading time\" \/>\n\t<meta name=\"twitter:data1\" content=\"2 minutes\" \/>\n<script type=\"application\/ld+json\" class=\"yoast-schema-graph\">{\"@context\":\"https:\/\/schema.org\",\"@graph\":[{\"@type\":\"WebPage\",\"@id\":\"https:\/\/matildoslituanistinemokykla.co.uk\/product\/kake-make-ir-supertecio-diena\/\",\"url\":\"https:\/\/matildoslituanistinemokykla.co.uk\/product\/kake-make-ir-supertecio-diena\/\",\"name\":\"KAK\u0116 MAK\u0116 IR SUPERT\u0116\u010cIO DIENA - Matildoslituanistinemokykla\",\"isPartOf\":{\"@id\":\"https:\/\/matildoslituanistinemokykla.co.uk\/#website\"},\"primaryImageOfPage\":{\"@id\":\"https:\/\/matildoslituanistinemokykla.co.uk\/product\/kake-make-ir-supertecio-diena\/#primaryimage\"},\"image\":{\"@id\":\"https:\/\/matildoslituanistinemokykla.co.uk\/product\/kake-make-ir-supertecio-diena\/#primaryimage\"},\"thumbnailUrl\":\"https:\/\/matildoslituanistinemokykla.co.uk\/wp-content\/uploads\/2024\/03\/b4733298ea09fc865ea9caf72696b3c4_1800x1800.webp\",\"datePublished\":\"2024-03-02T19:59:00+00:00\",\"dateModified\":\"2025-03-14T09:43:21+00:00\",\"breadcrumb\":{\"@id\":\"https:\/\/matildoslituanistinemokykla.co.uk\/product\/kake-make-ir-supertecio-diena\/#breadcrumb\"},\"inLanguage\":\"en-GB\",\"potentialAction\":[{\"@type\":\"ReadAction\",\"target\":[\"https:\/\/matildoslituanistinemokykla.co.uk\/product\/kake-make-ir-supertecio-diena\/\"]}]},{\"@type\":\"ImageObject\",\"inLanguage\":\"en-GB\",\"@id\":\"https:\/\/matildoslituanistinemokykla.co.uk\/product\/kake-make-ir-supertecio-diena\/#primaryimage\",\"url\":\"https:\/\/matildoslituanistinemokykla.co.uk\/wp-content\/uploads\/2024\/03\/b4733298ea09fc865ea9caf72696b3c4_1800x1800.webp\",\"contentUrl\":\"https:\/\/matildoslituanistinemokykla.co.uk\/wp-content\/uploads\/2024\/03\/b4733298ea09fc865ea9caf72696b3c4_1800x1800.webp\",\"width\":591,\"height\":600},{\"@type\":\"BreadcrumbList\",\"@id\":\"https:\/\/matildoslituanistinemokykla.co.uk\/product\/kake-make-ir-supertecio-diena\/#breadcrumb\",\"itemListElement\":[{\"@type\":\"ListItem\",\"position\":1,\"name\":\"Home\",\"item\":\"https:\/\/matildoslituanistinemokykla.co.uk\/\"},{\"@type\":\"ListItem\",\"position\":2,\"name\":\"Parduotuv\u0117\",\"item\":\"https:\/\/matildoslituanistinemokykla.co.uk\/parduotuve\/\"},{\"@type\":\"ListItem\",\"position\":3,\"name\":\"KAK\u0116 MAK\u0116 IR SUPERT\u0116\u010cIO DIENA\"}]},{\"@type\":\"WebSite\",\"@id\":\"https:\/\/matildoslituanistinemokykla.co.uk\/#website\",\"url\":\"https:\/\/matildoslituanistinemokykla.co.uk\/\",\"name\":\"Matildoslituanistinemokykla\",\"description\":\"\",\"publisher\":{\"@id\":\"https:\/\/matildoslituanistinemokykla.co.uk\/#organization\"},\"potentialAction\":[{\"@type\":\"SearchAction\",\"target\":{\"@type\":\"EntryPoint\",\"urlTemplate\":\"https:\/\/matildoslituanistinemokykla.co.uk\/?s={search_term_string}\"},\"query-input\":{\"@type\":\"PropertyValueSpecification\",\"valueRequired\":true,\"valueName\":\"search_term_string\"}}],\"inLanguage\":\"en-GB\"},{\"@type\":\"Organization\",\"@id\":\"https:\/\/matildoslituanistinemokykla.co.uk\/#organization\",\"name\":\"Matildoslituanistinemokykla\",\"url\":\"https:\/\/matildoslituanistinemokykla.co.uk\/\",\"logo\":{\"@type\":\"ImageObject\",\"inLanguage\":\"en-GB\",\"@id\":\"https:\/\/matildoslituanistinemokykla.co.uk\/#\/schema\/logo\/image\/\",\"url\":\"https:\/\/matildoslituanistinemokykla.co.uk\/wp-content\/uploads\/2023\/08\/Matildos-Lituanistine-mokykla_logo_final.png\",\"contentUrl\":\"https:\/\/matildoslituanistinemokykla.co.uk\/wp-content\/uploads\/2023\/08\/Matildos-Lituanistine-mokykla_logo_final.png\",\"width\":1203,\"height\":947,\"caption\":\"Matildoslituanistinemokykla\"},\"image\":{\"@id\":\"https:\/\/matildoslituanistinemokykla.co.uk\/#\/schema\/logo\/image\/\"}}]}<\/script>\n<!-- \/ Yoast SEO plugin. -->","yoast_head_json":{"title":"KAK\u0116 MAK\u0116 IR SUPERT\u0116\u010cIO DIENA - Matildoslituanistinemokykla","robots":{"index":"index","follow":"follow","max-snippet":"max-snippet:-1","max-image-preview":"max-image-preview:large","max-video-preview":"max-video-preview:-1"},"canonical":"https:\/\/matildoslituanistinemokykla.co.uk\/en\/product\/kake-make-ir-supertecio-diena\/","og_locale":"en_GB","og_type":"article","og_title":"KAK\u0116 MAK\u0116 IR SUPERT\u0116\u010cIO DIENA - Matildoslituanistinemokykla","og_description":"Rekomenduojama 2\u20136 met\u0173 vaikams  Kak\u0117 Mak\u0117 \u017eino: kad ir k\u0105 veiktum su mylimais \u017emon\u0117mis, bus gera ir smagu, nes svarbiausia \u2013 laikas kartu.  Kai Kak\u0117s Mak\u0117s mama su senele i\u0161vyksta, t\u0117tis paskelbia: \u0161iandien bus SUPERT\u0116\u010cIO DIENA. Vis\u0105 dien\u0105 jie praleis kartu \u2013 mokysis taisyti dvirat\u012f, lips \u012f med\u012f, apsilankys gro\u017eio salone ir dar daug smagi\u0173 nuotyki\u0173 patirs. \u0160ios dienos nesugadins nei \u012fpjautas pir\u0161tas, nei medyje \u012fstrig\u0119s aitvaras, nei visur pa\u017eir\u0119 daiktai, nes SUPERT\u0116TIS sugeb\u0117s i\u0161spr\u0119sti visas problemas ir netik\u0117tumus.","og_url":"https:\/\/matildoslituanistinemokykla.co.uk\/en\/product\/kake-make-ir-supertecio-diena\/","og_site_name":"Matildoslituanistinemokykla","article_modified_time":"2025-03-14T09:43:21+00:00","og_image":[{"width":591,"height":600,"url":"https:\/\/matildoslituanistinemokykla.co.uk\/wp-content\/uploads\/2024\/03\/b4733298ea09fc865ea9caf72696b3c4_1800x1800.webp","type":"image\/webp"}],"twitter_card":"summary_large_image","twitter_misc":{"Estimated reading time":"2 minutes"},"schema":{"@context":"https:\/\/schema.org","@graph":[{"@type":"WebPage","@id":"https:\/\/matildoslituanistinemokykla.co.uk\/product\/kake-make-ir-supertecio-diena\/","url":"https:\/\/matildoslituanistinemokykla.co.uk\/product\/kake-make-ir-supertecio-diena\/","name":"KAK\u0116 MAK\u0116 IR SUPERT\u0116\u010cIO DIENA - Matildoslituanistinemokykla","isPartOf":{"@id":"https:\/\/matildoslituanistinemokykla.co.uk\/#website"},"primaryImageOfPage":{"@id":"https:\/\/matildoslituanistinemokykla.co.uk\/product\/kake-make-ir-supertecio-diena\/#primaryimage"},"image":{"@id":"https:\/\/matildoslituanistinemokykla.co.uk\/product\/kake-make-ir-supertecio-diena\/#primaryimage"},"thumbnailUrl":"https:\/\/matildoslituanistinemokykla.co.uk\/wp-content\/uploads\/2024\/03\/b4733298ea09fc865ea9caf72696b3c4_1800x1800.webp","datePublished":"2024-03-02T19:59:00+00:00","dateModified":"2025-03-14T09:43:21+00:00","breadcrumb":{"@id":"https:\/\/matildoslituanistinemokykla.co.uk\/product\/kake-make-ir-supertecio-diena\/#breadcrumb"},"inLanguage":"en-GB","potentialAction":[{"@type":"ReadAction","target":["https:\/\/matildoslituanistinemokykla.co.uk\/product\/kake-make-ir-supertecio-diena\/"]}]},{"@type":"ImageObject","inLanguage":"en-GB","@id":"https:\/\/matildoslituanistinemokykla.co.uk\/product\/kake-make-ir-supertecio-diena\/#primaryimage","url":"https:\/\/matildoslituanistinemokykla.co.uk\/wp-content\/uploads\/2024\/03\/b4733298ea09fc865ea9caf72696b3c4_1800x1800.webp","contentUrl":"https:\/\/matildoslituanistinemokykla.co.uk\/wp-content\/uploads\/2024\/03\/b4733298ea09fc865ea9caf72696b3c4_1800x1800.webp","width":591,"height":600},{"@type":"BreadcrumbList","@id":"https:\/\/matildoslituanistinemokykla.co.uk\/product\/kake-make-ir-supertecio-diena\/#breadcrumb","itemListElement":[{"@type":"ListItem","position":1,"name":"Home","item":"https:\/\/matildoslituanistinemokykla.co.uk\/"},{"@type":"ListItem","position":2,"name":"Parduotuv\u0117","item":"https:\/\/matildoslituanistinemokykla.co.uk\/parduotuve\/"},{"@type":"ListItem","position":3,"name":"KAK\u0116 MAK\u0116 IR SUPERT\u0116\u010cIO DIENA"}]},{"@type":"WebSite","@id":"https:\/\/matildoslituanistinemokykla.co.uk\/#website","url":"https:\/\/matildoslituanistinemokykla.co.uk\/","name":"Matildoslituanistinemokykla","description":"","publisher":{"@id":"https:\/\/matildoslituanistinemokykla.co.uk\/#organization"},"potentialAction":[{"@type":"SearchAction","target":{"@type":"EntryPoint","urlTemplate":"https:\/\/matildoslituanistinemokykla.co.uk\/?s={search_term_string}"},"query-input":{"@type":"PropertyValueSpecification","valueRequired":true,"valueName":"search_term_string"}}],"inLanguage":"en-GB"},{"@type":"Organization","@id":"https:\/\/matildoslituanistinemokykla.co.uk\/#organization","name":"Matildoslituanistinemokykla","url":"https:\/\/matildoslituanistinemokykla.co.uk\/","logo":{"@type":"ImageObject","inLanguage":"en-GB","@id":"https:\/\/matildoslituanistinemokykla.co.uk\/#\/schema\/logo\/image\/","url":"https:\/\/matildoslituanistinemokykla.co.uk\/wp-content\/uploads\/2023\/08\/Matildos-Lituanistine-mokykla_logo_final.png","contentUrl":"https:\/\/matildoslituanistinemokykla.co.uk\/wp-content\/uploads\/2023\/08\/Matildos-Lituanistine-mokykla_logo_final.png","width":1203,"height":947,"caption":"Matildoslituanistinemokykla"},"image":{"@id":"https:\/\/matildoslituanistinemokykla.co.uk\/#\/schema\/logo\/image\/"}}]}},"_links":{"self":[{"href":"https:\/\/matildoslituanistinemokykla.co.uk\/en\/wp-json\/wp\/v2\/product\/989690","targetHints":{"allow":["GET"]}}],"collection":[{"href":"https:\/\/matildoslituanistinemokykla.co.uk\/en\/wp-json\/wp\/v2\/product"}],"about":[{"href":"https:\/\/matildoslituanistinemokykla.co.uk\/en\/wp-json\/wp\/v2\/types\/product"}],"replies":[{"embeddable":true,"href":"https:\/\/matildoslituanistinemokykla.co.uk\/en\/wp-json\/wp\/v2\/comments?post=989690"}],"wp:featuredmedia":[{"embeddable":true,"href":"https:\/\/matildoslituanistinemokykla.co.uk\/en\/wp-json\/wp\/v2\/media\/989691"}],"wp:attachment":[{"href":"https:\/\/matildoslituanistinemokykla.co.uk\/en\/wp-json\/wp\/v2\/media?parent=989690"}],"wp:term":[{"taxonomy":"product_brand","embeddable":true,"href":"https:\/\/matildoslituanistinemokykla.co.uk\/en\/wp-json\/wp\/v2\/product_brand?post=989690"},{"taxonomy":"product_cat","embeddable":true,"href":"https:\/\/matildoslituanistinemokykla.co.uk\/en\/wp-json\/wp\/v2\/product_cat?post=989690"},{"taxonomy":"product_tag","embeddable":true,"href":"https:\/\/matildoslituanistinemokykla.co.uk\/en\/wp-json\/wp\/v2\/product_tag?post=989690"}],"curies":[{"name":"wp","href":"https:\/\/api.w.org\/{rel}","templated":true}]}}