{"id":989695,"date":"2024-03-02T20:05:34","date_gmt":"2024-03-02T20:05:34","guid":{"rendered":"https:\/\/matildoslituanistinemokykla.co.uk\/?post_type=product&#038;p=989695"},"modified":"2025-04-10T10:18:52","modified_gmt":"2025-04-10T10:18:52","slug":"biocos-baby-care-medetku-kremas-emolientas-vaikams","status":"publish","type":"product","link":"https:\/\/matildoslituanistinemokykla.co.uk\/en\/product\/biocos-baby-care-medetku-kremas-emolientas-vaikams\/","title":{"rendered":"Biocos BABY CARE Calendula cream - emollient for children"},"content":{"rendered":"<div class=\"vgblk-rw-wrapper limit-wrapper\">\n<h3 class=\"product-information-heading\">PRODUCT INFORMATION<\/h3>\n<div class=\"row\">\n<div class=\"col-xs-12 col-md-6\">\n<div class=\"rte\">\n<p>100% natural emollient - nourishing cream for the most sensitive body skin with natural calendula, sea buckthorn, coconut and sesame oils. The cream will help to moisturise and soften the body skin and protect against dryness after bathing.<\/p>\n<p><strong>ACTIVE INGREDIENTS<\/strong>:<\/p>\n<p>-\u00a0\u00a0\u00a0<strong>\u00a0Coconut oil<\/strong>\u00a0the molecules are very small, making them relatively easily and confidently absorbed. Thus, a wonderful feeling of hydration and conditioning is achieved! Very suitable for nourishing dry and sensitive skin. We use organic, cold-pressed coconut oil made from fresh coconuts, not dried coconuts, so that the oil has retained all its most valuable properties.<br \/>\n-\u00a0\u00a0 \u00a0<strong>Calendula phytol<\/strong>\u00a0- Marigold flowers macerated in sunflower oil. Calendula phytol is particularly valuable for irritated, sensitive skin.<br \/>\n-\u00a0\u00a0\u00a0<strong>Sea buckthorn oil<\/strong>\u00a0- certified organic sea buckthorn oil. This wonderful oil comes from a Lithuanian organic sea buckthorn farm.<br \/>\n-\u00a0\u00a0 \u00a0<strong>Panthenol (provitamin B5)<\/strong>\u00a0has a calming effect.<\/p>\n<p>Let's nurture the little ones' skin from the very beginning of life!<\/p>\n<p><strong>USE<\/strong>: apply all over the body whenever needed, especially after bathing!<\/p>\n<\/div>\n<\/div>\n<div class=\"col-xs-12 col-md-6\">\n<div class=\"data-sheet entry\">\n<table>\n<tbody>\n<tr>\n<td>Quantity<\/td>\n<td>150 ml<\/td>\n<\/tr>\n<tr>\n<td>Main active ingredients<\/td>\n<td>Sea buckthorn oil, Calendula phytol, Vitamin B5, Coconut oil<\/td>\n<\/tr>\n<tr>\n<td>By age group<\/td>\n<td>Infants, Children from 2 years<\/td>\n<\/tr>\n<\/tbody>\n<\/table>\n<\/div>\n<div class=\"rte structure-description\">\n<p><strong>INGREDIENTS<\/strong>Aqua, Cocos nucifera oil, Cetearyl olivate and sorbitan olivate, Sesamum indicum seed oil, Calendula officinalis flower extract, Helianthus annuus seed oil, Glyceryl stearate, Panthenol, Hippophae rhamnoides oil, Tocopherol, Benzyl alcohol, Glycerin and grapefruit seed extract, Dehydroacetic acid<\/p>\n<p><em>Shelf-life of the cosmetic product: as indicated on the packaging.<\/em><\/p>\n<\/div>\n<\/div>\n<\/div>\n<\/div>\n<p><!-- .vgblk-rw-wrapper --><\/p>","protected":false},"excerpt":{"rendered":"<p>100% natural cream for the most sensitive body skin with natural sea buckthorn, calendula, coconut and sesame oils. The cream will help to moisturise and soften the body skin. Natural panthenol and vitamin E will improve the condition of the skin.<\/p>","protected":false},"featured_media":989696,"comment_status":"open","ping_status":"closed","template":"","meta":[],"product_brand":[],"product_cat":[72,71,70],"product_tag":[],"class_list":{"0":"post-989695","1":"product","2":"type-product","3":"status-publish","4":"has-post-thumbnail","6":"product_cat-biocos-prekes","7":"product_cat-kosmetika-ir-higiena","8":"product_cat-visos-prekes","10":"first","11":"outofstock","12":"shipping-taxable","13":"purchasable","14":"product-type-simple"},"yoast_head":"<!-- This site is optimized with the Yoast SEO plugin v25.8 - https:\/\/yoast.com\/wordpress\/plugins\/seo\/ -->\n<title>Biocos BABY CARE Medetk\u0173 kremas - emolientas vaikams - Matildoslituanistinemokykla<\/title>\n<meta name=\"robots\" content=\"index, follow, max-snippet:-1, max-image-preview:large, max-video-preview:-1\" \/>\n<link rel=\"canonical\" href=\"https:\/\/matildoslituanistinemokykla.co.uk\/en\/product\/biocos-baby-care-medetku-kremas-emolientas-vaikams\/\" \/>\n<meta property=\"og:locale\" content=\"en_GB\" \/>\n<meta property=\"og:type\" content=\"article\" \/>\n<meta property=\"og:title\" content=\"Biocos BABY CARE Medetk\u0173 kremas - emolientas vaikams - Matildoslituanistinemokykla\" \/>\n<meta property=\"og:description\" content=\"100% nat\u016bralus kremas pa\u010diai jautriausiai k\u016bno odelei su nat\u016braliais \u0161altalanki\u0173, medetk\u0173, kokos\u0173, sezam\u0173 aliejais. Kremas pad\u0117s sudr\u0117kinti, sumink\u0161tinti k\u016bno od\u0105. Nat\u016bralus pantenolis ir vitaminas E pagerins odos b\u016bkl\u0119.\" \/>\n<meta property=\"og:url\" content=\"https:\/\/matildoslituanistinemokykla.co.uk\/en\/product\/biocos-baby-care-medetku-kremas-emolientas-vaikams\/\" \/>\n<meta property=\"og:site_name\" content=\"Matildoslituanistinemokykla\" \/>\n<meta property=\"article:modified_time\" content=\"2025-04-10T10:18:52+00:00\" \/>\n<meta property=\"og:image\" content=\"https:\/\/matildoslituanistinemokykla.co.uk\/wp-content\/uploads\/2024\/03\/medetku-kremas-emolientas.png\" \/>\n\t<meta property=\"og:image:width\" content=\"600\" \/>\n\t<meta property=\"og:image:height\" content=\"600\" \/>\n\t<meta property=\"og:image:type\" content=\"image\/png\" \/>\n<meta name=\"twitter:card\" content=\"summary_large_image\" \/>\n<meta name=\"twitter:label1\" content=\"Estimated reading time\" \/>\n\t<meta name=\"twitter:data1\" content=\"2 minutes\" \/>\n<script type=\"application\/ld+json\" class=\"yoast-schema-graph\">{\"@context\":\"https:\/\/schema.org\",\"@graph\":[{\"@type\":\"WebPage\",\"@id\":\"https:\/\/matildoslituanistinemokykla.co.uk\/product\/biocos-baby-care-medetku-kremas-emolientas-vaikams\/\",\"url\":\"https:\/\/matildoslituanistinemokykla.co.uk\/product\/biocos-baby-care-medetku-kremas-emolientas-vaikams\/\",\"name\":\"Biocos BABY CARE Medetk\u0173 kremas - emolientas vaikams - Matildoslituanistinemokykla\",\"isPartOf\":{\"@id\":\"https:\/\/matildoslituanistinemokykla.co.uk\/#website\"},\"primaryImageOfPage\":{\"@id\":\"https:\/\/matildoslituanistinemokykla.co.uk\/product\/biocos-baby-care-medetku-kremas-emolientas-vaikams\/#primaryimage\"},\"image\":{\"@id\":\"https:\/\/matildoslituanistinemokykla.co.uk\/product\/biocos-baby-care-medetku-kremas-emolientas-vaikams\/#primaryimage\"},\"thumbnailUrl\":\"https:\/\/matildoslituanistinemokykla.co.uk\/wp-content\/uploads\/2024\/03\/medetku-kremas-emolientas.png\",\"datePublished\":\"2024-03-02T20:05:34+00:00\",\"dateModified\":\"2025-04-10T10:18:52+00:00\",\"breadcrumb\":{\"@id\":\"https:\/\/matildoslituanistinemokykla.co.uk\/product\/biocos-baby-care-medetku-kremas-emolientas-vaikams\/#breadcrumb\"},\"inLanguage\":\"en-GB\",\"potentialAction\":[{\"@type\":\"ReadAction\",\"target\":[\"https:\/\/matildoslituanistinemokykla.co.uk\/product\/biocos-baby-care-medetku-kremas-emolientas-vaikams\/\"]}]},{\"@type\":\"ImageObject\",\"inLanguage\":\"en-GB\",\"@id\":\"https:\/\/matildoslituanistinemokykla.co.uk\/product\/biocos-baby-care-medetku-kremas-emolientas-vaikams\/#primaryimage\",\"url\":\"https:\/\/matildoslituanistinemokykla.co.uk\/wp-content\/uploads\/2024\/03\/medetku-kremas-emolientas.png\",\"contentUrl\":\"https:\/\/matildoslituanistinemokykla.co.uk\/wp-content\/uploads\/2024\/03\/medetku-kremas-emolientas.png\",\"width\":600,\"height\":600},{\"@type\":\"BreadcrumbList\",\"@id\":\"https:\/\/matildoslituanistinemokykla.co.uk\/product\/biocos-baby-care-medetku-kremas-emolientas-vaikams\/#breadcrumb\",\"itemListElement\":[{\"@type\":\"ListItem\",\"position\":1,\"name\":\"Home\",\"item\":\"https:\/\/matildoslituanistinemokykla.co.uk\/\"},{\"@type\":\"ListItem\",\"position\":2,\"name\":\"Parduotuv\u0117\",\"item\":\"https:\/\/matildoslituanistinemokykla.co.uk\/parduotuve\/\"},{\"@type\":\"ListItem\",\"position\":3,\"name\":\"Biocos BABY CARE Medetk\u0173 kremas &#8211; emolientas vaikams\"}]},{\"@type\":\"WebSite\",\"@id\":\"https:\/\/matildoslituanistinemokykla.co.uk\/#website\",\"url\":\"https:\/\/matildoslituanistinemokykla.co.uk\/\",\"name\":\"Matildoslituanistinemokykla\",\"description\":\"\",\"publisher\":{\"@id\":\"https:\/\/matildoslituanistinemokykla.co.uk\/#organization\"},\"potentialAction\":[{\"@type\":\"SearchAction\",\"target\":{\"@type\":\"EntryPoint\",\"urlTemplate\":\"https:\/\/matildoslituanistinemokykla.co.uk\/?s={search_term_string}\"},\"query-input\":{\"@type\":\"PropertyValueSpecification\",\"valueRequired\":true,\"valueName\":\"search_term_string\"}}],\"inLanguage\":\"en-GB\"},{\"@type\":\"Organization\",\"@id\":\"https:\/\/matildoslituanistinemokykla.co.uk\/#organization\",\"name\":\"Matildoslituanistinemokykla\",\"url\":\"https:\/\/matildoslituanistinemokykla.co.uk\/\",\"logo\":{\"@type\":\"ImageObject\",\"inLanguage\":\"en-GB\",\"@id\":\"https:\/\/matildoslituanistinemokykla.co.uk\/#\/schema\/logo\/image\/\",\"url\":\"https:\/\/matildoslituanistinemokykla.co.uk\/wp-content\/uploads\/2023\/08\/Matildos-Lituanistine-mokykla_logo_final.png\",\"contentUrl\":\"https:\/\/matildoslituanistinemokykla.co.uk\/wp-content\/uploads\/2023\/08\/Matildos-Lituanistine-mokykla_logo_final.png\",\"width\":1203,\"height\":947,\"caption\":\"Matildoslituanistinemokykla\"},\"image\":{\"@id\":\"https:\/\/matildoslituanistinemokykla.co.uk\/#\/schema\/logo\/image\/\"}}]}<\/script>\n<!-- \/ Yoast SEO plugin. -->","yoast_head_json":{"title":"Biocos BABY CARE Medetk\u0173 kremas - emolientas vaikams - Matildoslituanistinemokykla","robots":{"index":"index","follow":"follow","max-snippet":"max-snippet:-1","max-image-preview":"max-image-preview:large","max-video-preview":"max-video-preview:-1"},"canonical":"https:\/\/matildoslituanistinemokykla.co.uk\/en\/product\/biocos-baby-care-medetku-kremas-emolientas-vaikams\/","og_locale":"en_GB","og_type":"article","og_title":"Biocos BABY CARE Medetk\u0173 kremas - emolientas vaikams - Matildoslituanistinemokykla","og_description":"100% nat\u016bralus kremas pa\u010diai jautriausiai k\u016bno odelei su nat\u016braliais \u0161altalanki\u0173, medetk\u0173, kokos\u0173, sezam\u0173 aliejais. Kremas pad\u0117s sudr\u0117kinti, sumink\u0161tinti k\u016bno od\u0105. Nat\u016bralus pantenolis ir vitaminas E pagerins odos b\u016bkl\u0119.","og_url":"https:\/\/matildoslituanistinemokykla.co.uk\/en\/product\/biocos-baby-care-medetku-kremas-emolientas-vaikams\/","og_site_name":"Matildoslituanistinemokykla","article_modified_time":"2025-04-10T10:18:52+00:00","og_image":[{"width":600,"height":600,"url":"https:\/\/matildoslituanistinemokykla.co.uk\/wp-content\/uploads\/2024\/03\/medetku-kremas-emolientas.png","type":"image\/png"}],"twitter_card":"summary_large_image","twitter_misc":{"Estimated reading time":"2 minutes"},"schema":{"@context":"https:\/\/schema.org","@graph":[{"@type":"WebPage","@id":"https:\/\/matildoslituanistinemokykla.co.uk\/product\/biocos-baby-care-medetku-kremas-emolientas-vaikams\/","url":"https:\/\/matildoslituanistinemokykla.co.uk\/product\/biocos-baby-care-medetku-kremas-emolientas-vaikams\/","name":"Biocos BABY CARE Medetk\u0173 kremas - emolientas vaikams - Matildoslituanistinemokykla","isPartOf":{"@id":"https:\/\/matildoslituanistinemokykla.co.uk\/#website"},"primaryImageOfPage":{"@id":"https:\/\/matildoslituanistinemokykla.co.uk\/product\/biocos-baby-care-medetku-kremas-emolientas-vaikams\/#primaryimage"},"image":{"@id":"https:\/\/matildoslituanistinemokykla.co.uk\/product\/biocos-baby-care-medetku-kremas-emolientas-vaikams\/#primaryimage"},"thumbnailUrl":"https:\/\/matildoslituanistinemokykla.co.uk\/wp-content\/uploads\/2024\/03\/medetku-kremas-emolientas.png","datePublished":"2024-03-02T20:05:34+00:00","dateModified":"2025-04-10T10:18:52+00:00","breadcrumb":{"@id":"https:\/\/matildoslituanistinemokykla.co.uk\/product\/biocos-baby-care-medetku-kremas-emolientas-vaikams\/#breadcrumb"},"inLanguage":"en-GB","potentialAction":[{"@type":"ReadAction","target":["https:\/\/matildoslituanistinemokykla.co.uk\/product\/biocos-baby-care-medetku-kremas-emolientas-vaikams\/"]}]},{"@type":"ImageObject","inLanguage":"en-GB","@id":"https:\/\/matildoslituanistinemokykla.co.uk\/product\/biocos-baby-care-medetku-kremas-emolientas-vaikams\/#primaryimage","url":"https:\/\/matildoslituanistinemokykla.co.uk\/wp-content\/uploads\/2024\/03\/medetku-kremas-emolientas.png","contentUrl":"https:\/\/matildoslituanistinemokykla.co.uk\/wp-content\/uploads\/2024\/03\/medetku-kremas-emolientas.png","width":600,"height":600},{"@type":"BreadcrumbList","@id":"https:\/\/matildoslituanistinemokykla.co.uk\/product\/biocos-baby-care-medetku-kremas-emolientas-vaikams\/#breadcrumb","itemListElement":[{"@type":"ListItem","position":1,"name":"Home","item":"https:\/\/matildoslituanistinemokykla.co.uk\/"},{"@type":"ListItem","position":2,"name":"Parduotuv\u0117","item":"https:\/\/matildoslituanistinemokykla.co.uk\/parduotuve\/"},{"@type":"ListItem","position":3,"name":"Biocos BABY CARE Medetk\u0173 kremas &#8211; emolientas vaikams"}]},{"@type":"WebSite","@id":"https:\/\/matildoslituanistinemokykla.co.uk\/#website","url":"https:\/\/matildoslituanistinemokykla.co.uk\/","name":"Matildoslituanistinemokykla","description":"","publisher":{"@id":"https:\/\/matildoslituanistinemokykla.co.uk\/#organization"},"potentialAction":[{"@type":"SearchAction","target":{"@type":"EntryPoint","urlTemplate":"https:\/\/matildoslituanistinemokykla.co.uk\/?s={search_term_string}"},"query-input":{"@type":"PropertyValueSpecification","valueRequired":true,"valueName":"search_term_string"}}],"inLanguage":"en-GB"},{"@type":"Organization","@id":"https:\/\/matildoslituanistinemokykla.co.uk\/#organization","name":"Matildoslituanistinemokykla","url":"https:\/\/matildoslituanistinemokykla.co.uk\/","logo":{"@type":"ImageObject","inLanguage":"en-GB","@id":"https:\/\/matildoslituanistinemokykla.co.uk\/#\/schema\/logo\/image\/","url":"https:\/\/matildoslituanistinemokykla.co.uk\/wp-content\/uploads\/2023\/08\/Matildos-Lituanistine-mokykla_logo_final.png","contentUrl":"https:\/\/matildoslituanistinemokykla.co.uk\/wp-content\/uploads\/2023\/08\/Matildos-Lituanistine-mokykla_logo_final.png","width":1203,"height":947,"caption":"Matildoslituanistinemokykla"},"image":{"@id":"https:\/\/matildoslituanistinemokykla.co.uk\/#\/schema\/logo\/image\/"}}]}},"_links":{"self":[{"href":"https:\/\/matildoslituanistinemokykla.co.uk\/en\/wp-json\/wp\/v2\/product\/989695","targetHints":{"allow":["GET"]}}],"collection":[{"href":"https:\/\/matildoslituanistinemokykla.co.uk\/en\/wp-json\/wp\/v2\/product"}],"about":[{"href":"https:\/\/matildoslituanistinemokykla.co.uk\/en\/wp-json\/wp\/v2\/types\/product"}],"replies":[{"embeddable":true,"href":"https:\/\/matildoslituanistinemokykla.co.uk\/en\/wp-json\/wp\/v2\/comments?post=989695"}],"wp:featuredmedia":[{"embeddable":true,"href":"https:\/\/matildoslituanistinemokykla.co.uk\/en\/wp-json\/wp\/v2\/media\/989696"}],"wp:attachment":[{"href":"https:\/\/matildoslituanistinemokykla.co.uk\/en\/wp-json\/wp\/v2\/media?parent=989695"}],"wp:term":[{"taxonomy":"product_brand","embeddable":true,"href":"https:\/\/matildoslituanistinemokykla.co.uk\/en\/wp-json\/wp\/v2\/product_brand?post=989695"},{"taxonomy":"product_cat","embeddable":true,"href":"https:\/\/matildoslituanistinemokykla.co.uk\/en\/wp-json\/wp\/v2\/product_cat?post=989695"},{"taxonomy":"product_tag","embeddable":true,"href":"https:\/\/matildoslituanistinemokykla.co.uk\/en\/wp-json\/wp\/v2\/product_tag?post=989695"}],"curies":[{"name":"wp","href":"https:\/\/api.w.org\/{rel}","templated":true}]}}