{"id":989697,"date":"2024-03-02T20:07:45","date_gmt":"2024-03-02T20:07:45","guid":{"rendered":"https:\/\/matildoslituanistinemokykla.co.uk\/?post_type=product&#038;p=989697"},"modified":"2024-03-17T13:26:45","modified_gmt":"2024-03-17T13:26:45","slug":"biocos-baby-care-svelnus-prausiklis-vaikams","status":"publish","type":"product","link":"https:\/\/matildoslituanistinemokykla.co.uk\/en\/product\/biocos-baby-care-svelnus-prausiklis-vaikams\/","title":{"rendered":"Biocos BABY CARE Gentle wash for children"},"content":{"rendered":"<div class=\"vgblk-rw-wrapper limit-wrapper\">\n<h3 class=\"product-information-heading\">PRODUCT INFORMATION<\/h3>\n<div class=\"row\">\n<div class=\"col-xs-12 col-md-6\">\n<div class=\"rte\">\n<p>Our customers' favourite mild\u00a0<a href=\"https:\/\/biocos.lt\/lt\/vaikams\/179-kdiki-kastilijos-muilas.html\">CASTILIA<\/a>\u00a0soap with a new, playful label!<\/p>\n<p>100% natural soap-detergent, made from organic oils, with no additional fragrances, no dyes, so it is extremely safe and gentle and suitable for the little ones! Dermatologically tested!<\/p>\n<p>BABY CARE Gentle Cleanser is made from natural organic coconut and sunflower oils and preserved with citric acid, which perfectly preserves the freshness of the soap.<\/p>\n<p><strong>100 % Vegan formulation<\/strong>\u00a0- The cleanser does not contain animal fats and has not been tested on animals. Once washed and released into the environment, the cleanser breaks down into biological components that do not pollute the water and are environmentally friendly. So you can have complete peace of mind that you're not only harming yourself, but also the environment when you wash!<\/p>\n<p><strong>USE<\/strong>: 'unlock' the soap dispenser by turning the head in the direction indicated; squeeze one click of soap onto the washing sponge, soap the sponge until it foams up, then wash your skin and hair with gentle movements. Rinse well with running water. When you have finished washing, 'lock' the soap dispenser by turning the head in the direction indicated.<\/p>\n<p>&nbsp;<\/p>\n<\/div>\n<\/div>\n<div class=\"col-xs-12 col-md-6\">\n<div class=\"data-sheet entry\">\n<table>\n<tbody>\n<tr>\n<td>Quantity<\/td>\n<td>150 ml<\/td>\n<\/tr>\n<tr>\n<td>Main active ingredients<\/td>\n<td>Coconut oil, Sunflower oil<\/td>\n<\/tr>\n<tr>\n<td>By age group<\/td>\n<td>For children from 0 months.<\/td>\n<\/tr>\n<\/tbody>\n<\/table>\n<\/div>\n<div class=\"rte structure-description\">\n<p><strong>INGREDIENTS<\/strong>Aqua, Potassium Oleate*, Potassium Cocoate**, Glycerine***, Potassium Citrate, Citric Acid<\/p>\n<p>*Naturally sourced from organic sunflower oil<\/p>\n<p>**Naturally sourced from organic coconut oil<\/p>\n<p>***Organic vegetable<\/p>\n<p><em>Shelf-life of the cosmetic product: as indicated on the packaging.<\/em><\/p>\n<\/div>\n<\/div>\n<\/div>\n<\/div>\n<p><!-- .vgblk-rw-wrapper --><\/p>","protected":false},"excerpt":{"rendered":"<p>100% Natural Cleanser for sensitive skin is made from organic oils and is fragrance-free, making it extremely safe and gentle, suitable for everyday bathing!<\/p>","protected":false},"featured_media":989698,"comment_status":"open","ping_status":"closed","template":"","meta":[],"product_brand":[],"product_cat":[72,71,70],"product_tag":[],"class_list":{"0":"post-989697","1":"product","2":"type-product","3":"status-publish","4":"has-post-thumbnail","6":"product_cat-biocos-prekes","7":"product_cat-kosmetika-ir-higiena","8":"product_cat-visos-prekes","10":"first","11":"instock","12":"shipping-taxable","13":"purchasable","14":"product-type-simple"},"yoast_head":"<!-- This site is optimized with the Yoast SEO plugin v25.8 - https:\/\/yoast.com\/wordpress\/plugins\/seo\/ -->\n<title>Biocos BABY CARE \u0160velnus prausiklis vaikams - Matildoslituanistinemokykla<\/title>\n<meta name=\"robots\" content=\"index, follow, max-snippet:-1, max-image-preview:large, max-video-preview:-1\" \/>\n<link rel=\"canonical\" href=\"https:\/\/matildoslituanistinemokykla.co.uk\/en\/product\/biocos-baby-care-svelnus-prausiklis-vaikams\/\" \/>\n<meta property=\"og:locale\" content=\"en_GB\" \/>\n<meta property=\"og:type\" content=\"article\" \/>\n<meta property=\"og:title\" content=\"Biocos BABY CARE \u0160velnus prausiklis vaikams - Matildoslituanistinemokykla\" \/>\n<meta property=\"og:description\" content=\"100% nat\u016bralus prausiklis jautriai odelei pagamintas i\u0161 ekologi\u0161k\u0173 aliej\u0173, be joki\u0173 kvap\u0173, tod\u0117l yra itin saugus ir \u0161velnus, tinkamas kasdienin\u0117ms maudyn\u0117ms!\" \/>\n<meta property=\"og:url\" content=\"https:\/\/matildoslituanistinemokykla.co.uk\/en\/product\/biocos-baby-care-svelnus-prausiklis-vaikams\/\" \/>\n<meta property=\"og:site_name\" content=\"Matildoslituanistinemokykla\" \/>\n<meta property=\"article:modified_time\" content=\"2024-03-17T13:26:45+00:00\" \/>\n<meta property=\"og:image\" content=\"https:\/\/matildoslituanistinemokykla.co.uk\/wp-content\/uploads\/2024\/03\/svelnus-prausiklis.png\" \/>\n\t<meta property=\"og:image:width\" content=\"600\" \/>\n\t<meta property=\"og:image:height\" content=\"600\" \/>\n\t<meta property=\"og:image:type\" content=\"image\/png\" \/>\n<meta name=\"twitter:card\" content=\"summary_large_image\" \/>\n<meta name=\"twitter:label1\" content=\"Estimated reading time\" \/>\n\t<meta name=\"twitter:data1\" content=\"2 minutes\" \/>\n<script type=\"application\/ld+json\" class=\"yoast-schema-graph\">{\"@context\":\"https:\/\/schema.org\",\"@graph\":[{\"@type\":\"WebPage\",\"@id\":\"https:\/\/matildoslituanistinemokykla.co.uk\/product\/biocos-baby-care-svelnus-prausiklis-vaikams\/\",\"url\":\"https:\/\/matildoslituanistinemokykla.co.uk\/product\/biocos-baby-care-svelnus-prausiklis-vaikams\/\",\"name\":\"Biocos BABY CARE \u0160velnus prausiklis vaikams - Matildoslituanistinemokykla\",\"isPartOf\":{\"@id\":\"https:\/\/matildoslituanistinemokykla.co.uk\/#website\"},\"primaryImageOfPage\":{\"@id\":\"https:\/\/matildoslituanistinemokykla.co.uk\/product\/biocos-baby-care-svelnus-prausiklis-vaikams\/#primaryimage\"},\"image\":{\"@id\":\"https:\/\/matildoslituanistinemokykla.co.uk\/product\/biocos-baby-care-svelnus-prausiklis-vaikams\/#primaryimage\"},\"thumbnailUrl\":\"https:\/\/matildoslituanistinemokykla.co.uk\/wp-content\/uploads\/2024\/03\/svelnus-prausiklis.png\",\"datePublished\":\"2024-03-02T20:07:45+00:00\",\"dateModified\":\"2024-03-17T13:26:45+00:00\",\"breadcrumb\":{\"@id\":\"https:\/\/matildoslituanistinemokykla.co.uk\/product\/biocos-baby-care-svelnus-prausiklis-vaikams\/#breadcrumb\"},\"inLanguage\":\"en-GB\",\"potentialAction\":[{\"@type\":\"ReadAction\",\"target\":[\"https:\/\/matildoslituanistinemokykla.co.uk\/product\/biocos-baby-care-svelnus-prausiklis-vaikams\/\"]}]},{\"@type\":\"ImageObject\",\"inLanguage\":\"en-GB\",\"@id\":\"https:\/\/matildoslituanistinemokykla.co.uk\/product\/biocos-baby-care-svelnus-prausiklis-vaikams\/#primaryimage\",\"url\":\"https:\/\/matildoslituanistinemokykla.co.uk\/wp-content\/uploads\/2024\/03\/svelnus-prausiklis.png\",\"contentUrl\":\"https:\/\/matildoslituanistinemokykla.co.uk\/wp-content\/uploads\/2024\/03\/svelnus-prausiklis.png\",\"width\":600,\"height\":600},{\"@type\":\"BreadcrumbList\",\"@id\":\"https:\/\/matildoslituanistinemokykla.co.uk\/product\/biocos-baby-care-svelnus-prausiklis-vaikams\/#breadcrumb\",\"itemListElement\":[{\"@type\":\"ListItem\",\"position\":1,\"name\":\"Home\",\"item\":\"https:\/\/matildoslituanistinemokykla.co.uk\/\"},{\"@type\":\"ListItem\",\"position\":2,\"name\":\"Parduotuv\u0117\",\"item\":\"https:\/\/matildoslituanistinemokykla.co.uk\/parduotuve\/\"},{\"@type\":\"ListItem\",\"position\":3,\"name\":\"Biocos BABY CARE \u0160velnus prausiklis vaikams\"}]},{\"@type\":\"WebSite\",\"@id\":\"https:\/\/matildoslituanistinemokykla.co.uk\/#website\",\"url\":\"https:\/\/matildoslituanistinemokykla.co.uk\/\",\"name\":\"Matildoslituanistinemokykla\",\"description\":\"\",\"publisher\":{\"@id\":\"https:\/\/matildoslituanistinemokykla.co.uk\/#organization\"},\"potentialAction\":[{\"@type\":\"SearchAction\",\"target\":{\"@type\":\"EntryPoint\",\"urlTemplate\":\"https:\/\/matildoslituanistinemokykla.co.uk\/?s={search_term_string}\"},\"query-input\":{\"@type\":\"PropertyValueSpecification\",\"valueRequired\":true,\"valueName\":\"search_term_string\"}}],\"inLanguage\":\"en-GB\"},{\"@type\":\"Organization\",\"@id\":\"https:\/\/matildoslituanistinemokykla.co.uk\/#organization\",\"name\":\"Matildoslituanistinemokykla\",\"url\":\"https:\/\/matildoslituanistinemokykla.co.uk\/\",\"logo\":{\"@type\":\"ImageObject\",\"inLanguage\":\"en-GB\",\"@id\":\"https:\/\/matildoslituanistinemokykla.co.uk\/#\/schema\/logo\/image\/\",\"url\":\"https:\/\/matildoslituanistinemokykla.co.uk\/wp-content\/uploads\/2023\/08\/Matildos-Lituanistine-mokykla_logo_final.png\",\"contentUrl\":\"https:\/\/matildoslituanistinemokykla.co.uk\/wp-content\/uploads\/2023\/08\/Matildos-Lituanistine-mokykla_logo_final.png\",\"width\":1203,\"height\":947,\"caption\":\"Matildoslituanistinemokykla\"},\"image\":{\"@id\":\"https:\/\/matildoslituanistinemokykla.co.uk\/#\/schema\/logo\/image\/\"}}]}<\/script>\n<!-- \/ Yoast SEO plugin. -->","yoast_head_json":{"title":"Biocos BABY CARE \u0160velnus prausiklis vaikams - Matildoslituanistinemokykla","robots":{"index":"index","follow":"follow","max-snippet":"max-snippet:-1","max-image-preview":"max-image-preview:large","max-video-preview":"max-video-preview:-1"},"canonical":"https:\/\/matildoslituanistinemokykla.co.uk\/en\/product\/biocos-baby-care-svelnus-prausiklis-vaikams\/","og_locale":"en_GB","og_type":"article","og_title":"Biocos BABY CARE \u0160velnus prausiklis vaikams - Matildoslituanistinemokykla","og_description":"100% nat\u016bralus prausiklis jautriai odelei pagamintas i\u0161 ekologi\u0161k\u0173 aliej\u0173, be joki\u0173 kvap\u0173, tod\u0117l yra itin saugus ir \u0161velnus, tinkamas kasdienin\u0117ms maudyn\u0117ms!","og_url":"https:\/\/matildoslituanistinemokykla.co.uk\/en\/product\/biocos-baby-care-svelnus-prausiklis-vaikams\/","og_site_name":"Matildoslituanistinemokykla","article_modified_time":"2024-03-17T13:26:45+00:00","og_image":[{"width":600,"height":600,"url":"https:\/\/matildoslituanistinemokykla.co.uk\/wp-content\/uploads\/2024\/03\/svelnus-prausiklis.png","type":"image\/png"}],"twitter_card":"summary_large_image","twitter_misc":{"Estimated reading time":"2 minutes"},"schema":{"@context":"https:\/\/schema.org","@graph":[{"@type":"WebPage","@id":"https:\/\/matildoslituanistinemokykla.co.uk\/product\/biocos-baby-care-svelnus-prausiklis-vaikams\/","url":"https:\/\/matildoslituanistinemokykla.co.uk\/product\/biocos-baby-care-svelnus-prausiklis-vaikams\/","name":"Biocos BABY CARE \u0160velnus prausiklis vaikams - Matildoslituanistinemokykla","isPartOf":{"@id":"https:\/\/matildoslituanistinemokykla.co.uk\/#website"},"primaryImageOfPage":{"@id":"https:\/\/matildoslituanistinemokykla.co.uk\/product\/biocos-baby-care-svelnus-prausiklis-vaikams\/#primaryimage"},"image":{"@id":"https:\/\/matildoslituanistinemokykla.co.uk\/product\/biocos-baby-care-svelnus-prausiklis-vaikams\/#primaryimage"},"thumbnailUrl":"https:\/\/matildoslituanistinemokykla.co.uk\/wp-content\/uploads\/2024\/03\/svelnus-prausiklis.png","datePublished":"2024-03-02T20:07:45+00:00","dateModified":"2024-03-17T13:26:45+00:00","breadcrumb":{"@id":"https:\/\/matildoslituanistinemokykla.co.uk\/product\/biocos-baby-care-svelnus-prausiklis-vaikams\/#breadcrumb"},"inLanguage":"en-GB","potentialAction":[{"@type":"ReadAction","target":["https:\/\/matildoslituanistinemokykla.co.uk\/product\/biocos-baby-care-svelnus-prausiklis-vaikams\/"]}]},{"@type":"ImageObject","inLanguage":"en-GB","@id":"https:\/\/matildoslituanistinemokykla.co.uk\/product\/biocos-baby-care-svelnus-prausiklis-vaikams\/#primaryimage","url":"https:\/\/matildoslituanistinemokykla.co.uk\/wp-content\/uploads\/2024\/03\/svelnus-prausiklis.png","contentUrl":"https:\/\/matildoslituanistinemokykla.co.uk\/wp-content\/uploads\/2024\/03\/svelnus-prausiklis.png","width":600,"height":600},{"@type":"BreadcrumbList","@id":"https:\/\/matildoslituanistinemokykla.co.uk\/product\/biocos-baby-care-svelnus-prausiklis-vaikams\/#breadcrumb","itemListElement":[{"@type":"ListItem","position":1,"name":"Home","item":"https:\/\/matildoslituanistinemokykla.co.uk\/"},{"@type":"ListItem","position":2,"name":"Parduotuv\u0117","item":"https:\/\/matildoslituanistinemokykla.co.uk\/parduotuve\/"},{"@type":"ListItem","position":3,"name":"Biocos BABY CARE \u0160velnus prausiklis vaikams"}]},{"@type":"WebSite","@id":"https:\/\/matildoslituanistinemokykla.co.uk\/#website","url":"https:\/\/matildoslituanistinemokykla.co.uk\/","name":"Matildoslituanistinemokykla","description":"","publisher":{"@id":"https:\/\/matildoslituanistinemokykla.co.uk\/#organization"},"potentialAction":[{"@type":"SearchAction","target":{"@type":"EntryPoint","urlTemplate":"https:\/\/matildoslituanistinemokykla.co.uk\/?s={search_term_string}"},"query-input":{"@type":"PropertyValueSpecification","valueRequired":true,"valueName":"search_term_string"}}],"inLanguage":"en-GB"},{"@type":"Organization","@id":"https:\/\/matildoslituanistinemokykla.co.uk\/#organization","name":"Matildoslituanistinemokykla","url":"https:\/\/matildoslituanistinemokykla.co.uk\/","logo":{"@type":"ImageObject","inLanguage":"en-GB","@id":"https:\/\/matildoslituanistinemokykla.co.uk\/#\/schema\/logo\/image\/","url":"https:\/\/matildoslituanistinemokykla.co.uk\/wp-content\/uploads\/2023\/08\/Matildos-Lituanistine-mokykla_logo_final.png","contentUrl":"https:\/\/matildoslituanistinemokykla.co.uk\/wp-content\/uploads\/2023\/08\/Matildos-Lituanistine-mokykla_logo_final.png","width":1203,"height":947,"caption":"Matildoslituanistinemokykla"},"image":{"@id":"https:\/\/matildoslituanistinemokykla.co.uk\/#\/schema\/logo\/image\/"}}]}},"_links":{"self":[{"href":"https:\/\/matildoslituanistinemokykla.co.uk\/en\/wp-json\/wp\/v2\/product\/989697","targetHints":{"allow":["GET"]}}],"collection":[{"href":"https:\/\/matildoslituanistinemokykla.co.uk\/en\/wp-json\/wp\/v2\/product"}],"about":[{"href":"https:\/\/matildoslituanistinemokykla.co.uk\/en\/wp-json\/wp\/v2\/types\/product"}],"replies":[{"embeddable":true,"href":"https:\/\/matildoslituanistinemokykla.co.uk\/en\/wp-json\/wp\/v2\/comments?post=989697"}],"wp:featuredmedia":[{"embeddable":true,"href":"https:\/\/matildoslituanistinemokykla.co.uk\/en\/wp-json\/wp\/v2\/media\/989698"}],"wp:attachment":[{"href":"https:\/\/matildoslituanistinemokykla.co.uk\/en\/wp-json\/wp\/v2\/media?parent=989697"}],"wp:term":[{"taxonomy":"product_brand","embeddable":true,"href":"https:\/\/matildoslituanistinemokykla.co.uk\/en\/wp-json\/wp\/v2\/product_brand?post=989697"},{"taxonomy":"product_cat","embeddable":true,"href":"https:\/\/matildoslituanistinemokykla.co.uk\/en\/wp-json\/wp\/v2\/product_cat?post=989697"},{"taxonomy":"product_tag","embeddable":true,"href":"https:\/\/matildoslituanistinemokykla.co.uk\/en\/wp-json\/wp\/v2\/product_tag?post=989697"}],"curies":[{"name":"wp","href":"https:\/\/api.w.org\/{rel}","templated":true}]}}