{"id":989699,"date":"2024-03-02T20:11:55","date_gmt":"2024-03-02T20:11:55","guid":{"rendered":"https:\/\/matildoslituanistinemokykla.co.uk\/?post_type=product&#038;p=989699"},"modified":"2024-03-17T13:26:39","modified_gmt":"2024-03-17T13:26:39","slug":"biocos-baby-care-panoses-balzamas-varvancioms-nosytems","status":"publish","type":"product","link":"https:\/\/matildoslituanistinemokykla.co.uk\/en\/product\/biocos-baby-care-panoses-balzamas-varvancioms-nosytems\/","title":{"rendered":"Biocos BABY CARE Panose balm for drippy noses"},"content":{"rendered":"<div class=\"vgblk-rw-wrapper limit-wrapper\">\n<h3 class=\"product-information-heading\">PRODUCT INFORMATION<\/h3>\n<div class=\"row\">\n<div class=\"col-xs-12 col-md-6\">\n<div class=\"rte\">\n<p>Natural panoseptic balm - a real helper in the season of \"drippy noses\"!<\/p>\n<p>Aromatherapy blend of 100 % natural oils for nasal care in case of a cold or runny nose. Colds usually irritate the sensitive skin around the nose - it becomes red, scratchy and itchy. To avoid such unpleasant sensations, it is essential to take proper care of the skin around the nose. The balm's premium unrefined oils will protect, soften and soothe irritated skin, while the gentle essential oils of Rosalina and Marjoram will also help unclog a blocked nose and make breathing easier.<\/p>\n<p>Apply the balm to the panoseal area at the first symptoms of a cold or as a preventive measure during the cold season. Suitable for both young and old.<\/p>\n<p><strong>ACTIVE INGREDIENTS<\/strong>:.<\/p>\n<ul>\n<li><strong>St John's Wort extract<\/strong>\u00a0- first aid for dry, red skin. Soothes irritation, reduces itching, softens and regenerates the skin. Suitable for sensitive skin prone to allergic reactions.<\/li>\n<li><strong>Shea butter oil<\/strong>\u00a0- help protect children's skin from harsh weather, moisturise the face and nasal mucosa in dry weather at home, and help unclog blocked noses.<\/li>\n<li><strong>Beeswax<\/strong>\u00a0- creates an invisible film on the skin to protect it from unwanted environmental influences.<\/li>\n<li><strong>Rosaline and marjoram essential oils<\/strong>\u00a0- maintains good respiratory health, unclogs the nose. It has a positive effect on the emotions, helping to calm the mind and lift the mood.<\/li>\n<\/ul>\n<p><strong>USE<\/strong>: apply a thin layer to the panos and nasal mucosa several times a day.<\/p>\n<p><em>Dermatologically tested!<\/em><\/p>\n<\/div>\n<\/div>\n<div class=\"col-xs-12 col-md-6\">\n<div class=\"data-sheet entry\">\n<table>\n<tbody>\n<tr>\n<td>Quantity<\/td>\n<td>15 ml<\/td>\n<\/tr>\n<tr>\n<td>Main active ingredients<\/td>\n<td>St. John's Wort Phytol, Butterwood Oil, Rosaline Essential Oil, Marjoram Essential Oil<\/td>\n<\/tr>\n<tr>\n<td>By age group<\/td>\n<td>For babies<\/td>\n<\/tr>\n<\/tbody>\n<\/table>\n<\/div>\n<div class=\"rte structure-description\">\n<p><strong>INGREDIENTS<\/strong>Sesamum indicum seed oil, Helianthus annuus seed oil, Hypericum perforatum flower extract, Butyrospermum parkii butter, Cera alba, Melaleuca ercifolia oil, Origanum majorana leaf oil, linalool*, limonene*, geraniol*<\/p>\n<p>*Veterinary oil constituents<\/p>\n<\/div>\n<\/div>\n<\/div>\n<\/div>\n<p><!-- .vgblk-rw-wrapper --><\/p>","protected":false},"excerpt":{"rendered":"<p>Natural panose balm for the care of runny noses and irritated skin.<\/p>","protected":false},"featured_media":989700,"comment_status":"open","ping_status":"closed","template":"","meta":[],"product_brand":[],"product_cat":[72,71,70],"product_tag":[],"class_list":{"0":"post-989699","1":"product","2":"type-product","3":"status-publish","4":"has-post-thumbnail","6":"product_cat-biocos-prekes","7":"product_cat-kosmetika-ir-higiena","8":"product_cat-visos-prekes","10":"first","11":"instock","12":"shipping-taxable","13":"purchasable","14":"product-type-simple"},"yoast_head":"<!-- This site is optimized with the Yoast SEO plugin v25.8 - https:\/\/yoast.com\/wordpress\/plugins\/seo\/ -->\n<title>Biocos BABY CARE panos\u0117s balzamas \u201eVarvan\u010dioms nosyt\u0117ms\u201c - Matildoslituanistinemokykla<\/title>\n<meta name=\"robots\" content=\"index, follow, max-snippet:-1, max-image-preview:large, max-video-preview:-1\" \/>\n<link rel=\"canonical\" href=\"https:\/\/matildoslituanistinemokykla.co.uk\/en\/product\/biocos-baby-care-panoses-balzamas-varvancioms-nosytems\/\" \/>\n<meta property=\"og:locale\" content=\"en_GB\" \/>\n<meta property=\"og:type\" content=\"article\" \/>\n<meta property=\"og:title\" content=\"Biocos BABY CARE panos\u0117s balzamas \u201eVarvan\u010dioms nosyt\u0117ms\u201c - Matildoslituanistinemokykla\" \/>\n<meta property=\"og:description\" content=\"Nat\u016bralus panos\u0117s balzamas slogos varginamos nosyt\u0117s ir sudirgintos odel\u0117s prie\u017ei\u016brai.\" \/>\n<meta property=\"og:url\" content=\"https:\/\/matildoslituanistinemokykla.co.uk\/en\/product\/biocos-baby-care-panoses-balzamas-varvancioms-nosytems\/\" \/>\n<meta property=\"og:site_name\" content=\"Matildoslituanistinemokykla\" \/>\n<meta property=\"article:modified_time\" content=\"2024-03-17T13:26:39+00:00\" \/>\n<meta property=\"og:image\" content=\"https:\/\/matildoslituanistinemokykla.co.uk\/wp-content\/uploads\/2024\/03\/varvancioms-nosytems-panoses-balzamas.png\" \/>\n\t<meta property=\"og:image:width\" content=\"600\" \/>\n\t<meta property=\"og:image:height\" content=\"600\" \/>\n\t<meta property=\"og:image:type\" content=\"image\/png\" \/>\n<meta name=\"twitter:card\" content=\"summary_large_image\" \/>\n<meta name=\"twitter:label1\" content=\"Estimated reading time\" \/>\n\t<meta name=\"twitter:data1\" content=\"2 minutes\" \/>\n<script type=\"application\/ld+json\" class=\"yoast-schema-graph\">{\"@context\":\"https:\/\/schema.org\",\"@graph\":[{\"@type\":\"WebPage\",\"@id\":\"https:\/\/matildoslituanistinemokykla.co.uk\/product\/biocos-baby-care-panoses-balzamas-varvancioms-nosytems\/\",\"url\":\"https:\/\/matildoslituanistinemokykla.co.uk\/product\/biocos-baby-care-panoses-balzamas-varvancioms-nosytems\/\",\"name\":\"Biocos BABY CARE panos\u0117s balzamas \u201eVarvan\u010dioms nosyt\u0117ms\u201c - Matildoslituanistinemokykla\",\"isPartOf\":{\"@id\":\"https:\/\/matildoslituanistinemokykla.co.uk\/#website\"},\"primaryImageOfPage\":{\"@id\":\"https:\/\/matildoslituanistinemokykla.co.uk\/product\/biocos-baby-care-panoses-balzamas-varvancioms-nosytems\/#primaryimage\"},\"image\":{\"@id\":\"https:\/\/matildoslituanistinemokykla.co.uk\/product\/biocos-baby-care-panoses-balzamas-varvancioms-nosytems\/#primaryimage\"},\"thumbnailUrl\":\"https:\/\/matildoslituanistinemokykla.co.uk\/wp-content\/uploads\/2024\/03\/varvancioms-nosytems-panoses-balzamas.png\",\"datePublished\":\"2024-03-02T20:11:55+00:00\",\"dateModified\":\"2024-03-17T13:26:39+00:00\",\"breadcrumb\":{\"@id\":\"https:\/\/matildoslituanistinemokykla.co.uk\/product\/biocos-baby-care-panoses-balzamas-varvancioms-nosytems\/#breadcrumb\"},\"inLanguage\":\"en-GB\",\"potentialAction\":[{\"@type\":\"ReadAction\",\"target\":[\"https:\/\/matildoslituanistinemokykla.co.uk\/product\/biocos-baby-care-panoses-balzamas-varvancioms-nosytems\/\"]}]},{\"@type\":\"ImageObject\",\"inLanguage\":\"en-GB\",\"@id\":\"https:\/\/matildoslituanistinemokykla.co.uk\/product\/biocos-baby-care-panoses-balzamas-varvancioms-nosytems\/#primaryimage\",\"url\":\"https:\/\/matildoslituanistinemokykla.co.uk\/wp-content\/uploads\/2024\/03\/varvancioms-nosytems-panoses-balzamas.png\",\"contentUrl\":\"https:\/\/matildoslituanistinemokykla.co.uk\/wp-content\/uploads\/2024\/03\/varvancioms-nosytems-panoses-balzamas.png\",\"width\":600,\"height\":600,\"caption\":\"Biocos BABY CARE panos\u0117s balzamas \u201eVarvan\u010dioms nosyt\u0117ms\u201c\"},{\"@type\":\"BreadcrumbList\",\"@id\":\"https:\/\/matildoslituanistinemokykla.co.uk\/product\/biocos-baby-care-panoses-balzamas-varvancioms-nosytems\/#breadcrumb\",\"itemListElement\":[{\"@type\":\"ListItem\",\"position\":1,\"name\":\"Home\",\"item\":\"https:\/\/matildoslituanistinemokykla.co.uk\/\"},{\"@type\":\"ListItem\",\"position\":2,\"name\":\"Parduotuv\u0117\",\"item\":\"https:\/\/matildoslituanistinemokykla.co.uk\/parduotuve\/\"},{\"@type\":\"ListItem\",\"position\":3,\"name\":\"Biocos BABY CARE panos\u0117s balzamas \u201eVarvan\u010dioms nosyt\u0117ms\u201c\"}]},{\"@type\":\"WebSite\",\"@id\":\"https:\/\/matildoslituanistinemokykla.co.uk\/#website\",\"url\":\"https:\/\/matildoslituanistinemokykla.co.uk\/\",\"name\":\"Matildoslituanistinemokykla\",\"description\":\"\",\"publisher\":{\"@id\":\"https:\/\/matildoslituanistinemokykla.co.uk\/#organization\"},\"potentialAction\":[{\"@type\":\"SearchAction\",\"target\":{\"@type\":\"EntryPoint\",\"urlTemplate\":\"https:\/\/matildoslituanistinemokykla.co.uk\/?s={search_term_string}\"},\"query-input\":{\"@type\":\"PropertyValueSpecification\",\"valueRequired\":true,\"valueName\":\"search_term_string\"}}],\"inLanguage\":\"en-GB\"},{\"@type\":\"Organization\",\"@id\":\"https:\/\/matildoslituanistinemokykla.co.uk\/#organization\",\"name\":\"Matildoslituanistinemokykla\",\"url\":\"https:\/\/matildoslituanistinemokykla.co.uk\/\",\"logo\":{\"@type\":\"ImageObject\",\"inLanguage\":\"en-GB\",\"@id\":\"https:\/\/matildoslituanistinemokykla.co.uk\/#\/schema\/logo\/image\/\",\"url\":\"https:\/\/matildoslituanistinemokykla.co.uk\/wp-content\/uploads\/2023\/08\/Matildos-Lituanistine-mokykla_logo_final.png\",\"contentUrl\":\"https:\/\/matildoslituanistinemokykla.co.uk\/wp-content\/uploads\/2023\/08\/Matildos-Lituanistine-mokykla_logo_final.png\",\"width\":1203,\"height\":947,\"caption\":\"Matildoslituanistinemokykla\"},\"image\":{\"@id\":\"https:\/\/matildoslituanistinemokykla.co.uk\/#\/schema\/logo\/image\/\"}}]}<\/script>\n<!-- \/ Yoast SEO plugin. -->","yoast_head_json":{"title":"Biocos BABY CARE panos\u0117s balzamas \u201eVarvan\u010dioms nosyt\u0117ms\u201c - Matildoslituanistinemokykla","robots":{"index":"index","follow":"follow","max-snippet":"max-snippet:-1","max-image-preview":"max-image-preview:large","max-video-preview":"max-video-preview:-1"},"canonical":"https:\/\/matildoslituanistinemokykla.co.uk\/en\/product\/biocos-baby-care-panoses-balzamas-varvancioms-nosytems\/","og_locale":"en_GB","og_type":"article","og_title":"Biocos BABY CARE panos\u0117s balzamas \u201eVarvan\u010dioms nosyt\u0117ms\u201c - Matildoslituanistinemokykla","og_description":"Nat\u016bralus panos\u0117s balzamas slogos varginamos nosyt\u0117s ir sudirgintos odel\u0117s prie\u017ei\u016brai.","og_url":"https:\/\/matildoslituanistinemokykla.co.uk\/en\/product\/biocos-baby-care-panoses-balzamas-varvancioms-nosytems\/","og_site_name":"Matildoslituanistinemokykla","article_modified_time":"2024-03-17T13:26:39+00:00","og_image":[{"width":600,"height":600,"url":"https:\/\/matildoslituanistinemokykla.co.uk\/wp-content\/uploads\/2024\/03\/varvancioms-nosytems-panoses-balzamas.png","type":"image\/png"}],"twitter_card":"summary_large_image","twitter_misc":{"Estimated reading time":"2 minutes"},"schema":{"@context":"https:\/\/schema.org","@graph":[{"@type":"WebPage","@id":"https:\/\/matildoslituanistinemokykla.co.uk\/product\/biocos-baby-care-panoses-balzamas-varvancioms-nosytems\/","url":"https:\/\/matildoslituanistinemokykla.co.uk\/product\/biocos-baby-care-panoses-balzamas-varvancioms-nosytems\/","name":"Biocos BABY CARE panos\u0117s balzamas \u201eVarvan\u010dioms nosyt\u0117ms\u201c - Matildoslituanistinemokykla","isPartOf":{"@id":"https:\/\/matildoslituanistinemokykla.co.uk\/#website"},"primaryImageOfPage":{"@id":"https:\/\/matildoslituanistinemokykla.co.uk\/product\/biocos-baby-care-panoses-balzamas-varvancioms-nosytems\/#primaryimage"},"image":{"@id":"https:\/\/matildoslituanistinemokykla.co.uk\/product\/biocos-baby-care-panoses-balzamas-varvancioms-nosytems\/#primaryimage"},"thumbnailUrl":"https:\/\/matildoslituanistinemokykla.co.uk\/wp-content\/uploads\/2024\/03\/varvancioms-nosytems-panoses-balzamas.png","datePublished":"2024-03-02T20:11:55+00:00","dateModified":"2024-03-17T13:26:39+00:00","breadcrumb":{"@id":"https:\/\/matildoslituanistinemokykla.co.uk\/product\/biocos-baby-care-panoses-balzamas-varvancioms-nosytems\/#breadcrumb"},"inLanguage":"en-GB","potentialAction":[{"@type":"ReadAction","target":["https:\/\/matildoslituanistinemokykla.co.uk\/product\/biocos-baby-care-panoses-balzamas-varvancioms-nosytems\/"]}]},{"@type":"ImageObject","inLanguage":"en-GB","@id":"https:\/\/matildoslituanistinemokykla.co.uk\/product\/biocos-baby-care-panoses-balzamas-varvancioms-nosytems\/#primaryimage","url":"https:\/\/matildoslituanistinemokykla.co.uk\/wp-content\/uploads\/2024\/03\/varvancioms-nosytems-panoses-balzamas.png","contentUrl":"https:\/\/matildoslituanistinemokykla.co.uk\/wp-content\/uploads\/2024\/03\/varvancioms-nosytems-panoses-balzamas.png","width":600,"height":600,"caption":"Biocos BABY CARE panos\u0117s balzamas \u201eVarvan\u010dioms nosyt\u0117ms\u201c"},{"@type":"BreadcrumbList","@id":"https:\/\/matildoslituanistinemokykla.co.uk\/product\/biocos-baby-care-panoses-balzamas-varvancioms-nosytems\/#breadcrumb","itemListElement":[{"@type":"ListItem","position":1,"name":"Home","item":"https:\/\/matildoslituanistinemokykla.co.uk\/"},{"@type":"ListItem","position":2,"name":"Parduotuv\u0117","item":"https:\/\/matildoslituanistinemokykla.co.uk\/parduotuve\/"},{"@type":"ListItem","position":3,"name":"Biocos BABY CARE panos\u0117s balzamas \u201eVarvan\u010dioms nosyt\u0117ms\u201c"}]},{"@type":"WebSite","@id":"https:\/\/matildoslituanistinemokykla.co.uk\/#website","url":"https:\/\/matildoslituanistinemokykla.co.uk\/","name":"Matildoslituanistinemokykla","description":"","publisher":{"@id":"https:\/\/matildoslituanistinemokykla.co.uk\/#organization"},"potentialAction":[{"@type":"SearchAction","target":{"@type":"EntryPoint","urlTemplate":"https:\/\/matildoslituanistinemokykla.co.uk\/?s={search_term_string}"},"query-input":{"@type":"PropertyValueSpecification","valueRequired":true,"valueName":"search_term_string"}}],"inLanguage":"en-GB"},{"@type":"Organization","@id":"https:\/\/matildoslituanistinemokykla.co.uk\/#organization","name":"Matildoslituanistinemokykla","url":"https:\/\/matildoslituanistinemokykla.co.uk\/","logo":{"@type":"ImageObject","inLanguage":"en-GB","@id":"https:\/\/matildoslituanistinemokykla.co.uk\/#\/schema\/logo\/image\/","url":"https:\/\/matildoslituanistinemokykla.co.uk\/wp-content\/uploads\/2023\/08\/Matildos-Lituanistine-mokykla_logo_final.png","contentUrl":"https:\/\/matildoslituanistinemokykla.co.uk\/wp-content\/uploads\/2023\/08\/Matildos-Lituanistine-mokykla_logo_final.png","width":1203,"height":947,"caption":"Matildoslituanistinemokykla"},"image":{"@id":"https:\/\/matildoslituanistinemokykla.co.uk\/#\/schema\/logo\/image\/"}}]}},"_links":{"self":[{"href":"https:\/\/matildoslituanistinemokykla.co.uk\/en\/wp-json\/wp\/v2\/product\/989699","targetHints":{"allow":["GET"]}}],"collection":[{"href":"https:\/\/matildoslituanistinemokykla.co.uk\/en\/wp-json\/wp\/v2\/product"}],"about":[{"href":"https:\/\/matildoslituanistinemokykla.co.uk\/en\/wp-json\/wp\/v2\/types\/product"}],"replies":[{"embeddable":true,"href":"https:\/\/matildoslituanistinemokykla.co.uk\/en\/wp-json\/wp\/v2\/comments?post=989699"}],"wp:featuredmedia":[{"embeddable":true,"href":"https:\/\/matildoslituanistinemokykla.co.uk\/en\/wp-json\/wp\/v2\/media\/989700"}],"wp:attachment":[{"href":"https:\/\/matildoslituanistinemokykla.co.uk\/en\/wp-json\/wp\/v2\/media?parent=989699"}],"wp:term":[{"taxonomy":"product_brand","embeddable":true,"href":"https:\/\/matildoslituanistinemokykla.co.uk\/en\/wp-json\/wp\/v2\/product_brand?post=989699"},{"taxonomy":"product_cat","embeddable":true,"href":"https:\/\/matildoslituanistinemokykla.co.uk\/en\/wp-json\/wp\/v2\/product_cat?post=989699"},{"taxonomy":"product_tag","embeddable":true,"href":"https:\/\/matildoslituanistinemokykla.co.uk\/en\/wp-json\/wp\/v2\/product_tag?post=989699"}],"curies":[{"name":"wp","href":"https:\/\/api.w.org\/{rel}","templated":true}]}}