{"id":989720,"date":"2024-03-14T09:54:59","date_gmt":"2024-03-14T09:54:59","guid":{"rendered":"https:\/\/matildoslituanistinemokykla.co.uk\/?post_type=product&#038;p=989720"},"modified":"2025-04-12T20:04:58","modified_gmt":"2025-04-12T20:04:58","slug":"ecodenta-kake-make-braskiu-skonio-burnos-skalavimo-skystis-3-m","status":"publish","type":"product","link":"https:\/\/matildoslituanistinemokykla.co.uk\/en\/product\/ecodenta-kake-make-braskiu-skonio-burnos-skalavimo-skystis-3-m\/","title":{"rendered":"ECODENTA KAKE MAKE Strawberry flavoured mouthwash"},"content":{"rendered":"<div class=\"vgblk-rw-wrapper limit-wrapper\">\n<p data-sourcepos=\"9:1-9:53\"><strong>ECODENTA KAKE MAKE Strawberry flavoured mouthwash:<\/strong><\/p>\n<ul data-sourcepos=\"11:1-16:0\">\n<li data-sourcepos=\"11:1-11:108\">Helps remove dirt and bacteria from hard-to-reach areas where a toothbrush can't reach.<\/li>\n<li data-sourcepos=\"12:1-12:66\">Prevents plaque and tooth decay by protecting baby teeth.<\/li>\n<li data-sourcepos=\"13:1-13:84\">It has a wonderful strawberry flavour that will appeal to even the most demanding children.<\/li>\n<li data-sourcepos=\"14:1-14:75\">Easy to use: add to the cap and rinse your mouth for one minute.<\/li>\n<li data-sourcepos=\"15:1-16:0\">Safe for children from 3 years.<\/li>\n<\/ul>\n<p data-sourcepos=\"17:1-17:89\"><strong>Help your child defeat tooth monsters and keep their teeth healthy with ECODENTA!<\/strong><\/p>\n<ul data-sourcepos=\"21:1-25:0\">\n<li data-sourcepos=\"21:1-21:82\">96% Ingredients of natural origin: contains no alcohol, parabens and SLS.<\/li>\n<li data-sourcepos=\"22:1-22:50\">Organic: ECOCERT certified.<\/li>\n<li data-sourcepos=\"23:1-23:49\">Safe and reliable: clinically tested.<\/li>\n<li data-sourcepos=\"24:1-25:0\">Fun design: appealing to children.<\/li>\n<\/ul>\n<p data-sourcepos=\"34:1-34:100\">\n<\/div>\n<p><!-- .vgblk-rw-wrapper --><\/p>","protected":false},"excerpt":{"rendered":"<p data-sourcepos=\"7:1-7:61\">Defeat tooth monsters with ECODENTA Strawberry Flavoured Mouthwash!<\/p>\n<p data-sourcepos=\"5:1-5:42\">Does your little one not like to brush their teeth?<\/p>\n<p data-sourcepos=\"7:1-7:61\">Don't worry, fighting tooth monsters can be fun!<\/p>","protected":false},"featured_media":989722,"comment_status":"open","ping_status":"closed","template":"","meta":[],"product_brand":[],"product_cat":[67,71],"product_tag":[],"class_list":{"0":"post-989720","1":"product","2":"type-product","3":"status-publish","4":"has-post-thumbnail","6":"product_cat-kakes-makes-produkcija","7":"product_cat-kosmetika-ir-higiena","9":"first","10":"instock","11":"shipping-taxable","12":"purchasable","13":"product-type-simple"},"yoast_head":"<!-- This site is optimized with the Yoast SEO plugin v25.8 - https:\/\/yoast.com\/wordpress\/plugins\/seo\/ -->\n<title>ECODENTA KAK\u0116 MAK\u0116 bra\u0161ki\u0173 skonio burnos skalavimo skystis - Matildoslituanistinemokykla<\/title>\n<meta name=\"robots\" content=\"index, follow, max-snippet:-1, max-image-preview:large, max-video-preview:-1\" \/>\n<link rel=\"canonical\" href=\"https:\/\/matildoslituanistinemokykla.co.uk\/en\/product\/ecodenta-kake-make-braskiu-skonio-burnos-skalavimo-skystis-3-m\/\" \/>\n<meta property=\"og:locale\" content=\"en_GB\" \/>\n<meta property=\"og:type\" content=\"article\" \/>\n<meta property=\"og:title\" content=\"ECODENTA KAK\u0116 MAK\u0116 bra\u0161ki\u0173 skonio burnos skalavimo skystis - Matildoslituanistinemokykla\" \/>\n<meta property=\"og:description\" content=\"Nugal\u0117k dant\u0173 monstrus su ECODENTA bra\u0161ki\u0173 skonio burnos skalavimo skys\u010diu! Ar J\u016bs\u0173 ma\u017eylis nem\u0117gsta valyti dant\u0173? Nesijaudinkite, juk kova su dant\u0173 monstrais gali b\u016bti smagi!\" \/>\n<meta property=\"og:url\" content=\"https:\/\/matildoslituanistinemokykla.co.uk\/en\/product\/ecodenta-kake-make-braskiu-skonio-burnos-skalavimo-skystis-3-m\/\" \/>\n<meta property=\"og:site_name\" content=\"Matildoslituanistinemokykla\" \/>\n<meta property=\"article:modified_time\" content=\"2025-04-12T20:04:58+00:00\" \/>\n<meta property=\"og:image\" content=\"https:\/\/matildoslituanistinemokykla.co.uk\/wp-content\/uploads\/2024\/03\/ecodenta_KAKES_MAKES_DANTU-SKALAVIMO_SKYSTIS_MATILDASHOP.png\" \/>\n\t<meta property=\"og:image:width\" content=\"370\" \/>\n\t<meta property=\"og:image:height\" content=\"258\" \/>\n\t<meta property=\"og:image:type\" content=\"image\/png\" \/>\n<meta name=\"twitter:card\" content=\"summary_large_image\" \/>\n<meta name=\"twitter:label1\" content=\"Estimated reading time\" \/>\n\t<meta name=\"twitter:data1\" content=\"1 minute\" \/>\n<script type=\"application\/ld+json\" class=\"yoast-schema-graph\">{\"@context\":\"https:\/\/schema.org\",\"@graph\":[{\"@type\":\"WebPage\",\"@id\":\"https:\/\/matildoslituanistinemokykla.co.uk\/product\/ecodenta-kake-make-braskiu-skonio-burnos-skalavimo-skystis-3-m\/\",\"url\":\"https:\/\/matildoslituanistinemokykla.co.uk\/product\/ecodenta-kake-make-braskiu-skonio-burnos-skalavimo-skystis-3-m\/\",\"name\":\"ECODENTA KAK\u0116 MAK\u0116 bra\u0161ki\u0173 skonio burnos skalavimo skystis - Matildoslituanistinemokykla\",\"isPartOf\":{\"@id\":\"https:\/\/matildoslituanistinemokykla.co.uk\/#website\"},\"primaryImageOfPage\":{\"@id\":\"https:\/\/matildoslituanistinemokykla.co.uk\/product\/ecodenta-kake-make-braskiu-skonio-burnos-skalavimo-skystis-3-m\/#primaryimage\"},\"image\":{\"@id\":\"https:\/\/matildoslituanistinemokykla.co.uk\/product\/ecodenta-kake-make-braskiu-skonio-burnos-skalavimo-skystis-3-m\/#primaryimage\"},\"thumbnailUrl\":\"https:\/\/matildoslituanistinemokykla.co.uk\/wp-content\/uploads\/2024\/03\/ecodenta_KAKES_MAKES_DANTU-SKALAVIMO_SKYSTIS_MATILDASHOP.png\",\"datePublished\":\"2024-03-14T09:54:59+00:00\",\"dateModified\":\"2025-04-12T20:04:58+00:00\",\"breadcrumb\":{\"@id\":\"https:\/\/matildoslituanistinemokykla.co.uk\/product\/ecodenta-kake-make-braskiu-skonio-burnos-skalavimo-skystis-3-m\/#breadcrumb\"},\"inLanguage\":\"en-GB\",\"potentialAction\":[{\"@type\":\"ReadAction\",\"target\":[\"https:\/\/matildoslituanistinemokykla.co.uk\/product\/ecodenta-kake-make-braskiu-skonio-burnos-skalavimo-skystis-3-m\/\"]}]},{\"@type\":\"ImageObject\",\"inLanguage\":\"en-GB\",\"@id\":\"https:\/\/matildoslituanistinemokykla.co.uk\/product\/ecodenta-kake-make-braskiu-skonio-burnos-skalavimo-skystis-3-m\/#primaryimage\",\"url\":\"https:\/\/matildoslituanistinemokykla.co.uk\/wp-content\/uploads\/2024\/03\/ecodenta_KAKES_MAKES_DANTU-SKALAVIMO_SKYSTIS_MATILDASHOP.png\",\"contentUrl\":\"https:\/\/matildoslituanistinemokykla.co.uk\/wp-content\/uploads\/2024\/03\/ecodenta_KAKES_MAKES_DANTU-SKALAVIMO_SKYSTIS_MATILDASHOP.png\",\"width\":370,\"height\":258},{\"@type\":\"BreadcrumbList\",\"@id\":\"https:\/\/matildoslituanistinemokykla.co.uk\/product\/ecodenta-kake-make-braskiu-skonio-burnos-skalavimo-skystis-3-m\/#breadcrumb\",\"itemListElement\":[{\"@type\":\"ListItem\",\"position\":1,\"name\":\"Home\",\"item\":\"https:\/\/matildoslituanistinemokykla.co.uk\/\"},{\"@type\":\"ListItem\",\"position\":2,\"name\":\"Parduotuv\u0117\",\"item\":\"https:\/\/matildoslituanistinemokykla.co.uk\/parduotuve\/\"},{\"@type\":\"ListItem\",\"position\":3,\"name\":\"ECODENTA KAK\u0116 MAK\u0116 bra\u0161ki\u0173 skonio burnos skalavimo skystis\"}]},{\"@type\":\"WebSite\",\"@id\":\"https:\/\/matildoslituanistinemokykla.co.uk\/#website\",\"url\":\"https:\/\/matildoslituanistinemokykla.co.uk\/\",\"name\":\"Matildoslituanistinemokykla\",\"description\":\"\",\"publisher\":{\"@id\":\"https:\/\/matildoslituanistinemokykla.co.uk\/#organization\"},\"potentialAction\":[{\"@type\":\"SearchAction\",\"target\":{\"@type\":\"EntryPoint\",\"urlTemplate\":\"https:\/\/matildoslituanistinemokykla.co.uk\/?s={search_term_string}\"},\"query-input\":{\"@type\":\"PropertyValueSpecification\",\"valueRequired\":true,\"valueName\":\"search_term_string\"}}],\"inLanguage\":\"en-GB\"},{\"@type\":\"Organization\",\"@id\":\"https:\/\/matildoslituanistinemokykla.co.uk\/#organization\",\"name\":\"Matildoslituanistinemokykla\",\"url\":\"https:\/\/matildoslituanistinemokykla.co.uk\/\",\"logo\":{\"@type\":\"ImageObject\",\"inLanguage\":\"en-GB\",\"@id\":\"https:\/\/matildoslituanistinemokykla.co.uk\/#\/schema\/logo\/image\/\",\"url\":\"https:\/\/matildoslituanistinemokykla.co.uk\/wp-content\/uploads\/2023\/08\/Matildos-Lituanistine-mokykla_logo_final.png\",\"contentUrl\":\"https:\/\/matildoslituanistinemokykla.co.uk\/wp-content\/uploads\/2023\/08\/Matildos-Lituanistine-mokykla_logo_final.png\",\"width\":1203,\"height\":947,\"caption\":\"Matildoslituanistinemokykla\"},\"image\":{\"@id\":\"https:\/\/matildoslituanistinemokykla.co.uk\/#\/schema\/logo\/image\/\"}}]}<\/script>\n<!-- \/ Yoast SEO plugin. -->","yoast_head_json":{"title":"ECODENTA KAK\u0116 MAK\u0116 bra\u0161ki\u0173 skonio burnos skalavimo skystis - Matildoslituanistinemokykla","robots":{"index":"index","follow":"follow","max-snippet":"max-snippet:-1","max-image-preview":"max-image-preview:large","max-video-preview":"max-video-preview:-1"},"canonical":"https:\/\/matildoslituanistinemokykla.co.uk\/en\/product\/ecodenta-kake-make-braskiu-skonio-burnos-skalavimo-skystis-3-m\/","og_locale":"en_GB","og_type":"article","og_title":"ECODENTA KAK\u0116 MAK\u0116 bra\u0161ki\u0173 skonio burnos skalavimo skystis - Matildoslituanistinemokykla","og_description":"Nugal\u0117k dant\u0173 monstrus su ECODENTA bra\u0161ki\u0173 skonio burnos skalavimo skys\u010diu! Ar J\u016bs\u0173 ma\u017eylis nem\u0117gsta valyti dant\u0173? Nesijaudinkite, juk kova su dant\u0173 monstrais gali b\u016bti smagi!","og_url":"https:\/\/matildoslituanistinemokykla.co.uk\/en\/product\/ecodenta-kake-make-braskiu-skonio-burnos-skalavimo-skystis-3-m\/","og_site_name":"Matildoslituanistinemokykla","article_modified_time":"2025-04-12T20:04:58+00:00","og_image":[{"width":370,"height":258,"url":"https:\/\/matildoslituanistinemokykla.co.uk\/wp-content\/uploads\/2024\/03\/ecodenta_KAKES_MAKES_DANTU-SKALAVIMO_SKYSTIS_MATILDASHOP.png","type":"image\/png"}],"twitter_card":"summary_large_image","twitter_misc":{"Estimated reading time":"1 minute"},"schema":{"@context":"https:\/\/schema.org","@graph":[{"@type":"WebPage","@id":"https:\/\/matildoslituanistinemokykla.co.uk\/product\/ecodenta-kake-make-braskiu-skonio-burnos-skalavimo-skystis-3-m\/","url":"https:\/\/matildoslituanistinemokykla.co.uk\/product\/ecodenta-kake-make-braskiu-skonio-burnos-skalavimo-skystis-3-m\/","name":"ECODENTA KAK\u0116 MAK\u0116 bra\u0161ki\u0173 skonio burnos skalavimo skystis - Matildoslituanistinemokykla","isPartOf":{"@id":"https:\/\/matildoslituanistinemokykla.co.uk\/#website"},"primaryImageOfPage":{"@id":"https:\/\/matildoslituanistinemokykla.co.uk\/product\/ecodenta-kake-make-braskiu-skonio-burnos-skalavimo-skystis-3-m\/#primaryimage"},"image":{"@id":"https:\/\/matildoslituanistinemokykla.co.uk\/product\/ecodenta-kake-make-braskiu-skonio-burnos-skalavimo-skystis-3-m\/#primaryimage"},"thumbnailUrl":"https:\/\/matildoslituanistinemokykla.co.uk\/wp-content\/uploads\/2024\/03\/ecodenta_KAKES_MAKES_DANTU-SKALAVIMO_SKYSTIS_MATILDASHOP.png","datePublished":"2024-03-14T09:54:59+00:00","dateModified":"2025-04-12T20:04:58+00:00","breadcrumb":{"@id":"https:\/\/matildoslituanistinemokykla.co.uk\/product\/ecodenta-kake-make-braskiu-skonio-burnos-skalavimo-skystis-3-m\/#breadcrumb"},"inLanguage":"en-GB","potentialAction":[{"@type":"ReadAction","target":["https:\/\/matildoslituanistinemokykla.co.uk\/product\/ecodenta-kake-make-braskiu-skonio-burnos-skalavimo-skystis-3-m\/"]}]},{"@type":"ImageObject","inLanguage":"en-GB","@id":"https:\/\/matildoslituanistinemokykla.co.uk\/product\/ecodenta-kake-make-braskiu-skonio-burnos-skalavimo-skystis-3-m\/#primaryimage","url":"https:\/\/matildoslituanistinemokykla.co.uk\/wp-content\/uploads\/2024\/03\/ecodenta_KAKES_MAKES_DANTU-SKALAVIMO_SKYSTIS_MATILDASHOP.png","contentUrl":"https:\/\/matildoslituanistinemokykla.co.uk\/wp-content\/uploads\/2024\/03\/ecodenta_KAKES_MAKES_DANTU-SKALAVIMO_SKYSTIS_MATILDASHOP.png","width":370,"height":258},{"@type":"BreadcrumbList","@id":"https:\/\/matildoslituanistinemokykla.co.uk\/product\/ecodenta-kake-make-braskiu-skonio-burnos-skalavimo-skystis-3-m\/#breadcrumb","itemListElement":[{"@type":"ListItem","position":1,"name":"Home","item":"https:\/\/matildoslituanistinemokykla.co.uk\/"},{"@type":"ListItem","position":2,"name":"Parduotuv\u0117","item":"https:\/\/matildoslituanistinemokykla.co.uk\/parduotuve\/"},{"@type":"ListItem","position":3,"name":"ECODENTA KAK\u0116 MAK\u0116 bra\u0161ki\u0173 skonio burnos skalavimo skystis"}]},{"@type":"WebSite","@id":"https:\/\/matildoslituanistinemokykla.co.uk\/#website","url":"https:\/\/matildoslituanistinemokykla.co.uk\/","name":"Matildoslituanistinemokykla","description":"","publisher":{"@id":"https:\/\/matildoslituanistinemokykla.co.uk\/#organization"},"potentialAction":[{"@type":"SearchAction","target":{"@type":"EntryPoint","urlTemplate":"https:\/\/matildoslituanistinemokykla.co.uk\/?s={search_term_string}"},"query-input":{"@type":"PropertyValueSpecification","valueRequired":true,"valueName":"search_term_string"}}],"inLanguage":"en-GB"},{"@type":"Organization","@id":"https:\/\/matildoslituanistinemokykla.co.uk\/#organization","name":"Matildoslituanistinemokykla","url":"https:\/\/matildoslituanistinemokykla.co.uk\/","logo":{"@type":"ImageObject","inLanguage":"en-GB","@id":"https:\/\/matildoslituanistinemokykla.co.uk\/#\/schema\/logo\/image\/","url":"https:\/\/matildoslituanistinemokykla.co.uk\/wp-content\/uploads\/2023\/08\/Matildos-Lituanistine-mokykla_logo_final.png","contentUrl":"https:\/\/matildoslituanistinemokykla.co.uk\/wp-content\/uploads\/2023\/08\/Matildos-Lituanistine-mokykla_logo_final.png","width":1203,"height":947,"caption":"Matildoslituanistinemokykla"},"image":{"@id":"https:\/\/matildoslituanistinemokykla.co.uk\/#\/schema\/logo\/image\/"}}]}},"_links":{"self":[{"href":"https:\/\/matildoslituanistinemokykla.co.uk\/en\/wp-json\/wp\/v2\/product\/989720","targetHints":{"allow":["GET"]}}],"collection":[{"href":"https:\/\/matildoslituanistinemokykla.co.uk\/en\/wp-json\/wp\/v2\/product"}],"about":[{"href":"https:\/\/matildoslituanistinemokykla.co.uk\/en\/wp-json\/wp\/v2\/types\/product"}],"replies":[{"embeddable":true,"href":"https:\/\/matildoslituanistinemokykla.co.uk\/en\/wp-json\/wp\/v2\/comments?post=989720"}],"wp:featuredmedia":[{"embeddable":true,"href":"https:\/\/matildoslituanistinemokykla.co.uk\/en\/wp-json\/wp\/v2\/media\/989722"}],"wp:attachment":[{"href":"https:\/\/matildoslituanistinemokykla.co.uk\/en\/wp-json\/wp\/v2\/media?parent=989720"}],"wp:term":[{"taxonomy":"product_brand","embeddable":true,"href":"https:\/\/matildoslituanistinemokykla.co.uk\/en\/wp-json\/wp\/v2\/product_brand?post=989720"},{"taxonomy":"product_cat","embeddable":true,"href":"https:\/\/matildoslituanistinemokykla.co.uk\/en\/wp-json\/wp\/v2\/product_cat?post=989720"},{"taxonomy":"product_tag","embeddable":true,"href":"https:\/\/matildoslituanistinemokykla.co.uk\/en\/wp-json\/wp\/v2\/product_tag?post=989720"}],"curies":[{"name":"wp","href":"https:\/\/api.w.org\/{rel}","templated":true}]}}