{"id":989736,"date":"2024-03-17T11:43:19","date_gmt":"2024-03-17T11:43:19","guid":{"rendered":"https:\/\/matildoslituanistinemokykla.co.uk\/?post_type=product&#038;p=989736"},"modified":"2025-03-14T09:42:54","modified_gmt":"2025-03-14T09:42:54","slug":"ikimokyklinuko-abc-mokausi-skaiciuoti-ir-rasyti","status":"publish","type":"product","link":"https:\/\/matildoslituanistinemokykla.co.uk\/en\/product\/ikimokyklinuko-abc-mokausi-skaiciuoti-ir-rasyti\/","title":{"rendered":"PRE-SCHOOL ABC. LEARNING TO COUNT AND WRITE"},"content":{"rendered":"<div class=\"vgblk-rw-wrapper limit-wrapper\">&nbsp;<\/p>\n<p>The activity book is aimed at preschool and pre-kindergarten children, their parents and kindergarten teachers.<\/p>\n<p>&nbsp;<\/p>\n<p>- The activities are designed for children aged 5-6 years and will appeal to both girls and boys.<\/p>\n<p>- Develops fine motor skills, mental abilities and creativity.<\/p>\n<p>- Ideal for pre-school teachers working with 5-6 year olds.<\/p><\/div>\n<p><!-- .vgblk-rw-wrapper --><\/p>","protected":false},"excerpt":{"rendered":"<h2 style=\"font-weight: 400;\">ABOUT THE KNIGHTS<\/h2>\n<p>\"ABC of Pre-School\" is a book of exercises for children aged 5-6 years old, designed to develop the hand before learning to write and to perform simple mathematical tasks: comparing sizes, recognising shapes, learning numbers.<\/p>\n<p>&nbsp;<\/p>\n<p>The book has 80 pages of fun activities to develop numeracy and writing skills. The playful activities will encourage children to explore, develop hand movements, attention and observation.<\/p>\n<p>&nbsp;<\/p>","protected":false},"featured_media":989737,"comment_status":"open","ping_status":"closed","template":"","meta":[],"product_brand":[],"product_cat":[68,70],"product_tag":[],"class_list":{"0":"post-989736","1":"product","2":"type-product","3":"status-publish","4":"has-post-thumbnail","6":"product_cat-knygos","7":"product_cat-visos-prekes","9":"first","10":"outofstock","11":"shipping-taxable","12":"purchasable","13":"product-type-simple"},"yoast_head":"<!-- This site is optimized with the Yoast SEO plugin v25.8 - https:\/\/yoast.com\/wordpress\/plugins\/seo\/ -->\n<title>IKIMOKYKLINUKO ABC. MOKAUSI SKAI\u010cIUOTI IR RA\u0160YTI - Matildoslituanistinemokykla<\/title>\n<meta name=\"robots\" content=\"index, follow, max-snippet:-1, max-image-preview:large, max-video-preview:-1\" \/>\n<link rel=\"canonical\" href=\"https:\/\/matildoslituanistinemokykla.co.uk\/en\/product\/ikimokyklinuko-abc-mokausi-skaiciuoti-ir-rasyti\/\" \/>\n<meta property=\"og:locale\" content=\"en_GB\" \/>\n<meta property=\"og:type\" content=\"article\" \/>\n<meta property=\"og:title\" content=\"IKIMOKYKLINUKO ABC. MOKAUSI SKAI\u010cIUOTI IR RA\u0160YTI - Matildoslituanistinemokykla\" \/>\n<meta property=\"og:description\" content=\"APIE KNYG\u0104 \u201eIkimokyklinuko ABC\u201c \u2013 u\u017eduo\u010di\u0173 knygel\u0117 5\u20136 met\u0173 vaikams, skirta lavinti rank\u0105 prie\u0161 mokantis ra\u0161yti ir atlikti nesud\u0117tingus matematinius u\u017eduotis: palyginti dyd\u017eius, atpa\u017einti fig\u016bras, mokytis skai\u010di\u0173.  &nbsp;  Knygoje \u2013 net 80 puslapi\u0173 \u012fdomi\u0173 u\u017eduo\u010di\u0173, kurios ugdys skai\u010diavimo ir ra\u0161ymo \u012fg\u016bd\u017eius. \u017daismingos u\u017eduotys paskatins vaikus tyrin\u0117ti, lavins rankos judesius, ugdys d\u0117mes\u012f ir pastabum\u0105.  &nbsp;\" \/>\n<meta property=\"og:url\" content=\"https:\/\/matildoslituanistinemokykla.co.uk\/en\/product\/ikimokyklinuko-abc-mokausi-skaiciuoti-ir-rasyti\/\" \/>\n<meta property=\"og:site_name\" content=\"Matildoslituanistinemokykla\" \/>\n<meta property=\"article:modified_time\" content=\"2025-03-14T09:42:54+00:00\" \/>\n<meta property=\"og:image\" content=\"https:\/\/matildoslituanistinemokykla.co.uk\/wp-content\/uploads\/2024\/03\/IKIMOKYKLINUKO-ABC.-MOKAUSI-SKAICIUOTI-IR-RASYTI_matildoslituanistinemokykla.webp\" \/>\n\t<meta property=\"og:image:width\" content=\"434\" \/>\n\t<meta property=\"og:image:height\" content=\"600\" \/>\n\t<meta property=\"og:image:type\" content=\"image\/webp\" \/>\n<meta name=\"twitter:card\" content=\"summary_large_image\" \/>\n<meta name=\"twitter:label1\" content=\"Estimated reading time\" \/>\n\t<meta name=\"twitter:data1\" content=\"1 minute\" \/>\n<script type=\"application\/ld+json\" class=\"yoast-schema-graph\">{\"@context\":\"https:\/\/schema.org\",\"@graph\":[{\"@type\":\"WebPage\",\"@id\":\"https:\/\/matildoslituanistinemokykla.co.uk\/product\/ikimokyklinuko-abc-mokausi-skaiciuoti-ir-rasyti\/\",\"url\":\"https:\/\/matildoslituanistinemokykla.co.uk\/product\/ikimokyklinuko-abc-mokausi-skaiciuoti-ir-rasyti\/\",\"name\":\"IKIMOKYKLINUKO ABC. MOKAUSI SKAI\u010cIUOTI IR RA\u0160YTI - Matildoslituanistinemokykla\",\"isPartOf\":{\"@id\":\"https:\/\/matildoslituanistinemokykla.co.uk\/#website\"},\"primaryImageOfPage\":{\"@id\":\"https:\/\/matildoslituanistinemokykla.co.uk\/product\/ikimokyklinuko-abc-mokausi-skaiciuoti-ir-rasyti\/#primaryimage\"},\"image\":{\"@id\":\"https:\/\/matildoslituanistinemokykla.co.uk\/product\/ikimokyklinuko-abc-mokausi-skaiciuoti-ir-rasyti\/#primaryimage\"},\"thumbnailUrl\":\"https:\/\/matildoslituanistinemokykla.co.uk\/wp-content\/uploads\/2024\/03\/IKIMOKYKLINUKO-ABC.-MOKAUSI-SKAICIUOTI-IR-RASYTI_matildoslituanistinemokykla.webp\",\"datePublished\":\"2024-03-17T11:43:19+00:00\",\"dateModified\":\"2025-03-14T09:42:54+00:00\",\"breadcrumb\":{\"@id\":\"https:\/\/matildoslituanistinemokykla.co.uk\/product\/ikimokyklinuko-abc-mokausi-skaiciuoti-ir-rasyti\/#breadcrumb\"},\"inLanguage\":\"en-GB\",\"potentialAction\":[{\"@type\":\"ReadAction\",\"target\":[\"https:\/\/matildoslituanistinemokykla.co.uk\/product\/ikimokyklinuko-abc-mokausi-skaiciuoti-ir-rasyti\/\"]}]},{\"@type\":\"ImageObject\",\"inLanguage\":\"en-GB\",\"@id\":\"https:\/\/matildoslituanistinemokykla.co.uk\/product\/ikimokyklinuko-abc-mokausi-skaiciuoti-ir-rasyti\/#primaryimage\",\"url\":\"https:\/\/matildoslituanistinemokykla.co.uk\/wp-content\/uploads\/2024\/03\/IKIMOKYKLINUKO-ABC.-MOKAUSI-SKAICIUOTI-IR-RASYTI_matildoslituanistinemokykla.webp\",\"contentUrl\":\"https:\/\/matildoslituanistinemokykla.co.uk\/wp-content\/uploads\/2024\/03\/IKIMOKYKLINUKO-ABC.-MOKAUSI-SKAICIUOTI-IR-RASYTI_matildoslituanistinemokykla.webp\",\"width\":434,\"height\":600},{\"@type\":\"BreadcrumbList\",\"@id\":\"https:\/\/matildoslituanistinemokykla.co.uk\/product\/ikimokyklinuko-abc-mokausi-skaiciuoti-ir-rasyti\/#breadcrumb\",\"itemListElement\":[{\"@type\":\"ListItem\",\"position\":1,\"name\":\"Home\",\"item\":\"https:\/\/matildoslituanistinemokykla.co.uk\/\"},{\"@type\":\"ListItem\",\"position\":2,\"name\":\"Parduotuv\u0117\",\"item\":\"https:\/\/matildoslituanistinemokykla.co.uk\/parduotuve\/\"},{\"@type\":\"ListItem\",\"position\":3,\"name\":\"IKIMOKYKLINUKO ABC. MOKAUSI SKAI\u010cIUOTI IR RA\u0160YTI\"}]},{\"@type\":\"WebSite\",\"@id\":\"https:\/\/matildoslituanistinemokykla.co.uk\/#website\",\"url\":\"https:\/\/matildoslituanistinemokykla.co.uk\/\",\"name\":\"Matildoslituanistinemokykla\",\"description\":\"\",\"publisher\":{\"@id\":\"https:\/\/matildoslituanistinemokykla.co.uk\/#organization\"},\"potentialAction\":[{\"@type\":\"SearchAction\",\"target\":{\"@type\":\"EntryPoint\",\"urlTemplate\":\"https:\/\/matildoslituanistinemokykla.co.uk\/?s={search_term_string}\"},\"query-input\":{\"@type\":\"PropertyValueSpecification\",\"valueRequired\":true,\"valueName\":\"search_term_string\"}}],\"inLanguage\":\"en-GB\"},{\"@type\":\"Organization\",\"@id\":\"https:\/\/matildoslituanistinemokykla.co.uk\/#organization\",\"name\":\"Matildoslituanistinemokykla\",\"url\":\"https:\/\/matildoslituanistinemokykla.co.uk\/\",\"logo\":{\"@type\":\"ImageObject\",\"inLanguage\":\"en-GB\",\"@id\":\"https:\/\/matildoslituanistinemokykla.co.uk\/#\/schema\/logo\/image\/\",\"url\":\"https:\/\/matildoslituanistinemokykla.co.uk\/wp-content\/uploads\/2023\/08\/Matildos-Lituanistine-mokykla_logo_final.png\",\"contentUrl\":\"https:\/\/matildoslituanistinemokykla.co.uk\/wp-content\/uploads\/2023\/08\/Matildos-Lituanistine-mokykla_logo_final.png\",\"width\":1203,\"height\":947,\"caption\":\"Matildoslituanistinemokykla\"},\"image\":{\"@id\":\"https:\/\/matildoslituanistinemokykla.co.uk\/#\/schema\/logo\/image\/\"}}]}<\/script>\n<!-- \/ Yoast SEO plugin. -->","yoast_head_json":{"title":"IKIMOKYKLINUKO ABC. MOKAUSI SKAI\u010cIUOTI IR RA\u0160YTI - Matildoslituanistinemokykla","robots":{"index":"index","follow":"follow","max-snippet":"max-snippet:-1","max-image-preview":"max-image-preview:large","max-video-preview":"max-video-preview:-1"},"canonical":"https:\/\/matildoslituanistinemokykla.co.uk\/en\/product\/ikimokyklinuko-abc-mokausi-skaiciuoti-ir-rasyti\/","og_locale":"en_GB","og_type":"article","og_title":"IKIMOKYKLINUKO ABC. MOKAUSI SKAI\u010cIUOTI IR RA\u0160YTI - Matildoslituanistinemokykla","og_description":"APIE KNYG\u0104 \u201eIkimokyklinuko ABC\u201c \u2013 u\u017eduo\u010di\u0173 knygel\u0117 5\u20136 met\u0173 vaikams, skirta lavinti rank\u0105 prie\u0161 mokantis ra\u0161yti ir atlikti nesud\u0117tingus matematinius u\u017eduotis: palyginti dyd\u017eius, atpa\u017einti fig\u016bras, mokytis skai\u010di\u0173.  &nbsp;  Knygoje \u2013 net 80 puslapi\u0173 \u012fdomi\u0173 u\u017eduo\u010di\u0173, kurios ugdys skai\u010diavimo ir ra\u0161ymo \u012fg\u016bd\u017eius. \u017daismingos u\u017eduotys paskatins vaikus tyrin\u0117ti, lavins rankos judesius, ugdys d\u0117mes\u012f ir pastabum\u0105.  &nbsp;","og_url":"https:\/\/matildoslituanistinemokykla.co.uk\/en\/product\/ikimokyklinuko-abc-mokausi-skaiciuoti-ir-rasyti\/","og_site_name":"Matildoslituanistinemokykla","article_modified_time":"2025-03-14T09:42:54+00:00","og_image":[{"width":434,"height":600,"url":"https:\/\/matildoslituanistinemokykla.co.uk\/wp-content\/uploads\/2024\/03\/IKIMOKYKLINUKO-ABC.-MOKAUSI-SKAICIUOTI-IR-RASYTI_matildoslituanistinemokykla.webp","type":"image\/webp"}],"twitter_card":"summary_large_image","twitter_misc":{"Estimated reading time":"1 minute"},"schema":{"@context":"https:\/\/schema.org","@graph":[{"@type":"WebPage","@id":"https:\/\/matildoslituanistinemokykla.co.uk\/product\/ikimokyklinuko-abc-mokausi-skaiciuoti-ir-rasyti\/","url":"https:\/\/matildoslituanistinemokykla.co.uk\/product\/ikimokyklinuko-abc-mokausi-skaiciuoti-ir-rasyti\/","name":"IKIMOKYKLINUKO ABC. MOKAUSI SKAI\u010cIUOTI IR RA\u0160YTI - Matildoslituanistinemokykla","isPartOf":{"@id":"https:\/\/matildoslituanistinemokykla.co.uk\/#website"},"primaryImageOfPage":{"@id":"https:\/\/matildoslituanistinemokykla.co.uk\/product\/ikimokyklinuko-abc-mokausi-skaiciuoti-ir-rasyti\/#primaryimage"},"image":{"@id":"https:\/\/matildoslituanistinemokykla.co.uk\/product\/ikimokyklinuko-abc-mokausi-skaiciuoti-ir-rasyti\/#primaryimage"},"thumbnailUrl":"https:\/\/matildoslituanistinemokykla.co.uk\/wp-content\/uploads\/2024\/03\/IKIMOKYKLINUKO-ABC.-MOKAUSI-SKAICIUOTI-IR-RASYTI_matildoslituanistinemokykla.webp","datePublished":"2024-03-17T11:43:19+00:00","dateModified":"2025-03-14T09:42:54+00:00","breadcrumb":{"@id":"https:\/\/matildoslituanistinemokykla.co.uk\/product\/ikimokyklinuko-abc-mokausi-skaiciuoti-ir-rasyti\/#breadcrumb"},"inLanguage":"en-GB","potentialAction":[{"@type":"ReadAction","target":["https:\/\/matildoslituanistinemokykla.co.uk\/product\/ikimokyklinuko-abc-mokausi-skaiciuoti-ir-rasyti\/"]}]},{"@type":"ImageObject","inLanguage":"en-GB","@id":"https:\/\/matildoslituanistinemokykla.co.uk\/product\/ikimokyklinuko-abc-mokausi-skaiciuoti-ir-rasyti\/#primaryimage","url":"https:\/\/matildoslituanistinemokykla.co.uk\/wp-content\/uploads\/2024\/03\/IKIMOKYKLINUKO-ABC.-MOKAUSI-SKAICIUOTI-IR-RASYTI_matildoslituanistinemokykla.webp","contentUrl":"https:\/\/matildoslituanistinemokykla.co.uk\/wp-content\/uploads\/2024\/03\/IKIMOKYKLINUKO-ABC.-MOKAUSI-SKAICIUOTI-IR-RASYTI_matildoslituanistinemokykla.webp","width":434,"height":600},{"@type":"BreadcrumbList","@id":"https:\/\/matildoslituanistinemokykla.co.uk\/product\/ikimokyklinuko-abc-mokausi-skaiciuoti-ir-rasyti\/#breadcrumb","itemListElement":[{"@type":"ListItem","position":1,"name":"Home","item":"https:\/\/matildoslituanistinemokykla.co.uk\/"},{"@type":"ListItem","position":2,"name":"Parduotuv\u0117","item":"https:\/\/matildoslituanistinemokykla.co.uk\/parduotuve\/"},{"@type":"ListItem","position":3,"name":"IKIMOKYKLINUKO ABC. MOKAUSI SKAI\u010cIUOTI IR RA\u0160YTI"}]},{"@type":"WebSite","@id":"https:\/\/matildoslituanistinemokykla.co.uk\/#website","url":"https:\/\/matildoslituanistinemokykla.co.uk\/","name":"Matildoslituanistinemokykla","description":"","publisher":{"@id":"https:\/\/matildoslituanistinemokykla.co.uk\/#organization"},"potentialAction":[{"@type":"SearchAction","target":{"@type":"EntryPoint","urlTemplate":"https:\/\/matildoslituanistinemokykla.co.uk\/?s={search_term_string}"},"query-input":{"@type":"PropertyValueSpecification","valueRequired":true,"valueName":"search_term_string"}}],"inLanguage":"en-GB"},{"@type":"Organization","@id":"https:\/\/matildoslituanistinemokykla.co.uk\/#organization","name":"Matildoslituanistinemokykla","url":"https:\/\/matildoslituanistinemokykla.co.uk\/","logo":{"@type":"ImageObject","inLanguage":"en-GB","@id":"https:\/\/matildoslituanistinemokykla.co.uk\/#\/schema\/logo\/image\/","url":"https:\/\/matildoslituanistinemokykla.co.uk\/wp-content\/uploads\/2023\/08\/Matildos-Lituanistine-mokykla_logo_final.png","contentUrl":"https:\/\/matildoslituanistinemokykla.co.uk\/wp-content\/uploads\/2023\/08\/Matildos-Lituanistine-mokykla_logo_final.png","width":1203,"height":947,"caption":"Matildoslituanistinemokykla"},"image":{"@id":"https:\/\/matildoslituanistinemokykla.co.uk\/#\/schema\/logo\/image\/"}}]}},"_links":{"self":[{"href":"https:\/\/matildoslituanistinemokykla.co.uk\/en\/wp-json\/wp\/v2\/product\/989736","targetHints":{"allow":["GET"]}}],"collection":[{"href":"https:\/\/matildoslituanistinemokykla.co.uk\/en\/wp-json\/wp\/v2\/product"}],"about":[{"href":"https:\/\/matildoslituanistinemokykla.co.uk\/en\/wp-json\/wp\/v2\/types\/product"}],"replies":[{"embeddable":true,"href":"https:\/\/matildoslituanistinemokykla.co.uk\/en\/wp-json\/wp\/v2\/comments?post=989736"}],"wp:featuredmedia":[{"embeddable":true,"href":"https:\/\/matildoslituanistinemokykla.co.uk\/en\/wp-json\/wp\/v2\/media\/989737"}],"wp:attachment":[{"href":"https:\/\/matildoslituanistinemokykla.co.uk\/en\/wp-json\/wp\/v2\/media?parent=989736"}],"wp:term":[{"taxonomy":"product_brand","embeddable":true,"href":"https:\/\/matildoslituanistinemokykla.co.uk\/en\/wp-json\/wp\/v2\/product_brand?post=989736"},{"taxonomy":"product_cat","embeddable":true,"href":"https:\/\/matildoslituanistinemokykla.co.uk\/en\/wp-json\/wp\/v2\/product_cat?post=989736"},{"taxonomy":"product_tag","embeddable":true,"href":"https:\/\/matildoslituanistinemokykla.co.uk\/en\/wp-json\/wp\/v2\/product_tag?post=989736"}],"curies":[{"name":"wp","href":"https:\/\/api.w.org\/{rel}","templated":true}]}}