{"id":989741,"date":"2024-03-17T12:09:31","date_gmt":"2024-03-17T12:09:31","guid":{"rendered":"https:\/\/matildoslituanistinemokykla.co.uk\/?post_type=product&#038;p=989741"},"modified":"2025-04-02T13:49:05","modified_gmt":"2025-04-02T13:49:05","slug":"kake-make-mazyliams-kaip-as-jauciuosi","status":"publish","type":"product","link":"https:\/\/matildoslituanistinemokykla.co.uk\/en\/product\/kake-make-mazyliams-kaip-as-jauciuosi\/","title":{"rendered":"Book KAKE MAKE. FOR YOUNG PEOPLE. HOW DO I FEEL?"},"content":{"rendered":"<div class=\"vgblk-rw-wrapper limit-wrapper\">Grab your favourite pencils and explore the world of feelings with Kake Make - distinguish between pleasant and unpleasant emotions, find out what love looks like, and what you want, or don't want, when you are tired.<\/p>\n<p>The book contains 23 different activities, complete with stickers, to help you better understand your feelings and help you deal with problems.<\/p>\n<p>Katya Maki is ready, but you?<\/p><\/div>\n<p><!-- .vgblk-rw-wrapper --><\/p>","protected":false},"excerpt":{"rendered":"<h2 class=\"product-full-width__description-title h1\">ABOUT THE KNIGHTS<\/h2>\n<div class=\"product-full-width__description-text\">\n<p>It doesn't matter if you're 3 or 100 years old - we feel many different emotions every day. And Katya Maki is no exception! She is sad, happy, surprised and excited just like you!<\/p>\n<p>&nbsp;<\/p>\n<\/div>","protected":false},"featured_media":989771,"comment_status":"open","ping_status":"closed","template":"","meta":[],"product_brand":[],"product_cat":[68,70],"product_tag":[],"class_list":{"0":"post-989741","1":"product","2":"type-product","3":"status-publish","4":"has-post-thumbnail","6":"product_cat-knygos","7":"product_cat-visos-prekes","9":"first","10":"outofstock","11":"sale","12":"shipping-taxable","13":"purchasable","14":"product-type-simple"},"yoast_head":"<!-- This site is optimized with the Yoast SEO plugin v25.8 - https:\/\/yoast.com\/wordpress\/plugins\/seo\/ -->\n<title>Knyga KAK\u0116 MAK\u0116. MA\u017dYLIAMS. KAIP A\u0160 JAU\u010cIUOSI? - Matildoslituanistinemokykla<\/title>\n<meta name=\"robots\" content=\"index, follow, max-snippet:-1, max-image-preview:large, max-video-preview:-1\" \/>\n<link rel=\"canonical\" href=\"https:\/\/matildoslituanistinemokykla.co.uk\/en\/product\/kake-make-mazyliams-kaip-as-jauciuosi\/\" \/>\n<meta property=\"og:locale\" content=\"en_GB\" \/>\n<meta property=\"og:type\" content=\"article\" \/>\n<meta property=\"og:title\" content=\"Knyga KAK\u0116 MAK\u0116. MA\u017dYLIAMS. KAIP A\u0160 JAU\u010cIUOSI? - Matildoslituanistinemokykla\" \/>\n<meta property=\"og:description\" content=\"APIE KNYG\u0104   Visai nesvarbu, ar tau 3 ar 100 met\u0173 \u2013 kasdien jau\u010diame begal\u0119 skirting\u0173 jausm\u0173. Ne i\u0161imtis ir Kak\u0117 Mak\u0117! Ji li\u016bdi, d\u017eiaugiasi, nustemba ir jaudinasi lygiai taip pat, kaip ir tu!  &nbsp;\" \/>\n<meta property=\"og:url\" content=\"https:\/\/matildoslituanistinemokykla.co.uk\/en\/product\/kake-make-mazyliams-kaip-as-jauciuosi\/\" \/>\n<meta property=\"og:site_name\" content=\"Matildoslituanistinemokykla\" \/>\n<meta property=\"article:modified_time\" content=\"2025-04-02T13:49:05+00:00\" \/>\n<meta property=\"og:image\" content=\"https:\/\/matildoslituanistinemokykla.co.uk\/wp-content\/uploads\/2024\/03\/b7d3d9db99653a69043dc83d44110d0e_f5e3539a-71c8-4879-8034-c6fe5ca1dd3e_540x-1-1.webp\" \/>\n\t<meta property=\"og:image:width\" content=\"437\" \/>\n\t<meta property=\"og:image:height\" content=\"600\" \/>\n\t<meta property=\"og:image:type\" content=\"image\/webp\" \/>\n<meta name=\"twitter:card\" content=\"summary_large_image\" \/>\n<meta name=\"twitter:label1\" content=\"Estimated reading time\" \/>\n\t<meta name=\"twitter:data1\" content=\"1 minute\" \/>\n<script type=\"application\/ld+json\" class=\"yoast-schema-graph\">{\"@context\":\"https:\/\/schema.org\",\"@graph\":[{\"@type\":\"WebPage\",\"@id\":\"https:\/\/matildoslituanistinemokykla.co.uk\/product\/kake-make-mazyliams-kaip-as-jauciuosi\/\",\"url\":\"https:\/\/matildoslituanistinemokykla.co.uk\/product\/kake-make-mazyliams-kaip-as-jauciuosi\/\",\"name\":\"Knyga KAK\u0116 MAK\u0116. MA\u017dYLIAMS. KAIP A\u0160 JAU\u010cIUOSI? - Matildoslituanistinemokykla\",\"isPartOf\":{\"@id\":\"https:\/\/matildoslituanistinemokykla.co.uk\/#website\"},\"primaryImageOfPage\":{\"@id\":\"https:\/\/matildoslituanistinemokykla.co.uk\/product\/kake-make-mazyliams-kaip-as-jauciuosi\/#primaryimage\"},\"image\":{\"@id\":\"https:\/\/matildoslituanistinemokykla.co.uk\/product\/kake-make-mazyliams-kaip-as-jauciuosi\/#primaryimage\"},\"thumbnailUrl\":\"https:\/\/matildoslituanistinemokykla.co.uk\/wp-content\/uploads\/2024\/03\/b7d3d9db99653a69043dc83d44110d0e_f5e3539a-71c8-4879-8034-c6fe5ca1dd3e_540x-1-1.webp\",\"datePublished\":\"2024-03-17T12:09:31+00:00\",\"dateModified\":\"2025-04-02T13:49:05+00:00\",\"breadcrumb\":{\"@id\":\"https:\/\/matildoslituanistinemokykla.co.uk\/product\/kake-make-mazyliams-kaip-as-jauciuosi\/#breadcrumb\"},\"inLanguage\":\"en-GB\",\"potentialAction\":[{\"@type\":\"ReadAction\",\"target\":[\"https:\/\/matildoslituanistinemokykla.co.uk\/product\/kake-make-mazyliams-kaip-as-jauciuosi\/\"]}]},{\"@type\":\"ImageObject\",\"inLanguage\":\"en-GB\",\"@id\":\"https:\/\/matildoslituanistinemokykla.co.uk\/product\/kake-make-mazyliams-kaip-as-jauciuosi\/#primaryimage\",\"url\":\"https:\/\/matildoslituanistinemokykla.co.uk\/wp-content\/uploads\/2024\/03\/b7d3d9db99653a69043dc83d44110d0e_f5e3539a-71c8-4879-8034-c6fe5ca1dd3e_540x-1-1.webp\",\"contentUrl\":\"https:\/\/matildoslituanistinemokykla.co.uk\/wp-content\/uploads\/2024\/03\/b7d3d9db99653a69043dc83d44110d0e_f5e3539a-71c8-4879-8034-c6fe5ca1dd3e_540x-1-1.webp\",\"width\":437,\"height\":600},{\"@type\":\"BreadcrumbList\",\"@id\":\"https:\/\/matildoslituanistinemokykla.co.uk\/product\/kake-make-mazyliams-kaip-as-jauciuosi\/#breadcrumb\",\"itemListElement\":[{\"@type\":\"ListItem\",\"position\":1,\"name\":\"Home\",\"item\":\"https:\/\/matildoslituanistinemokykla.co.uk\/\"},{\"@type\":\"ListItem\",\"position\":2,\"name\":\"Parduotuv\u0117\",\"item\":\"https:\/\/matildoslituanistinemokykla.co.uk\/parduotuve\/\"},{\"@type\":\"ListItem\",\"position\":3,\"name\":\"Knyga KAK\u0116 MAK\u0116. MA\u017dYLIAMS. KAIP A\u0160 JAU\u010cIUOSI?\"}]},{\"@type\":\"WebSite\",\"@id\":\"https:\/\/matildoslituanistinemokykla.co.uk\/#website\",\"url\":\"https:\/\/matildoslituanistinemokykla.co.uk\/\",\"name\":\"Matildoslituanistinemokykla\",\"description\":\"\",\"publisher\":{\"@id\":\"https:\/\/matildoslituanistinemokykla.co.uk\/#organization\"},\"potentialAction\":[{\"@type\":\"SearchAction\",\"target\":{\"@type\":\"EntryPoint\",\"urlTemplate\":\"https:\/\/matildoslituanistinemokykla.co.uk\/?s={search_term_string}\"},\"query-input\":{\"@type\":\"PropertyValueSpecification\",\"valueRequired\":true,\"valueName\":\"search_term_string\"}}],\"inLanguage\":\"en-GB\"},{\"@type\":\"Organization\",\"@id\":\"https:\/\/matildoslituanistinemokykla.co.uk\/#organization\",\"name\":\"Matildoslituanistinemokykla\",\"url\":\"https:\/\/matildoslituanistinemokykla.co.uk\/\",\"logo\":{\"@type\":\"ImageObject\",\"inLanguage\":\"en-GB\",\"@id\":\"https:\/\/matildoslituanistinemokykla.co.uk\/#\/schema\/logo\/image\/\",\"url\":\"https:\/\/matildoslituanistinemokykla.co.uk\/wp-content\/uploads\/2023\/08\/Matildos-Lituanistine-mokykla_logo_final.png\",\"contentUrl\":\"https:\/\/matildoslituanistinemokykla.co.uk\/wp-content\/uploads\/2023\/08\/Matildos-Lituanistine-mokykla_logo_final.png\",\"width\":1203,\"height\":947,\"caption\":\"Matildoslituanistinemokykla\"},\"image\":{\"@id\":\"https:\/\/matildoslituanistinemokykla.co.uk\/#\/schema\/logo\/image\/\"}}]}<\/script>\n<!-- \/ Yoast SEO plugin. -->","yoast_head_json":{"title":"Knyga KAK\u0116 MAK\u0116. MA\u017dYLIAMS. KAIP A\u0160 JAU\u010cIUOSI? - Matildoslituanistinemokykla","robots":{"index":"index","follow":"follow","max-snippet":"max-snippet:-1","max-image-preview":"max-image-preview:large","max-video-preview":"max-video-preview:-1"},"canonical":"https:\/\/matildoslituanistinemokykla.co.uk\/en\/product\/kake-make-mazyliams-kaip-as-jauciuosi\/","og_locale":"en_GB","og_type":"article","og_title":"Knyga KAK\u0116 MAK\u0116. MA\u017dYLIAMS. KAIP A\u0160 JAU\u010cIUOSI? - Matildoslituanistinemokykla","og_description":"APIE KNYG\u0104   Visai nesvarbu, ar tau 3 ar 100 met\u0173 \u2013 kasdien jau\u010diame begal\u0119 skirting\u0173 jausm\u0173. Ne i\u0161imtis ir Kak\u0117 Mak\u0117! Ji li\u016bdi, d\u017eiaugiasi, nustemba ir jaudinasi lygiai taip pat, kaip ir tu!  &nbsp;","og_url":"https:\/\/matildoslituanistinemokykla.co.uk\/en\/product\/kake-make-mazyliams-kaip-as-jauciuosi\/","og_site_name":"Matildoslituanistinemokykla","article_modified_time":"2025-04-02T13:49:05+00:00","og_image":[{"width":437,"height":600,"url":"https:\/\/matildoslituanistinemokykla.co.uk\/wp-content\/uploads\/2024\/03\/b7d3d9db99653a69043dc83d44110d0e_f5e3539a-71c8-4879-8034-c6fe5ca1dd3e_540x-1-1.webp","type":"image\/webp"}],"twitter_card":"summary_large_image","twitter_misc":{"Estimated reading time":"1 minute"},"schema":{"@context":"https:\/\/schema.org","@graph":[{"@type":"WebPage","@id":"https:\/\/matildoslituanistinemokykla.co.uk\/product\/kake-make-mazyliams-kaip-as-jauciuosi\/","url":"https:\/\/matildoslituanistinemokykla.co.uk\/product\/kake-make-mazyliams-kaip-as-jauciuosi\/","name":"Knyga KAK\u0116 MAK\u0116. MA\u017dYLIAMS. KAIP A\u0160 JAU\u010cIUOSI? - Matildoslituanistinemokykla","isPartOf":{"@id":"https:\/\/matildoslituanistinemokykla.co.uk\/#website"},"primaryImageOfPage":{"@id":"https:\/\/matildoslituanistinemokykla.co.uk\/product\/kake-make-mazyliams-kaip-as-jauciuosi\/#primaryimage"},"image":{"@id":"https:\/\/matildoslituanistinemokykla.co.uk\/product\/kake-make-mazyliams-kaip-as-jauciuosi\/#primaryimage"},"thumbnailUrl":"https:\/\/matildoslituanistinemokykla.co.uk\/wp-content\/uploads\/2024\/03\/b7d3d9db99653a69043dc83d44110d0e_f5e3539a-71c8-4879-8034-c6fe5ca1dd3e_540x-1-1.webp","datePublished":"2024-03-17T12:09:31+00:00","dateModified":"2025-04-02T13:49:05+00:00","breadcrumb":{"@id":"https:\/\/matildoslituanistinemokykla.co.uk\/product\/kake-make-mazyliams-kaip-as-jauciuosi\/#breadcrumb"},"inLanguage":"en-GB","potentialAction":[{"@type":"ReadAction","target":["https:\/\/matildoslituanistinemokykla.co.uk\/product\/kake-make-mazyliams-kaip-as-jauciuosi\/"]}]},{"@type":"ImageObject","inLanguage":"en-GB","@id":"https:\/\/matildoslituanistinemokykla.co.uk\/product\/kake-make-mazyliams-kaip-as-jauciuosi\/#primaryimage","url":"https:\/\/matildoslituanistinemokykla.co.uk\/wp-content\/uploads\/2024\/03\/b7d3d9db99653a69043dc83d44110d0e_f5e3539a-71c8-4879-8034-c6fe5ca1dd3e_540x-1-1.webp","contentUrl":"https:\/\/matildoslituanistinemokykla.co.uk\/wp-content\/uploads\/2024\/03\/b7d3d9db99653a69043dc83d44110d0e_f5e3539a-71c8-4879-8034-c6fe5ca1dd3e_540x-1-1.webp","width":437,"height":600},{"@type":"BreadcrumbList","@id":"https:\/\/matildoslituanistinemokykla.co.uk\/product\/kake-make-mazyliams-kaip-as-jauciuosi\/#breadcrumb","itemListElement":[{"@type":"ListItem","position":1,"name":"Home","item":"https:\/\/matildoslituanistinemokykla.co.uk\/"},{"@type":"ListItem","position":2,"name":"Parduotuv\u0117","item":"https:\/\/matildoslituanistinemokykla.co.uk\/parduotuve\/"},{"@type":"ListItem","position":3,"name":"Knyga KAK\u0116 MAK\u0116. MA\u017dYLIAMS. KAIP A\u0160 JAU\u010cIUOSI?"}]},{"@type":"WebSite","@id":"https:\/\/matildoslituanistinemokykla.co.uk\/#website","url":"https:\/\/matildoslituanistinemokykla.co.uk\/","name":"Matildoslituanistinemokykla","description":"","publisher":{"@id":"https:\/\/matildoslituanistinemokykla.co.uk\/#organization"},"potentialAction":[{"@type":"SearchAction","target":{"@type":"EntryPoint","urlTemplate":"https:\/\/matildoslituanistinemokykla.co.uk\/?s={search_term_string}"},"query-input":{"@type":"PropertyValueSpecification","valueRequired":true,"valueName":"search_term_string"}}],"inLanguage":"en-GB"},{"@type":"Organization","@id":"https:\/\/matildoslituanistinemokykla.co.uk\/#organization","name":"Matildoslituanistinemokykla","url":"https:\/\/matildoslituanistinemokykla.co.uk\/","logo":{"@type":"ImageObject","inLanguage":"en-GB","@id":"https:\/\/matildoslituanistinemokykla.co.uk\/#\/schema\/logo\/image\/","url":"https:\/\/matildoslituanistinemokykla.co.uk\/wp-content\/uploads\/2023\/08\/Matildos-Lituanistine-mokykla_logo_final.png","contentUrl":"https:\/\/matildoslituanistinemokykla.co.uk\/wp-content\/uploads\/2023\/08\/Matildos-Lituanistine-mokykla_logo_final.png","width":1203,"height":947,"caption":"Matildoslituanistinemokykla"},"image":{"@id":"https:\/\/matildoslituanistinemokykla.co.uk\/#\/schema\/logo\/image\/"}}]}},"_links":{"self":[{"href":"https:\/\/matildoslituanistinemokykla.co.uk\/en\/wp-json\/wp\/v2\/product\/989741","targetHints":{"allow":["GET"]}}],"collection":[{"href":"https:\/\/matildoslituanistinemokykla.co.uk\/en\/wp-json\/wp\/v2\/product"}],"about":[{"href":"https:\/\/matildoslituanistinemokykla.co.uk\/en\/wp-json\/wp\/v2\/types\/product"}],"replies":[{"embeddable":true,"href":"https:\/\/matildoslituanistinemokykla.co.uk\/en\/wp-json\/wp\/v2\/comments?post=989741"}],"wp:featuredmedia":[{"embeddable":true,"href":"https:\/\/matildoslituanistinemokykla.co.uk\/en\/wp-json\/wp\/v2\/media\/989771"}],"wp:attachment":[{"href":"https:\/\/matildoslituanistinemokykla.co.uk\/en\/wp-json\/wp\/v2\/media?parent=989741"}],"wp:term":[{"taxonomy":"product_brand","embeddable":true,"href":"https:\/\/matildoslituanistinemokykla.co.uk\/en\/wp-json\/wp\/v2\/product_brand?post=989741"},{"taxonomy":"product_cat","embeddable":true,"href":"https:\/\/matildoslituanistinemokykla.co.uk\/en\/wp-json\/wp\/v2\/product_cat?post=989741"},{"taxonomy":"product_tag","embeddable":true,"href":"https:\/\/matildoslituanistinemokykla.co.uk\/en\/wp-json\/wp\/v2\/product_tag?post=989741"}],"curies":[{"name":"wp","href":"https:\/\/api.w.org\/{rel}","templated":true}]}}