{"id":989745,"date":"2024-03-17T11:53:07","date_gmt":"2024-03-17T11:53:07","guid":{"rendered":"https:\/\/matildoslituanistinemokykla.co.uk\/?post_type=product&#038;p=989745"},"modified":"2025-04-12T20:03:11","modified_gmt":"2025-04-12T20:03:11","slug":"knyga-mokausi-dailyrascio","status":"publish","type":"product","link":"https:\/\/matildoslituanistinemokykla.co.uk\/en\/product\/knyga-mokausi-dailyrascio\/","title":{"rendered":"BOOK - LEARNING TO WRITE DAILY"},"content":{"rendered":"<div class=\"vgblk-rw-wrapper limit-wrapper\">\"I'm learning to write a daily newspaper. Letters, numbers, alphabet\":<\/p>\n<p>- Introduces the Lithuanian alphabet.<\/p>\n<p>- Teaches the correct spelling of upper and lower case letters and numbers.<\/p>\n<p>- Trains your hand to write letter combinations and words.<\/p>\n<p>- Teaches simple arithmetic operations.<\/p><\/div>\n<p><!-- .vgblk-rw-wrapper --><\/p>","protected":false},"excerpt":{"rendered":"<h2 class=\"product-full-width__description-title h1\">ABOUT THE KNIGHTS<\/h2>\n<div class=\"product-full-width__description-text\">\n<p>For children aged 6 and over<\/p>\n<p>Get to know the letters and numbers of the Lithuanian alphabet and learn how to write them correctly. Once you know the letters, you'll be able to write syllables and first words, and once you know the numbers, you'll be able to perform simple addition operations.<\/p>\n<p>The book is useful for first and second graders, as well as for children preparing for school, their parents and teachers.<\/p>\n<p>&nbsp;<\/p>\n<\/div>","protected":false},"featured_media":989746,"comment_status":"open","ping_status":"closed","template":"","meta":[],"product_brand":[],"product_cat":[68,70],"product_tag":[],"class_list":{"0":"post-989745","1":"product","2":"type-product","3":"status-publish","4":"has-post-thumbnail","6":"product_cat-knygos","7":"product_cat-visos-prekes","9":"first","10":"outofstock","11":"shipping-taxable","12":"purchasable","13":"product-type-simple"},"yoast_head":"<!-- This site is optimized with the Yoast SEO plugin v25.8 - https:\/\/yoast.com\/wordpress\/plugins\/seo\/ -->\n<title>KNYGA - MOKAUSI DAILYRA\u0160\u010cIO - Matildoslituanistinemokykla<\/title>\n<meta name=\"robots\" content=\"index, follow, max-snippet:-1, max-image-preview:large, max-video-preview:-1\" \/>\n<link rel=\"canonical\" href=\"https:\/\/matildoslituanistinemokykla.co.uk\/en\/product\/knyga-mokausi-dailyrascio\/\" \/>\n<meta property=\"og:locale\" content=\"en_GB\" \/>\n<meta property=\"og:type\" content=\"article\" \/>\n<meta property=\"og:title\" content=\"KNYGA - MOKAUSI DAILYRA\u0160\u010cIO - Matildoslituanistinemokykla\" \/>\n<meta property=\"og:description\" content=\"APIE KNYG\u0104   Vaikams nuo 6 met\u0173  Susipa\u017eink su lietuvi\u0173 kalbos ab\u0117c\u0117l\u0117s raid\u0117mis, skai\u010diais ir mokykis taisyklingai juos u\u017era\u0161yti. I\u0161mok\u0119s raides, gal\u0117si ra\u0161yti skiemenis ir pirmuosius \u017eod\u017eius, o pa\u017ein\u0119s skai\u010dius \u2013 atlikti nesud\u0117tingus sud\u0117ties veiksmus.  Knyga naudinga pirmokams ir antrokams, taip pat \u012f mokykl\u0105 besiruo\u0161iantiems vaikams, j\u0173 t\u0117veliams ir mokytojams.  &nbsp;\" \/>\n<meta property=\"og:url\" content=\"https:\/\/matildoslituanistinemokykla.co.uk\/en\/product\/knyga-mokausi-dailyrascio\/\" \/>\n<meta property=\"og:site_name\" content=\"Matildoslituanistinemokykla\" \/>\n<meta property=\"article:modified_time\" content=\"2025-04-12T20:03:11+00:00\" \/>\n<meta property=\"og:image\" content=\"https:\/\/matildoslituanistinemokykla.co.uk\/wp-content\/uploads\/2024\/03\/MOKAUSI-DAILYRASCIO-KNYGA.webp\" \/>\n\t<meta property=\"og:image:width\" content=\"434\" \/>\n\t<meta property=\"og:image:height\" content=\"600\" \/>\n\t<meta property=\"og:image:type\" content=\"image\/webp\" \/>\n<meta name=\"twitter:card\" content=\"summary_large_image\" \/>\n<meta name=\"twitter:label1\" content=\"Estimated reading time\" \/>\n\t<meta name=\"twitter:data1\" content=\"1 minute\" \/>\n<script type=\"application\/ld+json\" class=\"yoast-schema-graph\">{\"@context\":\"https:\/\/schema.org\",\"@graph\":[{\"@type\":\"WebPage\",\"@id\":\"https:\/\/matildoslituanistinemokykla.co.uk\/product\/knyga-mokausi-dailyrascio\/\",\"url\":\"https:\/\/matildoslituanistinemokykla.co.uk\/product\/knyga-mokausi-dailyrascio\/\",\"name\":\"KNYGA - MOKAUSI DAILYRA\u0160\u010cIO - Matildoslituanistinemokykla\",\"isPartOf\":{\"@id\":\"https:\/\/matildoslituanistinemokykla.co.uk\/#website\"},\"primaryImageOfPage\":{\"@id\":\"https:\/\/matildoslituanistinemokykla.co.uk\/product\/knyga-mokausi-dailyrascio\/#primaryimage\"},\"image\":{\"@id\":\"https:\/\/matildoslituanistinemokykla.co.uk\/product\/knyga-mokausi-dailyrascio\/#primaryimage\"},\"thumbnailUrl\":\"https:\/\/matildoslituanistinemokykla.co.uk\/wp-content\/uploads\/2024\/03\/MOKAUSI-DAILYRASCIO-KNYGA.webp\",\"datePublished\":\"2024-03-17T11:53:07+00:00\",\"dateModified\":\"2025-04-12T20:03:11+00:00\",\"breadcrumb\":{\"@id\":\"https:\/\/matildoslituanistinemokykla.co.uk\/product\/knyga-mokausi-dailyrascio\/#breadcrumb\"},\"inLanguage\":\"en-GB\",\"potentialAction\":[{\"@type\":\"ReadAction\",\"target\":[\"https:\/\/matildoslituanistinemokykla.co.uk\/product\/knyga-mokausi-dailyrascio\/\"]}]},{\"@type\":\"ImageObject\",\"inLanguage\":\"en-GB\",\"@id\":\"https:\/\/matildoslituanistinemokykla.co.uk\/product\/knyga-mokausi-dailyrascio\/#primaryimage\",\"url\":\"https:\/\/matildoslituanistinemokykla.co.uk\/wp-content\/uploads\/2024\/03\/MOKAUSI-DAILYRASCIO-KNYGA.webp\",\"contentUrl\":\"https:\/\/matildoslituanistinemokykla.co.uk\/wp-content\/uploads\/2024\/03\/MOKAUSI-DAILYRASCIO-KNYGA.webp\",\"width\":434,\"height\":600},{\"@type\":\"BreadcrumbList\",\"@id\":\"https:\/\/matildoslituanistinemokykla.co.uk\/product\/knyga-mokausi-dailyrascio\/#breadcrumb\",\"itemListElement\":[{\"@type\":\"ListItem\",\"position\":1,\"name\":\"Home\",\"item\":\"https:\/\/matildoslituanistinemokykla.co.uk\/\"},{\"@type\":\"ListItem\",\"position\":2,\"name\":\"Parduotuv\u0117\",\"item\":\"https:\/\/matildoslituanistinemokykla.co.uk\/parduotuve\/\"},{\"@type\":\"ListItem\",\"position\":3,\"name\":\"KNYGA &#8211; MOKAUSI DAILYRA\u0160\u010cIO\"}]},{\"@type\":\"WebSite\",\"@id\":\"https:\/\/matildoslituanistinemokykla.co.uk\/#website\",\"url\":\"https:\/\/matildoslituanistinemokykla.co.uk\/\",\"name\":\"Matildoslituanistinemokykla\",\"description\":\"\",\"publisher\":{\"@id\":\"https:\/\/matildoslituanistinemokykla.co.uk\/#organization\"},\"potentialAction\":[{\"@type\":\"SearchAction\",\"target\":{\"@type\":\"EntryPoint\",\"urlTemplate\":\"https:\/\/matildoslituanistinemokykla.co.uk\/?s={search_term_string}\"},\"query-input\":{\"@type\":\"PropertyValueSpecification\",\"valueRequired\":true,\"valueName\":\"search_term_string\"}}],\"inLanguage\":\"en-GB\"},{\"@type\":\"Organization\",\"@id\":\"https:\/\/matildoslituanistinemokykla.co.uk\/#organization\",\"name\":\"Matildoslituanistinemokykla\",\"url\":\"https:\/\/matildoslituanistinemokykla.co.uk\/\",\"logo\":{\"@type\":\"ImageObject\",\"inLanguage\":\"en-GB\",\"@id\":\"https:\/\/matildoslituanistinemokykla.co.uk\/#\/schema\/logo\/image\/\",\"url\":\"https:\/\/matildoslituanistinemokykla.co.uk\/wp-content\/uploads\/2023\/08\/Matildos-Lituanistine-mokykla_logo_final.png\",\"contentUrl\":\"https:\/\/matildoslituanistinemokykla.co.uk\/wp-content\/uploads\/2023\/08\/Matildos-Lituanistine-mokykla_logo_final.png\",\"width\":1203,\"height\":947,\"caption\":\"Matildoslituanistinemokykla\"},\"image\":{\"@id\":\"https:\/\/matildoslituanistinemokykla.co.uk\/#\/schema\/logo\/image\/\"}}]}<\/script>\n<!-- \/ Yoast SEO plugin. -->","yoast_head_json":{"title":"KNYGA - MOKAUSI DAILYRA\u0160\u010cIO - Matildoslituanistinemokykla","robots":{"index":"index","follow":"follow","max-snippet":"max-snippet:-1","max-image-preview":"max-image-preview:large","max-video-preview":"max-video-preview:-1"},"canonical":"https:\/\/matildoslituanistinemokykla.co.uk\/en\/product\/knyga-mokausi-dailyrascio\/","og_locale":"en_GB","og_type":"article","og_title":"KNYGA - MOKAUSI DAILYRA\u0160\u010cIO - Matildoslituanistinemokykla","og_description":"APIE KNYG\u0104   Vaikams nuo 6 met\u0173  Susipa\u017eink su lietuvi\u0173 kalbos ab\u0117c\u0117l\u0117s raid\u0117mis, skai\u010diais ir mokykis taisyklingai juos u\u017era\u0161yti. I\u0161mok\u0119s raides, gal\u0117si ra\u0161yti skiemenis ir pirmuosius \u017eod\u017eius, o pa\u017ein\u0119s skai\u010dius \u2013 atlikti nesud\u0117tingus sud\u0117ties veiksmus.  Knyga naudinga pirmokams ir antrokams, taip pat \u012f mokykl\u0105 besiruo\u0161iantiems vaikams, j\u0173 t\u0117veliams ir mokytojams.  &nbsp;","og_url":"https:\/\/matildoslituanistinemokykla.co.uk\/en\/product\/knyga-mokausi-dailyrascio\/","og_site_name":"Matildoslituanistinemokykla","article_modified_time":"2025-04-12T20:03:11+00:00","og_image":[{"width":434,"height":600,"url":"https:\/\/matildoslituanistinemokykla.co.uk\/wp-content\/uploads\/2024\/03\/MOKAUSI-DAILYRASCIO-KNYGA.webp","type":"image\/webp"}],"twitter_card":"summary_large_image","twitter_misc":{"Estimated reading time":"1 minute"},"schema":{"@context":"https:\/\/schema.org","@graph":[{"@type":"WebPage","@id":"https:\/\/matildoslituanistinemokykla.co.uk\/product\/knyga-mokausi-dailyrascio\/","url":"https:\/\/matildoslituanistinemokykla.co.uk\/product\/knyga-mokausi-dailyrascio\/","name":"KNYGA - MOKAUSI DAILYRA\u0160\u010cIO - Matildoslituanistinemokykla","isPartOf":{"@id":"https:\/\/matildoslituanistinemokykla.co.uk\/#website"},"primaryImageOfPage":{"@id":"https:\/\/matildoslituanistinemokykla.co.uk\/product\/knyga-mokausi-dailyrascio\/#primaryimage"},"image":{"@id":"https:\/\/matildoslituanistinemokykla.co.uk\/product\/knyga-mokausi-dailyrascio\/#primaryimage"},"thumbnailUrl":"https:\/\/matildoslituanistinemokykla.co.uk\/wp-content\/uploads\/2024\/03\/MOKAUSI-DAILYRASCIO-KNYGA.webp","datePublished":"2024-03-17T11:53:07+00:00","dateModified":"2025-04-12T20:03:11+00:00","breadcrumb":{"@id":"https:\/\/matildoslituanistinemokykla.co.uk\/product\/knyga-mokausi-dailyrascio\/#breadcrumb"},"inLanguage":"en-GB","potentialAction":[{"@type":"ReadAction","target":["https:\/\/matildoslituanistinemokykla.co.uk\/product\/knyga-mokausi-dailyrascio\/"]}]},{"@type":"ImageObject","inLanguage":"en-GB","@id":"https:\/\/matildoslituanistinemokykla.co.uk\/product\/knyga-mokausi-dailyrascio\/#primaryimage","url":"https:\/\/matildoslituanistinemokykla.co.uk\/wp-content\/uploads\/2024\/03\/MOKAUSI-DAILYRASCIO-KNYGA.webp","contentUrl":"https:\/\/matildoslituanistinemokykla.co.uk\/wp-content\/uploads\/2024\/03\/MOKAUSI-DAILYRASCIO-KNYGA.webp","width":434,"height":600},{"@type":"BreadcrumbList","@id":"https:\/\/matildoslituanistinemokykla.co.uk\/product\/knyga-mokausi-dailyrascio\/#breadcrumb","itemListElement":[{"@type":"ListItem","position":1,"name":"Home","item":"https:\/\/matildoslituanistinemokykla.co.uk\/"},{"@type":"ListItem","position":2,"name":"Parduotuv\u0117","item":"https:\/\/matildoslituanistinemokykla.co.uk\/parduotuve\/"},{"@type":"ListItem","position":3,"name":"KNYGA &#8211; MOKAUSI DAILYRA\u0160\u010cIO"}]},{"@type":"WebSite","@id":"https:\/\/matildoslituanistinemokykla.co.uk\/#website","url":"https:\/\/matildoslituanistinemokykla.co.uk\/","name":"Matildoslituanistinemokykla","description":"","publisher":{"@id":"https:\/\/matildoslituanistinemokykla.co.uk\/#organization"},"potentialAction":[{"@type":"SearchAction","target":{"@type":"EntryPoint","urlTemplate":"https:\/\/matildoslituanistinemokykla.co.uk\/?s={search_term_string}"},"query-input":{"@type":"PropertyValueSpecification","valueRequired":true,"valueName":"search_term_string"}}],"inLanguage":"en-GB"},{"@type":"Organization","@id":"https:\/\/matildoslituanistinemokykla.co.uk\/#organization","name":"Matildoslituanistinemokykla","url":"https:\/\/matildoslituanistinemokykla.co.uk\/","logo":{"@type":"ImageObject","inLanguage":"en-GB","@id":"https:\/\/matildoslituanistinemokykla.co.uk\/#\/schema\/logo\/image\/","url":"https:\/\/matildoslituanistinemokykla.co.uk\/wp-content\/uploads\/2023\/08\/Matildos-Lituanistine-mokykla_logo_final.png","contentUrl":"https:\/\/matildoslituanistinemokykla.co.uk\/wp-content\/uploads\/2023\/08\/Matildos-Lituanistine-mokykla_logo_final.png","width":1203,"height":947,"caption":"Matildoslituanistinemokykla"},"image":{"@id":"https:\/\/matildoslituanistinemokykla.co.uk\/#\/schema\/logo\/image\/"}}]}},"_links":{"self":[{"href":"https:\/\/matildoslituanistinemokykla.co.uk\/en\/wp-json\/wp\/v2\/product\/989745","targetHints":{"allow":["GET"]}}],"collection":[{"href":"https:\/\/matildoslituanistinemokykla.co.uk\/en\/wp-json\/wp\/v2\/product"}],"about":[{"href":"https:\/\/matildoslituanistinemokykla.co.uk\/en\/wp-json\/wp\/v2\/types\/product"}],"replies":[{"embeddable":true,"href":"https:\/\/matildoslituanistinemokykla.co.uk\/en\/wp-json\/wp\/v2\/comments?post=989745"}],"wp:featuredmedia":[{"embeddable":true,"href":"https:\/\/matildoslituanistinemokykla.co.uk\/en\/wp-json\/wp\/v2\/media\/989746"}],"wp:attachment":[{"href":"https:\/\/matildoslituanistinemokykla.co.uk\/en\/wp-json\/wp\/v2\/media?parent=989745"}],"wp:term":[{"taxonomy":"product_brand","embeddable":true,"href":"https:\/\/matildoslituanistinemokykla.co.uk\/en\/wp-json\/wp\/v2\/product_brand?post=989745"},{"taxonomy":"product_cat","embeddable":true,"href":"https:\/\/matildoslituanistinemokykla.co.uk\/en\/wp-json\/wp\/v2\/product_cat?post=989745"},{"taxonomy":"product_tag","embeddable":true,"href":"https:\/\/matildoslituanistinemokykla.co.uk\/en\/wp-json\/wp\/v2\/product_tag?post=989745"}],"curies":[{"name":"wp","href":"https:\/\/api.w.org\/{rel}","templated":true}]}}