{"id":989751,"date":"2024-03-17T11:55:12","date_gmt":"2024-03-17T11:55:12","guid":{"rendered":"https:\/\/matildoslituanistinemokykla.co.uk\/?post_type=product&#038;p=989751"},"modified":"2025-03-14T09:41:49","modified_gmt":"2025-03-14T09:41:49","slug":"opa-opa-opapa-daineles-vaikams","status":"publish","type":"product","link":"https:\/\/matildoslituanistinemokykla.co.uk\/en\/product\/opa-opa-opapa-daineles-vaikams\/","title":{"rendered":"OPA OPA OPAPA. SONGS FOR CHILDREN"},"content":{"rendered":"<div class=\"vgblk-rw-wrapper limit-wrapper\">The songs were sung by Rugil\u0117, Gyt\u0117, Agn\u0117 and Au\u0161ra, pupils of \u0160iauliai Juventos Pro-Gymnasium music teacher Loreta Mikutien\u0117.<\/p>\n<p>\"Opa opa opapa. Songs for children\":<\/p>\n<p>- introduces you to our heritage and helps you to calm down;<\/p>\n<p>- develops the child's sense of rhythm and musical hearing;<\/p>\n<p>- encourages language development and enriches vocabulary;<\/p>\n<p>- stylish illustrations develop artistic taste and a sense of beauty.<\/p><\/div>\n<p><!-- .vgblk-rw-wrapper --><\/p>","protected":false},"excerpt":{"rendered":"<h2 class=\"product-full-width__description-title h1\">ABOUT THE KNIGHTS<\/h2>\n<div class=\"product-full-width__description-text\">\n<p>Cardboard book with buttons for children aged 1-3<\/p>\n<p>Illustrated by Vilija Kvieskait\u0117<\/p>\n<p>The book contains children's favourite songs such as \"Katu katu katutes\", \"Augo \u017eirnis ir pupa\", \"Tupi \u017evirblis kamine\", \"B\u016b b\u016b, a\u0161 jau\u010diukas\".<\/p>\n<p>Listening to the music, the little ones will not only get acquainted with folk songs and learn how to sing them, but also develop their musical hearing and enrich their vocabulary.<\/p>\n<p>The most beautiful Lithuanian songs to keep the children happy!<\/p>\n<p>&nbsp;<\/p>\n<\/div>","protected":false},"featured_media":989752,"comment_status":"open","ping_status":"closed","template":"","meta":[],"product_brand":[],"product_cat":[68,70],"product_tag":[],"class_list":{"0":"post-989751","1":"product","2":"type-product","3":"status-publish","4":"has-post-thumbnail","6":"product_cat-knygos","7":"product_cat-visos-prekes","9":"first","10":"outofstock","11":"sale","12":"shipping-taxable","13":"purchasable","14":"product-type-simple"},"yoast_head":"<!-- This site is optimized with the Yoast SEO plugin v25.8 - https:\/\/yoast.com\/wordpress\/plugins\/seo\/ -->\n<title>OPA OPA OPAPA. DAINEL\u0116S VAIKAMS - Matildoslituanistinemokykla<\/title>\n<meta name=\"robots\" content=\"index, follow, max-snippet:-1, max-image-preview:large, max-video-preview:-1\" \/>\n<link rel=\"canonical\" href=\"https:\/\/matildoslituanistinemokykla.co.uk\/en\/product\/opa-opa-opapa-daineles-vaikams\/\" \/>\n<meta property=\"og:locale\" content=\"en_GB\" \/>\n<meta property=\"og:type\" content=\"article\" \/>\n<meta property=\"og:title\" content=\"OPA OPA OPAPA. DAINEL\u0116S VAIKAMS - Matildoslituanistinemokykla\" \/>\n<meta property=\"og:description\" content=\"APIE KNYG\u0104   Kartonin\u0117 knyga su mygtukais 1\u20133 met\u0173 vaikams  Iliustravo Vilija Kvieskait\u0117  Knygoje rasite vaik\u0173 pam\u0117gtas daineles: \u201eKatu katu katutes\u201c, \u201eAugo \u017eirnis ir pupa\u201c, \u201eTupi \u017evirblis kamine\u201c, \u201eB\u016b b\u016b, a\u0161 jau\u010diukas\u201c.  Klausydamiesi ma\u017eieji ne tik susipa\u017eins su liaudies dainomis ir mokysis jas dainuoti, bet ir lavins muzikin\u0119 klaus\u0105, turtins \u017eodyn\u0105.  Gra\u017eiausios lietuvi\u0161kos dainel\u0117s telydi vaikus!  &nbsp;\" \/>\n<meta property=\"og:url\" content=\"https:\/\/matildoslituanistinemokykla.co.uk\/en\/product\/opa-opa-opapa-daineles-vaikams\/\" \/>\n<meta property=\"og:site_name\" content=\"Matildoslituanistinemokykla\" \/>\n<meta property=\"article:modified_time\" content=\"2025-03-14T09:41:49+00:00\" \/>\n<meta property=\"og:image\" content=\"https:\/\/matildoslituanistinemokykla.co.uk\/wp-content\/uploads\/2024\/03\/OPA-OPA-OPAPA.-DAINELES-VAIKAMS.webp\" \/>\n\t<meta property=\"og:image:width\" content=\"600\" \/>\n\t<meta property=\"og:image:height\" content=\"600\" \/>\n\t<meta property=\"og:image:type\" content=\"image\/webp\" \/>\n<meta name=\"twitter:card\" content=\"summary_large_image\" \/>\n<meta name=\"twitter:label1\" content=\"Estimated reading time\" \/>\n\t<meta name=\"twitter:data1\" content=\"1 minute\" \/>\n<script type=\"application\/ld+json\" class=\"yoast-schema-graph\">{\"@context\":\"https:\/\/schema.org\",\"@graph\":[{\"@type\":\"WebPage\",\"@id\":\"https:\/\/matildoslituanistinemokykla.co.uk\/product\/opa-opa-opapa-daineles-vaikams\/\",\"url\":\"https:\/\/matildoslituanistinemokykla.co.uk\/product\/opa-opa-opapa-daineles-vaikams\/\",\"name\":\"OPA OPA OPAPA. DAINEL\u0116S VAIKAMS - Matildoslituanistinemokykla\",\"isPartOf\":{\"@id\":\"https:\/\/matildoslituanistinemokykla.co.uk\/#website\"},\"primaryImageOfPage\":{\"@id\":\"https:\/\/matildoslituanistinemokykla.co.uk\/product\/opa-opa-opapa-daineles-vaikams\/#primaryimage\"},\"image\":{\"@id\":\"https:\/\/matildoslituanistinemokykla.co.uk\/product\/opa-opa-opapa-daineles-vaikams\/#primaryimage\"},\"thumbnailUrl\":\"https:\/\/matildoslituanistinemokykla.co.uk\/wp-content\/uploads\/2024\/03\/OPA-OPA-OPAPA.-DAINELES-VAIKAMS.webp\",\"datePublished\":\"2024-03-17T11:55:12+00:00\",\"dateModified\":\"2025-03-14T09:41:49+00:00\",\"breadcrumb\":{\"@id\":\"https:\/\/matildoslituanistinemokykla.co.uk\/product\/opa-opa-opapa-daineles-vaikams\/#breadcrumb\"},\"inLanguage\":\"en-GB\",\"potentialAction\":[{\"@type\":\"ReadAction\",\"target\":[\"https:\/\/matildoslituanistinemokykla.co.uk\/product\/opa-opa-opapa-daineles-vaikams\/\"]}]},{\"@type\":\"ImageObject\",\"inLanguage\":\"en-GB\",\"@id\":\"https:\/\/matildoslituanistinemokykla.co.uk\/product\/opa-opa-opapa-daineles-vaikams\/#primaryimage\",\"url\":\"https:\/\/matildoslituanistinemokykla.co.uk\/wp-content\/uploads\/2024\/03\/OPA-OPA-OPAPA.-DAINELES-VAIKAMS.webp\",\"contentUrl\":\"https:\/\/matildoslituanistinemokykla.co.uk\/wp-content\/uploads\/2024\/03\/OPA-OPA-OPAPA.-DAINELES-VAIKAMS.webp\",\"width\":600,\"height\":600},{\"@type\":\"BreadcrumbList\",\"@id\":\"https:\/\/matildoslituanistinemokykla.co.uk\/product\/opa-opa-opapa-daineles-vaikams\/#breadcrumb\",\"itemListElement\":[{\"@type\":\"ListItem\",\"position\":1,\"name\":\"Home\",\"item\":\"https:\/\/matildoslituanistinemokykla.co.uk\/\"},{\"@type\":\"ListItem\",\"position\":2,\"name\":\"Parduotuv\u0117\",\"item\":\"https:\/\/matildoslituanistinemokykla.co.uk\/parduotuve\/\"},{\"@type\":\"ListItem\",\"position\":3,\"name\":\"OPA OPA OPAPA. DAINEL\u0116S VAIKAMS\"}]},{\"@type\":\"WebSite\",\"@id\":\"https:\/\/matildoslituanistinemokykla.co.uk\/#website\",\"url\":\"https:\/\/matildoslituanistinemokykla.co.uk\/\",\"name\":\"Matildoslituanistinemokykla\",\"description\":\"\",\"publisher\":{\"@id\":\"https:\/\/matildoslituanistinemokykla.co.uk\/#organization\"},\"potentialAction\":[{\"@type\":\"SearchAction\",\"target\":{\"@type\":\"EntryPoint\",\"urlTemplate\":\"https:\/\/matildoslituanistinemokykla.co.uk\/?s={search_term_string}\"},\"query-input\":{\"@type\":\"PropertyValueSpecification\",\"valueRequired\":true,\"valueName\":\"search_term_string\"}}],\"inLanguage\":\"en-GB\"},{\"@type\":\"Organization\",\"@id\":\"https:\/\/matildoslituanistinemokykla.co.uk\/#organization\",\"name\":\"Matildoslituanistinemokykla\",\"url\":\"https:\/\/matildoslituanistinemokykla.co.uk\/\",\"logo\":{\"@type\":\"ImageObject\",\"inLanguage\":\"en-GB\",\"@id\":\"https:\/\/matildoslituanistinemokykla.co.uk\/#\/schema\/logo\/image\/\",\"url\":\"https:\/\/matildoslituanistinemokykla.co.uk\/wp-content\/uploads\/2023\/08\/Matildos-Lituanistine-mokykla_logo_final.png\",\"contentUrl\":\"https:\/\/matildoslituanistinemokykla.co.uk\/wp-content\/uploads\/2023\/08\/Matildos-Lituanistine-mokykla_logo_final.png\",\"width\":1203,\"height\":947,\"caption\":\"Matildoslituanistinemokykla\"},\"image\":{\"@id\":\"https:\/\/matildoslituanistinemokykla.co.uk\/#\/schema\/logo\/image\/\"}}]}<\/script>\n<!-- \/ Yoast SEO plugin. -->","yoast_head_json":{"title":"OPA OPA OPAPA. DAINEL\u0116S VAIKAMS - Matildoslituanistinemokykla","robots":{"index":"index","follow":"follow","max-snippet":"max-snippet:-1","max-image-preview":"max-image-preview:large","max-video-preview":"max-video-preview:-1"},"canonical":"https:\/\/matildoslituanistinemokykla.co.uk\/en\/product\/opa-opa-opapa-daineles-vaikams\/","og_locale":"en_GB","og_type":"article","og_title":"OPA OPA OPAPA. DAINEL\u0116S VAIKAMS - Matildoslituanistinemokykla","og_description":"APIE KNYG\u0104   Kartonin\u0117 knyga su mygtukais 1\u20133 met\u0173 vaikams  Iliustravo Vilija Kvieskait\u0117  Knygoje rasite vaik\u0173 pam\u0117gtas daineles: \u201eKatu katu katutes\u201c, \u201eAugo \u017eirnis ir pupa\u201c, \u201eTupi \u017evirblis kamine\u201c, \u201eB\u016b b\u016b, a\u0161 jau\u010diukas\u201c.  Klausydamiesi ma\u017eieji ne tik susipa\u017eins su liaudies dainomis ir mokysis jas dainuoti, bet ir lavins muzikin\u0119 klaus\u0105, turtins \u017eodyn\u0105.  Gra\u017eiausios lietuvi\u0161kos dainel\u0117s telydi vaikus!  &nbsp;","og_url":"https:\/\/matildoslituanistinemokykla.co.uk\/en\/product\/opa-opa-opapa-daineles-vaikams\/","og_site_name":"Matildoslituanistinemokykla","article_modified_time":"2025-03-14T09:41:49+00:00","og_image":[{"width":600,"height":600,"url":"https:\/\/matildoslituanistinemokykla.co.uk\/wp-content\/uploads\/2024\/03\/OPA-OPA-OPAPA.-DAINELES-VAIKAMS.webp","type":"image\/webp"}],"twitter_card":"summary_large_image","twitter_misc":{"Estimated reading time":"1 minute"},"schema":{"@context":"https:\/\/schema.org","@graph":[{"@type":"WebPage","@id":"https:\/\/matildoslituanistinemokykla.co.uk\/product\/opa-opa-opapa-daineles-vaikams\/","url":"https:\/\/matildoslituanistinemokykla.co.uk\/product\/opa-opa-opapa-daineles-vaikams\/","name":"OPA OPA OPAPA. DAINEL\u0116S VAIKAMS - Matildoslituanistinemokykla","isPartOf":{"@id":"https:\/\/matildoslituanistinemokykla.co.uk\/#website"},"primaryImageOfPage":{"@id":"https:\/\/matildoslituanistinemokykla.co.uk\/product\/opa-opa-opapa-daineles-vaikams\/#primaryimage"},"image":{"@id":"https:\/\/matildoslituanistinemokykla.co.uk\/product\/opa-opa-opapa-daineles-vaikams\/#primaryimage"},"thumbnailUrl":"https:\/\/matildoslituanistinemokykla.co.uk\/wp-content\/uploads\/2024\/03\/OPA-OPA-OPAPA.-DAINELES-VAIKAMS.webp","datePublished":"2024-03-17T11:55:12+00:00","dateModified":"2025-03-14T09:41:49+00:00","breadcrumb":{"@id":"https:\/\/matildoslituanistinemokykla.co.uk\/product\/opa-opa-opapa-daineles-vaikams\/#breadcrumb"},"inLanguage":"en-GB","potentialAction":[{"@type":"ReadAction","target":["https:\/\/matildoslituanistinemokykla.co.uk\/product\/opa-opa-opapa-daineles-vaikams\/"]}]},{"@type":"ImageObject","inLanguage":"en-GB","@id":"https:\/\/matildoslituanistinemokykla.co.uk\/product\/opa-opa-opapa-daineles-vaikams\/#primaryimage","url":"https:\/\/matildoslituanistinemokykla.co.uk\/wp-content\/uploads\/2024\/03\/OPA-OPA-OPAPA.-DAINELES-VAIKAMS.webp","contentUrl":"https:\/\/matildoslituanistinemokykla.co.uk\/wp-content\/uploads\/2024\/03\/OPA-OPA-OPAPA.-DAINELES-VAIKAMS.webp","width":600,"height":600},{"@type":"BreadcrumbList","@id":"https:\/\/matildoslituanistinemokykla.co.uk\/product\/opa-opa-opapa-daineles-vaikams\/#breadcrumb","itemListElement":[{"@type":"ListItem","position":1,"name":"Home","item":"https:\/\/matildoslituanistinemokykla.co.uk\/"},{"@type":"ListItem","position":2,"name":"Parduotuv\u0117","item":"https:\/\/matildoslituanistinemokykla.co.uk\/parduotuve\/"},{"@type":"ListItem","position":3,"name":"OPA OPA OPAPA. DAINEL\u0116S VAIKAMS"}]},{"@type":"WebSite","@id":"https:\/\/matildoslituanistinemokykla.co.uk\/#website","url":"https:\/\/matildoslituanistinemokykla.co.uk\/","name":"Matildoslituanistinemokykla","description":"","publisher":{"@id":"https:\/\/matildoslituanistinemokykla.co.uk\/#organization"},"potentialAction":[{"@type":"SearchAction","target":{"@type":"EntryPoint","urlTemplate":"https:\/\/matildoslituanistinemokykla.co.uk\/?s={search_term_string}"},"query-input":{"@type":"PropertyValueSpecification","valueRequired":true,"valueName":"search_term_string"}}],"inLanguage":"en-GB"},{"@type":"Organization","@id":"https:\/\/matildoslituanistinemokykla.co.uk\/#organization","name":"Matildoslituanistinemokykla","url":"https:\/\/matildoslituanistinemokykla.co.uk\/","logo":{"@type":"ImageObject","inLanguage":"en-GB","@id":"https:\/\/matildoslituanistinemokykla.co.uk\/#\/schema\/logo\/image\/","url":"https:\/\/matildoslituanistinemokykla.co.uk\/wp-content\/uploads\/2023\/08\/Matildos-Lituanistine-mokykla_logo_final.png","contentUrl":"https:\/\/matildoslituanistinemokykla.co.uk\/wp-content\/uploads\/2023\/08\/Matildos-Lituanistine-mokykla_logo_final.png","width":1203,"height":947,"caption":"Matildoslituanistinemokykla"},"image":{"@id":"https:\/\/matildoslituanistinemokykla.co.uk\/#\/schema\/logo\/image\/"}}]}},"_links":{"self":[{"href":"https:\/\/matildoslituanistinemokykla.co.uk\/en\/wp-json\/wp\/v2\/product\/989751","targetHints":{"allow":["GET"]}}],"collection":[{"href":"https:\/\/matildoslituanistinemokykla.co.uk\/en\/wp-json\/wp\/v2\/product"}],"about":[{"href":"https:\/\/matildoslituanistinemokykla.co.uk\/en\/wp-json\/wp\/v2\/types\/product"}],"replies":[{"embeddable":true,"href":"https:\/\/matildoslituanistinemokykla.co.uk\/en\/wp-json\/wp\/v2\/comments?post=989751"}],"wp:featuredmedia":[{"embeddable":true,"href":"https:\/\/matildoslituanistinemokykla.co.uk\/en\/wp-json\/wp\/v2\/media\/989752"}],"wp:attachment":[{"href":"https:\/\/matildoslituanistinemokykla.co.uk\/en\/wp-json\/wp\/v2\/media?parent=989751"}],"wp:term":[{"taxonomy":"product_brand","embeddable":true,"href":"https:\/\/matildoslituanistinemokykla.co.uk\/en\/wp-json\/wp\/v2\/product_brand?post=989751"},{"taxonomy":"product_cat","embeddable":true,"href":"https:\/\/matildoslituanistinemokykla.co.uk\/en\/wp-json\/wp\/v2\/product_cat?post=989751"},{"taxonomy":"product_tag","embeddable":true,"href":"https:\/\/matildoslituanistinemokykla.co.uk\/en\/wp-json\/wp\/v2\/product_tag?post=989751"}],"curies":[{"name":"wp","href":"https:\/\/api.w.org\/{rel}","templated":true}]}}