{"id":989753,"date":"2024-03-17T11:58:40","date_gmt":"2024-03-17T11:58:40","guid":{"rendered":"https:\/\/matildoslituanistinemokykla.co.uk\/?post_type=product&#038;p=989753"},"modified":"2025-04-12T20:02:43","modified_gmt":"2025-04-12T20:02:43","slug":"protmusis-su-lietuvos-valdovais-uzduotys-ir-zaidimas-7-11-m-vaikams","status":"publish","type":"product","link":"https:\/\/matildoslituanistinemokykla.co.uk\/en\/product\/protmusis-su-lietuvos-valdovais-uzduotys-ir-zaidimas-7-11-m-vaikams\/","title":{"rendered":"LITHUANIAN RULERS CHALLENGE. TASKS AND GAME FOR CHILDREN AGED 7-11"},"content":{"rendered":"<div class=\"vgblk-rw-wrapper limit-wrapper\">\"Protm\u016b\u0161is with the rulers of Lithuania\":<\/p>\n<ul>\n<li>develops observation and logical thinking;<\/li>\n<li>arouses curiosity and encourages interest in Lithuanian history;<\/li>\n<li>Encourages fun and multi-skills games;<\/li>\n<li>promote healthy and fair competition.<\/li>\n<\/ul>\n<p>&nbsp;<\/p>\n<p>The book \"Protm\u016b\u0161is su Lietuvos valdovis\" is based on the historian<b>\u00a0Dr<\/b>.<b>\u00a0Zigmas Vitkaus<\/b>\u00a0and illustrators\u00a0<b>Inga Dagile<\/b>\u00a0the informative book \"The Rulers of Lithuania Tell Children\".<\/p>\n<p><b>Zigmas Vitkus<\/b>\u00a0- Doctor of History, who is interested not only in historical research, but also in popularising Lithuanian history. In addition to this book, he has also published two other fascinating educational books for children, \"Lithuanian Everyday\" and \"History of Lithuania\".<\/p>\n<p><b>Inga Dagile<\/b>\u00a0She has already graced several publications with her excellent work. In creating the drawings for these two books, she has taken a keen interest in the rulers of Lithuania, and her illustrations reflect the clothing, weapons, and various objects and their decoration typical of the period.<\/div>\n<p><!-- .vgblk-rw-wrapper --><\/p>","protected":false},"excerpt":{"rendered":"<h2 style=\"font-weight: 400;\">ABOUT THE KNIGHTS<\/h2>\n<p>Zigmas Vitkus, Inga Dagil\u0117<\/p>\n<p>\"Protmouche with Lithuanian rulers. Tasks and game for children aged 7-11\"<\/p>\n<p>For children aged 7 and over.<\/p>\n<p>&nbsp;<\/p>\n<p>Do you know which city is considered the first capital of Lithuania?<\/p>\n<p>Have you heard what King Mindaugas and Vytautas the Great have done to deserve this?<\/p>\n<p>Do you have any idea what breed of horses the Lithuanians bred in the Middle Ages and used in war?<\/p>\n<p>&nbsp;<\/p>\n<p><b>Prove you're an ace in Lithuanian history<\/b>beat this challenge about the rulers of Lithuania on your own, with your family or classmates. If this game is not for you - set up a challenge for your friends and become a unique host.<\/p>\n<p>If you don't have the knowledge to answer the questions, you'll get useful hints and answers at the back of the book!<\/p>\n<p>+ Poster on the dynasties of the Lithuanian rulers of the 13th-17th centuries!<\/p>\n<p>&nbsp;<\/p>\n<p>&nbsp;<\/p>","protected":false},"featured_media":989754,"comment_status":"open","ping_status":"closed","template":"","meta":[],"product_brand":[],"product_cat":[68,70],"product_tag":[],"class_list":{"0":"post-989753","1":"product","2":"type-product","3":"status-publish","4":"has-post-thumbnail","6":"product_cat-knygos","7":"product_cat-visos-prekes","9":"first","10":"instock","11":"shipping-taxable","12":"purchasable","13":"product-type-simple"},"yoast_head":"<!-- This site is optimized with the Yoast SEO plugin v25.8 - https:\/\/yoast.com\/wordpress\/plugins\/seo\/ -->\n<title>PROTM\u016a\u0160IS SU LIETUVOS VALDOVAIS. U\u017dDUOTYS IR \u017dAIDIMAS 7-11 M. VAIKAMS - Matildoslituanistinemokykla<\/title>\n<meta name=\"robots\" content=\"index, follow, max-snippet:-1, max-image-preview:large, max-video-preview:-1\" \/>\n<link rel=\"canonical\" href=\"https:\/\/matildoslituanistinemokykla.co.uk\/en\/product\/protmusis-su-lietuvos-valdovais-uzduotys-ir-zaidimas-7-11-m-vaikams\/\" \/>\n<meta property=\"og:locale\" content=\"en_GB\" \/>\n<meta property=\"og:type\" content=\"article\" \/>\n<meta property=\"og:title\" content=\"PROTM\u016a\u0160IS SU LIETUVOS VALDOVAIS. U\u017dDUOTYS IR \u017dAIDIMAS 7-11 M. VAIKAMS - Matildoslituanistinemokykla\" \/>\n<meta property=\"og:description\" content=\"APIE KNYG\u0104 Zigmas Vitkus, Inga Dagil\u0117  \u201eProtm\u016b\u0161is su Lietuvos valdovais. U\u017eduotys ir \u017eaidimas 7\u201311 m. vaikams\u201c  Vaikams nuo 7 m.  &nbsp;  Ar \u017einai, kuris miestas laikomas pirm\u0105ja Lietuvos sostine?  Ar gird\u0117jai, kuo nusipeln\u0117 karalius Mindaugas, o kuo Vytautas Didysis?  Ar nutuoki, kokios veisl\u0117s \u017eirgus viduram\u017eiais i\u0161ved\u0117 ir naudojo kare lietuviai?  &nbsp;  \u012erodyk, kad esi Lietuvos istorijos asas, \u012fveikdamas \u0161\u012f protm\u016b\u0161\u012f apie Lietuvos valdovus vienas pats, su \u0161eima ar bendraklasiais. Jei \u0161is \u017eaidimas tau vieni niekai\u00a0\u2013 surenk protm\u016b\u0161\u012f draugams ir tapk nepakartojamu jo ved\u0117ju.  Pritr\u016bk\u0119s \u017eini\u0173 atsakyti \u012f klausimus, gausi nauding\u0173 u\u017euomin\u0173, o atsakymus rasi knygos gale!  + Plakatas Lietuvos valdov\u0173 dinastijos 13\u201317 a.!  &nbsp;  &nbsp;\" \/>\n<meta property=\"og:url\" content=\"https:\/\/matildoslituanistinemokykla.co.uk\/en\/product\/protmusis-su-lietuvos-valdovais-uzduotys-ir-zaidimas-7-11-m-vaikams\/\" \/>\n<meta property=\"og:site_name\" content=\"Matildoslituanistinemokykla\" \/>\n<meta property=\"article:modified_time\" content=\"2025-04-12T20:02:43+00:00\" \/>\n<meta property=\"og:image\" content=\"https:\/\/matildoslituanistinemokykla.co.uk\/wp-content\/uploads\/2024\/03\/PROTMUSIS-SU-LIETUVOS-VALDOVAIS.-UZDUOTYS-IR-ZAIDIMAS-7-11-M.-VAIKAMS.webp\" \/>\n\t<meta property=\"og:image:width\" content=\"437\" \/>\n\t<meta property=\"og:image:height\" content=\"600\" \/>\n\t<meta property=\"og:image:type\" content=\"image\/webp\" \/>\n<meta name=\"twitter:card\" content=\"summary_large_image\" \/>\n<meta name=\"twitter:label1\" content=\"Estimated reading time\" \/>\n\t<meta name=\"twitter:data1\" content=\"1 minute\" \/>\n<script type=\"application\/ld+json\" class=\"yoast-schema-graph\">{\"@context\":\"https:\/\/schema.org\",\"@graph\":[{\"@type\":\"WebPage\",\"@id\":\"https:\/\/matildoslituanistinemokykla.co.uk\/product\/protmusis-su-lietuvos-valdovais-uzduotys-ir-zaidimas-7-11-m-vaikams\/\",\"url\":\"https:\/\/matildoslituanistinemokykla.co.uk\/product\/protmusis-su-lietuvos-valdovais-uzduotys-ir-zaidimas-7-11-m-vaikams\/\",\"name\":\"PROTM\u016a\u0160IS SU LIETUVOS VALDOVAIS. U\u017dDUOTYS IR \u017dAIDIMAS 7-11 M. VAIKAMS - Matildoslituanistinemokykla\",\"isPartOf\":{\"@id\":\"https:\/\/matildoslituanistinemokykla.co.uk\/#website\"},\"primaryImageOfPage\":{\"@id\":\"https:\/\/matildoslituanistinemokykla.co.uk\/product\/protmusis-su-lietuvos-valdovais-uzduotys-ir-zaidimas-7-11-m-vaikams\/#primaryimage\"},\"image\":{\"@id\":\"https:\/\/matildoslituanistinemokykla.co.uk\/product\/protmusis-su-lietuvos-valdovais-uzduotys-ir-zaidimas-7-11-m-vaikams\/#primaryimage\"},\"thumbnailUrl\":\"https:\/\/matildoslituanistinemokykla.co.uk\/wp-content\/uploads\/2024\/03\/PROTMUSIS-SU-LIETUVOS-VALDOVAIS.-UZDUOTYS-IR-ZAIDIMAS-7-11-M.-VAIKAMS.webp\",\"datePublished\":\"2024-03-17T11:58:40+00:00\",\"dateModified\":\"2025-04-12T20:02:43+00:00\",\"breadcrumb\":{\"@id\":\"https:\/\/matildoslituanistinemokykla.co.uk\/product\/protmusis-su-lietuvos-valdovais-uzduotys-ir-zaidimas-7-11-m-vaikams\/#breadcrumb\"},\"inLanguage\":\"en-GB\",\"potentialAction\":[{\"@type\":\"ReadAction\",\"target\":[\"https:\/\/matildoslituanistinemokykla.co.uk\/product\/protmusis-su-lietuvos-valdovais-uzduotys-ir-zaidimas-7-11-m-vaikams\/\"]}]},{\"@type\":\"ImageObject\",\"inLanguage\":\"en-GB\",\"@id\":\"https:\/\/matildoslituanistinemokykla.co.uk\/product\/protmusis-su-lietuvos-valdovais-uzduotys-ir-zaidimas-7-11-m-vaikams\/#primaryimage\",\"url\":\"https:\/\/matildoslituanistinemokykla.co.uk\/wp-content\/uploads\/2024\/03\/PROTMUSIS-SU-LIETUVOS-VALDOVAIS.-UZDUOTYS-IR-ZAIDIMAS-7-11-M.-VAIKAMS.webp\",\"contentUrl\":\"https:\/\/matildoslituanistinemokykla.co.uk\/wp-content\/uploads\/2024\/03\/PROTMUSIS-SU-LIETUVOS-VALDOVAIS.-UZDUOTYS-IR-ZAIDIMAS-7-11-M.-VAIKAMS.webp\",\"width\":437,\"height\":600},{\"@type\":\"BreadcrumbList\",\"@id\":\"https:\/\/matildoslituanistinemokykla.co.uk\/product\/protmusis-su-lietuvos-valdovais-uzduotys-ir-zaidimas-7-11-m-vaikams\/#breadcrumb\",\"itemListElement\":[{\"@type\":\"ListItem\",\"position\":1,\"name\":\"Home\",\"item\":\"https:\/\/matildoslituanistinemokykla.co.uk\/\"},{\"@type\":\"ListItem\",\"position\":2,\"name\":\"Parduotuv\u0117\",\"item\":\"https:\/\/matildoslituanistinemokykla.co.uk\/parduotuve\/\"},{\"@type\":\"ListItem\",\"position\":3,\"name\":\"PROTM\u016a\u0160IS SU LIETUVOS VALDOVAIS. U\u017dDUOTYS IR \u017dAIDIMAS 7-11 M. VAIKAMS\"}]},{\"@type\":\"WebSite\",\"@id\":\"https:\/\/matildoslituanistinemokykla.co.uk\/#website\",\"url\":\"https:\/\/matildoslituanistinemokykla.co.uk\/\",\"name\":\"Matildoslituanistinemokykla\",\"description\":\"\",\"publisher\":{\"@id\":\"https:\/\/matildoslituanistinemokykla.co.uk\/#organization\"},\"potentialAction\":[{\"@type\":\"SearchAction\",\"target\":{\"@type\":\"EntryPoint\",\"urlTemplate\":\"https:\/\/matildoslituanistinemokykla.co.uk\/?s={search_term_string}\"},\"query-input\":{\"@type\":\"PropertyValueSpecification\",\"valueRequired\":true,\"valueName\":\"search_term_string\"}}],\"inLanguage\":\"en-GB\"},{\"@type\":\"Organization\",\"@id\":\"https:\/\/matildoslituanistinemokykla.co.uk\/#organization\",\"name\":\"Matildoslituanistinemokykla\",\"url\":\"https:\/\/matildoslituanistinemokykla.co.uk\/\",\"logo\":{\"@type\":\"ImageObject\",\"inLanguage\":\"en-GB\",\"@id\":\"https:\/\/matildoslituanistinemokykla.co.uk\/#\/schema\/logo\/image\/\",\"url\":\"https:\/\/matildoslituanistinemokykla.co.uk\/wp-content\/uploads\/2023\/08\/Matildos-Lituanistine-mokykla_logo_final.png\",\"contentUrl\":\"https:\/\/matildoslituanistinemokykla.co.uk\/wp-content\/uploads\/2023\/08\/Matildos-Lituanistine-mokykla_logo_final.png\",\"width\":1203,\"height\":947,\"caption\":\"Matildoslituanistinemokykla\"},\"image\":{\"@id\":\"https:\/\/matildoslituanistinemokykla.co.uk\/#\/schema\/logo\/image\/\"}}]}<\/script>\n<!-- \/ Yoast SEO plugin. -->","yoast_head_json":{"title":"PROTM\u016a\u0160IS SU LIETUVOS VALDOVAIS. U\u017dDUOTYS IR \u017dAIDIMAS 7-11 M. VAIKAMS - Matildoslituanistinemokykla","robots":{"index":"index","follow":"follow","max-snippet":"max-snippet:-1","max-image-preview":"max-image-preview:large","max-video-preview":"max-video-preview:-1"},"canonical":"https:\/\/matildoslituanistinemokykla.co.uk\/en\/product\/protmusis-su-lietuvos-valdovais-uzduotys-ir-zaidimas-7-11-m-vaikams\/","og_locale":"en_GB","og_type":"article","og_title":"PROTM\u016a\u0160IS SU LIETUVOS VALDOVAIS. U\u017dDUOTYS IR \u017dAIDIMAS 7-11 M. VAIKAMS - Matildoslituanistinemokykla","og_description":"APIE KNYG\u0104 Zigmas Vitkus, Inga Dagil\u0117  \u201eProtm\u016b\u0161is su Lietuvos valdovais. U\u017eduotys ir \u017eaidimas 7\u201311 m. vaikams\u201c  Vaikams nuo 7 m.  &nbsp;  Ar \u017einai, kuris miestas laikomas pirm\u0105ja Lietuvos sostine?  Ar gird\u0117jai, kuo nusipeln\u0117 karalius Mindaugas, o kuo Vytautas Didysis?  Ar nutuoki, kokios veisl\u0117s \u017eirgus viduram\u017eiais i\u0161ved\u0117 ir naudojo kare lietuviai?  &nbsp;  \u012erodyk, kad esi Lietuvos istorijos asas, \u012fveikdamas \u0161\u012f protm\u016b\u0161\u012f apie Lietuvos valdovus vienas pats, su \u0161eima ar bendraklasiais. Jei \u0161is \u017eaidimas tau vieni niekai\u00a0\u2013 surenk protm\u016b\u0161\u012f draugams ir tapk nepakartojamu jo ved\u0117ju.  Pritr\u016bk\u0119s \u017eini\u0173 atsakyti \u012f klausimus, gausi nauding\u0173 u\u017euomin\u0173, o atsakymus rasi knygos gale!  + Plakatas Lietuvos valdov\u0173 dinastijos 13\u201317 a.!  &nbsp;  &nbsp;","og_url":"https:\/\/matildoslituanistinemokykla.co.uk\/en\/product\/protmusis-su-lietuvos-valdovais-uzduotys-ir-zaidimas-7-11-m-vaikams\/","og_site_name":"Matildoslituanistinemokykla","article_modified_time":"2025-04-12T20:02:43+00:00","og_image":[{"width":437,"height":600,"url":"https:\/\/matildoslituanistinemokykla.co.uk\/wp-content\/uploads\/2024\/03\/PROTMUSIS-SU-LIETUVOS-VALDOVAIS.-UZDUOTYS-IR-ZAIDIMAS-7-11-M.-VAIKAMS.webp","type":"image\/webp"}],"twitter_card":"summary_large_image","twitter_misc":{"Estimated reading time":"1 minute"},"schema":{"@context":"https:\/\/schema.org","@graph":[{"@type":"WebPage","@id":"https:\/\/matildoslituanistinemokykla.co.uk\/product\/protmusis-su-lietuvos-valdovais-uzduotys-ir-zaidimas-7-11-m-vaikams\/","url":"https:\/\/matildoslituanistinemokykla.co.uk\/product\/protmusis-su-lietuvos-valdovais-uzduotys-ir-zaidimas-7-11-m-vaikams\/","name":"PROTM\u016a\u0160IS SU LIETUVOS VALDOVAIS. U\u017dDUOTYS IR \u017dAIDIMAS 7-11 M. VAIKAMS - Matildoslituanistinemokykla","isPartOf":{"@id":"https:\/\/matildoslituanistinemokykla.co.uk\/#website"},"primaryImageOfPage":{"@id":"https:\/\/matildoslituanistinemokykla.co.uk\/product\/protmusis-su-lietuvos-valdovais-uzduotys-ir-zaidimas-7-11-m-vaikams\/#primaryimage"},"image":{"@id":"https:\/\/matildoslituanistinemokykla.co.uk\/product\/protmusis-su-lietuvos-valdovais-uzduotys-ir-zaidimas-7-11-m-vaikams\/#primaryimage"},"thumbnailUrl":"https:\/\/matildoslituanistinemokykla.co.uk\/wp-content\/uploads\/2024\/03\/PROTMUSIS-SU-LIETUVOS-VALDOVAIS.-UZDUOTYS-IR-ZAIDIMAS-7-11-M.-VAIKAMS.webp","datePublished":"2024-03-17T11:58:40+00:00","dateModified":"2025-04-12T20:02:43+00:00","breadcrumb":{"@id":"https:\/\/matildoslituanistinemokykla.co.uk\/product\/protmusis-su-lietuvos-valdovais-uzduotys-ir-zaidimas-7-11-m-vaikams\/#breadcrumb"},"inLanguage":"en-GB","potentialAction":[{"@type":"ReadAction","target":["https:\/\/matildoslituanistinemokykla.co.uk\/product\/protmusis-su-lietuvos-valdovais-uzduotys-ir-zaidimas-7-11-m-vaikams\/"]}]},{"@type":"ImageObject","inLanguage":"en-GB","@id":"https:\/\/matildoslituanistinemokykla.co.uk\/product\/protmusis-su-lietuvos-valdovais-uzduotys-ir-zaidimas-7-11-m-vaikams\/#primaryimage","url":"https:\/\/matildoslituanistinemokykla.co.uk\/wp-content\/uploads\/2024\/03\/PROTMUSIS-SU-LIETUVOS-VALDOVAIS.-UZDUOTYS-IR-ZAIDIMAS-7-11-M.-VAIKAMS.webp","contentUrl":"https:\/\/matildoslituanistinemokykla.co.uk\/wp-content\/uploads\/2024\/03\/PROTMUSIS-SU-LIETUVOS-VALDOVAIS.-UZDUOTYS-IR-ZAIDIMAS-7-11-M.-VAIKAMS.webp","width":437,"height":600},{"@type":"BreadcrumbList","@id":"https:\/\/matildoslituanistinemokykla.co.uk\/product\/protmusis-su-lietuvos-valdovais-uzduotys-ir-zaidimas-7-11-m-vaikams\/#breadcrumb","itemListElement":[{"@type":"ListItem","position":1,"name":"Home","item":"https:\/\/matildoslituanistinemokykla.co.uk\/"},{"@type":"ListItem","position":2,"name":"Parduotuv\u0117","item":"https:\/\/matildoslituanistinemokykla.co.uk\/parduotuve\/"},{"@type":"ListItem","position":3,"name":"PROTM\u016a\u0160IS SU LIETUVOS VALDOVAIS. U\u017dDUOTYS IR \u017dAIDIMAS 7-11 M. VAIKAMS"}]},{"@type":"WebSite","@id":"https:\/\/matildoslituanistinemokykla.co.uk\/#website","url":"https:\/\/matildoslituanistinemokykla.co.uk\/","name":"Matildoslituanistinemokykla","description":"","publisher":{"@id":"https:\/\/matildoslituanistinemokykla.co.uk\/#organization"},"potentialAction":[{"@type":"SearchAction","target":{"@type":"EntryPoint","urlTemplate":"https:\/\/matildoslituanistinemokykla.co.uk\/?s={search_term_string}"},"query-input":{"@type":"PropertyValueSpecification","valueRequired":true,"valueName":"search_term_string"}}],"inLanguage":"en-GB"},{"@type":"Organization","@id":"https:\/\/matildoslituanistinemokykla.co.uk\/#organization","name":"Matildoslituanistinemokykla","url":"https:\/\/matildoslituanistinemokykla.co.uk\/","logo":{"@type":"ImageObject","inLanguage":"en-GB","@id":"https:\/\/matildoslituanistinemokykla.co.uk\/#\/schema\/logo\/image\/","url":"https:\/\/matildoslituanistinemokykla.co.uk\/wp-content\/uploads\/2023\/08\/Matildos-Lituanistine-mokykla_logo_final.png","contentUrl":"https:\/\/matildoslituanistinemokykla.co.uk\/wp-content\/uploads\/2023\/08\/Matildos-Lituanistine-mokykla_logo_final.png","width":1203,"height":947,"caption":"Matildoslituanistinemokykla"},"image":{"@id":"https:\/\/matildoslituanistinemokykla.co.uk\/#\/schema\/logo\/image\/"}}]}},"_links":{"self":[{"href":"https:\/\/matildoslituanistinemokykla.co.uk\/en\/wp-json\/wp\/v2\/product\/989753","targetHints":{"allow":["GET"]}}],"collection":[{"href":"https:\/\/matildoslituanistinemokykla.co.uk\/en\/wp-json\/wp\/v2\/product"}],"about":[{"href":"https:\/\/matildoslituanistinemokykla.co.uk\/en\/wp-json\/wp\/v2\/types\/product"}],"replies":[{"embeddable":true,"href":"https:\/\/matildoslituanistinemokykla.co.uk\/en\/wp-json\/wp\/v2\/comments?post=989753"}],"wp:featuredmedia":[{"embeddable":true,"href":"https:\/\/matildoslituanistinemokykla.co.uk\/en\/wp-json\/wp\/v2\/media\/989754"}],"wp:attachment":[{"href":"https:\/\/matildoslituanistinemokykla.co.uk\/en\/wp-json\/wp\/v2\/media?parent=989753"}],"wp:term":[{"taxonomy":"product_brand","embeddable":true,"href":"https:\/\/matildoslituanistinemokykla.co.uk\/en\/wp-json\/wp\/v2\/product_brand?post=989753"},{"taxonomy":"product_cat","embeddable":true,"href":"https:\/\/matildoslituanistinemokykla.co.uk\/en\/wp-json\/wp\/v2\/product_cat?post=989753"},{"taxonomy":"product_tag","embeddable":true,"href":"https:\/\/matildoslituanistinemokykla.co.uk\/en\/wp-json\/wp\/v2\/product_tag?post=989753"}],"curies":[{"name":"wp","href":"https:\/\/api.w.org\/{rel}","templated":true}]}}