{"id":989765,"date":"2024-03-17T12:06:39","date_gmt":"2024-03-17T12:06:39","guid":{"rendered":"https:\/\/matildoslituanistinemokykla.co.uk\/?post_type=product&#038;p=989765"},"modified":"2024-03-17T12:12:52","modified_gmt":"2024-03-17T12:12:52","slug":"skaiciuojame-mintinai-matematiniai-galvosukiai-vaikams","status":"publish","type":"product","link":"https:\/\/matildoslituanistinemokykla.co.uk\/en\/product\/skaiciuojame-mintinai-matematiniai-galvosukiai-vaikams\/","title":{"rendered":"A book for little ones COUNTING MINDFULLY. MATHEMATICAL PUZZLES FOR CHILDREN"},"content":{"rendered":"<div class=\"vgblk-rw-wrapper limit-wrapper\">It's time to test your mental skills!<\/p>\n<p>The puzzles were created by Gareth Muras, PhD, a true puzzle master and author of brain-training books for children and adults. Look out for other puzzle books by this author.<\/p><\/div>\n<p><!-- .vgblk-rw-wrapper --><\/p>","protected":false},"excerpt":{"rendered":"<h2 class=\"product-full-width__description-title h1\">ABOUT THE KNIGHTS<\/h2>\n<div class=\"product-full-width__description-text\">\n<p>For children aged 8-12<\/p>\n<p>With more than 100 maths puzzles, this book is the ultimate workout for your amazing brain.<\/p>\n<p>It includes number pyramids, mazes, memory games, multiplication table exercises and mathematical sequences.<\/p>\n<p>&nbsp;<\/p>\n<\/div>","protected":false},"featured_media":989766,"comment_status":"open","ping_status":"closed","template":"","meta":[],"product_brand":[],"product_cat":[68,70],"product_tag":[],"class_list":{"0":"post-989765","1":"product","2":"type-product","3":"status-publish","4":"has-post-thumbnail","6":"product_cat-knygos","7":"product_cat-visos-prekes","9":"first","10":"instock","11":"shipping-taxable","12":"purchasable","13":"product-type-simple"},"yoast_head":"<!-- This site is optimized with the Yoast SEO plugin v25.8 - https:\/\/yoast.com\/wordpress\/plugins\/seo\/ -->\n<title>Knyga ma\u017eiesiems SKAI\u010cIUOJAME MINTINAI. MATEMATINIAI GALVOS\u016aKIAI VAIKAMS - Matildoslituanistinemokykla<\/title>\n<meta name=\"robots\" content=\"index, follow, max-snippet:-1, max-image-preview:large, max-video-preview:-1\" \/>\n<link rel=\"canonical\" href=\"https:\/\/matildoslituanistinemokykla.co.uk\/en\/product\/skaiciuojame-mintinai-matematiniai-galvosukiai-vaikams\/\" \/>\n<meta property=\"og:locale\" content=\"en_GB\" \/>\n<meta property=\"og:type\" content=\"article\" \/>\n<meta property=\"og:title\" content=\"Knyga ma\u017eiesiems SKAI\u010cIUOJAME MINTINAI. MATEMATINIAI GALVOS\u016aKIAI VAIKAMS - Matildoslituanistinemokykla\" \/>\n<meta property=\"og:description\" content=\"APIE KNYG\u0104   8\u201312 met\u0173 vaikams  \u0160i knyga \u2013 su daugiau nei 100 matematini\u0173 galvos\u016bki\u0173 \u2013 yra pati geriausia treniruot\u0117 tavo nuostabiosioms smegenims.  Joje yra skai\u010di\u0173 piramid\u017ei\u0173, labirint\u0173, atminties \u017eaidim\u0173, daugybos lentel\u0117s u\u017eduo\u010di\u0173 ir matematini\u0173 sek\u0173.  &nbsp;\" \/>\n<meta property=\"og:url\" content=\"https:\/\/matildoslituanistinemokykla.co.uk\/en\/product\/skaiciuojame-mintinai-matematiniai-galvosukiai-vaikams\/\" \/>\n<meta property=\"og:site_name\" content=\"Matildoslituanistinemokykla\" \/>\n<meta property=\"article:modified_time\" content=\"2024-03-17T12:12:52+00:00\" \/>\n<meta property=\"og:image\" content=\"https:\/\/matildoslituanistinemokykla.co.uk\/wp-content\/uploads\/2024\/03\/SKAICIUOJAME-MINTINAI.-MATEMATINIAI-GALVOSUKIAI-VAIKAMS.webp\" \/>\n\t<meta property=\"og:image:width\" content=\"391\" \/>\n\t<meta property=\"og:image:height\" content=\"600\" \/>\n\t<meta property=\"og:image:type\" content=\"image\/webp\" \/>\n<meta name=\"twitter:card\" content=\"summary_large_image\" \/>\n<meta name=\"twitter:label1\" content=\"Estimated reading time\" \/>\n\t<meta name=\"twitter:data1\" content=\"1 minute\" \/>\n<script type=\"application\/ld+json\" class=\"yoast-schema-graph\">{\"@context\":\"https:\/\/schema.org\",\"@graph\":[{\"@type\":\"WebPage\",\"@id\":\"https:\/\/matildoslituanistinemokykla.co.uk\/product\/skaiciuojame-mintinai-matematiniai-galvosukiai-vaikams\/\",\"url\":\"https:\/\/matildoslituanistinemokykla.co.uk\/product\/skaiciuojame-mintinai-matematiniai-galvosukiai-vaikams\/\",\"name\":\"Knyga ma\u017eiesiems SKAI\u010cIUOJAME MINTINAI. MATEMATINIAI GALVOS\u016aKIAI VAIKAMS - Matildoslituanistinemokykla\",\"isPartOf\":{\"@id\":\"https:\/\/matildoslituanistinemokykla.co.uk\/#website\"},\"primaryImageOfPage\":{\"@id\":\"https:\/\/matildoslituanistinemokykla.co.uk\/product\/skaiciuojame-mintinai-matematiniai-galvosukiai-vaikams\/#primaryimage\"},\"image\":{\"@id\":\"https:\/\/matildoslituanistinemokykla.co.uk\/product\/skaiciuojame-mintinai-matematiniai-galvosukiai-vaikams\/#primaryimage\"},\"thumbnailUrl\":\"https:\/\/matildoslituanistinemokykla.co.uk\/wp-content\/uploads\/2024\/03\/SKAICIUOJAME-MINTINAI.-MATEMATINIAI-GALVOSUKIAI-VAIKAMS.webp\",\"datePublished\":\"2024-03-17T12:06:39+00:00\",\"dateModified\":\"2024-03-17T12:12:52+00:00\",\"breadcrumb\":{\"@id\":\"https:\/\/matildoslituanistinemokykla.co.uk\/product\/skaiciuojame-mintinai-matematiniai-galvosukiai-vaikams\/#breadcrumb\"},\"inLanguage\":\"en-GB\",\"potentialAction\":[{\"@type\":\"ReadAction\",\"target\":[\"https:\/\/matildoslituanistinemokykla.co.uk\/product\/skaiciuojame-mintinai-matematiniai-galvosukiai-vaikams\/\"]}]},{\"@type\":\"ImageObject\",\"inLanguage\":\"en-GB\",\"@id\":\"https:\/\/matildoslituanistinemokykla.co.uk\/product\/skaiciuojame-mintinai-matematiniai-galvosukiai-vaikams\/#primaryimage\",\"url\":\"https:\/\/matildoslituanistinemokykla.co.uk\/wp-content\/uploads\/2024\/03\/SKAICIUOJAME-MINTINAI.-MATEMATINIAI-GALVOSUKIAI-VAIKAMS.webp\",\"contentUrl\":\"https:\/\/matildoslituanistinemokykla.co.uk\/wp-content\/uploads\/2024\/03\/SKAICIUOJAME-MINTINAI.-MATEMATINIAI-GALVOSUKIAI-VAIKAMS.webp\",\"width\":391,\"height\":600},{\"@type\":\"BreadcrumbList\",\"@id\":\"https:\/\/matildoslituanistinemokykla.co.uk\/product\/skaiciuojame-mintinai-matematiniai-galvosukiai-vaikams\/#breadcrumb\",\"itemListElement\":[{\"@type\":\"ListItem\",\"position\":1,\"name\":\"Home\",\"item\":\"https:\/\/matildoslituanistinemokykla.co.uk\/\"},{\"@type\":\"ListItem\",\"position\":2,\"name\":\"Parduotuv\u0117\",\"item\":\"https:\/\/matildoslituanistinemokykla.co.uk\/parduotuve\/\"},{\"@type\":\"ListItem\",\"position\":3,\"name\":\"Knyga ma\u017eiesiems SKAI\u010cIUOJAME MINTINAI. MATEMATINIAI GALVOS\u016aKIAI VAIKAMS\"}]},{\"@type\":\"WebSite\",\"@id\":\"https:\/\/matildoslituanistinemokykla.co.uk\/#website\",\"url\":\"https:\/\/matildoslituanistinemokykla.co.uk\/\",\"name\":\"Matildoslituanistinemokykla\",\"description\":\"\",\"publisher\":{\"@id\":\"https:\/\/matildoslituanistinemokykla.co.uk\/#organization\"},\"potentialAction\":[{\"@type\":\"SearchAction\",\"target\":{\"@type\":\"EntryPoint\",\"urlTemplate\":\"https:\/\/matildoslituanistinemokykla.co.uk\/?s={search_term_string}\"},\"query-input\":{\"@type\":\"PropertyValueSpecification\",\"valueRequired\":true,\"valueName\":\"search_term_string\"}}],\"inLanguage\":\"en-GB\"},{\"@type\":\"Organization\",\"@id\":\"https:\/\/matildoslituanistinemokykla.co.uk\/#organization\",\"name\":\"Matildoslituanistinemokykla\",\"url\":\"https:\/\/matildoslituanistinemokykla.co.uk\/\",\"logo\":{\"@type\":\"ImageObject\",\"inLanguage\":\"en-GB\",\"@id\":\"https:\/\/matildoslituanistinemokykla.co.uk\/#\/schema\/logo\/image\/\",\"url\":\"https:\/\/matildoslituanistinemokykla.co.uk\/wp-content\/uploads\/2023\/08\/Matildos-Lituanistine-mokykla_logo_final.png\",\"contentUrl\":\"https:\/\/matildoslituanistinemokykla.co.uk\/wp-content\/uploads\/2023\/08\/Matildos-Lituanistine-mokykla_logo_final.png\",\"width\":1203,\"height\":947,\"caption\":\"Matildoslituanistinemokykla\"},\"image\":{\"@id\":\"https:\/\/matildoslituanistinemokykla.co.uk\/#\/schema\/logo\/image\/\"}}]}<\/script>\n<!-- \/ Yoast SEO plugin. -->","yoast_head_json":{"title":"Knyga ma\u017eiesiems SKAI\u010cIUOJAME MINTINAI. MATEMATINIAI GALVOS\u016aKIAI VAIKAMS - Matildoslituanistinemokykla","robots":{"index":"index","follow":"follow","max-snippet":"max-snippet:-1","max-image-preview":"max-image-preview:large","max-video-preview":"max-video-preview:-1"},"canonical":"https:\/\/matildoslituanistinemokykla.co.uk\/en\/product\/skaiciuojame-mintinai-matematiniai-galvosukiai-vaikams\/","og_locale":"en_GB","og_type":"article","og_title":"Knyga ma\u017eiesiems SKAI\u010cIUOJAME MINTINAI. MATEMATINIAI GALVOS\u016aKIAI VAIKAMS - Matildoslituanistinemokykla","og_description":"APIE KNYG\u0104   8\u201312 met\u0173 vaikams  \u0160i knyga \u2013 su daugiau nei 100 matematini\u0173 galvos\u016bki\u0173 \u2013 yra pati geriausia treniruot\u0117 tavo nuostabiosioms smegenims.  Joje yra skai\u010di\u0173 piramid\u017ei\u0173, labirint\u0173, atminties \u017eaidim\u0173, daugybos lentel\u0117s u\u017eduo\u010di\u0173 ir matematini\u0173 sek\u0173.  &nbsp;","og_url":"https:\/\/matildoslituanistinemokykla.co.uk\/en\/product\/skaiciuojame-mintinai-matematiniai-galvosukiai-vaikams\/","og_site_name":"Matildoslituanistinemokykla","article_modified_time":"2024-03-17T12:12:52+00:00","og_image":[{"width":391,"height":600,"url":"https:\/\/matildoslituanistinemokykla.co.uk\/wp-content\/uploads\/2024\/03\/SKAICIUOJAME-MINTINAI.-MATEMATINIAI-GALVOSUKIAI-VAIKAMS.webp","type":"image\/webp"}],"twitter_card":"summary_large_image","twitter_misc":{"Estimated reading time":"1 minute"},"schema":{"@context":"https:\/\/schema.org","@graph":[{"@type":"WebPage","@id":"https:\/\/matildoslituanistinemokykla.co.uk\/product\/skaiciuojame-mintinai-matematiniai-galvosukiai-vaikams\/","url":"https:\/\/matildoslituanistinemokykla.co.uk\/product\/skaiciuojame-mintinai-matematiniai-galvosukiai-vaikams\/","name":"Knyga ma\u017eiesiems SKAI\u010cIUOJAME MINTINAI. MATEMATINIAI GALVOS\u016aKIAI VAIKAMS - Matildoslituanistinemokykla","isPartOf":{"@id":"https:\/\/matildoslituanistinemokykla.co.uk\/#website"},"primaryImageOfPage":{"@id":"https:\/\/matildoslituanistinemokykla.co.uk\/product\/skaiciuojame-mintinai-matematiniai-galvosukiai-vaikams\/#primaryimage"},"image":{"@id":"https:\/\/matildoslituanistinemokykla.co.uk\/product\/skaiciuojame-mintinai-matematiniai-galvosukiai-vaikams\/#primaryimage"},"thumbnailUrl":"https:\/\/matildoslituanistinemokykla.co.uk\/wp-content\/uploads\/2024\/03\/SKAICIUOJAME-MINTINAI.-MATEMATINIAI-GALVOSUKIAI-VAIKAMS.webp","datePublished":"2024-03-17T12:06:39+00:00","dateModified":"2024-03-17T12:12:52+00:00","breadcrumb":{"@id":"https:\/\/matildoslituanistinemokykla.co.uk\/product\/skaiciuojame-mintinai-matematiniai-galvosukiai-vaikams\/#breadcrumb"},"inLanguage":"en-GB","potentialAction":[{"@type":"ReadAction","target":["https:\/\/matildoslituanistinemokykla.co.uk\/product\/skaiciuojame-mintinai-matematiniai-galvosukiai-vaikams\/"]}]},{"@type":"ImageObject","inLanguage":"en-GB","@id":"https:\/\/matildoslituanistinemokykla.co.uk\/product\/skaiciuojame-mintinai-matematiniai-galvosukiai-vaikams\/#primaryimage","url":"https:\/\/matildoslituanistinemokykla.co.uk\/wp-content\/uploads\/2024\/03\/SKAICIUOJAME-MINTINAI.-MATEMATINIAI-GALVOSUKIAI-VAIKAMS.webp","contentUrl":"https:\/\/matildoslituanistinemokykla.co.uk\/wp-content\/uploads\/2024\/03\/SKAICIUOJAME-MINTINAI.-MATEMATINIAI-GALVOSUKIAI-VAIKAMS.webp","width":391,"height":600},{"@type":"BreadcrumbList","@id":"https:\/\/matildoslituanistinemokykla.co.uk\/product\/skaiciuojame-mintinai-matematiniai-galvosukiai-vaikams\/#breadcrumb","itemListElement":[{"@type":"ListItem","position":1,"name":"Home","item":"https:\/\/matildoslituanistinemokykla.co.uk\/"},{"@type":"ListItem","position":2,"name":"Parduotuv\u0117","item":"https:\/\/matildoslituanistinemokykla.co.uk\/parduotuve\/"},{"@type":"ListItem","position":3,"name":"Knyga ma\u017eiesiems SKAI\u010cIUOJAME MINTINAI. MATEMATINIAI GALVOS\u016aKIAI VAIKAMS"}]},{"@type":"WebSite","@id":"https:\/\/matildoslituanistinemokykla.co.uk\/#website","url":"https:\/\/matildoslituanistinemokykla.co.uk\/","name":"Matildoslituanistinemokykla","description":"","publisher":{"@id":"https:\/\/matildoslituanistinemokykla.co.uk\/#organization"},"potentialAction":[{"@type":"SearchAction","target":{"@type":"EntryPoint","urlTemplate":"https:\/\/matildoslituanistinemokykla.co.uk\/?s={search_term_string}"},"query-input":{"@type":"PropertyValueSpecification","valueRequired":true,"valueName":"search_term_string"}}],"inLanguage":"en-GB"},{"@type":"Organization","@id":"https:\/\/matildoslituanistinemokykla.co.uk\/#organization","name":"Matildoslituanistinemokykla","url":"https:\/\/matildoslituanistinemokykla.co.uk\/","logo":{"@type":"ImageObject","inLanguage":"en-GB","@id":"https:\/\/matildoslituanistinemokykla.co.uk\/#\/schema\/logo\/image\/","url":"https:\/\/matildoslituanistinemokykla.co.uk\/wp-content\/uploads\/2023\/08\/Matildos-Lituanistine-mokykla_logo_final.png","contentUrl":"https:\/\/matildoslituanistinemokykla.co.uk\/wp-content\/uploads\/2023\/08\/Matildos-Lituanistine-mokykla_logo_final.png","width":1203,"height":947,"caption":"Matildoslituanistinemokykla"},"image":{"@id":"https:\/\/matildoslituanistinemokykla.co.uk\/#\/schema\/logo\/image\/"}}]}},"_links":{"self":[{"href":"https:\/\/matildoslituanistinemokykla.co.uk\/en\/wp-json\/wp\/v2\/product\/989765","targetHints":{"allow":["GET"]}}],"collection":[{"href":"https:\/\/matildoslituanistinemokykla.co.uk\/en\/wp-json\/wp\/v2\/product"}],"about":[{"href":"https:\/\/matildoslituanistinemokykla.co.uk\/en\/wp-json\/wp\/v2\/types\/product"}],"replies":[{"embeddable":true,"href":"https:\/\/matildoslituanistinemokykla.co.uk\/en\/wp-json\/wp\/v2\/comments?post=989765"}],"wp:featuredmedia":[{"embeddable":true,"href":"https:\/\/matildoslituanistinemokykla.co.uk\/en\/wp-json\/wp\/v2\/media\/989766"}],"wp:attachment":[{"href":"https:\/\/matildoslituanistinemokykla.co.uk\/en\/wp-json\/wp\/v2\/media?parent=989765"}],"wp:term":[{"taxonomy":"product_brand","embeddable":true,"href":"https:\/\/matildoslituanistinemokykla.co.uk\/en\/wp-json\/wp\/v2\/product_brand?post=989765"},{"taxonomy":"product_cat","embeddable":true,"href":"https:\/\/matildoslituanistinemokykla.co.uk\/en\/wp-json\/wp\/v2\/product_cat?post=989765"},{"taxonomy":"product_tag","embeddable":true,"href":"https:\/\/matildoslituanistinemokykla.co.uk\/en\/wp-json\/wp\/v2\/product_tag?post=989765"}],"curies":[{"name":"wp","href":"https:\/\/api.w.org\/{rel}","templated":true}]}}