{"id":989975,"date":"2024-03-27T21:15:06","date_gmt":"2024-03-27T21:15:06","guid":{"rendered":"https:\/\/matildoslituanistinemokykla.co.uk\/?post_type=product&#038;p=989975"},"modified":"2024-03-28T09:05:22","modified_gmt":"2024-03-28T09:05:22","slug":"vonios-druskos","status":"publish","type":"product","link":"https:\/\/matildoslituanistinemokykla.co.uk\/en\/product\/vonios-druskos\/","title":{"rendered":"VONIOS DRUSKOS"},"content":{"rendered":"<div class=\"vgblk-rw-wrapper limit-wrapper\">Use: in warm water in a bath or tub<br \/>\nadd two tablespoons of salt and wait for it to dissolve,<br \/>\nto bring out the best qualities of essential oils.<br \/>\nEnjoy a bath or soak in the tub for 15 minutes. After<br \/>\nclose the packaging tightly after use.<\/p>\n<p>Precautions:Keep out of the reach of children. Avoid<br \/>\ncontact with the eyes. In case of contact with the eye, immediately well<br \/>\nrinse with water.<\/p>\n<p>Ingredients: Sodium Chloride (Himalayan Rock Salt),<br \/>\nMentha Piperita (Peppermint) Oil, Rosmarinus<br \/>\nOfficinalis Leaf Oil, Eugenol.<\/p><\/div>\n<p><!-- .vgblk-rw-wrapper --><\/p>","protected":false},"excerpt":{"rendered":"<p style=\"font-weight: 400;\"><strong>Bath salt \"Regain your strength\"\u00a0<\/strong><\/p>\n<p style=\"font-weight: 400;\">Bath salt with peppermint and rosemary essential oils<br \/>\nQuantity: 300gr.<\/p>\n<p style=\"font-weight: 400;\">Himalayan salt is very rich in minerals, so bath salts<br \/>\ncan soothe and repair damaged skin and stimulate cell<br \/>\nregeneration. Essential oils will help create the best<br \/>\naromatherapy bathing experience. Peppermint and rosemary<br \/>\nThe essential oil blend helps you recover from physical and mental<br \/>\nexhaustion. The blend of these essential oils synergises perfectly together and<br \/>\ncreates a wonderful positive product that stimulates and gives<br \/>\nclarity for the mind and strength for the body.<\/p>","protected":false},"featured_media":989978,"comment_status":"open","ping_status":"closed","template":"","meta":[],"product_brand":[],"product_cat":[73,70],"product_tag":[],"class_list":{"0":"post-989975","1":"product","2":"type-product","3":"status-publish","4":"has-post-thumbnail","6":"product_cat-kvapai","7":"product_cat-visos-prekes","9":"first","10":"instock","11":"shipping-taxable","12":"purchasable","13":"product-type-variable"},"yoast_head":"<!-- This site is optimized with the Yoast SEO plugin v25.8 - https:\/\/yoast.com\/wordpress\/plugins\/seo\/ -->\n<title>VONIOS DRUSKOS - Matildoslituanistinemokykla<\/title>\n<meta name=\"robots\" content=\"index, follow, max-snippet:-1, max-image-preview:large, max-video-preview:-1\" \/>\n<link rel=\"canonical\" href=\"https:\/\/matildoslituanistinemokykla.co.uk\/en\/product\/vonios-druskos\/\" \/>\n<meta property=\"og:locale\" content=\"en_GB\" \/>\n<meta property=\"og:type\" content=\"article\" \/>\n<meta property=\"og:title\" content=\"VONIOS DRUSKOS - Matildoslituanistinemokykla\" \/>\n<meta property=\"og:description\" content=\"Vonios druska &quot;Atgauk j\u0117gas&quot;\u00a0 Vonios druska su pipirm\u0117\u010di\u0173 ir rozmarin\u0173 eteriniais aliejais Kiekis: 300gr. Himalaj\u0173 druskoje yra labai daug mineral\u0173, tad vonios druskos gali nuraminti ir atstatyti pa\u017eeist\u0105 od\u0105 bei skatinti l\u0105steli\u0173 atsinaujinim\u0105. Eteriniai aliejai pad\u0117s sukurti geriausi\u0105 aromaterapini\u0173 maudyni\u0173 patirt\u012f. Pipirm\u0117t\u0117s ir rozmarino eterini\u0173 aliej\u0173 mi\u0161inys padeda atgauti j\u0117gas po fizinio ir protinio i\u0161sekimo. \u0160i\u0173 eterini\u0173 aliej\u0173 mi\u0161inys puikiai sinergizuojasi kartu ir sukuria nuostab\u0173 teigiam\u0105 produkt\u0105, kuris stimuliuoja ir suteikia ai\u0161kumo protui, bei j\u0117g\u0173 k\u016bnui.\" \/>\n<meta property=\"og:url\" content=\"https:\/\/matildoslituanistinemokykla.co.uk\/en\/product\/vonios-druskos\/\" \/>\n<meta property=\"og:site_name\" content=\"Matildoslituanistinemokykla\" \/>\n<meta property=\"article:modified_time\" content=\"2024-03-28T09:05:22+00:00\" \/>\n<meta property=\"og:image\" content=\"https:\/\/matildoslituanistinemokykla.co.uk\/wp-content\/uploads\/2024\/03\/Vonios-druska-nuotrauka-_1_1_1709fb8f-6408-4951-bc0a-12a8858223a6.webp\" \/>\n\t<meta property=\"og:image:width\" content=\"600\" \/>\n\t<meta property=\"og:image:height\" content=\"600\" \/>\n\t<meta property=\"og:image:type\" content=\"image\/webp\" \/>\n<meta name=\"twitter:card\" content=\"summary_large_image\" \/>\n<meta name=\"twitter:label1\" content=\"Estimated reading time\" \/>\n\t<meta name=\"twitter:data1\" content=\"1 minute\" \/>\n<script type=\"application\/ld+json\" class=\"yoast-schema-graph\">{\"@context\":\"https:\/\/schema.org\",\"@graph\":[{\"@type\":\"WebPage\",\"@id\":\"https:\/\/matildoslituanistinemokykla.co.uk\/product\/vonios-druskos\/\",\"url\":\"https:\/\/matildoslituanistinemokykla.co.uk\/product\/vonios-druskos\/\",\"name\":\"VONIOS DRUSKOS - Matildoslituanistinemokykla\",\"isPartOf\":{\"@id\":\"https:\/\/matildoslituanistinemokykla.co.uk\/#website\"},\"primaryImageOfPage\":{\"@id\":\"https:\/\/matildoslituanistinemokykla.co.uk\/product\/vonios-druskos\/#primaryimage\"},\"image\":{\"@id\":\"https:\/\/matildoslituanistinemokykla.co.uk\/product\/vonios-druskos\/#primaryimage\"},\"thumbnailUrl\":\"https:\/\/matildoslituanistinemokykla.co.uk\/wp-content\/uploads\/2024\/03\/Vonios-druska-nuotrauka-_1_1_1709fb8f-6408-4951-bc0a-12a8858223a6.webp\",\"datePublished\":\"2024-03-27T21:15:06+00:00\",\"dateModified\":\"2024-03-28T09:05:22+00:00\",\"breadcrumb\":{\"@id\":\"https:\/\/matildoslituanistinemokykla.co.uk\/product\/vonios-druskos\/#breadcrumb\"},\"inLanguage\":\"en-GB\",\"potentialAction\":[{\"@type\":\"ReadAction\",\"target\":[\"https:\/\/matildoslituanistinemokykla.co.uk\/product\/vonios-druskos\/\"]}]},{\"@type\":\"ImageObject\",\"inLanguage\":\"en-GB\",\"@id\":\"https:\/\/matildoslituanistinemokykla.co.uk\/product\/vonios-druskos\/#primaryimage\",\"url\":\"https:\/\/matildoslituanistinemokykla.co.uk\/wp-content\/uploads\/2024\/03\/Vonios-druska-nuotrauka-_1_1_1709fb8f-6408-4951-bc0a-12a8858223a6.webp\",\"contentUrl\":\"https:\/\/matildoslituanistinemokykla.co.uk\/wp-content\/uploads\/2024\/03\/Vonios-druska-nuotrauka-_1_1_1709fb8f-6408-4951-bc0a-12a8858223a6.webp\",\"width\":600,\"height\":600},{\"@type\":\"BreadcrumbList\",\"@id\":\"https:\/\/matildoslituanistinemokykla.co.uk\/product\/vonios-druskos\/#breadcrumb\",\"itemListElement\":[{\"@type\":\"ListItem\",\"position\":1,\"name\":\"Home\",\"item\":\"https:\/\/matildoslituanistinemokykla.co.uk\/\"},{\"@type\":\"ListItem\",\"position\":2,\"name\":\"Parduotuv\u0117\",\"item\":\"https:\/\/matildoslituanistinemokykla.co.uk\/parduotuve\/\"},{\"@type\":\"ListItem\",\"position\":3,\"name\":\"VONIOS DRUSKOS\"}]},{\"@type\":\"WebSite\",\"@id\":\"https:\/\/matildoslituanistinemokykla.co.uk\/#website\",\"url\":\"https:\/\/matildoslituanistinemokykla.co.uk\/\",\"name\":\"Matildoslituanistinemokykla\",\"description\":\"\",\"publisher\":{\"@id\":\"https:\/\/matildoslituanistinemokykla.co.uk\/#organization\"},\"potentialAction\":[{\"@type\":\"SearchAction\",\"target\":{\"@type\":\"EntryPoint\",\"urlTemplate\":\"https:\/\/matildoslituanistinemokykla.co.uk\/?s={search_term_string}\"},\"query-input\":{\"@type\":\"PropertyValueSpecification\",\"valueRequired\":true,\"valueName\":\"search_term_string\"}}],\"inLanguage\":\"en-GB\"},{\"@type\":\"Organization\",\"@id\":\"https:\/\/matildoslituanistinemokykla.co.uk\/#organization\",\"name\":\"Matildoslituanistinemokykla\",\"url\":\"https:\/\/matildoslituanistinemokykla.co.uk\/\",\"logo\":{\"@type\":\"ImageObject\",\"inLanguage\":\"en-GB\",\"@id\":\"https:\/\/matildoslituanistinemokykla.co.uk\/#\/schema\/logo\/image\/\",\"url\":\"https:\/\/matildoslituanistinemokykla.co.uk\/wp-content\/uploads\/2023\/08\/Matildos-Lituanistine-mokykla_logo_final.png\",\"contentUrl\":\"https:\/\/matildoslituanistinemokykla.co.uk\/wp-content\/uploads\/2023\/08\/Matildos-Lituanistine-mokykla_logo_final.png\",\"width\":1203,\"height\":947,\"caption\":\"Matildoslituanistinemokykla\"},\"image\":{\"@id\":\"https:\/\/matildoslituanistinemokykla.co.uk\/#\/schema\/logo\/image\/\"}}]}<\/script>\n<!-- \/ Yoast SEO plugin. -->","yoast_head_json":{"title":"VONIOS DRUSKOS - Matildoslituanistinemokykla","robots":{"index":"index","follow":"follow","max-snippet":"max-snippet:-1","max-image-preview":"max-image-preview:large","max-video-preview":"max-video-preview:-1"},"canonical":"https:\/\/matildoslituanistinemokykla.co.uk\/en\/product\/vonios-druskos\/","og_locale":"en_GB","og_type":"article","og_title":"VONIOS DRUSKOS - Matildoslituanistinemokykla","og_description":"Vonios druska \"Atgauk j\u0117gas\"\u00a0 Vonios druska su pipirm\u0117\u010di\u0173 ir rozmarin\u0173 eteriniais aliejais Kiekis: 300gr. Himalaj\u0173 druskoje yra labai daug mineral\u0173, tad vonios druskos gali nuraminti ir atstatyti pa\u017eeist\u0105 od\u0105 bei skatinti l\u0105steli\u0173 atsinaujinim\u0105. Eteriniai aliejai pad\u0117s sukurti geriausi\u0105 aromaterapini\u0173 maudyni\u0173 patirt\u012f. Pipirm\u0117t\u0117s ir rozmarino eterini\u0173 aliej\u0173 mi\u0161inys padeda atgauti j\u0117gas po fizinio ir protinio i\u0161sekimo. \u0160i\u0173 eterini\u0173 aliej\u0173 mi\u0161inys puikiai sinergizuojasi kartu ir sukuria nuostab\u0173 teigiam\u0105 produkt\u0105, kuris stimuliuoja ir suteikia ai\u0161kumo protui, bei j\u0117g\u0173 k\u016bnui.","og_url":"https:\/\/matildoslituanistinemokykla.co.uk\/en\/product\/vonios-druskos\/","og_site_name":"Matildoslituanistinemokykla","article_modified_time":"2024-03-28T09:05:22+00:00","og_image":[{"width":600,"height":600,"url":"https:\/\/matildoslituanistinemokykla.co.uk\/wp-content\/uploads\/2024\/03\/Vonios-druska-nuotrauka-_1_1_1709fb8f-6408-4951-bc0a-12a8858223a6.webp","type":"image\/webp"}],"twitter_card":"summary_large_image","twitter_misc":{"Estimated reading time":"1 minute"},"schema":{"@context":"https:\/\/schema.org","@graph":[{"@type":"WebPage","@id":"https:\/\/matildoslituanistinemokykla.co.uk\/product\/vonios-druskos\/","url":"https:\/\/matildoslituanistinemokykla.co.uk\/product\/vonios-druskos\/","name":"VONIOS DRUSKOS - Matildoslituanistinemokykla","isPartOf":{"@id":"https:\/\/matildoslituanistinemokykla.co.uk\/#website"},"primaryImageOfPage":{"@id":"https:\/\/matildoslituanistinemokykla.co.uk\/product\/vonios-druskos\/#primaryimage"},"image":{"@id":"https:\/\/matildoslituanistinemokykla.co.uk\/product\/vonios-druskos\/#primaryimage"},"thumbnailUrl":"https:\/\/matildoslituanistinemokykla.co.uk\/wp-content\/uploads\/2024\/03\/Vonios-druska-nuotrauka-_1_1_1709fb8f-6408-4951-bc0a-12a8858223a6.webp","datePublished":"2024-03-27T21:15:06+00:00","dateModified":"2024-03-28T09:05:22+00:00","breadcrumb":{"@id":"https:\/\/matildoslituanistinemokykla.co.uk\/product\/vonios-druskos\/#breadcrumb"},"inLanguage":"en-GB","potentialAction":[{"@type":"ReadAction","target":["https:\/\/matildoslituanistinemokykla.co.uk\/product\/vonios-druskos\/"]}]},{"@type":"ImageObject","inLanguage":"en-GB","@id":"https:\/\/matildoslituanistinemokykla.co.uk\/product\/vonios-druskos\/#primaryimage","url":"https:\/\/matildoslituanistinemokykla.co.uk\/wp-content\/uploads\/2024\/03\/Vonios-druska-nuotrauka-_1_1_1709fb8f-6408-4951-bc0a-12a8858223a6.webp","contentUrl":"https:\/\/matildoslituanistinemokykla.co.uk\/wp-content\/uploads\/2024\/03\/Vonios-druska-nuotrauka-_1_1_1709fb8f-6408-4951-bc0a-12a8858223a6.webp","width":600,"height":600},{"@type":"BreadcrumbList","@id":"https:\/\/matildoslituanistinemokykla.co.uk\/product\/vonios-druskos\/#breadcrumb","itemListElement":[{"@type":"ListItem","position":1,"name":"Home","item":"https:\/\/matildoslituanistinemokykla.co.uk\/"},{"@type":"ListItem","position":2,"name":"Parduotuv\u0117","item":"https:\/\/matildoslituanistinemokykla.co.uk\/parduotuve\/"},{"@type":"ListItem","position":3,"name":"VONIOS DRUSKOS"}]},{"@type":"WebSite","@id":"https:\/\/matildoslituanistinemokykla.co.uk\/#website","url":"https:\/\/matildoslituanistinemokykla.co.uk\/","name":"Matildoslituanistinemokykla","description":"","publisher":{"@id":"https:\/\/matildoslituanistinemokykla.co.uk\/#organization"},"potentialAction":[{"@type":"SearchAction","target":{"@type":"EntryPoint","urlTemplate":"https:\/\/matildoslituanistinemokykla.co.uk\/?s={search_term_string}"},"query-input":{"@type":"PropertyValueSpecification","valueRequired":true,"valueName":"search_term_string"}}],"inLanguage":"en-GB"},{"@type":"Organization","@id":"https:\/\/matildoslituanistinemokykla.co.uk\/#organization","name":"Matildoslituanistinemokykla","url":"https:\/\/matildoslituanistinemokykla.co.uk\/","logo":{"@type":"ImageObject","inLanguage":"en-GB","@id":"https:\/\/matildoslituanistinemokykla.co.uk\/#\/schema\/logo\/image\/","url":"https:\/\/matildoslituanistinemokykla.co.uk\/wp-content\/uploads\/2023\/08\/Matildos-Lituanistine-mokykla_logo_final.png","contentUrl":"https:\/\/matildoslituanistinemokykla.co.uk\/wp-content\/uploads\/2023\/08\/Matildos-Lituanistine-mokykla_logo_final.png","width":1203,"height":947,"caption":"Matildoslituanistinemokykla"},"image":{"@id":"https:\/\/matildoslituanistinemokykla.co.uk\/#\/schema\/logo\/image\/"}}]}},"_links":{"self":[{"href":"https:\/\/matildoslituanistinemokykla.co.uk\/en\/wp-json\/wp\/v2\/product\/989975","targetHints":{"allow":["GET"]}}],"collection":[{"href":"https:\/\/matildoslituanistinemokykla.co.uk\/en\/wp-json\/wp\/v2\/product"}],"about":[{"href":"https:\/\/matildoslituanistinemokykla.co.uk\/en\/wp-json\/wp\/v2\/types\/product"}],"replies":[{"embeddable":true,"href":"https:\/\/matildoslituanistinemokykla.co.uk\/en\/wp-json\/wp\/v2\/comments?post=989975"}],"wp:featuredmedia":[{"embeddable":true,"href":"https:\/\/matildoslituanistinemokykla.co.uk\/en\/wp-json\/wp\/v2\/media\/989978"}],"wp:attachment":[{"href":"https:\/\/matildoslituanistinemokykla.co.uk\/en\/wp-json\/wp\/v2\/media?parent=989975"}],"wp:term":[{"taxonomy":"product_brand","embeddable":true,"href":"https:\/\/matildoslituanistinemokykla.co.uk\/en\/wp-json\/wp\/v2\/product_brand?post=989975"},{"taxonomy":"product_cat","embeddable":true,"href":"https:\/\/matildoslituanistinemokykla.co.uk\/en\/wp-json\/wp\/v2\/product_cat?post=989975"},{"taxonomy":"product_tag","embeddable":true,"href":"https:\/\/matildoslituanistinemokykla.co.uk\/en\/wp-json\/wp\/v2\/product_tag?post=989975"}],"curies":[{"name":"wp","href":"https:\/\/api.w.org\/{rel}","templated":true}]}}