{"id":990762,"date":"2025-04-15T22:36:59","date_gmt":"2025-04-15T22:36:59","guid":{"rendered":"https:\/\/matildoslituanistinemokykla.co.uk\/?post_type=product&#038;p=990762"},"modified":"2025-04-15T22:36:59","modified_gmt":"2025-04-15T22:36:59","slug":"kake-make-vanilla-scented-bedtime-bubble-bath-250-ml","status":"publish","type":"product","link":"https:\/\/matildoslituanistinemokykla.co.uk\/en\/product\/kake-make-vanilla-scented-bedtime-bubble-bath-250-ml\/","title":{"rendered":"KAKE MAKE Vanilla-Scented Bedtime Bubble Bath, 250 ml"},"content":{"rendered":"<div class=\"vgblk-rw-wrapper limit-wrapper\"><strong>KAKE MAKE Vanilla-Scented Bedtime Bubble Bath, 250 ml<\/strong><\/p>\n<p>Take a warm bath with soap bubbles - one, read a bedtime story - two, dream about your favourite monsters - three! Every Kak\u0117 Mak\u0117 evening is an unforgettable adventure. Dive into a bubble-filled bath and continue the day's fun. To make as many bubbles as possible, pour the bubble bath directly under a stream of warm water and mix well. Can you guess what your bubbles smell like this time? Ice cream, cupcakes, or milkshakes - that's the wonderful scent of vanilla, gently calming you after a fun day and wishing little ones a good night.<\/p>\n<p>The vanilla-scented bubble bath is enriched with aloe vera gel and vitamin B5, caring for your child's delicate skin during bath-time play.<\/p>\n<p><strong>Suitable for children aged 3 and up.<\/strong><\/p>\n<p><strong>New packaging - less plastic.<\/strong><\/p>\n<p>Pour a small amount of bubble bath under a stream of warm running water. After bathing, rinse the body with water.<\/p><\/div>\n<p><!-- .vgblk-rw-wrapper --><\/p>","protected":false},"excerpt":{"rendered":"<p><strong>KAKE MAKE Vanilla-Scented Bedtime Bubble Bath, 250 ml<\/strong><\/p>\n<p>Take a warm bath with soap bubbles - one, read a bedtime story - two, dream about your favourite monsters - three! Every Kak\u0117 Mak\u0117 evening is an unforgettable adventure. Dive into a bubble-filled bath and continue the day's fun. To make as many bubbles as possible, pour the bubble bath directly under a stream of warm water and mix well. Can you guess what your bubbles smell like this time? Ice cream, cupcakes, or milkshakes - that's the wonderful scent of vanilla, gently calming you after a fun day and wishing little ones a good night.<\/p>\n<p>The vanilla-scented bubble bath is enriched with aloe vera gel and vitamin B5, caring for your child's delicate skin during bath-time play.<\/p>\n<p><strong>Suitable for children aged 3 and up.<\/strong><\/p>\n<p><strong>New packaging - less plastic.<\/strong><\/p>","protected":false},"featured_media":990763,"comment_status":"closed","ping_status":"closed","template":"","meta":[],"product_brand":[],"product_cat":[67],"product_tag":[],"class_list":{"0":"post-990762","1":"product","2":"type-product","3":"status-publish","4":"has-post-thumbnail","6":"product_cat-kakes-makes-produkcija","8":"first","9":"instock","10":"shipping-taxable","11":"purchasable","12":"product-type-simple"},"yoast_head":"<!-- This site is optimized with the Yoast SEO plugin v25.8 - https:\/\/yoast.com\/wordpress\/plugins\/seo\/ -->\n<title>KAK\u0116 MAK\u0116 Vanilla-Scented Bedtime Bubble Bath<\/title>\n<meta name=\"description\" content=\"KAK\u0116 MAK\u0116 Vanilla-Scented Bedtime Bubble Bath, 250 ml Take a warm bath with soap bubbles \u2013 one, read a bedtime story \u2013 two, dream about your favorite monsters \u2013 three! Every Kak\u0117 Mak\u0117 evening is an unforgettable adventure. Dive into a bubble-filled bath and continue the day&#039;s fun. To make as many bubbles as possible, pour the bubble bath directly under a stream of warm water and mix well. Can you guess what your bubbles smell like this time? Ice cream, cupcakes, or milkshakes \u2013 that&#039;s the wonderful scent of vanilla, gently calming you after a fun day and wishing little ones a good night.The vanilla-scented bubble bath is enriched with aloe vera gel and vitamin B5, caring for your child&#039;s delicate skin during bath-time play.Suitable for children aged 3 and up.New packaging \u2013 less plastic.\" \/>\n<meta name=\"robots\" content=\"index, follow, max-snippet:-1, max-image-preview:large, max-video-preview:-1\" \/>\n<link rel=\"canonical\" href=\"https:\/\/matildoslituanistinemokykla.co.uk\/en\/product\/kake-make-vanilla-scented-bedtime-bubble-bath-250-ml\/\" \/>\n<meta property=\"og:locale\" content=\"en_GB\" \/>\n<meta property=\"og:type\" content=\"article\" \/>\n<meta property=\"og:title\" content=\"KAK\u0116 MAK\u0116 Vanilla-Scented Bedtime Bubble Bath\" \/>\n<meta property=\"og:description\" content=\"KAK\u0116 MAK\u0116 Vanilla-Scented Bedtime Bubble Bath, 250 ml Take a warm bath with soap bubbles \u2013 one, read a bedtime story \u2013 two, dream about your favorite monsters \u2013 three! Every Kak\u0117 Mak\u0117 evening is an unforgettable adventure. Dive into a bubble-filled bath and continue the day&#039;s fun. To make as many bubbles as possible, pour the bubble bath directly under a stream of warm water and mix well. Can you guess what your bubbles smell like this time? Ice cream, cupcakes, or milkshakes \u2013 that&#039;s the wonderful scent of vanilla, gently calming you after a fun day and wishing little ones a good night.The vanilla-scented bubble bath is enriched with aloe vera gel and vitamin B5, caring for your child&#039;s delicate skin during bath-time play.Suitable for children aged 3 and up.New packaging \u2013 less plastic.\" \/>\n<meta property=\"og:url\" content=\"https:\/\/matildoslituanistinemokykla.co.uk\/en\/product\/kake-make-vanilla-scented-bedtime-bubble-bath-250-ml\/\" \/>\n<meta property=\"og:site_name\" content=\"Matildoslituanistinemokykla\" \/>\n<meta property=\"og:image\" content=\"https:\/\/matildoslituanistinemokykla.co.uk\/wp-content\/uploads\/2025\/04\/Screenshot-2025-01-27-at-11.02.15.png\" \/>\n\t<meta property=\"og:image:width\" content=\"1172\" \/>\n\t<meta property=\"og:image:height\" content=\"1216\" \/>\n\t<meta property=\"og:image:type\" content=\"image\/png\" \/>\n<meta name=\"twitter:card\" content=\"summary_large_image\" \/>\n<meta name=\"twitter:label1\" content=\"Estimated reading time\" \/>\n\t<meta name=\"twitter:data1\" content=\"2 minutes\" \/>\n<script type=\"application\/ld+json\" class=\"yoast-schema-graph\">{\"@context\":\"https:\/\/schema.org\",\"@graph\":[{\"@type\":\"WebPage\",\"@id\":\"https:\/\/matildoslituanistinemokykla.co.uk\/product\/kake-make-vanilla-scented-bedtime-bubble-bath-250-ml\/\",\"url\":\"https:\/\/matildoslituanistinemokykla.co.uk\/product\/kake-make-vanilla-scented-bedtime-bubble-bath-250-ml\/\",\"name\":\"KAK\u0116 MAK\u0116 Vanilla-Scented Bedtime Bubble Bath\",\"isPartOf\":{\"@id\":\"https:\/\/matildoslituanistinemokykla.co.uk\/#website\"},\"primaryImageOfPage\":{\"@id\":\"https:\/\/matildoslituanistinemokykla.co.uk\/product\/kake-make-vanilla-scented-bedtime-bubble-bath-250-ml\/#primaryimage\"},\"image\":{\"@id\":\"https:\/\/matildoslituanistinemokykla.co.uk\/product\/kake-make-vanilla-scented-bedtime-bubble-bath-250-ml\/#primaryimage\"},\"thumbnailUrl\":\"https:\/\/matildoslituanistinemokykla.co.uk\/wp-content\/uploads\/2025\/04\/Screenshot-2025-01-27-at-11.02.15.png\",\"datePublished\":\"2025-04-15T22:36:59+00:00\",\"description\":\"KAK\u0116 MAK\u0116 Vanilla-Scented Bedtime Bubble Bath, 250 ml Take a warm bath with soap bubbles \u2013 one, read a bedtime story \u2013 two, dream about your favorite monsters \u2013 three! Every Kak\u0117 Mak\u0117 evening is an unforgettable adventure. Dive into a bubble-filled bath and continue the day's fun. To make as many bubbles as possible, pour the bubble bath directly under a stream of warm water and mix well. Can you guess what your bubbles smell like this time? Ice cream, cupcakes, or milkshakes \u2013 that's the wonderful scent of vanilla, gently calming you after a fun day and wishing little ones a good night.The vanilla-scented bubble bath is enriched with aloe vera gel and vitamin B5, caring for your child's delicate skin during bath-time play.Suitable for children aged 3 and up.New packaging \u2013 less plastic.\",\"breadcrumb\":{\"@id\":\"https:\/\/matildoslituanistinemokykla.co.uk\/product\/kake-make-vanilla-scented-bedtime-bubble-bath-250-ml\/#breadcrumb\"},\"inLanguage\":\"en-GB\",\"potentialAction\":[{\"@type\":\"ReadAction\",\"target\":[\"https:\/\/matildoslituanistinemokykla.co.uk\/product\/kake-make-vanilla-scented-bedtime-bubble-bath-250-ml\/\"]}]},{\"@type\":\"ImageObject\",\"inLanguage\":\"en-GB\",\"@id\":\"https:\/\/matildoslituanistinemokykla.co.uk\/product\/kake-make-vanilla-scented-bedtime-bubble-bath-250-ml\/#primaryimage\",\"url\":\"https:\/\/matildoslituanistinemokykla.co.uk\/wp-content\/uploads\/2025\/04\/Screenshot-2025-01-27-at-11.02.15.png\",\"contentUrl\":\"https:\/\/matildoslituanistinemokykla.co.uk\/wp-content\/uploads\/2025\/04\/Screenshot-2025-01-27-at-11.02.15.png\",\"width\":1172,\"height\":1216,\"caption\":\"KAK\u0116 MAK\u0116 Vanilla-Scented Bedtime Bubble Bath, 250 ml\"},{\"@type\":\"BreadcrumbList\",\"@id\":\"https:\/\/matildoslituanistinemokykla.co.uk\/product\/kake-make-vanilla-scented-bedtime-bubble-bath-250-ml\/#breadcrumb\",\"itemListElement\":[{\"@type\":\"ListItem\",\"position\":1,\"name\":\"Home\",\"item\":\"https:\/\/matildoslituanistinemokykla.co.uk\/\"},{\"@type\":\"ListItem\",\"position\":2,\"name\":\"Parduotuv\u0117\",\"item\":\"https:\/\/matildoslituanistinemokykla.co.uk\/parduotuve\/\"},{\"@type\":\"ListItem\",\"position\":3,\"name\":\"KAK\u0116 MAK\u0116 Vanilla-Scented Bedtime Bubble Bath, 250 ml\"}]},{\"@type\":\"WebSite\",\"@id\":\"https:\/\/matildoslituanistinemokykla.co.uk\/#website\",\"url\":\"https:\/\/matildoslituanistinemokykla.co.uk\/\",\"name\":\"Matildoslituanistinemokykla\",\"description\":\"\",\"publisher\":{\"@id\":\"https:\/\/matildoslituanistinemokykla.co.uk\/#organization\"},\"potentialAction\":[{\"@type\":\"SearchAction\",\"target\":{\"@type\":\"EntryPoint\",\"urlTemplate\":\"https:\/\/matildoslituanistinemokykla.co.uk\/?s={search_term_string}\"},\"query-input\":{\"@type\":\"PropertyValueSpecification\",\"valueRequired\":true,\"valueName\":\"search_term_string\"}}],\"inLanguage\":\"en-GB\"},{\"@type\":\"Organization\",\"@id\":\"https:\/\/matildoslituanistinemokykla.co.uk\/#organization\",\"name\":\"Matildoslituanistinemokykla\",\"url\":\"https:\/\/matildoslituanistinemokykla.co.uk\/\",\"logo\":{\"@type\":\"ImageObject\",\"inLanguage\":\"en-GB\",\"@id\":\"https:\/\/matildoslituanistinemokykla.co.uk\/#\/schema\/logo\/image\/\",\"url\":\"https:\/\/matildoslituanistinemokykla.co.uk\/wp-content\/uploads\/2023\/08\/Matildos-Lituanistine-mokykla_logo_final.png\",\"contentUrl\":\"https:\/\/matildoslituanistinemokykla.co.uk\/wp-content\/uploads\/2023\/08\/Matildos-Lituanistine-mokykla_logo_final.png\",\"width\":1203,\"height\":947,\"caption\":\"Matildoslituanistinemokykla\"},\"image\":{\"@id\":\"https:\/\/matildoslituanistinemokykla.co.uk\/#\/schema\/logo\/image\/\"}}]}<\/script>\n<!-- \/ Yoast SEO plugin. -->","yoast_head_json":{"title":"KAK\u0116 MAK\u0116 Vanilla-Scented Bedtime Bubble Bath","description":"KAK\u0116 MAK\u0116 Vanilla-Scented Bedtime Bubble Bath, 250 ml Take a warm bath with soap bubbles \u2013 one, read a bedtime story \u2013 two, dream about your favorite monsters \u2013 three! Every Kak\u0117 Mak\u0117 evening is an unforgettable adventure. Dive into a bubble-filled bath and continue the day's fun. To make as many bubbles as possible, pour the bubble bath directly under a stream of warm water and mix well. Can you guess what your bubbles smell like this time? Ice cream, cupcakes, or milkshakes \u2013 that's the wonderful scent of vanilla, gently calming you after a fun day and wishing little ones a good night.The vanilla-scented bubble bath is enriched with aloe vera gel and vitamin B5, caring for your child's delicate skin during bath-time play.Suitable for children aged 3 and up.New packaging \u2013 less plastic.","robots":{"index":"index","follow":"follow","max-snippet":"max-snippet:-1","max-image-preview":"max-image-preview:large","max-video-preview":"max-video-preview:-1"},"canonical":"https:\/\/matildoslituanistinemokykla.co.uk\/en\/product\/kake-make-vanilla-scented-bedtime-bubble-bath-250-ml\/","og_locale":"en_GB","og_type":"article","og_title":"KAK\u0116 MAK\u0116 Vanilla-Scented Bedtime Bubble Bath","og_description":"KAK\u0116 MAK\u0116 Vanilla-Scented Bedtime Bubble Bath, 250 ml Take a warm bath with soap bubbles \u2013 one, read a bedtime story \u2013 two, dream about your favorite monsters \u2013 three! Every Kak\u0117 Mak\u0117 evening is an unforgettable adventure. Dive into a bubble-filled bath and continue the day's fun. To make as many bubbles as possible, pour the bubble bath directly under a stream of warm water and mix well. Can you guess what your bubbles smell like this time? Ice cream, cupcakes, or milkshakes \u2013 that's the wonderful scent of vanilla, gently calming you after a fun day and wishing little ones a good night.The vanilla-scented bubble bath is enriched with aloe vera gel and vitamin B5, caring for your child's delicate skin during bath-time play.Suitable for children aged 3 and up.New packaging \u2013 less plastic.","og_url":"https:\/\/matildoslituanistinemokykla.co.uk\/en\/product\/kake-make-vanilla-scented-bedtime-bubble-bath-250-ml\/","og_site_name":"Matildoslituanistinemokykla","og_image":[{"width":1172,"height":1216,"url":"https:\/\/matildoslituanistinemokykla.co.uk\/wp-content\/uploads\/2025\/04\/Screenshot-2025-01-27-at-11.02.15.png","type":"image\/png"}],"twitter_card":"summary_large_image","twitter_misc":{"Estimated reading time":"2 minutes"},"schema":{"@context":"https:\/\/schema.org","@graph":[{"@type":"WebPage","@id":"https:\/\/matildoslituanistinemokykla.co.uk\/product\/kake-make-vanilla-scented-bedtime-bubble-bath-250-ml\/","url":"https:\/\/matildoslituanistinemokykla.co.uk\/product\/kake-make-vanilla-scented-bedtime-bubble-bath-250-ml\/","name":"KAK\u0116 MAK\u0116 Vanilla-Scented Bedtime Bubble Bath","isPartOf":{"@id":"https:\/\/matildoslituanistinemokykla.co.uk\/#website"},"primaryImageOfPage":{"@id":"https:\/\/matildoslituanistinemokykla.co.uk\/product\/kake-make-vanilla-scented-bedtime-bubble-bath-250-ml\/#primaryimage"},"image":{"@id":"https:\/\/matildoslituanistinemokykla.co.uk\/product\/kake-make-vanilla-scented-bedtime-bubble-bath-250-ml\/#primaryimage"},"thumbnailUrl":"https:\/\/matildoslituanistinemokykla.co.uk\/wp-content\/uploads\/2025\/04\/Screenshot-2025-01-27-at-11.02.15.png","datePublished":"2025-04-15T22:36:59+00:00","description":"KAK\u0116 MAK\u0116 Vanilla-Scented Bedtime Bubble Bath, 250 ml Take a warm bath with soap bubbles \u2013 one, read a bedtime story \u2013 two, dream about your favorite monsters \u2013 three! Every Kak\u0117 Mak\u0117 evening is an unforgettable adventure. Dive into a bubble-filled bath and continue the day's fun. To make as many bubbles as possible, pour the bubble bath directly under a stream of warm water and mix well. Can you guess what your bubbles smell like this time? Ice cream, cupcakes, or milkshakes \u2013 that's the wonderful scent of vanilla, gently calming you after a fun day and wishing little ones a good night.The vanilla-scented bubble bath is enriched with aloe vera gel and vitamin B5, caring for your child's delicate skin during bath-time play.Suitable for children aged 3 and up.New packaging \u2013 less plastic.","breadcrumb":{"@id":"https:\/\/matildoslituanistinemokykla.co.uk\/product\/kake-make-vanilla-scented-bedtime-bubble-bath-250-ml\/#breadcrumb"},"inLanguage":"en-GB","potentialAction":[{"@type":"ReadAction","target":["https:\/\/matildoslituanistinemokykla.co.uk\/product\/kake-make-vanilla-scented-bedtime-bubble-bath-250-ml\/"]}]},{"@type":"ImageObject","inLanguage":"en-GB","@id":"https:\/\/matildoslituanistinemokykla.co.uk\/product\/kake-make-vanilla-scented-bedtime-bubble-bath-250-ml\/#primaryimage","url":"https:\/\/matildoslituanistinemokykla.co.uk\/wp-content\/uploads\/2025\/04\/Screenshot-2025-01-27-at-11.02.15.png","contentUrl":"https:\/\/matildoslituanistinemokykla.co.uk\/wp-content\/uploads\/2025\/04\/Screenshot-2025-01-27-at-11.02.15.png","width":1172,"height":1216,"caption":"KAK\u0116 MAK\u0116 Vanilla-Scented Bedtime Bubble Bath, 250 ml"},{"@type":"BreadcrumbList","@id":"https:\/\/matildoslituanistinemokykla.co.uk\/product\/kake-make-vanilla-scented-bedtime-bubble-bath-250-ml\/#breadcrumb","itemListElement":[{"@type":"ListItem","position":1,"name":"Home","item":"https:\/\/matildoslituanistinemokykla.co.uk\/"},{"@type":"ListItem","position":2,"name":"Parduotuv\u0117","item":"https:\/\/matildoslituanistinemokykla.co.uk\/parduotuve\/"},{"@type":"ListItem","position":3,"name":"KAK\u0116 MAK\u0116 Vanilla-Scented Bedtime Bubble Bath, 250 ml"}]},{"@type":"WebSite","@id":"https:\/\/matildoslituanistinemokykla.co.uk\/#website","url":"https:\/\/matildoslituanistinemokykla.co.uk\/","name":"Matildoslituanistinemokykla","description":"","publisher":{"@id":"https:\/\/matildoslituanistinemokykla.co.uk\/#organization"},"potentialAction":[{"@type":"SearchAction","target":{"@type":"EntryPoint","urlTemplate":"https:\/\/matildoslituanistinemokykla.co.uk\/?s={search_term_string}"},"query-input":{"@type":"PropertyValueSpecification","valueRequired":true,"valueName":"search_term_string"}}],"inLanguage":"en-GB"},{"@type":"Organization","@id":"https:\/\/matildoslituanistinemokykla.co.uk\/#organization","name":"Matildoslituanistinemokykla","url":"https:\/\/matildoslituanistinemokykla.co.uk\/","logo":{"@type":"ImageObject","inLanguage":"en-GB","@id":"https:\/\/matildoslituanistinemokykla.co.uk\/#\/schema\/logo\/image\/","url":"https:\/\/matildoslituanistinemokykla.co.uk\/wp-content\/uploads\/2023\/08\/Matildos-Lituanistine-mokykla_logo_final.png","contentUrl":"https:\/\/matildoslituanistinemokykla.co.uk\/wp-content\/uploads\/2023\/08\/Matildos-Lituanistine-mokykla_logo_final.png","width":1203,"height":947,"caption":"Matildoslituanistinemokykla"},"image":{"@id":"https:\/\/matildoslituanistinemokykla.co.uk\/#\/schema\/logo\/image\/"}}]}},"_links":{"self":[{"href":"https:\/\/matildoslituanistinemokykla.co.uk\/en\/wp-json\/wp\/v2\/product\/990762","targetHints":{"allow":["GET"]}}],"collection":[{"href":"https:\/\/matildoslituanistinemokykla.co.uk\/en\/wp-json\/wp\/v2\/product"}],"about":[{"href":"https:\/\/matildoslituanistinemokykla.co.uk\/en\/wp-json\/wp\/v2\/types\/product"}],"replies":[{"embeddable":true,"href":"https:\/\/matildoslituanistinemokykla.co.uk\/en\/wp-json\/wp\/v2\/comments?post=990762"}],"wp:featuredmedia":[{"embeddable":true,"href":"https:\/\/matildoslituanistinemokykla.co.uk\/en\/wp-json\/wp\/v2\/media\/990763"}],"wp:attachment":[{"href":"https:\/\/matildoslituanistinemokykla.co.uk\/en\/wp-json\/wp\/v2\/media?parent=990762"}],"wp:term":[{"taxonomy":"product_brand","embeddable":true,"href":"https:\/\/matildoslituanistinemokykla.co.uk\/en\/wp-json\/wp\/v2\/product_brand?post=990762"},{"taxonomy":"product_cat","embeddable":true,"href":"https:\/\/matildoslituanistinemokykla.co.uk\/en\/wp-json\/wp\/v2\/product_cat?post=990762"},{"taxonomy":"product_tag","embeddable":true,"href":"https:\/\/matildoslituanistinemokykla.co.uk\/en\/wp-json\/wp\/v2\/product_tag?post=990762"}],"curies":[{"name":"wp","href":"https:\/\/api.w.org\/{rel}","templated":true}]}}