{"id":990865,"date":"2025-05-09T10:46:10","date_gmt":"2025-05-09T10:46:10","guid":{"rendered":"https:\/\/matildoslituanistinemokykla.co.uk\/?post_type=product&#038;p=990865"},"modified":"2025-11-03T10:14:44","modified_gmt":"2025-11-03T10:14:44","slug":"kake-make-abecele","status":"publish","type":"product","link":"https:\/\/matildoslituanistinemokykla.co.uk\/en\/product\/kake-make-abecele\/","title":{"rendered":"KAKE MAKE. DRAKE"},"content":{"rendered":"<div class=\"vgblk-rw-wrapper limit-wrapper\">\n<h2 style=\"font-weight: 400;\">APIE PREKA<\/h2>\n<p>Become a letter expert! Learn in fun and inventive ways with Kake Make!<\/p>\n<ul>\n<li>29 letters, words and sounds of the alphabet are included.<\/li>\n<li>The easy-to-press letters are perfect for little fingers.<\/li>\n<li>It will be easy to read, listen and learn without the help of an adult.<\/li>\n<li>The eye-catching pictures will be easy for children to recognise and will keep them from getting bored.<\/li>\n<\/ul>\n<p>&nbsp;<\/p>\n<p>The world of sounds begins to interest the little one as soon as he or she is born, and when he or she is a little older and has passed the letter recognition stage, he or she is eager to start looking for new words too. This requires a good guide, usually Mum and Dad, or a book character such as Winnie-the-Pooh who has become a good friend. Playing an important role in the lives of little ones, Poppy proves that it's not only fun to play with her, to learn about the world, your feelings or your body, but also to learn together!<\/p>\n<p>&nbsp;<\/p>\n<p>The new edition of the educational book \"KAK\u0116 MAK\u0116 AB\u0116C\u0116L\u0116\" is like a key to an undiscovered world, where K\u0101k\u0117 Mak\u0117 introduces her friends to 29 letters and words of the alphabet in an inventive, playful way.<\/p>\n<p>&nbsp;<\/p>\n<p>For each letter that Kaki Makes you say out loud, you'll also find beautiful, eye-catching illustrations that your little ones will be able to recognise and say in no time. But the game doesn't stop there: once you've heard a particular letter, new words can be invented to improve your child's language skills, stimulate language development and expand their vocabulary.<\/p>\n<p>&nbsp;<\/p>\n<p>The easy-to-press letters are comfortable for little fingers, so it's easy for children to flip through the book and listen to the recordings without adult help. It's also a great way to develop fine motor skills.<\/p>\n<p>&nbsp;<\/p>\n<p>\"KAK\u0116 MAK\u0116 MAK\u0116 AB\u0116C\u0116\" is an educational tool that has attracted a lot of interest and recognition among children (and their parents), and is now deservedly recognised as the best-selling book. As the parents say, \"Serious things happen at play!\"<\/p>\n<p>&nbsp;<\/p>\n<p>Recommended for children aged 3-6 years.<\/p>\n<p>&nbsp;<\/p>\n<p><b>\u00a0<\/b><\/p>\n<p><b>Attention! There are no nasal letters in this alphabet!<\/b><\/p>\n<p style=\"font-weight: 300;\">ISBN code: 9786090146484<\/p>\n<p style=\"font-weight: 300;\">EAN code: 9786090146484<\/p>\n<p style=\"font-weight: 300;\">SKU: 000000000001113085<\/p>\n<p style=\"font-weight: 300;\">Number of pages: 17<\/p>\n<p style=\"font-weight: 300;\">Cover type: hardcover<\/p>\n<p style=\"font-weight: 300;\">Original language.<\/p>\n<p style=\"font-weight: 300;\">Colourfulness: coloured<\/p>\n<p style=\"font-weight: 300;\">Format: 29,5\u00d730,25\u00d71,2<\/p>\n<p style=\"font-weight: 300;\">Cover designer: Danut\u0117 \u0160mitien\u0117<\/p>\n<p style=\"font-weight: 300;\">Year of authorisation: 01.12.2021<\/p>\n<\/div>\n<p><!-- .vgblk-rw-wrapper --><\/p>","protected":false},"excerpt":{"rendered":"<p>ABOUT THE PRODUCT Become a letter expert! Learn in fun and inventive ways with Kake Make! 29 alphabet letters, words and their sounds. The easy to press letters are perfect for little fingers. The book is easy to flip through,...<\/p>","protected":false},"featured_media":990867,"comment_status":"closed","ping_status":"closed","template":"","meta":[],"product_brand":[],"product_cat":[68],"product_tag":[],"class_list":{"0":"post-990865","1":"product","2":"type-product","3":"status-publish","4":"has-post-thumbnail","6":"product_cat-knygos","8":"first","9":"outofstock","10":"sale","11":"shipping-taxable","12":"purchasable","13":"product-type-simple"},"yoast_head":"<!-- This site is optimized with the Yoast SEO plugin v25.8 - https:\/\/yoast.com\/wordpress\/plugins\/seo\/ -->\n<title>KAKE MAKE. ABECELE<\/title>\n<meta name=\"description\" content=\"APIE PREK\u0118Tapk raid\u017ei\u0173 \u017einovu! Kartu su Kake Make mokykis linksmai ir i\u0161radingai!\u012egarsintos 29 ab\u0117c\u0117l\u0117s raid\u0117s, \u017eod\u017eiai ir j\u0173 garsai.Lengvai spaud\u017eiamos raid\u0117s puikiai tinka ma\u017e\u0173j\u0173 pir\u0161tukams.Knygel\u0119 vartyti, klausyti ir mokytis bus paprasta ir be suaugusi\u0173j\u0173 pagalbos.Ak\u012f traukian\u010dius paveiksl\u0117lius vaikai netruks atpa\u017einti ir tai neleis nuobod\u017eiauti.Gars\u0173 pasaulis ma\u017eajam \u017emogui pradeda r\u016bp\u0117ti vos gimus, o \u0161iek tiek \u016bgtel\u0117jus ir aplankius raid\u017ei\u0173 pa\u017einimo etapui, jau norisi leistis ir \u012f nauj\u0173 \u017eod\u017ei\u0173 paie\u0161kas. Tam reikalingas geras vedlys ir da\u017eniausiai juo b\u016bna mama ir t\u0117tis arba geru draugu i\u0161 knygeli\u0173 tap\u0119s persona\u017eas, toks kaip Kak\u0117 Mak\u0117. Vaidindama svarb\u0173 vaidmen\u012f ma\u017e\u0173j\u0173 gyvenime Kak\u0117 Mak\u0117 \u012frodo, kad su ja smagu ne tik \u017eaisti, pa\u017einti pasaul\u012f, savo jausmus ar k\u016bn\u0105, bet ir kartu mokytis!\" \/>\n<meta name=\"robots\" content=\"index, follow, max-snippet:-1, max-image-preview:large, max-video-preview:-1\" \/>\n<link rel=\"canonical\" href=\"https:\/\/matildoslituanistinemokykla.co.uk\/en\/product\/kake-make-abecele\/\" \/>\n<meta property=\"og:locale\" content=\"en_GB\" \/>\n<meta property=\"og:type\" content=\"article\" \/>\n<meta property=\"og:title\" content=\"KAKE MAKE. ABECELE\" \/>\n<meta property=\"og:description\" content=\"APIE PREK\u0118Tapk raid\u017ei\u0173 \u017einovu! Kartu su Kake Make mokykis linksmai ir i\u0161radingai!\u012egarsintos 29 ab\u0117c\u0117l\u0117s raid\u0117s, \u017eod\u017eiai ir j\u0173 garsai.Lengvai spaud\u017eiamos raid\u0117s puikiai tinka ma\u017e\u0173j\u0173 pir\u0161tukams.Knygel\u0119 vartyti, klausyti ir mokytis bus paprasta ir be suaugusi\u0173j\u0173 pagalbos.Ak\u012f traukian\u010dius paveiksl\u0117lius vaikai netruks atpa\u017einti ir tai neleis nuobod\u017eiauti.Gars\u0173 pasaulis ma\u017eajam \u017emogui pradeda r\u016bp\u0117ti vos gimus, o \u0161iek tiek \u016bgtel\u0117jus ir aplankius raid\u017ei\u0173 pa\u017einimo etapui, jau norisi leistis ir \u012f nauj\u0173 \u017eod\u017ei\u0173 paie\u0161kas. Tam reikalingas geras vedlys ir da\u017eniausiai juo b\u016bna mama ir t\u0117tis arba geru draugu i\u0161 knygeli\u0173 tap\u0119s persona\u017eas, toks kaip Kak\u0117 Mak\u0117. Vaidindama svarb\u0173 vaidmen\u012f ma\u017e\u0173j\u0173 gyvenime Kak\u0117 Mak\u0117 \u012frodo, kad su ja smagu ne tik \u017eaisti, pa\u017einti pasaul\u012f, savo jausmus ar k\u016bn\u0105, bet ir kartu mokytis!\" \/>\n<meta property=\"og:url\" content=\"https:\/\/matildoslituanistinemokykla.co.uk\/en\/product\/kake-make-abecele\/\" \/>\n<meta property=\"og:site_name\" content=\"Matildoslituanistinemokykla\" \/>\n<meta property=\"article:modified_time\" content=\"2025-11-03T10:14:44+00:00\" \/>\n<meta property=\"og:image\" content=\"https:\/\/matildoslituanistinemokykla.co.uk\/wp-content\/uploads\/2025\/05\/Screenshot-2025-05-09-at-11.43.24.png\" \/>\n\t<meta property=\"og:image:width\" content=\"1078\" \/>\n\t<meta property=\"og:image:height\" content=\"1044\" \/>\n\t<meta property=\"og:image:type\" content=\"image\/png\" \/>\n<meta name=\"twitter:card\" content=\"summary_large_image\" \/>\n<meta name=\"twitter:label1\" content=\"Estimated reading time\" \/>\n\t<meta name=\"twitter:data1\" content=\"2 minutes\" \/>\n<script type=\"application\/ld+json\" class=\"yoast-schema-graph\">{\"@context\":\"https:\/\/schema.org\",\"@graph\":[{\"@type\":\"WebPage\",\"@id\":\"https:\/\/matildoslituanistinemokykla.co.uk\/product\/kake-make-abecele\/\",\"url\":\"https:\/\/matildoslituanistinemokykla.co.uk\/product\/kake-make-abecele\/\",\"name\":\"KAKE MAKE. ABECELE\",\"isPartOf\":{\"@id\":\"https:\/\/matildoslituanistinemokykla.co.uk\/#website\"},\"primaryImageOfPage\":{\"@id\":\"https:\/\/matildoslituanistinemokykla.co.uk\/product\/kake-make-abecele\/#primaryimage\"},\"image\":{\"@id\":\"https:\/\/matildoslituanistinemokykla.co.uk\/product\/kake-make-abecele\/#primaryimage\"},\"thumbnailUrl\":\"https:\/\/matildoslituanistinemokykla.co.uk\/wp-content\/uploads\/2025\/05\/Screenshot-2025-05-09-at-11.43.24.png\",\"datePublished\":\"2025-05-09T10:46:10+00:00\",\"dateModified\":\"2025-11-03T10:14:44+00:00\",\"description\":\"APIE PREK\u0118Tapk raid\u017ei\u0173 \u017einovu! Kartu su Kake Make mokykis linksmai ir i\u0161radingai!\u012egarsintos 29 ab\u0117c\u0117l\u0117s raid\u0117s, \u017eod\u017eiai ir j\u0173 garsai.Lengvai spaud\u017eiamos raid\u0117s puikiai tinka ma\u017e\u0173j\u0173 pir\u0161tukams.Knygel\u0119 vartyti, klausyti ir mokytis bus paprasta ir be suaugusi\u0173j\u0173 pagalbos.Ak\u012f traukian\u010dius paveiksl\u0117lius vaikai netruks atpa\u017einti ir tai neleis nuobod\u017eiauti.Gars\u0173 pasaulis ma\u017eajam \u017emogui pradeda r\u016bp\u0117ti vos gimus, o \u0161iek tiek \u016bgtel\u0117jus ir aplankius raid\u017ei\u0173 pa\u017einimo etapui, jau norisi leistis ir \u012f nauj\u0173 \u017eod\u017ei\u0173 paie\u0161kas. Tam reikalingas geras vedlys ir da\u017eniausiai juo b\u016bna mama ir t\u0117tis arba geru draugu i\u0161 knygeli\u0173 tap\u0119s persona\u017eas, toks kaip Kak\u0117 Mak\u0117. Vaidindama svarb\u0173 vaidmen\u012f ma\u017e\u0173j\u0173 gyvenime Kak\u0117 Mak\u0117 \u012frodo, kad su ja smagu ne tik \u017eaisti, pa\u017einti pasaul\u012f, savo jausmus ar k\u016bn\u0105, bet ir kartu mokytis!\",\"breadcrumb\":{\"@id\":\"https:\/\/matildoslituanistinemokykla.co.uk\/product\/kake-make-abecele\/#breadcrumb\"},\"inLanguage\":\"en-GB\",\"potentialAction\":[{\"@type\":\"ReadAction\",\"target\":[\"https:\/\/matildoslituanistinemokykla.co.uk\/product\/kake-make-abecele\/\"]}]},{\"@type\":\"ImageObject\",\"inLanguage\":\"en-GB\",\"@id\":\"https:\/\/matildoslituanistinemokykla.co.uk\/product\/kake-make-abecele\/#primaryimage\",\"url\":\"https:\/\/matildoslituanistinemokykla.co.uk\/wp-content\/uploads\/2025\/05\/Screenshot-2025-05-09-at-11.43.24.png\",\"contentUrl\":\"https:\/\/matildoslituanistinemokykla.co.uk\/wp-content\/uploads\/2025\/05\/Screenshot-2025-05-09-at-11.43.24.png\",\"width\":1078,\"height\":1044,\"caption\":\"KAK\u0116 MAK\u0116. AB\u0116C\u0116L\u0116\"},{\"@type\":\"BreadcrumbList\",\"@id\":\"https:\/\/matildoslituanistinemokykla.co.uk\/product\/kake-make-abecele\/#breadcrumb\",\"itemListElement\":[{\"@type\":\"ListItem\",\"position\":1,\"name\":\"Home\",\"item\":\"https:\/\/matildoslituanistinemokykla.co.uk\/\"},{\"@type\":\"ListItem\",\"position\":2,\"name\":\"Parduotuv\u0117\",\"item\":\"https:\/\/matildoslituanistinemokykla.co.uk\/parduotuve\/\"},{\"@type\":\"ListItem\",\"position\":3,\"name\":\"KAK\u0116 MAK\u0116. AB\u0116C\u0116L\u0116\"}]},{\"@type\":\"WebSite\",\"@id\":\"https:\/\/matildoslituanistinemokykla.co.uk\/#website\",\"url\":\"https:\/\/matildoslituanistinemokykla.co.uk\/\",\"name\":\"Matildoslituanistinemokykla\",\"description\":\"\",\"publisher\":{\"@id\":\"https:\/\/matildoslituanistinemokykla.co.uk\/#organization\"},\"potentialAction\":[{\"@type\":\"SearchAction\",\"target\":{\"@type\":\"EntryPoint\",\"urlTemplate\":\"https:\/\/matildoslituanistinemokykla.co.uk\/?s={search_term_string}\"},\"query-input\":{\"@type\":\"PropertyValueSpecification\",\"valueRequired\":true,\"valueName\":\"search_term_string\"}}],\"inLanguage\":\"en-GB\"},{\"@type\":\"Organization\",\"@id\":\"https:\/\/matildoslituanistinemokykla.co.uk\/#organization\",\"name\":\"Matildoslituanistinemokykla\",\"url\":\"https:\/\/matildoslituanistinemokykla.co.uk\/\",\"logo\":{\"@type\":\"ImageObject\",\"inLanguage\":\"en-GB\",\"@id\":\"https:\/\/matildoslituanistinemokykla.co.uk\/#\/schema\/logo\/image\/\",\"url\":\"https:\/\/matildoslituanistinemokykla.co.uk\/wp-content\/uploads\/2023\/08\/Matildos-Lituanistine-mokykla_logo_final.png\",\"contentUrl\":\"https:\/\/matildoslituanistinemokykla.co.uk\/wp-content\/uploads\/2023\/08\/Matildos-Lituanistine-mokykla_logo_final.png\",\"width\":1203,\"height\":947,\"caption\":\"Matildoslituanistinemokykla\"},\"image\":{\"@id\":\"https:\/\/matildoslituanistinemokykla.co.uk\/#\/schema\/logo\/image\/\"}}]}<\/script>\n<!-- \/ Yoast SEO plugin. -->","yoast_head_json":{"title":"KAKE MAKE. ABECELE","description":"APIE PREK\u0118Tapk raid\u017ei\u0173 \u017einovu! Kartu su Kake Make mokykis linksmai ir i\u0161radingai!\u012egarsintos 29 ab\u0117c\u0117l\u0117s raid\u0117s, \u017eod\u017eiai ir j\u0173 garsai.Lengvai spaud\u017eiamos raid\u0117s puikiai tinka ma\u017e\u0173j\u0173 pir\u0161tukams.Knygel\u0119 vartyti, klausyti ir mokytis bus paprasta ir be suaugusi\u0173j\u0173 pagalbos.Ak\u012f traukian\u010dius paveiksl\u0117lius vaikai netruks atpa\u017einti ir tai neleis nuobod\u017eiauti.Gars\u0173 pasaulis ma\u017eajam \u017emogui pradeda r\u016bp\u0117ti vos gimus, o \u0161iek tiek \u016bgtel\u0117jus ir aplankius raid\u017ei\u0173 pa\u017einimo etapui, jau norisi leistis ir \u012f nauj\u0173 \u017eod\u017ei\u0173 paie\u0161kas. Tam reikalingas geras vedlys ir da\u017eniausiai juo b\u016bna mama ir t\u0117tis arba geru draugu i\u0161 knygeli\u0173 tap\u0119s persona\u017eas, toks kaip Kak\u0117 Mak\u0117. Vaidindama svarb\u0173 vaidmen\u012f ma\u017e\u0173j\u0173 gyvenime Kak\u0117 Mak\u0117 \u012frodo, kad su ja smagu ne tik \u017eaisti, pa\u017einti pasaul\u012f, savo jausmus ar k\u016bn\u0105, bet ir kartu mokytis!","robots":{"index":"index","follow":"follow","max-snippet":"max-snippet:-1","max-image-preview":"max-image-preview:large","max-video-preview":"max-video-preview:-1"},"canonical":"https:\/\/matildoslituanistinemokykla.co.uk\/en\/product\/kake-make-abecele\/","og_locale":"en_GB","og_type":"article","og_title":"KAKE MAKE. ABECELE","og_description":"APIE PREK\u0118Tapk raid\u017ei\u0173 \u017einovu! Kartu su Kake Make mokykis linksmai ir i\u0161radingai!\u012egarsintos 29 ab\u0117c\u0117l\u0117s raid\u0117s, \u017eod\u017eiai ir j\u0173 garsai.Lengvai spaud\u017eiamos raid\u0117s puikiai tinka ma\u017e\u0173j\u0173 pir\u0161tukams.Knygel\u0119 vartyti, klausyti ir mokytis bus paprasta ir be suaugusi\u0173j\u0173 pagalbos.Ak\u012f traukian\u010dius paveiksl\u0117lius vaikai netruks atpa\u017einti ir tai neleis nuobod\u017eiauti.Gars\u0173 pasaulis ma\u017eajam \u017emogui pradeda r\u016bp\u0117ti vos gimus, o \u0161iek tiek \u016bgtel\u0117jus ir aplankius raid\u017ei\u0173 pa\u017einimo etapui, jau norisi leistis ir \u012f nauj\u0173 \u017eod\u017ei\u0173 paie\u0161kas. Tam reikalingas geras vedlys ir da\u017eniausiai juo b\u016bna mama ir t\u0117tis arba geru draugu i\u0161 knygeli\u0173 tap\u0119s persona\u017eas, toks kaip Kak\u0117 Mak\u0117. Vaidindama svarb\u0173 vaidmen\u012f ma\u017e\u0173j\u0173 gyvenime Kak\u0117 Mak\u0117 \u012frodo, kad su ja smagu ne tik \u017eaisti, pa\u017einti pasaul\u012f, savo jausmus ar k\u016bn\u0105, bet ir kartu mokytis!","og_url":"https:\/\/matildoslituanistinemokykla.co.uk\/en\/product\/kake-make-abecele\/","og_site_name":"Matildoslituanistinemokykla","article_modified_time":"2025-11-03T10:14:44+00:00","og_image":[{"width":1078,"height":1044,"url":"https:\/\/matildoslituanistinemokykla.co.uk\/wp-content\/uploads\/2025\/05\/Screenshot-2025-05-09-at-11.43.24.png","type":"image\/png"}],"twitter_card":"summary_large_image","twitter_misc":{"Estimated reading time":"2 minutes"},"schema":{"@context":"https:\/\/schema.org","@graph":[{"@type":"WebPage","@id":"https:\/\/matildoslituanistinemokykla.co.uk\/product\/kake-make-abecele\/","url":"https:\/\/matildoslituanistinemokykla.co.uk\/product\/kake-make-abecele\/","name":"KAKE MAKE. ABECELE","isPartOf":{"@id":"https:\/\/matildoslituanistinemokykla.co.uk\/#website"},"primaryImageOfPage":{"@id":"https:\/\/matildoslituanistinemokykla.co.uk\/product\/kake-make-abecele\/#primaryimage"},"image":{"@id":"https:\/\/matildoslituanistinemokykla.co.uk\/product\/kake-make-abecele\/#primaryimage"},"thumbnailUrl":"https:\/\/matildoslituanistinemokykla.co.uk\/wp-content\/uploads\/2025\/05\/Screenshot-2025-05-09-at-11.43.24.png","datePublished":"2025-05-09T10:46:10+00:00","dateModified":"2025-11-03T10:14:44+00:00","description":"APIE PREK\u0118Tapk raid\u017ei\u0173 \u017einovu! Kartu su Kake Make mokykis linksmai ir i\u0161radingai!\u012egarsintos 29 ab\u0117c\u0117l\u0117s raid\u0117s, \u017eod\u017eiai ir j\u0173 garsai.Lengvai spaud\u017eiamos raid\u0117s puikiai tinka ma\u017e\u0173j\u0173 pir\u0161tukams.Knygel\u0119 vartyti, klausyti ir mokytis bus paprasta ir be suaugusi\u0173j\u0173 pagalbos.Ak\u012f traukian\u010dius paveiksl\u0117lius vaikai netruks atpa\u017einti ir tai neleis nuobod\u017eiauti.Gars\u0173 pasaulis ma\u017eajam \u017emogui pradeda r\u016bp\u0117ti vos gimus, o \u0161iek tiek \u016bgtel\u0117jus ir aplankius raid\u017ei\u0173 pa\u017einimo etapui, jau norisi leistis ir \u012f nauj\u0173 \u017eod\u017ei\u0173 paie\u0161kas. Tam reikalingas geras vedlys ir da\u017eniausiai juo b\u016bna mama ir t\u0117tis arba geru draugu i\u0161 knygeli\u0173 tap\u0119s persona\u017eas, toks kaip Kak\u0117 Mak\u0117. Vaidindama svarb\u0173 vaidmen\u012f ma\u017e\u0173j\u0173 gyvenime Kak\u0117 Mak\u0117 \u012frodo, kad su ja smagu ne tik \u017eaisti, pa\u017einti pasaul\u012f, savo jausmus ar k\u016bn\u0105, bet ir kartu mokytis!","breadcrumb":{"@id":"https:\/\/matildoslituanistinemokykla.co.uk\/product\/kake-make-abecele\/#breadcrumb"},"inLanguage":"en-GB","potentialAction":[{"@type":"ReadAction","target":["https:\/\/matildoslituanistinemokykla.co.uk\/product\/kake-make-abecele\/"]}]},{"@type":"ImageObject","inLanguage":"en-GB","@id":"https:\/\/matildoslituanistinemokykla.co.uk\/product\/kake-make-abecele\/#primaryimage","url":"https:\/\/matildoslituanistinemokykla.co.uk\/wp-content\/uploads\/2025\/05\/Screenshot-2025-05-09-at-11.43.24.png","contentUrl":"https:\/\/matildoslituanistinemokykla.co.uk\/wp-content\/uploads\/2025\/05\/Screenshot-2025-05-09-at-11.43.24.png","width":1078,"height":1044,"caption":"KAK\u0116 MAK\u0116. AB\u0116C\u0116L\u0116"},{"@type":"BreadcrumbList","@id":"https:\/\/matildoslituanistinemokykla.co.uk\/product\/kake-make-abecele\/#breadcrumb","itemListElement":[{"@type":"ListItem","position":1,"name":"Home","item":"https:\/\/matildoslituanistinemokykla.co.uk\/"},{"@type":"ListItem","position":2,"name":"Parduotuv\u0117","item":"https:\/\/matildoslituanistinemokykla.co.uk\/parduotuve\/"},{"@type":"ListItem","position":3,"name":"KAK\u0116 MAK\u0116. AB\u0116C\u0116L\u0116"}]},{"@type":"WebSite","@id":"https:\/\/matildoslituanistinemokykla.co.uk\/#website","url":"https:\/\/matildoslituanistinemokykla.co.uk\/","name":"Matildoslituanistinemokykla","description":"","publisher":{"@id":"https:\/\/matildoslituanistinemokykla.co.uk\/#organization"},"potentialAction":[{"@type":"SearchAction","target":{"@type":"EntryPoint","urlTemplate":"https:\/\/matildoslituanistinemokykla.co.uk\/?s={search_term_string}"},"query-input":{"@type":"PropertyValueSpecification","valueRequired":true,"valueName":"search_term_string"}}],"inLanguage":"en-GB"},{"@type":"Organization","@id":"https:\/\/matildoslituanistinemokykla.co.uk\/#organization","name":"Matildoslituanistinemokykla","url":"https:\/\/matildoslituanistinemokykla.co.uk\/","logo":{"@type":"ImageObject","inLanguage":"en-GB","@id":"https:\/\/matildoslituanistinemokykla.co.uk\/#\/schema\/logo\/image\/","url":"https:\/\/matildoslituanistinemokykla.co.uk\/wp-content\/uploads\/2023\/08\/Matildos-Lituanistine-mokykla_logo_final.png","contentUrl":"https:\/\/matildoslituanistinemokykla.co.uk\/wp-content\/uploads\/2023\/08\/Matildos-Lituanistine-mokykla_logo_final.png","width":1203,"height":947,"caption":"Matildoslituanistinemokykla"},"image":{"@id":"https:\/\/matildoslituanistinemokykla.co.uk\/#\/schema\/logo\/image\/"}}]}},"_links":{"self":[{"href":"https:\/\/matildoslituanistinemokykla.co.uk\/en\/wp-json\/wp\/v2\/product\/990865","targetHints":{"allow":["GET"]}}],"collection":[{"href":"https:\/\/matildoslituanistinemokykla.co.uk\/en\/wp-json\/wp\/v2\/product"}],"about":[{"href":"https:\/\/matildoslituanistinemokykla.co.uk\/en\/wp-json\/wp\/v2\/types\/product"}],"replies":[{"embeddable":true,"href":"https:\/\/matildoslituanistinemokykla.co.uk\/en\/wp-json\/wp\/v2\/comments?post=990865"}],"wp:featuredmedia":[{"embeddable":true,"href":"https:\/\/matildoslituanistinemokykla.co.uk\/en\/wp-json\/wp\/v2\/media\/990867"}],"wp:attachment":[{"href":"https:\/\/matildoslituanistinemokykla.co.uk\/en\/wp-json\/wp\/v2\/media?parent=990865"}],"wp:term":[{"taxonomy":"product_brand","embeddable":true,"href":"https:\/\/matildoslituanistinemokykla.co.uk\/en\/wp-json\/wp\/v2\/product_brand?post=990865"},{"taxonomy":"product_cat","embeddable":true,"href":"https:\/\/matildoslituanistinemokykla.co.uk\/en\/wp-json\/wp\/v2\/product_cat?post=990865"},{"taxonomy":"product_tag","embeddable":true,"href":"https:\/\/matildoslituanistinemokykla.co.uk\/en\/wp-json\/wp\/v2\/product_tag?post=990865"}],"curies":[{"name":"wp","href":"https:\/\/api.w.org\/{rel}","templated":true}]}}