{"id":990868,"date":"2025-05-09T11:00:44","date_gmt":"2025-05-09T11:00:44","guid":{"rendered":"https:\/\/matildoslituanistinemokykla.co.uk\/?post_type=product&#038;p=990868"},"modified":"2025-05-09T11:11:04","modified_gmt":"2025-05-09T11:11:04","slug":"kake-make-raudonoji-knygaselemonas-paltanavicius","status":"publish","type":"product","link":"https:\/\/matildoslituanistinemokykla.co.uk\/en\/product\/kake-make-raudonoji-knygaselemonas-paltanavicius\/","title":{"rendered":"KAKE MAKE. THE RED BOOK,Selemonas Paltanavi\u010dius"},"content":{"rendered":"<div class=\"vgblk-rw-wrapper limit-wrapper\">\n<h3><strong>KAKE MAKE. THE RED BOOK,Selemonas Paltanavi\u010dius<\/strong><\/h3>\n<div id=\"shopify-section-template--24830866063735__sub\" class=\"shopify-section product-full-width\">\n<div class=\"page-width\">\n<div class=\"product-block\">\n<div class=\"product-full-width__description-grid\">\n<h2 class=\"product-full-width__description-title h1\">APIE PREKA<\/h2>\n<div class=\"product-full-width__description-text\">\n<p>Kak\u0117 Mak\u0117 and her family are ready for perhaps the biggest adventure of their lives - to learn about Lithuania's endangered animals and plants. Will they succeed in saving them? Naturalist Selemon Paltanavi\u010dius rolled up his sleeves and came to their rescue. His advice and secrets of nature will not only help them to learn more about what lives, fins, chirps, and claws in Lithuanian nature, but also how each of us can help those who need it most.<\/p>\n<p>A useful and interesting book for the whole family, from the very young to the very old!<\/p>\n<p>So, with curiosity piqued, we hurry to meet the silent black storks, the distracted travelling starlings and even the earthquake-predicting vipers.<\/p>\n<p>What are these wiggles?<\/p>\n<p>Open and find out!<\/p>\n<p>Selemonas Paltanavi\u010dius is a naturalist, ornithologist, photographer, radio presenter, participant of the \"National Expedition\", writer. He is inspired by nature and believes that children are waiting for books about nature because there are so many secrets out there! If you are curious, he invites you to translate this book and warns you that it will not be easy! But you can do anything!<\/p>\n<p>The new book by Katya Mak\u0117:<\/p>\n<p>- stimulates curiosity,<\/p>\n<p>- broadens horizons,<\/p>\n<p>- enrich vocabulary,<\/p>\n<p>- teaches you to respect nature<\/p>\n<div><\/div>\n<\/div>\n<div class=\"product-full-width__description-specs\">\n<p><span class=\"product-full-width__description-specs-name\">ISBN code: <\/span>9786090154359<\/p>\n<p><span class=\"product-full-width__description-specs-name\">EAN code: <\/span>9786090154359<\/p>\n<p><span class=\"product-full-width__description-specs-name\">SKU: <\/span>000000000001113400<\/p>\n<p><span class=\"product-full-width__description-specs-name\">Number of pages: <\/span>120<\/p>\n<p><span class=\"product-full-width__description-specs-name\">Cover type: <\/span>Cool<\/p>\n<p><span class=\"product-full-width__description-specs-name\">In the original language: <\/span>Lithuanian<\/p>\n<p><span class=\"product-full-width__description-specs-name\">Colourfulness: <\/span>Colour<\/p>\n<p><span class=\"product-full-width__description-specs-name\">Format: <\/span>25&#215;20,5&#215;1,3<\/p>\n<p><span class=\"product-full-width__description-specs-name\">Cover designer: <\/span>Rasa Matukaityt\u0117<\/p>\n<p><span class=\"product-full-width__description-specs-name\">Year of publication: <\/span>2023 02 15<\/p>\n<\/div>\n<\/div>\n<\/div>\n<\/div>\n<\/div>\n<section id=\"shopify-section-template--24830866063735__1714484773853863c0\" class=\"shopify-section\">\n<div class=\"index-section\">\n<div class=\"page-width\">\n<div id=\"shopify-block-AdTg4WWRyVkNRU25pc__judge_me_reviews_review_widget_PbMEz7\" class=\"shopify-block shopify-app-block\">\n<div><\/div>\n<div id=\"judgeme_product_reviews\" class=\"jdgm-widget jdgm-review-widget jdgm--done-setup-widget\" data-product-title=\"Kak\u0117 Mak\u0117. Raudonoji knyga\" data-id=\"6853301207127\" data-widget-name=\"review_widget\" data-impressions-tracked=\"true\" data-views-tracked=\"true\">\n<div class=\"jdgm-rev-widg jdgm--js\" data-number-of-reviews=\"0\" data-average-rating=\"0.00\">\n<div class=\"jdgm-rev-widg__header\"><\/div>\n<\/div>\n<\/div>\n<\/div>\n<\/div>\n<\/div>\n<\/section>\n<\/div>\n<p><!-- .vgblk-rw-wrapper --><\/p>","protected":false},"excerpt":{"rendered":"<p>KAKE MAKE. A RED BOOK,Selemonas Paltanavi\u010dius ABOUT THE GOODS Kak\u0117 Mak\u0117 and her family prepared for perhaps the biggest adventure of her life - to get acquainted with the endangered Lithuanian animals and plants. Will they succeed in saving them? They'll have to...<\/p>","protected":false},"featured_media":990871,"comment_status":"closed","ping_status":"closed","template":"","meta":[],"product_brand":[],"product_cat":[68],"product_tag":[],"class_list":{"0":"post-990868","1":"product","2":"type-product","3":"status-publish","4":"has-post-thumbnail","6":"product_cat-knygos","8":"first","9":"instock","10":"sale","11":"shipping-taxable","12":"purchasable","13":"product-type-simple"},"yoast_head":"<!-- This site is optimized with the Yoast SEO plugin v25.8 - https:\/\/yoast.com\/wordpress\/plugins\/seo\/ -->\n<title>KAK\u0116 MAK\u0116. RAUDONOJI KNYGA<\/title>\n<meta name=\"description\" content=\"KAK\u0116 MAK\u0116. RAUDONOJI KNYGA,Selemonas Paltanavi\u010diusAPIE PREK\u0118Kak\u0117 Mak\u0117 su \u0161eima pasiruo\u0161\u0117 bene did\u017eiausiam gyvenimo nuotykiui \u2013 susipa\u017einti su nykstan\u010diais Lietuvos gyv\u016bnais ir augalais. Ar pavyks juos i\u0161saugoti? Jiems \u012f pagalb\u0105, pasiraitoj\u0119s rankoves, atskub\u0117jo ir gamtininkas Selemonas Paltanavi\u010dius, kurio patarimai bei atskleistos gamtos paslaptys pad\u0117s ne tik daugiau su\u017einoti apie tai, kas gyvena, pelekais makaluoja, \u010diulba ir \u017enypl\u0117mis \u010deksi Lietuvos gamtoje, bet ir kaip kiekvienas i\u0161 m\u016bs\u0173 galime pad\u0117ti tiems, kuriems labiausiai to reikia.\u00a0Knyga naudinga ir \u012fdomi visai \u0161eimai nuo paties ma\u017eiausio iki didelio!\u00a0Tad, smalsiai nusiteik\u0119, skubame susipa\u017einti su tyleniais juodaisiais gandrais, i\u0161sibla\u0161kiusiais keliaujan\u010diais varliukais ir net \u017eem\u0117s dreb\u0117jimus numatyti mokan\u010diais vij\u016bnais.\u00a0\" \/>\n<meta name=\"robots\" content=\"index, follow, max-snippet:-1, max-image-preview:large, max-video-preview:-1\" \/>\n<link rel=\"canonical\" href=\"https:\/\/matildoslituanistinemokykla.co.uk\/en\/product\/kake-make-raudonoji-knygaselemonas-paltanavicius\/\" \/>\n<meta property=\"og:locale\" content=\"en_GB\" \/>\n<meta property=\"og:type\" content=\"article\" \/>\n<meta property=\"og:title\" content=\"KAK\u0116 MAK\u0116. RAUDONOJI KNYGA\" \/>\n<meta property=\"og:description\" content=\"KAK\u0116 MAK\u0116. RAUDONOJI KNYGA,Selemonas Paltanavi\u010diusAPIE PREK\u0118Kak\u0117 Mak\u0117 su \u0161eima pasiruo\u0161\u0117 bene did\u017eiausiam gyvenimo nuotykiui \u2013 susipa\u017einti su nykstan\u010diais Lietuvos gyv\u016bnais ir augalais. Ar pavyks juos i\u0161saugoti? Jiems \u012f pagalb\u0105, pasiraitoj\u0119s rankoves, atskub\u0117jo ir gamtininkas Selemonas Paltanavi\u010dius, kurio patarimai bei atskleistos gamtos paslaptys pad\u0117s ne tik daugiau su\u017einoti apie tai, kas gyvena, pelekais makaluoja, \u010diulba ir \u017enypl\u0117mis \u010deksi Lietuvos gamtoje, bet ir kaip kiekvienas i\u0161 m\u016bs\u0173 galime pad\u0117ti tiems, kuriems labiausiai to reikia.\u00a0Knyga naudinga ir \u012fdomi visai \u0161eimai nuo paties ma\u017eiausio iki didelio!\u00a0Tad, smalsiai nusiteik\u0119, skubame susipa\u017einti su tyleniais juodaisiais gandrais, i\u0161sibla\u0161kiusiais keliaujan\u010diais varliukais ir net \u017eem\u0117s dreb\u0117jimus numatyti mokan\u010diais vij\u016bnais.\u00a0\" \/>\n<meta property=\"og:url\" content=\"https:\/\/matildoslituanistinemokykla.co.uk\/en\/product\/kake-make-raudonoji-knygaselemonas-paltanavicius\/\" \/>\n<meta property=\"og:site_name\" content=\"Matildoslituanistinemokykla\" \/>\n<meta property=\"article:modified_time\" content=\"2025-05-09T11:11:04+00:00\" \/>\n<meta property=\"og:image\" content=\"https:\/\/matildoslituanistinemokykla.co.uk\/wp-content\/uploads\/2025\/05\/Screenshot-2025-05-09-at-11.46.54.png\" \/>\n\t<meta property=\"og:image:width\" content=\"852\" \/>\n\t<meta property=\"og:image:height\" content=\"1038\" \/>\n\t<meta property=\"og:image:type\" content=\"image\/png\" \/>\n<meta name=\"twitter:card\" content=\"summary_large_image\" \/>\n<meta name=\"twitter:label1\" content=\"Estimated reading time\" \/>\n\t<meta name=\"twitter:data1\" content=\"2 minutes\" \/>\n<script type=\"application\/ld+json\" class=\"yoast-schema-graph\">{\"@context\":\"https:\/\/schema.org\",\"@graph\":[{\"@type\":\"WebPage\",\"@id\":\"https:\/\/matildoslituanistinemokykla.co.uk\/product\/kake-make-raudonoji-knygaselemonas-paltanavicius\/\",\"url\":\"https:\/\/matildoslituanistinemokykla.co.uk\/product\/kake-make-raudonoji-knygaselemonas-paltanavicius\/\",\"name\":\"KAK\u0116 MAK\u0116. RAUDONOJI KNYGA\",\"isPartOf\":{\"@id\":\"https:\/\/matildoslituanistinemokykla.co.uk\/#website\"},\"primaryImageOfPage\":{\"@id\":\"https:\/\/matildoslituanistinemokykla.co.uk\/product\/kake-make-raudonoji-knygaselemonas-paltanavicius\/#primaryimage\"},\"image\":{\"@id\":\"https:\/\/matildoslituanistinemokykla.co.uk\/product\/kake-make-raudonoji-knygaselemonas-paltanavicius\/#primaryimage\"},\"thumbnailUrl\":\"https:\/\/matildoslituanistinemokykla.co.uk\/wp-content\/uploads\/2025\/05\/Screenshot-2025-05-09-at-11.46.54.png\",\"datePublished\":\"2025-05-09T11:00:44+00:00\",\"dateModified\":\"2025-05-09T11:11:04+00:00\",\"description\":\"KAK\u0116 MAK\u0116. RAUDONOJI KNYGA,Selemonas Paltanavi\u010diusAPIE PREK\u0118Kak\u0117 Mak\u0117 su \u0161eima pasiruo\u0161\u0117 bene did\u017eiausiam gyvenimo nuotykiui \u2013 susipa\u017einti su nykstan\u010diais Lietuvos gyv\u016bnais ir augalais. Ar pavyks juos i\u0161saugoti? Jiems \u012f pagalb\u0105, pasiraitoj\u0119s rankoves, atskub\u0117jo ir gamtininkas Selemonas Paltanavi\u010dius, kurio patarimai bei atskleistos gamtos paslaptys pad\u0117s ne tik daugiau su\u017einoti apie tai, kas gyvena, pelekais makaluoja, \u010diulba ir \u017enypl\u0117mis \u010deksi Lietuvos gamtoje, bet ir kaip kiekvienas i\u0161 m\u016bs\u0173 galime pad\u0117ti tiems, kuriems labiausiai to reikia.\u00a0Knyga naudinga ir \u012fdomi visai \u0161eimai nuo paties ma\u017eiausio iki didelio!\u00a0Tad, smalsiai nusiteik\u0119, skubame susipa\u017einti su tyleniais juodaisiais gandrais, i\u0161sibla\u0161kiusiais keliaujan\u010diais varliukais ir net \u017eem\u0117s dreb\u0117jimus numatyti mokan\u010diais vij\u016bnais.\u00a0\",\"breadcrumb\":{\"@id\":\"https:\/\/matildoslituanistinemokykla.co.uk\/product\/kake-make-raudonoji-knygaselemonas-paltanavicius\/#breadcrumb\"},\"inLanguage\":\"en-GB\",\"potentialAction\":[{\"@type\":\"ReadAction\",\"target\":[\"https:\/\/matildoslituanistinemokykla.co.uk\/product\/kake-make-raudonoji-knygaselemonas-paltanavicius\/\"]}]},{\"@type\":\"ImageObject\",\"inLanguage\":\"en-GB\",\"@id\":\"https:\/\/matildoslituanistinemokykla.co.uk\/product\/kake-make-raudonoji-knygaselemonas-paltanavicius\/#primaryimage\",\"url\":\"https:\/\/matildoslituanistinemokykla.co.uk\/wp-content\/uploads\/2025\/05\/Screenshot-2025-05-09-at-11.46.54.png\",\"contentUrl\":\"https:\/\/matildoslituanistinemokykla.co.uk\/wp-content\/uploads\/2025\/05\/Screenshot-2025-05-09-at-11.46.54.png\",\"width\":852,\"height\":1038,\"caption\":\"KAK\u0116 MAK\u0116. RAUDONOJI KNYGA\"},{\"@type\":\"BreadcrumbList\",\"@id\":\"https:\/\/matildoslituanistinemokykla.co.uk\/product\/kake-make-raudonoji-knygaselemonas-paltanavicius\/#breadcrumb\",\"itemListElement\":[{\"@type\":\"ListItem\",\"position\":1,\"name\":\"Home\",\"item\":\"https:\/\/matildoslituanistinemokykla.co.uk\/\"},{\"@type\":\"ListItem\",\"position\":2,\"name\":\"Parduotuv\u0117\",\"item\":\"https:\/\/matildoslituanistinemokykla.co.uk\/parduotuve\/\"},{\"@type\":\"ListItem\",\"position\":3,\"name\":\"KAK\u0116 MAK\u0116. RAUDONOJI KNYGA,Selemonas Paltanavi\u010dius\"}]},{\"@type\":\"WebSite\",\"@id\":\"https:\/\/matildoslituanistinemokykla.co.uk\/#website\",\"url\":\"https:\/\/matildoslituanistinemokykla.co.uk\/\",\"name\":\"Matildoslituanistinemokykla\",\"description\":\"\",\"publisher\":{\"@id\":\"https:\/\/matildoslituanistinemokykla.co.uk\/#organization\"},\"potentialAction\":[{\"@type\":\"SearchAction\",\"target\":{\"@type\":\"EntryPoint\",\"urlTemplate\":\"https:\/\/matildoslituanistinemokykla.co.uk\/?s={search_term_string}\"},\"query-input\":{\"@type\":\"PropertyValueSpecification\",\"valueRequired\":true,\"valueName\":\"search_term_string\"}}],\"inLanguage\":\"en-GB\"},{\"@type\":\"Organization\",\"@id\":\"https:\/\/matildoslituanistinemokykla.co.uk\/#organization\",\"name\":\"Matildoslituanistinemokykla\",\"url\":\"https:\/\/matildoslituanistinemokykla.co.uk\/\",\"logo\":{\"@type\":\"ImageObject\",\"inLanguage\":\"en-GB\",\"@id\":\"https:\/\/matildoslituanistinemokykla.co.uk\/#\/schema\/logo\/image\/\",\"url\":\"https:\/\/matildoslituanistinemokykla.co.uk\/wp-content\/uploads\/2023\/08\/Matildos-Lituanistine-mokykla_logo_final.png\",\"contentUrl\":\"https:\/\/matildoslituanistinemokykla.co.uk\/wp-content\/uploads\/2023\/08\/Matildos-Lituanistine-mokykla_logo_final.png\",\"width\":1203,\"height\":947,\"caption\":\"Matildoslituanistinemokykla\"},\"image\":{\"@id\":\"https:\/\/matildoslituanistinemokykla.co.uk\/#\/schema\/logo\/image\/\"}}]}<\/script>\n<!-- \/ Yoast SEO plugin. -->","yoast_head_json":{"title":"KAK\u0116 MAK\u0116. RAUDONOJI KNYGA","description":"KAK\u0116 MAK\u0116. RAUDONOJI KNYGA,Selemonas Paltanavi\u010diusAPIE PREK\u0118Kak\u0117 Mak\u0117 su \u0161eima pasiruo\u0161\u0117 bene did\u017eiausiam gyvenimo nuotykiui \u2013 susipa\u017einti su nykstan\u010diais Lietuvos gyv\u016bnais ir augalais. Ar pavyks juos i\u0161saugoti? Jiems \u012f pagalb\u0105, pasiraitoj\u0119s rankoves, atskub\u0117jo ir gamtininkas Selemonas Paltanavi\u010dius, kurio patarimai bei atskleistos gamtos paslaptys pad\u0117s ne tik daugiau su\u017einoti apie tai, kas gyvena, pelekais makaluoja, \u010diulba ir \u017enypl\u0117mis \u010deksi Lietuvos gamtoje, bet ir kaip kiekvienas i\u0161 m\u016bs\u0173 galime pad\u0117ti tiems, kuriems labiausiai to reikia.\u00a0Knyga naudinga ir \u012fdomi visai \u0161eimai nuo paties ma\u017eiausio iki didelio!\u00a0Tad, smalsiai nusiteik\u0119, skubame susipa\u017einti su tyleniais juodaisiais gandrais, i\u0161sibla\u0161kiusiais keliaujan\u010diais varliukais ir net \u017eem\u0117s dreb\u0117jimus numatyti mokan\u010diais vij\u016bnais.\u00a0","robots":{"index":"index","follow":"follow","max-snippet":"max-snippet:-1","max-image-preview":"max-image-preview:large","max-video-preview":"max-video-preview:-1"},"canonical":"https:\/\/matildoslituanistinemokykla.co.uk\/en\/product\/kake-make-raudonoji-knygaselemonas-paltanavicius\/","og_locale":"en_GB","og_type":"article","og_title":"KAK\u0116 MAK\u0116. RAUDONOJI KNYGA","og_description":"KAK\u0116 MAK\u0116. RAUDONOJI KNYGA,Selemonas Paltanavi\u010diusAPIE PREK\u0118Kak\u0117 Mak\u0117 su \u0161eima pasiruo\u0161\u0117 bene did\u017eiausiam gyvenimo nuotykiui \u2013 susipa\u017einti su nykstan\u010diais Lietuvos gyv\u016bnais ir augalais. Ar pavyks juos i\u0161saugoti? Jiems \u012f pagalb\u0105, pasiraitoj\u0119s rankoves, atskub\u0117jo ir gamtininkas Selemonas Paltanavi\u010dius, kurio patarimai bei atskleistos gamtos paslaptys pad\u0117s ne tik daugiau su\u017einoti apie tai, kas gyvena, pelekais makaluoja, \u010diulba ir \u017enypl\u0117mis \u010deksi Lietuvos gamtoje, bet ir kaip kiekvienas i\u0161 m\u016bs\u0173 galime pad\u0117ti tiems, kuriems labiausiai to reikia.\u00a0Knyga naudinga ir \u012fdomi visai \u0161eimai nuo paties ma\u017eiausio iki didelio!\u00a0Tad, smalsiai nusiteik\u0119, skubame susipa\u017einti su tyleniais juodaisiais gandrais, i\u0161sibla\u0161kiusiais keliaujan\u010diais varliukais ir net \u017eem\u0117s dreb\u0117jimus numatyti mokan\u010diais vij\u016bnais.\u00a0","og_url":"https:\/\/matildoslituanistinemokykla.co.uk\/en\/product\/kake-make-raudonoji-knygaselemonas-paltanavicius\/","og_site_name":"Matildoslituanistinemokykla","article_modified_time":"2025-05-09T11:11:04+00:00","og_image":[{"width":852,"height":1038,"url":"https:\/\/matildoslituanistinemokykla.co.uk\/wp-content\/uploads\/2025\/05\/Screenshot-2025-05-09-at-11.46.54.png","type":"image\/png"}],"twitter_card":"summary_large_image","twitter_misc":{"Estimated reading time":"2 minutes"},"schema":{"@context":"https:\/\/schema.org","@graph":[{"@type":"WebPage","@id":"https:\/\/matildoslituanistinemokykla.co.uk\/product\/kake-make-raudonoji-knygaselemonas-paltanavicius\/","url":"https:\/\/matildoslituanistinemokykla.co.uk\/product\/kake-make-raudonoji-knygaselemonas-paltanavicius\/","name":"KAK\u0116 MAK\u0116. RAUDONOJI KNYGA","isPartOf":{"@id":"https:\/\/matildoslituanistinemokykla.co.uk\/#website"},"primaryImageOfPage":{"@id":"https:\/\/matildoslituanistinemokykla.co.uk\/product\/kake-make-raudonoji-knygaselemonas-paltanavicius\/#primaryimage"},"image":{"@id":"https:\/\/matildoslituanistinemokykla.co.uk\/product\/kake-make-raudonoji-knygaselemonas-paltanavicius\/#primaryimage"},"thumbnailUrl":"https:\/\/matildoslituanistinemokykla.co.uk\/wp-content\/uploads\/2025\/05\/Screenshot-2025-05-09-at-11.46.54.png","datePublished":"2025-05-09T11:00:44+00:00","dateModified":"2025-05-09T11:11:04+00:00","description":"KAK\u0116 MAK\u0116. RAUDONOJI KNYGA,Selemonas Paltanavi\u010diusAPIE PREK\u0118Kak\u0117 Mak\u0117 su \u0161eima pasiruo\u0161\u0117 bene did\u017eiausiam gyvenimo nuotykiui \u2013 susipa\u017einti su nykstan\u010diais Lietuvos gyv\u016bnais ir augalais. Ar pavyks juos i\u0161saugoti? Jiems \u012f pagalb\u0105, pasiraitoj\u0119s rankoves, atskub\u0117jo ir gamtininkas Selemonas Paltanavi\u010dius, kurio patarimai bei atskleistos gamtos paslaptys pad\u0117s ne tik daugiau su\u017einoti apie tai, kas gyvena, pelekais makaluoja, \u010diulba ir \u017enypl\u0117mis \u010deksi Lietuvos gamtoje, bet ir kaip kiekvienas i\u0161 m\u016bs\u0173 galime pad\u0117ti tiems, kuriems labiausiai to reikia.\u00a0Knyga naudinga ir \u012fdomi visai \u0161eimai nuo paties ma\u017eiausio iki didelio!\u00a0Tad, smalsiai nusiteik\u0119, skubame susipa\u017einti su tyleniais juodaisiais gandrais, i\u0161sibla\u0161kiusiais keliaujan\u010diais varliukais ir net \u017eem\u0117s dreb\u0117jimus numatyti mokan\u010diais vij\u016bnais.\u00a0","breadcrumb":{"@id":"https:\/\/matildoslituanistinemokykla.co.uk\/product\/kake-make-raudonoji-knygaselemonas-paltanavicius\/#breadcrumb"},"inLanguage":"en-GB","potentialAction":[{"@type":"ReadAction","target":["https:\/\/matildoslituanistinemokykla.co.uk\/product\/kake-make-raudonoji-knygaselemonas-paltanavicius\/"]}]},{"@type":"ImageObject","inLanguage":"en-GB","@id":"https:\/\/matildoslituanistinemokykla.co.uk\/product\/kake-make-raudonoji-knygaselemonas-paltanavicius\/#primaryimage","url":"https:\/\/matildoslituanistinemokykla.co.uk\/wp-content\/uploads\/2025\/05\/Screenshot-2025-05-09-at-11.46.54.png","contentUrl":"https:\/\/matildoslituanistinemokykla.co.uk\/wp-content\/uploads\/2025\/05\/Screenshot-2025-05-09-at-11.46.54.png","width":852,"height":1038,"caption":"KAK\u0116 MAK\u0116. RAUDONOJI KNYGA"},{"@type":"BreadcrumbList","@id":"https:\/\/matildoslituanistinemokykla.co.uk\/product\/kake-make-raudonoji-knygaselemonas-paltanavicius\/#breadcrumb","itemListElement":[{"@type":"ListItem","position":1,"name":"Home","item":"https:\/\/matildoslituanistinemokykla.co.uk\/"},{"@type":"ListItem","position":2,"name":"Parduotuv\u0117","item":"https:\/\/matildoslituanistinemokykla.co.uk\/parduotuve\/"},{"@type":"ListItem","position":3,"name":"KAK\u0116 MAK\u0116. RAUDONOJI KNYGA,Selemonas Paltanavi\u010dius"}]},{"@type":"WebSite","@id":"https:\/\/matildoslituanistinemokykla.co.uk\/#website","url":"https:\/\/matildoslituanistinemokykla.co.uk\/","name":"Matildoslituanistinemokykla","description":"","publisher":{"@id":"https:\/\/matildoslituanistinemokykla.co.uk\/#organization"},"potentialAction":[{"@type":"SearchAction","target":{"@type":"EntryPoint","urlTemplate":"https:\/\/matildoslituanistinemokykla.co.uk\/?s={search_term_string}"},"query-input":{"@type":"PropertyValueSpecification","valueRequired":true,"valueName":"search_term_string"}}],"inLanguage":"en-GB"},{"@type":"Organization","@id":"https:\/\/matildoslituanistinemokykla.co.uk\/#organization","name":"Matildoslituanistinemokykla","url":"https:\/\/matildoslituanistinemokykla.co.uk\/","logo":{"@type":"ImageObject","inLanguage":"en-GB","@id":"https:\/\/matildoslituanistinemokykla.co.uk\/#\/schema\/logo\/image\/","url":"https:\/\/matildoslituanistinemokykla.co.uk\/wp-content\/uploads\/2023\/08\/Matildos-Lituanistine-mokykla_logo_final.png","contentUrl":"https:\/\/matildoslituanistinemokykla.co.uk\/wp-content\/uploads\/2023\/08\/Matildos-Lituanistine-mokykla_logo_final.png","width":1203,"height":947,"caption":"Matildoslituanistinemokykla"},"image":{"@id":"https:\/\/matildoslituanistinemokykla.co.uk\/#\/schema\/logo\/image\/"}}]}},"_links":{"self":[{"href":"https:\/\/matildoslituanistinemokykla.co.uk\/en\/wp-json\/wp\/v2\/product\/990868","targetHints":{"allow":["GET"]}}],"collection":[{"href":"https:\/\/matildoslituanistinemokykla.co.uk\/en\/wp-json\/wp\/v2\/product"}],"about":[{"href":"https:\/\/matildoslituanistinemokykla.co.uk\/en\/wp-json\/wp\/v2\/types\/product"}],"replies":[{"embeddable":true,"href":"https:\/\/matildoslituanistinemokykla.co.uk\/en\/wp-json\/wp\/v2\/comments?post=990868"}],"wp:featuredmedia":[{"embeddable":true,"href":"https:\/\/matildoslituanistinemokykla.co.uk\/en\/wp-json\/wp\/v2\/media\/990871"}],"wp:attachment":[{"href":"https:\/\/matildoslituanistinemokykla.co.uk\/en\/wp-json\/wp\/v2\/media?parent=990868"}],"wp:term":[{"taxonomy":"product_brand","embeddable":true,"href":"https:\/\/matildoslituanistinemokykla.co.uk\/en\/wp-json\/wp\/v2\/product_brand?post=990868"},{"taxonomy":"product_cat","embeddable":true,"href":"https:\/\/matildoslituanistinemokykla.co.uk\/en\/wp-json\/wp\/v2\/product_cat?post=990868"},{"taxonomy":"product_tag","embeddable":true,"href":"https:\/\/matildoslituanistinemokykla.co.uk\/en\/wp-json\/wp\/v2\/product_tag?post=990868"}],"curies":[{"name":"wp","href":"https:\/\/api.w.org\/{rel}","templated":true}]}}