{"id":990944,"date":"2025-08-28T12:01:38","date_gmt":"2025-08-28T12:01:38","guid":{"rendered":"https:\/\/matildoslituanistinemokykla.co.uk\/?post_type=product&#038;p=990944"},"modified":"2025-10-16T09:31:32","modified_gmt":"2025-10-16T09:31:32","slug":"raganiukes-teatro-spektaklis-pinokis-spalio-19d-13-val-matildos-mokyklos-sveciams","status":"publish","type":"product","link":"https:\/\/matildoslituanistinemokykla.co.uk\/en\/product\/raganiukes-teatro-spektaklis-pinokis-spalio-19d-13-val-matildos-mokyklos-sveciams\/","title":{"rendered":"FOR YOU - Raganiuke Theatre's performance \"Pinocchio\" 19 October at 1 pm For guests of Matilda School"},"content":{"rendered":"<div class=\"vgblk-rw-wrapper limit-wrapper\">\n<h6><strong>Raganiuke Theatre performance \"Pinocchio\" 19 October at 13:00 For guests of Matilda School<\/strong><\/h6>\n<p><strong><em>Another exciting news from the Witch Theatre. Premiere for children - \"Pinocchio\".<\/em><\/strong><\/p>\n<p><strong>Do you want to experience the magic of theatre?<\/strong>\u00a0We invite everyone young and old to a new, colourful performance \"Pinocchio\", which promises not only adventures, but also a heart-touching journey about truth, friendship and the desire to become a real person.<br \/>\nThis lively story, full of music and surprises, tells the story of a boy carved out of wood who embarks on a world full of temptations, mistakes and lessons. Together with Pinocchio, children will learn to recognise what is good and what is not, why it is important to tell the truth and listen to the voice of the heart.<\/p>\n<p><strong>Why see Pinocchio?<\/strong><\/p>\n<p><strong>\ud83c\udf1fA play about truth, friendship and conscience<\/strong><br \/>\nTogether with Pinocchio, children learn to recognise right from wrong, why it is important to tell the truth, keep promises and listen to their hearts.<\/p>\n<p><strong>\ud83c\udf1f Full of music, colour and surprises<\/strong><br \/>\nThis performance is filled with lively music, playful scenes and immersive transformations that spark children's imagination.<\/p>\n<p><strong>\ud83c\udf1f<\/strong> <strong>A hero that every child identifies with<\/strong><br \/>\nPinocchio's mistakes are also very familiar to young viewers. Therefore, the play not only entertains, but also <strong>helps you learn through <\/strong>experience.<\/p>\n<p><strong>\ud83c\udf1f Spectacular set design and creative costumes<\/strong><br \/>\nPinocchio's colourful world - from Geppetto's workshop to Wonderland - comes to life on stage, with meticulously crafted costumes and inventive set design.<\/p>\n<p><strong>Director<\/strong>\u00a0- R. Urbonavi\u010di\u016bt\u0117.<br \/>\n<strong>Costume Designer<\/strong>\u00a0- R. Duden<br \/>\n<strong>Sound and light technician<\/strong>\u00a0- G. Miliauskas.<\/p>\n<p><strong>\ud83c\udfad<\/strong>\u00a0<strong>Cast:\u00a0<\/strong>L. Vinci\u016bnait\u0117, P. Liubinas, E. Paulavi\u010dius, E. Stonis, theatre school students.<br \/>\n\ud83c\udfad\u00a0<strong>A two-part performance.<\/strong>\u00a0Duration 1.5 hours (with break).<br \/>\n\ud83c\udfad\u00a0<strong>N- 4\u00a0<\/strong>The performance is intended for children aged 4 and up.<\/p>\n<h6><\/h6>\n<h6><strong>The performance will take place at Horris Hill School<\/strong><\/h6>\n<p><strong>Horris Hill. Newtown, Newhury, RG20 9DJ<\/strong><\/p>\n<p>&nbsp;<\/p><\/div>\n<p><!-- .vgblk-rw-wrapper --><\/p>","protected":false},"excerpt":{"rendered":"<p>FOR YOU - Raganiuke Theatre's performance \"Pinocchio\" 19 October at 1 pm For guests of Matilda School<\/p>\n<p><strong><em>Another exciting news from the Witch Theatre. Premiere for children - \"Pinocchio\".<\/em><\/strong><\/p>\n<p><strong>Do you want to experience the magic of theatre?<\/strong>\u00a0We invite everyone young and old to a new, colourful performance \"Pinocchio\", which promises not only adventures, but also a heart-touching journey about truth, friendship and the desire to become a real person.<br \/>\nThis lively story, full of music and surprises, tells the story of a boy carved out of wood who embarks on a world full of temptations, mistakes and lessons. Together with Pinocchio, children will learn to recognise what is good and what is not, why it is important to tell the truth and listen to the voice of the heart.<\/p>\n<p><strong>Why see Pinocchio?<\/strong><\/p>\n<p><strong>\ud83c\udf1fA play about truth, friendship and conscience<\/strong><br \/>\nTogether with Pinocchio, children learn to recognise right from wrong, why it is important to tell the truth, keep promises and listen to their hearts.<\/p>\n<p><strong>\ud83c\udf1f Full of music, colour and surprises<\/strong><br \/>\nThis performance is filled with lively music, playful scenes and immersive transformations that spark children's imagination.<\/p>\n<p><strong>\ud83c\udf1f<\/strong> <strong>A hero that every child identifies with<\/strong><br \/>\nPinocchio's mistakes are also very familiar to young viewers. Therefore, the play not only entertains, but also <strong>helps you learn through <\/strong>experience.<\/p>\n<p><strong>\ud83c\udf1f Spectacular set design and creative costumes<\/strong><br \/>\nPinocchio's colourful world - from Geppetto's workshop to Wonderland - comes to life on stage, with meticulously crafted costumes and inventive set design.<\/p>\n<p><strong>Director<\/strong>\u00a0- R. Urbonavi\u010di\u016bt\u0117.<br \/>\n<strong>Costume Designer<\/strong>\u00a0- R. Duden<br \/>\n<strong>Sound and light technician<\/strong>\u00a0- G. Miliauskas.<\/p>\n<p><strong>\ud83c\udfad<\/strong>\u00a0<strong>Cast:\u00a0<\/strong>L. Vinci\u016bnait\u0117, P. Liubinas, E. Paulavi\u010dius, E. Stonis, theatre school students.<br \/>\n\ud83c\udfad\u00a0<strong>A two-part performance.<\/strong>\u00a0Duration 1.5 hours (with break).<br \/>\n\ud83c\udfad\u00a0<strong>N- 4\u00a0<\/strong>The performance is intended for children aged 4 and up.<\/p>\n<h6><\/h6>\n<h6><strong>The performance will take place at Horris Hill School<\/strong><\/h6>\n<p><strong>Horris Hill. Newtown, Newhury, RG20 9DJ<\/strong><\/p>\n<p>&nbsp;<\/p>","protected":false},"featured_media":990945,"comment_status":"closed","ping_status":"closed","template":"","meta":[],"product_brand":[],"product_cat":[102],"product_tag":[],"class_list":{"0":"post-990944","1":"product","2":"type-product","3":"status-publish","4":"has-post-thumbnail","6":"product_cat-bilietai","8":"first","9":"outofstock","10":"shipping-taxable","11":"purchasable","12":"product-type-simple"},"yoast_head":"<!-- This site is optimized with the Yoast SEO plugin v25.8 - https:\/\/yoast.com\/wordpress\/plugins\/seo\/ -->\n<title>SVE\u010cIAMS - Raganiukes teatro spektaklis &quot;Pinokis&quot; Spalio 19d. 13 val. Matildos mokyklos sve\u010diams - Matildoslituanistinemokykla<\/title>\n<meta name=\"robots\" content=\"index, follow, max-snippet:-1, max-image-preview:large, max-video-preview:-1\" \/>\n<link rel=\"canonical\" href=\"https:\/\/matildoslituanistinemokykla.co.uk\/en\/product\/raganiukes-teatro-spektaklis-pinokis-spalio-19d-13-val-matildos-mokyklos-sveciams\/\" \/>\n<meta property=\"og:locale\" content=\"en_GB\" \/>\n<meta property=\"og:type\" content=\"article\" \/>\n<meta property=\"og:title\" content=\"SVE\u010cIAMS - Raganiukes teatro spektaklis &quot;Pinokis&quot; Spalio 19d. 13 val. Matildos mokyklos sve\u010diams - Matildoslituanistinemokykla\" \/>\n<meta property=\"og:description\" content=\"SVE\u010cIAMS - Raganiukes teatro spektaklis &quot;Pinokis&quot; Spalio 19d. 13 val. Matildos mokyklos sve\u010diams  D\u017eiugi dar viena Raganiuk\u0117s teatro naujiena. Premjera vaikams \u2013 \u201cPinokis\u201d.  Ar norite patirti stebukl\u0105 teatre?\u00a0Kvie\u010diame visus ma\u017eus ir didelius \u012f\u00a0nauj\u0105, spalving\u0105 spektakl\u012f \u201ePinokis\u201c, kuris \u017eada ne tik nuotykius, bet ir \u0161ird\u012f palie\u010dian\u010di\u0105 kelion\u0119 apie ties\u0105, draugyst\u0119 ir nor\u0105 tapti tikru \u017emogumi. \u0160i gyvybinga, kupina muzikos ir netik\u0117tum\u0173 istorija pasakoja apie i\u0161 med\u017eio i\u0161dro\u017et\u0105 berniuk\u0105, kuris leid\u017eiasi \u012f pasaul\u012f, kupin\u0105 pagund\u0173, klaid\u0173 ir pamok\u0173. Kartu su Pinokiu vaikai mokysis atpa\u017einti, kas yra gera, o kas \u2013 ne, kod\u0117l svarbu sakyti ties\u0105 ir klausyti \u0161irdies balso.  Kod\u0117l verta pamatyti \u201ePinok\u012f\u201c?  \ud83c\udf1fSpektaklis apie ties\u0105, draugyst\u0119 ir s\u0105\u017ein\u0119 Kartu su Pinokiu vaikai mokosi atpa\u017einti ger\u0105 ir blog\u0105, suprasti, kod\u0117l svarbu sakyti ties\u0105, laikytis pa\u017ead\u0173 ir klausytis \u0161irdies.  \ud83c\udf1f Kupinas muzikos, spalv\u0173 ir netik\u0117tum\u0173 \u0160is spektaklis alsuoja gyva muzika, \u017eaismingomis scenomis ir \u012ftraukiomis transformacijomis, kurios \u017eadina vaik\u0173 vaizduot\u0119.  \ud83c\udf1f Herojus, su kuriuo susitapatina kiekvienas vaikas Pinokio klaidos \u2013 labai pa\u017e\u012fstamos ir ma\u017eiems \u017ei\u016brovams. Tod\u0117l spektaklis ne tik linksmina, bet ir padeda mokytis per patyrim\u0105.  \ud83c\udf1f \u012esp\u016bdinga scenografija ir k\u016brybingi kostiumai Scenoje atgyja spalvingas Pinokio pasaulis \u2013 nuo Geppetto dirbtuv\u0117s iki Stebukl\u0173 \u0161alies, su kruop\u0161\u010diai kurtais kostiumais ir i\u0161radinga scenografija.  Re\u017eisier\u0117\u00a0\u2013 R. Urbonavi\u010di\u016bt\u0117. Kostium\u0173 dailinink\u0117\u00a0\u2013 R. Duden Garso ir \u0161viesos technikas\u00a0\u2013 G. Miliauskas.  \ud83c\udfad\u00a0Vaidina:\u00a0L. Vinci\u016bnait\u0117, P. Liubinas, E. Paulavi\u010dius, E. Stonis, teatro mokyklos mokiniai. \ud83c\udfad\u00a0Dviej\u0173 dali\u0173 spektaklis.\u00a0Trukm\u0117 1,5 val. (Su pertrauka). \ud83c\udfad\u00a0N- 4\u00a0Spektaklis skirtas vaikams nuo 4 met\u0173.  Spektaklis vyks adresu: Horris Hill mokykloje Horris Hill. Newtown, Newhury, RG20 9DJ  &nbsp;\" \/>\n<meta property=\"og:url\" content=\"https:\/\/matildoslituanistinemokykla.co.uk\/en\/product\/raganiukes-teatro-spektaklis-pinokis-spalio-19d-13-val-matildos-mokyklos-sveciams\/\" \/>\n<meta property=\"og:site_name\" content=\"Matildoslituanistinemokykla\" \/>\n<meta property=\"article:modified_time\" content=\"2025-10-16T09:31:32+00:00\" \/>\n<meta property=\"og:image\" content=\"https:\/\/matildoslituanistinemokykla.co.uk\/wp-content\/uploads\/2025\/08\/Screenshot-2025-08-28-at-12.54.32-1.png\" \/>\n\t<meta property=\"og:image:width\" content=\"662\" \/>\n\t<meta property=\"og:image:height\" content=\"458\" \/>\n\t<meta property=\"og:image:type\" content=\"image\/png\" \/>\n<meta name=\"twitter:card\" content=\"summary_large_image\" \/>\n<meta name=\"twitter:label1\" content=\"Estimated reading time\" \/>\n\t<meta name=\"twitter:data1\" content=\"2 minutes\" \/>\n<script type=\"application\/ld+json\" class=\"yoast-schema-graph\">{\"@context\":\"https:\/\/schema.org\",\"@graph\":[{\"@type\":\"WebPage\",\"@id\":\"https:\/\/matildoslituanistinemokykla.co.uk\/product\/raganiukes-teatro-spektaklis-pinokis-spalio-19d-13-val-matildos-mokyklos-sveciams\/\",\"url\":\"https:\/\/matildoslituanistinemokykla.co.uk\/product\/raganiukes-teatro-spektaklis-pinokis-spalio-19d-13-val-matildos-mokyklos-sveciams\/\",\"name\":\"SVE\u010cIAMS - Raganiukes teatro spektaklis \\\"Pinokis\\\" Spalio 19d. 13 val. Matildos mokyklos sve\u010diams - Matildoslituanistinemokykla\",\"isPartOf\":{\"@id\":\"https:\/\/matildoslituanistinemokykla.co.uk\/#website\"},\"primaryImageOfPage\":{\"@id\":\"https:\/\/matildoslituanistinemokykla.co.uk\/product\/raganiukes-teatro-spektaklis-pinokis-spalio-19d-13-val-matildos-mokyklos-sveciams\/#primaryimage\"},\"image\":{\"@id\":\"https:\/\/matildoslituanistinemokykla.co.uk\/product\/raganiukes-teatro-spektaklis-pinokis-spalio-19d-13-val-matildos-mokyklos-sveciams\/#primaryimage\"},\"thumbnailUrl\":\"https:\/\/matildoslituanistinemokykla.co.uk\/wp-content\/uploads\/2025\/08\/Screenshot-2025-08-28-at-12.54.32-1.png\",\"datePublished\":\"2025-08-28T12:01:38+00:00\",\"dateModified\":\"2025-10-16T09:31:32+00:00\",\"breadcrumb\":{\"@id\":\"https:\/\/matildoslituanistinemokykla.co.uk\/product\/raganiukes-teatro-spektaklis-pinokis-spalio-19d-13-val-matildos-mokyklos-sveciams\/#breadcrumb\"},\"inLanguage\":\"en-GB\",\"potentialAction\":[{\"@type\":\"ReadAction\",\"target\":[\"https:\/\/matildoslituanistinemokykla.co.uk\/product\/raganiukes-teatro-spektaklis-pinokis-spalio-19d-13-val-matildos-mokyklos-sveciams\/\"]}]},{\"@type\":\"ImageObject\",\"inLanguage\":\"en-GB\",\"@id\":\"https:\/\/matildoslituanistinemokykla.co.uk\/product\/raganiukes-teatro-spektaklis-pinokis-spalio-19d-13-val-matildos-mokyklos-sveciams\/#primaryimage\",\"url\":\"https:\/\/matildoslituanistinemokykla.co.uk\/wp-content\/uploads\/2025\/08\/Screenshot-2025-08-28-at-12.54.32-1.png\",\"contentUrl\":\"https:\/\/matildoslituanistinemokykla.co.uk\/wp-content\/uploads\/2025\/08\/Screenshot-2025-08-28-at-12.54.32-1.png\",\"width\":662,\"height\":458,\"caption\":\"Raganiukes teatro spektaklis \\\"Pinokis\\\" Spalio 19d. 13 val. Matildos mokyklos sve\u010diams\"},{\"@type\":\"BreadcrumbList\",\"@id\":\"https:\/\/matildoslituanistinemokykla.co.uk\/product\/raganiukes-teatro-spektaklis-pinokis-spalio-19d-13-val-matildos-mokyklos-sveciams\/#breadcrumb\",\"itemListElement\":[{\"@type\":\"ListItem\",\"position\":1,\"name\":\"Home\",\"item\":\"https:\/\/matildoslituanistinemokykla.co.uk\/\"},{\"@type\":\"ListItem\",\"position\":2,\"name\":\"Parduotuv\u0117\",\"item\":\"https:\/\/matildoslituanistinemokykla.co.uk\/parduotuve\/\"},{\"@type\":\"ListItem\",\"position\":3,\"name\":\"SVE\u010cIAMS &#8211; Raganiukes teatro spektaklis &#8220;Pinokis&#8221; Spalio 19d. 13 val. Matildos mokyklos sve\u010diams\"}]},{\"@type\":\"WebSite\",\"@id\":\"https:\/\/matildoslituanistinemokykla.co.uk\/#website\",\"url\":\"https:\/\/matildoslituanistinemokykla.co.uk\/\",\"name\":\"Matildoslituanistinemokykla\",\"description\":\"\",\"publisher\":{\"@id\":\"https:\/\/matildoslituanistinemokykla.co.uk\/#organization\"},\"potentialAction\":[{\"@type\":\"SearchAction\",\"target\":{\"@type\":\"EntryPoint\",\"urlTemplate\":\"https:\/\/matildoslituanistinemokykla.co.uk\/?s={search_term_string}\"},\"query-input\":{\"@type\":\"PropertyValueSpecification\",\"valueRequired\":true,\"valueName\":\"search_term_string\"}}],\"inLanguage\":\"en-GB\"},{\"@type\":\"Organization\",\"@id\":\"https:\/\/matildoslituanistinemokykla.co.uk\/#organization\",\"name\":\"Matildoslituanistinemokykla\",\"url\":\"https:\/\/matildoslituanistinemokykla.co.uk\/\",\"logo\":{\"@type\":\"ImageObject\",\"inLanguage\":\"en-GB\",\"@id\":\"https:\/\/matildoslituanistinemokykla.co.uk\/#\/schema\/logo\/image\/\",\"url\":\"https:\/\/matildoslituanistinemokykla.co.uk\/wp-content\/uploads\/2023\/08\/Matildos-Lituanistine-mokykla_logo_final.png\",\"contentUrl\":\"https:\/\/matildoslituanistinemokykla.co.uk\/wp-content\/uploads\/2023\/08\/Matildos-Lituanistine-mokykla_logo_final.png\",\"width\":1203,\"height\":947,\"caption\":\"Matildoslituanistinemokykla\"},\"image\":{\"@id\":\"https:\/\/matildoslituanistinemokykla.co.uk\/#\/schema\/logo\/image\/\"}}]}<\/script>\n<!-- \/ Yoast SEO plugin. -->","yoast_head_json":{"title":"SVE\u010cIAMS - Raganiukes teatro spektaklis \"Pinokis\" Spalio 19d. 13 val. Matildos mokyklos sve\u010diams - Matildoslituanistinemokykla","robots":{"index":"index","follow":"follow","max-snippet":"max-snippet:-1","max-image-preview":"max-image-preview:large","max-video-preview":"max-video-preview:-1"},"canonical":"https:\/\/matildoslituanistinemokykla.co.uk\/en\/product\/raganiukes-teatro-spektaklis-pinokis-spalio-19d-13-val-matildos-mokyklos-sveciams\/","og_locale":"en_GB","og_type":"article","og_title":"SVE\u010cIAMS - Raganiukes teatro spektaklis \"Pinokis\" Spalio 19d. 13 val. Matildos mokyklos sve\u010diams - Matildoslituanistinemokykla","og_description":"SVE\u010cIAMS - Raganiukes teatro spektaklis \"Pinokis\" Spalio 19d. 13 val. Matildos mokyklos sve\u010diams  D\u017eiugi dar viena Raganiuk\u0117s teatro naujiena. Premjera vaikams \u2013 \u201cPinokis\u201d.  Ar norite patirti stebukl\u0105 teatre?\u00a0Kvie\u010diame visus ma\u017eus ir didelius \u012f\u00a0nauj\u0105, spalving\u0105 spektakl\u012f \u201ePinokis\u201c, kuris \u017eada ne tik nuotykius, bet ir \u0161ird\u012f palie\u010dian\u010di\u0105 kelion\u0119 apie ties\u0105, draugyst\u0119 ir nor\u0105 tapti tikru \u017emogumi. \u0160i gyvybinga, kupina muzikos ir netik\u0117tum\u0173 istorija pasakoja apie i\u0161 med\u017eio i\u0161dro\u017et\u0105 berniuk\u0105, kuris leid\u017eiasi \u012f pasaul\u012f, kupin\u0105 pagund\u0173, klaid\u0173 ir pamok\u0173. Kartu su Pinokiu vaikai mokysis atpa\u017einti, kas yra gera, o kas \u2013 ne, kod\u0117l svarbu sakyti ties\u0105 ir klausyti \u0161irdies balso.  Kod\u0117l verta pamatyti \u201ePinok\u012f\u201c?  \ud83c\udf1fSpektaklis apie ties\u0105, draugyst\u0119 ir s\u0105\u017ein\u0119 Kartu su Pinokiu vaikai mokosi atpa\u017einti ger\u0105 ir blog\u0105, suprasti, kod\u0117l svarbu sakyti ties\u0105, laikytis pa\u017ead\u0173 ir klausytis \u0161irdies.  \ud83c\udf1f Kupinas muzikos, spalv\u0173 ir netik\u0117tum\u0173 \u0160is spektaklis alsuoja gyva muzika, \u017eaismingomis scenomis ir \u012ftraukiomis transformacijomis, kurios \u017eadina vaik\u0173 vaizduot\u0119.  \ud83c\udf1f Herojus, su kuriuo susitapatina kiekvienas vaikas Pinokio klaidos \u2013 labai pa\u017e\u012fstamos ir ma\u017eiems \u017ei\u016brovams. Tod\u0117l spektaklis ne tik linksmina, bet ir padeda mokytis per patyrim\u0105.  \ud83c\udf1f \u012esp\u016bdinga scenografija ir k\u016brybingi kostiumai Scenoje atgyja spalvingas Pinokio pasaulis \u2013 nuo Geppetto dirbtuv\u0117s iki Stebukl\u0173 \u0161alies, su kruop\u0161\u010diai kurtais kostiumais ir i\u0161radinga scenografija.  Re\u017eisier\u0117\u00a0\u2013 R. Urbonavi\u010di\u016bt\u0117. Kostium\u0173 dailinink\u0117\u00a0\u2013 R. Duden Garso ir \u0161viesos technikas\u00a0\u2013 G. Miliauskas.  \ud83c\udfad\u00a0Vaidina:\u00a0L. Vinci\u016bnait\u0117, P. Liubinas, E. Paulavi\u010dius, E. Stonis, teatro mokyklos mokiniai. \ud83c\udfad\u00a0Dviej\u0173 dali\u0173 spektaklis.\u00a0Trukm\u0117 1,5 val. (Su pertrauka). \ud83c\udfad\u00a0N- 4\u00a0Spektaklis skirtas vaikams nuo 4 met\u0173.  Spektaklis vyks adresu: Horris Hill mokykloje Horris Hill. Newtown, Newhury, RG20 9DJ  &nbsp;","og_url":"https:\/\/matildoslituanistinemokykla.co.uk\/en\/product\/raganiukes-teatro-spektaklis-pinokis-spalio-19d-13-val-matildos-mokyklos-sveciams\/","og_site_name":"Matildoslituanistinemokykla","article_modified_time":"2025-10-16T09:31:32+00:00","og_image":[{"width":662,"height":458,"url":"https:\/\/matildoslituanistinemokykla.co.uk\/wp-content\/uploads\/2025\/08\/Screenshot-2025-08-28-at-12.54.32-1.png","type":"image\/png"}],"twitter_card":"summary_large_image","twitter_misc":{"Estimated reading time":"2 minutes"},"schema":{"@context":"https:\/\/schema.org","@graph":[{"@type":"WebPage","@id":"https:\/\/matildoslituanistinemokykla.co.uk\/product\/raganiukes-teatro-spektaklis-pinokis-spalio-19d-13-val-matildos-mokyklos-sveciams\/","url":"https:\/\/matildoslituanistinemokykla.co.uk\/product\/raganiukes-teatro-spektaklis-pinokis-spalio-19d-13-val-matildos-mokyklos-sveciams\/","name":"SVE\u010cIAMS - Raganiukes teatro spektaklis \"Pinokis\" Spalio 19d. 13 val. Matildos mokyklos sve\u010diams - Matildoslituanistinemokykla","isPartOf":{"@id":"https:\/\/matildoslituanistinemokykla.co.uk\/#website"},"primaryImageOfPage":{"@id":"https:\/\/matildoslituanistinemokykla.co.uk\/product\/raganiukes-teatro-spektaklis-pinokis-spalio-19d-13-val-matildos-mokyklos-sveciams\/#primaryimage"},"image":{"@id":"https:\/\/matildoslituanistinemokykla.co.uk\/product\/raganiukes-teatro-spektaklis-pinokis-spalio-19d-13-val-matildos-mokyklos-sveciams\/#primaryimage"},"thumbnailUrl":"https:\/\/matildoslituanistinemokykla.co.uk\/wp-content\/uploads\/2025\/08\/Screenshot-2025-08-28-at-12.54.32-1.png","datePublished":"2025-08-28T12:01:38+00:00","dateModified":"2025-10-16T09:31:32+00:00","breadcrumb":{"@id":"https:\/\/matildoslituanistinemokykla.co.uk\/product\/raganiukes-teatro-spektaklis-pinokis-spalio-19d-13-val-matildos-mokyklos-sveciams\/#breadcrumb"},"inLanguage":"en-GB","potentialAction":[{"@type":"ReadAction","target":["https:\/\/matildoslituanistinemokykla.co.uk\/product\/raganiukes-teatro-spektaklis-pinokis-spalio-19d-13-val-matildos-mokyklos-sveciams\/"]}]},{"@type":"ImageObject","inLanguage":"en-GB","@id":"https:\/\/matildoslituanistinemokykla.co.uk\/product\/raganiukes-teatro-spektaklis-pinokis-spalio-19d-13-val-matildos-mokyklos-sveciams\/#primaryimage","url":"https:\/\/matildoslituanistinemokykla.co.uk\/wp-content\/uploads\/2025\/08\/Screenshot-2025-08-28-at-12.54.32-1.png","contentUrl":"https:\/\/matildoslituanistinemokykla.co.uk\/wp-content\/uploads\/2025\/08\/Screenshot-2025-08-28-at-12.54.32-1.png","width":662,"height":458,"caption":"Raganiukes teatro spektaklis \"Pinokis\" Spalio 19d. 13 val. Matildos mokyklos sve\u010diams"},{"@type":"BreadcrumbList","@id":"https:\/\/matildoslituanistinemokykla.co.uk\/product\/raganiukes-teatro-spektaklis-pinokis-spalio-19d-13-val-matildos-mokyklos-sveciams\/#breadcrumb","itemListElement":[{"@type":"ListItem","position":1,"name":"Home","item":"https:\/\/matildoslituanistinemokykla.co.uk\/"},{"@type":"ListItem","position":2,"name":"Parduotuv\u0117","item":"https:\/\/matildoslituanistinemokykla.co.uk\/parduotuve\/"},{"@type":"ListItem","position":3,"name":"SVE\u010cIAMS &#8211; Raganiukes teatro spektaklis &#8220;Pinokis&#8221; Spalio 19d. 13 val. Matildos mokyklos sve\u010diams"}]},{"@type":"WebSite","@id":"https:\/\/matildoslituanistinemokykla.co.uk\/#website","url":"https:\/\/matildoslituanistinemokykla.co.uk\/","name":"Matildoslituanistinemokykla","description":"","publisher":{"@id":"https:\/\/matildoslituanistinemokykla.co.uk\/#organization"},"potentialAction":[{"@type":"SearchAction","target":{"@type":"EntryPoint","urlTemplate":"https:\/\/matildoslituanistinemokykla.co.uk\/?s={search_term_string}"},"query-input":{"@type":"PropertyValueSpecification","valueRequired":true,"valueName":"search_term_string"}}],"inLanguage":"en-GB"},{"@type":"Organization","@id":"https:\/\/matildoslituanistinemokykla.co.uk\/#organization","name":"Matildoslituanistinemokykla","url":"https:\/\/matildoslituanistinemokykla.co.uk\/","logo":{"@type":"ImageObject","inLanguage":"en-GB","@id":"https:\/\/matildoslituanistinemokykla.co.uk\/#\/schema\/logo\/image\/","url":"https:\/\/matildoslituanistinemokykla.co.uk\/wp-content\/uploads\/2023\/08\/Matildos-Lituanistine-mokykla_logo_final.png","contentUrl":"https:\/\/matildoslituanistinemokykla.co.uk\/wp-content\/uploads\/2023\/08\/Matildos-Lituanistine-mokykla_logo_final.png","width":1203,"height":947,"caption":"Matildoslituanistinemokykla"},"image":{"@id":"https:\/\/matildoslituanistinemokykla.co.uk\/#\/schema\/logo\/image\/"}}]}},"_links":{"self":[{"href":"https:\/\/matildoslituanistinemokykla.co.uk\/en\/wp-json\/wp\/v2\/product\/990944","targetHints":{"allow":["GET"]}}],"collection":[{"href":"https:\/\/matildoslituanistinemokykla.co.uk\/en\/wp-json\/wp\/v2\/product"}],"about":[{"href":"https:\/\/matildoslituanistinemokykla.co.uk\/en\/wp-json\/wp\/v2\/types\/product"}],"replies":[{"embeddable":true,"href":"https:\/\/matildoslituanistinemokykla.co.uk\/en\/wp-json\/wp\/v2\/comments?post=990944"}],"wp:featuredmedia":[{"embeddable":true,"href":"https:\/\/matildoslituanistinemokykla.co.uk\/en\/wp-json\/wp\/v2\/media\/990945"}],"wp:attachment":[{"href":"https:\/\/matildoslituanistinemokykla.co.uk\/en\/wp-json\/wp\/v2\/media?parent=990944"}],"wp:term":[{"taxonomy":"product_brand","embeddable":true,"href":"https:\/\/matildoslituanistinemokykla.co.uk\/en\/wp-json\/wp\/v2\/product_brand?post=990944"},{"taxonomy":"product_cat","embeddable":true,"href":"https:\/\/matildoslituanistinemokykla.co.uk\/en\/wp-json\/wp\/v2\/product_cat?post=990944"},{"taxonomy":"product_tag","embeddable":true,"href":"https:\/\/matildoslituanistinemokykla.co.uk\/en\/wp-json\/wp\/v2\/product_tag?post=990944"}],"curies":[{"name":"wp","href":"https:\/\/api.w.org\/{rel}","templated":true}]}}