{"id":991076,"date":"2026-03-05T11:55:25","date_gmt":"2026-03-05T11:55:25","guid":{"rendered":"https:\/\/matildoslituanistinemokykla.co.uk\/?post_type=product&#038;p=991076"},"modified":"2026-03-05T12:00:20","modified_gmt":"2026-03-05T12:00:20","slug":"matildos-lituanistines-mokyklos-dzemperis","status":"publish","type":"product","link":"https:\/\/matildoslituanistinemokykla.co.uk\/en\/product\/matildos-lituanistines-mokyklos-dzemperis\/","title":{"rendered":"Matildos lituanistin\u0117s mokyklos d\u017eemperis \u2013 Fruit of the Loom"},"content":{"rendered":"<div class=\"vgblk-rw-wrapper limit-wrapper\">\n<p data-start=\"787\" data-end=\"852\"><strong data-start=\"787\" data-end=\"852\">Matildos lituanistin\u0117s mokyklos d\u017eemperis \u2013 Fruit of the Loom<\/strong><\/p>\n<p data-start=\"2133\" data-end=\"2483\">\n<p data-start=\"2133\" data-end=\"2483\"><strong data-start=\"2133\" data-end=\"2230\">Fruit of the Loom Classic 80\/20 Kids Hooded Sweat \u2013 Matildos lituanistin\u0117s mokyklos d\u017eemperis<\/strong> yra patogus, patvarus ir prakti\u0161kas vaiki\u0161kas d\u017eemperis su gobtuvu, puikiai tinkantis mokyklai ir kasdieniam d\u0117v\u0117jimui. Pagamintas i\u0161 auk\u0161tos kokyb\u0117s <strong data-start=\"2381\" data-end=\"2419\">80 % medviln\u0117s ir 20 % poliesterio<\/strong> audinio, \u0161is d\u017eemperis yra mink\u0161tas, kv\u0117puojantis ir ilgaam\u017eis.<\/p>\n<p data-start=\"2485\" data-end=\"2758\"><strong data-start=\"2485\" data-end=\"2496\">280 gsm<\/strong> audinio svoris u\u017etikrina puik\u0173 komforto ir tvirtumo balans\u0105. <strong data-start=\"2558\" data-end=\"2598\">Dvigubo audinio gobtuvas be virveli\u0173<\/strong> atitinka <strong data-start=\"2608\" data-end=\"2654\">Europos vaik\u0173 drabu\u017ei\u0173 saugos reikalavimus<\/strong>, tod\u0117l yra saugus vaikams. Prakti\u0161ka <strong data-start=\"2692\" data-end=\"2720\">priekin\u0117 keng\u016bros ki\u0161en\u0117<\/strong> suteikia patogumo ir \u0161ilumos rankoms.<\/p>\n<p data-start=\"2760\" data-end=\"2987\">D\u017eemperis sukurtas patogiam kasdieniam d\u0117v\u0117jimui \u2013 <strong data-start=\"2811\" data-end=\"2857\">medviln\u0117s ir Lycra\u00ae rankogaliai bei apa\u010dia<\/strong> padeda i\u0161laikyti form\u0105 ir suteikia patog\u0173 prigludim\u0105. <strong data-start=\"2912\" data-end=\"2942\">Single Jersey kaklo juosta<\/strong> vidin\u0117je dalyje suteikia papildomo komforto.<\/p>\n<p data-start=\"2989\" data-end=\"3129\">\u0160is modelis puikiai tinka kaip <strong data-start=\"3020\" data-end=\"3065\">Matildos lituanistin\u0117s mokyklos d\u017eemperis<\/strong>, skirtas mokyklai, sportui, renginiams ar kasdieniam d\u0117v\u0117jimui.<\/p>\n<h3 data-start=\"3131\" data-end=\"3154\">Pagrindin\u0117s savyb\u0117s<\/h3>\n<ul data-start=\"3155\" data-end=\"3517\">\n<li data-start=\"3155\" data-end=\"3223\">\n<p data-start=\"3157\" data-end=\"3223\">Mink\u0161tas ir patvarus <strong data-start=\"3178\" data-end=\"3223\">80 % medviln\u0117s \/ 20 % poliesterio audinys<\/strong><\/p>\n<\/li>\n<li data-start=\"3224\" data-end=\"3252\">\n<p data-start=\"3226\" data-end=\"3252\"><strong data-start=\"3226\" data-end=\"3237\">280 gsm<\/strong> audinio svoris<\/p>\n<\/li>\n<li data-start=\"3253\" data-end=\"3312\">\n<p data-start=\"3255\" data-end=\"3312\"><strong data-start=\"3255\" data-end=\"3295\">Dvigubo audinio gobtuvas be virveli\u0173<\/strong> \u2013 saugus vaikams<\/p>\n<\/li>\n<li data-start=\"3313\" data-end=\"3350\">\n<p data-start=\"3315\" data-end=\"3350\">Patogi <strong data-start=\"3322\" data-end=\"3350\">priekin\u0117 keng\u016bros ki\u0161en\u0117<\/strong><\/p>\n<\/li>\n<li data-start=\"3351\" data-end=\"3396\">\n<p data-start=\"3353\" data-end=\"3396\"><strong data-start=\"3353\" data-end=\"3396\">Medviln\u0117s\/Lycra\u00ae rankogaliai ir juosmuo<\/strong><\/p>\n<\/li>\n<li data-start=\"3397\" data-end=\"3450\">\n<p data-start=\"3399\" data-end=\"3450\"><strong data-start=\"3399\" data-end=\"3429\">Single Jersey kaklo juosta<\/strong> papildomam komfortui<\/p>\n<\/li>\n<li data-start=\"3451\" data-end=\"3517\">\n<p data-start=\"3453\" data-end=\"3517\">Puikiai tinka kaip <strong data-start=\"3472\" data-end=\"3517\">Matildos lituanistin\u0117s mokyklos d\u017eemperis<\/strong><\/p>\n<\/li>\n<\/ul>\n<h3 data-start=\"3519\" data-end=\"3537\">Galimi dyd\u017eiai<\/h3>\n<p data-start=\"3538\" data-end=\"3585\"><strong data-start=\"3538\" data-end=\"3585\">5\u20136 m., 7\u20138 m., 9\u201311 m., 12\u201313 m., 14\u201315 m.<\/strong><\/p>\n<h3 data-start=\"3587\" data-end=\"3614\">Prie\u017ei\u016bros instrukcijos<\/h3>\n<ul data-start=\"3615\" data-end=\"3754\">\n<li data-start=\"3615\" data-end=\"3634\">\n<p data-start=\"3617\" data-end=\"3634\">Skalbti <strong data-start=\"3625\" data-end=\"3634\">40 \u00b0C<\/strong><\/p>\n<\/li>\n<li data-start=\"3635\" data-end=\"3648\">\n<p data-start=\"3637\" data-end=\"3648\">Nebalinti<\/p>\n<\/li>\n<li data-start=\"3649\" data-end=\"3683\">\n<p data-start=\"3651\" data-end=\"3683\">D\u017eiovinti \u017eemoje temperat\u016broje<\/p>\n<\/li>\n<li data-start=\"3684\" data-end=\"3727\">\n<p data-start=\"3686\" data-end=\"3727\">Lyginti vidutine temperat\u016bra (1 ta\u0161kas)<\/p>\n<\/li>\n<li data-start=\"3728\" data-end=\"3754\">\n<p data-start=\"3730\" data-end=\"3754\">Nevalyti cheminiu b\u016bdu<\/p>\n<\/li>\n<\/ul>\n<h3 data-start=\"112\" data-end=\"201\"><\/h3>\n<p data-start=\"33\" data-end=\"108\"><strong data-start=\"33\" data-end=\"108\">Matildos Lithuanian School Jumper \u2013 Fruit of the Loom Kids Hooded Sweat<\/strong><\/p>\n<p data-start=\"203\" data-end=\"615\">\n<p data-start=\"203\" data-end=\"615\">The <strong data-start=\"207\" data-end=\"296\">Fruit of the Loom Classic 80\/20 Kids Hooded Sweat \u2013 Matildos Lithuanian School Jumper<\/strong> is a comfortable, durable and practical hoodie designed for everyday wear and school activities. Made from a high-quality <strong data-start=\"419\" data-end=\"457\">80% cotton and 20% polyester blend<\/strong>, this soft and breathable sweatshirt provides warmth, comfort and long-lasting durability, making it ideal for school, sports, events, clubs and casual wear.<\/p>\n<p data-start=\"617\" data-end=\"975\">With a <strong data-start=\"624\" data-end=\"648\">280gsm fabric weight<\/strong>, this kids hoodie offers the perfect balance of softness and strength. The <strong data-start=\"724\" data-end=\"763\">double fabric hood without drawcord<\/strong> complies with <strong data-start=\"778\" data-end=\"823\">European childrenswear safety legislation<\/strong>, ensuring a safe and comfortable fit for children. A practical <strong data-start=\"887\" data-end=\"912\">front kangaroo pocket<\/strong> adds functionality and provides a cosy place for little hands.<\/p>\n<p data-start=\"977\" data-end=\"1260\">Designed for all-day comfort, the hoodie features <strong data-start=\"1027\" data-end=\"1071\">cotton\/Lycra\u00ae ribbed cuffs and waistband<\/strong> that help the garment maintain its shape while providing a snug, flexible fit. The <strong data-start=\"1155\" data-end=\"1187\">single jersey back neck tape<\/strong> enhances comfort and durability, making it suitable for active children.<\/p>\n<p data-start=\"1262\" data-end=\"1408\">This hoodie is perfect as a <strong data-start=\"1290\" data-end=\"1327\">Matildos Lithuanian School jumper<\/strong>, suitable for school wear, sports, school trips, events and everyday activities.<\/p>\n<h3 data-start=\"1410\" data-end=\"1426\">Key Features<\/h3>\n<ul data-start=\"1427\" data-end=\"1781\">\n<li data-start=\"1427\" data-end=\"1483\">\n<p data-start=\"1429\" data-end=\"1483\">Soft and durable <strong data-start=\"1446\" data-end=\"1483\">80% Cotton \/ 20% Polyester fabric<\/strong><\/p>\n<\/li>\n<li data-start=\"1484\" data-end=\"1515\">\n<p data-start=\"1486\" data-end=\"1515\">Comfortable <strong data-start=\"1498\" data-end=\"1515\">280gsm weight<\/strong><\/p>\n<\/li>\n<li data-start=\"1516\" data-end=\"1574\">\n<p data-start=\"1518\" data-end=\"1574\"><strong data-start=\"1518\" data-end=\"1557\">Double fabric hood without drawcord<\/strong> for child safety<\/p>\n<\/li>\n<li data-start=\"1575\" data-end=\"1612\">\n<p data-start=\"1577\" data-end=\"1612\">Practical <strong data-start=\"1587\" data-end=\"1612\">front kangaroo pocket<\/strong><\/p>\n<\/li>\n<li data-start=\"1613\" data-end=\"1679\">\n<p data-start=\"1615\" data-end=\"1679\"><strong data-start=\"1615\" data-end=\"1659\">Cotton\/Lycra\u00ae ribbed cuffs and waistband<\/strong> for shape retention<\/p>\n<\/li>\n<li data-start=\"1680\" data-end=\"1732\">\n<p data-start=\"1682\" data-end=\"1732\"><strong data-start=\"1682\" data-end=\"1714\">Single jersey back neck tape<\/strong> for extra comfort<\/p>\n<\/li>\n<li data-start=\"1733\" data-end=\"1781\">\n<p data-start=\"1735\" data-end=\"1781\">Ideal as <strong data-start=\"1744\" data-end=\"1781\">Matildos Lithuanian School jumper<\/strong><\/p>\n<\/li>\n<\/ul>\n<h3 data-start=\"1783\" data-end=\"1802\">Available Sizes<\/h3>\n<p data-start=\"1803\" data-end=\"1865\"><strong data-start=\"1803\" data-end=\"1865\">5\u20136 years, 7\u20138 years, 9\u201311 years, 12\u201313 years, 14\u201315 years<\/strong><\/p>\n<h3 data-start=\"1867\" data-end=\"1888\">Care Instructions<\/h3>\n<ul data-start=\"1889\" data-end=\"1992\">\n<li data-start=\"1889\" data-end=\"1912\">\n<p data-start=\"1891\" data-end=\"1912\">Machine wash <strong data-start=\"1904\" data-end=\"1912\">40\u00b0C<\/strong><\/p>\n<\/li>\n<li data-start=\"1913\" data-end=\"1930\">\n<p data-start=\"1915\" data-end=\"1930\">Do not bleach<\/p>\n<\/li>\n<li data-start=\"1931\" data-end=\"1949\">\n<p data-start=\"1933\" data-end=\"1949\">Tumble dry low<\/p>\n<\/li>\n<li data-start=\"1950\" data-end=\"1971\">\n<p data-start=\"1952\" data-end=\"1971\">Warm iron (1 dot)<\/p>\n<\/li>\n<li data-start=\"1972\" data-end=\"1992\">\n<p data-start=\"1974\" data-end=\"1992\">Do not dry clean<\/p>\n<\/li>\n<\/ul>\n<\/div>\n<p><!-- .vgblk-rw-wrapper --><\/p>","protected":false},"excerpt":{"rendered":"<p data-start=\"787\" data-end=\"852\"><strong data-start=\"787\" data-end=\"852\">Matildos lituanistin\u0117s mokyklos d\u017eemperis \u2013 Fruit of the Loom<\/strong><\/p>\n<p data-start=\"854\" data-end=\"1212\">Patogus ir kokybi\u0161kas <strong data-start=\"876\" data-end=\"921\">Matildos lituanistin\u0117s mokyklos d\u017eemperis<\/strong> su gobtuvu, pagamintas i\u0161 <strong data-start=\"948\" data-end=\"986\">80 % medviln\u0117s ir 20 % poliesterio<\/strong> (280gsm). D\u017eemperis turi <strong data-start=\"1012\" data-end=\"1051\">dvigubo audinio gobtuv\u0105 be virveli\u0173<\/strong>, patogi\u0105 <strong data-start=\"1061\" data-end=\"1080\">keng\u016bros ki\u0161en\u0119<\/strong> and <strong data-start=\"1084\" data-end=\"1129\">medviln\u0117s\/Lycra\u00ae rankogalius bei juosmen\u012f<\/strong>, u\u017etikrinan\u010dius patog\u0173 prigludim\u0105. Puikiai tinka mokyklai ir kasdieniam d\u0117v\u0117jimui.<\/p>\n<p data-start=\"1214\" data-end=\"1261\"><strong data-start=\"1214\" data-end=\"1226\">Sizes:<\/strong> 5\u20136, 7\u20138, 9\u201311, 12\u201313, 14\u201315 met\u0173.<\/p>\n<p data-start=\"33\" data-end=\"108\"><strong data-start=\"33\" data-end=\"108\">Matildos Lithuanian School Jumper \u2013 Fruit of the Loom Kids Hooded Sweat<\/strong><\/p>\n<p data-start=\"110\" data-end=\"484\">Comfortable and durable <strong data-start=\"134\" data-end=\"171\">Matildos Lithuanian School jumper<\/strong> made from a soft <strong data-start=\"189\" data-end=\"219\">80% cotton \/ 20% polyester<\/strong> fabric (280gsm). The hoodie features a <strong data-start=\"259\" data-end=\"298\">double fabric hood without drawcord<\/strong> for child safety, a practical <strong data-start=\"329\" data-end=\"354\">front kangaroo pocket<\/strong>, and <strong data-start=\"360\" data-end=\"404\">cotton\/Lycra\u00ae ribbed cuffs and waistband<\/strong> for a comfortable fit. Perfect for school activities, sports and everyday wear.<\/p>\n<p data-start=\"486\" data-end=\"542\"><strong data-start=\"486\" data-end=\"506\">Available sizes:<\/strong> 5\u20136, 7\u20138, 9\u201311, 12\u201313, 14\u201315 years.<\/p>","protected":false},"featured_media":991077,"comment_status":"closed","ping_status":"closed","template":"","meta":[],"product_brand":[],"product_cat":[66],"product_tag":[],"class_list":{"0":"post-991076","1":"product","2":"type-product","3":"status-publish","4":"has-post-thumbnail","6":"product_cat-rubai","8":"first","9":"instock","10":"shipping-taxable","11":"purchasable","12":"product-type-variable"},"yoast_head":"<!-- This site is optimized with the Yoast SEO plugin v25.8 - https:\/\/yoast.com\/wordpress\/plugins\/seo\/ -->\n<title>Matildos lituanistin\u0117s mokyklos d\u017eemperis<\/title>\n<meta name=\"description\" content=\"Matildos lituanistin\u0117s mokyklos d\u017eemperis \u2013 Fruit of the Loom vaiki\u0161kas d\u017eemperis su gobtuvu i\u0161 80 % medviln\u0117s. Dyd\u017eiai 5\u201315 met\u0173.\" \/>\n<meta name=\"robots\" content=\"index, follow, max-snippet:-1, max-image-preview:large, max-video-preview:-1\" \/>\n<link rel=\"canonical\" href=\"https:\/\/matildoslituanistinemokykla.co.uk\/en\/product\/matildos-lituanistines-mokyklos-dzemperis\/\" \/>\n<meta property=\"og:locale\" content=\"en_GB\" \/>\n<meta property=\"og:type\" content=\"article\" \/>\n<meta property=\"og:title\" content=\"Matildos lituanistin\u0117s mokyklos d\u017eemperis\" \/>\n<meta property=\"og:description\" content=\"Matildos lituanistin\u0117s mokyklos d\u017eemperis \u2013 Fruit of the Loom vaiki\u0161kas d\u017eemperis su gobtuvu i\u0161 80 % medviln\u0117s. Dyd\u017eiai 5\u201315 met\u0173.\" \/>\n<meta property=\"og:url\" content=\"https:\/\/matildoslituanistinemokykla.co.uk\/en\/product\/matildos-lituanistines-mokyklos-dzemperis\/\" \/>\n<meta property=\"og:site_name\" content=\"Matildoslituanistinemokykla\" \/>\n<meta property=\"article:modified_time\" content=\"2026-03-05T12:00:20+00:00\" \/>\n<meta property=\"og:image\" content=\"https:\/\/matildoslituanistinemokykla.co.uk\/wp-content\/uploads\/2026\/03\/IMG_4251-scaled.jpg\" \/>\n\t<meta property=\"og:image:width\" content=\"1440\" \/>\n\t<meta property=\"og:image:height\" content=\"2560\" \/>\n\t<meta property=\"og:image:type\" content=\"image\/jpeg\" \/>\n<meta name=\"twitter:card\" content=\"summary_large_image\" \/>\n<meta name=\"twitter:label1\" content=\"Estimated reading time\" \/>\n\t<meta name=\"twitter:data1\" content=\"3 minutes\" \/>\n<script type=\"application\/ld+json\" class=\"yoast-schema-graph\">{\"@context\":\"https:\/\/schema.org\",\"@graph\":[{\"@type\":\"WebPage\",\"@id\":\"https:\/\/matildoslituanistinemokykla.co.uk\/product\/matildos-lituanistines-mokyklos-dzemperis\/\",\"url\":\"https:\/\/matildoslituanistinemokykla.co.uk\/product\/matildos-lituanistines-mokyklos-dzemperis\/\",\"name\":\"Matildos lituanistin\u0117s mokyklos d\u017eemperis\",\"isPartOf\":{\"@id\":\"https:\/\/matildoslituanistinemokykla.co.uk\/#website\"},\"primaryImageOfPage\":{\"@id\":\"https:\/\/matildoslituanistinemokykla.co.uk\/product\/matildos-lituanistines-mokyklos-dzemperis\/#primaryimage\"},\"image\":{\"@id\":\"https:\/\/matildoslituanistinemokykla.co.uk\/product\/matildos-lituanistines-mokyklos-dzemperis\/#primaryimage\"},\"thumbnailUrl\":\"https:\/\/matildoslituanistinemokykla.co.uk\/wp-content\/uploads\/2026\/03\/IMG_4251-scaled.jpg\",\"datePublished\":\"2026-03-05T11:55:25+00:00\",\"dateModified\":\"2026-03-05T12:00:20+00:00\",\"description\":\"Matildos lituanistin\u0117s mokyklos d\u017eemperis \u2013 Fruit of the Loom vaiki\u0161kas d\u017eemperis su gobtuvu i\u0161 80 % medviln\u0117s. Dyd\u017eiai 5\u201315 met\u0173.\",\"breadcrumb\":{\"@id\":\"https:\/\/matildoslituanistinemokykla.co.uk\/product\/matildos-lituanistines-mokyklos-dzemperis\/#breadcrumb\"},\"inLanguage\":\"en-GB\",\"potentialAction\":[{\"@type\":\"ReadAction\",\"target\":[\"https:\/\/matildoslituanistinemokykla.co.uk\/product\/matildos-lituanistines-mokyklos-dzemperis\/\"]}]},{\"@type\":\"ImageObject\",\"inLanguage\":\"en-GB\",\"@id\":\"https:\/\/matildoslituanistinemokykla.co.uk\/product\/matildos-lituanistines-mokyklos-dzemperis\/#primaryimage\",\"url\":\"https:\/\/matildoslituanistinemokykla.co.uk\/wp-content\/uploads\/2026\/03\/IMG_4251-scaled.jpg\",\"contentUrl\":\"https:\/\/matildoslituanistinemokykla.co.uk\/wp-content\/uploads\/2026\/03\/IMG_4251-scaled.jpg\",\"width\":1440,\"height\":2560,\"caption\":\"Matildos Lituanistin\u0117s Mokyklos D\u017eemperis - Fruit of the Loom Classic 80\/20 Vaiki\u0161kas D\u017eemperis su Gobtuvu\"},{\"@type\":\"BreadcrumbList\",\"@id\":\"https:\/\/matildoslituanistinemokykla.co.uk\/product\/matildos-lituanistines-mokyklos-dzemperis\/#breadcrumb\",\"itemListElement\":[{\"@type\":\"ListItem\",\"position\":1,\"name\":\"Home\",\"item\":\"https:\/\/matildoslituanistinemokykla.co.uk\/\"},{\"@type\":\"ListItem\",\"position\":2,\"name\":\"Parduotuv\u0117\",\"item\":\"https:\/\/matildoslituanistinemokykla.co.uk\/parduotuve\/\"},{\"@type\":\"ListItem\",\"position\":3,\"name\":\"Matildos lituanistin\u0117s mokyklos d\u017eemperis \u2013 Fruit of the Loom\"}]},{\"@type\":\"WebSite\",\"@id\":\"https:\/\/matildoslituanistinemokykla.co.uk\/#website\",\"url\":\"https:\/\/matildoslituanistinemokykla.co.uk\/\",\"name\":\"Matildoslituanistinemokykla\",\"description\":\"\",\"publisher\":{\"@id\":\"https:\/\/matildoslituanistinemokykla.co.uk\/#organization\"},\"potentialAction\":[{\"@type\":\"SearchAction\",\"target\":{\"@type\":\"EntryPoint\",\"urlTemplate\":\"https:\/\/matildoslituanistinemokykla.co.uk\/?s={search_term_string}\"},\"query-input\":{\"@type\":\"PropertyValueSpecification\",\"valueRequired\":true,\"valueName\":\"search_term_string\"}}],\"inLanguage\":\"en-GB\"},{\"@type\":\"Organization\",\"@id\":\"https:\/\/matildoslituanistinemokykla.co.uk\/#organization\",\"name\":\"Matildoslituanistinemokykla\",\"url\":\"https:\/\/matildoslituanistinemokykla.co.uk\/\",\"logo\":{\"@type\":\"ImageObject\",\"inLanguage\":\"en-GB\",\"@id\":\"https:\/\/matildoslituanistinemokykla.co.uk\/#\/schema\/logo\/image\/\",\"url\":\"https:\/\/matildoslituanistinemokykla.co.uk\/wp-content\/uploads\/2023\/08\/Matildos-Lituanistine-mokykla_logo_final.png\",\"contentUrl\":\"https:\/\/matildoslituanistinemokykla.co.uk\/wp-content\/uploads\/2023\/08\/Matildos-Lituanistine-mokykla_logo_final.png\",\"width\":1203,\"height\":947,\"caption\":\"Matildoslituanistinemokykla\"},\"image\":{\"@id\":\"https:\/\/matildoslituanistinemokykla.co.uk\/#\/schema\/logo\/image\/\"}}]}<\/script>\n<!-- \/ Yoast SEO plugin. -->","yoast_head_json":{"title":"Matildos lituanistin\u0117s mokyklos d\u017eemperis","description":"Matildos lituanistin\u0117s mokyklos d\u017eemperis \u2013 Fruit of the Loom vaiki\u0161kas d\u017eemperis su gobtuvu i\u0161 80 % medviln\u0117s. Dyd\u017eiai 5\u201315 met\u0173.","robots":{"index":"index","follow":"follow","max-snippet":"max-snippet:-1","max-image-preview":"max-image-preview:large","max-video-preview":"max-video-preview:-1"},"canonical":"https:\/\/matildoslituanistinemokykla.co.uk\/en\/product\/matildos-lituanistines-mokyklos-dzemperis\/","og_locale":"en_GB","og_type":"article","og_title":"Matildos lituanistin\u0117s mokyklos d\u017eemperis","og_description":"Matildos lituanistin\u0117s mokyklos d\u017eemperis \u2013 Fruit of the Loom vaiki\u0161kas d\u017eemperis su gobtuvu i\u0161 80 % medviln\u0117s. Dyd\u017eiai 5\u201315 met\u0173.","og_url":"https:\/\/matildoslituanistinemokykla.co.uk\/en\/product\/matildos-lituanistines-mokyklos-dzemperis\/","og_site_name":"Matildoslituanistinemokykla","article_modified_time":"2026-03-05T12:00:20+00:00","og_image":[{"width":1440,"height":2560,"url":"https:\/\/matildoslituanistinemokykla.co.uk\/wp-content\/uploads\/2026\/03\/IMG_4251-scaled.jpg","type":"image\/jpeg"}],"twitter_card":"summary_large_image","twitter_misc":{"Estimated reading time":"3 minutes"},"schema":{"@context":"https:\/\/schema.org","@graph":[{"@type":"WebPage","@id":"https:\/\/matildoslituanistinemokykla.co.uk\/product\/matildos-lituanistines-mokyklos-dzemperis\/","url":"https:\/\/matildoslituanistinemokykla.co.uk\/product\/matildos-lituanistines-mokyklos-dzemperis\/","name":"Matildos lituanistin\u0117s mokyklos d\u017eemperis","isPartOf":{"@id":"https:\/\/matildoslituanistinemokykla.co.uk\/#website"},"primaryImageOfPage":{"@id":"https:\/\/matildoslituanistinemokykla.co.uk\/product\/matildos-lituanistines-mokyklos-dzemperis\/#primaryimage"},"image":{"@id":"https:\/\/matildoslituanistinemokykla.co.uk\/product\/matildos-lituanistines-mokyklos-dzemperis\/#primaryimage"},"thumbnailUrl":"https:\/\/matildoslituanistinemokykla.co.uk\/wp-content\/uploads\/2026\/03\/IMG_4251-scaled.jpg","datePublished":"2026-03-05T11:55:25+00:00","dateModified":"2026-03-05T12:00:20+00:00","description":"Matildos lituanistin\u0117s mokyklos d\u017eemperis \u2013 Fruit of the Loom vaiki\u0161kas d\u017eemperis su gobtuvu i\u0161 80 % medviln\u0117s. Dyd\u017eiai 5\u201315 met\u0173.","breadcrumb":{"@id":"https:\/\/matildoslituanistinemokykla.co.uk\/product\/matildos-lituanistines-mokyklos-dzemperis\/#breadcrumb"},"inLanguage":"en-GB","potentialAction":[{"@type":"ReadAction","target":["https:\/\/matildoslituanistinemokykla.co.uk\/product\/matildos-lituanistines-mokyklos-dzemperis\/"]}]},{"@type":"ImageObject","inLanguage":"en-GB","@id":"https:\/\/matildoslituanistinemokykla.co.uk\/product\/matildos-lituanistines-mokyklos-dzemperis\/#primaryimage","url":"https:\/\/matildoslituanistinemokykla.co.uk\/wp-content\/uploads\/2026\/03\/IMG_4251-scaled.jpg","contentUrl":"https:\/\/matildoslituanistinemokykla.co.uk\/wp-content\/uploads\/2026\/03\/IMG_4251-scaled.jpg","width":1440,"height":2560,"caption":"Matildos Lituanistin\u0117s Mokyklos D\u017eemperis - Fruit of the Loom Classic 80\/20 Vaiki\u0161kas D\u017eemperis su Gobtuvu"},{"@type":"BreadcrumbList","@id":"https:\/\/matildoslituanistinemokykla.co.uk\/product\/matildos-lituanistines-mokyklos-dzemperis\/#breadcrumb","itemListElement":[{"@type":"ListItem","position":1,"name":"Home","item":"https:\/\/matildoslituanistinemokykla.co.uk\/"},{"@type":"ListItem","position":2,"name":"Parduotuv\u0117","item":"https:\/\/matildoslituanistinemokykla.co.uk\/parduotuve\/"},{"@type":"ListItem","position":3,"name":"Matildos lituanistin\u0117s mokyklos d\u017eemperis \u2013 Fruit of the Loom"}]},{"@type":"WebSite","@id":"https:\/\/matildoslituanistinemokykla.co.uk\/#website","url":"https:\/\/matildoslituanistinemokykla.co.uk\/","name":"Matildoslituanistinemokykla","description":"","publisher":{"@id":"https:\/\/matildoslituanistinemokykla.co.uk\/#organization"},"potentialAction":[{"@type":"SearchAction","target":{"@type":"EntryPoint","urlTemplate":"https:\/\/matildoslituanistinemokykla.co.uk\/?s={search_term_string}"},"query-input":{"@type":"PropertyValueSpecification","valueRequired":true,"valueName":"search_term_string"}}],"inLanguage":"en-GB"},{"@type":"Organization","@id":"https:\/\/matildoslituanistinemokykla.co.uk\/#organization","name":"Matildoslituanistinemokykla","url":"https:\/\/matildoslituanistinemokykla.co.uk\/","logo":{"@type":"ImageObject","inLanguage":"en-GB","@id":"https:\/\/matildoslituanistinemokykla.co.uk\/#\/schema\/logo\/image\/","url":"https:\/\/matildoslituanistinemokykla.co.uk\/wp-content\/uploads\/2023\/08\/Matildos-Lituanistine-mokykla_logo_final.png","contentUrl":"https:\/\/matildoslituanistinemokykla.co.uk\/wp-content\/uploads\/2023\/08\/Matildos-Lituanistine-mokykla_logo_final.png","width":1203,"height":947,"caption":"Matildoslituanistinemokykla"},"image":{"@id":"https:\/\/matildoslituanistinemokykla.co.uk\/#\/schema\/logo\/image\/"}}]}},"_links":{"self":[{"href":"https:\/\/matildoslituanistinemokykla.co.uk\/en\/wp-json\/wp\/v2\/product\/991076","targetHints":{"allow":["GET"]}}],"collection":[{"href":"https:\/\/matildoslituanistinemokykla.co.uk\/en\/wp-json\/wp\/v2\/product"}],"about":[{"href":"https:\/\/matildoslituanistinemokykla.co.uk\/en\/wp-json\/wp\/v2\/types\/product"}],"replies":[{"embeddable":true,"href":"https:\/\/matildoslituanistinemokykla.co.uk\/en\/wp-json\/wp\/v2\/comments?post=991076"}],"wp:featuredmedia":[{"embeddable":true,"href":"https:\/\/matildoslituanistinemokykla.co.uk\/en\/wp-json\/wp\/v2\/media\/991077"}],"wp:attachment":[{"href":"https:\/\/matildoslituanistinemokykla.co.uk\/en\/wp-json\/wp\/v2\/media?parent=991076"}],"wp:term":[{"taxonomy":"product_brand","embeddable":true,"href":"https:\/\/matildoslituanistinemokykla.co.uk\/en\/wp-json\/wp\/v2\/product_brand?post=991076"},{"taxonomy":"product_cat","embeddable":true,"href":"https:\/\/matildoslituanistinemokykla.co.uk\/en\/wp-json\/wp\/v2\/product_cat?post=991076"},{"taxonomy":"product_tag","embeddable":true,"href":"https:\/\/matildoslituanistinemokykla.co.uk\/en\/wp-json\/wp\/v2\/product_tag?post=991076"}],"curies":[{"name":"wp","href":"https:\/\/api.w.org\/{rel}","templated":true}]}}